{"id":4543,"date":"2022-04-28T16:43:58","date_gmt":"2022-04-28T14:43:58","guid":{"rendered":"https:\/\/aiserimplants.com\/biosyn-d-behandlung\/"},"modified":"2024-01-30T10:42:04","modified_gmt":"2024-01-30T09:42:04","slug":"biosyn-d-behandlung","status":"publish","type":"page","link":"https:\/\/aiserimplants.com\/de\/biosyn-d-behandlung\/","title":{"rendered":"Biosyn-D-Behandlung"},"content":{"rendered":"<p>[et_pb_section fb_built=&#8220;1&#8243; fullwidth=&#8220;on&#8220; admin_label=&#8220;Hero Section&#8220; _builder_version=&#8220;4.16&#8243; background_color=&#8220;#000000&#8243; parallax=&#8220;on&#8220; custom_padding=&#8220;0px|0px|0px|0px&#8220; global_colors_info=&#8220;{}&#8220;][et_pb_fullwidth_header title=&#8220;Biosyn-D-Behandlung&#8220; subhead=&#8220;Die exklusive fortschrittliche Behandlung der AISER-Implantatoberfl\u00e4chen&#8220; admin_label=&#8220;Hero&#8220; _builder_version=&#8220;4.16&#8243; _module_preset=&#8220;5d2311d1-d0df-49c3-8a3a-d366a118df72&#8243; title_font_size=&#8220;4em&#8220; background_enable_color=&#8220;off&#8220; background_image=&#8220;https:\/\/aiserimplants.com\/wp-content\/uploads\/2022\/02\/travel-landscape-17.jpg&#8220; button_one_icon=&#8220;&#x24;||divi||400&#8243; button_one_icon_color=&#8220;#ffffff&#8220; button_one_text_color_hover=&#8220;#ffffff&#8220; button_one_border_color_hover=&#8220;#ffffff&#8220; button_one_border_radius_hover=&#8220;0px&#8220; button_one_letter_spacing_hover=&#8220;4px&#8220; button_one_bg_color_hover=&#8220;rgba(0,0,0,0)&#8220; global_colors_info=&#8220;{}&#8220; button_one_text_size__hover_enabled=&#8220;off&#8220; button_two_text_size__hover_enabled=&#8220;off&#8220; button_one_text_color__hover_enabled=&#8220;on&#8220; button_one_text_color__hover=&#8220;#ffffff&#8220; button_two_text_color__hover_enabled=&#8220;off&#8220; button_one_border_width__hover_enabled=&#8220;off&#8220; button_two_border_width__hover_enabled=&#8220;off&#8220; button_one_border_color__hover_enabled=&#8220;on&#8220; button_one_border_color__hover=&#8220;#ffffff&#8220; button_two_border_color__hover_enabled=&#8220;off&#8220; button_one_border_radius__hover_enabled=&#8220;on&#8220; button_one_border_radius__hover=&#8220;0px&#8220; button_two_border_radius__hover_enabled=&#8220;off&#8220; button_one_letter_spacing__hover_enabled=&#8220;on&#8220; button_one_letter_spacing__hover=&#8220;4px&#8220; button_two_letter_spacing__hover_enabled=&#8220;off&#8220; button_one_bg_color__hover_enabled=&#8220;on&#8220; button_one_bg_color__hover=&#8220;rgba(0,0,0,0)&#8220; button_two_bg_color__hover_enabled=&#8220;off&#8220;][\/et_pb_fullwidth_header][\/et_pb_section][et_pb_section fb_built=&#8220;1&#8243; _builder_version=&#8220;4.17.3&#8243; background_color=&#8220;#000000&#8243; custom_padding=&#8220;50px||0px||false|false&#8220; global_colors_info=&#8220;{}&#8220;][et_pb_row column_structure=&#8220;3_4,1_4&#8243; _builder_version=&#8220;4.23.4&#8243; _module_preset=&#8220;default&#8220; hover_enabled=&#8220;0&#8243; global_colors_info=&#8220;{}&#8220; custom_margin=&#8220;||100px||false|false&#8220; sticky_enabled=&#8220;0&#8243;][et_pb_column type=&#8220;3_4&#8243; _builder_version=&#8220;4.17.3&#8243; _module_preset=&#8220;default&#8220; global_colors_info=&#8220;{}&#8220;][et_pb_text _builder_version=&#8220;4.17.3&#8243; _module_preset=&#8220;default&#8220; text_line_height=&#8220;1.8em&#8220; text_orientation=&#8220;center&#8220; custom_padding=&#8220;|100px||100px|false|true&#8220; custom_padding_tablet=&#8220;|100px||100px|false|true&#8220; custom_padding_phone=&#8220;|0px||0px|false|true&#8220; custom_padding_last_edited=&#8220;on|phone&#8220; global_colors_info=&#8220;{}&#8220;]Laden Sie die Studie herunter, die in Zusammenarbeit mit der Biomaterialgruppe der Universit\u00e4tskliniken f\u00fcr Zahnmedizin in Genf, Schweiz, durchgef\u00fchrt wurde.[\/et_pb_text][et_pb_button button_url=&#8220;https:\/\/aiserimplants.com\/wp-content\/uploads\/2022\/06\/Surface-and-Biological-characterization-of-Aiser-Biosyn-D\u00ae.pdf&#8220; url_new_window=&#8220;on&#8220; button_text=&#8220;Jetzt herunterladen!&#8220; button_alignment=&#8220;center&#8220; _builder_version=&#8220;4.23.4&#8243; _module_preset=&#8220;d6309e21-bdc4-44a4-869e-39a631350022&#8243; global_colors_info=&#8220;{}&#8220;][\/et_pb_button][\/et_pb_column][et_pb_column type=&#8220;1_4&#8243; _builder_version=&#8220;4.17.3&#8243; _module_preset=&#8220;default&#8220; global_colors_info=&#8220;{}&#8220;][et_pb_image src=&#8220;https:\/\/aiserimplants.com\/wp-content\/uploads\/2023\/03\/Printable-document-template.png&#8220; title_text=&#8220;Printable document template&#8220; url=&#8220;https:\/\/aiserimplants.com\/wp-content\/uploads\/2022\/06\/Surface-and-Biological-characterization-of-Aiser-Biosyn-D\u00ae.pdf&#8220; url_new_window=&#8220;on&#8220; _builder_version=&#8220;4.23.4&#8243; _module_preset=&#8220;default&#8220; global_colors_info=&#8220;{}&#8220;][\/et_pb_image][\/et_pb_column][\/et_pb_row][et_pb_row _builder_version=&#8220;4.17.3&#8243; _module_preset=&#8220;default&#8220; global_colors_info=&#8220;{}&#8220;][et_pb_column type=&#8220;4_4&#8243; _builder_version=&#8220;4.17.3&#8243; _module_preset=&#8220;default&#8220; global_colors_info=&#8220;{}&#8220;][et_pb_text _builder_version=&#8220;4.17.3&#8243; _module_preset=&#8220;default&#8220; header_2_line_height=&#8220;2em&#8220; text_orientation=&#8220;center&#8220; global_colors_info=&#8220;{}&#8220;]Die AISER Biosyn-D Oberfl\u00e4che verk\u00fcrzt die Einheilzeit, die vor der Belastung eines Implantats ben\u00f6tigt wird.[\/et_pb_text][et_pb_text _builder_version=&#8220;4.17.3&#8243; _module_preset=&#8220;default&#8220; header_2_font=&#8220;|600|||||||&#8220; header_2_font_size=&#8220;1.3em&#8220; global_colors_info=&#8220;{}&#8220;]<\/p>\n<h2>Am 7. Tag: 64,5% Prozent mehr HOS-Zellen im Vergleich zur normalen SLA-Oberfl\u00e4che in Titan.<\/h2>\n<p>[\/et_pb_text][\/et_pb_column][\/et_pb_row][et_pb_row column_structure=&#8220;1_2,1_2&#8243; _builder_version=&#8220;4.16&#8243; global_colors_info=&#8220;{}&#8220;][et_pb_column type=&#8220;1_2&#8243; _builder_version=&#8220;4.16&#8243; custom_padding=&#8220;|||&#8220; global_colors_info=&#8220;{}&#8220; custom_padding__hover=&#8220;|||&#8220;][et_pb_text admin_label=&#8220;Discover Beatuty Sub Title&#8220; _builder_version=&#8220;4.16&#8243; text_font=&#8220;||||||||&#8220; text_font_size=&#8220;24px&#8220; text_line_height=&#8220;1.4em&#8220; animation_style=&#8220;slide&#8220; animation_direction=&#8220;top&#8220; animation_intensity_slide=&#8220;10%&#8220; global_colors_info=&#8220;{}&#8220;]<\/p>\n<p>Die Biosyn-D-Oberfl\u00e4chen sind hochgradig biokompatibel, osteoinduktiv und osteokonduktiv.<\/p>\n<p>[\/et_pb_text][et_pb_divider color=&#8220;#ed4441&#8243; divider_position=&#8220;center&#8220; divider_weight=&#8220;3px&#8220; disabled_on=&#8220;off|off|off&#8220; _builder_version=&#8220;4.16&#8243; max_width=&#8220;150px&#8220; height=&#8220;false&#8220; animation_style=&#8220;slide&#8220; animation_direction=&#8220;top&#8220; animation_delay=&#8220;100ms&#8220; animation_intensity_slide=&#8220;10%&#8220; global_colors_info=&#8220;{}&#8220;][\/et_pb_divider][et_pb_text admin_label=&#8220;Discover Beatuty Text&#8220; _builder_version=&#8220;4.16&#8243; text_font=&#8220;||||||||&#8220; text_font_size=&#8220;18px&#8220; text_line_height=&#8220;1.9em&#8220; custom_padding=&#8220;30px|0px|0px|||&#8220; animation_style=&#8220;slide&#8220; animation_direction=&#8220;top&#8220; animation_delay=&#8220;200ms&#8220; animation_intensity_slide=&#8220;10%&#8220; global_colors_info=&#8220;{}&#8220;]<\/p>\n<p>Die Behandlung garantiert stabile, stark oxidierte, hochhydrophile und nanopor\u00f6se Oberfl\u00e4chen.<\/p>\n<p>Die hohe Oberfl\u00e4chenrauhigkeit und das Design der Implantate erm\u00f6glichen eine <strong>ausgezeichnete Prim\u00e4rstabilit\u00e4t w\u00e4hrend der Insertion<\/strong>.<\/p>\n<p>Die bioaktiven Eigenschaften der Oberfl\u00e4che erm\u00f6glichen eine <strong>perfekte fr\u00fchzeitige Osseointegration<\/strong> und Sekund\u00e4rstabilit\u00e4t.<\/p>\n<p>[\/et_pb_text][\/et_pb_column][et_pb_column type=&#8220;1_2&#8243; _builder_version=&#8220;4.16&#8243; custom_padding=&#8220;|||&#8220; global_colors_info=&#8220;{}&#8220; custom_padding__hover=&#8220;|||&#8220;][et_pb_image src=&#8220;https:\/\/aiserimplants.com\/wp-content\/uploads\/2022\/02\/dettaglio-microscopio.jpg&#8220; alt=&#8220;Detail des Biosyn-D-Mikroskops&#8220; title_text=&#8220;Detail des Biosyn-D-Mikroskops&#8220; _builder_version=&#8220;4.16&#8243; _module_preset=&#8220;default&#8220; global_colors_info=&#8220;{}&#8220;][\/et_pb_image][\/et_pb_column][\/et_pb_row][\/et_pb_section]<\/p>\n","protected":false},"excerpt":{"rendered":"<p>Exklusive avantgardistische Biosyn D-Behandlung von AISER-Implantatoberfl\u00e4chen, die die Einheilzeit f\u00fcr die Belastung des Implantats verk\u00fcrzt&#8230;<\/p>\n","protected":false},"author":2,"featured_media":4394,"parent":0,"menu_order":0,"comment_status":"closed","ping_status":"closed","template":"","meta":{"_acf_changed":false,"_et_pb_use_builder":"on","_et_pb_old_content":"","_et_gb_content_width":"","footnotes":""},"class_list":["post-4543","page","type-page","status-publish","has-post-thumbnail","hentry"],"acf":[],"yoast_head":"<!-- This site is optimized with the Yoast SEO Premium plugin v25.2 (Yoast SEO v27.1) - https:\/\/yoast.com\/product\/yoast-seo-premium-wordpress\/ -->\n<title>Biosyn-D-Behandlung - Aiser Implants<\/title>\n<meta name=\"description\" content=\"Exklusive avantgardistische Biosyn D-Behandlung von AISER-Implantatoberfl\u00e4chen, die die Einheilzeit f\u00fcr die Belastung des Implantats verk\u00fcrzt...\" \/>\n<meta name=\"robots\" content=\"index, follow, max-snippet:-1, max-image-preview:large, max-video-preview:-1\" \/>\n<link rel=\"canonical\" href=\"https:\/\/aiserimplants.com\/de\/biosyn-d-behandlung\/\" \/>\n<meta property=\"og:locale\" content=\"de_DE\" \/>\n<meta property=\"og:type\" content=\"article\" \/>\n<meta property=\"og:title\" content=\"Biosyn D\" \/>\n<meta property=\"og:description\" content=\"Exklusive avantgardistische Biosyn D-Behandlung von AISER-Implantatoberfl\u00e4chen, die die Einheilzeit f\u00fcr die Belastung des Implantats verk\u00fcrzt...\" \/>\n<meta property=\"og:url\" content=\"https:\/\/aiserimplants.com\/de\/biosyn-d-behandlung\/\" \/>\n<meta property=\"og:site_name\" content=\"Aiser Implants\" \/>\n<meta property=\"article:modified_time\" content=\"2024-01-30T09:42:04+00:00\" \/>\n<meta property=\"og:image\" content=\"https:\/\/aiserimplants.com\/wp-content\/uploads\/2019\/07\/4-300x300.png\" \/>\n<meta name=\"twitter:card\" content=\"summary_large_image\" \/>\n<meta name=\"twitter:title\" content=\"Biosyn-D-Behandlung\" \/>\n<meta name=\"twitter:label1\" content=\"Gesch\u00e4tzte Lesezeit\" \/>\n\t<meta name=\"twitter:data1\" content=\"4\u00a0Minuten\" \/>\n<script type=\"application\/ld+json\" class=\"yoast-schema-graph\">{\"@context\":\"https:\/\/schema.org\",\"@graph\":[{\"@type\":\"WebPage\",\"@id\":\"https:\/\/aiserimplants.com\/de\/biosyn-d-behandlung\/\",\"url\":\"https:\/\/aiserimplants.com\/de\/biosyn-d-behandlung\/\",\"name\":\"Biosyn-D-Behandlung - Aiser Implants\",\"isPartOf\":{\"@id\":\"https:\/\/aiserimplants.com\/de\/#website\"},\"primaryImageOfPage\":{\"@id\":\"https:\/\/aiserimplants.com\/de\/biosyn-d-behandlung\/#primaryimage\"},\"image\":{\"@id\":\"https:\/\/aiserimplants.com\/de\/biosyn-d-behandlung\/#primaryimage\"},\"thumbnailUrl\":\"https:\/\/aiserimplants.com\/wp-content\/uploads\/2019\/07\/4.png\",\"datePublished\":\"2022-04-28T14:43:58+00:00\",\"dateModified\":\"2024-01-30T09:42:04+00:00\",\"description\":\"Exklusive avantgardistische Biosyn D-Behandlung von AISER-Implantatoberfl\u00e4chen, die die Einheilzeit f\u00fcr die Belastung des Implantats verk\u00fcrzt...\",\"breadcrumb\":{\"@id\":\"https:\/\/aiserimplants.com\/de\/biosyn-d-behandlung\/#breadcrumb\"},\"inLanguage\":\"de\",\"potentialAction\":[{\"@type\":\"ReadAction\",\"target\":[\"https:\/\/aiserimplants.com\/de\/biosyn-d-behandlung\/\"]}]},{\"@type\":\"ImageObject\",\"inLanguage\":\"de\",\"@id\":\"https:\/\/aiserimplants.com\/de\/biosyn-d-behandlung\/#primaryimage\",\"url\":\"https:\/\/aiserimplants.com\/wp-content\/uploads\/2019\/07\/4.png\",\"contentUrl\":\"https:\/\/aiserimplants.com\/wp-content\/uploads\/2019\/07\/4.png\",\"width\":500,\"height\":500},{\"@type\":\"BreadcrumbList\",\"@id\":\"https:\/\/aiserimplants.com\/de\/biosyn-d-behandlung\/#breadcrumb\",\"itemListElement\":[{\"@type\":\"ListItem\",\"position\":1,\"name\":\"Home\",\"item\":\"https:\/\/aiserimplants.com\/de\/home\/\"},{\"@type\":\"ListItem\",\"position\":2,\"name\":\"Biosyn-D-Behandlung\"}]},{\"@type\":\"WebSite\",\"@id\":\"https:\/\/aiserimplants.com\/de\/#website\",\"url\":\"https:\/\/aiserimplants.com\/de\/\",\"name\":\"Aiser Implants\",\"description\":\"Swiss Quality at its Peak\",\"publisher\":{\"@id\":\"https:\/\/aiserimplants.com\/de\/#organization\"},\"potentialAction\":[{\"@type\":\"SearchAction\",\"target\":{\"@type\":\"EntryPoint\",\"urlTemplate\":\"https:\/\/aiserimplants.com\/de\/?s={search_term_string}\"},\"query-input\":{\"@type\":\"PropertyValueSpecification\",\"valueRequired\":true,\"valueName\":\"search_term_string\"}}],\"inLanguage\":\"de\"},{\"@type\":[\"Organization\",\"Place\"],\"@id\":\"https:\/\/aiserimplants.com\/de\/#organization\",\"name\":\"Aiser\",\"url\":\"https:\/\/aiserimplants.com\/de\/\",\"logo\":{\"@id\":\"https:\/\/aiserimplants.com\/de\/biosyn-d-behandlung\/#local-main-organization-logo\"},\"image\":{\"@id\":\"https:\/\/aiserimplants.com\/de\/biosyn-d-behandlung\/#local-main-organization-logo\"},\"telephone\":[],\"openingHoursSpecification\":[{\"@type\":\"OpeningHoursSpecification\",\"dayOfWeek\":[\"Monday\",\"Tuesday\",\"Wednesday\",\"Thursday\",\"Friday\",\"Saturday\",\"Sunday\"],\"opens\":\"09:00\",\"closes\":\"17:00\"}]},{\"@type\":\"ImageObject\",\"inLanguage\":\"de\",\"@id\":\"https:\/\/aiserimplants.com\/de\/biosyn-d-behandlung\/#local-main-organization-logo\",\"url\":\"https:\/\/aiserimplants.com\/wp-content\/uploads\/2022\/02\/AISER_logo.jpg\",\"contentUrl\":\"https:\/\/aiserimplants.com\/wp-content\/uploads\/2022\/02\/AISER_logo.jpg\",\"width\":1806,\"height\":1082,\"caption\":\"Aiser\"}]}<\/script>\n<!-- \/ Yoast SEO Premium plugin. -->","yoast_head_json":{"title":"Biosyn-D-Behandlung - Aiser Implants","description":"Exklusive avantgardistische Biosyn D-Behandlung von AISER-Implantatoberfl\u00e4chen, die die Einheilzeit f\u00fcr die Belastung des Implantats verk\u00fcrzt...","robots":{"index":"index","follow":"follow","max-snippet":"max-snippet:-1","max-image-preview":"max-image-preview:large","max-video-preview":"max-video-preview:-1"},"canonical":"https:\/\/aiserimplants.com\/de\/biosyn-d-behandlung\/","og_locale":"de_DE","og_type":"article","og_title":"Biosyn D","og_description":"Exklusive avantgardistische Biosyn D-Behandlung von AISER-Implantatoberfl\u00e4chen, die die Einheilzeit f\u00fcr die Belastung des Implantats verk\u00fcrzt...","og_url":"https:\/\/aiserimplants.com\/de\/biosyn-d-behandlung\/","og_site_name":"Aiser Implants","article_modified_time":"2024-01-30T09:42:04+00:00","og_image":[{"url":"https:\/\/aiserimplants.com\/wp-content\/uploads\/2019\/07\/4-300x300.png","type":"","width":"","height":""}],"twitter_card":"summary_large_image","twitter_title":"Biosyn-D-Behandlung","twitter_misc":{"Gesch\u00e4tzte Lesezeit":"4\u00a0Minuten"},"schema":{"@context":"https:\/\/schema.org","@graph":[{"@type":"WebPage","@id":"https:\/\/aiserimplants.com\/de\/biosyn-d-behandlung\/","url":"https:\/\/aiserimplants.com\/de\/biosyn-d-behandlung\/","name":"Biosyn-D-Behandlung - Aiser Implants","isPartOf":{"@id":"https:\/\/aiserimplants.com\/de\/#website"},"primaryImageOfPage":{"@id":"https:\/\/aiserimplants.com\/de\/biosyn-d-behandlung\/#primaryimage"},"image":{"@id":"https:\/\/aiserimplants.com\/de\/biosyn-d-behandlung\/#primaryimage"},"thumbnailUrl":"https:\/\/aiserimplants.com\/wp-content\/uploads\/2019\/07\/4.png","datePublished":"2022-04-28T14:43:58+00:00","dateModified":"2024-01-30T09:42:04+00:00","description":"Exklusive avantgardistische Biosyn D-Behandlung von AISER-Implantatoberfl\u00e4chen, die die Einheilzeit f\u00fcr die Belastung des Implantats verk\u00fcrzt...","breadcrumb":{"@id":"https:\/\/aiserimplants.com\/de\/biosyn-d-behandlung\/#breadcrumb"},"inLanguage":"de","potentialAction":[{"@type":"ReadAction","target":["https:\/\/aiserimplants.com\/de\/biosyn-d-behandlung\/"]}]},{"@type":"ImageObject","inLanguage":"de","@id":"https:\/\/aiserimplants.com\/de\/biosyn-d-behandlung\/#primaryimage","url":"https:\/\/aiserimplants.com\/wp-content\/uploads\/2019\/07\/4.png","contentUrl":"https:\/\/aiserimplants.com\/wp-content\/uploads\/2019\/07\/4.png","width":500,"height":500},{"@type":"BreadcrumbList","@id":"https:\/\/aiserimplants.com\/de\/biosyn-d-behandlung\/#breadcrumb","itemListElement":[{"@type":"ListItem","position":1,"name":"Home","item":"https:\/\/aiserimplants.com\/de\/home\/"},{"@type":"ListItem","position":2,"name":"Biosyn-D-Behandlung"}]},{"@type":"WebSite","@id":"https:\/\/aiserimplants.com\/de\/#website","url":"https:\/\/aiserimplants.com\/de\/","name":"Aiser Implants","description":"Swiss Quality at its Peak","publisher":{"@id":"https:\/\/aiserimplants.com\/de\/#organization"},"potentialAction":[{"@type":"SearchAction","target":{"@type":"EntryPoint","urlTemplate":"https:\/\/aiserimplants.com\/de\/?s={search_term_string}"},"query-input":{"@type":"PropertyValueSpecification","valueRequired":true,"valueName":"search_term_string"}}],"inLanguage":"de"},{"@type":["Organization","Place"],"@id":"https:\/\/aiserimplants.com\/de\/#organization","name":"Aiser","url":"https:\/\/aiserimplants.com\/de\/","logo":{"@id":"https:\/\/aiserimplants.com\/de\/biosyn-d-behandlung\/#local-main-organization-logo"},"image":{"@id":"https:\/\/aiserimplants.com\/de\/biosyn-d-behandlung\/#local-main-organization-logo"},"telephone":[],"openingHoursSpecification":[{"@type":"OpeningHoursSpecification","dayOfWeek":["Monday","Tuesday","Wednesday","Thursday","Friday","Saturday","Sunday"],"opens":"09:00","closes":"17:00"}]},{"@type":"ImageObject","inLanguage":"de","@id":"https:\/\/aiserimplants.com\/de\/biosyn-d-behandlung\/#local-main-organization-logo","url":"https:\/\/aiserimplants.com\/wp-content\/uploads\/2022\/02\/AISER_logo.jpg","contentUrl":"https:\/\/aiserimplants.com\/wp-content\/uploads\/2022\/02\/AISER_logo.jpg","width":1806,"height":1082,"caption":"Aiser"}]}},"_links":{"self":[{"href":"https:\/\/aiserimplants.com\/de\/wp-json\/wp\/v2\/pages\/4543","targetHints":{"allow":["GET"]}}],"collection":[{"href":"https:\/\/aiserimplants.com\/de\/wp-json\/wp\/v2\/pages"}],"about":[{"href":"https:\/\/aiserimplants.com\/de\/wp-json\/wp\/v2\/types\/page"}],"author":[{"embeddable":true,"href":"https:\/\/aiserimplants.com\/de\/wp-json\/wp\/v2\/users\/2"}],"replies":[{"embeddable":true,"href":"https:\/\/aiserimplants.com\/de\/wp-json\/wp\/v2\/comments?post=4543"}],"version-history":[{"count":12,"href":"https:\/\/aiserimplants.com\/de\/wp-json\/wp\/v2\/pages\/4543\/revisions"}],"predecessor-version":[{"id":5721,"href":"https:\/\/aiserimplants.com\/de\/wp-json\/wp\/v2\/pages\/4543\/revisions\/5721"}],"wp:featuredmedia":[{"embeddable":true,"href":"https:\/\/aiserimplants.com\/de\/wp-json\/wp\/v2\/media\/4394"}],"wp:attachment":[{"href":"https:\/\/aiserimplants.com\/de\/wp-json\/wp\/v2\/media?parent=4543"}],"curies":[{"name":"wp","href":"https:\/\/api.w.org\/{rel}","templated":true}]}}