{"id":4546,"date":"2022-04-28T16:49:37","date_gmt":"2022-04-28T14:49:37","guid":{"rendered":"https:\/\/aiserimplants.com\/aiser-implantatsystem\/"},"modified":"2024-01-29T17:37:45","modified_gmt":"2024-01-29T16:37:45","slug":"aiser-implantatsystem","status":"publish","type":"page","link":"https:\/\/aiserimplants.com\/de\/produkte\/aiser-implantatsystem\/","title":{"rendered":"AISER Implantatsystem"},"content":{"rendered":"\n\n[et_pb_section fb_built=&#8220;1&#8243; fullwidth=&#8220;on&#8220; _builder_version=&#8220;4.14.7&#8243; _module_preset=&#8220;default&#8220; background_color=&#8220;#000000&#8243; global_colors_info=&#8220;{}&#8220;][et_pb_fullwidth_header title=&#8220;AISER Implantatsystem&#8220; subhead=&#8220;Hervorragende Leistungen in Bezug auf Festigkeit und Bioaktivit\u00e4t&#8220; header_fullscreen=&#8220;off&#8220; _builder_version=&#8220;4.14.9&#8243; _module_preset=&#8220;5d2311d1-d0df-49c3-8a3a-d366a118df72&#8243; background_image=&#8220;https:\/\/aiserimplants.com\/wp-content\/uploads\/2022\/04\/Aiser-Swiss.png&#8220; parallax=&#8220;off&#8220; global_colors_info=&#8220;{}&#8220;][\/et_pb_fullwidth_header][\/et_pb_section][et_pb_section fb_built=&#8220;1&#8243; _builder_version=&#8220;4.14.7&#8243; _module_preset=&#8220;fa16af20-4da1-42b8-87c8-dab7c09ce721&#8243; global_colors_info=&#8220;{}&#8220;][et_pb_row _builder_version=&#8220;4.14.7&#8243; _module_preset=&#8220;default&#8220; global_colors_info=&#8220;{}&#8220;][et_pb_column type=&#8220;4_4&#8243; _builder_version=&#8220;4.14.7&#8243; _module_preset=&#8220;default&#8220; global_colors_info=&#8220;{}&#8220;][et_pb_text _builder_version=&#8220;4.14.9&#8243; _module_preset=&#8220;ac6eaaff-bd72-4c1b-8d86-322f7edf5272&#8243; text_font=&#8220;Montserrat||||||||&#8220; text_font_size=&#8220;17px&#8220; background_layout=&#8220;dark&#8220; animation_style=&#8220;fade&#8220; hover_enabled=&#8220;0&#8243; global_colors_info=&#8220;{}&#8220; sticky_enabled=&#8220;0&#8243;]<h2><em>AISER Implantatsysteme werden ohne Kompromisse entwickelt.<\/em><\/h2>\n<p>Titan der Spitzenklasse f\u00fcr maximale <strong>mechanische Zuverl\u00e4ssigkeit<\/strong>.<\/p>\n<p>AISER Biosyn-D oxidative \u00c4tzbehandlung f\u00fcr <strong>erstaunliche Bioaktivit\u00e4tsleistungen<\/strong>.<\/p>\n<p>Zuverl\u00e4ssigkeit und Innovation, um <strong>den Spezialisten nur das Beste zu bieten<\/strong>.<\/p>\n<p>Die Implantatlinien, aus denen das AISER Implantatsystem besteht, <strong>sind so konzipiert, dass sie allen klinischen Anforderungen<\/strong> gerecht werden und vielseitige und zuverl\u00e4ssige Implantate bieten.<\/p>\n<p>Die Implantate sind in den Linien <strong>AISER Tytan<\/strong>, <strong>AISER Themys<\/strong> und <strong>AISER Ceos<\/strong> erh\u00e4ltlich.<\/p>[\/et_pb_text][\/et_pb_column][\/et_pb_row][et_pb_row column_structure=&#8220;1_3,1_3,1_3&#8243; _builder_version=&#8220;4.14.7&#8243; _module_preset=&#8220;default&#8220; global_colors_info=&#8220;{}&#8220;][et_pb_column type=&#8220;1_3&#8243; _builder_version=&#8220;4.14.7&#8243; _module_preset=&#8220;default&#8220; global_colors_info=&#8220;{}&#8220;][et_pb_image src=&#8220;https:\/\/aiserimplants.com\/wp-content\/uploads\/2021\/12\/Aiser_Tytan_300x600.jpg&#8220; alt=&#8220;AISER Tytan&#8220; title_text=&#8220;AISER Tytan&#8220; url=&#8220;@ET-DC@eyJkeW5hbWljIjp0cnVlLCJjb250ZW50IjoicG9zdF9saW5rX3VybF9wcm9kb3R0byIsInNldHRpbmdzIjp7InBvc3RfaWQiOiI1MDMifX0=@&#8220; admin_label=&#8220;Tytan&#8220; _builder_version=&#8220;4.14.9&#8243; _dynamic_attributes=&#8220;url&#8220; _module_preset=&#8220;fe957858-38b0-45b7-a6a9-0f2846127584&#8243; global_colors_info=&#8220;{}&#8220;][\/et_pb_image][\/et_pb_column][et_pb_column type=&#8220;1_3&#8243; _builder_version=&#8220;4.14.7&#8243; _module_preset=&#8220;default&#8220; global_colors_info=&#8220;{}&#8220;][et_pb_image src=&#8220;https:\/\/aiserimplants.com\/wp-content\/uploads\/2021\/12\/Aiser_Themys_400x600.jpg&#8220; alt=&#8220;AISER Themys&#8220; title_text=&#8220;AISER Themys&#8220; url=&#8220;@ET-DC@eyJkeW5hbWljIjp0cnVlLCJjb250ZW50IjoicG9zdF9saW5rX3VybF9wcm9kb3R0byIsInNldHRpbmdzIjp7InBvc3RfaWQiOiI1NTQifX0=@&#8220; admin_label=&#8220;Themys&#8220; _builder_version=&#8220;4.14.9&#8243; _dynamic_attributes=&#8220;url&#8220; _module_preset=&#8220;fe957858-38b0-45b7-a6a9-0f2846127584&#8243; global_colors_info=&#8220;{}&#8220;][\/et_pb_image][\/et_pb_column][et_pb_column type=&#8220;1_3&#8243; _builder_version=&#8220;4.14.7&#8243; _module_preset=&#8220;default&#8220; global_colors_info=&#8220;{}&#8220;][et_pb_image src=&#8220;https:\/\/aiserimplants.com\/wp-content\/uploads\/2022\/04\/Aiser_Ceos_400x600.jpg&#8220; alt=&#8220;AISER Ceos&#8220; title_text=&#8220;AISER Ceos&#8220; url=&#8220;@ET-DC@eyJkeW5hbWljIjp0cnVlLCJjb250ZW50IjoicG9zdF9saW5rX3VybF9wcm9kb3R0byIsInNldHRpbmdzIjp7InBvc3RfaWQiOiI1NTUifX0=@&#8220; admin_label=&#8220;Ceos&#8220; _builder_version=&#8220;4.14.9&#8243; _dynamic_attributes=&#8220;url&#8220; _module_preset=&#8220;fe957858-38b0-45b7-a6a9-0f2846127584&#8243; global_colors_info=&#8220;{}&#8220;][\/et_pb_image][\/et_pb_column][\/et_pb_row][\/et_pb_section]\n\n","protected":false},"excerpt":{"rendered":"<p>AISER Implantatsysteme werden ohne Kompromisse entwickelt. Titan der Spitzenklasse f\u00fcr maximale mechanische Zuverl\u00e4ssigkeit. AISER Biosyn-D oxidative \u00c4tzbehandlung f\u00fcr erstaunliche Bioaktivit\u00e4tsleistungen. Zuverl\u00e4ssigkeit und Innovation, um den Spezialisten nur das Beste zu bieten. Die Implantatlinien, aus denen das AISER Implantatsystem besteht, sind so konzipiert, dass sie allen klinischen Anforderungen gerecht werden und vielseitige und zuverl\u00e4ssige Implantate bieten. [&hellip;]<\/p>\n","protected":false},"author":1,"featured_media":0,"parent":4563,"menu_order":1,"comment_status":"closed","ping_status":"closed","template":"","meta":{"_acf_changed":false,"_et_pb_use_builder":"on","_et_pb_old_content":"","_et_gb_content_width":"","footnotes":""},"class_list":["post-4546","page","type-page","status-publish","hentry"],"acf":[],"yoast_head":"<!-- This site is optimized with the Yoast SEO Premium plugin v25.2 (Yoast SEO v27.4) - https:\/\/yoast.com\/product\/yoast-seo-premium-wordpress\/ -->\n<title>AISER Implantatsystem - Aiser Implants<\/title>\n<meta name=\"description\" content=\"Die Zahnimplantate der Aiser Implant System Linie sind darauf ausgelegt, keine Kompromisse einzugehen. Widerstand und erstaunliche Leistung ...\" \/>\n<meta name=\"robots\" content=\"index, follow, max-snippet:-1, max-image-preview:large, max-video-preview:-1\" \/>\n<link rel=\"canonical\" href=\"https:\/\/aiserimplants.com\/de\/produkte\/aiser-implantatsystem\/\" \/>\n<meta property=\"og:locale\" content=\"de_DE\" \/>\n<meta property=\"og:type\" content=\"article\" \/>\n<meta property=\"og:title\" content=\"Zahnimplantate aus der Linie Aiser Implant System\" \/>\n<meta property=\"og:description\" content=\"Die Zahnimplantate der Aiser Implant System Linie sind darauf ausgelegt, keine Kompromisse einzugehen. Widerstand und erstaunliche Leistung ...\" \/>\n<meta property=\"og:url\" content=\"https:\/\/aiserimplants.com\/de\/produkte\/aiser-implantatsystem\/\" \/>\n<meta property=\"og:site_name\" content=\"Aiser Implants\" \/>\n<meta property=\"article:modified_time\" content=\"2024-01-29T16:37:45+00:00\" \/>\n<meta property=\"og:image\" content=\"https:\/\/aiserimplants.com\/wp-content\/uploads\/2022\/02\/AISER_logo-1024x613.jpg\" \/>\n<meta name=\"twitter:card\" content=\"summary_large_image\" \/>\n<meta name=\"twitter:title\" content=\"AISER Implantatsystem\" \/>\n<meta name=\"twitter:label1\" content=\"Gesch\u00e4tzte Lesezeit\" \/>\n\t<meta name=\"twitter:data1\" content=\"2\u00a0Minuten\" \/>\n<script type=\"application\/ld+json\" class=\"yoast-schema-graph\">{\"@context\":\"https:\\\/\\\/schema.org\",\"@graph\":[{\"@type\":\"WebPage\",\"@id\":\"https:\\\/\\\/aiserimplants.com\\\/de\\\/produkte\\\/aiser-implantatsystem\\\/\",\"url\":\"https:\\\/\\\/aiserimplants.com\\\/de\\\/produkte\\\/aiser-implantatsystem\\\/\",\"name\":\"AISER Implantatsystem - Aiser Implants\",\"isPartOf\":{\"@id\":\"https:\\\/\\\/aiserimplants.com\\\/de\\\/#website\"},\"datePublished\":\"2022-04-28T14:49:37+00:00\",\"dateModified\":\"2024-01-29T16:37:45+00:00\",\"description\":\"Die Zahnimplantate der Aiser Implant System Linie sind darauf ausgelegt, keine Kompromisse einzugehen. Widerstand und erstaunliche Leistung ...\",\"breadcrumb\":{\"@id\":\"https:\\\/\\\/aiserimplants.com\\\/de\\\/produkte\\\/aiser-implantatsystem\\\/#breadcrumb\"},\"inLanguage\":\"de\",\"potentialAction\":[{\"@type\":\"ReadAction\",\"target\":[\"https:\\\/\\\/aiserimplants.com\\\/de\\\/produkte\\\/aiser-implantatsystem\\\/\"]}]},{\"@type\":\"BreadcrumbList\",\"@id\":\"https:\\\/\\\/aiserimplants.com\\\/de\\\/produkte\\\/aiser-implantatsystem\\\/#breadcrumb\",\"itemListElement\":[{\"@type\":\"ListItem\",\"position\":1,\"name\":\"Home\",\"item\":\"https:\\\/\\\/aiserimplants.com\\\/de\\\/home\\\/\"},{\"@type\":\"ListItem\",\"position\":2,\"name\":\"Produkte\",\"item\":\"https:\\\/\\\/aiserimplants.com\\\/de\\\/produkte\\\/\"},{\"@type\":\"ListItem\",\"position\":3,\"name\":\"AISER Implantatsystem\"}]},{\"@type\":\"WebSite\",\"@id\":\"https:\\\/\\\/aiserimplants.com\\\/de\\\/#website\",\"url\":\"https:\\\/\\\/aiserimplants.com\\\/de\\\/\",\"name\":\"Aiser Implants\",\"description\":\"Swiss Quality at its Peak\",\"publisher\":{\"@id\":\"https:\\\/\\\/aiserimplants.com\\\/de\\\/#organization\"},\"potentialAction\":[{\"@type\":\"SearchAction\",\"target\":{\"@type\":\"EntryPoint\",\"urlTemplate\":\"https:\\\/\\\/aiserimplants.com\\\/de\\\/?s={search_term_string}\"},\"query-input\":{\"@type\":\"PropertyValueSpecification\",\"valueRequired\":true,\"valueName\":\"search_term_string\"}}],\"inLanguage\":\"de\"},{\"@type\":[\"Organization\",\"Place\"],\"@id\":\"https:\\\/\\\/aiserimplants.com\\\/de\\\/#organization\",\"name\":\"Aiser\",\"url\":\"https:\\\/\\\/aiserimplants.com\\\/de\\\/\",\"logo\":{\"@id\":\"https:\\\/\\\/aiserimplants.com\\\/de\\\/produkte\\\/aiser-implantatsystem\\\/#local-main-organization-logo\"},\"image\":{\"@id\":\"https:\\\/\\\/aiserimplants.com\\\/de\\\/produkte\\\/aiser-implantatsystem\\\/#local-main-organization-logo\"},\"telephone\":[],\"openingHoursSpecification\":[{\"@type\":\"OpeningHoursSpecification\",\"dayOfWeek\":[\"Monday\",\"Tuesday\",\"Wednesday\",\"Thursday\",\"Friday\",\"Saturday\",\"Sunday\"],\"opens\":\"09:00\",\"closes\":\"17:00\"}]},{\"@type\":\"ImageObject\",\"inLanguage\":\"de\",\"@id\":\"https:\\\/\\\/aiserimplants.com\\\/de\\\/produkte\\\/aiser-implantatsystem\\\/#local-main-organization-logo\",\"url\":\"https:\\\/\\\/aiserimplants.com\\\/wp-content\\\/uploads\\\/2022\\\/02\\\/AISER_logo.jpg\",\"contentUrl\":\"https:\\\/\\\/aiserimplants.com\\\/wp-content\\\/uploads\\\/2022\\\/02\\\/AISER_logo.jpg\",\"width\":1806,\"height\":1082,\"caption\":\"Aiser\"}]}<\/script>\n<!-- \/ Yoast SEO Premium plugin. -->","yoast_head_json":{"title":"AISER Implantatsystem - Aiser Implants","description":"Die Zahnimplantate der Aiser Implant System Linie sind darauf ausgelegt, keine Kompromisse einzugehen. Widerstand und erstaunliche Leistung ...","robots":{"index":"index","follow":"follow","max-snippet":"max-snippet:-1","max-image-preview":"max-image-preview:large","max-video-preview":"max-video-preview:-1"},"canonical":"https:\/\/aiserimplants.com\/de\/produkte\/aiser-implantatsystem\/","og_locale":"de_DE","og_type":"article","og_title":"Zahnimplantate aus der Linie Aiser Implant System","og_description":"Die Zahnimplantate der Aiser Implant System Linie sind darauf ausgelegt, keine Kompromisse einzugehen. Widerstand und erstaunliche Leistung ...","og_url":"https:\/\/aiserimplants.com\/de\/produkte\/aiser-implantatsystem\/","og_site_name":"Aiser Implants","article_modified_time":"2024-01-29T16:37:45+00:00","og_image":[{"url":"https:\/\/aiserimplants.com\/wp-content\/uploads\/2022\/02\/AISER_logo-1024x613.jpg","type":"","width":"","height":""}],"twitter_card":"summary_large_image","twitter_title":"AISER Implantatsystem","twitter_misc":{"Gesch\u00e4tzte Lesezeit":"2\u00a0Minuten"},"schema":{"@context":"https:\/\/schema.org","@graph":[{"@type":"WebPage","@id":"https:\/\/aiserimplants.com\/de\/produkte\/aiser-implantatsystem\/","url":"https:\/\/aiserimplants.com\/de\/produkte\/aiser-implantatsystem\/","name":"AISER Implantatsystem - Aiser Implants","isPartOf":{"@id":"https:\/\/aiserimplants.com\/de\/#website"},"datePublished":"2022-04-28T14:49:37+00:00","dateModified":"2024-01-29T16:37:45+00:00","description":"Die Zahnimplantate der Aiser Implant System Linie sind darauf ausgelegt, keine Kompromisse einzugehen. Widerstand und erstaunliche Leistung ...","breadcrumb":{"@id":"https:\/\/aiserimplants.com\/de\/produkte\/aiser-implantatsystem\/#breadcrumb"},"inLanguage":"de","potentialAction":[{"@type":"ReadAction","target":["https:\/\/aiserimplants.com\/de\/produkte\/aiser-implantatsystem\/"]}]},{"@type":"BreadcrumbList","@id":"https:\/\/aiserimplants.com\/de\/produkte\/aiser-implantatsystem\/#breadcrumb","itemListElement":[{"@type":"ListItem","position":1,"name":"Home","item":"https:\/\/aiserimplants.com\/de\/home\/"},{"@type":"ListItem","position":2,"name":"Produkte","item":"https:\/\/aiserimplants.com\/de\/produkte\/"},{"@type":"ListItem","position":3,"name":"AISER Implantatsystem"}]},{"@type":"WebSite","@id":"https:\/\/aiserimplants.com\/de\/#website","url":"https:\/\/aiserimplants.com\/de\/","name":"Aiser Implants","description":"Swiss Quality at its Peak","publisher":{"@id":"https:\/\/aiserimplants.com\/de\/#organization"},"potentialAction":[{"@type":"SearchAction","target":{"@type":"EntryPoint","urlTemplate":"https:\/\/aiserimplants.com\/de\/?s={search_term_string}"},"query-input":{"@type":"PropertyValueSpecification","valueRequired":true,"valueName":"search_term_string"}}],"inLanguage":"de"},{"@type":["Organization","Place"],"@id":"https:\/\/aiserimplants.com\/de\/#organization","name":"Aiser","url":"https:\/\/aiserimplants.com\/de\/","logo":{"@id":"https:\/\/aiserimplants.com\/de\/produkte\/aiser-implantatsystem\/#local-main-organization-logo"},"image":{"@id":"https:\/\/aiserimplants.com\/de\/produkte\/aiser-implantatsystem\/#local-main-organization-logo"},"telephone":[],"openingHoursSpecification":[{"@type":"OpeningHoursSpecification","dayOfWeek":["Monday","Tuesday","Wednesday","Thursday","Friday","Saturday","Sunday"],"opens":"09:00","closes":"17:00"}]},{"@type":"ImageObject","inLanguage":"de","@id":"https:\/\/aiserimplants.com\/de\/produkte\/aiser-implantatsystem\/#local-main-organization-logo","url":"https:\/\/aiserimplants.com\/wp-content\/uploads\/2022\/02\/AISER_logo.jpg","contentUrl":"https:\/\/aiserimplants.com\/wp-content\/uploads\/2022\/02\/AISER_logo.jpg","width":1806,"height":1082,"caption":"Aiser"}]}},"_links":{"self":[{"href":"https:\/\/aiserimplants.com\/de\/wp-json\/wp\/v2\/pages\/4546","targetHints":{"allow":["GET"]}}],"collection":[{"href":"https:\/\/aiserimplants.com\/de\/wp-json\/wp\/v2\/pages"}],"about":[{"href":"https:\/\/aiserimplants.com\/de\/wp-json\/wp\/v2\/types\/page"}],"author":[{"embeddable":true,"href":"https:\/\/aiserimplants.com\/de\/wp-json\/wp\/v2\/users\/1"}],"replies":[{"embeddable":true,"href":"https:\/\/aiserimplants.com\/de\/wp-json\/wp\/v2\/comments?post=4546"}],"version-history":[{"count":1,"href":"https:\/\/aiserimplants.com\/de\/wp-json\/wp\/v2\/pages\/4546\/revisions"}],"predecessor-version":[{"id":4547,"href":"https:\/\/aiserimplants.com\/de\/wp-json\/wp\/v2\/pages\/4546\/revisions\/4547"}],"up":[{"embeddable":true,"href":"https:\/\/aiserimplants.com\/de\/wp-json\/wp\/v2\/pages\/4563"}],"wp:attachment":[{"href":"https:\/\/aiserimplants.com\/de\/wp-json\/wp\/v2\/media?parent=4546"}],"curies":[{"name":"wp","href":"https:\/\/api.w.org\/{rel}","templated":true}]}}