{"id":4557,"date":"2022-04-29T15:58:50","date_gmt":"2022-04-29T13:58:50","guid":{"rendered":"https:\/\/aiserimplants.com\/lebenslange-garantie\/"},"modified":"2022-04-29T15:58:50","modified_gmt":"2022-04-29T13:58:50","slug":"lebenslange-garantie","status":"publish","type":"page","link":"https:\/\/aiserimplants.com\/de\/lebenslange-garantie\/","title":{"rendered":"Lebenslange Garantie"},"content":{"rendered":"<p>[et_pb_section fb_built=&#8220;1&#8243; fullwidth=&#8220;on&#8220; _builder_version=&#8220;4.14.7&#8243; _module_preset=&#8220;default&#8220; background_color=&#8220;#000000&#8243; global_colors_info=&#8220;{}&#8220;][et_pb_fullwidth_header title=&#8220;Unique Traceability Document&#8220; subhead=&#8220;R\u00fcckverfolgung der gesamten Produktionskette bis zum Endkunden&#8220; _builder_version=&#8220;4.14.7&#8243; _module_preset=&#8220;5d2311d1-d0df-49c3-8a3a-d366a118df72&#8243; background_enable_color=&#8220;off&#8220; background_image=&#8220;https:\/\/aiserimplants.com\/wp-content\/uploads\/2022\/02\/travel-landscape-01.jpg&#8220; global_colors_info=&#8220;{}&#8220;][\/et_pb_fullwidth_header][\/et_pb_section][et_pb_section fb_built=&#8220;1&#8243; _builder_version=&#8220;4.14.9&#8243; _module_preset=&#8220;default&#8220; background_color=&#8220;#000000&#8243; custom_padding=&#8220;0px||0px|||&#8220; global_colors_info=&#8220;{}&#8220;][\/et_pb_section][et_pb_section fb_built=&#8220;1&#8243; _builder_version=&#8220;4.14.7&#8243; _module_preset=&#8220;fa16af20-4da1-42b8-87c8-dab7c09ce721&#8243; global_colors_info=&#8220;{}&#8220;][et_pb_row _builder_version=&#8220;4.14.7&#8243; _module_preset=&#8220;default&#8220; global_colors_info=&#8220;{}&#8220;][et_pb_column type=&#8220;4_4&#8243; _builder_version=&#8220;4.14.7&#8243; _module_preset=&#8220;default&#8220; global_colors_info=&#8220;{}&#8220;][et_pb_text _builder_version=&#8220;4.14.9&#8243; _module_preset=&#8220;ac6eaaff-bd72-4c1b-8d86-322f7edf5272&#8243; background_layout=&#8220;dark&#8220; global_colors_info=&#8220;{}&#8220;]<\/p>\n<h3>Auf alle AISER-Produkte <span style=\"color: #0c71c3;\"><strong>wird eine lebenslange Garantie zur Deckung jeglicher Herstellungsfehler gew\u00e4hrt.<\/strong><\/span><\/h3>\n<p>&nbsp;<\/p>\n<p style=\"text-align: center;\">Mit dem UTD (Unique Traceability Document) <strong>sind wir in der Lage, jeden einzelnen Produktionsschritt<\/strong> und den Transport des Produkts bis hin zum Endkunden r\u00fcckzuverfolgen.<\/p>\n<p><strong><\/strong><\/p>\n<p style=\"text-align: center;\"><strong>Die Qualit\u00e4tskontrollen, die wir bei unseren Produkten durchf\u00fchren, geh\u00f6ren zu den strengsten in der Branche<\/strong>. Sie reichen von Ma\u00dfkontrollen mit Laserger\u00e4ten bis hin zu chemischen und topografischen Untersuchungen unter Anwendung der SEM\/EDS-Technologie.<\/p>\n<p><span style=\"font-weight: 400;\"><\/span><\/p>\n<p style=\"text-align: center;\"><span style=\"font-weight: 400;\">Vollst\u00e4ndige R\u00fcckverfolgbarkeit und systematische Qualit\u00e4tskontrollen sind die Gr\u00fcnde, warum <strong>AISER eine LEBENSLANGE Garantie<\/strong> auf alle seine Produkte gew\u00e4hrt.<\/span><\/p>\n<p>[\/et_pb_text][\/et_pb_column][\/et_pb_row][\/et_pb_section][et_pb_section fb_built=&#8220;1&#8243; _builder_version=&#8220;4.14.9&#8243; _module_preset=&#8220;default&#8220; background_color=&#8220;#000000&#8243; global_colors_info=&#8220;{}&#8220;][\/et_pb_section]<\/p>\n","protected":false},"excerpt":{"rendered":"<p>Auf alle AISER-Produkte wird eine lebenslange Garantie zur Deckung jeglicher Herstellungsfehler gew\u00e4hrt. &nbsp; Mit dem UTD (Unique Traceability Document) sind wir in der Lage, jeden einzelnen Produktionsschritt und den Transport des Produkts bis hin zum Endkunden r\u00fcckzuverfolgen. Die Qualit\u00e4tskontrollen, die wir bei unseren Produkten durchf\u00fchren, geh\u00f6ren zu den strengsten in der Branche. Sie reichen von [&hellip;]<\/p>\n","protected":false},"author":2,"featured_media":0,"parent":0,"menu_order":0,"comment_status":"closed","ping_status":"closed","template":"","meta":{"_acf_changed":false,"_et_pb_use_builder":"on","_et_pb_old_content":"","_et_gb_content_width":"","footnotes":""},"class_list":["post-4557","page","type-page","status-publish","hentry"],"acf":[],"yoast_head":"<!-- This site is optimized with the Yoast SEO Premium plugin v25.2 (Yoast SEO v27.1) - https:\/\/yoast.com\/product\/yoast-seo-premium-wordpress\/ -->\n<title>Lebenslange Garantie - Aiser Implants<\/title>\n<meta name=\"robots\" content=\"index, follow, max-snippet:-1, max-image-preview:large, max-video-preview:-1\" \/>\n<link rel=\"canonical\" href=\"https:\/\/aiserimplants.com\/de\/lebenslange-garantie\/\" \/>\n<meta property=\"og:locale\" content=\"de_DE\" \/>\n<meta property=\"og:type\" content=\"article\" \/>\n<meta property=\"og:title\" content=\"Lebenslange Garantie\" \/>\n<meta property=\"og:description\" content=\"Auf alle AISER-Produkte wird eine lebenslange Garantie zur Deckung jeglicher Herstellungsfehler gew\u00e4hrt. &nbsp; Mit dem UTD (Unique Traceability Document) sind wir in der Lage, jeden einzelnen Produktionsschritt und den Transport des Produkts bis hin zum Endkunden r\u00fcckzuverfolgen. Die Qualit\u00e4tskontrollen, die wir bei unseren Produkten durchf\u00fchren, geh\u00f6ren zu den strengsten in der Branche. Sie reichen von [&hellip;]\" \/>\n<meta property=\"og:url\" content=\"https:\/\/aiserimplants.com\/de\/lebenslange-garantie\/\" \/>\n<meta property=\"og:site_name\" content=\"Aiser Implants\" \/>\n<meta name=\"twitter:card\" content=\"summary_large_image\" \/>\n<meta name=\"twitter:label1\" content=\"Gesch\u00e4tzte Lesezeit\" \/>\n\t<meta name=\"twitter:data1\" content=\"1\u00a0Minute\" \/>\n<script type=\"application\/ld+json\" class=\"yoast-schema-graph\">{\"@context\":\"https:\/\/schema.org\",\"@graph\":[{\"@type\":\"WebPage\",\"@id\":\"https:\/\/aiserimplants.com\/de\/lebenslange-garantie\/\",\"url\":\"https:\/\/aiserimplants.com\/de\/lebenslange-garantie\/\",\"name\":\"Lebenslange Garantie - Aiser Implants\",\"isPartOf\":{\"@id\":\"https:\/\/aiserimplants.com\/de\/#website\"},\"datePublished\":\"2022-04-29T13:58:50+00:00\",\"breadcrumb\":{\"@id\":\"https:\/\/aiserimplants.com\/de\/lebenslange-garantie\/#breadcrumb\"},\"inLanguage\":\"de\",\"potentialAction\":[{\"@type\":\"ReadAction\",\"target\":[\"https:\/\/aiserimplants.com\/de\/lebenslange-garantie\/\"]}]},{\"@type\":\"BreadcrumbList\",\"@id\":\"https:\/\/aiserimplants.com\/de\/lebenslange-garantie\/#breadcrumb\",\"itemListElement\":[{\"@type\":\"ListItem\",\"position\":1,\"name\":\"Home\",\"item\":\"https:\/\/aiserimplants.com\/de\/home\/\"},{\"@type\":\"ListItem\",\"position\":2,\"name\":\"Lebenslange Garantie\"}]},{\"@type\":\"WebSite\",\"@id\":\"https:\/\/aiserimplants.com\/de\/#website\",\"url\":\"https:\/\/aiserimplants.com\/de\/\",\"name\":\"Aiser Implants\",\"description\":\"Swiss Quality at its Peak\",\"publisher\":{\"@id\":\"https:\/\/aiserimplants.com\/de\/#organization\"},\"potentialAction\":[{\"@type\":\"SearchAction\",\"target\":{\"@type\":\"EntryPoint\",\"urlTemplate\":\"https:\/\/aiserimplants.com\/de\/?s={search_term_string}\"},\"query-input\":{\"@type\":\"PropertyValueSpecification\",\"valueRequired\":true,\"valueName\":\"search_term_string\"}}],\"inLanguage\":\"de\"},{\"@type\":[\"Organization\",\"Place\"],\"@id\":\"https:\/\/aiserimplants.com\/de\/#organization\",\"name\":\"Aiser\",\"url\":\"https:\/\/aiserimplants.com\/de\/\",\"logo\":{\"@id\":\"https:\/\/aiserimplants.com\/de\/lebenslange-garantie\/#local-main-organization-logo\"},\"image\":{\"@id\":\"https:\/\/aiserimplants.com\/de\/lebenslange-garantie\/#local-main-organization-logo\"},\"telephone\":[],\"openingHoursSpecification\":[{\"@type\":\"OpeningHoursSpecification\",\"dayOfWeek\":[\"Monday\",\"Tuesday\",\"Wednesday\",\"Thursday\",\"Friday\",\"Saturday\",\"Sunday\"],\"opens\":\"09:00\",\"closes\":\"17:00\"}]},{\"@type\":\"ImageObject\",\"inLanguage\":\"de\",\"@id\":\"https:\/\/aiserimplants.com\/de\/lebenslange-garantie\/#local-main-organization-logo\",\"url\":\"https:\/\/aiserimplants.com\/wp-content\/uploads\/2022\/02\/AISER_logo.jpg\",\"contentUrl\":\"https:\/\/aiserimplants.com\/wp-content\/uploads\/2022\/02\/AISER_logo.jpg\",\"width\":1806,\"height\":1082,\"caption\":\"Aiser\"}]}<\/script>\n<!-- \/ Yoast SEO Premium plugin. -->","yoast_head_json":{"title":"Lebenslange Garantie - Aiser Implants","robots":{"index":"index","follow":"follow","max-snippet":"max-snippet:-1","max-image-preview":"max-image-preview:large","max-video-preview":"max-video-preview:-1"},"canonical":"https:\/\/aiserimplants.com\/de\/lebenslange-garantie\/","og_locale":"de_DE","og_type":"article","og_title":"Lebenslange Garantie","og_description":"Auf alle AISER-Produkte wird eine lebenslange Garantie zur Deckung jeglicher Herstellungsfehler gew\u00e4hrt. &nbsp; Mit dem UTD (Unique Traceability Document) sind wir in der Lage, jeden einzelnen Produktionsschritt und den Transport des Produkts bis hin zum Endkunden r\u00fcckzuverfolgen. Die Qualit\u00e4tskontrollen, die wir bei unseren Produkten durchf\u00fchren, geh\u00f6ren zu den strengsten in der Branche. Sie reichen von [&hellip;]","og_url":"https:\/\/aiserimplants.com\/de\/lebenslange-garantie\/","og_site_name":"Aiser Implants","twitter_card":"summary_large_image","twitter_misc":{"Gesch\u00e4tzte Lesezeit":"1\u00a0Minute"},"schema":{"@context":"https:\/\/schema.org","@graph":[{"@type":"WebPage","@id":"https:\/\/aiserimplants.com\/de\/lebenslange-garantie\/","url":"https:\/\/aiserimplants.com\/de\/lebenslange-garantie\/","name":"Lebenslange Garantie - Aiser Implants","isPartOf":{"@id":"https:\/\/aiserimplants.com\/de\/#website"},"datePublished":"2022-04-29T13:58:50+00:00","breadcrumb":{"@id":"https:\/\/aiserimplants.com\/de\/lebenslange-garantie\/#breadcrumb"},"inLanguage":"de","potentialAction":[{"@type":"ReadAction","target":["https:\/\/aiserimplants.com\/de\/lebenslange-garantie\/"]}]},{"@type":"BreadcrumbList","@id":"https:\/\/aiserimplants.com\/de\/lebenslange-garantie\/#breadcrumb","itemListElement":[{"@type":"ListItem","position":1,"name":"Home","item":"https:\/\/aiserimplants.com\/de\/home\/"},{"@type":"ListItem","position":2,"name":"Lebenslange Garantie"}]},{"@type":"WebSite","@id":"https:\/\/aiserimplants.com\/de\/#website","url":"https:\/\/aiserimplants.com\/de\/","name":"Aiser Implants","description":"Swiss Quality at its Peak","publisher":{"@id":"https:\/\/aiserimplants.com\/de\/#organization"},"potentialAction":[{"@type":"SearchAction","target":{"@type":"EntryPoint","urlTemplate":"https:\/\/aiserimplants.com\/de\/?s={search_term_string}"},"query-input":{"@type":"PropertyValueSpecification","valueRequired":true,"valueName":"search_term_string"}}],"inLanguage":"de"},{"@type":["Organization","Place"],"@id":"https:\/\/aiserimplants.com\/de\/#organization","name":"Aiser","url":"https:\/\/aiserimplants.com\/de\/","logo":{"@id":"https:\/\/aiserimplants.com\/de\/lebenslange-garantie\/#local-main-organization-logo"},"image":{"@id":"https:\/\/aiserimplants.com\/de\/lebenslange-garantie\/#local-main-organization-logo"},"telephone":[],"openingHoursSpecification":[{"@type":"OpeningHoursSpecification","dayOfWeek":["Monday","Tuesday","Wednesday","Thursday","Friday","Saturday","Sunday"],"opens":"09:00","closes":"17:00"}]},{"@type":"ImageObject","inLanguage":"de","@id":"https:\/\/aiserimplants.com\/de\/lebenslange-garantie\/#local-main-organization-logo","url":"https:\/\/aiserimplants.com\/wp-content\/uploads\/2022\/02\/AISER_logo.jpg","contentUrl":"https:\/\/aiserimplants.com\/wp-content\/uploads\/2022\/02\/AISER_logo.jpg","width":1806,"height":1082,"caption":"Aiser"}]}},"_links":{"self":[{"href":"https:\/\/aiserimplants.com\/de\/wp-json\/wp\/v2\/pages\/4557","targetHints":{"allow":["GET"]}}],"collection":[{"href":"https:\/\/aiserimplants.com\/de\/wp-json\/wp\/v2\/pages"}],"about":[{"href":"https:\/\/aiserimplants.com\/de\/wp-json\/wp\/v2\/types\/page"}],"author":[{"embeddable":true,"href":"https:\/\/aiserimplants.com\/de\/wp-json\/wp\/v2\/users\/2"}],"replies":[{"embeddable":true,"href":"https:\/\/aiserimplants.com\/de\/wp-json\/wp\/v2\/comments?post=4557"}],"version-history":[{"count":2,"href":"https:\/\/aiserimplants.com\/de\/wp-json\/wp\/v2\/pages\/4557\/revisions"}],"predecessor-version":[{"id":4559,"href":"https:\/\/aiserimplants.com\/de\/wp-json\/wp\/v2\/pages\/4557\/revisions\/4559"}],"wp:attachment":[{"href":"https:\/\/aiserimplants.com\/de\/wp-json\/wp\/v2\/media?parent=4557"}],"curies":[{"name":"wp","href":"https:\/\/api.w.org\/{rel}","templated":true}]}}