{"id":4560,"date":"2022-04-29T16:03:18","date_gmt":"2022-04-29T14:03:18","guid":{"rendered":"https:\/\/aiserimplants.com\/ueber-uns\/"},"modified":"2025-05-09T12:39:56","modified_gmt":"2025-05-09T10:39:56","slug":"ueber-uns","status":"publish","type":"page","link":"https:\/\/aiserimplants.com\/de\/ueber-uns\/","title":{"rendered":"\u00dcber Uns"},"content":{"rendered":"<p>[et_pb_section fb_built=&#8220;1&#8243; fullwidth=&#8220;on&#8220; _builder_version=&#8220;4.16&#8243; _module_preset=&#8220;ef34d6c4-cc44-4fd0-97cf-95aad6d6fb8a&#8220; global_colors_info=&#8220;{}&#8220;][et_pb_fullwidth_header title=&#8220;\u00dcber uns&#8220; _builder_version=&#8220;4.16&#8243; _module_preset=&#8220;5d2311d1-d0df-49c3-8a3a-d366a118df72&#8243; background_enable_color=&#8220;off&#8220; background_image=&#8220;https:\/\/aiserimplants.com\/wp-content\/uploads\/2022\/03\/21.png&#8220; global_colors_info=&#8220;{}&#8220;][\/et_pb_fullwidth_header][\/et_pb_section][et_pb_section fb_built=&#8220;1&#8243; admin_label=&#8220;Sezione Sedi&#8220; _builder_version=&#8220;4.16&#8243; _module_preset=&#8220;fa16af20-4da1-42b8-87c8-dab7c09ce721&#8243; custom_padding=&#8220;0px||||false|false&#8220; global_colors_info=&#8220;{}&#8220;][et_pb_row _builder_version=&#8220;4.16&#8243; _module_preset=&#8220;default&#8220; global_colors_info=&#8220;{}&#8220;][et_pb_column type=&#8220;4_4&#8243; _builder_version=&#8220;4.16&#8243; _module_preset=&#8220;default&#8220; global_colors_info=&#8220;{}&#8220;][et_pb_text _builder_version=&#8220;4.23.4&#8243; _module_preset=&#8220;default&#8220; text_font=&#8220;Montserrat||||||||&#8220; header_2_font=&#8220;Montserrat|500|||||||&#8220; header_3_font=&#8220;Montserrat||||||||&#8220; header_3_font_size=&#8220;25px&#8220; text_orientation=&#8220;center&#8220; custom_padding=&#8220;||9px|||&#8220; global_colors_info=&#8220;{}&#8220;]<\/p>\n<h2>AISER ist <strong>die Schweizer Marke der Zahn-Implantologie<\/strong>, in der sich Vergangenheit und Zukunft treffen.<\/h2>\n<p>[\/et_pb_text][et_pb_image src=&#8220;https:\/\/aiserimplants.com\/wp-content\/uploads\/2024\/01\/Aiser-Team-scaled.jpg&#8220; title_text=&#8220;Aiser Team&#8220; _builder_version=&#8220;4.27.4&#8243; _module_preset=&#8220;default&#8220; hover_enabled=&#8220;0&#8243; global_colors_info=&#8220;{}&#8220; sticky_enabled=&#8220;0&#8243;][\/et_pb_image][et_pb_text _builder_version=&#8220;4.23.4&#8243; _module_preset=&#8220;default&#8220; text_font=&#8220;Montserrat||||||||&#8220; header_2_font=&#8220;Montserrat|500|||||||&#8220; header_3_font=&#8220;Montserrat||||||||&#8220; header_3_font_size=&#8220;25px&#8220; text_orientation=&#8220;center&#8220; custom_margin=&#8220;46px||||false|false&#8220; global_colors_info=&#8220;{}&#8220;]<\/p>\n<p><strong>Vergangenheit<\/strong>, weil <strong>AISER<\/strong> seit <strong>2009<\/strong> \u00fcber hervorragende klinische Erfahrung verf\u00fcgt: Wir sind auf diesem Gebiet t\u00e4tig und kennen <strong>die Bed\u00fcrfnisse<\/strong> von Fachleuten.<\/p>\n<p>Unser <strong>Ziel<\/strong> ist es, das Leben von Berufst\u00e4tigen einfacher zu machen.<\/p>\n<p><strong>Zukunft<\/strong>, weil <strong>AISER<\/strong> eine Leidenschaft f\u00fcr <strong>Innovation<\/strong> ist: Dies hat unsere Forschung bei der Entwicklung unseres <strong>Implantatsystems<\/strong> und der <strong>Bionsyn-D<\/strong>-Oberfl\u00e4chenbehandlung geleitet.<\/p>\n<p>Unser <strong>Ziel<\/strong> ist es, sowohl Fachkr\u00e4ften als auch Patienten <strong>das Beste<\/strong> zu bieten.<\/p>\n<p>[\/et_pb_text][et_pb_text _builder_version=&#8220;4.23.4&#8243; _module_preset=&#8220;default&#8220; text_font=&#8220;Montserrat||||||||&#8220; header_2_font=&#8220;Montserrat|500|||||||&#8220; header_3_font=&#8220;Montserrat||||||||&#8220; header_3_font_size=&#8220;25px&#8220; text_orientation=&#8220;center&#8220; custom_margin=&#8220;30px||-74px||false|false&#8220; global_colors_info=&#8220;{}&#8220;][\/et_pb_text][\/et_pb_column][\/et_pb_row][\/et_pb_section][et_pb_section fb_built=&#8220;1&#8243; _builder_version=&#8220;4.23.4&#8243; _module_preset=&#8220;default&#8220; background_color=&#8220;#000000&#8243; custom_margin=&#8220;-84px|||||&#8220; custom_padding=&#8220;||0px|||&#8220; global_colors_info=&#8220;{}&#8220;][et_pb_row _builder_version=&#8220;4.16&#8243; _module_preset=&#8220;default&#8220; custom_padding=&#8220;43px||10px|||&#8220; global_colors_info=&#8220;{}&#8220;][et_pb_column type=&#8220;4_4&#8243; _builder_version=&#8220;4.16&#8243; _module_preset=&#8220;default&#8220; global_colors_info=&#8220;{}&#8220;][et_pb_text _builder_version=&#8220;4.16&#8243; _module_preset=&#8220;default&#8220; text_font=&#8220;Montserrat||||||||&#8220; text_font_size=&#8220;14px&#8220; text_line_height=&#8220;1em&#8220; global_colors_info=&#8220;{}&#8220;]<\/p>\n<p style=\"text-align: center;\">Swiss quality at its Peak<\/p>\n<p>[\/et_pb_text][\/et_pb_column][\/et_pb_row][\/et_pb_section]<\/p>\n","protected":false},"excerpt":{"rendered":"<p>AISER ist die Schweizer Marke der Zahn-Implantologie, in der sich Vergangenheit und Zukunft treffen.Vergangenheit, weil AISER seit 2009 \u00fcber hervorragende klinische Erfahrung verf\u00fcgt: Wir sind auf diesem Gebiet t\u00e4tig und kennen die Bed\u00fcrfnisse von Fachleuten. Unser Ziel ist es, das Leben von Berufst\u00e4tigen einfacher zu machen. Zukunft, weil AISER eine Leidenschaft f\u00fcr Innovation ist: Dies [&hellip;]<\/p>\n","protected":false},"author":2,"featured_media":4517,"parent":0,"menu_order":0,"comment_status":"closed","ping_status":"closed","template":"","meta":{"_acf_changed":false,"_et_pb_use_builder":"on","_et_pb_old_content":"","_et_gb_content_width":"","footnotes":""},"class_list":["post-4560","page","type-page","status-publish","has-post-thumbnail","hentry"],"acf":[],"yoast_head":"<!-- This site is optimized with the Yoast SEO Premium plugin v25.2 (Yoast SEO v27.1) - https:\/\/yoast.com\/product\/yoast-seo-premium-wordpress\/ -->\n<title>\u00dcber Uns - Aiser Implants<\/title>\n<meta name=\"description\" content=\"Aiser ist die Schweizer Marke f\u00fcr die Exzellenz von Zahnimplantaten. Klinische Erfahrung seit 1999. Exklusive Biosyn-D-Behandlung. Du entdeckst...\" \/>\n<meta name=\"robots\" content=\"index, follow, max-snippet:-1, max-image-preview:large, max-video-preview:-1\" \/>\n<link rel=\"canonical\" href=\"https:\/\/aiserimplants.com\/de\/ueber-uns\/\" \/>\n<meta property=\"og:locale\" content=\"de_DE\" \/>\n<meta property=\"og:type\" content=\"article\" \/>\n<meta property=\"og:title\" content=\"Aiser | Exzellenz f\u00fcr Zahnimplantate\" \/>\n<meta property=\"og:description\" content=\"Aiser ist die Schweizer Marke f\u00fcr die Exzellenz von Zahnimplantaten. Klinische Erfahrung seit 1999. Exklusive Biosyn-D-Behandlung. Du entdeckst...\" \/>\n<meta property=\"og:url\" content=\"https:\/\/aiserimplants.com\/de\/ueber-uns\/\" \/>\n<meta property=\"og:site_name\" content=\"Aiser Implants\" \/>\n<meta property=\"article:modified_time\" content=\"2025-05-09T10:39:56+00:00\" \/>\n<meta property=\"og:image\" content=\"https:\/\/aiserimplants.com\/wp-content\/uploads\/2022\/04\/Aiser-Swiss-1024x478.png\" \/>\n<meta name=\"twitter:card\" content=\"summary_large_image\" \/>\n<meta name=\"twitter:title\" content=\"\u00dcber Uns\" \/>\n<meta name=\"twitter:label1\" content=\"Gesch\u00e4tzte Lesezeit\" \/>\n\t<meta name=\"twitter:data1\" content=\"2\u00a0Minuten\" \/>\n<script type=\"application\/ld+json\" class=\"yoast-schema-graph\">{\"@context\":\"https:\/\/schema.org\",\"@graph\":[{\"@type\":\"WebPage\",\"@id\":\"https:\/\/aiserimplants.com\/de\/ueber-uns\/\",\"url\":\"https:\/\/aiserimplants.com\/de\/ueber-uns\/\",\"name\":\"\u00dcber Uns - Aiser Implants\",\"isPartOf\":{\"@id\":\"https:\/\/aiserimplants.com\/de\/#website\"},\"primaryImageOfPage\":{\"@id\":\"https:\/\/aiserimplants.com\/de\/ueber-uns\/#primaryimage\"},\"image\":{\"@id\":\"https:\/\/aiserimplants.com\/de\/ueber-uns\/#primaryimage\"},\"thumbnailUrl\":\"https:\/\/aiserimplants.com\/wp-content\/uploads\/2022\/04\/Aiser-Swiss.png\",\"datePublished\":\"2022-04-29T14:03:18+00:00\",\"dateModified\":\"2025-05-09T10:39:56+00:00\",\"description\":\"Aiser ist die Schweizer Marke f\u00fcr die Exzellenz von Zahnimplantaten. Klinische Erfahrung seit 1999. Exklusive Biosyn-D-Behandlung. Du entdeckst...\",\"breadcrumb\":{\"@id\":\"https:\/\/aiserimplants.com\/de\/ueber-uns\/#breadcrumb\"},\"inLanguage\":\"de\",\"potentialAction\":[{\"@type\":\"ReadAction\",\"target\":[\"https:\/\/aiserimplants.com\/de\/ueber-uns\/\"]}]},{\"@type\":\"ImageObject\",\"inLanguage\":\"de\",\"@id\":\"https:\/\/aiserimplants.com\/de\/ueber-uns\/#primaryimage\",\"url\":\"https:\/\/aiserimplants.com\/wp-content\/uploads\/2022\/04\/Aiser-Swiss.png\",\"contentUrl\":\"https:\/\/aiserimplants.com\/wp-content\/uploads\/2022\/04\/Aiser-Swiss.png\",\"width\":1500,\"height\":700},{\"@type\":\"BreadcrumbList\",\"@id\":\"https:\/\/aiserimplants.com\/de\/ueber-uns\/#breadcrumb\",\"itemListElement\":[{\"@type\":\"ListItem\",\"position\":1,\"name\":\"Home\",\"item\":\"https:\/\/aiserimplants.com\/de\/home\/\"},{\"@type\":\"ListItem\",\"position\":2,\"name\":\"\u00dcber Uns\"}]},{\"@type\":\"WebSite\",\"@id\":\"https:\/\/aiserimplants.com\/de\/#website\",\"url\":\"https:\/\/aiserimplants.com\/de\/\",\"name\":\"Aiser Implants\",\"description\":\"Swiss Quality at its Peak\",\"publisher\":{\"@id\":\"https:\/\/aiserimplants.com\/de\/#organization\"},\"potentialAction\":[{\"@type\":\"SearchAction\",\"target\":{\"@type\":\"EntryPoint\",\"urlTemplate\":\"https:\/\/aiserimplants.com\/de\/?s={search_term_string}\"},\"query-input\":{\"@type\":\"PropertyValueSpecification\",\"valueRequired\":true,\"valueName\":\"search_term_string\"}}],\"inLanguage\":\"de\"},{\"@type\":[\"Organization\",\"Place\"],\"@id\":\"https:\/\/aiserimplants.com\/de\/#organization\",\"name\":\"Aiser\",\"url\":\"https:\/\/aiserimplants.com\/de\/\",\"logo\":{\"@id\":\"https:\/\/aiserimplants.com\/de\/ueber-uns\/#local-main-organization-logo\"},\"image\":{\"@id\":\"https:\/\/aiserimplants.com\/de\/ueber-uns\/#local-main-organization-logo\"},\"telephone\":[],\"openingHoursSpecification\":[{\"@type\":\"OpeningHoursSpecification\",\"dayOfWeek\":[\"Monday\",\"Tuesday\",\"Wednesday\",\"Thursday\",\"Friday\",\"Saturday\",\"Sunday\"],\"opens\":\"09:00\",\"closes\":\"17:00\"}]},{\"@type\":\"ImageObject\",\"inLanguage\":\"de\",\"@id\":\"https:\/\/aiserimplants.com\/de\/ueber-uns\/#local-main-organization-logo\",\"url\":\"https:\/\/aiserimplants.com\/wp-content\/uploads\/2022\/02\/AISER_logo.jpg\",\"contentUrl\":\"https:\/\/aiserimplants.com\/wp-content\/uploads\/2022\/02\/AISER_logo.jpg\",\"width\":1806,\"height\":1082,\"caption\":\"Aiser\"}]}<\/script>\n<!-- \/ Yoast SEO Premium plugin. -->","yoast_head_json":{"title":"\u00dcber Uns - Aiser Implants","description":"Aiser ist die Schweizer Marke f\u00fcr die Exzellenz von Zahnimplantaten. Klinische Erfahrung seit 1999. Exklusive Biosyn-D-Behandlung. Du entdeckst...","robots":{"index":"index","follow":"follow","max-snippet":"max-snippet:-1","max-image-preview":"max-image-preview:large","max-video-preview":"max-video-preview:-1"},"canonical":"https:\/\/aiserimplants.com\/de\/ueber-uns\/","og_locale":"de_DE","og_type":"article","og_title":"Aiser | Exzellenz f\u00fcr Zahnimplantate","og_description":"Aiser ist die Schweizer Marke f\u00fcr die Exzellenz von Zahnimplantaten. Klinische Erfahrung seit 1999. Exklusive Biosyn-D-Behandlung. Du entdeckst...","og_url":"https:\/\/aiserimplants.com\/de\/ueber-uns\/","og_site_name":"Aiser Implants","article_modified_time":"2025-05-09T10:39:56+00:00","og_image":[{"url":"https:\/\/aiserimplants.com\/wp-content\/uploads\/2022\/04\/Aiser-Swiss-1024x478.png","type":"","width":"","height":""}],"twitter_card":"summary_large_image","twitter_title":"\u00dcber Uns","twitter_misc":{"Gesch\u00e4tzte Lesezeit":"2\u00a0Minuten"},"schema":{"@context":"https:\/\/schema.org","@graph":[{"@type":"WebPage","@id":"https:\/\/aiserimplants.com\/de\/ueber-uns\/","url":"https:\/\/aiserimplants.com\/de\/ueber-uns\/","name":"\u00dcber Uns - Aiser Implants","isPartOf":{"@id":"https:\/\/aiserimplants.com\/de\/#website"},"primaryImageOfPage":{"@id":"https:\/\/aiserimplants.com\/de\/ueber-uns\/#primaryimage"},"image":{"@id":"https:\/\/aiserimplants.com\/de\/ueber-uns\/#primaryimage"},"thumbnailUrl":"https:\/\/aiserimplants.com\/wp-content\/uploads\/2022\/04\/Aiser-Swiss.png","datePublished":"2022-04-29T14:03:18+00:00","dateModified":"2025-05-09T10:39:56+00:00","description":"Aiser ist die Schweizer Marke f\u00fcr die Exzellenz von Zahnimplantaten. Klinische Erfahrung seit 1999. Exklusive Biosyn-D-Behandlung. Du entdeckst...","breadcrumb":{"@id":"https:\/\/aiserimplants.com\/de\/ueber-uns\/#breadcrumb"},"inLanguage":"de","potentialAction":[{"@type":"ReadAction","target":["https:\/\/aiserimplants.com\/de\/ueber-uns\/"]}]},{"@type":"ImageObject","inLanguage":"de","@id":"https:\/\/aiserimplants.com\/de\/ueber-uns\/#primaryimage","url":"https:\/\/aiserimplants.com\/wp-content\/uploads\/2022\/04\/Aiser-Swiss.png","contentUrl":"https:\/\/aiserimplants.com\/wp-content\/uploads\/2022\/04\/Aiser-Swiss.png","width":1500,"height":700},{"@type":"BreadcrumbList","@id":"https:\/\/aiserimplants.com\/de\/ueber-uns\/#breadcrumb","itemListElement":[{"@type":"ListItem","position":1,"name":"Home","item":"https:\/\/aiserimplants.com\/de\/home\/"},{"@type":"ListItem","position":2,"name":"\u00dcber Uns"}]},{"@type":"WebSite","@id":"https:\/\/aiserimplants.com\/de\/#website","url":"https:\/\/aiserimplants.com\/de\/","name":"Aiser Implants","description":"Swiss Quality at its Peak","publisher":{"@id":"https:\/\/aiserimplants.com\/de\/#organization"},"potentialAction":[{"@type":"SearchAction","target":{"@type":"EntryPoint","urlTemplate":"https:\/\/aiserimplants.com\/de\/?s={search_term_string}"},"query-input":{"@type":"PropertyValueSpecification","valueRequired":true,"valueName":"search_term_string"}}],"inLanguage":"de"},{"@type":["Organization","Place"],"@id":"https:\/\/aiserimplants.com\/de\/#organization","name":"Aiser","url":"https:\/\/aiserimplants.com\/de\/","logo":{"@id":"https:\/\/aiserimplants.com\/de\/ueber-uns\/#local-main-organization-logo"},"image":{"@id":"https:\/\/aiserimplants.com\/de\/ueber-uns\/#local-main-organization-logo"},"telephone":[],"openingHoursSpecification":[{"@type":"OpeningHoursSpecification","dayOfWeek":["Monday","Tuesday","Wednesday","Thursday","Friday","Saturday","Sunday"],"opens":"09:00","closes":"17:00"}]},{"@type":"ImageObject","inLanguage":"de","@id":"https:\/\/aiserimplants.com\/de\/ueber-uns\/#local-main-organization-logo","url":"https:\/\/aiserimplants.com\/wp-content\/uploads\/2022\/02\/AISER_logo.jpg","contentUrl":"https:\/\/aiserimplants.com\/wp-content\/uploads\/2022\/02\/AISER_logo.jpg","width":1806,"height":1082,"caption":"Aiser"}]}},"_links":{"self":[{"href":"https:\/\/aiserimplants.com\/de\/wp-json\/wp\/v2\/pages\/4560","targetHints":{"allow":["GET"]}}],"collection":[{"href":"https:\/\/aiserimplants.com\/de\/wp-json\/wp\/v2\/pages"}],"about":[{"href":"https:\/\/aiserimplants.com\/de\/wp-json\/wp\/v2\/types\/page"}],"author":[{"embeddable":true,"href":"https:\/\/aiserimplants.com\/de\/wp-json\/wp\/v2\/users\/2"}],"replies":[{"embeddable":true,"href":"https:\/\/aiserimplants.com\/de\/wp-json\/wp\/v2\/comments?post=4560"}],"version-history":[{"count":13,"href":"https:\/\/aiserimplants.com\/de\/wp-json\/wp\/v2\/pages\/4560\/revisions"}],"predecessor-version":[{"id":7051,"href":"https:\/\/aiserimplants.com\/de\/wp-json\/wp\/v2\/pages\/4560\/revisions\/7051"}],"wp:featuredmedia":[{"embeddable":true,"href":"https:\/\/aiserimplants.com\/de\/wp-json\/wp\/v2\/media\/4517"}],"wp:attachment":[{"href":"https:\/\/aiserimplants.com\/de\/wp-json\/wp\/v2\/media?parent=4560"}],"curies":[{"name":"wp","href":"https:\/\/api.w.org\/{rel}","templated":true}]}}