{"id":4563,"date":"2022-04-29T16:05:05","date_gmt":"2022-04-29T14:05:05","guid":{"rendered":"https:\/\/aiserimplants.com\/produkte\/"},"modified":"2022-12-30T10:01:45","modified_gmt":"2022-12-30T09:01:45","slug":"produkte","status":"publish","type":"page","link":"https:\/\/aiserimplants.com\/de\/produkte\/","title":{"rendered":"Produkte"},"content":{"rendered":"\n[et_pb_section fb_built=&#8220;1&#8243; fullwidth=&#8220;on&#8220; _builder_version=&#8220;4.14.7&#8243; _module_preset=&#8220;default&#8220; background_color=&#8220;#000000&#8243; global_colors_info=&#8220;{}&#8220;][et_pb_fullwidth_header title=&#8220;Produkte&#8220; subhead=&#8220;Auf alle AISER-Produkte wird eine lebenslange Garantie zur Deckung jeglicher Herstellungsfehler gew\u00e4hrt.&#8220; _builder_version=&#8220;4.14.7&#8243; _module_preset=&#8220;5d2311d1-d0df-49c3-8a3a-d366a118df72&#8243; background_image=&#8220;https:\/\/aiserimplants.com\/wp-content\/uploads\/2022\/03\/7.png&#8220; global_colors_info=&#8220;{}&#8220;][\/et_pb_fullwidth_header][\/et_pb_section][et_pb_section fb_built=&#8220;1&#8243; _builder_version=&#8220;4.14.7&#8243; _module_preset=&#8220;fa16af20-4da1-42b8-87c8-dab7c09ce721&#8243; global_colors_info=&#8220;{}&#8220;][et_pb_row _builder_version=&#8220;4.14.2&#8243; _module_preset=&#8220;default&#8220; global_colors_info=&#8220;{}&#8220;][et_pb_column type=&#8220;4_4&#8243; _builder_version=&#8220;4.14.2&#8243; _module_preset=&#8220;default&#8220; global_colors_info=&#8220;{}&#8220;][et_pb_text _builder_version=&#8220;4.14.4&#8243; _module_preset=&#8220;default&#8220; global_colors_info=&#8220;{}&#8220;]<p>Mit dem <strong>UTD<\/strong> (<em>Unique Traceability Document<\/em>) sind wir in der Lage, jeden einzelnen Produktionsschritt und den Transport des Produkts bis hin zum Endkunden r\u00fcckzuverfolgen.<\/p>\n<p>Die Qualit\u00e4tskontrollen, die wir bei unseren Produkten durchf\u00fchren, geh\u00f6ren zu den strengsten in der Branche. Sie reichen von Ma\u00dfkontrollen mit Laserger\u00e4ten bis hin zu chemischen und topografischen Untersuchungen unter Anwendung der <strong>SEM\/EDS<\/strong>-Technologie.<\/p>\n<p>Vollst\u00e4ndige R\u00fcckverfolgbarkeit und systematische Qualit\u00e4tskontrollen sind die Gr\u00fcnde, warum <strong>AISER<\/strong> eine <strong>LEBENSLANGE<\/strong> Garantie auf alle seine Produkte gew\u00e4hrt.<\/p>[\/et_pb_text][\/et_pb_column][\/et_pb_row][et_pb_row column_structure=&#8220;1_3,1_3,1_3&#8243; _builder_version=&#8220;4.14.2&#8243; _module_preset=&#8220;default&#8220; global_colors_info=&#8220;{}&#8220;][et_pb_column type=&#8220;1_3&#8243; _builder_version=&#8220;4.14.2&#8243; _module_preset=&#8220;default&#8220; global_colors_info=&#8220;{}&#8220;][et_pb_blurb title=&#8220; Implant System&#8220; url=&#8220;@ET-DC@eyJkeW5hbWljIjp0cnVlLCJjb250ZW50IjoicG9zdF9saW5rX3VybF9wYWdlIiwic2V0dGluZ3MiOnsicG9zdF9pZCI6IjEyMTIifX0=@&#8220; image=&#8220;https:\/\/aiserimplants.com\/wp-content\/uploads\/2021\/12\/Aiser-Implant-System-2.jpg&#8220; _builder_version=&#8220;4.14.7&#8243; _dynamic_attributes=&#8220;url,link_option_url&#8220; _module_preset=&#8220;9320ff63-0a49-4de8-b696-909db438f59f&#8220; header_font=&#8220;Montserrat||||||||&#8220; background_color=&#8220;RGBA(255,255,255,0)&#8220; link_option_url=&#8220;@ET-DC@eyJkeW5hbWljIjp0cnVlLCJjb250ZW50IjoicG9zdF9saW5rX3VybF9wYWdlIiwic2V0dGluZ3MiOnsicG9zdF9pZCI6IjEyMTIifX0=@&#8220; global_colors_info=&#8220;{}&#8220;][\/et_pb_blurb][\/et_pb_column][et_pb_column type=&#8220;1_3&#8243; _builder_version=&#8220;4.14.2&#8243; _module_preset=&#8220;default&#8220; global_colors_info=&#8220;{}&#8220;][et_pb_blurb title=&#8220;Conometric Link System&#8220; image=&#8220;https:\/\/aiserimplants.com\/wp-content\/uploads\/2021\/12\/Aiser-Conometric-Link-System.jpg&#8220; _builder_version=&#8220;4.14.7&#8243; _dynamic_attributes=&#8220;link_option_url&#8220; _module_preset=&#8220;9320ff63-0a49-4de8-b696-909db438f59f&#8220; header_font=&#8220;Montserrat||||||||&#8220; background_layout=&#8220;dark&#8220; link_option_url=&#8220;@ET-DC@eyJkeW5hbWljIjp0cnVlLCJjb250ZW50IjoicG9zdF9saW5rX3VybF9wYWdlIiwic2V0dGluZ3MiOnsicG9zdF9pZCI6IjEzMTcifX0=@&#8220; global_colors_info=&#8220;{}&#8220;][\/et_pb_blurb][\/et_pb_column][et_pb_column type=&#8220;1_3&#8243; _builder_version=&#8220;4.14.2&#8243; _module_preset=&#8220;default&#8220; global_colors_info=&#8220;{}&#8220;][et_pb_blurb title=&#8220; Impression Materials&#8220; image=&#8220;https:\/\/aiserimplants.com\/wp-content\/uploads\/2021\/12\/Aiser-Impression-Materials.jpg&#8220; _builder_version=&#8220;4.14.7&#8243; _dynamic_attributes=&#8220;link_option_url&#8220; _module_preset=&#8220;9320ff63-0a49-4de8-b696-909db438f59f&#8220; header_font=&#8220;Montserrat||||||||&#8220; background_layout=&#8220;dark&#8220; link_option_url=&#8220;@ET-DC@eyJkeW5hbWljIjp0cnVlLCJjb250ZW50IjoicG9zdF9saW5rX3VybF9wYWdlIiwic2V0dGluZ3MiOnsicG9zdF9pZCI6IjE3ODUifX0=@&#8220; global_colors_info=&#8220;{}&#8220;][\/et_pb_blurb][\/et_pb_column][\/et_pb_row][et_pb_row _builder_version=&#8220;4.14.9&#8243; _module_preset=&#8220;default&#8220; hover_enabled=&#8220;0&#8243; global_colors_info=&#8220;{}&#8220; custom_margin=&#8220;50px||||false|false&#8220; sticky_enabled=&#8220;0&#8243;][et_pb_column type=&#8220;4_4&#8243; _builder_version=&#8220;4.14.2&#8243; _module_preset=&#8220;default&#8220; global_colors_info=&#8220;{}&#8220;][et_pb_blurb title=&#8220;Surgical Kit&#8220; image=&#8220;https:\/\/aiserimplants.com\/wp-content\/uploads\/2022\/03\/Aiser_Surgical_Kit_1300x400.jpg&#8220; alt=&#8220;Aiser Surgical Kit&#8220; _builder_version=&#8220;4.14.9&#8243; _dynamic_attributes=&#8220;link_option_url&#8220; _module_preset=&#8220;9320ff63-0a49-4de8-b696-909db438f59f&#8220; header_font=&#8220;Montserrat||||||||&#8220; background_layout=&#8220;dark&#8220; link_option_url=&#8220;@ET-DC@eyJkeW5hbWljIjp0cnVlLCJjb250ZW50IjoicG9zdF9saW5rX3VybF9wcm9kb3R0byIsInNldHRpbmdzIjp7InBvc3RfaWQiOiIyMDU1In19@&#8220; global_colors_info=&#8220;{}&#8220;][\/et_pb_blurb][\/et_pb_column][\/et_pb_row][\/et_pb_section]\n","protected":false},"excerpt":{"rendered":"<p>Aiser Dental Implants werden in der gesamten Lieferkette in jedem Verarbeitungs- und Transportschritt bis zum Endkunden zur\u00fcckverfolgt. Du entdeckst&#8230;<\/p>\n","protected":false},"author":1,"featured_media":4478,"parent":0,"menu_order":0,"comment_status":"closed","ping_status":"closed","template":"","meta":{"_acf_changed":false,"_et_pb_use_builder":"on","_et_pb_old_content":"","_et_gb_content_width":"","footnotes":""},"class_list":["post-4563","page","type-page","status-publish","has-post-thumbnail","hentry"],"acf":[],"yoast_head":"<!-- This site is optimized with the Yoast SEO Premium plugin v25.2 (Yoast SEO v27.1) - https:\/\/yoast.com\/product\/yoast-seo-premium-wordpress\/ -->\n<title>Produkte - Aiser Implants<\/title>\n<meta name=\"description\" content=\"Aiser Dental Implants werden in der gesamten Lieferkette in jedem Verarbeitungs- und Transportschritt bis zum Endkunden zur\u00fcckverfolgt. Du entdeckst...\" \/>\n<meta name=\"robots\" content=\"index, follow, max-snippet:-1, max-image-preview:large, max-video-preview:-1\" \/>\n<link rel=\"canonical\" href=\"https:\/\/aiserimplants.com\/de\/produkte\/\" \/>\n<meta property=\"og:locale\" content=\"de_DE\" \/>\n<meta property=\"og:type\" content=\"article\" \/>\n<meta property=\"og:title\" content=\"Produkte\" \/>\n<meta property=\"og:description\" content=\"Aiser Dental Implants werden in der gesamten Lieferkette in jedem Verarbeitungs- und Transportschritt bis zum Endkunden zur\u00fcckverfolgt. Du entdeckst...\" \/>\n<meta property=\"og:url\" content=\"https:\/\/aiserimplants.com\/de\/produkte\/\" \/>\n<meta property=\"og:site_name\" content=\"Aiser Implants\" \/>\n<meta property=\"article:modified_time\" content=\"2022-12-30T09:01:45+00:00\" \/>\n<meta property=\"og:image\" content=\"https:\/\/aiserimplants.com\/wp-content\/uploads\/2021\/12\/4.png\" \/>\n\t<meta property=\"og:image:width\" content=\"900\" \/>\n\t<meta property=\"og:image:height\" content=\"1000\" \/>\n\t<meta property=\"og:image:type\" content=\"image\/png\" \/>\n<meta name=\"twitter:card\" content=\"summary_large_image\" \/>\n<meta name=\"twitter:label1\" content=\"Gesch\u00e4tzte Lesezeit\" \/>\n\t<meta name=\"twitter:data1\" content=\"3\u00a0Minuten\" \/>\n<script type=\"application\/ld+json\" class=\"yoast-schema-graph\">{\"@context\":\"https:\/\/schema.org\",\"@graph\":[{\"@type\":\"WebPage\",\"@id\":\"https:\/\/aiserimplants.com\/de\/produkte\/\",\"url\":\"https:\/\/aiserimplants.com\/de\/produkte\/\",\"name\":\"Produkte - Aiser Implants\",\"isPartOf\":{\"@id\":\"https:\/\/aiserimplants.com\/de\/#website\"},\"primaryImageOfPage\":{\"@id\":\"https:\/\/aiserimplants.com\/de\/produkte\/#primaryimage\"},\"image\":{\"@id\":\"https:\/\/aiserimplants.com\/de\/produkte\/#primaryimage\"},\"thumbnailUrl\":\"https:\/\/aiserimplants.com\/wp-content\/uploads\/2021\/12\/4.png\",\"datePublished\":\"2022-04-29T14:05:05+00:00\",\"dateModified\":\"2022-12-30T09:01:45+00:00\",\"description\":\"Aiser Dental Implants werden in der gesamten Lieferkette in jedem Verarbeitungs- und Transportschritt bis zum Endkunden zur\u00fcckverfolgt. Du entdeckst...\",\"breadcrumb\":{\"@id\":\"https:\/\/aiserimplants.com\/de\/produkte\/#breadcrumb\"},\"inLanguage\":\"de\",\"potentialAction\":[{\"@type\":\"ReadAction\",\"target\":[\"https:\/\/aiserimplants.com\/de\/produkte\/\"]}]},{\"@type\":\"ImageObject\",\"inLanguage\":\"de\",\"@id\":\"https:\/\/aiserimplants.com\/de\/produkte\/#primaryimage\",\"url\":\"https:\/\/aiserimplants.com\/wp-content\/uploads\/2021\/12\/4.png\",\"contentUrl\":\"https:\/\/aiserimplants.com\/wp-content\/uploads\/2021\/12\/4.png\",\"width\":900,\"height\":1000},{\"@type\":\"BreadcrumbList\",\"@id\":\"https:\/\/aiserimplants.com\/de\/produkte\/#breadcrumb\",\"itemListElement\":[{\"@type\":\"ListItem\",\"position\":1,\"name\":\"Home\",\"item\":\"https:\/\/aiserimplants.com\/de\/home\/\"},{\"@type\":\"ListItem\",\"position\":2,\"name\":\"Produkte\"}]},{\"@type\":\"WebSite\",\"@id\":\"https:\/\/aiserimplants.com\/de\/#website\",\"url\":\"https:\/\/aiserimplants.com\/de\/\",\"name\":\"Aiser Implants\",\"description\":\"Swiss Quality at its Peak\",\"publisher\":{\"@id\":\"https:\/\/aiserimplants.com\/de\/#organization\"},\"potentialAction\":[{\"@type\":\"SearchAction\",\"target\":{\"@type\":\"EntryPoint\",\"urlTemplate\":\"https:\/\/aiserimplants.com\/de\/?s={search_term_string}\"},\"query-input\":{\"@type\":\"PropertyValueSpecification\",\"valueRequired\":true,\"valueName\":\"search_term_string\"}}],\"inLanguage\":\"de\"},{\"@type\":[\"Organization\",\"Place\"],\"@id\":\"https:\/\/aiserimplants.com\/de\/#organization\",\"name\":\"Aiser\",\"url\":\"https:\/\/aiserimplants.com\/de\/\",\"logo\":{\"@id\":\"https:\/\/aiserimplants.com\/de\/produkte\/#local-main-organization-logo\"},\"image\":{\"@id\":\"https:\/\/aiserimplants.com\/de\/produkte\/#local-main-organization-logo\"},\"telephone\":[],\"openingHoursSpecification\":[{\"@type\":\"OpeningHoursSpecification\",\"dayOfWeek\":[\"Monday\",\"Tuesday\",\"Wednesday\",\"Thursday\",\"Friday\",\"Saturday\",\"Sunday\"],\"opens\":\"09:00\",\"closes\":\"17:00\"}]},{\"@type\":\"ImageObject\",\"inLanguage\":\"de\",\"@id\":\"https:\/\/aiserimplants.com\/de\/produkte\/#local-main-organization-logo\",\"url\":\"https:\/\/aiserimplants.com\/wp-content\/uploads\/2022\/02\/AISER_logo.jpg\",\"contentUrl\":\"https:\/\/aiserimplants.com\/wp-content\/uploads\/2022\/02\/AISER_logo.jpg\",\"width\":1806,\"height\":1082,\"caption\":\"Aiser\"}]}<\/script>\n<!-- \/ Yoast SEO Premium plugin. -->","yoast_head_json":{"title":"Produkte - Aiser Implants","description":"Aiser Dental Implants werden in der gesamten Lieferkette in jedem Verarbeitungs- und Transportschritt bis zum Endkunden zur\u00fcckverfolgt. Du entdeckst...","robots":{"index":"index","follow":"follow","max-snippet":"max-snippet:-1","max-image-preview":"max-image-preview:large","max-video-preview":"max-video-preview:-1"},"canonical":"https:\/\/aiserimplants.com\/de\/produkte\/","og_locale":"de_DE","og_type":"article","og_title":"Produkte","og_description":"Aiser Dental Implants werden in der gesamten Lieferkette in jedem Verarbeitungs- und Transportschritt bis zum Endkunden zur\u00fcckverfolgt. Du entdeckst...","og_url":"https:\/\/aiserimplants.com\/de\/produkte\/","og_site_name":"Aiser Implants","article_modified_time":"2022-12-30T09:01:45+00:00","og_image":[{"width":900,"height":1000,"url":"https:\/\/aiserimplants.com\/wp-content\/uploads\/2021\/12\/4.png","type":"image\/png"}],"twitter_card":"summary_large_image","twitter_misc":{"Gesch\u00e4tzte Lesezeit":"3\u00a0Minuten"},"schema":{"@context":"https:\/\/schema.org","@graph":[{"@type":"WebPage","@id":"https:\/\/aiserimplants.com\/de\/produkte\/","url":"https:\/\/aiserimplants.com\/de\/produkte\/","name":"Produkte - Aiser Implants","isPartOf":{"@id":"https:\/\/aiserimplants.com\/de\/#website"},"primaryImageOfPage":{"@id":"https:\/\/aiserimplants.com\/de\/produkte\/#primaryimage"},"image":{"@id":"https:\/\/aiserimplants.com\/de\/produkte\/#primaryimage"},"thumbnailUrl":"https:\/\/aiserimplants.com\/wp-content\/uploads\/2021\/12\/4.png","datePublished":"2022-04-29T14:05:05+00:00","dateModified":"2022-12-30T09:01:45+00:00","description":"Aiser Dental Implants werden in der gesamten Lieferkette in jedem Verarbeitungs- und Transportschritt bis zum Endkunden zur\u00fcckverfolgt. Du entdeckst...","breadcrumb":{"@id":"https:\/\/aiserimplants.com\/de\/produkte\/#breadcrumb"},"inLanguage":"de","potentialAction":[{"@type":"ReadAction","target":["https:\/\/aiserimplants.com\/de\/produkte\/"]}]},{"@type":"ImageObject","inLanguage":"de","@id":"https:\/\/aiserimplants.com\/de\/produkte\/#primaryimage","url":"https:\/\/aiserimplants.com\/wp-content\/uploads\/2021\/12\/4.png","contentUrl":"https:\/\/aiserimplants.com\/wp-content\/uploads\/2021\/12\/4.png","width":900,"height":1000},{"@type":"BreadcrumbList","@id":"https:\/\/aiserimplants.com\/de\/produkte\/#breadcrumb","itemListElement":[{"@type":"ListItem","position":1,"name":"Home","item":"https:\/\/aiserimplants.com\/de\/home\/"},{"@type":"ListItem","position":2,"name":"Produkte"}]},{"@type":"WebSite","@id":"https:\/\/aiserimplants.com\/de\/#website","url":"https:\/\/aiserimplants.com\/de\/","name":"Aiser Implants","description":"Swiss Quality at its Peak","publisher":{"@id":"https:\/\/aiserimplants.com\/de\/#organization"},"potentialAction":[{"@type":"SearchAction","target":{"@type":"EntryPoint","urlTemplate":"https:\/\/aiserimplants.com\/de\/?s={search_term_string}"},"query-input":{"@type":"PropertyValueSpecification","valueRequired":true,"valueName":"search_term_string"}}],"inLanguage":"de"},{"@type":["Organization","Place"],"@id":"https:\/\/aiserimplants.com\/de\/#organization","name":"Aiser","url":"https:\/\/aiserimplants.com\/de\/","logo":{"@id":"https:\/\/aiserimplants.com\/de\/produkte\/#local-main-organization-logo"},"image":{"@id":"https:\/\/aiserimplants.com\/de\/produkte\/#local-main-organization-logo"},"telephone":[],"openingHoursSpecification":[{"@type":"OpeningHoursSpecification","dayOfWeek":["Monday","Tuesday","Wednesday","Thursday","Friday","Saturday","Sunday"],"opens":"09:00","closes":"17:00"}]},{"@type":"ImageObject","inLanguage":"de","@id":"https:\/\/aiserimplants.com\/de\/produkte\/#local-main-organization-logo","url":"https:\/\/aiserimplants.com\/wp-content\/uploads\/2022\/02\/AISER_logo.jpg","contentUrl":"https:\/\/aiserimplants.com\/wp-content\/uploads\/2022\/02\/AISER_logo.jpg","width":1806,"height":1082,"caption":"Aiser"}]}},"_links":{"self":[{"href":"https:\/\/aiserimplants.com\/de\/wp-json\/wp\/v2\/pages\/4563","targetHints":{"allow":["GET"]}}],"collection":[{"href":"https:\/\/aiserimplants.com\/de\/wp-json\/wp\/v2\/pages"}],"about":[{"href":"https:\/\/aiserimplants.com\/de\/wp-json\/wp\/v2\/types\/page"}],"author":[{"embeddable":true,"href":"https:\/\/aiserimplants.com\/de\/wp-json\/wp\/v2\/users\/1"}],"replies":[{"embeddable":true,"href":"https:\/\/aiserimplants.com\/de\/wp-json\/wp\/v2\/comments?post=4563"}],"version-history":[{"count":4,"href":"https:\/\/aiserimplants.com\/de\/wp-json\/wp\/v2\/pages\/4563\/revisions"}],"predecessor-version":[{"id":5299,"href":"https:\/\/aiserimplants.com\/de\/wp-json\/wp\/v2\/pages\/4563\/revisions\/5299"}],"wp:featuredmedia":[{"embeddable":true,"href":"https:\/\/aiserimplants.com\/de\/wp-json\/wp\/v2\/media\/4478"}],"wp:attachment":[{"href":"https:\/\/aiserimplants.com\/de\/wp-json\/wp\/v2\/media?parent=4563"}],"curies":[{"name":"wp","href":"https:\/\/api.w.org\/{rel}","templated":true}]}}