{"id":4653,"date":"2022-05-02T15:30:25","date_gmt":"2022-05-02T13:30:25","guid":{"rendered":"https:\/\/aiserimplants.com\/standorte\/"},"modified":"2026-04-03T20:00:35","modified_gmt":"2026-04-03T18:00:35","slug":"standorte","status":"publish","type":"page","link":"https:\/\/aiserimplants.com\/de\/standorte\/","title":{"rendered":"Standorte"},"content":{"rendered":"<p>[et_pb_section fb_built=&#8220;1&#8243; fullwidth=&#8220;on&#8220; _builder_version=&#8220;4.16&#8243; _module_preset=&#8220;_initial&#8220; background_color=&#8220;#000000&#8243; global_colors_info=&#8220;{}&#8220;][et_pb_fullwidth_header title=&#8220;Unsere Standorte&#8220; _builder_version=&#8220;4.16&#8243; _module_preset=&#8220;5d2311d1-d0df-49c3-8a3a-d366a118df72&#8243; background_image=&#8220;https:\/\/aiserimplants.com\/wp-content\/uploads\/2022\/04\/Bandiere-Onu.png&#8220; global_colors_info=&#8220;{}&#8220;][\/et_pb_fullwidth_header][\/et_pb_section][et_pb_section fb_built=&#8220;1&#8243; admin_label=&#8220;Sezione Sedi&#8220; _builder_version=&#8220;4.16&#8243; _module_preset=&#8220;fa16af20-4da1-42b8-87c8-dab7c09ce721&#8243; custom_padding=&#8220;50px||||false|false&#8220; global_colors_info=&#8220;{}&#8220;][et_pb_row _builder_version=&#8220;4.27.4&#8243; _module_preset=&#8220;default&#8220; global_colors_info=&#8220;{}&#8220;][et_pb_column type=&#8220;4_4&#8243; _builder_version=&#8220;4.27.4&#8243; _module_preset=&#8220;default&#8220; global_colors_info=&#8220;{}&#8220;][et_pb_blurb title=&#8220;Genf &#8211; Schweiz&#8220; image=&#8220;https:\/\/aiserimplants.com\/wp-content\/uploads\/2025\/05\/Geneva_Switzerland_450x300.jpg&#8220; alt=&#8220;Genf &#8211; Schweiz&#8220; admin_label=&#8220;Blur Ginevra&#8220; _builder_version=&#8220;4.27.4&#8243; _module_preset=&#8220;b04b1a2f-7b18-45ce-a267-13fb41f7ba31&#8243; global_colors_info=&#8220;{}&#8220;]<\/p>\n<p>Rue des Bains, 35<br \/>CH-1205 Genf, Schweiz<br \/><a target=\"_blank\" href=\"mailto:geneve@aiserimplants.com\" rel=\"noopener\">geneve@aiserimplants.com<\/a><br \/><a href=\"tel:+41225564737\">+41 (0) 22 556 47 37<\/a><\/p>\n<p>[\/et_pb_blurb][\/et_pb_column][\/et_pb_row][et_pb_row _builder_version=&#8220;4.27.4&#8243; _module_preset=&#8220;default&#8220; custom_css_main_element=&#8220;display: flex;&#8220; global_colors_info=&#8220;{}&#8220;][et_pb_column type=&#8220;4_4&#8243; _builder_version=&#8220;4.27.4&#8243; _module_preset=&#8220;default&#8220; custom_css_main_element=&#8220;display: flex;||flex-wrap: wrap;&#8220; global_colors_info=&#8220;{}&#8220;][et_pb_blurb title=&#8220;Amman &#8211; Jordan&#8220; image=&#8220;https:\/\/aiserimplants.com\/wp-content\/uploads\/2025\/05\/Amman_Jordan_450x300.jpg&#8220; alt=&#8220;New York, USA&#8220; admin_label=&#8220;Amman &#8211; Giordania&#8220; _builder_version=&#8220;4.27.4&#8243; _module_preset=&#8220;b04b1a2f-7b18-45ce-a267-13fb41f7ba31&#8243; global_colors_info=&#8220;{}&#8220;]<a target=\"_blank\" href=\"mailto:amman@aiserimplants.com\" rel=\"noopener\">amman@aiserimplants.com<\/a><br \/>\n<a href=\"tel:00962777686970\">+962 7 7768 6970<\/a>[\/et_pb_blurb][et_pb_blurb title=&#8220;Bagdad &#8211; Irak&#8220; image=&#8220;https:\/\/aiserimplants.com\/wp-content\/uploads\/2025\/10\/Baghdad_Iraq_450x300.jpg&#8220; alt=&#8220;New York, USA&#8220; admin_label=&#8220;Baghdad &#8211; Iraq&#8220; _builder_version=&#8220;4.27.4&#8243; _module_preset=&#8220;b04b1a2f-7b18-45ce-a267-13fb41f7ba31&#8243; global_colors_info=&#8220;{}&#8220;]<\/p>\n<p>Bab AlMathem<br \/><a target=\"_blank\" href=\"mailto:bagdad@aiserimplants.com\" rel=\"noopener\">bagdad@aiserimplants.com<\/a><\/p>\n<p>[\/et_pb_blurb][et_pb_blurb title=&#8220;Beirut &#8211; Libanon&#8220; image=&#8220;https:\/\/aiserimplants.com\/wp-content\/uploads\/2025\/05\/Beirut_Lebanon_450x300.jpg&#8220; alt=&#8220;New York, USA&#8220; admin_label=&#8220;Beirut &#8211; Libano&#8220; _builder_version=&#8220;4.27.4&#8243; _module_preset=&#8220;b04b1a2f-7b18-45ce-a267-13fb41f7ba31&#8243; global_colors_info=&#8220;{}&#8220;]<a target=\"_blank\" href=\"mailto:beirut@aiserimplants.com\" rel=\"noopener\">beirut@aiserimplants.com<\/a>[\/et_pb_blurb][et_pb_blurb title=&#8220;Kairo &#8211; \u00c4gypten&#8220; image=&#8220;https:\/\/aiserimplants.com\/wp-content\/uploads\/2025\/05\/Cairo_Egypt_450x300.jpg&#8220; alt=&#8220;New York, USA&#8220; admin_label=&#8220;Il Cairo &#8211; Egitto&#8220; _builder_version=&#8220;4.27.4&#8243; _module_preset=&#8220;b04b1a2f-7b18-45ce-a267-13fb41f7ba31&#8243; global_colors_info=&#8220;{}&#8220;]<a target=\"_blank\" href=\"mailto:cairo@aiserimplants.com\" rel=\"noopener\">cairo@aiserimplants.com<\/a>[\/et_pb_blurb][et_pb_blurb title=&#8220;Chiasso &#8211; Schweiz&#8220; image=&#8220;https:\/\/aiserimplants.com\/wp-content\/uploads\/2025\/05\/Chiasso_Switzerland_450x300.jpg&#8220; alt=&#8220;New York, USA&#8220; admin_label=&#8220;Chiasso &#8211; Svizzera&#8220; _builder_version=&#8220;4.27.4&#8243; _module_preset=&#8220;b04b1a2f-7b18-45ce-a267-13fb41f7ba31&#8243; global_colors_info=&#8220;{}&#8220;]<\/p>\n<p>Via degli Albrici, 3<br \/>6830, Chiasso, Schweiz<br \/><a target=\"_blank\" href=\"mailto:chiasso@aiserimplants.com\" rel=\"noopener\">chiasso@aiserimplants.com<\/a><\/p>\n<p>[\/et_pb_blurb][et_pb_blurb title=&#8220;Damaskus &#8211; Syrien&#8220; image=&#8220;https:\/\/aiserimplants.com\/wp-content\/uploads\/2025\/05\/Damascus_Syria_450x300.jpg&#8220; alt=&#8220;New York, USA&#8220; admin_label=&#8220;Damasco &#8211; Siria&#8220; _builder_version=&#8220;4.27.4&#8243; _module_preset=&#8220;b04b1a2f-7b18-45ce-a267-13fb41f7ba31&#8243; global_colors_info=&#8220;{}&#8220;]<a target=\"_blank\" href=\"mailto:damascus@aiserimplants.com\" rel=\"noopener\">damascus@aiserimplants.com<\/a>[\/et_pb_blurb][et_pb_blurb title=&#8220;Dubai &#8211; Vereinigte Arabische Emirate&#8220; image=&#8220;https:\/\/aiserimplants.com\/wp-content\/uploads\/2025\/05\/Dubai_United-Arab-Emirates_450x300.jpg&#8220; alt=&#8220;Genf &#8211; Schweiz&#8220; admin_label=&#8220;Dubai &#8211; Emirati Arabi Uniti&#8220; _builder_version=&#8220;4.27.4&#8243; _module_preset=&#8220;b04b1a2f-7b18-45ce-a267-13fb41f7ba31&#8243; global_colors_info=&#8220;{}&#8220;]23\u00b0 Piano, Damac Smart Heights<br \/>Barsha Heights, Dubai, Vereinigte Arabische Emirate<br \/><a target=\"_blank\" href=\"mailto:dubai@aiserimplants.com\" rel=\"noopener\">dubai@aiserimplants.com<\/a>[\/et_pb_blurb][et_pb_blurb title=&#8220;Istanbul &#8211; T\u00fcrkei&#8220; image=&#8220;https:\/\/aiserimplants.com\/wp-content\/uploads\/2025\/05\/Istanbul_Turkiye_450x300.jpg&#8220; alt=&#8220;Genf &#8211; Schweiz&#8220; admin_label=&#8220;Istanbul &#8211; Turchia&#8220; _builder_version=&#8220;4.27.4&#8243; _module_preset=&#8220;b04b1a2f-7b18-45ce-a267-13fb41f7ba31&#8243; global_colors_info=&#8220;{}&#8220;]<\/p>\n<p>Mahmutbey Mah. 2445 Sk. No:59<br \/>Ba\u011fc\u0131lar &#8211; Istanbul, T\u00fcrkei  <br \/><a target=\"_blank\" href=\"mailto:istanbul@aiserimplants.com\" rel=\"noopener\">istanbul@aiserimplants.com<\/a><br \/><a href=\"tel:00905334692202\">+90 533 469 22 02<\/a><\/p>\n<p>[\/et_pb_blurb][et_pb_blurb title=&#8220;Kabul &#8211; Afghanistan&#8220; image=&#8220;https:\/\/aiserimplants.com\/wp-content\/uploads\/2025\/05\/Kabul_Afghanistan_450x300.jpg&#8220; alt=&#8220;Genf &#8211; Schweiz&#8220; admin_label=&#8220;Kabul &#8211; Afghanistan&#8220; _builder_version=&#8220;4.27.4&#8243; _module_preset=&#8220;b04b1a2f-7b18-45ce-a267-13fb41f7ba31&#8243; global_colors_info=&#8220;{}&#8220;]<\/p>\n<p><a target=\"_blank\" href=\"mailto:kabul@aiserimplants.com\" rel=\"noopener\">kabul@aiserimplants.com<\/a><\/p>\n<p>[\/et_pb_blurb][et_pb_blurb title=&#8220;Mailand &#8211; Italien&#8220; image=&#8220;https:\/\/aiserimplants.com\/wp-content\/uploads\/2025\/05\/Milan_Italy_450x300.jpg&#8220; alt=&#8220;Genf &#8211; Schweiz&#8220; admin_label=&#8220;Milano &#8211; Italia&#8220; _builder_version=&#8220;4.27.4&#8243; _module_preset=&#8220;b04b1a2f-7b18-45ce-a267-13fb41f7ba31&#8243; global_colors_info=&#8220;{}&#8220;]<\/p>\n<p>Via Raffaello Sanzio, 19<\/p>\n<p><a target=\"_blank\" href=\"mailto:milan@aiserimplants.com\" rel=\"noopener\">milan@aiserimplants.com<\/a><\/p>\n<p>[\/et_pb_blurb][et_pb_blurb title=&#8220;New York &#8211; USA&#8220; image=&#8220;https:\/\/aiserimplants.com\/wp-content\/uploads\/2025\/05\/New-York_USA_450x300.jpg&#8220; alt=&#8220;New York, USA&#8220; admin_label=&#8220;New York &#8211; USA&#8220; _builder_version=&#8220;4.27.4&#8243; _module_preset=&#8220;b04b1a2f-7b18-45ce-a267-13fb41f7ba31&#8243; global_colors_info=&#8220;{}&#8220;]626 RexCorp Plaza, 6th Floor<br \/>\nUniondale, NY 11556, USA<br \/>\n<a target=\"_blank\" href=\"mailto:newyork@aiserimplants.com\" rel=\"noopener\">newyork@aiserimplants.com<\/a>[\/et_pb_blurb][et_pb_blurb title=&#8220;Nikosia &#8211; Zypern&#8220; image=&#8220;https:\/\/aiserimplants.com\/wp-content\/uploads\/2025\/05\/Nicosia_Cyprus_450x300.jpg&#8220; alt=&#8220;New York, USA&#8220; admin_label=&#8220;Nicosia &#8211; Cipro&#8220; _builder_version=&#8220;4.27.4&#8243; _module_preset=&#8220;b04b1a2f-7b18-45ce-a267-13fb41f7ba31&#8243; global_colors_info=&#8220;{}&#8220;]<a target=\"_blank\" href=\"mailto:nicosia@aiserimplants.com\" rel=\"noopener\">nicosia@aiserimplants.com<\/a>[\/et_pb_blurb][et_pb_blurb title=&#8220;Oradea &#8211; Rum\u00e4nien&#8220; image=&#8220;https:\/\/aiserimplants.com\/wp-content\/uploads\/2025\/05\/Oradea_Romania_450x300-2.jpg&#8220; alt=&#8220;New York, USA&#8220; admin_label=&#8220;Oradea &#8211; Romania&#8220; _builder_version=&#8220;4.27.4&#8243; _module_preset=&#8220;b04b1a2f-7b18-45ce-a267-13fb41f7ba31&#8243; global_colors_info=&#8220;{}&#8220;]<a target=\"_blank\" href=\"mailto:oradea@aiserimplants.com\" rel=\"noopener\">oradea@aiserimplants.com<\/a>[\/et_pb_blurb][et_pb_blurb title=&#8220;Rio de Janeiro &#8211; Brasilien&#8220; image=&#8220;https:\/\/aiserimplants.com\/wp-content\/uploads\/2025\/05\/Rio-de-Janeiro_Brazil_450x300.jpg&#8220; alt=&#8220;New York, USA&#8220; admin_label=&#8220;Rio de Janeiro &#8211; Brasile&#8220; _builder_version=&#8220;4.27.4&#8243; _module_preset=&#8220;b04b1a2f-7b18-45ce-a267-13fb41f7ba31&#8243; global_colors_info=&#8220;{}&#8220;]Rio de Janeiro &#8211; RJ, 20021-290, Brasilien<br \/>\n<a target=\"_blank\" href=\"mailto:riodejaneiro@aiserimplants.com\" rel=\"noopener\">riodejaneiro@aiserimplants.com<\/a>[\/et_pb_blurb][et_pb_blurb title=&#8220;Riad &#8211; Saudi-Arabien&#8220; image=&#8220;https:\/\/aiserimplants.com\/wp-content\/uploads\/2025\/05\/Riyadh_Saudi-Arabia_450x300.jpg&#8220; alt=&#8220;New York, USA&#8220; admin_label=&#8220;Riad &#8211; Arabia Saudita&#8220; _builder_version=&#8220;4.27.4&#8243; _module_preset=&#8220;b04b1a2f-7b18-45ce-a267-13fb41f7ba31&#8243; global_colors_info=&#8220;{}&#8220;]<a target=\"_blank\" href=\"mailto:riyadh@aiserimplants.com\" rel=\"noopener\">riyadh@aiserimplants.com<\/a><br \/>\n<a href=\"tel:00966547531459\">+966 547 531 459<\/a>[\/et_pb_blurb][et_pb_blurb title=&#8220;Shanghai &#8211; China&#8220; image=&#8220;https:\/\/aiserimplants.com\/wp-content\/uploads\/2025\/05\/Shanghai_China_450x300.jpg&#8220; alt=&#8220;New York, USA&#8220; admin_label=&#8220;Shanghai &#8211; Cina&#8220; _builder_version=&#8220;4.27.4&#8243; _module_preset=&#8220;b04b1a2f-7b18-45ce-a267-13fb41f7ba31&#8243; global_colors_info=&#8220;{}&#8220;]26\/F, Hong Kong Plaza<br \/>283 Middle Huai Hai Road, Luwan District<br \/>200021, Shanghai PRC<br \/><a target=\"_blank\" href=\"mailto:shangai@aiserimplants.com\" rel=\"noopener\">shangai@aiserimplants.com<\/a>[\/et_pb_blurb][et_pb_blurb title=&#8220;Tirana &#8211; Albanien&#8220; image=&#8220;https:\/\/aiserimplants.com\/wp-content\/uploads\/2025\/05\/Tirana_Albania_450x300-2.jpg&#8220; alt=&#8220;New York, USA&#8220; admin_label=&#8220;Tirana &#8211; Albania&#8220; _builder_version=&#8220;4.27.4&#8243; _module_preset=&#8220;b04b1a2f-7b18-45ce-a267-13fb41f7ba31&#8243; global_colors_info=&#8220;{}&#8220;]<a target=\"_blank\" href=\"mailto:tirana@aiserimplants.com\" rel=\"noopener\">tirana@aiserimplants.com<\/a>[\/et_pb_blurb][et_pb_blurb title=&#8220;Tokio &#8211; Japan&#8220; image=&#8220;https:\/\/aiserimplants.com\/wp-content\/uploads\/2025\/05\/Tokyo_Japan_450x300.jpg&#8220; alt=&#8220;New York, USA&#8220; admin_label=&#8220;Tokyo &#8211; Giappone&#8220; _builder_version=&#8220;4.27.4&#8243; _module_preset=&#8220;b04b1a2f-7b18-45ce-a267-13fb41f7ba31&#8243; global_colors_info=&#8220;{}&#8220;]Shinjuku Park Tower North Tower 30th floor.<br \/>Nishishinjuku, Shinjuku-ku, Tokio, Japan 163-1030<br \/>\u3012163-1030 \u6771\u4eac\u90fd\u65b0\u5bbf\u533a\u897f\u65b0\u5bbf 3-7-1<br \/>\u65b0\u5bbf\u30d1\u30fc\u30af\u30bf\u30ef\u30fc\uff2e\u68df30\u968e<br \/><a target=\"_blank\" href=\"mailto:tokyo@aiserimplants.com\" rel=\"noopener\">tokyo@aiserimplants.com<\/a>[\/et_pb_blurb][\/et_pb_column][\/et_pb_row][\/et_pb_section]<\/p>\n","protected":false},"excerpt":{"rendered":"<p>Unsere Standorte. Genf, Schweiz Rue du Rhone, 14VH-1204. Dubai &#8211; Mailand &#8211; New York &#8211; Rio de Janeiro &#8211; Shanghai &#8211; Tokio&#8230;  <\/p>\n","protected":false},"author":1,"featured_media":4514,"parent":0,"menu_order":0,"comment_status":"closed","ping_status":"closed","template":"","meta":{"_acf_changed":false,"_et_pb_use_builder":"on","_et_pb_old_content":"","_et_gb_content_width":"","footnotes":""},"class_list":["post-4653","page","type-page","status-publish","has-post-thumbnail","hentry"],"acf":[],"yoast_head":"<!-- This site is optimized with the Yoast SEO Premium plugin v25.2 (Yoast SEO v27.4) - https:\/\/yoast.com\/product\/yoast-seo-premium-wordpress\/ -->\n<title>Standorte - Aiser Implants<\/title>\n<meta name=\"description\" content=\"Unsere Standorte. Genf, Schweiz Rue du Rhone, 14VH-1204. Dubai - Mailand - New York - Rio de Janeiro - Shanghai - Tokio...\" \/>\n<meta name=\"robots\" content=\"index, follow, max-snippet:-1, max-image-preview:large, max-video-preview:-1\" \/>\n<link rel=\"canonical\" href=\"https:\/\/aiserimplants.com\/de\/standorte\/\" \/>\n<meta property=\"og:locale\" content=\"de_DE\" \/>\n<meta property=\"og:type\" content=\"article\" \/>\n<meta property=\"og:title\" content=\"Unsere Aiser-Standorte\" \/>\n<meta property=\"og:description\" content=\"Unsere Standorte. Genf, Schweiz Rue du Rhone, 14VH-1204. Dubai - Mailand - New York - Rio de Janeiro - Shanghai - Tokio...\" \/>\n<meta property=\"og:url\" content=\"https:\/\/aiserimplants.com\/de\/standorte\/\" \/>\n<meta property=\"og:site_name\" content=\"Aiser Implants\" \/>\n<meta property=\"article:modified_time\" content=\"2026-04-03T18:00:35+00:00\" \/>\n<meta property=\"og:image\" content=\"https:\/\/aiserimplants.com\/wp-content\/uploads\/2022\/04\/Bandiere-Onu-1024x478.png\" \/>\n<meta name=\"twitter:card\" content=\"summary_large_image\" \/>\n<meta name=\"twitter:title\" content=\"Standorte\" \/>\n<meta name=\"twitter:label1\" content=\"Gesch\u00e4tzte Lesezeit\" \/>\n\t<meta name=\"twitter:data1\" content=\"6\u00a0Minuten\" \/>\n<script type=\"application\/ld+json\" class=\"yoast-schema-graph\">{\"@context\":\"https:\\\/\\\/schema.org\",\"@graph\":[{\"@type\":\"WebPage\",\"@id\":\"https:\\\/\\\/aiserimplants.com\\\/de\\\/standorte\\\/\",\"url\":\"https:\\\/\\\/aiserimplants.com\\\/de\\\/standorte\\\/\",\"name\":\"Standorte - Aiser Implants\",\"isPartOf\":{\"@id\":\"https:\\\/\\\/aiserimplants.com\\\/de\\\/#website\"},\"primaryImageOfPage\":{\"@id\":\"https:\\\/\\\/aiserimplants.com\\\/de\\\/standorte\\\/#primaryimage\"},\"image\":{\"@id\":\"https:\\\/\\\/aiserimplants.com\\\/de\\\/standorte\\\/#primaryimage\"},\"thumbnailUrl\":\"https:\\\/\\\/aiserimplants.com\\\/wp-content\\\/uploads\\\/2022\\\/04\\\/Bandiere-Onu.png\",\"datePublished\":\"2022-05-02T13:30:25+00:00\",\"dateModified\":\"2026-04-03T18:00:35+00:00\",\"description\":\"Unsere Standorte. Genf, Schweiz Rue du Rhone, 14VH-1204. Dubai - Mailand - New York - Rio de Janeiro - Shanghai - Tokio...\",\"breadcrumb\":{\"@id\":\"https:\\\/\\\/aiserimplants.com\\\/de\\\/standorte\\\/#breadcrumb\"},\"inLanguage\":\"de\",\"potentialAction\":[{\"@type\":\"ReadAction\",\"target\":[\"https:\\\/\\\/aiserimplants.com\\\/de\\\/standorte\\\/\"]}]},{\"@type\":\"ImageObject\",\"inLanguage\":\"de\",\"@id\":\"https:\\\/\\\/aiserimplants.com\\\/de\\\/standorte\\\/#primaryimage\",\"url\":\"https:\\\/\\\/aiserimplants.com\\\/wp-content\\\/uploads\\\/2022\\\/04\\\/Bandiere-Onu.png\",\"contentUrl\":\"https:\\\/\\\/aiserimplants.com\\\/wp-content\\\/uploads\\\/2022\\\/04\\\/Bandiere-Onu.png\",\"width\":1500,\"height\":700},{\"@type\":\"BreadcrumbList\",\"@id\":\"https:\\\/\\\/aiserimplants.com\\\/de\\\/standorte\\\/#breadcrumb\",\"itemListElement\":[{\"@type\":\"ListItem\",\"position\":1,\"name\":\"Home\",\"item\":\"https:\\\/\\\/aiserimplants.com\\\/de\\\/home\\\/\"},{\"@type\":\"ListItem\",\"position\":2,\"name\":\"Standorte\"}]},{\"@type\":\"WebSite\",\"@id\":\"https:\\\/\\\/aiserimplants.com\\\/de\\\/#website\",\"url\":\"https:\\\/\\\/aiserimplants.com\\\/de\\\/\",\"name\":\"Aiser Implants\",\"description\":\"Swiss Quality at its Peak\",\"publisher\":{\"@id\":\"https:\\\/\\\/aiserimplants.com\\\/de\\\/#organization\"},\"potentialAction\":[{\"@type\":\"SearchAction\",\"target\":{\"@type\":\"EntryPoint\",\"urlTemplate\":\"https:\\\/\\\/aiserimplants.com\\\/de\\\/?s={search_term_string}\"},\"query-input\":{\"@type\":\"PropertyValueSpecification\",\"valueRequired\":true,\"valueName\":\"search_term_string\"}}],\"inLanguage\":\"de\"},{\"@type\":[\"Organization\",\"Place\"],\"@id\":\"https:\\\/\\\/aiserimplants.com\\\/de\\\/#organization\",\"name\":\"Aiser\",\"url\":\"https:\\\/\\\/aiserimplants.com\\\/de\\\/\",\"logo\":{\"@id\":\"https:\\\/\\\/aiserimplants.com\\\/de\\\/standorte\\\/#local-main-organization-logo\"},\"image\":{\"@id\":\"https:\\\/\\\/aiserimplants.com\\\/de\\\/standorte\\\/#local-main-organization-logo\"},\"telephone\":[],\"openingHoursSpecification\":[{\"@type\":\"OpeningHoursSpecification\",\"dayOfWeek\":[\"Monday\",\"Tuesday\",\"Wednesday\",\"Thursday\",\"Friday\",\"Saturday\",\"Sunday\"],\"opens\":\"09:00\",\"closes\":\"17:00\"}]},{\"@type\":\"ImageObject\",\"inLanguage\":\"de\",\"@id\":\"https:\\\/\\\/aiserimplants.com\\\/de\\\/standorte\\\/#local-main-organization-logo\",\"url\":\"https:\\\/\\\/aiserimplants.com\\\/wp-content\\\/uploads\\\/2022\\\/02\\\/AISER_logo.jpg\",\"contentUrl\":\"https:\\\/\\\/aiserimplants.com\\\/wp-content\\\/uploads\\\/2022\\\/02\\\/AISER_logo.jpg\",\"width\":1806,\"height\":1082,\"caption\":\"Aiser\"}]}<\/script>\n<!-- \/ Yoast SEO Premium plugin. -->","yoast_head_json":{"title":"Standorte - Aiser Implants","description":"Unsere Standorte. Genf, Schweiz Rue du Rhone, 14VH-1204. Dubai - Mailand - New York - Rio de Janeiro - Shanghai - Tokio...","robots":{"index":"index","follow":"follow","max-snippet":"max-snippet:-1","max-image-preview":"max-image-preview:large","max-video-preview":"max-video-preview:-1"},"canonical":"https:\/\/aiserimplants.com\/de\/standorte\/","og_locale":"de_DE","og_type":"article","og_title":"Unsere Aiser-Standorte","og_description":"Unsere Standorte. Genf, Schweiz Rue du Rhone, 14VH-1204. Dubai - Mailand - New York - Rio de Janeiro - Shanghai - Tokio...","og_url":"https:\/\/aiserimplants.com\/de\/standorte\/","og_site_name":"Aiser Implants","article_modified_time":"2026-04-03T18:00:35+00:00","og_image":[{"url":"https:\/\/aiserimplants.com\/wp-content\/uploads\/2022\/04\/Bandiere-Onu-1024x478.png","type":"","width":"","height":""}],"twitter_card":"summary_large_image","twitter_title":"Standorte","twitter_misc":{"Gesch\u00e4tzte Lesezeit":"6\u00a0Minuten"},"schema":{"@context":"https:\/\/schema.org","@graph":[{"@type":"WebPage","@id":"https:\/\/aiserimplants.com\/de\/standorte\/","url":"https:\/\/aiserimplants.com\/de\/standorte\/","name":"Standorte - Aiser Implants","isPartOf":{"@id":"https:\/\/aiserimplants.com\/de\/#website"},"primaryImageOfPage":{"@id":"https:\/\/aiserimplants.com\/de\/standorte\/#primaryimage"},"image":{"@id":"https:\/\/aiserimplants.com\/de\/standorte\/#primaryimage"},"thumbnailUrl":"https:\/\/aiserimplants.com\/wp-content\/uploads\/2022\/04\/Bandiere-Onu.png","datePublished":"2022-05-02T13:30:25+00:00","dateModified":"2026-04-03T18:00:35+00:00","description":"Unsere Standorte. Genf, Schweiz Rue du Rhone, 14VH-1204. Dubai - Mailand - New York - Rio de Janeiro - Shanghai - Tokio...","breadcrumb":{"@id":"https:\/\/aiserimplants.com\/de\/standorte\/#breadcrumb"},"inLanguage":"de","potentialAction":[{"@type":"ReadAction","target":["https:\/\/aiserimplants.com\/de\/standorte\/"]}]},{"@type":"ImageObject","inLanguage":"de","@id":"https:\/\/aiserimplants.com\/de\/standorte\/#primaryimage","url":"https:\/\/aiserimplants.com\/wp-content\/uploads\/2022\/04\/Bandiere-Onu.png","contentUrl":"https:\/\/aiserimplants.com\/wp-content\/uploads\/2022\/04\/Bandiere-Onu.png","width":1500,"height":700},{"@type":"BreadcrumbList","@id":"https:\/\/aiserimplants.com\/de\/standorte\/#breadcrumb","itemListElement":[{"@type":"ListItem","position":1,"name":"Home","item":"https:\/\/aiserimplants.com\/de\/home\/"},{"@type":"ListItem","position":2,"name":"Standorte"}]},{"@type":"WebSite","@id":"https:\/\/aiserimplants.com\/de\/#website","url":"https:\/\/aiserimplants.com\/de\/","name":"Aiser Implants","description":"Swiss Quality at its Peak","publisher":{"@id":"https:\/\/aiserimplants.com\/de\/#organization"},"potentialAction":[{"@type":"SearchAction","target":{"@type":"EntryPoint","urlTemplate":"https:\/\/aiserimplants.com\/de\/?s={search_term_string}"},"query-input":{"@type":"PropertyValueSpecification","valueRequired":true,"valueName":"search_term_string"}}],"inLanguage":"de"},{"@type":["Organization","Place"],"@id":"https:\/\/aiserimplants.com\/de\/#organization","name":"Aiser","url":"https:\/\/aiserimplants.com\/de\/","logo":{"@id":"https:\/\/aiserimplants.com\/de\/standorte\/#local-main-organization-logo"},"image":{"@id":"https:\/\/aiserimplants.com\/de\/standorte\/#local-main-organization-logo"},"telephone":[],"openingHoursSpecification":[{"@type":"OpeningHoursSpecification","dayOfWeek":["Monday","Tuesday","Wednesday","Thursday","Friday","Saturday","Sunday"],"opens":"09:00","closes":"17:00"}]},{"@type":"ImageObject","inLanguage":"de","@id":"https:\/\/aiserimplants.com\/de\/standorte\/#local-main-organization-logo","url":"https:\/\/aiserimplants.com\/wp-content\/uploads\/2022\/02\/AISER_logo.jpg","contentUrl":"https:\/\/aiserimplants.com\/wp-content\/uploads\/2022\/02\/AISER_logo.jpg","width":1806,"height":1082,"caption":"Aiser"}]}},"_links":{"self":[{"href":"https:\/\/aiserimplants.com\/de\/wp-json\/wp\/v2\/pages\/4653","targetHints":{"allow":["GET"]}}],"collection":[{"href":"https:\/\/aiserimplants.com\/de\/wp-json\/wp\/v2\/pages"}],"about":[{"href":"https:\/\/aiserimplants.com\/de\/wp-json\/wp\/v2\/types\/page"}],"author":[{"embeddable":true,"href":"https:\/\/aiserimplants.com\/de\/wp-json\/wp\/v2\/users\/1"}],"replies":[{"embeddable":true,"href":"https:\/\/aiserimplants.com\/de\/wp-json\/wp\/v2\/comments?post=4653"}],"version-history":[{"count":44,"href":"https:\/\/aiserimplants.com\/de\/wp-json\/wp\/v2\/pages\/4653\/revisions"}],"predecessor-version":[{"id":7622,"href":"https:\/\/aiserimplants.com\/de\/wp-json\/wp\/v2\/pages\/4653\/revisions\/7622"}],"wp:featuredmedia":[{"embeddable":true,"href":"https:\/\/aiserimplants.com\/de\/wp-json\/wp\/v2\/media\/4514"}],"wp:attachment":[{"href":"https:\/\/aiserimplants.com\/de\/wp-json\/wp\/v2\/media?parent=4653"}],"curies":[{"name":"wp","href":"https:\/\/api.w.org\/{rel}","templated":true}]}}