{"id":332,"date":"2021-12-17T17:34:55","date_gmt":"2021-12-17T16:34:55","guid":{"rendered":"https:\/\/aiserimplants.com\/contacts\/"},"modified":"2026-04-03T19:49:59","modified_gmt":"2026-04-03T17:49:59","slug":"contacts","status":"publish","type":"page","link":"https:\/\/aiserimplants.com\/en\/contacts\/","title":{"rendered":"Offices"},"content":{"rendered":"<p>[et_pb_section fb_built=&#8221;1&#8243; fullwidth=&#8221;on&#8221; _builder_version=&#8221;4.16&#8243; _module_preset=&#8221;_initial&#8221; background_color=&#8221;#000000&#8243; global_colors_info=&#8221;{}&#8221;][et_pb_fullwidth_header title=&#8221;Our Offices&#8221; _builder_version=&#8221;4.16&#8243; _module_preset=&#8221;5d2311d1-d0df-49c3-8a3a-d366a118df72&#8243; background_image=&#8221;https:\/\/aiserimplants.com\/wp-content\/uploads\/2022\/04\/Bandiere-Onu.png&#8221; global_colors_info=&#8221;{}&#8221;][\/et_pb_fullwidth_header][\/et_pb_section][et_pb_section fb_built=&#8221;1&#8243; admin_label=&#8221;Sezione Sedi&#8221; _builder_version=&#8221;4.16&#8243; _module_preset=&#8221;fa16af20-4da1-42b8-87c8-dab7c09ce721&#8243; custom_padding=&#8221;50px||||false|false&#8221; global_colors_info=&#8221;{}&#8221;][et_pb_row _builder_version=&#8221;4.27.4&#8243; _module_preset=&#8221;default&#8221; global_colors_info=&#8221;{}&#8221;][et_pb_column type=&#8221;4_4&#8243; _builder_version=&#8221;4.27.4&#8243; _module_preset=&#8221;default&#8221; global_colors_info=&#8221;{}&#8221;][et_pb_blurb title=&#8221;Gen\u00e8ve &#8211; Switzerland&#8221; image=&#8221;https:\/\/aiserimplants.com\/wp-content\/uploads\/2025\/05\/Geneva_Switzerland_450x300.jpg&#8221; alt=&#8221;Gen\u00e8ve &#8211; Switzerland&#8221; admin_label=&#8221;Blur Ginevra&#8221; _builder_version=&#8221;4.27.4&#8243; _module_preset=&#8221;b04b1a2f-7b18-45ce-a267-13fb41f7ba31&#8243; global_colors_info=&#8221;{}&#8221;]<\/p>\n<p>Rue des Bains, 35<br \/>CH-1205 Geneva, Switzerland<br \/><a target=\"_blank\" href=\"mailto:geneve@aiserimplants.com\" rel=\"noopener\">geneve@aiserimplants.com<\/a><br \/><a href=\"tel:+41225564737\">+41 (0) 22 556 47 37<\/a><\/p>\n<p>[\/et_pb_blurb][\/et_pb_column][\/et_pb_row][et_pb_row _builder_version=&#8221;4.27.4&#8243; _module_preset=&#8221;default&#8221; custom_css_main_element=&#8221;display: flex;&#8221; global_colors_info=&#8221;{}&#8221;][et_pb_column type=&#8221;4_4&#8243; _builder_version=&#8221;4.27.4&#8243; _module_preset=&#8221;default&#8221; custom_css_main_element=&#8221;display: flex;||flex-wrap: wrap;&#8221; global_colors_info=&#8221;{}&#8221;][et_pb_blurb title=&#8221;Amman &#8211; Jordan&#8221; image=&#8221;https:\/\/aiserimplants.com\/wp-content\/uploads\/2025\/05\/Amman_Jordan_450x300.jpg&#8221; alt=&#8221;New York, USA&#8221; admin_label=&#8221;Amman &#8211; Giordania&#8221; _builder_version=&#8221;4.27.4&#8243; _module_preset=&#8221;b04b1a2f-7b18-45ce-a267-13fb41f7ba31&#8243; global_colors_info=&#8221;{}&#8221;]<a target=\"_blank\" href=\"mailto:amman@aiserimplants.com\" rel=\"noopener\">amman@aiserimplants.com<\/a><br \/>\n<a href=\"tel:00962777686970\">+962 7 7768 6970<\/a>[\/et_pb_blurb][et_pb_blurb title=&#8221;Baghdad &#8211; Iraq&#8221; image=&#8221;https:\/\/aiserimplants.com\/wp-content\/uploads\/2025\/10\/Baghdad_Iraq_450x300.jpg&#8221; alt=&#8221;New York, USA&#8221; admin_label=&#8221;Baghdad &#8211; Iraq&#8221; _builder_version=&#8221;4.27.4&#8243; _module_preset=&#8221;b04b1a2f-7b18-45ce-a267-13fb41f7ba31&#8243; global_colors_info=&#8221;{}&#8221;]<\/p>\n<p>Bab AlMathem<br \/><a target=\"_blank\" href=\"mailto:bagdad@aiserimplants.com\" rel=\"noopener\">bagdad@aiserimplants.com<\/a><\/p>\n<p>[\/et_pb_blurb][et_pb_blurb title=&#8221;Beirut &#8211; Lebanon&#8221; image=&#8221;https:\/\/aiserimplants.com\/wp-content\/uploads\/2025\/05\/Beirut_Lebanon_450x300.jpg&#8221; alt=&#8221;New York, USA&#8221; admin_label=&#8221;Beirut &#8211; Libano&#8221; _builder_version=&#8221;4.27.4&#8243; _module_preset=&#8221;b04b1a2f-7b18-45ce-a267-13fb41f7ba31&#8243; global_colors_info=&#8221;{}&#8221;]<a target=\"_blank\" href=\"mailto:beirut@aiserimplants.com\" rel=\"noopener\">beirut@aiserimplants.com<\/a>[\/et_pb_blurb][et_pb_blurb title=&#8221;Cairo &#8211; Egypt&#8221; image=&#8221;https:\/\/aiserimplants.com\/wp-content\/uploads\/2025\/05\/Cairo_Egypt_450x300.jpg&#8221; alt=&#8221;New York, USA&#8221; admin_label=&#8221;Il Cairo &#8211; Egitto&#8221; _builder_version=&#8221;4.27.4&#8243; _module_preset=&#8221;b04b1a2f-7b18-45ce-a267-13fb41f7ba31&#8243; global_colors_info=&#8221;{}&#8221;]<a target=\"_blank\" href=\"mailto:cairo@aiserimplants.com\" rel=\"noopener\">cairo@aiserimplants.com<\/a>[\/et_pb_blurb][et_pb_blurb title=&#8221;Chiasso &#8211; Switzerland&#8221; image=&#8221;https:\/\/aiserimplants.com\/wp-content\/uploads\/2025\/05\/Chiasso_Switzerland_450x300.jpg&#8221; alt=&#8221;New York, USA&#8221; admin_label=&#8221;Chiasso &#8211; Svizzera&#8221; _builder_version=&#8221;4.27.4&#8243; _module_preset=&#8221;b04b1a2f-7b18-45ce-a267-13fb41f7ba31&#8243; global_colors_info=&#8221;{}&#8221;]<\/p>\n<p>Via degli Albrici, 3<br \/>6830, Chiasso, Switzerland<br \/><a target=\"_blank\" href=\"mailto:chiasso@aiserimplants.com\" rel=\"noopener\">chiasso@aiserimplants.com<\/a><\/p>\n<p>[\/et_pb_blurb][et_pb_blurb title=&#8221;Damascus &#8211; Syria&#8221; image=&#8221;https:\/\/aiserimplants.com\/wp-content\/uploads\/2025\/05\/Damascus_Syria_450x300.jpg&#8221; alt=&#8221;New York, USA&#8221; admin_label=&#8221;Damasco &#8211; Siria&#8221; _builder_version=&#8221;4.27.4&#8243; _module_preset=&#8221;b04b1a2f-7b18-45ce-a267-13fb41f7ba31&#8243; global_colors_info=&#8221;{}&#8221;]<a target=\"_blank\" href=\"mailto:damascus@aiserimplants.com\" rel=\"noopener\">damascus@aiserimplants.com<\/a>[\/et_pb_blurb][et_pb_blurb title=&#8221;Dubai &#8211; United Arab Emirates&#8221; image=&#8221;https:\/\/aiserimplants.com\/wp-content\/uploads\/2025\/05\/Dubai_United-Arab-Emirates_450x300.jpg&#8221; alt=&#8221;Gen\u00e8ve &#8211; Switzerland&#8221; admin_label=&#8221;Dubai &#8211; Emirati Arabi Uniti&#8221; _builder_version=&#8221;4.27.4&#8243; _module_preset=&#8221;b04b1a2f-7b18-45ce-a267-13fb41f7ba31&#8243; global_colors_info=&#8221;{}&#8221;]23\u00b0 Piano, Damac Smart Heights<br \/>Barsha Heights, Dubai, United Arab Emirates<br \/><a target=\"_blank\" href=\"mailto:dubai@aiserimplants.com\" rel=\"noopener\">dubai@aiserimplants.com<\/a>[\/et_pb_blurb][et_pb_blurb title=&#8221;Istanbul &#8211; T\u00fcrkiye&#8221; image=&#8221;https:\/\/aiserimplants.com\/wp-content\/uploads\/2025\/05\/Istanbul_Turkiye_450x300.jpg&#8221; alt=&#8221;Gen\u00e8ve &#8211; Switzerland&#8221; admin_label=&#8221;Istanbul &#8211; Turchia&#8221; _builder_version=&#8221;4.27.4&#8243; _module_preset=&#8221;b04b1a2f-7b18-45ce-a267-13fb41f7ba31&#8243; global_colors_info=&#8221;{}&#8221;]<\/p>\n<p>Mahmutbey Mah. 2445 Sk. No:59<br \/>Ba\u011fc\u0131lar &#8211; Istanbul, T\u00fcrkiye  <br \/><a target=\"_blank\" href=\"mailto:istanbul@aiserimplants.com\" rel=\"noopener\">istanbul@aiserimplants.com<\/a><br \/><a href=\"tel:00905334692202\">+90 533 469 22 02<\/a><\/p>\n<p>[\/et_pb_blurb][et_pb_blurb title=&#8221;Kabul &#8211; Afghanistan&#8221; image=&#8221;https:\/\/aiserimplants.com\/wp-content\/uploads\/2025\/05\/Kabul_Afghanistan_450x300.jpg&#8221; alt=&#8221;Gen\u00e8ve &#8211; Switzerland&#8221; admin_label=&#8221;Kabul &#8211; Afghanistan&#8221; _builder_version=&#8221;4.27.4&#8243; _module_preset=&#8221;b04b1a2f-7b18-45ce-a267-13fb41f7ba31&#8243; global_colors_info=&#8221;{}&#8221;]<\/p>\n<p><a target=\"_blank\" href=\"mailto:kabul@aiserimplants.com\" rel=\"noopener\">kabul@aiserimplants.com<\/a><\/p>\n<p>[\/et_pb_blurb][et_pb_blurb title=&#8221;Milan &#8211; Italy&#8221; image=&#8221;https:\/\/aiserimplants.com\/wp-content\/uploads\/2025\/05\/Milan_Italy_450x300.jpg&#8221; alt=&#8221;Gen\u00e8ve &#8211; Switzerland&#8221; admin_label=&#8221;Milano &#8211; Italia&#8221; _builder_version=&#8221;4.27.4&#8243; _module_preset=&#8221;b04b1a2f-7b18-45ce-a267-13fb41f7ba31&#8243; global_colors_info=&#8221;{}&#8221;]<\/p>\n<p>Via Raffaello Sanzio, 19<\/p>\n<p><a target=\"_blank\" href=\"mailto:milan@aiserimplants.com\" rel=\"noopener\">milan@aiserimplants.com<\/a><\/p>\n<p>[\/et_pb_blurb][et_pb_blurb title=&#8221;New York &#8211; USA&#8221; image=&#8221;https:\/\/aiserimplants.com\/wp-content\/uploads\/2025\/05\/New-York_USA_450x300.jpg&#8221; alt=&#8221;New York, USA&#8221; admin_label=&#8221;New York &#8211; USA&#8221; _builder_version=&#8221;4.27.4&#8243; _module_preset=&#8221;b04b1a2f-7b18-45ce-a267-13fb41f7ba31&#8243; global_colors_info=&#8221;{}&#8221;]626 RexCorp Plaza, 6th Floor<br \/>\nUniondale, NY 11556, USA<br \/>\n<a target=\"_blank\" href=\"mailto:newyork@aiserimplants.com\" rel=\"noopener\">newyork@aiserimplants.com<\/a>[\/et_pb_blurb][et_pb_blurb title=&#8221;Nicosia &#8211; Cyprus&#8221; image=&#8221;https:\/\/aiserimplants.com\/wp-content\/uploads\/2025\/05\/Nicosia_Cyprus_450x300.jpg&#8221; alt=&#8221;New York, USA&#8221; admin_label=&#8221;Nicosia &#8211; Cipro&#8221; _builder_version=&#8221;4.27.4&#8243; _module_preset=&#8221;b04b1a2f-7b18-45ce-a267-13fb41f7ba31&#8243; global_colors_info=&#8221;{}&#8221;]<a target=\"_blank\" href=\"mailto:nicosia@aiserimplants.com\" rel=\"noopener\">nicosia@aiserimplants.com<\/a>[\/et_pb_blurb][et_pb_blurb title=&#8221;Oradea &#8211; Romania&#8221; image=&#8221;https:\/\/aiserimplants.com\/wp-content\/uploads\/2025\/05\/Oradea_Romania_450x300-2.jpg&#8221; alt=&#8221;New York, USA&#8221; admin_label=&#8221;Oradea &#8211; Romania&#8221; _builder_version=&#8221;4.27.4&#8243; _module_preset=&#8221;b04b1a2f-7b18-45ce-a267-13fb41f7ba31&#8243; global_colors_info=&#8221;{}&#8221;]<a target=\"_blank\" href=\"mailto:oradea@aiserimplants.com\" rel=\"noopener\">oradea@aiserimplants.com<\/a>[\/et_pb_blurb][et_pb_blurb title=&#8221;Rio de Janeiro &#8211; Brazil&#8221; image=&#8221;https:\/\/aiserimplants.com\/wp-content\/uploads\/2025\/05\/Rio-de-Janeiro_Brazil_450x300.jpg&#8221; alt=&#8221;New York, USA&#8221; admin_label=&#8221;Rio de Janeiro &#8211; Brasile&#8221; _builder_version=&#8221;4.27.4&#8243; _module_preset=&#8221;b04b1a2f-7b18-45ce-a267-13fb41f7ba31&#8243; global_colors_info=&#8221;{}&#8221;]Rio de Janeiro &#8211; RJ, 20021-290, Brazil<br \/>\n<a target=\"_blank\" href=\"mailto:riodejaneiro@aiserimplants.com\" rel=\"noopener\">riodejaneiro@aiserimplants.com<\/a>[\/et_pb_blurb][et_pb_blurb title=&#8221;Riyadh &#8211; Saudi Arabia&#8221; image=&#8221;https:\/\/aiserimplants.com\/wp-content\/uploads\/2025\/05\/Riyadh_Saudi-Arabia_450x300.jpg&#8221; alt=&#8221;New York, USA&#8221; admin_label=&#8221;Riad &#8211; Arabia Saudita&#8221; _builder_version=&#8221;4.27.4&#8243; _module_preset=&#8221;b04b1a2f-7b18-45ce-a267-13fb41f7ba31&#8243; global_colors_info=&#8221;{}&#8221;]<a target=\"_blank\" href=\"mailto:riyadh@aiserimplants.com\" rel=\"noopener\">riyadh@aiserimplants.com<\/a><br \/>\n<a href=\"tel:00966547531459\">+966 547 531 459<\/a>[\/et_pb_blurb][et_pb_blurb title=&#8221;Shanghai &#8211; China&#8221; image=&#8221;https:\/\/aiserimplants.com\/wp-content\/uploads\/2025\/05\/Shanghai_China_450x300.jpg&#8221; alt=&#8221;New York, USA&#8221; admin_label=&#8221;Shanghai &#8211; Cina&#8221; _builder_version=&#8221;4.27.4&#8243; _module_preset=&#8221;b04b1a2f-7b18-45ce-a267-13fb41f7ba31&#8243; global_colors_info=&#8221;{}&#8221;]26\/F, Hong Kong Plaza<br \/>283 Middle Huai Hai Road, Luwan District<br \/>200021, Shanghai PRC<br \/><a target=\"_blank\" href=\"mailto:shangai@aiserimplants.com\" rel=\"noopener\">shangai@aiserimplants.com<\/a>[\/et_pb_blurb][et_pb_blurb title=&#8221;Tirana &#8211; Albania&#8221; image=&#8221;https:\/\/aiserimplants.com\/wp-content\/uploads\/2025\/05\/Tirana_Albania_450x300-2.jpg&#8221; alt=&#8221;New York, USA&#8221; admin_label=&#8221;Tirana &#8211; Albania&#8221; _builder_version=&#8221;4.27.4&#8243; _module_preset=&#8221;b04b1a2f-7b18-45ce-a267-13fb41f7ba31&#8243; global_colors_info=&#8221;{}&#8221;]<a target=\"_blank\" href=\"mailto:tirana@aiserimplants.com\" rel=\"noopener\">tirana@aiserimplants.com<\/a>[\/et_pb_blurb][et_pb_blurb title=&#8221;Tokyo &#8211; Japan&#8221; image=&#8221;https:\/\/aiserimplants.com\/wp-content\/uploads\/2025\/05\/Tokyo_Japan_450x300.jpg&#8221; alt=&#8221;New York, USA&#8221; admin_label=&#8221;Tokyo &#8211; Giappone&#8221; _builder_version=&#8221;4.27.4&#8243; _module_preset=&#8221;b04b1a2f-7b18-45ce-a267-13fb41f7ba31&#8243; global_colors_info=&#8221;{}&#8221;]Shinjuku Park Tower North Tower 30th floor.<br \/>Nishishinjuku, Shinjuku-ku, Tokyo, Japan 163-1030<br \/>\u3012163-1030 \u6771\u4eac\u90fd\u65b0\u5bbf\u533a\u897f\u65b0\u5bbf 3-7-1<br \/>\u65b0\u5bbf\u30d1\u30fc\u30af\u30bf\u30ef\u30fc\uff2e\u68df30\u968e<br \/><a target=\"_blank\" href=\"mailto:tokyo@aiserimplants.com\" rel=\"noopener\">tokyo@aiserimplants.com<\/a>[\/et_pb_blurb][\/et_pb_column][\/et_pb_row][\/et_pb_section]<\/p>\n","protected":false},"excerpt":{"rendered":"<p>Our Offices. Geneva, Switzerland Rue du Rhone, 14VH-1204. Dubai &#8211; Milan &#8211; New York &#8211; Rio de Janeiro &#8211; Shanghai &#8211; Tokyo&#8230;  <\/p>\n","protected":false},"author":1,"featured_media":3045,"parent":0,"menu_order":0,"comment_status":"closed","ping_status":"closed","template":"","meta":{"_acf_changed":false,"_et_pb_use_builder":"on","_et_pb_old_content":"","_et_gb_content_width":"","footnotes":""},"class_list":["post-332","page","type-page","status-publish","has-post-thumbnail","hentry"],"acf":[],"yoast_head":"<!-- This site is optimized with the Yoast SEO Premium plugin v25.2 (Yoast SEO v27.4) - https:\/\/yoast.com\/product\/yoast-seo-premium-wordpress\/ -->\n<title>Offices - Aiser Implants<\/title>\n<meta name=\"description\" content=\"Our Offices. Geneva, Switzerland Rue du Rhone, 14VH-1204. Dubai - Milan - New York - Rio de Janeiro - Shanghai - Tokyo...\" \/>\n<meta name=\"robots\" content=\"index, follow, max-snippet:-1, max-image-preview:large, max-video-preview:-1\" \/>\n<link rel=\"canonical\" href=\"https:\/\/aiserimplants.com\/en\/contacts\/\" \/>\n<meta property=\"og:locale\" content=\"en_US\" \/>\n<meta property=\"og:type\" content=\"article\" \/>\n<meta property=\"og:title\" content=\"Our Aiser Offices\" \/>\n<meta property=\"og:description\" content=\"Our Offices. Geneva, Switzerland Rue du Rhone, 14VH-1204. Dubai - Milan - New York - Rio de Janeiro - Shanghai - Tokyo...\" \/>\n<meta property=\"og:url\" content=\"https:\/\/aiserimplants.com\/en\/contacts\/\" \/>\n<meta property=\"og:site_name\" content=\"Aiser Implants\" \/>\n<meta property=\"article:modified_time\" content=\"2026-04-03T17:49:59+00:00\" \/>\n<meta property=\"og:image\" content=\"https:\/\/aiserimplants.com\/wp-content\/uploads\/2022\/04\/Bandiere-Onu-1024x478.png\" \/>\n<meta name=\"twitter:card\" content=\"summary_large_image\" \/>\n<meta name=\"twitter:title\" content=\"Offices\" \/>\n<meta name=\"twitter:label1\" content=\"Est. reading time\" \/>\n\t<meta name=\"twitter:data1\" content=\"6 minutes\" \/>\n<script type=\"application\/ld+json\" class=\"yoast-schema-graph\">{\"@context\":\"https:\\\/\\\/schema.org\",\"@graph\":[{\"@type\":\"WebPage\",\"@id\":\"https:\\\/\\\/aiserimplants.com\\\/en\\\/contacts\\\/\",\"url\":\"https:\\\/\\\/aiserimplants.com\\\/en\\\/contacts\\\/\",\"name\":\"Offices - Aiser Implants\",\"isPartOf\":{\"@id\":\"https:\\\/\\\/aiserimplants.com\\\/en\\\/#website\"},\"primaryImageOfPage\":{\"@id\":\"https:\\\/\\\/aiserimplants.com\\\/en\\\/contacts\\\/#primaryimage\"},\"image\":{\"@id\":\"https:\\\/\\\/aiserimplants.com\\\/en\\\/contacts\\\/#primaryimage\"},\"thumbnailUrl\":\"https:\\\/\\\/aiserimplants.com\\\/wp-content\\\/uploads\\\/2022\\\/04\\\/Bandiere-Onu.png\",\"datePublished\":\"2021-12-17T16:34:55+00:00\",\"dateModified\":\"2026-04-03T17:49:59+00:00\",\"description\":\"Our Offices. Geneva, Switzerland Rue du Rhone, 14VH-1204. Dubai - Milan - New York - Rio de Janeiro - Shanghai - Tokyo...\",\"breadcrumb\":{\"@id\":\"https:\\\/\\\/aiserimplants.com\\\/en\\\/contacts\\\/#breadcrumb\"},\"inLanguage\":\"en-US\",\"potentialAction\":[{\"@type\":\"ReadAction\",\"target\":[\"https:\\\/\\\/aiserimplants.com\\\/en\\\/contacts\\\/\"]}]},{\"@type\":\"ImageObject\",\"inLanguage\":\"en-US\",\"@id\":\"https:\\\/\\\/aiserimplants.com\\\/en\\\/contacts\\\/#primaryimage\",\"url\":\"https:\\\/\\\/aiserimplants.com\\\/wp-content\\\/uploads\\\/2022\\\/04\\\/Bandiere-Onu.png\",\"contentUrl\":\"https:\\\/\\\/aiserimplants.com\\\/wp-content\\\/uploads\\\/2022\\\/04\\\/Bandiere-Onu.png\",\"width\":1500,\"height\":700},{\"@type\":\"BreadcrumbList\",\"@id\":\"https:\\\/\\\/aiserimplants.com\\\/en\\\/contacts\\\/#breadcrumb\",\"itemListElement\":[{\"@type\":\"ListItem\",\"position\":1,\"name\":\"Home\",\"item\":\"https:\\\/\\\/aiserimplants.com\\\/en\\\/home3\\\/\"},{\"@type\":\"ListItem\",\"position\":2,\"name\":\"Offices\"}]},{\"@type\":\"WebSite\",\"@id\":\"https:\\\/\\\/aiserimplants.com\\\/en\\\/#website\",\"url\":\"https:\\\/\\\/aiserimplants.com\\\/en\\\/\",\"name\":\"Aiser Implants\",\"description\":\"Swiss Quality at its Peak\",\"publisher\":{\"@id\":\"https:\\\/\\\/aiserimplants.com\\\/en\\\/#organization\"},\"potentialAction\":[{\"@type\":\"SearchAction\",\"target\":{\"@type\":\"EntryPoint\",\"urlTemplate\":\"https:\\\/\\\/aiserimplants.com\\\/en\\\/?s={search_term_string}\"},\"query-input\":{\"@type\":\"PropertyValueSpecification\",\"valueRequired\":true,\"valueName\":\"search_term_string\"}}],\"inLanguage\":\"en-US\"},{\"@type\":[\"Organization\",\"Place\"],\"@id\":\"https:\\\/\\\/aiserimplants.com\\\/en\\\/#organization\",\"name\":\"Aiser\",\"url\":\"https:\\\/\\\/aiserimplants.com\\\/en\\\/\",\"logo\":{\"@id\":\"https:\\\/\\\/aiserimplants.com\\\/en\\\/contacts\\\/#local-main-organization-logo\"},\"image\":{\"@id\":\"https:\\\/\\\/aiserimplants.com\\\/en\\\/contacts\\\/#local-main-organization-logo\"},\"telephone\":[],\"openingHoursSpecification\":[{\"@type\":\"OpeningHoursSpecification\",\"dayOfWeek\":[\"Monday\",\"Tuesday\",\"Wednesday\",\"Thursday\",\"Friday\",\"Saturday\",\"Sunday\"],\"opens\":\"09:00\",\"closes\":\"17:00\"}]},{\"@type\":\"ImageObject\",\"inLanguage\":\"en-US\",\"@id\":\"https:\\\/\\\/aiserimplants.com\\\/en\\\/contacts\\\/#local-main-organization-logo\",\"url\":\"https:\\\/\\\/aiserimplants.com\\\/wp-content\\\/uploads\\\/2022\\\/02\\\/AISER_logo.jpg\",\"contentUrl\":\"https:\\\/\\\/aiserimplants.com\\\/wp-content\\\/uploads\\\/2022\\\/02\\\/AISER_logo.jpg\",\"width\":1806,\"height\":1082,\"caption\":\"Aiser\"}]}<\/script>\n<!-- \/ Yoast SEO Premium plugin. -->","yoast_head_json":{"title":"Offices - Aiser Implants","description":"Our Offices. Geneva, Switzerland Rue du Rhone, 14VH-1204. Dubai - Milan - New York - Rio de Janeiro - Shanghai - Tokyo...","robots":{"index":"index","follow":"follow","max-snippet":"max-snippet:-1","max-image-preview":"max-image-preview:large","max-video-preview":"max-video-preview:-1"},"canonical":"https:\/\/aiserimplants.com\/en\/contacts\/","og_locale":"en_US","og_type":"article","og_title":"Our Aiser Offices","og_description":"Our Offices. Geneva, Switzerland Rue du Rhone, 14VH-1204. Dubai - Milan - New York - Rio de Janeiro - Shanghai - Tokyo...","og_url":"https:\/\/aiserimplants.com\/en\/contacts\/","og_site_name":"Aiser Implants","article_modified_time":"2026-04-03T17:49:59+00:00","og_image":[{"url":"https:\/\/aiserimplants.com\/wp-content\/uploads\/2022\/04\/Bandiere-Onu-1024x478.png","type":"","width":"","height":""}],"twitter_card":"summary_large_image","twitter_title":"Offices","twitter_misc":{"Est. reading time":"6 minutes"},"schema":{"@context":"https:\/\/schema.org","@graph":[{"@type":"WebPage","@id":"https:\/\/aiserimplants.com\/en\/contacts\/","url":"https:\/\/aiserimplants.com\/en\/contacts\/","name":"Offices - Aiser Implants","isPartOf":{"@id":"https:\/\/aiserimplants.com\/en\/#website"},"primaryImageOfPage":{"@id":"https:\/\/aiserimplants.com\/en\/contacts\/#primaryimage"},"image":{"@id":"https:\/\/aiserimplants.com\/en\/contacts\/#primaryimage"},"thumbnailUrl":"https:\/\/aiserimplants.com\/wp-content\/uploads\/2022\/04\/Bandiere-Onu.png","datePublished":"2021-12-17T16:34:55+00:00","dateModified":"2026-04-03T17:49:59+00:00","description":"Our Offices. Geneva, Switzerland Rue du Rhone, 14VH-1204. Dubai - Milan - New York - Rio de Janeiro - Shanghai - Tokyo...","breadcrumb":{"@id":"https:\/\/aiserimplants.com\/en\/contacts\/#breadcrumb"},"inLanguage":"en-US","potentialAction":[{"@type":"ReadAction","target":["https:\/\/aiserimplants.com\/en\/contacts\/"]}]},{"@type":"ImageObject","inLanguage":"en-US","@id":"https:\/\/aiserimplants.com\/en\/contacts\/#primaryimage","url":"https:\/\/aiserimplants.com\/wp-content\/uploads\/2022\/04\/Bandiere-Onu.png","contentUrl":"https:\/\/aiserimplants.com\/wp-content\/uploads\/2022\/04\/Bandiere-Onu.png","width":1500,"height":700},{"@type":"BreadcrumbList","@id":"https:\/\/aiserimplants.com\/en\/contacts\/#breadcrumb","itemListElement":[{"@type":"ListItem","position":1,"name":"Home","item":"https:\/\/aiserimplants.com\/en\/home3\/"},{"@type":"ListItem","position":2,"name":"Offices"}]},{"@type":"WebSite","@id":"https:\/\/aiserimplants.com\/en\/#website","url":"https:\/\/aiserimplants.com\/en\/","name":"Aiser Implants","description":"Swiss Quality at its Peak","publisher":{"@id":"https:\/\/aiserimplants.com\/en\/#organization"},"potentialAction":[{"@type":"SearchAction","target":{"@type":"EntryPoint","urlTemplate":"https:\/\/aiserimplants.com\/en\/?s={search_term_string}"},"query-input":{"@type":"PropertyValueSpecification","valueRequired":true,"valueName":"search_term_string"}}],"inLanguage":"en-US"},{"@type":["Organization","Place"],"@id":"https:\/\/aiserimplants.com\/en\/#organization","name":"Aiser","url":"https:\/\/aiserimplants.com\/en\/","logo":{"@id":"https:\/\/aiserimplants.com\/en\/contacts\/#local-main-organization-logo"},"image":{"@id":"https:\/\/aiserimplants.com\/en\/contacts\/#local-main-organization-logo"},"telephone":[],"openingHoursSpecification":[{"@type":"OpeningHoursSpecification","dayOfWeek":["Monday","Tuesday","Wednesday","Thursday","Friday","Saturday","Sunday"],"opens":"09:00","closes":"17:00"}]},{"@type":"ImageObject","inLanguage":"en-US","@id":"https:\/\/aiserimplants.com\/en\/contacts\/#local-main-organization-logo","url":"https:\/\/aiserimplants.com\/wp-content\/uploads\/2022\/02\/AISER_logo.jpg","contentUrl":"https:\/\/aiserimplants.com\/wp-content\/uploads\/2022\/02\/AISER_logo.jpg","width":1806,"height":1082,"caption":"Aiser"}]}},"_links":{"self":[{"href":"https:\/\/aiserimplants.com\/en\/wp-json\/wp\/v2\/pages\/332","targetHints":{"allow":["GET"]}}],"collection":[{"href":"https:\/\/aiserimplants.com\/en\/wp-json\/wp\/v2\/pages"}],"about":[{"href":"https:\/\/aiserimplants.com\/en\/wp-json\/wp\/v2\/types\/page"}],"author":[{"embeddable":true,"href":"https:\/\/aiserimplants.com\/en\/wp-json\/wp\/v2\/users\/1"}],"replies":[{"embeddable":true,"href":"https:\/\/aiserimplants.com\/en\/wp-json\/wp\/v2\/comments?post=332"}],"version-history":[{"count":87,"href":"https:\/\/aiserimplants.com\/en\/wp-json\/wp\/v2\/pages\/332\/revisions"}],"predecessor-version":[{"id":7618,"href":"https:\/\/aiserimplants.com\/en\/wp-json\/wp\/v2\/pages\/332\/revisions\/7618"}],"wp:featuredmedia":[{"embeddable":true,"href":"https:\/\/aiserimplants.com\/en\/wp-json\/wp\/v2\/media\/3045"}],"wp:attachment":[{"href":"https:\/\/aiserimplants.com\/en\/wp-json\/wp\/v2\/media?parent=332"}],"curies":[{"name":"wp","href":"https:\/\/api.w.org\/{rel}","templated":true}]}}