{"id":3055,"date":"2022-04-01T12:31:46","date_gmt":"2022-04-01T10:31:46","guid":{"rendered":"https:\/\/aiserimplants.com\/calidad-suiza\/"},"modified":"2024-01-09T12:50:37","modified_gmt":"2024-01-09T11:50:37","slug":"calidad-suiza","status":"publish","type":"page","link":"https:\/\/aiserimplants.com\/es\/calidad-suiza\/","title":{"rendered":"Calidad Suiza"},"content":{"rendered":"<p>[et_pb_section fb_built=\u00bb1&#8243; fullwidth=\u00bbon\u00bb admin_label=\u00bbHero Section\u00bb _builder_version=\u00bb4.16&#8243; background_color=\u00bb#000000&#8243; parallax=\u00bbon\u00bb custom_padding=\u00bb0px|0px|0px|0px\u00bb global_colors_info=\u00bb{}\u00bb][et_pb_fullwidth_header title=\u00bbCalidad Suiza\u00bb subhead=\u00bbTodos los implantes dentales, los componentes y los instrumentos quir\u00fargicos de AISER se producen de acuerdo con estrictas normas de calidad\u00bb admin_label=\u00bbHero\u00bb _builder_version=\u00bb4.16&#8243; _module_preset=\u00bb5d2311d1-d0df-49c3-8a3a-d366a118df72&#8243; background_enable_color=\u00bboff\u00bb background_image=\u00bbhttps:\/\/aiserimplants.com\/wp-content\/uploads\/2022\/02\/travel-landscape-17.jpg\u00bb button_one_text_color_hover=\u00bb#ffffff\u00bb button_one_border_color_hover=\u00bb#ffffff\u00bb button_one_border_radius_hover=\u00bb0px\u00bb button_one_letter_spacing_hover=\u00bb4px\u00bb button_one_bg_color_hover=\u00bbrgba(0,0,0,0)\u00bb global_colors_info=\u00bb{}\u00bb button_one_text_size__hover_enabled=\u00bboff\u00bb button_two_text_size__hover_enabled=\u00bboff\u00bb button_one_text_color__hover_enabled=\u00bbon\u00bb button_one_text_color__hover=\u00bb#ffffff\u00bb button_two_text_color__hover_enabled=\u00bboff\u00bb button_one_border_width__hover_enabled=\u00bboff\u00bb button_two_border_width__hover_enabled=\u00bboff\u00bb button_one_border_color__hover_enabled=\u00bbon\u00bb button_one_border_color__hover=\u00bb#ffffff\u00bb button_two_border_color__hover_enabled=\u00bboff\u00bb button_one_border_radius__hover_enabled=\u00bbon\u00bb button_one_border_radius__hover=\u00bb0px\u00bb button_two_border_radius__hover_enabled=\u00bboff\u00bb button_one_letter_spacing__hover_enabled=\u00bbon\u00bb button_one_letter_spacing__hover=\u00bb4px\u00bb button_two_letter_spacing__hover_enabled=\u00bboff\u00bb button_one_bg_color__hover_enabled=\u00bbon\u00bb button_one_bg_color__hover=\u00bbrgba(0,0,0,0)\u00bb button_two_bg_color__hover_enabled=\u00bboff\u00bb][\/et_pb_fullwidth_header][\/et_pb_section][et_pb_section fb_built=\u00bb1&#8243; _builder_version=\u00bb4.21.0&#8243; _module_preset=\u00bbdefault\u00bb background_color=\u00bb#000000&#8243; global_colors_info=\u00bb{}\u00bb][et_pb_row _builder_version=\u00bb4.17.3&#8243; _module_preset=\u00bbdefault\u00bb locked=\u00bboff\u00bb global_colors_info=\u00bb{}\u00bb column_structure=\u00bb3_4,1_4&#8243;][et_pb_column type=\u00bb3_4&#8243; _builder_version=\u00bb4.17.3&#8243; _module_preset=\u00bbdefault\u00bb global_colors_info=\u00bb{}\u00bb][et_pb_text _builder_version=\u00bb4.21.0&#8243; _module_preset=\u00bbdefault\u00bb text_line_height=\u00bb1.8em\u00bb text_orientation=\u00bbcenter\u00bb custom_padding=\u00bb|100px||100px|false|true\u00bb custom_padding_tablet=\u00bb|100px||100px|false|true\u00bb custom_padding_phone=\u00bb|0px||0px|false|true\u00bb custom_padding_last_edited=\u00bbon|phone\u00bb global_colors_info=\u00bb{}\u00bb]<\/p>\n<p>Descargue el estudio realizado en colaboraci\u00f3n con la Facultad de Ciencias <strong>Matemaattis-Luonnontieteellinen Tiedekunta de la Universidad de Helsinki<\/strong>.<\/p>\n<p>[\/et_pb_text][et_pb_button button_url=\u00bbhttps:\/\/aiserimplants.com\/wp-content\/uploads\/2023\/07\/Report-on-SEM-investigation-endosseous-implants-surface-analysis.pdf\u00bb button_text=\u00bb\u00a1Desc\u00e1rguelo ahora!\u00bb button_alignment=\u00bbcenter\u00bb _builder_version=\u00bb4.23.4&#8243; _module_preset=\u00bbd6309e21-bdc4-44a4-869e-39a631350022&#8243; hover_enabled=\u00bb0&#8243; global_colors_info=\u00bb{}\u00bb url_new_window=\u00bbon\u00bb sticky_enabled=\u00bb0&#8243;][\/et_pb_button][\/et_pb_column][et_pb_column type=\u00bb1_4&#8243; _builder_version=\u00bb4.17.3&#8243; _module_preset=\u00bbdefault\u00bb global_colors_info=\u00bb{}\u00bb][et_pb_image _builder_version=\u00bb4.23.4&#8243; _module_preset=\u00bbdefault\u00bb title_text=\u00bbPrintable document (Report on SEM investigation &#8211; Helsinki)\u00bb src=\u00bbhttps:\/\/aiserimplants.com\/wp-content\/uploads\/2023\/07\/Printable-document-Report-on-SEM-investigation-Helsinki.png\u00bb hover_enabled=\u00bb0&#8243; sticky_enabled=\u00bb0&#8243; url=\u00bbhttps:\/\/aiserimplants.com\/wp-content\/uploads\/2023\/07\/Report-on-SEM-investigation-endosseous-implants-surface-analysis.pdf\u00bb url_new_window=\u00bbon\u00bb][\/et_pb_image][\/et_pb_column][\/et_pb_row][\/et_pb_section][et_pb_section fb_built=\u00bb1&#8243; _builder_version=\u00bb4.16&#8243; background_color=\u00bb#000000&#8243; custom_padding=\u00bb110px||0px|||\u00bb global_colors_info=\u00bb{}\u00bb][et_pb_row column_structure=\u00bb1_2,1_2&#8243; _builder_version=\u00bb4.16&#8243; global_colors_info=\u00bb{}\u00bb][et_pb_column type=\u00bb1_2&#8243; _builder_version=\u00bb4.16&#8243; custom_padding=\u00bb|||\u00bb global_colors_info=\u00bb{}\u00bb custom_padding__hover=\u00bb|||\u00bb][et_pb_text admin_label=\u00bbDiscover Beatuty Sub Title\u00bb _builder_version=\u00bb4.16&#8243; _module_preset=\u00bb_initial\u00bb text_font=\u00bb||||||||\u00bb text_text_color=\u00bb#FFFFFF\u00bb text_font_size=\u00bb24px\u00bb text_line_height=\u00bb1.4em\u00bb animation_style=\u00bbslide\u00bb animation_direction=\u00bbtop\u00bb animation_intensity_slide=\u00bb10%\u00bb global_colors_info=\u00bb{}\u00bb]<\/p>\n<p>La dureza, la flexibilidad y la biocompatibilidad son las principales caracter\u00edsticas que buscamos en nuestros materiales.<\/p>\n<p>[\/et_pb_text][et_pb_divider color=\u00bb#ed4441&#8243; divider_position=\u00bbcenter\u00bb divider_weight=\u00bb3px\u00bb disabled_on=\u00bboff|off|off\u00bb _builder_version=\u00bb4.16&#8243; max_width=\u00bb150px\u00bb height=\u00bbfalse\u00bb animation_style=\u00bbslide\u00bb animation_direction=\u00bbtop\u00bb animation_delay=\u00bb100ms\u00bb animation_intensity_slide=\u00bb10%\u00bb global_colors_info=\u00bb{}\u00bb][\/et_pb_divider][et_pb_text admin_label=\u00bbDiscover Beatuty Text\u00bb _builder_version=\u00bb4.16&#8243; _module_preset=\u00bbac6eaaff-bd72-4c1b-8d86-322f7edf5272&#8243; text_font=\u00bb||||||||\u00bb text_font_size=\u00bb18px\u00bb text_line_height=\u00bb1.9em\u00bb custom_padding=\u00bb30px|0px|0px|||\u00bb animation_style=\u00bbslide\u00bb animation_direction=\u00bbtop\u00bb animation_delay=\u00bb200ms\u00bb animation_intensity_slide=\u00bb10%\u00bb global_colors_info=\u00bb{}\u00bb]<\/p>\n<p>Solo seleccionamos las mejores aleaciones de titanio y acero de proveedores de primera clase.<\/p>\n<p>Todos los materiales est\u00e1n certificados de acuerdo con la normativa suiza e internacional relativa a la producci\u00f3n de dispositivos biom\u00e9dicos.<\/p>\n<p>El torneado tiene lugar en nuestras f\u00e1bricas de Suiza e Italia.<\/p>\n<p>Los establecimientos est\u00e1n equipados con las m\u00e1quinas m\u00e1s avanzadas, como los modernos tornos con cabezal m\u00f3vil y 12 ejes, capaces de tornear en una sola pasada incluso las geometr\u00edas m\u00e1s complejas, garantizando la m\u00e1xima precisi\u00f3n en cada pieza.<\/p>\n<p>Hemos desarrollado tecnolog\u00edas de limpieza innovadoras para nuestros dispositivos, altamente eficientes y respetuosas con el medio ambiente.<\/p>\n<p>[\/et_pb_text][\/et_pb_column][et_pb_column type=\u00bb1_2&#8243; _builder_version=\u00bb4.16&#8243; custom_padding=\u00bb|||\u00bb global_colors_info=\u00bb{}\u00bb custom_padding__hover=\u00bb|||\u00bb][et_pb_image src=\u00bbhttps:\/\/aiserimplants.com\/wp-content\/uploads\/2022\/03\/Aiser-Citizen.png\u00bb title_text=\u00bbAiser Citizen\u00bb _builder_version=\u00bb4.16&#8243; _module_preset=\u00bbdefault\u00bb custom_padding=\u00bb0px|||||\u00bb global_colors_info=\u00bb{}\u00bb][\/et_pb_image][et_pb_text _builder_version=\u00bb4.16&#8243; _module_preset=\u00bbac6eaaff-bd72-4c1b-8d86-322f7edf5272&#8243; text_font=\u00bb||||||||\u00bb text_font_size=\u00bb18px\u00bb text_line_height=\u00bb2em\u00bb global_colors_info=\u00bb{}\u00bb]<\/p>\n<p>Nuestros dispositivos son tratados con ba\u00f1os de disolventes controlados por presi\u00f3n y temperatura, que permiten la eliminaci\u00f3n casi completa de contaminantes superficiales.<\/p>\n<p>El proceso est\u00e1 certificado por autoridades independientes y nuestro departamento de I+D realiza rigurosos controles de calidad en todos los lotes mediante EDS (an\u00e1lisis de rayos X por espectroscopia de dispersi\u00f3n de energ\u00eda) e im\u00e1genes SEM.<\/p>\n<p>[\/et_pb_text][\/et_pb_column][\/et_pb_row][\/et_pb_section][et_pb_section fb_built=\u00bb1&#8243; admin_label=\u00bbLook Inside Section\u00bb _builder_version=\u00bb4.17.3&#8243; background_image=\u00bbhttps:\/\/aiserimplants.com\/wp-content\/uploads\/2022\/03\/Progetto-senza-titolo.png\u00bb parallax=\u00bbon\u00bb custom_margin=\u00bb||100px||false|false\u00bb custom_padding=\u00bb0px||0px|\u00bb global_colors_info=\u00bb{}\u00bb][et_pb_row column_structure=\u00bb1_2,1_2&#8243; use_custom_gutter=\u00bbon\u00bb gutter_width=\u00bb1&#8243; make_equal=\u00bbon\u00bb module_class=\u00bb et_pb_row_fullwidth\u00bb _builder_version=\u00bb4.16&#8243; width=\u00bb100%\u00bb width_tablet=\u00bb100%\u00bb width_phone=\u00bb100%\u00bb max_width_tablet=\u00bb100%\u00bb max_width_phone=\u00bb100%\u00bb max_width_last_edited=\u00bbon|desktop\u00bb custom_padding=\u00bb0px||0px|\u00bb make_fullwidth=\u00bbon\u00bb global_colors_info=\u00bb{}\u00bb][et_pb_column type=\u00bb1_2&#8243; _builder_version=\u00bb4.16&#8243; parallax=\u00bbon\u00bb custom_padding=\u00bb|||\u00bb global_colors_info=\u00bb{}\u00bb custom_padding__hover=\u00bb|||\u00bb][et_pb_image align_tablet=\u00bbcenter\u00bb align_phone=\u00bbcenter\u00bb align_last_edited=\u00bbon|desktop\u00bb _builder_version=\u00bb4.16&#8243; animation_style=\u00bbslide\u00bb animation_direction=\u00bbleft\u00bb animation_duration=\u00bb500ms\u00bb animation_intensity_slide=\u00bb10%\u00bb global_colors_info=\u00bb{}\u00bb][\/et_pb_image][\/et_pb_column][et_pb_column type=\u00bb1_2&#8243; _builder_version=\u00bb4.16&#8243; use_background_color_gradient=\u00bbon\u00bb background_color_gradient_stops=\u00bb#ffffff 0%|rgba(255,255,255,0.85) 50%\u00bb background_color_gradient_start=\u00bb#ffffff\u00bb background_color_gradient_end=\u00bbrgba(255,255,255,0.85)\u00bb background_color_gradient_end_position=\u00bb50%\u00bb custom_padding=\u00bb8%|6%|6%|6%\u00bb global_colors_info=\u00bb{}\u00bb custom_padding__hover=\u00bb|||\u00bb][et_pb_text admin_label=\u00bbLook Inside Title\u00bb _builder_version=\u00bb4.16&#8243; text_font=\u00bb||||\u00bb text_text_color=\u00bb#1a1a1a\u00bb header_font=\u00bb|700||on|||||\u00bb header_text_align=\u00bbleft\u00bb header_text_color=\u00bb#000000&#8243; header_font_size=\u00bb60px\u00bb header_line_height=\u00bb1.3em\u00bb max_width=\u00bb450px\u00bb custom_margin=\u00bb|||\u00bb custom_padding=\u00bb|||\u00bb animation_style=\u00bbslide\u00bb animation_direction=\u00bbtop\u00bb animation_intensity_slide=\u00bb10%\u00bb locked=\u00bboff\u00bb global_colors_info=\u00bb{}\u00bb]<\/p>\n<h1>Control de Calidad<\/h1>\n<p>[\/et_pb_text][et_pb_divider color=\u00bb#ed4441&#8243; divider_position=\u00bbcenter\u00bb divider_weight=\u00bb3px\u00bb disabled_on=\u00bboff|off|off\u00bb _builder_version=\u00bb4.16&#8243; max_width=\u00bb150px\u00bb height=\u00bbfalse\u00bb custom_margin=\u00bb30px|||\u00bb animation_style=\u00bbslide\u00bb animation_direction=\u00bbtop\u00bb animation_delay=\u00bb100ms\u00bb animation_intensity_slide=\u00bb10%\u00bb locked=\u00bboff\u00bb global_colors_info=\u00bb{}\u00bb][\/et_pb_divider][et_pb_text admin_label=\u00bbLook Inside Sub Title\u00bb _builder_version=\u00bb4.16&#8243; text_font=\u00bb||||||||\u00bb text_text_color=\u00bb#1a1a1a\u00bb text_font_size=\u00bb24px\u00bb text_line_height=\u00bb1.4em\u00bb max_width=\u00bb450px\u00bb custom_padding=\u00bb30px|||\u00bb animation_style=\u00bbslide\u00bb animation_direction=\u00bbtop\u00bb animation_delay=\u00bb200ms\u00bb animation_intensity_slide=\u00bb10%\u00bb locked=\u00bboff\u00bb global_colors_info=\u00bb{}\u00bb]<\/p>\n<p><strong>Controles \u00f3pticos y mec\u00e1nicos<\/strong> de las dimensiones de las piezas y de las caracter\u00edsticas de acoplamiento.<\/p>\n<p>[\/et_pb_text][et_pb_text admin_label=\u00bbLook Inside Sub Title\u00bb _builder_version=\u00bb4.16&#8243; text_font=\u00bb||||||||\u00bb text_text_color=\u00bb#1a1a1a\u00bb text_font_size=\u00bb24px\u00bb text_line_height=\u00bb1.4em\u00bb max_width=\u00bb450px\u00bb custom_padding=\u00bb30px|||\u00bb animation_style=\u00bbslide\u00bb animation_direction=\u00bbtop\u00bb animation_delay=\u00bb200ms\u00bb animation_intensity_slide=\u00bb10%\u00bb locked=\u00bboff\u00bb global_colors_info=\u00bb{}\u00bb]<\/p>\n<p><strong>Espectroscop\u00eda de im\u00e1genes EDS y SEM<\/strong> en una c\u00e1mara blanca para controlar las caracter\u00edsticas topogr\u00e1ficas y qu\u00edmicas de las superficies.<\/p>\n<p>[\/et_pb_text][et_pb_text admin_label=\u00bbLook Inside Sub Title\u00bb _builder_version=\u00bb4.16&#8243; text_font=\u00bb||||||||\u00bb text_text_color=\u00bb#1a1a1a\u00bb text_font_size=\u00bb24px\u00bb text_line_height=\u00bb1.4em\u00bb max_width=\u00bb450px\u00bb custom_padding=\u00bb30px|||\u00bb animation_style=\u00bbslide\u00bb animation_direction=\u00bbtop\u00bb animation_delay=\u00bb200ms\u00bb animation_intensity_slide=\u00bb10%\u00bb locked=\u00bboff\u00bb global_colors_info=\u00bb{}\u00bb]<\/p>\n<p><strong>Muestreo aleatorio en cada lote de producci\u00f3n<\/strong>.<\/p>\n<p>[\/et_pb_text][et_pb_text admin_label=\u00bbLook Inside Sub Title\u00bb _builder_version=\u00bb4.16&#8243; text_font=\u00bb||||||||\u00bb text_text_color=\u00bb#1a1a1a\u00bb text_font_size=\u00bb24px\u00bb text_line_height=\u00bb1.4em\u00bb max_width=\u00bb450px\u00bb custom_padding=\u00bb30px|||\u00bb animation_style=\u00bbslide\u00bb animation_direction=\u00bbtop\u00bb animation_delay=\u00bb200ms\u00bb animation_intensity_slide=\u00bb10%\u00bb locked=\u00bboff\u00bb global_colors_info=\u00bb{}\u00bb]<\/p>\n<p><strong>UTD Documento \u00fanico de trazabilidad<\/strong>: documento que realiza un seguimiento de todos los pasos de la producci\u00f3n y el control de calidad.<\/p>\n<p>[\/et_pb_text][et_pb_text admin_label=\u00bbLook Inside Sub Title\u00bb _builder_version=\u00bb4.16&#8243; text_font=\u00bb||||||||\u00bb text_text_color=\u00bb#1a1a1a\u00bb text_font_size=\u00bb24px\u00bb text_line_height=\u00bb1.4em\u00bb max_width=\u00bb450px\u00bb custom_padding=\u00bb30px|||\u00bb animation_style=\u00bbslide\u00bb animation_direction=\u00bbtop\u00bb animation_delay=\u00bb200ms\u00bb animation_intensity_slide=\u00bb10%\u00bb locked=\u00bboff\u00bb global_colors_info=\u00bb{}\u00bb]<\/p>\n<p>Cada sistema de <strong>AISER est\u00e1 garantizado de por vida<\/strong>.<\/p>\n<p>[\/et_pb_text][\/et_pb_column][\/et_pb_row][\/et_pb_section]<\/p>\n","protected":false},"excerpt":{"rendered":"<p>Cada Implante Dental AISER, sus componentes e Instrumental Quir\u00fargico son producidos de acuerdo con Rigurosos Est\u00e1ndares de Calidad.<\/p>\n","protected":false},"author":2,"featured_media":4912,"parent":0,"menu_order":0,"comment_status":"closed","ping_status":"closed","template":"","meta":{"_acf_changed":false,"_et_pb_use_builder":"on","_et_pb_old_content":"","_et_gb_content_width":"","footnotes":""},"class_list":["post-3055","page","type-page","status-publish","has-post-thumbnail","hentry"],"acf":[],"yoast_head":"<!-- This site is optimized with the Yoast SEO Premium plugin v25.2 (Yoast SEO v27.4) - https:\/\/yoast.com\/product\/yoast-seo-premium-wordpress\/ -->\n<title>Calidad Suiza - Aiser Implants<\/title>\n<meta name=\"description\" content=\"Cada Implante Dental AISER, sus componentes e Instrumental Quir\u00fargico son producidos de acuerdo con Rigurosos Est\u00e1ndares de Calidad.\" \/>\n<meta name=\"robots\" content=\"index, follow, max-snippet:-1, max-image-preview:large, max-video-preview:-1\" \/>\n<link rel=\"canonical\" href=\"https:\/\/aiserimplants.com\/es\/calidad-suiza\/\" \/>\n<meta property=\"og:locale\" content=\"es_ES\" \/>\n<meta property=\"og:type\" content=\"article\" \/>\n<meta property=\"og:title\" content=\"Calidad Suiza\" \/>\n<meta property=\"og:description\" content=\"Cada Implante Dental AISER, sus componentes e Instrumental Quir\u00fargico son producidos de acuerdo con Rigurosos Est\u00e1ndares de Calidad.\" \/>\n<meta property=\"og:url\" content=\"https:\/\/aiserimplants.com\/es\/calidad-suiza\/\" \/>\n<meta property=\"og:site_name\" content=\"Aiser Implants\" \/>\n<meta property=\"article:modified_time\" content=\"2024-01-09T11:50:37+00:00\" \/>\n<meta property=\"og:image\" content=\"https:\/\/aiserimplants.com\/wp-content\/uploads\/2022\/05\/Montagne-svizzere_1.jpg\" \/>\n\t<meta property=\"og:image:width\" content=\"1922\" \/>\n\t<meta property=\"og:image:height\" content=\"1338\" \/>\n\t<meta property=\"og:image:type\" content=\"image\/jpeg\" \/>\n<meta name=\"twitter:card\" content=\"summary_large_image\" \/>\n<meta name=\"twitter:label1\" content=\"Tiempo de lectura\" \/>\n\t<meta name=\"twitter:data1\" content=\"8 minutos\" \/>\n<script type=\"application\/ld+json\" class=\"yoast-schema-graph\">{\"@context\":\"https:\\\/\\\/schema.org\",\"@graph\":[{\"@type\":\"WebPage\",\"@id\":\"https:\\\/\\\/aiserimplants.com\\\/es\\\/calidad-suiza\\\/\",\"url\":\"https:\\\/\\\/aiserimplants.com\\\/es\\\/calidad-suiza\\\/\",\"name\":\"Calidad Suiza - Aiser Implants\",\"isPartOf\":{\"@id\":\"https:\\\/\\\/aiserimplants.com\\\/es\\\/#website\"},\"primaryImageOfPage\":{\"@id\":\"https:\\\/\\\/aiserimplants.com\\\/es\\\/calidad-suiza\\\/#primaryimage\"},\"image\":{\"@id\":\"https:\\\/\\\/aiserimplants.com\\\/es\\\/calidad-suiza\\\/#primaryimage\"},\"thumbnailUrl\":\"https:\\\/\\\/aiserimplants.com\\\/wp-content\\\/uploads\\\/2022\\\/05\\\/Montagne-svizzere_1.jpg\",\"datePublished\":\"2022-04-01T10:31:46+00:00\",\"dateModified\":\"2024-01-09T11:50:37+00:00\",\"description\":\"Cada Implante Dental AISER, sus componentes e Instrumental Quir\u00fargico son producidos de acuerdo con Rigurosos Est\u00e1ndares de Calidad.\",\"breadcrumb\":{\"@id\":\"https:\\\/\\\/aiserimplants.com\\\/es\\\/calidad-suiza\\\/#breadcrumb\"},\"inLanguage\":\"es\",\"potentialAction\":[{\"@type\":\"ReadAction\",\"target\":[\"https:\\\/\\\/aiserimplants.com\\\/es\\\/calidad-suiza\\\/\"]}]},{\"@type\":\"ImageObject\",\"inLanguage\":\"es\",\"@id\":\"https:\\\/\\\/aiserimplants.com\\\/es\\\/calidad-suiza\\\/#primaryimage\",\"url\":\"https:\\\/\\\/aiserimplants.com\\\/wp-content\\\/uploads\\\/2022\\\/05\\\/Montagne-svizzere_1.jpg\",\"contentUrl\":\"https:\\\/\\\/aiserimplants.com\\\/wp-content\\\/uploads\\\/2022\\\/05\\\/Montagne-svizzere_1.jpg\",\"width\":1922,\"height\":1338},{\"@type\":\"BreadcrumbList\",\"@id\":\"https:\\\/\\\/aiserimplants.com\\\/es\\\/calidad-suiza\\\/#breadcrumb\",\"itemListElement\":[{\"@type\":\"ListItem\",\"position\":1,\"name\":\"Home\",\"item\":\"https:\\\/\\\/aiserimplants.com\\\/es\\\/home\\\/\"},{\"@type\":\"ListItem\",\"position\":2,\"name\":\"Calidad Suiza\"}]},{\"@type\":\"WebSite\",\"@id\":\"https:\\\/\\\/aiserimplants.com\\\/es\\\/#website\",\"url\":\"https:\\\/\\\/aiserimplants.com\\\/es\\\/\",\"name\":\"Aiser Implants\",\"description\":\"Swiss Quality at its Peak\",\"publisher\":{\"@id\":\"https:\\\/\\\/aiserimplants.com\\\/es\\\/#organization\"},\"potentialAction\":[{\"@type\":\"SearchAction\",\"target\":{\"@type\":\"EntryPoint\",\"urlTemplate\":\"https:\\\/\\\/aiserimplants.com\\\/es\\\/?s={search_term_string}\"},\"query-input\":{\"@type\":\"PropertyValueSpecification\",\"valueRequired\":true,\"valueName\":\"search_term_string\"}}],\"inLanguage\":\"es\"},{\"@type\":[\"Organization\",\"Place\"],\"@id\":\"https:\\\/\\\/aiserimplants.com\\\/es\\\/#organization\",\"name\":\"Aiser\",\"url\":\"https:\\\/\\\/aiserimplants.com\\\/es\\\/\",\"logo\":{\"@id\":\"https:\\\/\\\/aiserimplants.com\\\/es\\\/calidad-suiza\\\/#local-main-organization-logo\"},\"image\":{\"@id\":\"https:\\\/\\\/aiserimplants.com\\\/es\\\/calidad-suiza\\\/#local-main-organization-logo\"},\"telephone\":[],\"openingHoursSpecification\":[{\"@type\":\"OpeningHoursSpecification\",\"dayOfWeek\":[\"Monday\",\"Tuesday\",\"Wednesday\",\"Thursday\",\"Friday\",\"Saturday\",\"Sunday\"],\"opens\":\"09:00\",\"closes\":\"17:00\"}]},{\"@type\":\"ImageObject\",\"inLanguage\":\"es\",\"@id\":\"https:\\\/\\\/aiserimplants.com\\\/es\\\/calidad-suiza\\\/#local-main-organization-logo\",\"url\":\"https:\\\/\\\/aiserimplants.com\\\/wp-content\\\/uploads\\\/2022\\\/02\\\/AISER_logo.jpg\",\"contentUrl\":\"https:\\\/\\\/aiserimplants.com\\\/wp-content\\\/uploads\\\/2022\\\/02\\\/AISER_logo.jpg\",\"width\":1806,\"height\":1082,\"caption\":\"Aiser\"}]}<\/script>\n<!-- \/ Yoast SEO Premium plugin. -->","yoast_head_json":{"title":"Calidad Suiza - Aiser Implants","description":"Cada Implante Dental AISER, sus componentes e Instrumental Quir\u00fargico son producidos de acuerdo con Rigurosos Est\u00e1ndares de Calidad.","robots":{"index":"index","follow":"follow","max-snippet":"max-snippet:-1","max-image-preview":"max-image-preview:large","max-video-preview":"max-video-preview:-1"},"canonical":"https:\/\/aiserimplants.com\/es\/calidad-suiza\/","og_locale":"es_ES","og_type":"article","og_title":"Calidad Suiza","og_description":"Cada Implante Dental AISER, sus componentes e Instrumental Quir\u00fargico son producidos de acuerdo con Rigurosos Est\u00e1ndares de Calidad.","og_url":"https:\/\/aiserimplants.com\/es\/calidad-suiza\/","og_site_name":"Aiser Implants","article_modified_time":"2024-01-09T11:50:37+00:00","og_image":[{"width":1922,"height":1338,"url":"https:\/\/aiserimplants.com\/wp-content\/uploads\/2022\/05\/Montagne-svizzere_1.jpg","type":"image\/jpeg"}],"twitter_card":"summary_large_image","twitter_misc":{"Tiempo de lectura":"8 minutos"},"schema":{"@context":"https:\/\/schema.org","@graph":[{"@type":"WebPage","@id":"https:\/\/aiserimplants.com\/es\/calidad-suiza\/","url":"https:\/\/aiserimplants.com\/es\/calidad-suiza\/","name":"Calidad Suiza - Aiser Implants","isPartOf":{"@id":"https:\/\/aiserimplants.com\/es\/#website"},"primaryImageOfPage":{"@id":"https:\/\/aiserimplants.com\/es\/calidad-suiza\/#primaryimage"},"image":{"@id":"https:\/\/aiserimplants.com\/es\/calidad-suiza\/#primaryimage"},"thumbnailUrl":"https:\/\/aiserimplants.com\/wp-content\/uploads\/2022\/05\/Montagne-svizzere_1.jpg","datePublished":"2022-04-01T10:31:46+00:00","dateModified":"2024-01-09T11:50:37+00:00","description":"Cada Implante Dental AISER, sus componentes e Instrumental Quir\u00fargico son producidos de acuerdo con Rigurosos Est\u00e1ndares de Calidad.","breadcrumb":{"@id":"https:\/\/aiserimplants.com\/es\/calidad-suiza\/#breadcrumb"},"inLanguage":"es","potentialAction":[{"@type":"ReadAction","target":["https:\/\/aiserimplants.com\/es\/calidad-suiza\/"]}]},{"@type":"ImageObject","inLanguage":"es","@id":"https:\/\/aiserimplants.com\/es\/calidad-suiza\/#primaryimage","url":"https:\/\/aiserimplants.com\/wp-content\/uploads\/2022\/05\/Montagne-svizzere_1.jpg","contentUrl":"https:\/\/aiserimplants.com\/wp-content\/uploads\/2022\/05\/Montagne-svizzere_1.jpg","width":1922,"height":1338},{"@type":"BreadcrumbList","@id":"https:\/\/aiserimplants.com\/es\/calidad-suiza\/#breadcrumb","itemListElement":[{"@type":"ListItem","position":1,"name":"Home","item":"https:\/\/aiserimplants.com\/es\/home\/"},{"@type":"ListItem","position":2,"name":"Calidad Suiza"}]},{"@type":"WebSite","@id":"https:\/\/aiserimplants.com\/es\/#website","url":"https:\/\/aiserimplants.com\/es\/","name":"Aiser Implants","description":"Swiss Quality at its Peak","publisher":{"@id":"https:\/\/aiserimplants.com\/es\/#organization"},"potentialAction":[{"@type":"SearchAction","target":{"@type":"EntryPoint","urlTemplate":"https:\/\/aiserimplants.com\/es\/?s={search_term_string}"},"query-input":{"@type":"PropertyValueSpecification","valueRequired":true,"valueName":"search_term_string"}}],"inLanguage":"es"},{"@type":["Organization","Place"],"@id":"https:\/\/aiserimplants.com\/es\/#organization","name":"Aiser","url":"https:\/\/aiserimplants.com\/es\/","logo":{"@id":"https:\/\/aiserimplants.com\/es\/calidad-suiza\/#local-main-organization-logo"},"image":{"@id":"https:\/\/aiserimplants.com\/es\/calidad-suiza\/#local-main-organization-logo"},"telephone":[],"openingHoursSpecification":[{"@type":"OpeningHoursSpecification","dayOfWeek":["Monday","Tuesday","Wednesday","Thursday","Friday","Saturday","Sunday"],"opens":"09:00","closes":"17:00"}]},{"@type":"ImageObject","inLanguage":"es","@id":"https:\/\/aiserimplants.com\/es\/calidad-suiza\/#local-main-organization-logo","url":"https:\/\/aiserimplants.com\/wp-content\/uploads\/2022\/02\/AISER_logo.jpg","contentUrl":"https:\/\/aiserimplants.com\/wp-content\/uploads\/2022\/02\/AISER_logo.jpg","width":1806,"height":1082,"caption":"Aiser"}]}},"_links":{"self":[{"href":"https:\/\/aiserimplants.com\/es\/wp-json\/wp\/v2\/pages\/3055","targetHints":{"allow":["GET"]}}],"collection":[{"href":"https:\/\/aiserimplants.com\/es\/wp-json\/wp\/v2\/pages"}],"about":[{"href":"https:\/\/aiserimplants.com\/es\/wp-json\/wp\/v2\/types\/page"}],"author":[{"embeddable":true,"href":"https:\/\/aiserimplants.com\/es\/wp-json\/wp\/v2\/users\/2"}],"replies":[{"embeddable":true,"href":"https:\/\/aiserimplants.com\/es\/wp-json\/wp\/v2\/comments?post=3055"}],"version-history":[{"count":16,"href":"https:\/\/aiserimplants.com\/es\/wp-json\/wp\/v2\/pages\/3055\/revisions"}],"predecessor-version":[{"id":5564,"href":"https:\/\/aiserimplants.com\/es\/wp-json\/wp\/v2\/pages\/3055\/revisions\/5564"}],"wp:featuredmedia":[{"embeddable":true,"href":"https:\/\/aiserimplants.com\/es\/wp-json\/wp\/v2\/media\/4912"}],"wp:attachment":[{"href":"https:\/\/aiserimplants.com\/es\/wp-json\/wp\/v2\/media?parent=3055"}],"curies":[{"name":"wp","href":"https:\/\/api.w.org\/{rel}","templated":true}]}}