{"id":3068,"date":"2022-04-01T12:44:15","date_gmt":"2022-04-01T10:44:15","guid":{"rendered":"https:\/\/aiserimplants.com\/productos\/"},"modified":"2022-12-30T10:13:53","modified_gmt":"2022-12-30T09:13:53","slug":"productos","status":"publish","type":"page","link":"https:\/\/aiserimplants.com\/es\/productos\/","title":{"rendered":"Productos"},"content":{"rendered":"\n[et_pb_section fb_built=\u00bb1&#8243; fullwidth=\u00bbon\u00bb _builder_version=\u00bb4.14.7&#8243; _module_preset=\u00bbdefault\u00bb background_color=\u00bb#000000&#8243; global_colors_info=\u00bb{}\u00bb][et_pb_fullwidth_header title=\u00bbProductos\u00bb subhead=\u00bbTodos los productos AISER tienen garant\u00eda de por vida para cubrir cualquier defecto de fabricaci\u00f3n.\u00bb _builder_version=\u00bb4.14.7&#8243; _module_preset=\u00bb5d2311d1-d0df-49c3-8a3a-d366a118df72&#8243; background_image=\u00bbhttps:\/\/aiserimplants.com\/wp-content\/uploads\/2022\/03\/7.png\u00bb global_colors_info=\u00bb{}\u00bb][\/et_pb_fullwidth_header][\/et_pb_section][et_pb_section fb_built=\u00bb1&#8243; _builder_version=\u00bb4.14.7&#8243; _module_preset=\u00bbfa16af20-4da1-42b8-87c8-dab7c09ce721&#8243; global_colors_info=\u00bb{}\u00bb][et_pb_row _builder_version=\u00bb4.14.2&#8243; _module_preset=\u00bbdefault\u00bb global_colors_info=\u00bb{}\u00bb][et_pb_column type=\u00bb4_4&#8243; _builder_version=\u00bb4.14.2&#8243; _module_preset=\u00bbdefault\u00bb global_colors_info=\u00bb{}\u00bb][et_pb_text _builder_version=\u00bb4.14.4&#8243; _module_preset=\u00bbdefault\u00bb global_colors_info=\u00bb{}\u00bb]<p>A trav\u00e9s del <strong>UTD<\/strong> (<em>documento \u00fanico de trazabilidad<\/em>) realizamos un seguimiento de la cadena de suministro del producto en cada paso de su procesamiento y movimiento, hasta llegar al cliente final.<\/p>\n<p>Los controles de calidad a los que sometemos a nuestros productos se encuentran entre los m\u00e1s r\u00edgidos en el campo y van desde controles dimensionales con equipos l\u00e1ser hasta an\u00e1lisis qu\u00edmicos y topogr\u00e1ficos mediante tecnolog\u00eda <strong>SEM\/EDS<\/strong>.<\/p>\n<p>La trazabilidad completa y los controles sistem\u00e1ticos de calidad son las razones por las que <strong>AISER<\/strong> ofrece una garant\u00eda <strong>DE POR VIDA<\/strong> a todos sus productos.<\/p>[\/et_pb_text][\/et_pb_column][\/et_pb_row][et_pb_row column_structure=\u00bb1_3,1_3,1_3&#8243; _builder_version=\u00bb4.14.2&#8243; _module_preset=\u00bbdefault\u00bb global_colors_info=\u00bb{}\u00bb][et_pb_column type=\u00bb1_3&#8243; _builder_version=\u00bb4.14.2&#8243; _module_preset=\u00bbdefault\u00bb global_colors_info=\u00bb{}\u00bb][et_pb_blurb title=\u00bb Implant System\u00bb url=\u00bb@ET-DC@eyJkeW5hbWljIjp0cnVlLCJjb250ZW50IjoicG9zdF9saW5rX3VybF9wYWdlIiwic2V0dGluZ3MiOnsicG9zdF9pZCI6IjEyMTIifX0=@\u00bb image=\u00bbhttps:\/\/aiserimplants.com\/wp-content\/uploads\/2021\/12\/Aiser-Implant-System-2.jpg\u00bb _builder_version=\u00bb4.14.7&#8243; _dynamic_attributes=\u00bburl,link_option_url\u00bb _module_preset=\u00bb9320ff63-0a49-4de8-b696-909db438f59f\u00bb header_font=\u00bbMontserrat||||||||\u00bb background_color=\u00bbRGBA(255,255,255,0)\u00bb link_option_url=\u00bb@ET-DC@eyJkeW5hbWljIjp0cnVlLCJjb250ZW50IjoicG9zdF9saW5rX3VybF9wYWdlIiwic2V0dGluZ3MiOnsicG9zdF9pZCI6IjEyMTIifX0=@\u00bb global_colors_info=\u00bb{}\u00bb][\/et_pb_blurb][\/et_pb_column][et_pb_column type=\u00bb1_3&#8243; _builder_version=\u00bb4.14.2&#8243; _module_preset=\u00bbdefault\u00bb global_colors_info=\u00bb{}\u00bb][et_pb_blurb title=\u00bbConometric Link System\u00bb image=\u00bbhttps:\/\/aiserimplants.com\/wp-content\/uploads\/2021\/12\/Aiser-Conometric-Link-System.jpg\u00bb _builder_version=\u00bb4.14.7&#8243; _dynamic_attributes=\u00bblink_option_url\u00bb _module_preset=\u00bb9320ff63-0a49-4de8-b696-909db438f59f\u00bb header_font=\u00bbMontserrat||||||||\u00bb background_layout=\u00bbdark\u00bb link_option_url=\u00bb@ET-DC@eyJkeW5hbWljIjp0cnVlLCJjb250ZW50IjoicG9zdF9saW5rX3VybF9wYWdlIiwic2V0dGluZ3MiOnsicG9zdF9pZCI6IjEzMTcifX0=@\u00bb global_colors_info=\u00bb{}\u00bb][\/et_pb_blurb][\/et_pb_column][et_pb_column type=\u00bb1_3&#8243; _builder_version=\u00bb4.14.2&#8243; _module_preset=\u00bbdefault\u00bb global_colors_info=\u00bb{}\u00bb][et_pb_blurb title=\u00bb Impression Materials\u00bb image=\u00bbhttps:\/\/aiserimplants.com\/wp-content\/uploads\/2021\/12\/Aiser-Impression-Materials.jpg\u00bb _builder_version=\u00bb4.14.7&#8243; _dynamic_attributes=\u00bblink_option_url\u00bb _module_preset=\u00bb9320ff63-0a49-4de8-b696-909db438f59f\u00bb header_font=\u00bbMontserrat||||||||\u00bb background_layout=\u00bbdark\u00bb link_option_url=\u00bb@ET-DC@eyJkeW5hbWljIjp0cnVlLCJjb250ZW50IjoicG9zdF9saW5rX3VybF9wYWdlIiwic2V0dGluZ3MiOnsicG9zdF9pZCI6IjE3ODUifX0=@\u00bb global_colors_info=\u00bb{}\u00bb][\/et_pb_blurb][\/et_pb_column][\/et_pb_row][et_pb_row _builder_version=\u00bb4.14.9&#8243; _module_preset=\u00bbdefault\u00bb hover_enabled=\u00bb0&#8243; global_colors_info=\u00bb{}\u00bb custom_margin=\u00bb50px||||false|false\u00bb sticky_enabled=\u00bb0&#8243;][et_pb_column type=\u00bb4_4&#8243; _builder_version=\u00bb4.14.2&#8243; _module_preset=\u00bbdefault\u00bb global_colors_info=\u00bb{}\u00bb][et_pb_blurb title=\u00bbSurgical Kit\u00bb image=\u00bbhttps:\/\/aiserimplants.com\/wp-content\/uploads\/2022\/03\/Aiser_Surgical_Kit_1300x400.jpg\u00bb alt=\u00bbAiser Surgical Kit\u00bb _builder_version=\u00bb4.14.9&#8243; _dynamic_attributes=\u00bblink_option_url\u00bb _module_preset=\u00bb9320ff63-0a49-4de8-b696-909db438f59f\u00bb header_font=\u00bbMontserrat||||||||\u00bb background_layout=\u00bbdark\u00bb link_option_url=\u00bb@ET-DC@eyJkeW5hbWljIjp0cnVlLCJjb250ZW50IjoicG9zdF9saW5rX3VybF9wcm9kb3R0byIsInNldHRpbmdzIjp7InBvc3RfaWQiOiIyMDU1In19@\u00bb global_colors_info=\u00bb{}\u00bb][\/et_pb_blurb][\/et_pb_column][\/et_pb_row][\/et_pb_section]\n","protected":false},"excerpt":{"rendered":"<p>Los implantes dentales de Aiser se rastrean a lo largo de la cadena de suministro, en cada paso de procesamiento y movimiento, hasta el cliente final. Descubres&#8230;<\/p>\n","protected":false},"author":1,"featured_media":3008,"parent":0,"menu_order":0,"comment_status":"closed","ping_status":"closed","template":"","meta":{"_acf_changed":false,"_et_pb_use_builder":"on","_et_pb_old_content":"","_et_gb_content_width":"","footnotes":""},"class_list":["post-3068","page","type-page","status-publish","has-post-thumbnail","hentry"],"acf":[],"yoast_head":"<!-- This site is optimized with the Yoast SEO Premium plugin v25.2 (Yoast SEO v27.4) - https:\/\/yoast.com\/product\/yoast-seo-premium-wordpress\/ -->\n<title>Productos - Aiser Implants<\/title>\n<meta name=\"description\" content=\"Los implantes dentales de Aiser se rastrean a lo largo de la cadena de suministro, en cada paso de procesamiento y movimiento, hasta el cliente final. Descubres...\" \/>\n<meta name=\"robots\" content=\"index, follow, max-snippet:-1, max-image-preview:large, max-video-preview:-1\" \/>\n<link rel=\"canonical\" href=\"https:\/\/aiserimplants.com\/es\/productos\/\" \/>\n<meta property=\"og:locale\" content=\"es_ES\" \/>\n<meta property=\"og:type\" content=\"article\" \/>\n<meta property=\"og:title\" content=\"Productos\" \/>\n<meta property=\"og:description\" content=\"Los implantes dentales de Aiser se rastrean a lo largo de la cadena de suministro, en cada paso de procesamiento y movimiento, hasta el cliente final. Descubres...\" \/>\n<meta property=\"og:url\" content=\"https:\/\/aiserimplants.com\/es\/productos\/\" \/>\n<meta property=\"og:site_name\" content=\"Aiser Implants\" \/>\n<meta property=\"article:modified_time\" content=\"2022-12-30T09:13:53+00:00\" \/>\n<meta property=\"og:image\" content=\"https:\/\/aiserimplants.com\/wp-content\/uploads\/2021\/12\/4.png\" \/>\n\t<meta property=\"og:image:width\" content=\"900\" \/>\n\t<meta property=\"og:image:height\" content=\"1000\" \/>\n\t<meta property=\"og:image:type\" content=\"image\/png\" \/>\n<meta name=\"twitter:card\" content=\"summary_large_image\" \/>\n<meta name=\"twitter:label1\" content=\"Tiempo de lectura\" \/>\n\t<meta name=\"twitter:data1\" content=\"3 minutos\" \/>\n<script type=\"application\/ld+json\" class=\"yoast-schema-graph\">{\"@context\":\"https:\\\/\\\/schema.org\",\"@graph\":[{\"@type\":\"WebPage\",\"@id\":\"https:\\\/\\\/aiserimplants.com\\\/es\\\/productos\\\/\",\"url\":\"https:\\\/\\\/aiserimplants.com\\\/es\\\/productos\\\/\",\"name\":\"Productos - Aiser Implants\",\"isPartOf\":{\"@id\":\"https:\\\/\\\/aiserimplants.com\\\/es\\\/#website\"},\"primaryImageOfPage\":{\"@id\":\"https:\\\/\\\/aiserimplants.com\\\/es\\\/productos\\\/#primaryimage\"},\"image\":{\"@id\":\"https:\\\/\\\/aiserimplants.com\\\/es\\\/productos\\\/#primaryimage\"},\"thumbnailUrl\":\"https:\\\/\\\/aiserimplants.com\\\/wp-content\\\/uploads\\\/2021\\\/12\\\/4.png\",\"datePublished\":\"2022-04-01T10:44:15+00:00\",\"dateModified\":\"2022-12-30T09:13:53+00:00\",\"description\":\"Los implantes dentales de Aiser se rastrean a lo largo de la cadena de suministro, en cada paso de procesamiento y movimiento, hasta el cliente final. Descubres...\",\"breadcrumb\":{\"@id\":\"https:\\\/\\\/aiserimplants.com\\\/es\\\/productos\\\/#breadcrumb\"},\"inLanguage\":\"es\",\"potentialAction\":[{\"@type\":\"ReadAction\",\"target\":[\"https:\\\/\\\/aiserimplants.com\\\/es\\\/productos\\\/\"]}]},{\"@type\":\"ImageObject\",\"inLanguage\":\"es\",\"@id\":\"https:\\\/\\\/aiserimplants.com\\\/es\\\/productos\\\/#primaryimage\",\"url\":\"https:\\\/\\\/aiserimplants.com\\\/wp-content\\\/uploads\\\/2021\\\/12\\\/4.png\",\"contentUrl\":\"https:\\\/\\\/aiserimplants.com\\\/wp-content\\\/uploads\\\/2021\\\/12\\\/4.png\",\"width\":900,\"height\":1000},{\"@type\":\"BreadcrumbList\",\"@id\":\"https:\\\/\\\/aiserimplants.com\\\/es\\\/productos\\\/#breadcrumb\",\"itemListElement\":[{\"@type\":\"ListItem\",\"position\":1,\"name\":\"Home\",\"item\":\"https:\\\/\\\/aiserimplants.com\\\/es\\\/home\\\/\"},{\"@type\":\"ListItem\",\"position\":2,\"name\":\"Productos\"}]},{\"@type\":\"WebSite\",\"@id\":\"https:\\\/\\\/aiserimplants.com\\\/es\\\/#website\",\"url\":\"https:\\\/\\\/aiserimplants.com\\\/es\\\/\",\"name\":\"Aiser Implants\",\"description\":\"Swiss Quality at its Peak\",\"publisher\":{\"@id\":\"https:\\\/\\\/aiserimplants.com\\\/es\\\/#organization\"},\"potentialAction\":[{\"@type\":\"SearchAction\",\"target\":{\"@type\":\"EntryPoint\",\"urlTemplate\":\"https:\\\/\\\/aiserimplants.com\\\/es\\\/?s={search_term_string}\"},\"query-input\":{\"@type\":\"PropertyValueSpecification\",\"valueRequired\":true,\"valueName\":\"search_term_string\"}}],\"inLanguage\":\"es\"},{\"@type\":[\"Organization\",\"Place\"],\"@id\":\"https:\\\/\\\/aiserimplants.com\\\/es\\\/#organization\",\"name\":\"Aiser\",\"url\":\"https:\\\/\\\/aiserimplants.com\\\/es\\\/\",\"logo\":{\"@id\":\"https:\\\/\\\/aiserimplants.com\\\/es\\\/productos\\\/#local-main-organization-logo\"},\"image\":{\"@id\":\"https:\\\/\\\/aiserimplants.com\\\/es\\\/productos\\\/#local-main-organization-logo\"},\"telephone\":[],\"openingHoursSpecification\":[{\"@type\":\"OpeningHoursSpecification\",\"dayOfWeek\":[\"Monday\",\"Tuesday\",\"Wednesday\",\"Thursday\",\"Friday\",\"Saturday\",\"Sunday\"],\"opens\":\"09:00\",\"closes\":\"17:00\"}]},{\"@type\":\"ImageObject\",\"inLanguage\":\"es\",\"@id\":\"https:\\\/\\\/aiserimplants.com\\\/es\\\/productos\\\/#local-main-organization-logo\",\"url\":\"https:\\\/\\\/aiserimplants.com\\\/wp-content\\\/uploads\\\/2022\\\/02\\\/AISER_logo.jpg\",\"contentUrl\":\"https:\\\/\\\/aiserimplants.com\\\/wp-content\\\/uploads\\\/2022\\\/02\\\/AISER_logo.jpg\",\"width\":1806,\"height\":1082,\"caption\":\"Aiser\"}]}<\/script>\n<!-- \/ Yoast SEO Premium plugin. -->","yoast_head_json":{"title":"Productos - Aiser Implants","description":"Los implantes dentales de Aiser se rastrean a lo largo de la cadena de suministro, en cada paso de procesamiento y movimiento, hasta el cliente final. Descubres...","robots":{"index":"index","follow":"follow","max-snippet":"max-snippet:-1","max-image-preview":"max-image-preview:large","max-video-preview":"max-video-preview:-1"},"canonical":"https:\/\/aiserimplants.com\/es\/productos\/","og_locale":"es_ES","og_type":"article","og_title":"Productos","og_description":"Los implantes dentales de Aiser se rastrean a lo largo de la cadena de suministro, en cada paso de procesamiento y movimiento, hasta el cliente final. Descubres...","og_url":"https:\/\/aiserimplants.com\/es\/productos\/","og_site_name":"Aiser Implants","article_modified_time":"2022-12-30T09:13:53+00:00","og_image":[{"width":900,"height":1000,"url":"https:\/\/aiserimplants.com\/wp-content\/uploads\/2021\/12\/4.png","type":"image\/png"}],"twitter_card":"summary_large_image","twitter_misc":{"Tiempo de lectura":"3 minutos"},"schema":{"@context":"https:\/\/schema.org","@graph":[{"@type":"WebPage","@id":"https:\/\/aiserimplants.com\/es\/productos\/","url":"https:\/\/aiserimplants.com\/es\/productos\/","name":"Productos - Aiser Implants","isPartOf":{"@id":"https:\/\/aiserimplants.com\/es\/#website"},"primaryImageOfPage":{"@id":"https:\/\/aiserimplants.com\/es\/productos\/#primaryimage"},"image":{"@id":"https:\/\/aiserimplants.com\/es\/productos\/#primaryimage"},"thumbnailUrl":"https:\/\/aiserimplants.com\/wp-content\/uploads\/2021\/12\/4.png","datePublished":"2022-04-01T10:44:15+00:00","dateModified":"2022-12-30T09:13:53+00:00","description":"Los implantes dentales de Aiser se rastrean a lo largo de la cadena de suministro, en cada paso de procesamiento y movimiento, hasta el cliente final. Descubres...","breadcrumb":{"@id":"https:\/\/aiserimplants.com\/es\/productos\/#breadcrumb"},"inLanguage":"es","potentialAction":[{"@type":"ReadAction","target":["https:\/\/aiserimplants.com\/es\/productos\/"]}]},{"@type":"ImageObject","inLanguage":"es","@id":"https:\/\/aiserimplants.com\/es\/productos\/#primaryimage","url":"https:\/\/aiserimplants.com\/wp-content\/uploads\/2021\/12\/4.png","contentUrl":"https:\/\/aiserimplants.com\/wp-content\/uploads\/2021\/12\/4.png","width":900,"height":1000},{"@type":"BreadcrumbList","@id":"https:\/\/aiserimplants.com\/es\/productos\/#breadcrumb","itemListElement":[{"@type":"ListItem","position":1,"name":"Home","item":"https:\/\/aiserimplants.com\/es\/home\/"},{"@type":"ListItem","position":2,"name":"Productos"}]},{"@type":"WebSite","@id":"https:\/\/aiserimplants.com\/es\/#website","url":"https:\/\/aiserimplants.com\/es\/","name":"Aiser Implants","description":"Swiss Quality at its Peak","publisher":{"@id":"https:\/\/aiserimplants.com\/es\/#organization"},"potentialAction":[{"@type":"SearchAction","target":{"@type":"EntryPoint","urlTemplate":"https:\/\/aiserimplants.com\/es\/?s={search_term_string}"},"query-input":{"@type":"PropertyValueSpecification","valueRequired":true,"valueName":"search_term_string"}}],"inLanguage":"es"},{"@type":["Organization","Place"],"@id":"https:\/\/aiserimplants.com\/es\/#organization","name":"Aiser","url":"https:\/\/aiserimplants.com\/es\/","logo":{"@id":"https:\/\/aiserimplants.com\/es\/productos\/#local-main-organization-logo"},"image":{"@id":"https:\/\/aiserimplants.com\/es\/productos\/#local-main-organization-logo"},"telephone":[],"openingHoursSpecification":[{"@type":"OpeningHoursSpecification","dayOfWeek":["Monday","Tuesday","Wednesday","Thursday","Friday","Saturday","Sunday"],"opens":"09:00","closes":"17:00"}]},{"@type":"ImageObject","inLanguage":"es","@id":"https:\/\/aiserimplants.com\/es\/productos\/#local-main-organization-logo","url":"https:\/\/aiserimplants.com\/wp-content\/uploads\/2022\/02\/AISER_logo.jpg","contentUrl":"https:\/\/aiserimplants.com\/wp-content\/uploads\/2022\/02\/AISER_logo.jpg","width":1806,"height":1082,"caption":"Aiser"}]}},"_links":{"self":[{"href":"https:\/\/aiserimplants.com\/es\/wp-json\/wp\/v2\/pages\/3068","targetHints":{"allow":["GET"]}}],"collection":[{"href":"https:\/\/aiserimplants.com\/es\/wp-json\/wp\/v2\/pages"}],"about":[{"href":"https:\/\/aiserimplants.com\/es\/wp-json\/wp\/v2\/types\/page"}],"author":[{"embeddable":true,"href":"https:\/\/aiserimplants.com\/es\/wp-json\/wp\/v2\/users\/1"}],"replies":[{"embeddable":true,"href":"https:\/\/aiserimplants.com\/es\/wp-json\/wp\/v2\/comments?post=3068"}],"version-history":[{"count":6,"href":"https:\/\/aiserimplants.com\/es\/wp-json\/wp\/v2\/pages\/3068\/revisions"}],"predecessor-version":[{"id":5323,"href":"https:\/\/aiserimplants.com\/es\/wp-json\/wp\/v2\/pages\/3068\/revisions\/5323"}],"wp:featuredmedia":[{"embeddable":true,"href":"https:\/\/aiserimplants.com\/es\/wp-json\/wp\/v2\/media\/3008"}],"wp:attachment":[{"href":"https:\/\/aiserimplants.com\/es\/wp-json\/wp\/v2\/media?parent=3068"}],"curies":[{"name":"wp","href":"https:\/\/api.w.org\/{rel}","templated":true}]}}