{"id":3073,"date":"2022-04-01T12:48:13","date_gmt":"2022-04-01T10:48:13","guid":{"rendered":"https:\/\/aiserimplants.com\/ciencia-e-informacion\/"},"modified":"2024-04-22T18:39:22","modified_gmt":"2024-04-22T16:39:22","slug":"ciencia-e-informacion","status":"publish","type":"page","link":"https:\/\/aiserimplants.com\/es\/ciencia-e-informacion\/","title":{"rendered":"Ciencia e Informaci\u00f3n"},"content":{"rendered":"<p>[et_pb_section fb_built=\u00bb1&#8243; fullwidth=\u00bbon\u00bb admin_label=\u00bbHero\u00bb _builder_version=\u00bb4.16&#8243; _module_preset=\u00bb_initial\u00bb background_color=\u00bb#000000&#8243; transparent_background=\u00bbon\u00bb global_colors_info=\u00bb{}\u00bb][et_pb_fullwidth_header title=\u00bbCiencia e Informaci\u00f3n\u00bb subhead=\u00bbUna contribuci\u00f3n constante a la investigaci\u00f3n cient\u00edfica\u00bb _builder_version=\u00bb4.16&#8243; _module_preset=\u00bb5d2311d1-d0df-49c3-8a3a-d366a118df72&#8243; background_image=\u00bbhttps:\/\/aiserimplants.com\/wp-content\/uploads\/2022\/03\/31.png\u00bb global_colors_info=\u00bb{}\u00bb][\/et_pb_fullwidth_header][\/et_pb_section][et_pb_section fb_built=\u00bb1&#8243; _builder_version=\u00bb4.23.4&#8243; _module_preset=\u00bbdefault\u00bb background_color=\u00bb#000000&#8243; custom_padding=\u00bb|0px|30px|0px|false|true\u00bb global_colors_info=\u00bb{}\u00bb][et_pb_row column_structure=\u00bb1_3,1_3,1_3&#8243; _builder_version=\u00bb4.23.4&#8243; _module_preset=\u00bbdefault\u00bb global_colors_info=\u00bb{}\u00bb][et_pb_column type=\u00bb1_3&#8243; _builder_version=\u00bb4.23.4&#8243; _module_preset=\u00bbdefault\u00bb global_colors_info=\u00bb{}\u00bb][et_pb_image src=\u00bbhttps:\/\/aiserimplants.com\/wp-content\/uploads\/2023\/03\/Printable-document-template.png\u00bb title_text=\u00bbPrintable document template\u00bb url=\u00bb@ET-DC@eyJkeW5hbWljIjp0cnVlLCJjb250ZW50IjoicG9zdF9saW5rX3VybF9wYWdlIiwic2V0dGluZ3MiOnsicG9zdF9pZCI6IjI0MDIifX0=@\u00bb _builder_version=\u00bb4.23.4&#8243; _dynamic_attributes=\u00bburl\u00bb _module_preset=\u00bbdefault\u00bb global_colors_info=\u00bb{}\u00bb][\/et_pb_image][\/et_pb_column][et_pb_column type=\u00bb1_3&#8243; _builder_version=\u00bb4.23.4&#8243; _module_preset=\u00bbdefault\u00bb global_colors_info=\u00bb{}\u00bb][et_pb_image src=\u00bbhttps:\/\/aiserimplants.com\/wp-content\/uploads\/2023\/07\/Printable-document-Mechanical-and-Stress-Test-Polimi.png\u00bb title_text=\u00bbPrintable document (Mechanical and Stress Test &#8211; Polimi)\u00bb url=\u00bb@ET-DC@eyJkeW5hbWljIjp0cnVlLCJjb250ZW50IjoicG9zdF9saW5rX3VybF9wYWdlIiwic2V0dGluZ3MiOnsicG9zdF9pZCI6IjIzODMifX0=@\u00bb _builder_version=\u00bb4.23.4&#8243; _dynamic_attributes=\u00bburl\u00bb _module_preset=\u00bbdefault\u00bb global_colors_info=\u00bb{}\u00bb][\/et_pb_image][\/et_pb_column][et_pb_column type=\u00bb1_3&#8243; _builder_version=\u00bb4.23.4&#8243; _module_preset=\u00bbdefault\u00bb global_colors_info=\u00bb{}\u00bb][et_pb_image src=\u00bbhttps:\/\/aiserimplants.com\/wp-content\/uploads\/2023\/07\/Printable-document-Report-on-SEM-investigation-Helsinki.png\u00bb title_text=\u00bbPrintable document (Report on SEM investigation &#8211; Helsinki)\u00bb url=\u00bb@ET-DC@eyJkeW5hbWljIjp0cnVlLCJjb250ZW50IjoicG9zdF9saW5rX3VybF9wYWdlIiwic2V0dGluZ3MiOnsicG9zdF9pZCI6IjIzOTcifX0=@\u00bb _builder_version=\u00bb4.23.4&#8243; _dynamic_attributes=\u00bburl\u00bb _module_preset=\u00bbdefault\u00bb global_colors_info=\u00bb{}\u00bb][\/et_pb_image][\/et_pb_column][\/et_pb_row][et_pb_row _builder_version=\u00bb4.25.0&#8243; _module_preset=\u00bbdefault\u00bb column_structure=\u00bb1_3,1_3,1_3&#8243;][et_pb_column _builder_version=\u00bb4.25.0&#8243; _module_preset=\u00bbdefault\u00bb type=\u00bb1_3&#8243;][\/et_pb_column][et_pb_column _builder_version=\u00bb4.25.0&#8243; _module_preset=\u00bbdefault\u00bb type=\u00bb1_3&#8243;][et_pb_image src=\u00bbhttps:\/\/aiserimplants.com\/wp-content\/uploads\/2024\/04\/Aggiungi-unintestazione-1.jpg\u00bb _builder_version=\u00bb4.25.0&#8243; _module_preset=\u00bbdefault\u00bb title_text=\u00bbxr:d:DAGBZlkGpfA:13,j:4444350685547170691,t:24040322&#8243; url=\u00bbhttps:\/\/aiserimplants.com\/wp-content\/uploads\/2024\/03\/AISER-Case-study-lectures-at-the-Univerdite-de-Geneve-2023-2024.pdf?x79521&#8243; hover_enabled=\u00bb0&#8243; sticky_enabled=\u00bb0&#8243;][\/et_pb_image][\/et_pb_column][et_pb_column _builder_version=\u00bb4.25.0&#8243; _module_preset=\u00bbdefault\u00bb type=\u00bb1_3&#8243;][\/et_pb_column][\/et_pb_row][\/et_pb_section][et_pb_section fb_built=\u00bb1&#8243; admin_label=\u00bbBlog\u00bb _builder_version=\u00bb4.23.4&#8243; background_color=\u00bbrgba(0,0,0,0.03)\u00bb background_size=\u00bbinitial\u00bb background_position=\u00bbtop_left\u00bb custom_padding=\u00bb0px|0px|100px|0px|false|false\u00bb collapsed=\u00bboff\u00bb global_colors_info=\u00bb{}\u00bb][et_pb_row _builder_version=\u00bb4.16&#8243; _module_preset=\u00bbdefault\u00bb global_colors_info=\u00bb{}\u00bb][et_pb_column type=\u00bb4_4&#8243; _builder_version=\u00bb4.16&#8243; _module_preset=\u00bbdefault\u00bb global_colors_info=\u00bb{}\u00bb][et_pb_blog include_categories=\u00bbcurrent,1,33,34&#8243; show_date=\u00bboff\u00bb _builder_version=\u00bb4.23.4&#8243; _module_preset=\u00bbdefault\u00bb global_colors_info=\u00bb{}\u00bb][\/et_pb_blog][\/et_pb_column][\/et_pb_row][\/et_pb_section]<\/p>\n","protected":false},"excerpt":{"rendered":"<p>Colecci\u00f3n de art\u00edculos de Ciencia e Informaci\u00f3n para dar una contribuci\u00f3n constante a la Investigaci\u00f3n Cient\u00edfica. Implantes Cigom\u00e1ticos, Novedades en Titanio&#8230;<\/p>\n","protected":false},"author":2,"featured_media":2917,"parent":0,"menu_order":0,"comment_status":"closed","ping_status":"closed","template":"","meta":{"_acf_changed":false,"_et_pb_use_builder":"on","_et_pb_old_content":"","_et_gb_content_width":"","footnotes":""},"class_list":["post-3073","page","type-page","status-publish","has-post-thumbnail","hentry"],"acf":[],"yoast_head":"<!-- This site is optimized with the Yoast SEO Premium plugin v25.2 (Yoast SEO v27.1) - https:\/\/yoast.com\/product\/yoast-seo-premium-wordpress\/ -->\n<title>Ciencia e Informaci\u00f3n - Aiser Implants<\/title>\n<meta name=\"description\" content=\"Colecci\u00f3n de art\u00edculos de Ciencia e Informaci\u00f3n para dar una contribuci\u00f3n constante a la Investigaci\u00f3n Cient\u00edfica. Implantes Cigom\u00e1ticos, Novedades en Titanio...\" \/>\n<meta name=\"robots\" content=\"index, follow, max-snippet:-1, max-image-preview:large, max-video-preview:-1\" \/>\n<link rel=\"canonical\" href=\"https:\/\/aiserimplants.com\/es\/ciencia-e-informacion\/\" \/>\n<meta property=\"og:locale\" content=\"es_ES\" \/>\n<meta property=\"og:type\" content=\"article\" \/>\n<meta property=\"og:title\" content=\"Ciencia e informaci\u00f3n\" \/>\n<meta property=\"og:description\" content=\"Colecci\u00f3n de art\u00edculos de Ciencia e Informaci\u00f3n para dar una contribuci\u00f3n constante a la Investigaci\u00f3n Cient\u00edfica. Implantes Cigom\u00e1ticos, Novedades en Titanio...\" \/>\n<meta property=\"og:url\" content=\"https:\/\/aiserimplants.com\/es\/ciencia-e-informacion\/\" \/>\n<meta property=\"og:site_name\" content=\"Aiser Implants\" \/>\n<meta property=\"article:modified_time\" content=\"2024-04-22T16:39:22+00:00\" \/>\n<meta property=\"og:image\" content=\"https:\/\/aiserimplants.com\/wp-content\/uploads\/2019\/07\/3-300x300.png\" \/>\n<meta name=\"twitter:card\" content=\"summary_large_image\" \/>\n<meta name=\"twitter:title\" content=\"Ciencia e Informaci\u00f3n\" \/>\n<meta name=\"twitter:label1\" content=\"Tiempo de lectura\" \/>\n\t<meta name=\"twitter:data1\" content=\"2 minutos\" \/>\n<script type=\"application\/ld+json\" class=\"yoast-schema-graph\">{\"@context\":\"https:\/\/schema.org\",\"@graph\":[{\"@type\":\"WebPage\",\"@id\":\"https:\/\/aiserimplants.com\/es\/ciencia-e-informacion\/\",\"url\":\"https:\/\/aiserimplants.com\/es\/ciencia-e-informacion\/\",\"name\":\"Ciencia e Informaci\u00f3n - Aiser Implants\",\"isPartOf\":{\"@id\":\"https:\/\/aiserimplants.com\/es\/#website\"},\"primaryImageOfPage\":{\"@id\":\"https:\/\/aiserimplants.com\/es\/ciencia-e-informacion\/#primaryimage\"},\"image\":{\"@id\":\"https:\/\/aiserimplants.com\/es\/ciencia-e-informacion\/#primaryimage\"},\"thumbnailUrl\":\"https:\/\/aiserimplants.com\/wp-content\/uploads\/2019\/07\/3.png\",\"datePublished\":\"2022-04-01T10:48:13+00:00\",\"dateModified\":\"2024-04-22T16:39:22+00:00\",\"description\":\"Colecci\u00f3n de art\u00edculos de Ciencia e Informaci\u00f3n para dar una contribuci\u00f3n constante a la Investigaci\u00f3n Cient\u00edfica. Implantes Cigom\u00e1ticos, Novedades en Titanio...\",\"breadcrumb\":{\"@id\":\"https:\/\/aiserimplants.com\/es\/ciencia-e-informacion\/#breadcrumb\"},\"inLanguage\":\"es\",\"potentialAction\":[{\"@type\":\"ReadAction\",\"target\":[\"https:\/\/aiserimplants.com\/es\/ciencia-e-informacion\/\"]}]},{\"@type\":\"ImageObject\",\"inLanguage\":\"es\",\"@id\":\"https:\/\/aiserimplants.com\/es\/ciencia-e-informacion\/#primaryimage\",\"url\":\"https:\/\/aiserimplants.com\/wp-content\/uploads\/2019\/07\/3.png\",\"contentUrl\":\"https:\/\/aiserimplants.com\/wp-content\/uploads\/2019\/07\/3.png\",\"width\":500,\"height\":500},{\"@type\":\"BreadcrumbList\",\"@id\":\"https:\/\/aiserimplants.com\/es\/ciencia-e-informacion\/#breadcrumb\",\"itemListElement\":[{\"@type\":\"ListItem\",\"position\":1,\"name\":\"Home\",\"item\":\"https:\/\/aiserimplants.com\/es\/home\/\"},{\"@type\":\"ListItem\",\"position\":2,\"name\":\"Ciencia e Informaci\u00f3n\"}]},{\"@type\":\"WebSite\",\"@id\":\"https:\/\/aiserimplants.com\/es\/#website\",\"url\":\"https:\/\/aiserimplants.com\/es\/\",\"name\":\"Aiser Implants\",\"description\":\"Swiss Quality at its Peak\",\"publisher\":{\"@id\":\"https:\/\/aiserimplants.com\/es\/#organization\"},\"potentialAction\":[{\"@type\":\"SearchAction\",\"target\":{\"@type\":\"EntryPoint\",\"urlTemplate\":\"https:\/\/aiserimplants.com\/es\/?s={search_term_string}\"},\"query-input\":{\"@type\":\"PropertyValueSpecification\",\"valueRequired\":true,\"valueName\":\"search_term_string\"}}],\"inLanguage\":\"es\"},{\"@type\":[\"Organization\",\"Place\"],\"@id\":\"https:\/\/aiserimplants.com\/es\/#organization\",\"name\":\"Aiser\",\"url\":\"https:\/\/aiserimplants.com\/es\/\",\"logo\":{\"@id\":\"https:\/\/aiserimplants.com\/es\/ciencia-e-informacion\/#local-main-organization-logo\"},\"image\":{\"@id\":\"https:\/\/aiserimplants.com\/es\/ciencia-e-informacion\/#local-main-organization-logo\"},\"telephone\":[],\"openingHoursSpecification\":[{\"@type\":\"OpeningHoursSpecification\",\"dayOfWeek\":[\"Monday\",\"Tuesday\",\"Wednesday\",\"Thursday\",\"Friday\",\"Saturday\",\"Sunday\"],\"opens\":\"09:00\",\"closes\":\"17:00\"}]},{\"@type\":\"ImageObject\",\"inLanguage\":\"es\",\"@id\":\"https:\/\/aiserimplants.com\/es\/ciencia-e-informacion\/#local-main-organization-logo\",\"url\":\"https:\/\/aiserimplants.com\/wp-content\/uploads\/2022\/02\/AISER_logo.jpg\",\"contentUrl\":\"https:\/\/aiserimplants.com\/wp-content\/uploads\/2022\/02\/AISER_logo.jpg\",\"width\":1806,\"height\":1082,\"caption\":\"Aiser\"}]}<\/script>\n<!-- \/ Yoast SEO Premium plugin. -->","yoast_head_json":{"title":"Ciencia e Informaci\u00f3n - Aiser Implants","description":"Colecci\u00f3n de art\u00edculos de Ciencia e Informaci\u00f3n para dar una contribuci\u00f3n constante a la Investigaci\u00f3n Cient\u00edfica. Implantes Cigom\u00e1ticos, Novedades en Titanio...","robots":{"index":"index","follow":"follow","max-snippet":"max-snippet:-1","max-image-preview":"max-image-preview:large","max-video-preview":"max-video-preview:-1"},"canonical":"https:\/\/aiserimplants.com\/es\/ciencia-e-informacion\/","og_locale":"es_ES","og_type":"article","og_title":"Ciencia e informaci\u00f3n","og_description":"Colecci\u00f3n de art\u00edculos de Ciencia e Informaci\u00f3n para dar una contribuci\u00f3n constante a la Investigaci\u00f3n Cient\u00edfica. Implantes Cigom\u00e1ticos, Novedades en Titanio...","og_url":"https:\/\/aiserimplants.com\/es\/ciencia-e-informacion\/","og_site_name":"Aiser Implants","article_modified_time":"2024-04-22T16:39:22+00:00","og_image":[{"url":"https:\/\/aiserimplants.com\/wp-content\/uploads\/2019\/07\/3-300x300.png","type":"","width":"","height":""}],"twitter_card":"summary_large_image","twitter_title":"Ciencia e Informaci\u00f3n","twitter_misc":{"Tiempo de lectura":"2 minutos"},"schema":{"@context":"https:\/\/schema.org","@graph":[{"@type":"WebPage","@id":"https:\/\/aiserimplants.com\/es\/ciencia-e-informacion\/","url":"https:\/\/aiserimplants.com\/es\/ciencia-e-informacion\/","name":"Ciencia e Informaci\u00f3n - Aiser Implants","isPartOf":{"@id":"https:\/\/aiserimplants.com\/es\/#website"},"primaryImageOfPage":{"@id":"https:\/\/aiserimplants.com\/es\/ciencia-e-informacion\/#primaryimage"},"image":{"@id":"https:\/\/aiserimplants.com\/es\/ciencia-e-informacion\/#primaryimage"},"thumbnailUrl":"https:\/\/aiserimplants.com\/wp-content\/uploads\/2019\/07\/3.png","datePublished":"2022-04-01T10:48:13+00:00","dateModified":"2024-04-22T16:39:22+00:00","description":"Colecci\u00f3n de art\u00edculos de Ciencia e Informaci\u00f3n para dar una contribuci\u00f3n constante a la Investigaci\u00f3n Cient\u00edfica. Implantes Cigom\u00e1ticos, Novedades en Titanio...","breadcrumb":{"@id":"https:\/\/aiserimplants.com\/es\/ciencia-e-informacion\/#breadcrumb"},"inLanguage":"es","potentialAction":[{"@type":"ReadAction","target":["https:\/\/aiserimplants.com\/es\/ciencia-e-informacion\/"]}]},{"@type":"ImageObject","inLanguage":"es","@id":"https:\/\/aiserimplants.com\/es\/ciencia-e-informacion\/#primaryimage","url":"https:\/\/aiserimplants.com\/wp-content\/uploads\/2019\/07\/3.png","contentUrl":"https:\/\/aiserimplants.com\/wp-content\/uploads\/2019\/07\/3.png","width":500,"height":500},{"@type":"BreadcrumbList","@id":"https:\/\/aiserimplants.com\/es\/ciencia-e-informacion\/#breadcrumb","itemListElement":[{"@type":"ListItem","position":1,"name":"Home","item":"https:\/\/aiserimplants.com\/es\/home\/"},{"@type":"ListItem","position":2,"name":"Ciencia e Informaci\u00f3n"}]},{"@type":"WebSite","@id":"https:\/\/aiserimplants.com\/es\/#website","url":"https:\/\/aiserimplants.com\/es\/","name":"Aiser Implants","description":"Swiss Quality at its Peak","publisher":{"@id":"https:\/\/aiserimplants.com\/es\/#organization"},"potentialAction":[{"@type":"SearchAction","target":{"@type":"EntryPoint","urlTemplate":"https:\/\/aiserimplants.com\/es\/?s={search_term_string}"},"query-input":{"@type":"PropertyValueSpecification","valueRequired":true,"valueName":"search_term_string"}}],"inLanguage":"es"},{"@type":["Organization","Place"],"@id":"https:\/\/aiserimplants.com\/es\/#organization","name":"Aiser","url":"https:\/\/aiserimplants.com\/es\/","logo":{"@id":"https:\/\/aiserimplants.com\/es\/ciencia-e-informacion\/#local-main-organization-logo"},"image":{"@id":"https:\/\/aiserimplants.com\/es\/ciencia-e-informacion\/#local-main-organization-logo"},"telephone":[],"openingHoursSpecification":[{"@type":"OpeningHoursSpecification","dayOfWeek":["Monday","Tuesday","Wednesday","Thursday","Friday","Saturday","Sunday"],"opens":"09:00","closes":"17:00"}]},{"@type":"ImageObject","inLanguage":"es","@id":"https:\/\/aiserimplants.com\/es\/ciencia-e-informacion\/#local-main-organization-logo","url":"https:\/\/aiserimplants.com\/wp-content\/uploads\/2022\/02\/AISER_logo.jpg","contentUrl":"https:\/\/aiserimplants.com\/wp-content\/uploads\/2022\/02\/AISER_logo.jpg","width":1806,"height":1082,"caption":"Aiser"}]}},"_links":{"self":[{"href":"https:\/\/aiserimplants.com\/es\/wp-json\/wp\/v2\/pages\/3073","targetHints":{"allow":["GET"]}}],"collection":[{"href":"https:\/\/aiserimplants.com\/es\/wp-json\/wp\/v2\/pages"}],"about":[{"href":"https:\/\/aiserimplants.com\/es\/wp-json\/wp\/v2\/types\/page"}],"author":[{"embeddable":true,"href":"https:\/\/aiserimplants.com\/es\/wp-json\/wp\/v2\/users\/2"}],"replies":[{"embeddable":true,"href":"https:\/\/aiserimplants.com\/es\/wp-json\/wp\/v2\/comments?post=3073"}],"version-history":[{"count":15,"href":"https:\/\/aiserimplants.com\/es\/wp-json\/wp\/v2\/pages\/3073\/revisions"}],"predecessor-version":[{"id":6373,"href":"https:\/\/aiserimplants.com\/es\/wp-json\/wp\/v2\/pages\/3073\/revisions\/6373"}],"wp:featuredmedia":[{"embeddable":true,"href":"https:\/\/aiserimplants.com\/es\/wp-json\/wp\/v2\/media\/2917"}],"wp:attachment":[{"href":"https:\/\/aiserimplants.com\/es\/wp-json\/wp\/v2\/media?parent=3073"}],"curies":[{"name":"wp","href":"https:\/\/api.w.org\/{rel}","templated":true}]}}