{"id":3081,"date":"2022-04-01T12:52:58","date_gmt":"2022-04-01T10:52:58","guid":{"rendered":"https:\/\/aiserimplants.com\/sedes\/"},"modified":"2026-04-03T20:03:30","modified_gmt":"2026-04-03T18:03:30","slug":"sedes","status":"publish","type":"page","link":"https:\/\/aiserimplants.com\/es\/sedes\/","title":{"rendered":"Sedes"},"content":{"rendered":"<p>[et_pb_section fb_built=\u00bb1&#8243; fullwidth=\u00bbon\u00bb _builder_version=\u00bb4.16&#8243; _module_preset=\u00bb_initial\u00bb background_color=\u00bb#000000&#8243; global_colors_info=\u00bb{}\u00bb][et_pb_fullwidth_header title=\u00bbNuestras Sedes\u00bb _builder_version=\u00bb4.16&#8243; _module_preset=\u00bb5d2311d1-d0df-49c3-8a3a-d366a118df72&#8243; background_image=\u00bbhttps:\/\/aiserimplants.com\/wp-content\/uploads\/2022\/04\/Bandiere-Onu.png\u00bb global_colors_info=\u00bb{}\u00bb][\/et_pb_fullwidth_header][\/et_pb_section][et_pb_section fb_built=\u00bb1&#8243; admin_label=\u00bbSezione Sedi\u00bb _builder_version=\u00bb4.16&#8243; _module_preset=\u00bbfa16af20-4da1-42b8-87c8-dab7c09ce721&#8243; custom_padding=\u00bb50px||||false|false\u00bb global_colors_info=\u00bb{}\u00bb][et_pb_row _builder_version=\u00bb4.27.4&#8243; _module_preset=\u00bbdefault\u00bb global_colors_info=\u00bb{}\u00bb][et_pb_column type=\u00bb4_4&#8243; _builder_version=\u00bb4.27.4&#8243; _module_preset=\u00bbdefault\u00bb global_colors_info=\u00bb{}\u00bb][et_pb_blurb title=\u00bbGinebra &#8211; Suiza\u00bb image=\u00bbhttps:\/\/aiserimplants.com\/wp-content\/uploads\/2025\/05\/Geneva_Switzerland_450x300.jpg\u00bb alt=\u00bbGinebra &#8211; Suiza\u00bb admin_label=\u00bbBlur Ginevra\u00bb _builder_version=\u00bb4.27.4&#8243; _module_preset=\u00bbb04b1a2f-7b18-45ce-a267-13fb41f7ba31&#8243; global_colors_info=\u00bb{}\u00bb]<\/p>\n<p>Rue des Bains, 35<br \/>CH-1205 Ginebra, Suiza<br \/><a target=\"_blank\" href=\"mailto:geneve@aiserimplants.com\" rel=\"noopener\">geneve@aiserimplants.com<\/a><br \/><a href=\"tel:+41225564737\">+41 (0) 22 556 47 37<\/a><\/p>\n<p>[\/et_pb_blurb][\/et_pb_column][\/et_pb_row][et_pb_row _builder_version=\u00bb4.27.4&#8243; _module_preset=\u00bbdefault\u00bb custom_css_main_element=\u00bbdisplay: flex;\u00bb global_colors_info=\u00bb{}\u00bb][et_pb_column type=\u00bb4_4&#8243; _builder_version=\u00bb4.27.4&#8243; _module_preset=\u00bbdefault\u00bb custom_css_main_element=\u00bbdisplay: flex;||flex-wrap: wrap;\u00bb global_colors_info=\u00bb{}\u00bb][et_pb_blurb title=\u00bbAmm\u00e1n &#8211; Jordania\u00bb image=\u00bbhttps:\/\/aiserimplants.com\/wp-content\/uploads\/2025\/05\/Amman_Jordan_450x300.jpg\u00bb alt=\u00bbNew York &#8211; USA\u00bb admin_label=\u00bbAmman &#8211; Giordania\u00bb _builder_version=\u00bb4.27.4&#8243; _module_preset=\u00bbb04b1a2f-7b18-45ce-a267-13fb41f7ba31&#8243; global_colors_info=\u00bb{}\u00bb]<a target=\"_blank\" href=\"mailto:amman@aiserimplants.com\" rel=\"noopener\">amman@aiserimplants.com<\/a><br \/>\n<a href=\"tel:00962777686970\">+962 7 7768 6970<\/a>[\/et_pb_blurb][et_pb_blurb title=\u00bbBagdad &#8211; Irak\u00bb image=\u00bbhttps:\/\/aiserimplants.com\/wp-content\/uploads\/2025\/10\/Baghdad_Iraq_450x300.jpg\u00bb alt=\u00bbNew York &#8211; USA\u00bb admin_label=\u00bbBaghdad &#8211; Iraq\u00bb _builder_version=\u00bb4.27.4&#8243; _module_preset=\u00bbb04b1a2f-7b18-45ce-a267-13fb41f7ba31&#8243; global_colors_info=\u00bb{}\u00bb]<\/p>\n<p>Bab AlMathem<br \/><a target=\"_blank\" href=\"mailto:bagdad@aiserimplants.com\" rel=\"noopener\">bagdad@aiserimplants.com<\/a><\/p>\n<p>[\/et_pb_blurb][et_pb_blurb title=\u00bbBeirut &#8211; L\u00edbano\u00bb image=\u00bbhttps:\/\/aiserimplants.com\/wp-content\/uploads\/2025\/05\/Beirut_Lebanon_450x300.jpg\u00bb alt=\u00bbNew York &#8211; USA\u00bb admin_label=\u00bbBeirut &#8211; Libano\u00bb _builder_version=\u00bb4.27.4&#8243; _module_preset=\u00bbb04b1a2f-7b18-45ce-a267-13fb41f7ba31&#8243; global_colors_info=\u00bb{}\u00bb]<a target=\"_blank\" href=\"mailto:beirut@aiserimplants.com\" rel=\"noopener\">beirut@aiserimplants.com<\/a>[\/et_pb_blurb][et_pb_blurb title=\u00bbEl Cairo &#8211; Egipto\u00bb image=\u00bbhttps:\/\/aiserimplants.com\/wp-content\/uploads\/2025\/05\/Cairo_Egypt_450x300.jpg\u00bb alt=\u00bbNew York &#8211; USA\u00bb admin_label=\u00bbIl Cairo &#8211; Egitto\u00bb _builder_version=\u00bb4.27.4&#8243; _module_preset=\u00bbb04b1a2f-7b18-45ce-a267-13fb41f7ba31&#8243; global_colors_info=\u00bb{}\u00bb]<a target=\"_blank\" href=\"mailto:cairo@aiserimplants.com\" rel=\"noopener\">cairo@aiserimplants.com<\/a>[\/et_pb_blurb][et_pb_blurb title=\u00bbChiasso &#8211; Suiza\u00bb image=\u00bbhttps:\/\/aiserimplants.com\/wp-content\/uploads\/2025\/05\/Chiasso_Switzerland_450x300.jpg\u00bb alt=\u00bbNew York &#8211; USA\u00bb admin_label=\u00bbChiasso &#8211; Svizzera\u00bb _builder_version=\u00bb4.27.4&#8243; _module_preset=\u00bbb04b1a2f-7b18-45ce-a267-13fb41f7ba31&#8243; global_colors_info=\u00bb{}\u00bb]<\/p>\n<p>Via degli Albrici, 3<br \/>6830, Chiasso, Suiza<br \/><a target=\"_blank\" href=\"mailto:chiasso@aiserimplants.com\" rel=\"noopener\">chiasso@aiserimplants.com<\/a><\/p>\n<p>[\/et_pb_blurb][et_pb_blurb title=\u00bbDamasco &#8211; Siria\u00bb image=\u00bbhttps:\/\/aiserimplants.com\/wp-content\/uploads\/2025\/05\/Damascus_Syria_450x300.jpg\u00bb alt=\u00bbNew York &#8211; USA\u00bb admin_label=\u00bbDamasco &#8211; Siria\u00bb _builder_version=\u00bb4.27.4&#8243; _module_preset=\u00bbb04b1a2f-7b18-45ce-a267-13fb41f7ba31&#8243; global_colors_info=\u00bb{}\u00bb]<a target=\"_blank\" href=\"mailto:damascus@aiserimplants.com\" rel=\"noopener\">damascus@aiserimplants.com<\/a>[\/et_pb_blurb][et_pb_blurb title=\u00bbDub\u00e1i &#8211; Emiratos \u00c1rabes Unidos\u00bb image=\u00bbhttps:\/\/aiserimplants.com\/wp-content\/uploads\/2025\/05\/Dubai_United-Arab-Emirates_450x300.jpg\u00bb alt=\u00bbGinebra &#8211; Suiza\u00bb admin_label=\u00bbDubai &#8211; Emirati Arabi Uniti\u00bb _builder_version=\u00bb4.27.4&#8243; _module_preset=\u00bbb04b1a2f-7b18-45ce-a267-13fb41f7ba31&#8243; global_colors_info=\u00bb{}\u00bb]23\u00b0 Piano, Damac Smart Heights<br \/>Barsha Heights, Dub\u00e1i, Emiratos \u00c1rabes Unidos<br \/><a target=\"_blank\" href=\"mailto:dubai@aiserimplants.com\" rel=\"noopener\">dubai@aiserimplants.com<\/a>[\/et_pb_blurb][et_pb_blurb title=\u00bbEstambul &#8211; Turqu\u00eda\u00bb image=\u00bbhttps:\/\/aiserimplants.com\/wp-content\/uploads\/2025\/05\/Istanbul_Turkiye_450x300.jpg\u00bb alt=\u00bbGinebra &#8211; Suiza\u00bb admin_label=\u00bbIstanbul &#8211; Turchia\u00bb _builder_version=\u00bb4.27.4&#8243; _module_preset=\u00bbb04b1a2f-7b18-45ce-a267-13fb41f7ba31&#8243; global_colors_info=\u00bb{}\u00bb]<\/p>\n<p>Mahmutbey Mah. 2445 Sk. No:59<br \/>Ba\u011fc\u0131lar &#8211; Estambul, Turqu\u00eda  <br \/><a target=\"_blank\" href=\"mailto:istanbul@aiserimplants.com\" rel=\"noopener\">istanbul@aiserimplants.com<\/a><br \/><a href=\"tel:00905334692202\">+90 533 469 22 02<\/a><\/p>\n<p>[\/et_pb_blurb][et_pb_blurb title=\u00bbKabul &#8211; Afganist\u00e1n\u00bb image=\u00bbhttps:\/\/aiserimplants.com\/wp-content\/uploads\/2025\/05\/Kabul_Afghanistan_450x300.jpg\u00bb alt=\u00bbGinebra &#8211; Suiza\u00bb admin_label=\u00bbKabul &#8211; Afghanistan\u00bb _builder_version=\u00bb4.27.4&#8243; _module_preset=\u00bbb04b1a2f-7b18-45ce-a267-13fb41f7ba31&#8243; global_colors_info=\u00bb{}\u00bb]<\/p>\n<p><a target=\"_blank\" href=\"mailto:kabul@aiserimplants.com\" rel=\"noopener\">kabul@aiserimplants.com<\/a><\/p>\n<p>[\/et_pb_blurb][et_pb_blurb title=\u00bbMil\u00e1n &#8211; Italia\u00bb image=\u00bbhttps:\/\/aiserimplants.com\/wp-content\/uploads\/2025\/05\/Milan_Italy_450x300.jpg\u00bb alt=\u00bbGinebra &#8211; Suiza\u00bb admin_label=\u00bbMilano &#8211; Italia\u00bb _builder_version=\u00bb4.27.4&#8243; _module_preset=\u00bbb04b1a2f-7b18-45ce-a267-13fb41f7ba31&#8243; global_colors_info=\u00bb{}\u00bb]<\/p>\n<p>Via Raffaello Sanzio, 19<\/p>\n<p><a target=\"_blank\" href=\"mailto:milan@aiserimplants.com\" rel=\"noopener\">milan@aiserimplants.com<\/a><\/p>\n<p>[\/et_pb_blurb][et_pb_blurb title=\u00bbNew York &#8211; USA\u00bb image=\u00bbhttps:\/\/aiserimplants.com\/wp-content\/uploads\/2025\/05\/New-York_USA_450x300.jpg\u00bb alt=\u00bbNew York &#8211; USA\u00bb admin_label=\u00bbNew York &#8211; USA\u00bb _builder_version=\u00bb4.27.4&#8243; _module_preset=\u00bbb04b1a2f-7b18-45ce-a267-13fb41f7ba31&#8243; global_colors_info=\u00bb{}\u00bb]626 RexCorp Plaza, 6th Floor<br \/>\nUniondale, NY 11556, USA<br \/>\n<a target=\"_blank\" href=\"mailto:newyork@aiserimplants.com\" rel=\"noopener\">newyork@aiserimplants.com<\/a>[\/et_pb_blurb][et_pb_blurb title=\u00bbNicosia &#8211; Chipre\u00bb image=\u00bbhttps:\/\/aiserimplants.com\/wp-content\/uploads\/2025\/05\/Nicosia_Cyprus_450x300.jpg\u00bb alt=\u00bbNew York &#8211; USA\u00bb admin_label=\u00bbNicosia &#8211; Cipro\u00bb _builder_version=\u00bb4.27.4&#8243; _module_preset=\u00bbb04b1a2f-7b18-45ce-a267-13fb41f7ba31&#8243; global_colors_info=\u00bb{}\u00bb]<a target=\"_blank\" href=\"mailto:nicosia@aiserimplants.com\" rel=\"noopener\">nicosia@aiserimplants.com<\/a>[\/et_pb_blurb][et_pb_blurb title=\u00bbOradea &#8211; Ruman\u00eda\u00bb image=\u00bbhttps:\/\/aiserimplants.com\/wp-content\/uploads\/2025\/05\/Oradea_Romania_450x300-2.jpg\u00bb alt=\u00bbNew York &#8211; USA\u00bb admin_label=\u00bbOradea &#8211; Romania\u00bb _builder_version=\u00bb4.27.4&#8243; _module_preset=\u00bbb04b1a2f-7b18-45ce-a267-13fb41f7ba31&#8243; global_colors_info=\u00bb{}\u00bb]<a target=\"_blank\" href=\"mailto:oradea@aiserimplants.com\" rel=\"noopener\">oradea@aiserimplants.com<\/a>[\/et_pb_blurb][et_pb_blurb title=\u00bbRio de Janeiro &#8211; Brasil\u00bb image=\u00bbhttps:\/\/aiserimplants.com\/wp-content\/uploads\/2025\/05\/Rio-de-Janeiro_Brazil_450x300.jpg\u00bb alt=\u00bbNew York &#8211; USA\u00bb admin_label=\u00bbRio de Janeiro &#8211; Brasile\u00bb _builder_version=\u00bb4.27.4&#8243; _module_preset=\u00bbb04b1a2f-7b18-45ce-a267-13fb41f7ba31&#8243; global_colors_info=\u00bb{}\u00bb]Rio de Janeiro &#8211; RJ, 20021-290, Brasil<br \/>\n<a target=\"_blank\" href=\"mailto:riodejaneiro@aiserimplants.com\" rel=\"noopener\">riodejaneiro@aiserimplants.com<\/a>[\/et_pb_blurb][et_pb_blurb title=\u00bbRiad &#8211; Arabia Saudita\u00bb image=\u00bbhttps:\/\/aiserimplants.com\/wp-content\/uploads\/2025\/05\/Riyadh_Saudi-Arabia_450x300.jpg\u00bb alt=\u00bbNew York &#8211; USA\u00bb admin_label=\u00bbRiad &#8211; Arabia Saudita\u00bb _builder_version=\u00bb4.27.4&#8243; _module_preset=\u00bbb04b1a2f-7b18-45ce-a267-13fb41f7ba31&#8243; global_colors_info=\u00bb{}\u00bb]<a target=\"_blank\" href=\"mailto:riyadh@aiserimplants.com\" rel=\"noopener\">riyadh@aiserimplants.com<\/a><br \/>\n<a href=\"tel:00966547531459\">+966 547 531 459<\/a>[\/et_pb_blurb][et_pb_blurb title=\u00bbShanghai &#8211; China\u00bb image=\u00bbhttps:\/\/aiserimplants.com\/wp-content\/uploads\/2025\/05\/Shanghai_China_450x300.jpg\u00bb alt=\u00bbNew York &#8211; USA\u00bb admin_label=\u00bbShanghai &#8211; Cina\u00bb _builder_version=\u00bb4.27.4&#8243; _module_preset=\u00bbb04b1a2f-7b18-45ce-a267-13fb41f7ba31&#8243; global_colors_info=\u00bb{}\u00bb]26\/F, Hong Kong Plaza<br \/>283 Middle Huai Hai Road, Luwan District<br \/>200021, Shanghai PRC<br \/><a target=\"_blank\" href=\"mailto:shangai@aiserimplants.com\" rel=\"noopener\">shangai@aiserimplants.com<\/a>[\/et_pb_blurb][et_pb_blurb title=\u00bbTirana &#8211; Albania\u00bb image=\u00bbhttps:\/\/aiserimplants.com\/wp-content\/uploads\/2025\/05\/Tirana_Albania_450x300-2.jpg\u00bb alt=\u00bbNew York &#8211; USA\u00bb admin_label=\u00bbTirana &#8211; Albania\u00bb _builder_version=\u00bb4.27.4&#8243; _module_preset=\u00bbb04b1a2f-7b18-45ce-a267-13fb41f7ba31&#8243; global_colors_info=\u00bb{}\u00bb]<a target=\"_blank\" href=\"mailto:tirana@aiserimplants.com\" rel=\"noopener\">tirana@aiserimplants.com<\/a>[\/et_pb_blurb][et_pb_blurb title=\u00bbTokio &#8211; Jap\u00f3n\u00bb image=\u00bbhttps:\/\/aiserimplants.com\/wp-content\/uploads\/2025\/05\/Tokyo_Japan_450x300.jpg\u00bb alt=\u00bbNew York &#8211; USA\u00bb admin_label=\u00bbTokyo &#8211; Giappone\u00bb _builder_version=\u00bb4.27.4&#8243; _module_preset=\u00bbb04b1a2f-7b18-45ce-a267-13fb41f7ba31&#8243; global_colors_info=\u00bb{}\u00bb]Shinjuku Park Tower North Tower 30th floor.<br \/>Nishishinjuku, Shinjuku-ku, Tokio, Jap\u00f3n 163-1030<br \/>\u3012163-1030 \u6771\u4eac\u90fd\u65b0\u5bbf\u533a\u897f\u65b0\u5bbf 3-7-1<br \/>\u65b0\u5bbf\u30d1\u30fc\u30af\u30bf\u30ef\u30fc\uff2e\u68df30\u968e<br \/><a target=\"_blank\" href=\"mailto:tokyo@aiserimplants.com\" rel=\"noopener\">tokyo@aiserimplants.com<\/a>[\/et_pb_blurb][\/et_pb_column][\/et_pb_row][\/et_pb_section]<\/p>\n","protected":false},"excerpt":{"rendered":"<p>Nuestras ubicaciones. Ginebra, Suiza Rue du Rhone, 14VH-1204. Dub\u00e1i &#8211; Mil\u00e1n &#8211; Nueva York &#8211; R\u00edo de Janeiro &#8211; Shangh\u00e1i &#8211; Tokio&#8230;  <\/p>\n","protected":false},"author":1,"featured_media":3047,"parent":0,"menu_order":0,"comment_status":"closed","ping_status":"closed","template":"","meta":{"_acf_changed":false,"_et_pb_use_builder":"on","_et_pb_old_content":"","_et_gb_content_width":"","footnotes":""},"class_list":["post-3081","page","type-page","status-publish","has-post-thumbnail","hentry"],"acf":[],"yoast_head":"<!-- This site is optimized with the Yoast SEO Premium plugin v25.2 (Yoast SEO v27.1) - https:\/\/yoast.com\/product\/yoast-seo-premium-wordpress\/ -->\n<title>Sedes - Aiser Implants<\/title>\n<meta name=\"description\" content=\"Nuestras ubicaciones. Ginebra, Suiza Rue du Rhone, 14VH-1204. Dub\u00e1i - Mil\u00e1n - Nueva York - R\u00edo de Janeiro - Shangh\u00e1i - Tokio...\" \/>\n<meta name=\"robots\" content=\"index, follow, max-snippet:-1, max-image-preview:large, max-video-preview:-1\" \/>\n<link rel=\"canonical\" href=\"https:\/\/aiserimplants.com\/es\/sedes\/\" \/>\n<meta property=\"og:locale\" content=\"es_ES\" \/>\n<meta property=\"og:type\" content=\"article\" \/>\n<meta property=\"og:title\" content=\"Nuestras ubicaciones Aiser\" \/>\n<meta property=\"og:description\" content=\"Nuestras ubicaciones. Ginebra, Suiza Rue du Rhone, 14VH-1204. Dub\u00e1i - Mil\u00e1n - Nueva York - R\u00edo de Janeiro - Shangh\u00e1i - Tokio...\" \/>\n<meta property=\"og:url\" content=\"https:\/\/aiserimplants.com\/es\/sedes\/\" \/>\n<meta property=\"og:site_name\" content=\"Aiser Implants\" \/>\n<meta property=\"article:modified_time\" content=\"2026-04-03T18:03:30+00:00\" \/>\n<meta property=\"og:image\" content=\"https:\/\/aiserimplants.com\/wp-content\/uploads\/2022\/04\/Bandiere-Onu-1024x478.png\" \/>\n<meta name=\"twitter:card\" content=\"summary_large_image\" \/>\n<meta name=\"twitter:title\" content=\"Sedes\" \/>\n<meta name=\"twitter:label1\" content=\"Tiempo de lectura\" \/>\n\t<meta name=\"twitter:data1\" content=\"6 minutos\" \/>\n<script type=\"application\/ld+json\" class=\"yoast-schema-graph\">{\"@context\":\"https:\/\/schema.org\",\"@graph\":[{\"@type\":\"WebPage\",\"@id\":\"https:\/\/aiserimplants.com\/es\/sedes\/\",\"url\":\"https:\/\/aiserimplants.com\/es\/sedes\/\",\"name\":\"Sedes - Aiser Implants\",\"isPartOf\":{\"@id\":\"https:\/\/aiserimplants.com\/es\/#website\"},\"primaryImageOfPage\":{\"@id\":\"https:\/\/aiserimplants.com\/es\/sedes\/#primaryimage\"},\"image\":{\"@id\":\"https:\/\/aiserimplants.com\/es\/sedes\/#primaryimage\"},\"thumbnailUrl\":\"https:\/\/aiserimplants.com\/wp-content\/uploads\/2022\/04\/Bandiere-Onu.png\",\"datePublished\":\"2022-04-01T10:52:58+00:00\",\"dateModified\":\"2026-04-03T18:03:30+00:00\",\"description\":\"Nuestras ubicaciones. Ginebra, Suiza Rue du Rhone, 14VH-1204. Dub\u00e1i - Mil\u00e1n - Nueva York - R\u00edo de Janeiro - Shangh\u00e1i - Tokio...\",\"breadcrumb\":{\"@id\":\"https:\/\/aiserimplants.com\/es\/sedes\/#breadcrumb\"},\"inLanguage\":\"es\",\"potentialAction\":[{\"@type\":\"ReadAction\",\"target\":[\"https:\/\/aiserimplants.com\/es\/sedes\/\"]}]},{\"@type\":\"ImageObject\",\"inLanguage\":\"es\",\"@id\":\"https:\/\/aiserimplants.com\/es\/sedes\/#primaryimage\",\"url\":\"https:\/\/aiserimplants.com\/wp-content\/uploads\/2022\/04\/Bandiere-Onu.png\",\"contentUrl\":\"https:\/\/aiserimplants.com\/wp-content\/uploads\/2022\/04\/Bandiere-Onu.png\",\"width\":1500,\"height\":700},{\"@type\":\"BreadcrumbList\",\"@id\":\"https:\/\/aiserimplants.com\/es\/sedes\/#breadcrumb\",\"itemListElement\":[{\"@type\":\"ListItem\",\"position\":1,\"name\":\"Home\",\"item\":\"https:\/\/aiserimplants.com\/es\/home\/\"},{\"@type\":\"ListItem\",\"position\":2,\"name\":\"Sedes\"}]},{\"@type\":\"WebSite\",\"@id\":\"https:\/\/aiserimplants.com\/es\/#website\",\"url\":\"https:\/\/aiserimplants.com\/es\/\",\"name\":\"Aiser Implants\",\"description\":\"Swiss Quality at its Peak\",\"publisher\":{\"@id\":\"https:\/\/aiserimplants.com\/es\/#organization\"},\"potentialAction\":[{\"@type\":\"SearchAction\",\"target\":{\"@type\":\"EntryPoint\",\"urlTemplate\":\"https:\/\/aiserimplants.com\/es\/?s={search_term_string}\"},\"query-input\":{\"@type\":\"PropertyValueSpecification\",\"valueRequired\":true,\"valueName\":\"search_term_string\"}}],\"inLanguage\":\"es\"},{\"@type\":[\"Organization\",\"Place\"],\"@id\":\"https:\/\/aiserimplants.com\/es\/#organization\",\"name\":\"Aiser\",\"url\":\"https:\/\/aiserimplants.com\/es\/\",\"logo\":{\"@id\":\"https:\/\/aiserimplants.com\/es\/sedes\/#local-main-organization-logo\"},\"image\":{\"@id\":\"https:\/\/aiserimplants.com\/es\/sedes\/#local-main-organization-logo\"},\"telephone\":[],\"openingHoursSpecification\":[{\"@type\":\"OpeningHoursSpecification\",\"dayOfWeek\":[\"Monday\",\"Tuesday\",\"Wednesday\",\"Thursday\",\"Friday\",\"Saturday\",\"Sunday\"],\"opens\":\"09:00\",\"closes\":\"17:00\"}]},{\"@type\":\"ImageObject\",\"inLanguage\":\"es\",\"@id\":\"https:\/\/aiserimplants.com\/es\/sedes\/#local-main-organization-logo\",\"url\":\"https:\/\/aiserimplants.com\/wp-content\/uploads\/2022\/02\/AISER_logo.jpg\",\"contentUrl\":\"https:\/\/aiserimplants.com\/wp-content\/uploads\/2022\/02\/AISER_logo.jpg\",\"width\":1806,\"height\":1082,\"caption\":\"Aiser\"}]}<\/script>\n<!-- \/ Yoast SEO Premium plugin. -->","yoast_head_json":{"title":"Sedes - Aiser Implants","description":"Nuestras ubicaciones. Ginebra, Suiza Rue du Rhone, 14VH-1204. Dub\u00e1i - Mil\u00e1n - Nueva York - R\u00edo de Janeiro - Shangh\u00e1i - Tokio...","robots":{"index":"index","follow":"follow","max-snippet":"max-snippet:-1","max-image-preview":"max-image-preview:large","max-video-preview":"max-video-preview:-1"},"canonical":"https:\/\/aiserimplants.com\/es\/sedes\/","og_locale":"es_ES","og_type":"article","og_title":"Nuestras ubicaciones Aiser","og_description":"Nuestras ubicaciones. Ginebra, Suiza Rue du Rhone, 14VH-1204. Dub\u00e1i - Mil\u00e1n - Nueva York - R\u00edo de Janeiro - Shangh\u00e1i - Tokio...","og_url":"https:\/\/aiserimplants.com\/es\/sedes\/","og_site_name":"Aiser Implants","article_modified_time":"2026-04-03T18:03:30+00:00","og_image":[{"url":"https:\/\/aiserimplants.com\/wp-content\/uploads\/2022\/04\/Bandiere-Onu-1024x478.png","type":"","width":"","height":""}],"twitter_card":"summary_large_image","twitter_title":"Sedes","twitter_misc":{"Tiempo de lectura":"6 minutos"},"schema":{"@context":"https:\/\/schema.org","@graph":[{"@type":"WebPage","@id":"https:\/\/aiserimplants.com\/es\/sedes\/","url":"https:\/\/aiserimplants.com\/es\/sedes\/","name":"Sedes - Aiser Implants","isPartOf":{"@id":"https:\/\/aiserimplants.com\/es\/#website"},"primaryImageOfPage":{"@id":"https:\/\/aiserimplants.com\/es\/sedes\/#primaryimage"},"image":{"@id":"https:\/\/aiserimplants.com\/es\/sedes\/#primaryimage"},"thumbnailUrl":"https:\/\/aiserimplants.com\/wp-content\/uploads\/2022\/04\/Bandiere-Onu.png","datePublished":"2022-04-01T10:52:58+00:00","dateModified":"2026-04-03T18:03:30+00:00","description":"Nuestras ubicaciones. Ginebra, Suiza Rue du Rhone, 14VH-1204. Dub\u00e1i - Mil\u00e1n - Nueva York - R\u00edo de Janeiro - Shangh\u00e1i - Tokio...","breadcrumb":{"@id":"https:\/\/aiserimplants.com\/es\/sedes\/#breadcrumb"},"inLanguage":"es","potentialAction":[{"@type":"ReadAction","target":["https:\/\/aiserimplants.com\/es\/sedes\/"]}]},{"@type":"ImageObject","inLanguage":"es","@id":"https:\/\/aiserimplants.com\/es\/sedes\/#primaryimage","url":"https:\/\/aiserimplants.com\/wp-content\/uploads\/2022\/04\/Bandiere-Onu.png","contentUrl":"https:\/\/aiserimplants.com\/wp-content\/uploads\/2022\/04\/Bandiere-Onu.png","width":1500,"height":700},{"@type":"BreadcrumbList","@id":"https:\/\/aiserimplants.com\/es\/sedes\/#breadcrumb","itemListElement":[{"@type":"ListItem","position":1,"name":"Home","item":"https:\/\/aiserimplants.com\/es\/home\/"},{"@type":"ListItem","position":2,"name":"Sedes"}]},{"@type":"WebSite","@id":"https:\/\/aiserimplants.com\/es\/#website","url":"https:\/\/aiserimplants.com\/es\/","name":"Aiser Implants","description":"Swiss Quality at its Peak","publisher":{"@id":"https:\/\/aiserimplants.com\/es\/#organization"},"potentialAction":[{"@type":"SearchAction","target":{"@type":"EntryPoint","urlTemplate":"https:\/\/aiserimplants.com\/es\/?s={search_term_string}"},"query-input":{"@type":"PropertyValueSpecification","valueRequired":true,"valueName":"search_term_string"}}],"inLanguage":"es"},{"@type":["Organization","Place"],"@id":"https:\/\/aiserimplants.com\/es\/#organization","name":"Aiser","url":"https:\/\/aiserimplants.com\/es\/","logo":{"@id":"https:\/\/aiserimplants.com\/es\/sedes\/#local-main-organization-logo"},"image":{"@id":"https:\/\/aiserimplants.com\/es\/sedes\/#local-main-organization-logo"},"telephone":[],"openingHoursSpecification":[{"@type":"OpeningHoursSpecification","dayOfWeek":["Monday","Tuesday","Wednesday","Thursday","Friday","Saturday","Sunday"],"opens":"09:00","closes":"17:00"}]},{"@type":"ImageObject","inLanguage":"es","@id":"https:\/\/aiserimplants.com\/es\/sedes\/#local-main-organization-logo","url":"https:\/\/aiserimplants.com\/wp-content\/uploads\/2022\/02\/AISER_logo.jpg","contentUrl":"https:\/\/aiserimplants.com\/wp-content\/uploads\/2022\/02\/AISER_logo.jpg","width":1806,"height":1082,"caption":"Aiser"}]}},"_links":{"self":[{"href":"https:\/\/aiserimplants.com\/es\/wp-json\/wp\/v2\/pages\/3081","targetHints":{"allow":["GET"]}}],"collection":[{"href":"https:\/\/aiserimplants.com\/es\/wp-json\/wp\/v2\/pages"}],"about":[{"href":"https:\/\/aiserimplants.com\/es\/wp-json\/wp\/v2\/types\/page"}],"author":[{"embeddable":true,"href":"https:\/\/aiserimplants.com\/es\/wp-json\/wp\/v2\/users\/1"}],"replies":[{"embeddable":true,"href":"https:\/\/aiserimplants.com\/es\/wp-json\/wp\/v2\/comments?post=3081"}],"version-history":[{"count":50,"href":"https:\/\/aiserimplants.com\/es\/wp-json\/wp\/v2\/pages\/3081\/revisions"}],"predecessor-version":[{"id":7623,"href":"https:\/\/aiserimplants.com\/es\/wp-json\/wp\/v2\/pages\/3081\/revisions\/7623"}],"wp:featuredmedia":[{"embeddable":true,"href":"https:\/\/aiserimplants.com\/es\/wp-json\/wp\/v2\/media\/3047"}],"wp:attachment":[{"href":"https:\/\/aiserimplants.com\/es\/wp-json\/wp\/v2\/media?parent=3081"}],"curies":[{"name":"wp","href":"https:\/\/api.w.org\/{rel}","templated":true}]}}