{"id":3507,"date":"2022-04-08T09:19:56","date_gmt":"2022-04-08T07:19:56","guid":{"rendered":"https:\/\/aiserimplants.com\/tratamiento-biosyn-d\/"},"modified":"2024-01-30T10:42:26","modified_gmt":"2024-01-30T09:42:26","slug":"tratamiento-biosyn-d","status":"publish","type":"page","link":"https:\/\/aiserimplants.com\/es\/tratamiento-biosyn-d\/","title":{"rendered":"Tratamiento Biosyn-D"},"content":{"rendered":"<p>[et_pb_section fb_built=\u00bb1&#8243; fullwidth=\u00bbon\u00bb admin_label=\u00bbHero Section\u00bb _builder_version=\u00bb4.16&#8243; background_color=\u00bb#000000&#8243; parallax=\u00bbon\u00bb custom_padding=\u00bb0px|0px|0px|0px\u00bb global_colors_info=\u00bb{}\u00bb][et_pb_fullwidth_header title=\u00bbTratamiento Biosyn-D\u00bb subhead=\u00bbEl tratamiento exclusivo y avanzado de las superficies de implante AISER\u00bb admin_label=\u00bbHero\u00bb _builder_version=\u00bb4.16&#8243; _module_preset=\u00bb5d2311d1-d0df-49c3-8a3a-d366a118df72&#8243; title_font_size=\u00bb4em\u00bb background_enable_color=\u00bboff\u00bb background_image=\u00bbhttps:\/\/aiserimplants.com\/wp-content\/uploads\/2022\/02\/travel-landscape-17.jpg\u00bb button_one_icon=\u00bb&#x24;||divi||400&#8243; button_one_icon_color=\u00bb#ffffff\u00bb button_one_text_color_hover=\u00bb#ffffff\u00bb button_one_border_color_hover=\u00bb#ffffff\u00bb button_one_border_radius_hover=\u00bb0px\u00bb button_one_letter_spacing_hover=\u00bb4px\u00bb button_one_bg_color_hover=\u00bbrgba(0,0,0,0)\u00bb global_colors_info=\u00bb{}\u00bb button_one_text_size__hover_enabled=\u00bboff\u00bb button_two_text_size__hover_enabled=\u00bboff\u00bb button_one_text_color__hover_enabled=\u00bbon\u00bb button_one_text_color__hover=\u00bb#ffffff\u00bb button_two_text_color__hover_enabled=\u00bboff\u00bb button_one_border_width__hover_enabled=\u00bboff\u00bb button_two_border_width__hover_enabled=\u00bboff\u00bb button_one_border_color__hover_enabled=\u00bbon\u00bb button_one_border_color__hover=\u00bb#ffffff\u00bb button_two_border_color__hover_enabled=\u00bboff\u00bb button_one_border_radius__hover_enabled=\u00bbon\u00bb button_one_border_radius__hover=\u00bb0px\u00bb button_two_border_radius__hover_enabled=\u00bboff\u00bb button_one_letter_spacing__hover_enabled=\u00bbon\u00bb button_one_letter_spacing__hover=\u00bb4px\u00bb button_two_letter_spacing__hover_enabled=\u00bboff\u00bb button_one_bg_color__hover_enabled=\u00bbon\u00bb button_one_bg_color__hover=\u00bbrgba(0,0,0,0)\u00bb button_two_bg_color__hover_enabled=\u00bboff\u00bb][\/et_pb_fullwidth_header][\/et_pb_section][et_pb_section fb_built=\u00bb1&#8243; _builder_version=\u00bb4.17.3&#8243; background_color=\u00bb#000000&#8243; custom_padding=\u00bb50px||0px||false|false\u00bb global_colors_info=\u00bb{}\u00bb][et_pb_row column_structure=\u00bb3_4,1_4&#8243; _builder_version=\u00bb4.23.4&#8243; _module_preset=\u00bbdefault\u00bb hover_enabled=\u00bb0&#8243; global_colors_info=\u00bb{}\u00bb custom_margin=\u00bb||100px||false|false\u00bb sticky_enabled=\u00bb0&#8243;][et_pb_column type=\u00bb3_4&#8243; _builder_version=\u00bb4.17.3&#8243; _module_preset=\u00bbdefault\u00bb global_colors_info=\u00bb{}\u00bb][et_pb_text _builder_version=\u00bb4.17.3&#8243; _module_preset=\u00bbdefault\u00bb text_line_height=\u00bb1.8em\u00bb text_orientation=\u00bbcenter\u00bb custom_padding=\u00bb|100px||100px|false|true\u00bb custom_padding_tablet=\u00bb|100px||100px|false|true\u00bb custom_padding_phone=\u00bb|0px||0px|false|true\u00bb custom_padding_last_edited=\u00bbon|phone\u00bb global_colors_info=\u00bb{}\u00bb]Descargue el estudio realizado en colaboraci\u00f3n con el grupo de biomateriales de las Cl\u00ednicas Universitarias de Medicina Dental de Ginebra, Suiza.[\/et_pb_text][et_pb_button button_url=\u00bbhttps:\/\/aiserimplants.com\/wp-content\/uploads\/2022\/06\/Surface-and-Biological-characterization-of-Aiser-Biosyn-D\u00ae.pdf\u00bb url_new_window=\u00bbon\u00bb button_text=\u00bb\u00a1Desc\u00e1rguelo ahora!\u00bb button_alignment=\u00bbcenter\u00bb _builder_version=\u00bb4.23.4&#8243; _module_preset=\u00bbd6309e21-bdc4-44a4-869e-39a631350022&#8243; global_colors_info=\u00bb{}\u00bb][\/et_pb_button][\/et_pb_column][et_pb_column type=\u00bb1_4&#8243; _builder_version=\u00bb4.17.3&#8243; _module_preset=\u00bbdefault\u00bb global_colors_info=\u00bb{}\u00bb][et_pb_image src=\u00bbhttps:\/\/aiserimplants.com\/wp-content\/uploads\/2023\/03\/Printable-document-template.png\u00bb title_text=\u00bbPrintable document template\u00bb url=\u00bbhttps:\/\/aiserimplants.com\/wp-content\/uploads\/2022\/06\/Surface-and-Biological-characterization-of-Aiser-Biosyn-D\u00ae.pdf\u00bb url_new_window=\u00bbon\u00bb _builder_version=\u00bb4.23.4&#8243; _module_preset=\u00bbdefault\u00bb global_colors_info=\u00bb{}\u00bb][\/et_pb_image][\/et_pb_column][\/et_pb_row][et_pb_row _builder_version=\u00bb4.17.3&#8243; _module_preset=\u00bbdefault\u00bb global_colors_info=\u00bb{}\u00bb][et_pb_column type=\u00bb4_4&#8243; _builder_version=\u00bb4.17.3&#8243; _module_preset=\u00bbdefault\u00bb global_colors_info=\u00bb{}\u00bb][et_pb_text _builder_version=\u00bb4.17.3&#8243; _module_preset=\u00bbdefault\u00bb header_2_line_height=\u00bb2em\u00bb text_orientation=\u00bbcenter\u00bb global_colors_info=\u00bb{}\u00bb]La superficie AISER Biosyn-D reduce el tiempo de cicatrizaci\u00f3n necesario antes de cargar un implante.[\/et_pb_text][et_pb_text _builder_version=\u00bb4.17.3&#8243; _module_preset=\u00bbdefault\u00bb header_2_font=\u00bb|600|||||||\u00bb header_2_font_size=\u00bb1.3em\u00bb global_colors_info=\u00bb{}\u00bb]<\/p>\n<h2>A los 7 d\u00edas: aumento del 64,5% de las c\u00e9lulas HOS en comparaci\u00f3n con la superficie normal de SLA en titanio.<\/h2>\n<p>[\/et_pb_text][\/et_pb_column][\/et_pb_row][et_pb_row column_structure=\u00bb1_2,1_2&#8243; _builder_version=\u00bb4.16&#8243; global_colors_info=\u00bb{}\u00bb][et_pb_column type=\u00bb1_2&#8243; _builder_version=\u00bb4.16&#8243; custom_padding=\u00bb|||\u00bb global_colors_info=\u00bb{}\u00bb custom_padding__hover=\u00bb|||\u00bb][et_pb_text admin_label=\u00bbDiscover Beatuty Sub Title\u00bb _builder_version=\u00bb4.16&#8243; text_font=\u00bb||||||||\u00bb text_font_size=\u00bb24px\u00bb text_line_height=\u00bb1.4em\u00bb animation_style=\u00bbslide\u00bb animation_direction=\u00bbtop\u00bb animation_intensity_slide=\u00bb10%\u00bb global_colors_info=\u00bb{}\u00bb]<\/p>\n<p>Superficies altamente biocompatibles, osteoinductivas y osteoconductivas de Biosyn-D.<\/p>\n<p>[\/et_pb_text][et_pb_divider color=\u00bb#ed4441&#8243; divider_position=\u00bbcenter\u00bb divider_weight=\u00bb3px\u00bb disabled_on=\u00bboff|off|off\u00bb _builder_version=\u00bb4.16&#8243; max_width=\u00bb150px\u00bb height=\u00bbfalse\u00bb animation_style=\u00bbslide\u00bb animation_direction=\u00bbtop\u00bb animation_delay=\u00bb100ms\u00bb animation_intensity_slide=\u00bb10%\u00bb global_colors_info=\u00bb{}\u00bb][\/et_pb_divider][et_pb_text admin_label=\u00bbDiscover Beatuty Text\u00bb _builder_version=\u00bb4.16&#8243; text_font=\u00bb||||||||\u00bb text_font_size=\u00bb18px\u00bb text_line_height=\u00bb1.9em\u00bb custom_padding=\u00bb30px|0px|0px|||\u00bb animation_style=\u00bbslide\u00bb animation_direction=\u00bbtop\u00bb animation_delay=\u00bb200ms\u00bb animation_intensity_slide=\u00bb10%\u00bb global_colors_info=\u00bb{}\u00bb]<\/p>\n<p>El tratamiento garantiza superficies estables, fuertemente oxidadas, con un alto grado de hidrofilicidad y nanoporosidad.<\/p>\n<p>La alta rugosidad de la superficie y el dise\u00f1o de los implantes permiten obtener <strong>excelentes niveles de estabilidad primaria durante la inserci\u00f3n<\/strong>.<\/p>\n<p>Las caracter\u00edsticas bioactivas de la superficie permiten lograr una <strong>perfecta osteointegraci\u00f3n temprana<\/strong> y estabilidad secundaria.<\/p>\n<p>[\/et_pb_text][\/et_pb_column][et_pb_column type=\u00bb1_2&#8243; _builder_version=\u00bb4.16&#8243; custom_padding=\u00bb|||\u00bb global_colors_info=\u00bb{}\u00bb custom_padding__hover=\u00bb|||\u00bb][et_pb_image src=\u00bbhttps:\/\/aiserimplants.com\/wp-content\/uploads\/2022\/02\/dettaglio-microscopio.jpg\u00bb alt=\u00bbDetalle del microscopio Biosyn-D\u00bb title_text=\u00bbDetalle del microscopio Biosyn-D\u00bb _builder_version=\u00bb4.16&#8243; _module_preset=\u00bbdefault\u00bb global_colors_info=\u00bb{}\u00bb][\/et_pb_image][\/et_pb_column][\/et_pb_row][\/et_pb_section]<\/p>\n","protected":false},"excerpt":{"rendered":"<p>Exclusivo tratamiento de vanguardia Biosyn D de las superficies de los implantes AISER que reduce el tiempo de cicatrizaci\u00f3n para la carga del implante&#8230;<\/p>\n","protected":false},"author":2,"featured_media":2918,"parent":0,"menu_order":0,"comment_status":"closed","ping_status":"closed","template":"","meta":{"_acf_changed":false,"_et_pb_use_builder":"on","_et_pb_old_content":"","_et_gb_content_width":"","footnotes":""},"class_list":["post-3507","page","type-page","status-publish","has-post-thumbnail","hentry"],"acf":[],"yoast_head":"<!-- This site is optimized with the Yoast SEO Premium plugin v25.2 (Yoast SEO v27.1) - https:\/\/yoast.com\/product\/yoast-seo-premium-wordpress\/ -->\n<title>Tratamiento Biosyn-D - Aiser Implants<\/title>\n<meta name=\"description\" content=\"Exclusivo tratamiento de vanguardia Biosyn D de las superficies de los implantes AISER que reduce el tiempo de cicatrizaci\u00f3n para la carga del implante...\" \/>\n<meta name=\"robots\" content=\"index, follow, max-snippet:-1, max-image-preview:large, max-video-preview:-1\" \/>\n<link rel=\"canonical\" href=\"https:\/\/aiserimplants.com\/es\/tratamiento-biosyn-d\/\" \/>\n<meta property=\"og:locale\" content=\"es_ES\" \/>\n<meta property=\"og:type\" content=\"article\" \/>\n<meta property=\"og:title\" content=\"Biosyn D\" \/>\n<meta property=\"og:description\" content=\"Exclusivo tratamiento de vanguardia Biosyn D de las superficies de los implantes AISER que reduce el tiempo de cicatrizaci\u00f3n para la carga del implante...\" \/>\n<meta property=\"og:url\" content=\"https:\/\/aiserimplants.com\/es\/tratamiento-biosyn-d\/\" \/>\n<meta property=\"og:site_name\" content=\"Aiser Implants\" \/>\n<meta property=\"article:modified_time\" content=\"2024-01-30T09:42:26+00:00\" \/>\n<meta property=\"og:image\" content=\"https:\/\/aiserimplants.com\/wp-content\/uploads\/2019\/07\/4-300x300.png\" \/>\n<meta name=\"twitter:card\" content=\"summary_large_image\" \/>\n<meta name=\"twitter:title\" content=\"Tratamiento Biosyn-D\" \/>\n<meta name=\"twitter:label1\" content=\"Tiempo de lectura\" \/>\n\t<meta name=\"twitter:data1\" content=\"4 minutos\" \/>\n<script type=\"application\/ld+json\" class=\"yoast-schema-graph\">{\"@context\":\"https:\/\/schema.org\",\"@graph\":[{\"@type\":\"WebPage\",\"@id\":\"https:\/\/aiserimplants.com\/es\/tratamiento-biosyn-d\/\",\"url\":\"https:\/\/aiserimplants.com\/es\/tratamiento-biosyn-d\/\",\"name\":\"Tratamiento Biosyn-D - Aiser Implants\",\"isPartOf\":{\"@id\":\"https:\/\/aiserimplants.com\/es\/#website\"},\"primaryImageOfPage\":{\"@id\":\"https:\/\/aiserimplants.com\/es\/tratamiento-biosyn-d\/#primaryimage\"},\"image\":{\"@id\":\"https:\/\/aiserimplants.com\/es\/tratamiento-biosyn-d\/#primaryimage\"},\"thumbnailUrl\":\"https:\/\/aiserimplants.com\/wp-content\/uploads\/2019\/07\/4.png\",\"datePublished\":\"2022-04-08T07:19:56+00:00\",\"dateModified\":\"2024-01-30T09:42:26+00:00\",\"description\":\"Exclusivo tratamiento de vanguardia Biosyn D de las superficies de los implantes AISER que reduce el tiempo de cicatrizaci\u00f3n para la carga del implante...\",\"breadcrumb\":{\"@id\":\"https:\/\/aiserimplants.com\/es\/tratamiento-biosyn-d\/#breadcrumb\"},\"inLanguage\":\"es\",\"potentialAction\":[{\"@type\":\"ReadAction\",\"target\":[\"https:\/\/aiserimplants.com\/es\/tratamiento-biosyn-d\/\"]}]},{\"@type\":\"ImageObject\",\"inLanguage\":\"es\",\"@id\":\"https:\/\/aiserimplants.com\/es\/tratamiento-biosyn-d\/#primaryimage\",\"url\":\"https:\/\/aiserimplants.com\/wp-content\/uploads\/2019\/07\/4.png\",\"contentUrl\":\"https:\/\/aiserimplants.com\/wp-content\/uploads\/2019\/07\/4.png\",\"width\":500,\"height\":500},{\"@type\":\"BreadcrumbList\",\"@id\":\"https:\/\/aiserimplants.com\/es\/tratamiento-biosyn-d\/#breadcrumb\",\"itemListElement\":[{\"@type\":\"ListItem\",\"position\":1,\"name\":\"Home\",\"item\":\"https:\/\/aiserimplants.com\/es\/home\/\"},{\"@type\":\"ListItem\",\"position\":2,\"name\":\"Tratamiento Biosyn-D\"}]},{\"@type\":\"WebSite\",\"@id\":\"https:\/\/aiserimplants.com\/es\/#website\",\"url\":\"https:\/\/aiserimplants.com\/es\/\",\"name\":\"Aiser Implants\",\"description\":\"Swiss Quality at its Peak\",\"publisher\":{\"@id\":\"https:\/\/aiserimplants.com\/es\/#organization\"},\"potentialAction\":[{\"@type\":\"SearchAction\",\"target\":{\"@type\":\"EntryPoint\",\"urlTemplate\":\"https:\/\/aiserimplants.com\/es\/?s={search_term_string}\"},\"query-input\":{\"@type\":\"PropertyValueSpecification\",\"valueRequired\":true,\"valueName\":\"search_term_string\"}}],\"inLanguage\":\"es\"},{\"@type\":[\"Organization\",\"Place\"],\"@id\":\"https:\/\/aiserimplants.com\/es\/#organization\",\"name\":\"Aiser\",\"url\":\"https:\/\/aiserimplants.com\/es\/\",\"logo\":{\"@id\":\"https:\/\/aiserimplants.com\/es\/tratamiento-biosyn-d\/#local-main-organization-logo\"},\"image\":{\"@id\":\"https:\/\/aiserimplants.com\/es\/tratamiento-biosyn-d\/#local-main-organization-logo\"},\"telephone\":[],\"openingHoursSpecification\":[{\"@type\":\"OpeningHoursSpecification\",\"dayOfWeek\":[\"Monday\",\"Tuesday\",\"Wednesday\",\"Thursday\",\"Friday\",\"Saturday\",\"Sunday\"],\"opens\":\"09:00\",\"closes\":\"17:00\"}]},{\"@type\":\"ImageObject\",\"inLanguage\":\"es\",\"@id\":\"https:\/\/aiserimplants.com\/es\/tratamiento-biosyn-d\/#local-main-organization-logo\",\"url\":\"https:\/\/aiserimplants.com\/wp-content\/uploads\/2022\/02\/AISER_logo.jpg\",\"contentUrl\":\"https:\/\/aiserimplants.com\/wp-content\/uploads\/2022\/02\/AISER_logo.jpg\",\"width\":1806,\"height\":1082,\"caption\":\"Aiser\"}]}<\/script>\n<!-- \/ Yoast SEO Premium plugin. -->","yoast_head_json":{"title":"Tratamiento Biosyn-D - Aiser Implants","description":"Exclusivo tratamiento de vanguardia Biosyn D de las superficies de los implantes AISER que reduce el tiempo de cicatrizaci\u00f3n para la carga del implante...","robots":{"index":"index","follow":"follow","max-snippet":"max-snippet:-1","max-image-preview":"max-image-preview:large","max-video-preview":"max-video-preview:-1"},"canonical":"https:\/\/aiserimplants.com\/es\/tratamiento-biosyn-d\/","og_locale":"es_ES","og_type":"article","og_title":"Biosyn D","og_description":"Exclusivo tratamiento de vanguardia Biosyn D de las superficies de los implantes AISER que reduce el tiempo de cicatrizaci\u00f3n para la carga del implante...","og_url":"https:\/\/aiserimplants.com\/es\/tratamiento-biosyn-d\/","og_site_name":"Aiser Implants","article_modified_time":"2024-01-30T09:42:26+00:00","og_image":[{"url":"https:\/\/aiserimplants.com\/wp-content\/uploads\/2019\/07\/4-300x300.png","type":"","width":"","height":""}],"twitter_card":"summary_large_image","twitter_title":"Tratamiento Biosyn-D","twitter_misc":{"Tiempo de lectura":"4 minutos"},"schema":{"@context":"https:\/\/schema.org","@graph":[{"@type":"WebPage","@id":"https:\/\/aiserimplants.com\/es\/tratamiento-biosyn-d\/","url":"https:\/\/aiserimplants.com\/es\/tratamiento-biosyn-d\/","name":"Tratamiento Biosyn-D - Aiser Implants","isPartOf":{"@id":"https:\/\/aiserimplants.com\/es\/#website"},"primaryImageOfPage":{"@id":"https:\/\/aiserimplants.com\/es\/tratamiento-biosyn-d\/#primaryimage"},"image":{"@id":"https:\/\/aiserimplants.com\/es\/tratamiento-biosyn-d\/#primaryimage"},"thumbnailUrl":"https:\/\/aiserimplants.com\/wp-content\/uploads\/2019\/07\/4.png","datePublished":"2022-04-08T07:19:56+00:00","dateModified":"2024-01-30T09:42:26+00:00","description":"Exclusivo tratamiento de vanguardia Biosyn D de las superficies de los implantes AISER que reduce el tiempo de cicatrizaci\u00f3n para la carga del implante...","breadcrumb":{"@id":"https:\/\/aiserimplants.com\/es\/tratamiento-biosyn-d\/#breadcrumb"},"inLanguage":"es","potentialAction":[{"@type":"ReadAction","target":["https:\/\/aiserimplants.com\/es\/tratamiento-biosyn-d\/"]}]},{"@type":"ImageObject","inLanguage":"es","@id":"https:\/\/aiserimplants.com\/es\/tratamiento-biosyn-d\/#primaryimage","url":"https:\/\/aiserimplants.com\/wp-content\/uploads\/2019\/07\/4.png","contentUrl":"https:\/\/aiserimplants.com\/wp-content\/uploads\/2019\/07\/4.png","width":500,"height":500},{"@type":"BreadcrumbList","@id":"https:\/\/aiserimplants.com\/es\/tratamiento-biosyn-d\/#breadcrumb","itemListElement":[{"@type":"ListItem","position":1,"name":"Home","item":"https:\/\/aiserimplants.com\/es\/home\/"},{"@type":"ListItem","position":2,"name":"Tratamiento Biosyn-D"}]},{"@type":"WebSite","@id":"https:\/\/aiserimplants.com\/es\/#website","url":"https:\/\/aiserimplants.com\/es\/","name":"Aiser Implants","description":"Swiss Quality at its Peak","publisher":{"@id":"https:\/\/aiserimplants.com\/es\/#organization"},"potentialAction":[{"@type":"SearchAction","target":{"@type":"EntryPoint","urlTemplate":"https:\/\/aiserimplants.com\/es\/?s={search_term_string}"},"query-input":{"@type":"PropertyValueSpecification","valueRequired":true,"valueName":"search_term_string"}}],"inLanguage":"es"},{"@type":["Organization","Place"],"@id":"https:\/\/aiserimplants.com\/es\/#organization","name":"Aiser","url":"https:\/\/aiserimplants.com\/es\/","logo":{"@id":"https:\/\/aiserimplants.com\/es\/tratamiento-biosyn-d\/#local-main-organization-logo"},"image":{"@id":"https:\/\/aiserimplants.com\/es\/tratamiento-biosyn-d\/#local-main-organization-logo"},"telephone":[],"openingHoursSpecification":[{"@type":"OpeningHoursSpecification","dayOfWeek":["Monday","Tuesday","Wednesday","Thursday","Friday","Saturday","Sunday"],"opens":"09:00","closes":"17:00"}]},{"@type":"ImageObject","inLanguage":"es","@id":"https:\/\/aiserimplants.com\/es\/tratamiento-biosyn-d\/#local-main-organization-logo","url":"https:\/\/aiserimplants.com\/wp-content\/uploads\/2022\/02\/AISER_logo.jpg","contentUrl":"https:\/\/aiserimplants.com\/wp-content\/uploads\/2022\/02\/AISER_logo.jpg","width":1806,"height":1082,"caption":"Aiser"}]}},"_links":{"self":[{"href":"https:\/\/aiserimplants.com\/es\/wp-json\/wp\/v2\/pages\/3507","targetHints":{"allow":["GET"]}}],"collection":[{"href":"https:\/\/aiserimplants.com\/es\/wp-json\/wp\/v2\/pages"}],"about":[{"href":"https:\/\/aiserimplants.com\/es\/wp-json\/wp\/v2\/types\/page"}],"author":[{"embeddable":true,"href":"https:\/\/aiserimplants.com\/es\/wp-json\/wp\/v2\/users\/2"}],"replies":[{"embeddable":true,"href":"https:\/\/aiserimplants.com\/es\/wp-json\/wp\/v2\/comments?post=3507"}],"version-history":[{"count":14,"href":"https:\/\/aiserimplants.com\/es\/wp-json\/wp\/v2\/pages\/3507\/revisions"}],"predecessor-version":[{"id":5723,"href":"https:\/\/aiserimplants.com\/es\/wp-json\/wp\/v2\/pages\/3507\/revisions\/5723"}],"wp:featuredmedia":[{"embeddable":true,"href":"https:\/\/aiserimplants.com\/es\/wp-json\/wp\/v2\/media\/2918"}],"wp:attachment":[{"href":"https:\/\/aiserimplants.com\/es\/wp-json\/wp\/v2\/media?parent=3507"}],"curies":[{"name":"wp","href":"https:\/\/api.w.org\/{rel}","templated":true}]}}