{"id":3517,"date":"2022-04-08T09:39:52","date_gmt":"2022-04-08T07:39:52","guid":{"rendered":"https:\/\/aiserimplants.com\/productos\/aiser-implant-system\/"},"modified":"2024-01-29T17:37:23","modified_gmt":"2024-01-29T16:37:23","slug":"aiser-implant-system","status":"publish","type":"page","link":"https:\/\/aiserimplants.com\/es\/productos\/aiser-implant-system\/","title":{"rendered":"Aiser Implant System"},"content":{"rendered":"\n\n[et_pb_section fb_built=\u00bb1&#8243; fullwidth=\u00bbon\u00bb _builder_version=\u00bb4.14.7&#8243; _module_preset=\u00bbdefault\u00bb background_color=\u00bb#000000&#8243; global_colors_info=\u00bb{}\u00bb][et_pb_fullwidth_header title=\u00bbAISER Implant System\u00bb subhead=\u00bbUna excelente resistencia y rendimiento de la bioactividad\u00bb header_fullscreen=\u00bboff\u00bb _builder_version=\u00bb4.14.9&#8243; _module_preset=\u00bb5d2311d1-d0df-49c3-8a3a-d366a118df72&#8243; background_image=\u00bbhttps:\/\/aiserimplants.com\/wp-content\/uploads\/2022\/04\/Aiser-Swiss.png\u00bb parallax=\u00bboff\u00bb global_colors_info=\u00bb{}\u00bb][\/et_pb_fullwidth_header][\/et_pb_section][et_pb_section fb_built=\u00bb1&#8243; _builder_version=\u00bb4.14.7&#8243; _module_preset=\u00bbfa16af20-4da1-42b8-87c8-dab7c09ce721&#8243; global_colors_info=\u00bb{}\u00bb][et_pb_row _builder_version=\u00bb4.14.7&#8243; _module_preset=\u00bbdefault\u00bb global_colors_info=\u00bb{}\u00bb][et_pb_column type=\u00bb4_4&#8243; _builder_version=\u00bb4.14.7&#8243; _module_preset=\u00bbdefault\u00bb global_colors_info=\u00bb{}\u00bb][et_pb_text _builder_version=\u00bb4.14.9&#8243; _module_preset=\u00bbac6eaaff-bd72-4c1b-8d86-322f7edf5272&#8243; text_font=\u00bbMontserrat||||||||\u00bb text_font_size=\u00bb17px\u00bb background_layout=\u00bbdark\u00bb animation_style=\u00bbfade\u00bb hover_enabled=\u00bb0&#8243; global_colors_info=\u00bb{}\u00bb sticky_enabled=\u00bb0&#8243;]<h2><em>Los implantes de AISER Implant System est\u00e1n dise\u00f1ados para no aceptar compromisos<\/em><\/h2>\n<p>Titanio de primera clase para la m\u00e1xima <strong>fiabilidad mec\u00e1nica<\/strong>.<\/p>\n<p>Tratamiento de grabado oxidativo AISER Biosyn-D para un <strong>rendimiento de bioactividad sobresaliente<\/strong>.<\/p>\n<p>Fiabilidad e innovaci\u00f3n para <strong>darle lo mejor al profesional<\/strong>.<\/p>\n<p>Las l\u00edneas de los implantes que conforman AISER Implant System est\u00e1n dise\u00f1adas <strong>para responder a todas las necesidades cl\u00ednicas<\/strong>, con implantes vers\u00e1tiles y fiables.<\/p>\n<p>Los sistemas est\u00e1n disponibles en las l\u00edneas <strong>AISER Tytan<\/strong>, <strong>AISER Themys<\/strong> y <strong>AISER Ceos<\/strong>.<\/p>[\/et_pb_text][\/et_pb_column][\/et_pb_row][et_pb_row column_structure=\u00bb1_3,1_3,1_3&#8243; _builder_version=\u00bb4.14.7&#8243; _module_preset=\u00bbdefault\u00bb global_colors_info=\u00bb{}\u00bb][et_pb_column type=\u00bb1_3&#8243; _builder_version=\u00bb4.14.7&#8243; _module_preset=\u00bbdefault\u00bb global_colors_info=\u00bb{}\u00bb][et_pb_image src=\u00bbhttps:\/\/aiserimplants.com\/wp-content\/uploads\/2021\/12\/Aiser_Tytan_300x600.jpg\u00bb alt=\u00bbAiser Tytan\u00bb title_text=\u00bbAiser Tytan\u00bb url=\u00bb@ET-DC@eyJkeW5hbWljIjp0cnVlLCJjb250ZW50IjoicG9zdF9saW5rX3VybF9wcm9kb3R0byIsInNldHRpbmdzIjp7InBvc3RfaWQiOiI1MDMifX0=@\u00bb admin_label=\u00bbTytan\u00bb _builder_version=\u00bb4.14.9&#8243; _dynamic_attributes=\u00bburl\u00bb _module_preset=\u00bbfe957858-38b0-45b7-a6a9-0f2846127584&#8243; global_colors_info=\u00bb{}\u00bb][\/et_pb_image][\/et_pb_column][et_pb_column type=\u00bb1_3&#8243; _builder_version=\u00bb4.14.7&#8243; _module_preset=\u00bbdefault\u00bb global_colors_info=\u00bb{}\u00bb][et_pb_image src=\u00bbhttps:\/\/aiserimplants.com\/wp-content\/uploads\/2021\/12\/Aiser_Themys_400x600.jpg\u00bb alt=\u00bbAiser Themys\u00bb title_text=\u00bbAiser Themys\u00bb url=\u00bb@ET-DC@eyJkeW5hbWljIjp0cnVlLCJjb250ZW50IjoicG9zdF9saW5rX3VybF9wcm9kb3R0byIsInNldHRpbmdzIjp7InBvc3RfaWQiOiI1NTQifX0=@\u00bb admin_label=\u00bbThemys\u00bb _builder_version=\u00bb4.14.9&#8243; _dynamic_attributes=\u00bburl\u00bb _module_preset=\u00bbfe957858-38b0-45b7-a6a9-0f2846127584&#8243; global_colors_info=\u00bb{}\u00bb][\/et_pb_image][\/et_pb_column][et_pb_column type=\u00bb1_3&#8243; _builder_version=\u00bb4.14.7&#8243; _module_preset=\u00bbdefault\u00bb global_colors_info=\u00bb{}\u00bb][et_pb_image src=\u00bbhttps:\/\/aiserimplants.com\/wp-content\/uploads\/2022\/04\/Aiser_Ceos_400x600.jpg\u00bb alt=\u00bbAiser Ceos\u00bb title_text=\u00bbAiser Ceos\u00bb url=\u00bb@ET-DC@eyJkeW5hbWljIjp0cnVlLCJjb250ZW50IjoicG9zdF9saW5rX3VybF9wcm9kb3R0byIsInNldHRpbmdzIjp7InBvc3RfaWQiOiI1NTUifX0=@\u00bb admin_label=\u00bbCeos\u00bb _builder_version=\u00bb4.14.9&#8243; _dynamic_attributes=\u00bburl\u00bb _module_preset=\u00bbfe957858-38b0-45b7-a6a9-0f2846127584&#8243; global_colors_info=\u00bb{}\u00bb][\/et_pb_image][\/et_pb_column][\/et_pb_row][\/et_pb_section]\n\n","protected":false},"excerpt":{"rendered":"<p>Los implantes de AISER Implant System est\u00e1n dise\u00f1ados para no aceptar compromisos Titanio de primera clase para la m\u00e1xima fiabilidad mec\u00e1nica. Tratamiento de grabado oxidativo AISER Biosyn-D para un rendimiento de bioactividad sobresaliente. Fiabilidad e innovaci\u00f3n para darle lo mejor al profesional. Las l\u00edneas de los implantes que conforman AISER Implant System est\u00e1n dise\u00f1adas para [&hellip;]<\/p>\n","protected":false},"author":1,"featured_media":0,"parent":3068,"menu_order":1,"comment_status":"closed","ping_status":"closed","template":"","meta":{"_acf_changed":false,"_et_pb_use_builder":"on","_et_pb_old_content":"","_et_gb_content_width":"","footnotes":""},"class_list":["post-3517","page","type-page","status-publish","hentry"],"acf":[],"yoast_head":"<!-- This site is optimized with the Yoast SEO Premium plugin v25.2 (Yoast SEO v27.4) - https:\/\/yoast.com\/product\/yoast-seo-premium-wordpress\/ -->\n<title>Aiser Implant System - Aiser Implants<\/title>\n<meta name=\"description\" content=\"Los Implantes Dentales de la l\u00ednea Aiser Implant System est\u00e1n dise\u00f1ados para no aceptar compromisos. Resistencia y Rendimiento Asombroso...\" \/>\n<meta name=\"robots\" content=\"index, follow, max-snippet:-1, max-image-preview:large, max-video-preview:-1\" \/>\n<link rel=\"canonical\" href=\"https:\/\/aiserimplants.com\/es\/productos\/aiser-implant-system\/\" \/>\n<meta property=\"og:locale\" content=\"es_ES\" \/>\n<meta property=\"og:type\" content=\"article\" \/>\n<meta property=\"og:title\" content=\"Implantes dentales de la l\u00ednea Aiser Implant System\" \/>\n<meta property=\"og:description\" content=\"Los Implantes Dentales de la l\u00ednea Aiser Implant System est\u00e1n dise\u00f1ados para no aceptar compromisos. Resistencia y Rendimiento Asombroso...\" \/>\n<meta property=\"og:url\" content=\"https:\/\/aiserimplants.com\/es\/productos\/aiser-implant-system\/\" \/>\n<meta property=\"og:site_name\" content=\"Aiser Implants\" \/>\n<meta property=\"article:modified_time\" content=\"2024-01-29T16:37:23+00:00\" \/>\n<meta property=\"og:image\" content=\"https:\/\/aiserimplants.com\/wp-content\/uploads\/2022\/02\/AISER_logo-1024x613.jpg\" \/>\n<meta name=\"twitter:card\" content=\"summary_large_image\" \/>\n<meta name=\"twitter:title\" content=\"Aiser Implant System\" \/>\n<meta name=\"twitter:label1\" content=\"Tiempo de lectura\" \/>\n\t<meta name=\"twitter:data1\" content=\"3 minutos\" \/>\n<script type=\"application\/ld+json\" class=\"yoast-schema-graph\">{\"@context\":\"https:\\\/\\\/schema.org\",\"@graph\":[{\"@type\":\"WebPage\",\"@id\":\"https:\\\/\\\/aiserimplants.com\\\/es\\\/productos\\\/aiser-implant-system\\\/\",\"url\":\"https:\\\/\\\/aiserimplants.com\\\/es\\\/productos\\\/aiser-implant-system\\\/\",\"name\":\"Aiser Implant System - Aiser Implants\",\"isPartOf\":{\"@id\":\"https:\\\/\\\/aiserimplants.com\\\/es\\\/#website\"},\"datePublished\":\"2022-04-08T07:39:52+00:00\",\"dateModified\":\"2024-01-29T16:37:23+00:00\",\"description\":\"Los Implantes Dentales de la l\u00ednea Aiser Implant System est\u00e1n dise\u00f1ados para no aceptar compromisos. Resistencia y Rendimiento Asombroso...\",\"breadcrumb\":{\"@id\":\"https:\\\/\\\/aiserimplants.com\\\/es\\\/productos\\\/aiser-implant-system\\\/#breadcrumb\"},\"inLanguage\":\"es\",\"potentialAction\":[{\"@type\":\"ReadAction\",\"target\":[\"https:\\\/\\\/aiserimplants.com\\\/es\\\/productos\\\/aiser-implant-system\\\/\"]}]},{\"@type\":\"BreadcrumbList\",\"@id\":\"https:\\\/\\\/aiserimplants.com\\\/es\\\/productos\\\/aiser-implant-system\\\/#breadcrumb\",\"itemListElement\":[{\"@type\":\"ListItem\",\"position\":1,\"name\":\"Home\",\"item\":\"https:\\\/\\\/aiserimplants.com\\\/es\\\/home\\\/\"},{\"@type\":\"ListItem\",\"position\":2,\"name\":\"Productos\",\"item\":\"https:\\\/\\\/aiserimplants.com\\\/es\\\/productos\\\/\"},{\"@type\":\"ListItem\",\"position\":3,\"name\":\"Aiser Implant System\"}]},{\"@type\":\"WebSite\",\"@id\":\"https:\\\/\\\/aiserimplants.com\\\/es\\\/#website\",\"url\":\"https:\\\/\\\/aiserimplants.com\\\/es\\\/\",\"name\":\"Aiser Implants\",\"description\":\"Swiss Quality at its Peak\",\"publisher\":{\"@id\":\"https:\\\/\\\/aiserimplants.com\\\/es\\\/#organization\"},\"potentialAction\":[{\"@type\":\"SearchAction\",\"target\":{\"@type\":\"EntryPoint\",\"urlTemplate\":\"https:\\\/\\\/aiserimplants.com\\\/es\\\/?s={search_term_string}\"},\"query-input\":{\"@type\":\"PropertyValueSpecification\",\"valueRequired\":true,\"valueName\":\"search_term_string\"}}],\"inLanguage\":\"es\"},{\"@type\":[\"Organization\",\"Place\"],\"@id\":\"https:\\\/\\\/aiserimplants.com\\\/es\\\/#organization\",\"name\":\"Aiser\",\"url\":\"https:\\\/\\\/aiserimplants.com\\\/es\\\/\",\"logo\":{\"@id\":\"https:\\\/\\\/aiserimplants.com\\\/es\\\/productos\\\/aiser-implant-system\\\/#local-main-organization-logo\"},\"image\":{\"@id\":\"https:\\\/\\\/aiserimplants.com\\\/es\\\/productos\\\/aiser-implant-system\\\/#local-main-organization-logo\"},\"telephone\":[],\"openingHoursSpecification\":[{\"@type\":\"OpeningHoursSpecification\",\"dayOfWeek\":[\"Monday\",\"Tuesday\",\"Wednesday\",\"Thursday\",\"Friday\",\"Saturday\",\"Sunday\"],\"opens\":\"09:00\",\"closes\":\"17:00\"}]},{\"@type\":\"ImageObject\",\"inLanguage\":\"es\",\"@id\":\"https:\\\/\\\/aiserimplants.com\\\/es\\\/productos\\\/aiser-implant-system\\\/#local-main-organization-logo\",\"url\":\"https:\\\/\\\/aiserimplants.com\\\/wp-content\\\/uploads\\\/2022\\\/02\\\/AISER_logo.jpg\",\"contentUrl\":\"https:\\\/\\\/aiserimplants.com\\\/wp-content\\\/uploads\\\/2022\\\/02\\\/AISER_logo.jpg\",\"width\":1806,\"height\":1082,\"caption\":\"Aiser\"}]}<\/script>\n<!-- \/ Yoast SEO Premium plugin. -->","yoast_head_json":{"title":"Aiser Implant System - Aiser Implants","description":"Los Implantes Dentales de la l\u00ednea Aiser Implant System est\u00e1n dise\u00f1ados para no aceptar compromisos. Resistencia y Rendimiento Asombroso...","robots":{"index":"index","follow":"follow","max-snippet":"max-snippet:-1","max-image-preview":"max-image-preview:large","max-video-preview":"max-video-preview:-1"},"canonical":"https:\/\/aiserimplants.com\/es\/productos\/aiser-implant-system\/","og_locale":"es_ES","og_type":"article","og_title":"Implantes dentales de la l\u00ednea Aiser Implant System","og_description":"Los Implantes Dentales de la l\u00ednea Aiser Implant System est\u00e1n dise\u00f1ados para no aceptar compromisos. Resistencia y Rendimiento Asombroso...","og_url":"https:\/\/aiserimplants.com\/es\/productos\/aiser-implant-system\/","og_site_name":"Aiser Implants","article_modified_time":"2024-01-29T16:37:23+00:00","og_image":[{"url":"https:\/\/aiserimplants.com\/wp-content\/uploads\/2022\/02\/AISER_logo-1024x613.jpg","type":"","width":"","height":""}],"twitter_card":"summary_large_image","twitter_title":"Aiser Implant System","twitter_misc":{"Tiempo de lectura":"3 minutos"},"schema":{"@context":"https:\/\/schema.org","@graph":[{"@type":"WebPage","@id":"https:\/\/aiserimplants.com\/es\/productos\/aiser-implant-system\/","url":"https:\/\/aiserimplants.com\/es\/productos\/aiser-implant-system\/","name":"Aiser Implant System - Aiser Implants","isPartOf":{"@id":"https:\/\/aiserimplants.com\/es\/#website"},"datePublished":"2022-04-08T07:39:52+00:00","dateModified":"2024-01-29T16:37:23+00:00","description":"Los Implantes Dentales de la l\u00ednea Aiser Implant System est\u00e1n dise\u00f1ados para no aceptar compromisos. Resistencia y Rendimiento Asombroso...","breadcrumb":{"@id":"https:\/\/aiserimplants.com\/es\/productos\/aiser-implant-system\/#breadcrumb"},"inLanguage":"es","potentialAction":[{"@type":"ReadAction","target":["https:\/\/aiserimplants.com\/es\/productos\/aiser-implant-system\/"]}]},{"@type":"BreadcrumbList","@id":"https:\/\/aiserimplants.com\/es\/productos\/aiser-implant-system\/#breadcrumb","itemListElement":[{"@type":"ListItem","position":1,"name":"Home","item":"https:\/\/aiserimplants.com\/es\/home\/"},{"@type":"ListItem","position":2,"name":"Productos","item":"https:\/\/aiserimplants.com\/es\/productos\/"},{"@type":"ListItem","position":3,"name":"Aiser Implant System"}]},{"@type":"WebSite","@id":"https:\/\/aiserimplants.com\/es\/#website","url":"https:\/\/aiserimplants.com\/es\/","name":"Aiser Implants","description":"Swiss Quality at its Peak","publisher":{"@id":"https:\/\/aiserimplants.com\/es\/#organization"},"potentialAction":[{"@type":"SearchAction","target":{"@type":"EntryPoint","urlTemplate":"https:\/\/aiserimplants.com\/es\/?s={search_term_string}"},"query-input":{"@type":"PropertyValueSpecification","valueRequired":true,"valueName":"search_term_string"}}],"inLanguage":"es"},{"@type":["Organization","Place"],"@id":"https:\/\/aiserimplants.com\/es\/#organization","name":"Aiser","url":"https:\/\/aiserimplants.com\/es\/","logo":{"@id":"https:\/\/aiserimplants.com\/es\/productos\/aiser-implant-system\/#local-main-organization-logo"},"image":{"@id":"https:\/\/aiserimplants.com\/es\/productos\/aiser-implant-system\/#local-main-organization-logo"},"telephone":[],"openingHoursSpecification":[{"@type":"OpeningHoursSpecification","dayOfWeek":["Monday","Tuesday","Wednesday","Thursday","Friday","Saturday","Sunday"],"opens":"09:00","closes":"17:00"}]},{"@type":"ImageObject","inLanguage":"es","@id":"https:\/\/aiserimplants.com\/es\/productos\/aiser-implant-system\/#local-main-organization-logo","url":"https:\/\/aiserimplants.com\/wp-content\/uploads\/2022\/02\/AISER_logo.jpg","contentUrl":"https:\/\/aiserimplants.com\/wp-content\/uploads\/2022\/02\/AISER_logo.jpg","width":1806,"height":1082,"caption":"Aiser"}]}},"_links":{"self":[{"href":"https:\/\/aiserimplants.com\/es\/wp-json\/wp\/v2\/pages\/3517","targetHints":{"allow":["GET"]}}],"collection":[{"href":"https:\/\/aiserimplants.com\/es\/wp-json\/wp\/v2\/pages"}],"about":[{"href":"https:\/\/aiserimplants.com\/es\/wp-json\/wp\/v2\/types\/page"}],"author":[{"embeddable":true,"href":"https:\/\/aiserimplants.com\/es\/wp-json\/wp\/v2\/users\/1"}],"replies":[{"embeddable":true,"href":"https:\/\/aiserimplants.com\/es\/wp-json\/wp\/v2\/comments?post=3517"}],"version-history":[{"count":3,"href":"https:\/\/aiserimplants.com\/es\/wp-json\/wp\/v2\/pages\/3517\/revisions"}],"predecessor-version":[{"id":3651,"href":"https:\/\/aiserimplants.com\/es\/wp-json\/wp\/v2\/pages\/3517\/revisions\/3651"}],"up":[{"embeddable":true,"href":"https:\/\/aiserimplants.com\/es\/wp-json\/wp\/v2\/pages\/3068"}],"wp:attachment":[{"href":"https:\/\/aiserimplants.com\/es\/wp-json\/wp\/v2\/media?parent=3517"}],"curies":[{"name":"wp","href":"https:\/\/api.w.org\/{rel}","templated":true}]}}