{"id":3522,"date":"2022-04-08T10:00:37","date_gmt":"2022-04-08T08:00:37","guid":{"rendered":"https:\/\/aiserimplants.com\/productos\/aiser-conometric-link-system\/"},"modified":"2024-01-30T10:25:59","modified_gmt":"2024-01-30T09:25:59","slug":"aiser-conometric-link-system","status":"publish","type":"page","link":"https:\/\/aiserimplants.com\/es\/productos\/aiser-conometric-link-system\/","title":{"rendered":"AISER Conometric Link System"},"content":{"rendered":"\n\n[et_pb_section fb_built=\u00bb1&#8243; fullwidth=\u00bbon\u00bb _builder_version=\u00bb4.14.7&#8243; _module_preset=\u00bbdefault\u00bb background_color=\u00bb#000000&#8243; global_colors_info=\u00bb{}\u00bb][et_pb_fullwidth_header title=\u00bbAISER Conometric Link System\u00bb subhead=\u00bbLa fiabilidad de la conometr\u00eda y la simplicidad de una soluci\u00f3n atornillada\u00bb _builder_version=\u00bb4.14.9&#8243; _module_preset=\u00bb5d2311d1-d0df-49c3-8a3a-d366a118df72&#8243; background_image=\u00bbhttps:\/\/aiserimplants.com\/wp-content\/uploads\/2022\/04\/Aiser-Swiss.png\u00bb parallax=\u00bboff\u00bb background_size=\u00bbcontain\u00bb global_colors_info=\u00bb{}\u00bb][\/et_pb_fullwidth_header][\/et_pb_section][et_pb_section fb_built=\u00bb1&#8243; _builder_version=\u00bb4.14.7&#8243; _module_preset=\u00bbfa16af20-4da1-42b8-87c8-dab7c09ce721&#8243; global_colors_info=\u00bb{}\u00bb][et_pb_row _builder_version=\u00bb4.14.7&#8243; _module_preset=\u00bbdefault\u00bb global_colors_info=\u00bb{}\u00bb][et_pb_column type=\u00bb4_4&#8243; _builder_version=\u00bb4.14.7&#8243; _module_preset=\u00bbdefault\u00bb global_colors_info=\u00bb{}\u00bb][et_pb_text _builder_version=\u00bb4.14.9&#8243; _module_preset=\u00bbac6eaaff-bd72-4c1b-8d86-322f7edf5272&#8243; text_font=\u00bbMontserrat||||||||\u00bb background_layout=\u00bbdark\u00bb hover_enabled=\u00bb0&#8243; global_colors_info=\u00bb{}\u00bb sticky_enabled=\u00bb0&#8243;]Los componentes del AISER Conometric Link System nacen de la uni\u00f3n de dos conceptos:\n<ul>\n\t<li>la <strong>fiabilidad<\/strong> de una conexi\u00f3n c\u00f3nica atornillada;<\/li>\n\t<li>la <strong>comodidad<\/strong> de un sistema dise\u00f1ado para el uso diario.<\/li>\n<\/ul>\n&nbsp;\n\nLos componentes est\u00e1n fabricados con las aleaciones de <strong>titanio biocompatibles<\/strong> m\u00e1s resistentes y fiables del mercado.\n\nLa articulaci\u00f3n prot\u00e9sica del implante est\u00e1 hecha, para todos los componentes, con una conexi\u00f3n hexagonal interna de doble acoplamiento: <strong>c\u00f3nica y atornillada<\/strong>.\n\nEl dise\u00f1o de todos los componentes ha sido concebido para garantizar <strong>el m\u00e1ximo rendimiento de integraci\u00f3n con el tejido de la mucosa<\/strong>.[\/et_pb_text][\/et_pb_column][\/et_pb_row][\/et_pb_section][et_pb_section fb_built=\u00bb1&#8243; _builder_version=\u00bb4.14.9&#8243; _module_preset=\u00bbfa16af20-4da1-42b8-87c8-dab7c09ce721&#8243; hover_enabled=\u00bb0&#8243; global_colors_info=\u00bb{}\u00bb sticky_enabled=\u00bb0&#8243;][et_pb_row column_structure=\u00bb1_3,1_3,1_3&#8243; _builder_version=\u00bb4.14.9&#8243; _module_preset=\u00bbdefault\u00bb hover_enabled=\u00bb0&#8243; global_colors_info=\u00bb{}\u00bb sticky_enabled=\u00bb0&#8243;][et_pb_column type=\u00bb1_3&#8243; _builder_version=\u00bb4.14.7&#8243; _module_preset=\u00bbdefault\u00bb global_colors_info=\u00bb{}\u00bb][et_pb_image src=\u00bbhttps:\/\/aiserimplants.com\/wp-content\/uploads\/2022\/02\/Aiser_Multi-Unit_Abutment.jpg\u00bb alt=\u00bbAISER Multi-Unit Abutment\u00bb title_text=\u00bbAISER Multi-Unit Abutment\u00bb url=\u00bb@ET-DC@eyJkeW5hbWljIjp0cnVlLCJjb250ZW50IjoicG9zdF9saW5rX3VybF9wcm9kb3R0byIsInNldHRpbmdzIjp7InBvc3RfaWQiOiIxMzQ1In19@\u00bb _builder_version=\u00bb4.14.9&#8243; _dynamic_attributes=\u00bburl\u00bb _module_preset=\u00bbfe957858-38b0-45b7-a6a9-0f2846127584&#8243; global_colors_info=\u00bb{}\u00bb][\/et_pb_image][\/et_pb_column][et_pb_column type=\u00bb1_3&#8243; _builder_version=\u00bb4.14.7&#8243; _module_preset=\u00bbdefault\u00bb global_colors_info=\u00bb{}\u00bb][et_pb_image src=\u00bbhttps:\/\/aiserimplants.com\/wp-content\/uploads\/2022\/02\/Aiser_Esthetic_Abutment_400x600.jpg\u00bb alt=\u00bbAISER Esthetic Abutment\u00bb title_text=\u00bbAISER Esthetic Abutment\u00bb url=\u00bb@ET-DC@eyJkeW5hbWljIjp0cnVlLCJjb250ZW50IjoicG9zdF9saW5rX3VybF9wcm9kb3R0byIsInNldHRpbmdzIjp7InBvc3RfaWQiOiIxMzQ2In19@\u00bb _builder_version=\u00bb4.14.9&#8243; _dynamic_attributes=\u00bburl\u00bb _module_preset=\u00bbfe957858-38b0-45b7-a6a9-0f2846127584&#8243; global_colors_info=\u00bb{}\u00bb][\/et_pb_image][\/et_pb_column][et_pb_column type=\u00bb1_3&#8243; _builder_version=\u00bb4.14.7&#8243; _module_preset=\u00bbdefault\u00bb global_colors_info=\u00bb{}\u00bb][et_pb_image src=\u00bbhttps:\/\/aiserimplants.com\/wp-content\/uploads\/2022\/02\/Aiser_Healing_Abutment_400x500.jpg\u00bb alt=\u00bbAISER Healing Abutment\u00bb title_text=\u00bbAISER Healing Abutment\u00bb url=\u00bb@ET-DC@eyJkeW5hbWljIjp0cnVlLCJjb250ZW50IjoicG9zdF9saW5rX3VybF9wcm9kb3R0byIsInNldHRpbmdzIjp7InBvc3RfaWQiOiIxMzUzIn19@\u00bb _builder_version=\u00bb4.14.9&#8243; _dynamic_attributes=\u00bburl\u00bb _module_preset=\u00bbfe957858-38b0-45b7-a6a9-0f2846127584&#8243; global_colors_info=\u00bb{}\u00bb][\/et_pb_image][\/et_pb_column][\/et_pb_row][\/et_pb_section]\n\n","protected":false},"excerpt":{"rendered":"<p>Los componentes del AISER Conometric Link System est\u00e1n dise\u00f1ados para garantizar el m\u00e1ximo rendimiento de integraci\u00f3n con el tejido mucoso&#8230;<\/p>\n","protected":false},"author":1,"featured_media":3376,"parent":3068,"menu_order":2,"comment_status":"closed","ping_status":"closed","template":"","meta":{"_acf_changed":false,"_et_pb_use_builder":"on","_et_pb_old_content":"","_et_gb_content_width":"","footnotes":""},"class_list":["post-3522","page","type-page","status-publish","has-post-thumbnail","hentry"],"acf":[],"yoast_head":"<!-- This site is optimized with the Yoast SEO Premium plugin v25.2 (Yoast SEO v27.4) - https:\/\/yoast.com\/product\/yoast-seo-premium-wordpress\/ -->\n<title>AISER Conometric Link System - Aiser Implants<\/title>\n<meta name=\"description\" content=\"Los componentes del AISER Conometric Link System est\u00e1n dise\u00f1ados para garantizar el m\u00e1ximo rendimiento de integraci\u00f3n con el tejido mucoso...\" \/>\n<meta name=\"robots\" content=\"index, follow, max-snippet:-1, max-image-preview:large, max-video-preview:-1\" \/>\n<link rel=\"canonical\" href=\"https:\/\/aiserimplants.com\/es\/productos\/aiser-conometric-link-system\/\" \/>\n<meta property=\"og:locale\" content=\"es_ES\" \/>\n<meta property=\"og:type\" content=\"article\" \/>\n<meta property=\"og:title\" content=\"Componentes del sistema de enlace conom\u00e9trico AISER\" \/>\n<meta property=\"og:description\" content=\"Los componentes del AISER Conometric Link System est\u00e1n dise\u00f1ados para garantizar el m\u00e1ximo rendimiento de integraci\u00f3n con el tejido mucoso...\" \/>\n<meta property=\"og:url\" content=\"https:\/\/aiserimplants.com\/es\/productos\/aiser-conometric-link-system\/\" \/>\n<meta property=\"og:site_name\" content=\"Aiser Implants\" \/>\n<meta property=\"article:modified_time\" content=\"2024-01-30T09:25:59+00:00\" \/>\n<meta property=\"og:image\" content=\"https:\/\/aiserimplants.com\/wp-content\/uploads\/2022\/02\/Aiser_Multi-Unit_Abutment-240x300.jpg\" \/>\n<meta name=\"twitter:card\" content=\"summary_large_image\" \/>\n<meta name=\"twitter:title\" content=\"AISER Conometric Link System\" \/>\n<meta name=\"twitter:label1\" content=\"Tiempo de lectura\" \/>\n\t<meta name=\"twitter:data1\" content=\"3 minutos\" \/>\n<script type=\"application\/ld+json\" class=\"yoast-schema-graph\">{\"@context\":\"https:\\\/\\\/schema.org\",\"@graph\":[{\"@type\":\"WebPage\",\"@id\":\"https:\\\/\\\/aiserimplants.com\\\/es\\\/productos\\\/aiser-conometric-link-system\\\/\",\"url\":\"https:\\\/\\\/aiserimplants.com\\\/es\\\/productos\\\/aiser-conometric-link-system\\\/\",\"name\":\"AISER Conometric Link System - Aiser Implants\",\"isPartOf\":{\"@id\":\"https:\\\/\\\/aiserimplants.com\\\/es\\\/#website\"},\"primaryImageOfPage\":{\"@id\":\"https:\\\/\\\/aiserimplants.com\\\/es\\\/productos\\\/aiser-conometric-link-system\\\/#primaryimage\"},\"image\":{\"@id\":\"https:\\\/\\\/aiserimplants.com\\\/es\\\/productos\\\/aiser-conometric-link-system\\\/#primaryimage\"},\"thumbnailUrl\":\"https:\\\/\\\/aiserimplants.com\\\/wp-content\\\/uploads\\\/2022\\\/02\\\/Aiser_Multi-Unit_Abutment.jpg\",\"datePublished\":\"2022-04-08T08:00:37+00:00\",\"dateModified\":\"2024-01-30T09:25:59+00:00\",\"description\":\"Los componentes del AISER Conometric Link System est\u00e1n dise\u00f1ados para garantizar el m\u00e1ximo rendimiento de integraci\u00f3n con el tejido mucoso...\",\"breadcrumb\":{\"@id\":\"https:\\\/\\\/aiserimplants.com\\\/es\\\/productos\\\/aiser-conometric-link-system\\\/#breadcrumb\"},\"inLanguage\":\"es\",\"potentialAction\":[{\"@type\":\"ReadAction\",\"target\":[\"https:\\\/\\\/aiserimplants.com\\\/es\\\/productos\\\/aiser-conometric-link-system\\\/\"]}]},{\"@type\":\"ImageObject\",\"inLanguage\":\"es\",\"@id\":\"https:\\\/\\\/aiserimplants.com\\\/es\\\/productos\\\/aiser-conometric-link-system\\\/#primaryimage\",\"url\":\"https:\\\/\\\/aiserimplants.com\\\/wp-content\\\/uploads\\\/2022\\\/02\\\/Aiser_Multi-Unit_Abutment.jpg\",\"contentUrl\":\"https:\\\/\\\/aiserimplants.com\\\/wp-content\\\/uploads\\\/2022\\\/02\\\/Aiser_Multi-Unit_Abutment.jpg\",\"width\":400,\"height\":500,\"caption\":\"Aiser Multi-Unit Abutment\"},{\"@type\":\"BreadcrumbList\",\"@id\":\"https:\\\/\\\/aiserimplants.com\\\/es\\\/productos\\\/aiser-conometric-link-system\\\/#breadcrumb\",\"itemListElement\":[{\"@type\":\"ListItem\",\"position\":1,\"name\":\"Home\",\"item\":\"https:\\\/\\\/aiserimplants.com\\\/es\\\/home\\\/\"},{\"@type\":\"ListItem\",\"position\":2,\"name\":\"Productos\",\"item\":\"https:\\\/\\\/aiserimplants.com\\\/es\\\/productos\\\/\"},{\"@type\":\"ListItem\",\"position\":3,\"name\":\"AISER Conometric Link System\"}]},{\"@type\":\"WebSite\",\"@id\":\"https:\\\/\\\/aiserimplants.com\\\/es\\\/#website\",\"url\":\"https:\\\/\\\/aiserimplants.com\\\/es\\\/\",\"name\":\"Aiser Implants\",\"description\":\"Swiss Quality at its Peak\",\"publisher\":{\"@id\":\"https:\\\/\\\/aiserimplants.com\\\/es\\\/#organization\"},\"potentialAction\":[{\"@type\":\"SearchAction\",\"target\":{\"@type\":\"EntryPoint\",\"urlTemplate\":\"https:\\\/\\\/aiserimplants.com\\\/es\\\/?s={search_term_string}\"},\"query-input\":{\"@type\":\"PropertyValueSpecification\",\"valueRequired\":true,\"valueName\":\"search_term_string\"}}],\"inLanguage\":\"es\"},{\"@type\":[\"Organization\",\"Place\"],\"@id\":\"https:\\\/\\\/aiserimplants.com\\\/es\\\/#organization\",\"name\":\"Aiser\",\"url\":\"https:\\\/\\\/aiserimplants.com\\\/es\\\/\",\"logo\":{\"@id\":\"https:\\\/\\\/aiserimplants.com\\\/es\\\/productos\\\/aiser-conometric-link-system\\\/#local-main-organization-logo\"},\"image\":{\"@id\":\"https:\\\/\\\/aiserimplants.com\\\/es\\\/productos\\\/aiser-conometric-link-system\\\/#local-main-organization-logo\"},\"telephone\":[],\"openingHoursSpecification\":[{\"@type\":\"OpeningHoursSpecification\",\"dayOfWeek\":[\"Monday\",\"Tuesday\",\"Wednesday\",\"Thursday\",\"Friday\",\"Saturday\",\"Sunday\"],\"opens\":\"09:00\",\"closes\":\"17:00\"}]},{\"@type\":\"ImageObject\",\"inLanguage\":\"es\",\"@id\":\"https:\\\/\\\/aiserimplants.com\\\/es\\\/productos\\\/aiser-conometric-link-system\\\/#local-main-organization-logo\",\"url\":\"https:\\\/\\\/aiserimplants.com\\\/wp-content\\\/uploads\\\/2022\\\/02\\\/AISER_logo.jpg\",\"contentUrl\":\"https:\\\/\\\/aiserimplants.com\\\/wp-content\\\/uploads\\\/2022\\\/02\\\/AISER_logo.jpg\",\"width\":1806,\"height\":1082,\"caption\":\"Aiser\"}]}<\/script>\n<!-- \/ Yoast SEO Premium plugin. -->","yoast_head_json":{"title":"AISER Conometric Link System - Aiser Implants","description":"Los componentes del AISER Conometric Link System est\u00e1n dise\u00f1ados para garantizar el m\u00e1ximo rendimiento de integraci\u00f3n con el tejido mucoso...","robots":{"index":"index","follow":"follow","max-snippet":"max-snippet:-1","max-image-preview":"max-image-preview:large","max-video-preview":"max-video-preview:-1"},"canonical":"https:\/\/aiserimplants.com\/es\/productos\/aiser-conometric-link-system\/","og_locale":"es_ES","og_type":"article","og_title":"Componentes del sistema de enlace conom\u00e9trico AISER","og_description":"Los componentes del AISER Conometric Link System est\u00e1n dise\u00f1ados para garantizar el m\u00e1ximo rendimiento de integraci\u00f3n con el tejido mucoso...","og_url":"https:\/\/aiserimplants.com\/es\/productos\/aiser-conometric-link-system\/","og_site_name":"Aiser Implants","article_modified_time":"2024-01-30T09:25:59+00:00","og_image":[{"url":"https:\/\/aiserimplants.com\/wp-content\/uploads\/2022\/02\/Aiser_Multi-Unit_Abutment-240x300.jpg","type":"","width":"","height":""}],"twitter_card":"summary_large_image","twitter_title":"AISER Conometric Link System","twitter_misc":{"Tiempo de lectura":"3 minutos"},"schema":{"@context":"https:\/\/schema.org","@graph":[{"@type":"WebPage","@id":"https:\/\/aiserimplants.com\/es\/productos\/aiser-conometric-link-system\/","url":"https:\/\/aiserimplants.com\/es\/productos\/aiser-conometric-link-system\/","name":"AISER Conometric Link System - Aiser Implants","isPartOf":{"@id":"https:\/\/aiserimplants.com\/es\/#website"},"primaryImageOfPage":{"@id":"https:\/\/aiserimplants.com\/es\/productos\/aiser-conometric-link-system\/#primaryimage"},"image":{"@id":"https:\/\/aiserimplants.com\/es\/productos\/aiser-conometric-link-system\/#primaryimage"},"thumbnailUrl":"https:\/\/aiserimplants.com\/wp-content\/uploads\/2022\/02\/Aiser_Multi-Unit_Abutment.jpg","datePublished":"2022-04-08T08:00:37+00:00","dateModified":"2024-01-30T09:25:59+00:00","description":"Los componentes del AISER Conometric Link System est\u00e1n dise\u00f1ados para garantizar el m\u00e1ximo rendimiento de integraci\u00f3n con el tejido mucoso...","breadcrumb":{"@id":"https:\/\/aiserimplants.com\/es\/productos\/aiser-conometric-link-system\/#breadcrumb"},"inLanguage":"es","potentialAction":[{"@type":"ReadAction","target":["https:\/\/aiserimplants.com\/es\/productos\/aiser-conometric-link-system\/"]}]},{"@type":"ImageObject","inLanguage":"es","@id":"https:\/\/aiserimplants.com\/es\/productos\/aiser-conometric-link-system\/#primaryimage","url":"https:\/\/aiserimplants.com\/wp-content\/uploads\/2022\/02\/Aiser_Multi-Unit_Abutment.jpg","contentUrl":"https:\/\/aiserimplants.com\/wp-content\/uploads\/2022\/02\/Aiser_Multi-Unit_Abutment.jpg","width":400,"height":500,"caption":"Aiser Multi-Unit Abutment"},{"@type":"BreadcrumbList","@id":"https:\/\/aiserimplants.com\/es\/productos\/aiser-conometric-link-system\/#breadcrumb","itemListElement":[{"@type":"ListItem","position":1,"name":"Home","item":"https:\/\/aiserimplants.com\/es\/home\/"},{"@type":"ListItem","position":2,"name":"Productos","item":"https:\/\/aiserimplants.com\/es\/productos\/"},{"@type":"ListItem","position":3,"name":"AISER Conometric Link System"}]},{"@type":"WebSite","@id":"https:\/\/aiserimplants.com\/es\/#website","url":"https:\/\/aiserimplants.com\/es\/","name":"Aiser Implants","description":"Swiss Quality at its Peak","publisher":{"@id":"https:\/\/aiserimplants.com\/es\/#organization"},"potentialAction":[{"@type":"SearchAction","target":{"@type":"EntryPoint","urlTemplate":"https:\/\/aiserimplants.com\/es\/?s={search_term_string}"},"query-input":{"@type":"PropertyValueSpecification","valueRequired":true,"valueName":"search_term_string"}}],"inLanguage":"es"},{"@type":["Organization","Place"],"@id":"https:\/\/aiserimplants.com\/es\/#organization","name":"Aiser","url":"https:\/\/aiserimplants.com\/es\/","logo":{"@id":"https:\/\/aiserimplants.com\/es\/productos\/aiser-conometric-link-system\/#local-main-organization-logo"},"image":{"@id":"https:\/\/aiserimplants.com\/es\/productos\/aiser-conometric-link-system\/#local-main-organization-logo"},"telephone":[],"openingHoursSpecification":[{"@type":"OpeningHoursSpecification","dayOfWeek":["Monday","Tuesday","Wednesday","Thursday","Friday","Saturday","Sunday"],"opens":"09:00","closes":"17:00"}]},{"@type":"ImageObject","inLanguage":"es","@id":"https:\/\/aiserimplants.com\/es\/productos\/aiser-conometric-link-system\/#local-main-organization-logo","url":"https:\/\/aiserimplants.com\/wp-content\/uploads\/2022\/02\/AISER_logo.jpg","contentUrl":"https:\/\/aiserimplants.com\/wp-content\/uploads\/2022\/02\/AISER_logo.jpg","width":1806,"height":1082,"caption":"Aiser"}]}},"_links":{"self":[{"href":"https:\/\/aiserimplants.com\/es\/wp-json\/wp\/v2\/pages\/3522","targetHints":{"allow":["GET"]}}],"collection":[{"href":"https:\/\/aiserimplants.com\/es\/wp-json\/wp\/v2\/pages"}],"about":[{"href":"https:\/\/aiserimplants.com\/es\/wp-json\/wp\/v2\/types\/page"}],"author":[{"embeddable":true,"href":"https:\/\/aiserimplants.com\/es\/wp-json\/wp\/v2\/users\/1"}],"replies":[{"embeddable":true,"href":"https:\/\/aiserimplants.com\/es\/wp-json\/wp\/v2\/comments?post=3522"}],"version-history":[{"count":4,"href":"https:\/\/aiserimplants.com\/es\/wp-json\/wp\/v2\/pages\/3522\/revisions"}],"predecessor-version":[{"id":5324,"href":"https:\/\/aiserimplants.com\/es\/wp-json\/wp\/v2\/pages\/3522\/revisions\/5324"}],"up":[{"embeddable":true,"href":"https:\/\/aiserimplants.com\/es\/wp-json\/wp\/v2\/pages\/3068"}],"wp:featuredmedia":[{"embeddable":true,"href":"https:\/\/aiserimplants.com\/es\/wp-json\/wp\/v2\/media\/3376"}],"wp:attachment":[{"href":"https:\/\/aiserimplants.com\/es\/wp-json\/wp\/v2\/media?parent=3522"}],"curies":[{"name":"wp","href":"https:\/\/api.w.org\/{rel}","templated":true}]}}