{"id":3536,"date":"2022-04-08T10:25:50","date_gmt":"2022-04-08T08:25:50","guid":{"rendered":"https:\/\/aiserimplants.com\/garantia-de-por-vida\/"},"modified":"2022-04-08T10:25:50","modified_gmt":"2022-04-08T08:25:50","slug":"garantia-de-por-vida","status":"publish","type":"page","link":"https:\/\/aiserimplants.com\/es\/garantia-de-por-vida\/","title":{"rendered":"Garant\u00eda de por vida"},"content":{"rendered":"<p>[et_pb_section fb_built=\u00bb1&#8243; fullwidth=\u00bbon\u00bb _builder_version=\u00bb4.14.7&#8243; _module_preset=\u00bbdefault\u00bb background_color=\u00bb#000000&#8243; global_colors_info=\u00bb{}\u00bb][et_pb_fullwidth_header title=\u00bbDocumento \u00danico de Trazabilidad\u00bb subhead=\u00bbLa trazabilidad desde de la cadena de suministro hasta el cliente final\u00bb _builder_version=\u00bb4.14.7&#8243; _module_preset=\u00bb5d2311d1-d0df-49c3-8a3a-d366a118df72&#8243; background_enable_color=\u00bboff\u00bb background_image=\u00bbhttps:\/\/aiserimplants.com\/wp-content\/uploads\/2022\/02\/travel-landscape-01.jpg\u00bb global_colors_info=\u00bb{}\u00bb][\/et_pb_fullwidth_header][\/et_pb_section][et_pb_section fb_built=\u00bb1&#8243; _builder_version=\u00bb4.14.9&#8243; _module_preset=\u00bbdefault\u00bb background_color=\u00bb#000000&#8243; custom_padding=\u00bb0px||0px|||\u00bb global_colors_info=\u00bb{}\u00bb][\/et_pb_section][et_pb_section fb_built=\u00bb1&#8243; _builder_version=\u00bb4.14.7&#8243; _module_preset=\u00bbfa16af20-4da1-42b8-87c8-dab7c09ce721&#8243; global_colors_info=\u00bb{}\u00bb][et_pb_row _builder_version=\u00bb4.14.7&#8243; _module_preset=\u00bbdefault\u00bb global_colors_info=\u00bb{}\u00bb][et_pb_column type=\u00bb4_4&#8243; _builder_version=\u00bb4.14.7&#8243; _module_preset=\u00bbdefault\u00bb global_colors_info=\u00bb{}\u00bb][et_pb_text _builder_version=\u00bb4.14.9&#8243; _module_preset=\u00bbac6eaaff-bd72-4c1b-8d86-322f7edf5272&#8243; background_layout=\u00bbdark\u00bb global_colors_info=\u00bb{}\u00bb]<\/p>\n<h3>Todos los productos AISER tienen <span style=\"color: #0c71c3;\"><strong>garant\u00eda de por vida para cubrir cualquier defecto de fabricaci\u00f3n<\/strong><\/span>.<\/h3>\n<p>&nbsp;<\/p>\n<p style=\"text-align: center;\">A trav\u00e9s del UTD (documento \u00fanico de trazabilidad) <strong>realizamos un seguimiento de la cadena de suministro del producto en cada paso de su procesamiento<\/strong> y movimiento, hasta llegar al cliente final.<\/p>\n<p><strong><\/strong><\/p>\n<p style=\"text-align: center;\"><strong>Los controles de calidad a los que sometemos a nuestros productos se encuentran entre los m\u00e1s r\u00edgidos en el campo<\/strong> y van desde controles dimensionales con equipos l\u00e1ser hasta an\u00e1lisis qu\u00edmicos y topogr\u00e1ficos mediante tecnolog\u00eda SEM\/EDS.<\/p>\n<p><span style=\"font-weight: 400;\"><\/span><\/p>\n<p style=\"text-align: center;\"><span style=\"font-weight: 400;\">La trazabilidad completa y los controles sistem\u00e1ticos de calidad son las razones por las que <strong>AISER ofrece una garant\u00eda DE POR VIDA<\/strong> a todos sus productos.<\/span><\/p>\n<p>[\/et_pb_text][\/et_pb_column][\/et_pb_row][\/et_pb_section][et_pb_section fb_built=\u00bb1&#8243; _builder_version=\u00bb4.14.9&#8243; _module_preset=\u00bbdefault\u00bb background_color=\u00bb#000000&#8243; global_colors_info=\u00bb{}\u00bb][\/et_pb_section]<\/p>\n","protected":false},"excerpt":{"rendered":"<p>Todos los productos AISER tienen garant\u00eda de por vida para cubrir cualquier defecto de fabricaci\u00f3n. &nbsp; A trav\u00e9s del UTD (documento \u00fanico de trazabilidad) realizamos un seguimiento de la cadena de suministro del producto en cada paso de su procesamiento y movimiento, hasta llegar al cliente final. Los controles de calidad a los que sometemos [&hellip;]<\/p>\n","protected":false},"author":2,"featured_media":0,"parent":0,"menu_order":0,"comment_status":"closed","ping_status":"closed","template":"","meta":{"_acf_changed":false,"_et_pb_use_builder":"on","_et_pb_old_content":"","_et_gb_content_width":"","footnotes":""},"class_list":["post-3536","page","type-page","status-publish","hentry"],"acf":[],"yoast_head":"<!-- This site is optimized with the Yoast SEO Premium plugin v25.2 (Yoast SEO v27.1) - https:\/\/yoast.com\/product\/yoast-seo-premium-wordpress\/ -->\n<title>Garant\u00eda de por vida - Aiser Implants<\/title>\n<meta name=\"robots\" content=\"index, follow, max-snippet:-1, max-image-preview:large, max-video-preview:-1\" \/>\n<link rel=\"canonical\" href=\"https:\/\/aiserimplants.com\/es\/garantia-de-por-vida\/\" \/>\n<meta property=\"og:locale\" content=\"es_ES\" \/>\n<meta property=\"og:type\" content=\"article\" \/>\n<meta property=\"og:title\" content=\"Garant\u00eda de por vida\" \/>\n<meta property=\"og:description\" content=\"Todos los productos AISER tienen garant\u00eda de por vida para cubrir cualquier defecto de fabricaci\u00f3n. &nbsp; A trav\u00e9s del UTD (documento \u00fanico de trazabilidad) realizamos un seguimiento de la cadena de suministro del producto en cada paso de su procesamiento y movimiento, hasta llegar al cliente final. Los controles de calidad a los que sometemos [&hellip;]\" \/>\n<meta property=\"og:url\" content=\"https:\/\/aiserimplants.com\/es\/garantia-de-por-vida\/\" \/>\n<meta property=\"og:site_name\" content=\"Aiser Implants\" \/>\n<meta name=\"twitter:card\" content=\"summary_large_image\" \/>\n<meta name=\"twitter:label1\" content=\"Tiempo de lectura\" \/>\n\t<meta name=\"twitter:data1\" content=\"2 minutos\" \/>\n<script type=\"application\/ld+json\" class=\"yoast-schema-graph\">{\"@context\":\"https:\/\/schema.org\",\"@graph\":[{\"@type\":\"WebPage\",\"@id\":\"https:\/\/aiserimplants.com\/es\/garantia-de-por-vida\/\",\"url\":\"https:\/\/aiserimplants.com\/es\/garantia-de-por-vida\/\",\"name\":\"Garant\u00eda de por vida - Aiser Implants\",\"isPartOf\":{\"@id\":\"https:\/\/aiserimplants.com\/es\/#website\"},\"datePublished\":\"2022-04-08T08:25:50+00:00\",\"breadcrumb\":{\"@id\":\"https:\/\/aiserimplants.com\/es\/garantia-de-por-vida\/#breadcrumb\"},\"inLanguage\":\"es\",\"potentialAction\":[{\"@type\":\"ReadAction\",\"target\":[\"https:\/\/aiserimplants.com\/es\/garantia-de-por-vida\/\"]}]},{\"@type\":\"BreadcrumbList\",\"@id\":\"https:\/\/aiserimplants.com\/es\/garantia-de-por-vida\/#breadcrumb\",\"itemListElement\":[{\"@type\":\"ListItem\",\"position\":1,\"name\":\"Home\",\"item\":\"https:\/\/aiserimplants.com\/es\/home\/\"},{\"@type\":\"ListItem\",\"position\":2,\"name\":\"Garant\u00eda de por vida\"}]},{\"@type\":\"WebSite\",\"@id\":\"https:\/\/aiserimplants.com\/es\/#website\",\"url\":\"https:\/\/aiserimplants.com\/es\/\",\"name\":\"Aiser Implants\",\"description\":\"Swiss Quality at its Peak\",\"publisher\":{\"@id\":\"https:\/\/aiserimplants.com\/es\/#organization\"},\"potentialAction\":[{\"@type\":\"SearchAction\",\"target\":{\"@type\":\"EntryPoint\",\"urlTemplate\":\"https:\/\/aiserimplants.com\/es\/?s={search_term_string}\"},\"query-input\":{\"@type\":\"PropertyValueSpecification\",\"valueRequired\":true,\"valueName\":\"search_term_string\"}}],\"inLanguage\":\"es\"},{\"@type\":[\"Organization\",\"Place\"],\"@id\":\"https:\/\/aiserimplants.com\/es\/#organization\",\"name\":\"Aiser\",\"url\":\"https:\/\/aiserimplants.com\/es\/\",\"logo\":{\"@id\":\"https:\/\/aiserimplants.com\/es\/garantia-de-por-vida\/#local-main-organization-logo\"},\"image\":{\"@id\":\"https:\/\/aiserimplants.com\/es\/garantia-de-por-vida\/#local-main-organization-logo\"},\"telephone\":[],\"openingHoursSpecification\":[{\"@type\":\"OpeningHoursSpecification\",\"dayOfWeek\":[\"Monday\",\"Tuesday\",\"Wednesday\",\"Thursday\",\"Friday\",\"Saturday\",\"Sunday\"],\"opens\":\"09:00\",\"closes\":\"17:00\"}]},{\"@type\":\"ImageObject\",\"inLanguage\":\"es\",\"@id\":\"https:\/\/aiserimplants.com\/es\/garantia-de-por-vida\/#local-main-organization-logo\",\"url\":\"https:\/\/aiserimplants.com\/wp-content\/uploads\/2022\/02\/AISER_logo.jpg\",\"contentUrl\":\"https:\/\/aiserimplants.com\/wp-content\/uploads\/2022\/02\/AISER_logo.jpg\",\"width\":1806,\"height\":1082,\"caption\":\"Aiser\"}]}<\/script>\n<!-- \/ Yoast SEO Premium plugin. -->","yoast_head_json":{"title":"Garant\u00eda de por vida - Aiser Implants","robots":{"index":"index","follow":"follow","max-snippet":"max-snippet:-1","max-image-preview":"max-image-preview:large","max-video-preview":"max-video-preview:-1"},"canonical":"https:\/\/aiserimplants.com\/es\/garantia-de-por-vida\/","og_locale":"es_ES","og_type":"article","og_title":"Garant\u00eda de por vida","og_description":"Todos los productos AISER tienen garant\u00eda de por vida para cubrir cualquier defecto de fabricaci\u00f3n. &nbsp; A trav\u00e9s del UTD (documento \u00fanico de trazabilidad) realizamos un seguimiento de la cadena de suministro del producto en cada paso de su procesamiento y movimiento, hasta llegar al cliente final. Los controles de calidad a los que sometemos [&hellip;]","og_url":"https:\/\/aiserimplants.com\/es\/garantia-de-por-vida\/","og_site_name":"Aiser Implants","twitter_card":"summary_large_image","twitter_misc":{"Tiempo de lectura":"2 minutos"},"schema":{"@context":"https:\/\/schema.org","@graph":[{"@type":"WebPage","@id":"https:\/\/aiserimplants.com\/es\/garantia-de-por-vida\/","url":"https:\/\/aiserimplants.com\/es\/garantia-de-por-vida\/","name":"Garant\u00eda de por vida - Aiser Implants","isPartOf":{"@id":"https:\/\/aiserimplants.com\/es\/#website"},"datePublished":"2022-04-08T08:25:50+00:00","breadcrumb":{"@id":"https:\/\/aiserimplants.com\/es\/garantia-de-por-vida\/#breadcrumb"},"inLanguage":"es","potentialAction":[{"@type":"ReadAction","target":["https:\/\/aiserimplants.com\/es\/garantia-de-por-vida\/"]}]},{"@type":"BreadcrumbList","@id":"https:\/\/aiserimplants.com\/es\/garantia-de-por-vida\/#breadcrumb","itemListElement":[{"@type":"ListItem","position":1,"name":"Home","item":"https:\/\/aiserimplants.com\/es\/home\/"},{"@type":"ListItem","position":2,"name":"Garant\u00eda de por vida"}]},{"@type":"WebSite","@id":"https:\/\/aiserimplants.com\/es\/#website","url":"https:\/\/aiserimplants.com\/es\/","name":"Aiser Implants","description":"Swiss Quality at its Peak","publisher":{"@id":"https:\/\/aiserimplants.com\/es\/#organization"},"potentialAction":[{"@type":"SearchAction","target":{"@type":"EntryPoint","urlTemplate":"https:\/\/aiserimplants.com\/es\/?s={search_term_string}"},"query-input":{"@type":"PropertyValueSpecification","valueRequired":true,"valueName":"search_term_string"}}],"inLanguage":"es"},{"@type":["Organization","Place"],"@id":"https:\/\/aiserimplants.com\/es\/#organization","name":"Aiser","url":"https:\/\/aiserimplants.com\/es\/","logo":{"@id":"https:\/\/aiserimplants.com\/es\/garantia-de-por-vida\/#local-main-organization-logo"},"image":{"@id":"https:\/\/aiserimplants.com\/es\/garantia-de-por-vida\/#local-main-organization-logo"},"telephone":[],"openingHoursSpecification":[{"@type":"OpeningHoursSpecification","dayOfWeek":["Monday","Tuesday","Wednesday","Thursday","Friday","Saturday","Sunday"],"opens":"09:00","closes":"17:00"}]},{"@type":"ImageObject","inLanguage":"es","@id":"https:\/\/aiserimplants.com\/es\/garantia-de-por-vida\/#local-main-organization-logo","url":"https:\/\/aiserimplants.com\/wp-content\/uploads\/2022\/02\/AISER_logo.jpg","contentUrl":"https:\/\/aiserimplants.com\/wp-content\/uploads\/2022\/02\/AISER_logo.jpg","width":1806,"height":1082,"caption":"Aiser"}]}},"_links":{"self":[{"href":"https:\/\/aiserimplants.com\/es\/wp-json\/wp\/v2\/pages\/3536","targetHints":{"allow":["GET"]}}],"collection":[{"href":"https:\/\/aiserimplants.com\/es\/wp-json\/wp\/v2\/pages"}],"about":[{"href":"https:\/\/aiserimplants.com\/es\/wp-json\/wp\/v2\/types\/page"}],"author":[{"embeddable":true,"href":"https:\/\/aiserimplants.com\/es\/wp-json\/wp\/v2\/users\/2"}],"replies":[{"embeddable":true,"href":"https:\/\/aiserimplants.com\/es\/wp-json\/wp\/v2\/comments?post=3536"}],"version-history":[{"count":2,"href":"https:\/\/aiserimplants.com\/es\/wp-json\/wp\/v2\/pages\/3536\/revisions"}],"predecessor-version":[{"id":3538,"href":"https:\/\/aiserimplants.com\/es\/wp-json\/wp\/v2\/pages\/3536\/revisions\/3538"}],"wp:attachment":[{"href":"https:\/\/aiserimplants.com\/es\/wp-json\/wp\/v2\/media?parent=3536"}],"curies":[{"name":"wp","href":"https:\/\/api.w.org\/{rel}","templated":true}]}}