{"id":3549,"date":"2022-04-08T10:37:00","date_gmt":"2022-04-08T08:37:00","guid":{"rendered":"https:\/\/aiserimplants.com\/club-membership\/"},"modified":"2024-01-30T10:24:51","modified_gmt":"2024-01-30T09:24:51","slug":"club-membership","status":"publish","type":"page","link":"https:\/\/aiserimplants.com\/es\/club-membership\/","title":{"rendered":"Club Membership"},"content":{"rendered":"\n[et_pb_section fb_built=\u00bb1&#8243; fullwidth=\u00bbon\u00bb _builder_version=\u00bb4.14.7&#8243; _module_preset=\u00bbdefault\u00bb background_color=\u00bb#000000&#8243; global_colors_info=\u00bb{}\u00bb][et_pb_fullwidth_header title=\u00bbClub Membership Aiser\u00bb subhead=\u00bbAl servicio de la vida\u00bb _builder_version=\u00bb4.14.7&#8243; _module_preset=\u00bb5d2311d1-d0df-49c3-8a3a-d366a118df72&#8243; subhead_font_size=\u00bb2.3em\u00bb background_image=\u00bbhttps:\/\/aiserimplants.com\/wp-content\/uploads\/2022\/03\/2-2.png\u00bb global_colors_info=\u00bb{}\u00bb][\/et_pb_fullwidth_header][\/et_pb_section][et_pb_section fb_built=\u00bb1&#8243; _builder_version=\u00bb4.14.7&#8243; _module_preset=\u00bbfa16af20-4da1-42b8-87c8-dab7c09ce721&#8243; global_colors_info=\u00bb{}\u00bb][et_pb_row _builder_version=\u00bb4.14.7&#8243; _module_preset=\u00bbdefault\u00bb global_colors_info=\u00bb{}\u00bb][et_pb_column type=\u00bb4_4&#8243; _builder_version=\u00bb4.14.7&#8243; _module_preset=\u00bbdefault\u00bb global_colors_info=\u00bb{}\u00bb][et_pb_text _builder_version=\u00bb4.14.7&#8243; _module_preset=\u00bbac6eaaff-bd72-4c1b-8d86-322f7edf5272&#8243; background_layout=\u00bbdark\u00bb custom_padding=\u00bb0px|||||\u00bb hover_enabled=\u00bb0&#8243; global_colors_info=\u00bb{}\u00bb text_orientation=\u00bbcenter\u00bb sticky_enabled=\u00bb0&#8243;]El Club Membership AISER quiere darte la oportunidad de <strong>vivir siempre lo que m\u00e1s te gusta<\/strong>.\n\nLa inscripci\u00f3n te da la <strong>libertad de elegir<\/strong> c\u00f3mo y cu\u00e1ndo usar los beneficios.\n\nPara obtener m\u00e1s informaci\u00f3n, ponte en contacto con nosotros en el n\u00famero <strong><a href=\"tel:+410228191709\">+41 (0) 22 819 1709<\/a><\/strong> o escr\u00edbenos a la direcci\u00f3n gen<strong><a href=\"geneve@aiserimplants.com\">eve@aiserimplants.com<\/a><\/strong>[\/et_pb_text][\/et_pb_column][\/et_pb_row][\/et_pb_section][et_pb_section fb_built=\u00bb1&#8243; _builder_version=\u00bb4.14.7&#8243; _module_preset=\u00bbfa16af20-4da1-42b8-87c8-dab7c09ce721&#8243; global_colors_info=\u00bb{}\u00bb][\/et_pb_section]\n","protected":false},"excerpt":{"rendered":"<p>Con Aiser Dental Implants puedes experimentar lo que amas. Obtenga la libertad de elegir c\u00f3mo y cu\u00e1ndo usar sus beneficios. Descubres&#8230;<\/p>\n","protected":false},"author":2,"featured_media":2859,"parent":0,"menu_order":0,"comment_status":"closed","ping_status":"closed","template":"","meta":{"_acf_changed":false,"_et_pb_use_builder":"on","_et_pb_old_content":"","_et_gb_content_width":"","footnotes":""},"class_list":["post-3549","page","type-page","status-publish","has-post-thumbnail","hentry"],"acf":[],"yoast_head":"<!-- This site is optimized with the Yoast SEO Premium plugin v25.2 (Yoast SEO v27.1) - https:\/\/yoast.com\/product\/yoast-seo-premium-wordpress\/ -->\n<title>Club Membership - Aiser Implants<\/title>\n<meta name=\"description\" content=\"Con Aiser Dental Implants puedes experimentar lo que amas. Obtenga la libertad de elegir c\u00f3mo y cu\u00e1ndo usar sus beneficios. Descubres...\" \/>\n<meta name=\"robots\" content=\"index, follow, max-snippet:-1, max-image-preview:large, max-video-preview:-1\" \/>\n<link rel=\"canonical\" href=\"https:\/\/aiserimplants.com\/es\/club-membership\/\" \/>\n<meta property=\"og:locale\" content=\"es_ES\" \/>\n<meta property=\"og:type\" content=\"article\" \/>\n<meta property=\"og:title\" content=\"Implantes Dentales Aiser\" \/>\n<meta property=\"og:description\" content=\"Con Aiser Dental Implants puedes experimentar lo que amas. Obtenga la libertad de elegir c\u00f3mo y cu\u00e1ndo usar sus beneficios. Descubres...\" \/>\n<meta property=\"og:url\" content=\"https:\/\/aiserimplants.com\/es\/club-membership\/\" \/>\n<meta property=\"og:site_name\" content=\"Aiser Implants\" \/>\n<meta property=\"article:modified_time\" content=\"2024-01-30T09:24:51+00:00\" \/>\n<meta property=\"og:image\" content=\"https:\/\/aiserimplants.com\/wp-content\/uploads\/2022\/02\/AISER_logo-1024x613.jpg\" \/>\n<meta name=\"twitter:card\" content=\"summary_large_image\" \/>\n<meta name=\"twitter:title\" content=\"Club Membership\" \/>\n<meta name=\"twitter:label1\" content=\"Tiempo de lectura\" \/>\n\t<meta name=\"twitter:data1\" content=\"1 minuto\" \/>\n<script type=\"application\/ld+json\" class=\"yoast-schema-graph\">{\"@context\":\"https:\/\/schema.org\",\"@graph\":[{\"@type\":\"WebPage\",\"@id\":\"https:\/\/aiserimplants.com\/es\/club-membership\/\",\"url\":\"https:\/\/aiserimplants.com\/es\/club-membership\/\",\"name\":\"Club Membership - Aiser Implants\",\"isPartOf\":{\"@id\":\"https:\/\/aiserimplants.com\/es\/#website\"},\"primaryImageOfPage\":{\"@id\":\"https:\/\/aiserimplants.com\/es\/club-membership\/#primaryimage\"},\"image\":{\"@id\":\"https:\/\/aiserimplants.com\/es\/club-membership\/#primaryimage\"},\"thumbnailUrl\":\"https:\/\/aiserimplants.com\/wp-content\/uploads\/2022\/02\/AISER_logo.jpg\",\"datePublished\":\"2022-04-08T08:37:00+00:00\",\"dateModified\":\"2024-01-30T09:24:51+00:00\",\"description\":\"Con Aiser Dental Implants puedes experimentar lo que amas. Obtenga la libertad de elegir c\u00f3mo y cu\u00e1ndo usar sus beneficios. Descubres...\",\"breadcrumb\":{\"@id\":\"https:\/\/aiserimplants.com\/es\/club-membership\/#breadcrumb\"},\"inLanguage\":\"es\",\"potentialAction\":[{\"@type\":\"ReadAction\",\"target\":[\"https:\/\/aiserimplants.com\/es\/club-membership\/\"]}]},{\"@type\":\"ImageObject\",\"inLanguage\":\"es\",\"@id\":\"https:\/\/aiserimplants.com\/es\/club-membership\/#primaryimage\",\"url\":\"https:\/\/aiserimplants.com\/wp-content\/uploads\/2022\/02\/AISER_logo.jpg\",\"contentUrl\":\"https:\/\/aiserimplants.com\/wp-content\/uploads\/2022\/02\/AISER_logo.jpg\",\"width\":1806,\"height\":1082},{\"@type\":\"BreadcrumbList\",\"@id\":\"https:\/\/aiserimplants.com\/es\/club-membership\/#breadcrumb\",\"itemListElement\":[{\"@type\":\"ListItem\",\"position\":1,\"name\":\"Home\",\"item\":\"https:\/\/aiserimplants.com\/es\/home\/\"},{\"@type\":\"ListItem\",\"position\":2,\"name\":\"Club Membership\"}]},{\"@type\":\"WebSite\",\"@id\":\"https:\/\/aiserimplants.com\/es\/#website\",\"url\":\"https:\/\/aiserimplants.com\/es\/\",\"name\":\"Aiser Implants\",\"description\":\"Swiss Quality at its Peak\",\"publisher\":{\"@id\":\"https:\/\/aiserimplants.com\/es\/#organization\"},\"potentialAction\":[{\"@type\":\"SearchAction\",\"target\":{\"@type\":\"EntryPoint\",\"urlTemplate\":\"https:\/\/aiserimplants.com\/es\/?s={search_term_string}\"},\"query-input\":{\"@type\":\"PropertyValueSpecification\",\"valueRequired\":true,\"valueName\":\"search_term_string\"}}],\"inLanguage\":\"es\"},{\"@type\":[\"Organization\",\"Place\"],\"@id\":\"https:\/\/aiserimplants.com\/es\/#organization\",\"name\":\"Aiser\",\"url\":\"https:\/\/aiserimplants.com\/es\/\",\"logo\":{\"@id\":\"https:\/\/aiserimplants.com\/es\/club-membership\/#local-main-organization-logo\"},\"image\":{\"@id\":\"https:\/\/aiserimplants.com\/es\/club-membership\/#local-main-organization-logo\"},\"telephone\":[],\"openingHoursSpecification\":[{\"@type\":\"OpeningHoursSpecification\",\"dayOfWeek\":[\"Monday\",\"Tuesday\",\"Wednesday\",\"Thursday\",\"Friday\",\"Saturday\",\"Sunday\"],\"opens\":\"09:00\",\"closes\":\"17:00\"}]},{\"@type\":\"ImageObject\",\"inLanguage\":\"es\",\"@id\":\"https:\/\/aiserimplants.com\/es\/club-membership\/#local-main-organization-logo\",\"url\":\"https:\/\/aiserimplants.com\/wp-content\/uploads\/2022\/02\/AISER_logo.jpg\",\"contentUrl\":\"https:\/\/aiserimplants.com\/wp-content\/uploads\/2022\/02\/AISER_logo.jpg\",\"width\":1806,\"height\":1082,\"caption\":\"Aiser\"}]}<\/script>\n<!-- \/ Yoast SEO Premium plugin. -->","yoast_head_json":{"title":"Club Membership - Aiser Implants","description":"Con Aiser Dental Implants puedes experimentar lo que amas. Obtenga la libertad de elegir c\u00f3mo y cu\u00e1ndo usar sus beneficios. Descubres...","robots":{"index":"index","follow":"follow","max-snippet":"max-snippet:-1","max-image-preview":"max-image-preview:large","max-video-preview":"max-video-preview:-1"},"canonical":"https:\/\/aiserimplants.com\/es\/club-membership\/","og_locale":"es_ES","og_type":"article","og_title":"Implantes Dentales Aiser","og_description":"Con Aiser Dental Implants puedes experimentar lo que amas. Obtenga la libertad de elegir c\u00f3mo y cu\u00e1ndo usar sus beneficios. Descubres...","og_url":"https:\/\/aiserimplants.com\/es\/club-membership\/","og_site_name":"Aiser Implants","article_modified_time":"2024-01-30T09:24:51+00:00","og_image":[{"url":"https:\/\/aiserimplants.com\/wp-content\/uploads\/2022\/02\/AISER_logo-1024x613.jpg","type":"","width":"","height":""}],"twitter_card":"summary_large_image","twitter_title":"Club Membership","twitter_misc":{"Tiempo de lectura":"1 minuto"},"schema":{"@context":"https:\/\/schema.org","@graph":[{"@type":"WebPage","@id":"https:\/\/aiserimplants.com\/es\/club-membership\/","url":"https:\/\/aiserimplants.com\/es\/club-membership\/","name":"Club Membership - Aiser Implants","isPartOf":{"@id":"https:\/\/aiserimplants.com\/es\/#website"},"primaryImageOfPage":{"@id":"https:\/\/aiserimplants.com\/es\/club-membership\/#primaryimage"},"image":{"@id":"https:\/\/aiserimplants.com\/es\/club-membership\/#primaryimage"},"thumbnailUrl":"https:\/\/aiserimplants.com\/wp-content\/uploads\/2022\/02\/AISER_logo.jpg","datePublished":"2022-04-08T08:37:00+00:00","dateModified":"2024-01-30T09:24:51+00:00","description":"Con Aiser Dental Implants puedes experimentar lo que amas. Obtenga la libertad de elegir c\u00f3mo y cu\u00e1ndo usar sus beneficios. Descubres...","breadcrumb":{"@id":"https:\/\/aiserimplants.com\/es\/club-membership\/#breadcrumb"},"inLanguage":"es","potentialAction":[{"@type":"ReadAction","target":["https:\/\/aiserimplants.com\/es\/club-membership\/"]}]},{"@type":"ImageObject","inLanguage":"es","@id":"https:\/\/aiserimplants.com\/es\/club-membership\/#primaryimage","url":"https:\/\/aiserimplants.com\/wp-content\/uploads\/2022\/02\/AISER_logo.jpg","contentUrl":"https:\/\/aiserimplants.com\/wp-content\/uploads\/2022\/02\/AISER_logo.jpg","width":1806,"height":1082},{"@type":"BreadcrumbList","@id":"https:\/\/aiserimplants.com\/es\/club-membership\/#breadcrumb","itemListElement":[{"@type":"ListItem","position":1,"name":"Home","item":"https:\/\/aiserimplants.com\/es\/home\/"},{"@type":"ListItem","position":2,"name":"Club Membership"}]},{"@type":"WebSite","@id":"https:\/\/aiserimplants.com\/es\/#website","url":"https:\/\/aiserimplants.com\/es\/","name":"Aiser Implants","description":"Swiss Quality at its Peak","publisher":{"@id":"https:\/\/aiserimplants.com\/es\/#organization"},"potentialAction":[{"@type":"SearchAction","target":{"@type":"EntryPoint","urlTemplate":"https:\/\/aiserimplants.com\/es\/?s={search_term_string}"},"query-input":{"@type":"PropertyValueSpecification","valueRequired":true,"valueName":"search_term_string"}}],"inLanguage":"es"},{"@type":["Organization","Place"],"@id":"https:\/\/aiserimplants.com\/es\/#organization","name":"Aiser","url":"https:\/\/aiserimplants.com\/es\/","logo":{"@id":"https:\/\/aiserimplants.com\/es\/club-membership\/#local-main-organization-logo"},"image":{"@id":"https:\/\/aiserimplants.com\/es\/club-membership\/#local-main-organization-logo"},"telephone":[],"openingHoursSpecification":[{"@type":"OpeningHoursSpecification","dayOfWeek":["Monday","Tuesday","Wednesday","Thursday","Friday","Saturday","Sunday"],"opens":"09:00","closes":"17:00"}]},{"@type":"ImageObject","inLanguage":"es","@id":"https:\/\/aiserimplants.com\/es\/club-membership\/#local-main-organization-logo","url":"https:\/\/aiserimplants.com\/wp-content\/uploads\/2022\/02\/AISER_logo.jpg","contentUrl":"https:\/\/aiserimplants.com\/wp-content\/uploads\/2022\/02\/AISER_logo.jpg","width":1806,"height":1082,"caption":"Aiser"}]}},"_links":{"self":[{"href":"https:\/\/aiserimplants.com\/es\/wp-json\/wp\/v2\/pages\/3549","targetHints":{"allow":["GET"]}}],"collection":[{"href":"https:\/\/aiserimplants.com\/es\/wp-json\/wp\/v2\/pages"}],"about":[{"href":"https:\/\/aiserimplants.com\/es\/wp-json\/wp\/v2\/types\/page"}],"author":[{"embeddable":true,"href":"https:\/\/aiserimplants.com\/es\/wp-json\/wp\/v2\/users\/2"}],"replies":[{"embeddable":true,"href":"https:\/\/aiserimplants.com\/es\/wp-json\/wp\/v2\/comments?post=3549"}],"version-history":[{"count":4,"href":"https:\/\/aiserimplants.com\/es\/wp-json\/wp\/v2\/pages\/3549\/revisions"}],"predecessor-version":[{"id":5319,"href":"https:\/\/aiserimplants.com\/es\/wp-json\/wp\/v2\/pages\/3549\/revisions\/5319"}],"wp:featuredmedia":[{"embeddable":true,"href":"https:\/\/aiserimplants.com\/es\/wp-json\/wp\/v2\/media\/2859"}],"wp:attachment":[{"href":"https:\/\/aiserimplants.com\/es\/wp-json\/wp\/v2\/media?parent=3549"}],"curies":[{"name":"wp","href":"https:\/\/api.w.org\/{rel}","templated":true}]}}