{"id":3974,"date":"2022-04-19T11:36:52","date_gmt":"2022-04-19T09:36:52","guid":{"rendered":"https:\/\/aiserimplants.com\/aiser-implant-system\/"},"modified":"2024-01-29T17:36:52","modified_gmt":"2024-01-29T16:36:52","slug":"aiser-implant-system","status":"publish","type":"page","link":"https:\/\/aiserimplants.com\/fr\/produits\/aiser-implant-system\/","title":{"rendered":"Aiser Implant System"},"content":{"rendered":"\n\n[et_pb_section fb_built=\u00a0\u00bb1&Prime; fullwidth=\u00a0\u00bbon\u00a0\u00bb _builder_version=\u00a0\u00bb4.14.7&Prime; _module_preset=\u00a0\u00bbdefault\u00a0\u00bb background_color=\u00a0\u00bb#000000&Prime; global_colors_info=\u00a0\u00bb{}\u00a0\u00bb][et_pb_fullwidth_header title=\u00a0\u00bbAISER Implant System\u00a0\u00bb subhead=\u00a0\u00bbDes performances remarquables en mati\u00e8re de r\u00e9sistance et bioactivit\u00e9\u00a0\u00bb header_fullscreen=\u00a0\u00bboff\u00a0\u00bb _builder_version=\u00a0\u00bb4.14.9&Prime; _module_preset=\u00a0\u00bb5d2311d1-d0df-49c3-8a3a-d366a118df72&Prime; background_image=\u00a0\u00bbhttps:\/\/aiserimplants.com\/wp-content\/uploads\/2022\/04\/Aiser-Swiss.png\u00a0\u00bb parallax=\u00a0\u00bboff\u00a0\u00bb global_colors_info=\u00a0\u00bb{}\u00a0\u00bb][\/et_pb_fullwidth_header][\/et_pb_section][et_pb_section fb_built=\u00a0\u00bb1&Prime; _builder_version=\u00a0\u00bb4.14.7&Prime; _module_preset=\u00a0\u00bbfa16af20-4da1-42b8-87c8-dab7c09ce721&Prime; global_colors_info=\u00a0\u00bb{}\u00a0\u00bb][et_pb_row _builder_version=\u00a0\u00bb4.14.7&Prime; _module_preset=\u00a0\u00bbdefault\u00a0\u00bb global_colors_info=\u00a0\u00bb{}\u00a0\u00bb][et_pb_column type=\u00a0\u00bb4_4&Prime; _builder_version=\u00a0\u00bb4.14.7&Prime; _module_preset=\u00a0\u00bbdefault\u00a0\u00bb global_colors_info=\u00a0\u00bb{}\u00a0\u00bb][et_pb_text _builder_version=\u00a0\u00bb4.14.9&Prime; _module_preset=\u00a0\u00bbac6eaaff-bd72-4c1b-8d86-322f7edf5272&Prime; text_font=\u00a0\u00bbMontserrat||||||||\u00a0\u00bb text_font_size=\u00a0\u00bb17px\u00a0\u00bb background_layout=\u00a0\u00bbdark\u00a0\u00bb animation_style=\u00a0\u00bbfade\u00a0\u00bb hover_enabled=\u00a0\u00bb0&Prime; global_colors_info=\u00a0\u00bb{}\u00a0\u00bb sticky_enabled=\u00a0\u00bb0&Prime;]<h2><em>Les implants AISER Implant System sont con\u00e7us sans aucun compromis.<\/em><\/h2>\n<p>Titane Top Class pour une <strong>fiabilit\u00e9 m\u00e9canique<\/strong> maximale.<\/p>\n<p>Traitement etching oxydatif AISER Biosyn-D pour des <strong>performances remarquables en termes de bioactivit\u00e9<\/strong>.<\/p>\n<p>Fiabilit\u00e9 et innovation, pour <strong>offrir au professionnel uniquement ce qui se fait de mieux<\/strong>.<\/p>\n<p>Les lignes implantaires qui composent AISER Implant System sont con\u00e7ues <strong>pour r\u00e9pondre \u00e0 tous les besoins cliniques<\/strong>, avec des implants polyvalents et fiables.<\/p>\n<p>Les implants sont disponibles dans les lignes <strong>AISER Tytan<\/strong>, <strong>AISER Themys<\/strong> et <strong>AISER Ceos<\/strong>.<\/p>[\/et_pb_text][\/et_pb_column][\/et_pb_row][et_pb_row column_structure=\u00a0\u00bb1_3,1_3,1_3&Prime; _builder_version=\u00a0\u00bb4.14.7&Prime; _module_preset=\u00a0\u00bbdefault\u00a0\u00bb global_colors_info=\u00a0\u00bb{}\u00a0\u00bb][et_pb_column type=\u00a0\u00bb1_3&Prime; _builder_version=\u00a0\u00bb4.14.7&Prime; _module_preset=\u00a0\u00bbdefault\u00a0\u00bb global_colors_info=\u00a0\u00bb{}\u00a0\u00bb][et_pb_image src=\u00a0\u00bbhttps:\/\/aiserimplants.com\/wp-content\/uploads\/2021\/12\/Aiser_Tytan_300x600.jpg\u00a0\u00bb alt=\u00a0\u00bbAiser Tytan\u00a0\u00bb title_text=\u00a0\u00bbAiser Tytan\u00a0\u00bb url=\u00a0\u00bb@ET-DC@eyJkeW5hbWljIjp0cnVlLCJjb250ZW50IjoicG9zdF9saW5rX3VybF9wcm9kb3R0byIsInNldHRpbmdzIjp7InBvc3RfaWQiOiI1MDMifX0=@\u00a0\u00bb admin_label=\u00a0\u00bbTytan\u00a0\u00bb _builder_version=\u00a0\u00bb4.14.9&Prime; _dynamic_attributes=\u00a0\u00bburl\u00a0\u00bb _module_preset=\u00a0\u00bbfe957858-38b0-45b7-a6a9-0f2846127584&Prime; global_colors_info=\u00a0\u00bb{}\u00a0\u00bb][\/et_pb_image][\/et_pb_column][et_pb_column type=\u00a0\u00bb1_3&Prime; _builder_version=\u00a0\u00bb4.14.7&Prime; _module_preset=\u00a0\u00bbdefault\u00a0\u00bb global_colors_info=\u00a0\u00bb{}\u00a0\u00bb][et_pb_image src=\u00a0\u00bbhttps:\/\/aiserimplants.com\/wp-content\/uploads\/2021\/12\/Aiser_Themys_400x600.jpg\u00a0\u00bb alt=\u00a0\u00bbAiser Themys\u00a0\u00bb title_text=\u00a0\u00bbAiser Themys\u00a0\u00bb url=\u00a0\u00bb@ET-DC@eyJkeW5hbWljIjp0cnVlLCJjb250ZW50IjoicG9zdF9saW5rX3VybF9wcm9kb3R0byIsInNldHRpbmdzIjp7InBvc3RfaWQiOiI1NTQifX0=@\u00a0\u00bb admin_label=\u00a0\u00bbThemys\u00a0\u00bb _builder_version=\u00a0\u00bb4.14.9&Prime; _dynamic_attributes=\u00a0\u00bburl\u00a0\u00bb _module_preset=\u00a0\u00bbfe957858-38b0-45b7-a6a9-0f2846127584&Prime; global_colors_info=\u00a0\u00bb{}\u00a0\u00bb][\/et_pb_image][\/et_pb_column][et_pb_column type=\u00a0\u00bb1_3&Prime; _builder_version=\u00a0\u00bb4.14.7&Prime; _module_preset=\u00a0\u00bbdefault\u00a0\u00bb global_colors_info=\u00a0\u00bb{}\u00a0\u00bb][et_pb_image src=\u00a0\u00bbhttps:\/\/aiserimplants.com\/wp-content\/uploads\/2022\/04\/Aiser_Ceos_400x600.jpg\u00a0\u00bb alt=\u00a0\u00bbAiser Ceos\u00a0\u00bb title_text=\u00a0\u00bbAiser Ceos\u00a0\u00bb url=\u00a0\u00bb@ET-DC@eyJkeW5hbWljIjp0cnVlLCJjb250ZW50IjoicG9zdF9saW5rX3VybF9wcm9kb3R0byIsInNldHRpbmdzIjp7InBvc3RfaWQiOiI1NTUifX0=@\u00a0\u00bb admin_label=\u00a0\u00bbCeos\u00a0\u00bb _builder_version=\u00a0\u00bb4.14.9&Prime; _dynamic_attributes=\u00a0\u00bburl\u00a0\u00bb _module_preset=\u00a0\u00bbfe957858-38b0-45b7-a6a9-0f2846127584&Prime; global_colors_info=\u00a0\u00bb{}\u00a0\u00bb][\/et_pb_image][\/et_pb_column][\/et_pb_row][\/et_pb_section]\n\n","protected":false},"excerpt":{"rendered":"<p>Les implants AISER Implant System sont con\u00e7us sans aucun compromis. Titane Top Class pour une fiabilit\u00e9 m\u00e9canique maximale. Traitement etching oxydatif AISER Biosyn-D pour des performances remarquables en termes de bioactivit\u00e9. Fiabilit\u00e9 et innovation, pour offrir au professionnel uniquement ce qui se fait de mieux. Les lignes implantaires qui composent AISER Implant System sont con\u00e7ues [&hellip;]<\/p>\n","protected":false},"author":1,"featured_media":0,"parent":4068,"menu_order":1,"comment_status":"closed","ping_status":"closed","template":"","meta":{"_acf_changed":false,"_et_pb_use_builder":"on","_et_pb_old_content":"","_et_gb_content_width":"","footnotes":""},"class_list":["post-3974","page","type-page","status-publish","hentry"],"acf":[],"yoast_head":"<!-- This site is optimized with the Yoast SEO Premium plugin v25.2 (Yoast SEO v27.4) - https:\/\/yoast.com\/product\/yoast-seo-premium-wordpress\/ -->\n<title>Aiser Implant System - Aiser Implants<\/title>\n<meta name=\"description\" content=\"Les implants dentaires de la gamme Aiser Implant System sont con\u00e7us pour ne pas accepter de compromis. R\u00e9sistance et performances \u00e9tonnantes...\" \/>\n<meta name=\"robots\" content=\"index, follow, max-snippet:-1, max-image-preview:large, max-video-preview:-1\" \/>\n<link rel=\"canonical\" href=\"https:\/\/aiserimplants.com\/fr\/produits\/aiser-implant-system\/\" \/>\n<meta property=\"og:locale\" content=\"fr_FR\" \/>\n<meta property=\"og:type\" content=\"article\" \/>\n<meta property=\"og:title\" content=\"Implants dentaires de la gamme Aiser Implant System\" \/>\n<meta property=\"og:description\" content=\"Les implants dentaires de la gamme Aiser Implant System sont con\u00e7us pour ne pas accepter de compromis. R\u00e9sistance et performances \u00e9tonnantes...\" \/>\n<meta property=\"og:url\" content=\"https:\/\/aiserimplants.com\/fr\/produits\/aiser-implant-system\/\" \/>\n<meta property=\"og:site_name\" content=\"Aiser Implants\" \/>\n<meta property=\"article:modified_time\" content=\"2024-01-29T16:36:52+00:00\" \/>\n<meta property=\"og:image\" content=\"https:\/\/aiserimplants.com\/wp-content\/uploads\/2022\/02\/AISER_logo-1024x613.jpg\" \/>\n<meta name=\"twitter:card\" content=\"summary_large_image\" \/>\n<meta name=\"twitter:title\" content=\"Aiser Implant System\" \/>\n<meta name=\"twitter:label1\" content=\"Dur\u00e9e de lecture estim\u00e9e\" \/>\n\t<meta name=\"twitter:data1\" content=\"3 minutes\" \/>\n<script type=\"application\/ld+json\" class=\"yoast-schema-graph\">{\"@context\":\"https:\\\/\\\/schema.org\",\"@graph\":[{\"@type\":\"WebPage\",\"@id\":\"https:\\\/\\\/aiserimplants.com\\\/fr\\\/produits\\\/aiser-implant-system\\\/\",\"url\":\"https:\\\/\\\/aiserimplants.com\\\/fr\\\/produits\\\/aiser-implant-system\\\/\",\"name\":\"Aiser Implant System - Aiser Implants\",\"isPartOf\":{\"@id\":\"https:\\\/\\\/aiserimplants.com\\\/fr\\\/#website\"},\"datePublished\":\"2022-04-19T09:36:52+00:00\",\"dateModified\":\"2024-01-29T16:36:52+00:00\",\"description\":\"Les implants dentaires de la gamme Aiser Implant System sont con\u00e7us pour ne pas accepter de compromis. R\u00e9sistance et performances \u00e9tonnantes...\",\"breadcrumb\":{\"@id\":\"https:\\\/\\\/aiserimplants.com\\\/fr\\\/produits\\\/aiser-implant-system\\\/#breadcrumb\"},\"inLanguage\":\"fr-FR\",\"potentialAction\":[{\"@type\":\"ReadAction\",\"target\":[\"https:\\\/\\\/aiserimplants.com\\\/fr\\\/produits\\\/aiser-implant-system\\\/\"]}]},{\"@type\":\"BreadcrumbList\",\"@id\":\"https:\\\/\\\/aiserimplants.com\\\/fr\\\/produits\\\/aiser-implant-system\\\/#breadcrumb\",\"itemListElement\":[{\"@type\":\"ListItem\",\"position\":1,\"name\":\"Home\",\"item\":\"https:\\\/\\\/aiserimplants.com\\\/fr\\\/home\\\/\"},{\"@type\":\"ListItem\",\"position\":2,\"name\":\"Produits\",\"item\":\"https:\\\/\\\/aiserimplants.com\\\/fr\\\/produits\\\/\"},{\"@type\":\"ListItem\",\"position\":3,\"name\":\"Aiser Implant System\"}]},{\"@type\":\"WebSite\",\"@id\":\"https:\\\/\\\/aiserimplants.com\\\/fr\\\/#website\",\"url\":\"https:\\\/\\\/aiserimplants.com\\\/fr\\\/\",\"name\":\"Aiser Implants\",\"description\":\"Swiss Quality at its Peak\",\"publisher\":{\"@id\":\"https:\\\/\\\/aiserimplants.com\\\/fr\\\/#organization\"},\"potentialAction\":[{\"@type\":\"SearchAction\",\"target\":{\"@type\":\"EntryPoint\",\"urlTemplate\":\"https:\\\/\\\/aiserimplants.com\\\/fr\\\/?s={search_term_string}\"},\"query-input\":{\"@type\":\"PropertyValueSpecification\",\"valueRequired\":true,\"valueName\":\"search_term_string\"}}],\"inLanguage\":\"fr-FR\"},{\"@type\":[\"Organization\",\"Place\"],\"@id\":\"https:\\\/\\\/aiserimplants.com\\\/fr\\\/#organization\",\"name\":\"Aiser\",\"url\":\"https:\\\/\\\/aiserimplants.com\\\/fr\\\/\",\"logo\":{\"@id\":\"https:\\\/\\\/aiserimplants.com\\\/fr\\\/produits\\\/aiser-implant-system\\\/#local-main-organization-logo\"},\"image\":{\"@id\":\"https:\\\/\\\/aiserimplants.com\\\/fr\\\/produits\\\/aiser-implant-system\\\/#local-main-organization-logo\"},\"telephone\":[],\"openingHoursSpecification\":[{\"@type\":\"OpeningHoursSpecification\",\"dayOfWeek\":[\"Monday\",\"Tuesday\",\"Wednesday\",\"Thursday\",\"Friday\",\"Saturday\",\"Sunday\"],\"opens\":\"09:00\",\"closes\":\"17:00\"}]},{\"@type\":\"ImageObject\",\"inLanguage\":\"fr-FR\",\"@id\":\"https:\\\/\\\/aiserimplants.com\\\/fr\\\/produits\\\/aiser-implant-system\\\/#local-main-organization-logo\",\"url\":\"https:\\\/\\\/aiserimplants.com\\\/wp-content\\\/uploads\\\/2022\\\/02\\\/AISER_logo.jpg\",\"contentUrl\":\"https:\\\/\\\/aiserimplants.com\\\/wp-content\\\/uploads\\\/2022\\\/02\\\/AISER_logo.jpg\",\"width\":1806,\"height\":1082,\"caption\":\"Aiser\"}]}<\/script>\n<!-- \/ Yoast SEO Premium plugin. -->","yoast_head_json":{"title":"Aiser Implant System - Aiser Implants","description":"Les implants dentaires de la gamme Aiser Implant System sont con\u00e7us pour ne pas accepter de compromis. R\u00e9sistance et performances \u00e9tonnantes...","robots":{"index":"index","follow":"follow","max-snippet":"max-snippet:-1","max-image-preview":"max-image-preview:large","max-video-preview":"max-video-preview:-1"},"canonical":"https:\/\/aiserimplants.com\/fr\/produits\/aiser-implant-system\/","og_locale":"fr_FR","og_type":"article","og_title":"Implants dentaires de la gamme Aiser Implant System","og_description":"Les implants dentaires de la gamme Aiser Implant System sont con\u00e7us pour ne pas accepter de compromis. R\u00e9sistance et performances \u00e9tonnantes...","og_url":"https:\/\/aiserimplants.com\/fr\/produits\/aiser-implant-system\/","og_site_name":"Aiser Implants","article_modified_time":"2024-01-29T16:36:52+00:00","og_image":[{"url":"https:\/\/aiserimplants.com\/wp-content\/uploads\/2022\/02\/AISER_logo-1024x613.jpg","type":"","width":"","height":""}],"twitter_card":"summary_large_image","twitter_title":"Aiser Implant System","twitter_misc":{"Dur\u00e9e de lecture estim\u00e9e":"3 minutes"},"schema":{"@context":"https:\/\/schema.org","@graph":[{"@type":"WebPage","@id":"https:\/\/aiserimplants.com\/fr\/produits\/aiser-implant-system\/","url":"https:\/\/aiserimplants.com\/fr\/produits\/aiser-implant-system\/","name":"Aiser Implant System - Aiser Implants","isPartOf":{"@id":"https:\/\/aiserimplants.com\/fr\/#website"},"datePublished":"2022-04-19T09:36:52+00:00","dateModified":"2024-01-29T16:36:52+00:00","description":"Les implants dentaires de la gamme Aiser Implant System sont con\u00e7us pour ne pas accepter de compromis. R\u00e9sistance et performances \u00e9tonnantes...","breadcrumb":{"@id":"https:\/\/aiserimplants.com\/fr\/produits\/aiser-implant-system\/#breadcrumb"},"inLanguage":"fr-FR","potentialAction":[{"@type":"ReadAction","target":["https:\/\/aiserimplants.com\/fr\/produits\/aiser-implant-system\/"]}]},{"@type":"BreadcrumbList","@id":"https:\/\/aiserimplants.com\/fr\/produits\/aiser-implant-system\/#breadcrumb","itemListElement":[{"@type":"ListItem","position":1,"name":"Home","item":"https:\/\/aiserimplants.com\/fr\/home\/"},{"@type":"ListItem","position":2,"name":"Produits","item":"https:\/\/aiserimplants.com\/fr\/produits\/"},{"@type":"ListItem","position":3,"name":"Aiser Implant System"}]},{"@type":"WebSite","@id":"https:\/\/aiserimplants.com\/fr\/#website","url":"https:\/\/aiserimplants.com\/fr\/","name":"Aiser Implants","description":"Swiss Quality at its Peak","publisher":{"@id":"https:\/\/aiserimplants.com\/fr\/#organization"},"potentialAction":[{"@type":"SearchAction","target":{"@type":"EntryPoint","urlTemplate":"https:\/\/aiserimplants.com\/fr\/?s={search_term_string}"},"query-input":{"@type":"PropertyValueSpecification","valueRequired":true,"valueName":"search_term_string"}}],"inLanguage":"fr-FR"},{"@type":["Organization","Place"],"@id":"https:\/\/aiserimplants.com\/fr\/#organization","name":"Aiser","url":"https:\/\/aiserimplants.com\/fr\/","logo":{"@id":"https:\/\/aiserimplants.com\/fr\/produits\/aiser-implant-system\/#local-main-organization-logo"},"image":{"@id":"https:\/\/aiserimplants.com\/fr\/produits\/aiser-implant-system\/#local-main-organization-logo"},"telephone":[],"openingHoursSpecification":[{"@type":"OpeningHoursSpecification","dayOfWeek":["Monday","Tuesday","Wednesday","Thursday","Friday","Saturday","Sunday"],"opens":"09:00","closes":"17:00"}]},{"@type":"ImageObject","inLanguage":"fr-FR","@id":"https:\/\/aiserimplants.com\/fr\/produits\/aiser-implant-system\/#local-main-organization-logo","url":"https:\/\/aiserimplants.com\/wp-content\/uploads\/2022\/02\/AISER_logo.jpg","contentUrl":"https:\/\/aiserimplants.com\/wp-content\/uploads\/2022\/02\/AISER_logo.jpg","width":1806,"height":1082,"caption":"Aiser"}]}},"_links":{"self":[{"href":"https:\/\/aiserimplants.com\/fr\/wp-json\/wp\/v2\/pages\/3974","targetHints":{"allow":["GET"]}}],"collection":[{"href":"https:\/\/aiserimplants.com\/fr\/wp-json\/wp\/v2\/pages"}],"about":[{"href":"https:\/\/aiserimplants.com\/fr\/wp-json\/wp\/v2\/types\/page"}],"author":[{"embeddable":true,"href":"https:\/\/aiserimplants.com\/fr\/wp-json\/wp\/v2\/users\/1"}],"replies":[{"embeddable":true,"href":"https:\/\/aiserimplants.com\/fr\/wp-json\/wp\/v2\/comments?post=3974"}],"version-history":[{"count":1,"href":"https:\/\/aiserimplants.com\/fr\/wp-json\/wp\/v2\/pages\/3974\/revisions"}],"predecessor-version":[{"id":3975,"href":"https:\/\/aiserimplants.com\/fr\/wp-json\/wp\/v2\/pages\/3974\/revisions\/3975"}],"up":[{"embeddable":true,"href":"https:\/\/aiserimplants.com\/fr\/wp-json\/wp\/v2\/pages\/4068"}],"wp:attachment":[{"href":"https:\/\/aiserimplants.com\/fr\/wp-json\/wp\/v2\/media?parent=3974"}],"curies":[{"name":"wp","href":"https:\/\/api.w.org\/{rel}","templated":true}]}}