{"id":4056,"date":"2022-04-19T11:50:08","date_gmt":"2022-04-19T09:50:08","guid":{"rendered":"https:\/\/aiserimplants.com\/aiser-conometric-link-system\/"},"modified":"2024-01-30T10:26:56","modified_gmt":"2024-01-30T09:26:56","slug":"aiser-conometric-link-system","status":"publish","type":"page","link":"https:\/\/aiserimplants.com\/fr\/produits\/aiser-conometric-link-system\/","title":{"rendered":"Aiser Conometric Link System"},"content":{"rendered":"\n\n[et_pb_section fb_built=\u00a0\u00bb1&Prime; fullwidth=\u00a0\u00bbon\u00a0\u00bb _builder_version=\u00a0\u00bb4.14.7&Prime; _module_preset=\u00a0\u00bbdefault\u00a0\u00bb background_color=\u00a0\u00bb#000000&Prime; global_colors_info=\u00a0\u00bb{}\u00a0\u00bb][et_pb_fullwidth_header title=\u00a0\u00bbAISER Conometric Link System\u00a0\u00bb subhead=\u00a0\u00bbLa fiabilit\u00e9 de la conom\u00e9trie et la simplicit\u00e9 d&apos;une solution viss\u00e9e\u00a0\u00bb _builder_version=\u00a0\u00bb4.14.9&Prime; _module_preset=\u00a0\u00bb5d2311d1-d0df-49c3-8a3a-d366a118df72&Prime; background_image=\u00a0\u00bbhttps:\/\/aiserimplants.com\/wp-content\/uploads\/2022\/04\/Aiser-Swiss.png\u00a0\u00bb parallax=\u00a0\u00bboff\u00a0\u00bb background_size=\u00a0\u00bbcontain\u00a0\u00bb global_colors_info=\u00a0\u00bb{}\u00a0\u00bb][\/et_pb_fullwidth_header][\/et_pb_section][et_pb_section fb_built=\u00a0\u00bb1&Prime; _builder_version=\u00a0\u00bb4.14.7&Prime; _module_preset=\u00a0\u00bbfa16af20-4da1-42b8-87c8-dab7c09ce721&Prime; global_colors_info=\u00a0\u00bb{}\u00a0\u00bb][et_pb_row _builder_version=\u00a0\u00bb4.14.7&Prime; _module_preset=\u00a0\u00bbdefault\u00a0\u00bb global_colors_info=\u00a0\u00bb{}\u00a0\u00bb][et_pb_column type=\u00a0\u00bb4_4&Prime; _builder_version=\u00a0\u00bb4.14.7&Prime; _module_preset=\u00a0\u00bbdefault\u00a0\u00bb global_colors_info=\u00a0\u00bb{}\u00a0\u00bb][et_pb_text _builder_version=\u00a0\u00bb4.14.9&Prime; _module_preset=\u00a0\u00bbac6eaaff-bd72-4c1b-8d86-322f7edf5272&Prime; text_font=\u00a0\u00bbMontserrat||||||||\u00a0\u00bb background_layout=\u00a0\u00bbdark\u00a0\u00bb hover_enabled=\u00a0\u00bb0&Prime; global_colors_info=\u00a0\u00bb{}\u00a0\u00bb sticky_enabled=\u00a0\u00bb0&Prime;]La connectique AISER Conometric Link System est le r\u00e9sultat de l&rsquo;union de deux concepts:\n<ul>\n\t<li>la <strong>fiabilit\u00e9<\/strong> d&rsquo;une connexion conique viss\u00e9e;<\/li>\n\t<li>la <strong>praticit\u00e9<\/strong> d&rsquo;un syst\u00e8me con\u00e7u pour un usage quotidien.<\/li>\n<\/ul>\n&nbsp;\n\nLes composants sont fabriqu\u00e9s \u00e0 partir des alliages de <strong>titane biocompatibles<\/strong> les plus r\u00e9sistants et fiables.\n\nLa jonction implanto-proth\u00e9tique est r\u00e9alis\u00e9e, pour tous les composants, avec connexion hexagonale interne \u00e0 double accouplement: <strong>conique et viss\u00e9<\/strong>.\n\nTous les composants sont con\u00e7us pour garantir une <strong>performance maximale d&rsquo;int\u00e9gration au tissu muqueux<\/strong>.[\/et_pb_text][\/et_pb_column][\/et_pb_row][\/et_pb_section][et_pb_section fb_built=\u00a0\u00bb1&Prime; _builder_version=\u00a0\u00bb4.14.9&Prime; _module_preset=\u00a0\u00bbfa16af20-4da1-42b8-87c8-dab7c09ce721&Prime; hover_enabled=\u00a0\u00bb0&Prime; global_colors_info=\u00a0\u00bb{}\u00a0\u00bb sticky_enabled=\u00a0\u00bb0&Prime;][et_pb_row column_structure=\u00a0\u00bb1_3,1_3,1_3&Prime; _builder_version=\u00a0\u00bb4.14.9&Prime; _module_preset=\u00a0\u00bbdefault\u00a0\u00bb hover_enabled=\u00a0\u00bb0&Prime; global_colors_info=\u00a0\u00bb{}\u00a0\u00bb sticky_enabled=\u00a0\u00bb0&Prime;][et_pb_column type=\u00a0\u00bb1_3&Prime; _builder_version=\u00a0\u00bb4.14.7&Prime; _module_preset=\u00a0\u00bbdefault\u00a0\u00bb global_colors_info=\u00a0\u00bb{}\u00a0\u00bb][et_pb_image src=\u00a0\u00bbhttps:\/\/aiserimplants.com\/wp-content\/uploads\/2022\/02\/Aiser_Multi-Unit_Abutment.jpg\u00a0\u00bb alt=\u00a0\u00bbAiser Multi-Unit Abutment\u00a0\u00bb title_text=\u00a0\u00bbAiser Multi-Unit Abutment\u00a0\u00bb url=\u00a0\u00bb@ET-DC@eyJkeW5hbWljIjp0cnVlLCJjb250ZW50IjoicG9zdF9saW5rX3VybF9wcm9kb3R0byIsInNldHRpbmdzIjp7InBvc3RfaWQiOiIxMzQ1In19@\u00a0\u00bb _builder_version=\u00a0\u00bb4.14.9&Prime; _dynamic_attributes=\u00a0\u00bburl\u00a0\u00bb _module_preset=\u00a0\u00bbfe957858-38b0-45b7-a6a9-0f2846127584&Prime; global_colors_info=\u00a0\u00bb{}\u00a0\u00bb][\/et_pb_image][\/et_pb_column][et_pb_column type=\u00a0\u00bb1_3&Prime; _builder_version=\u00a0\u00bb4.14.7&Prime; _module_preset=\u00a0\u00bbdefault\u00a0\u00bb global_colors_info=\u00a0\u00bb{}\u00a0\u00bb][et_pb_image src=\u00a0\u00bbhttps:\/\/aiserimplants.com\/wp-content\/uploads\/2022\/02\/Aiser_Esthetic_Abutment_400x600.jpg\u00a0\u00bb alt=\u00a0\u00bbAiser Esthetic Abutment\u00a0\u00bb title_text=\u00a0\u00bbAiser Esthetic Abutment\u00a0\u00bb url=\u00a0\u00bb@ET-DC@eyJkeW5hbWljIjp0cnVlLCJjb250ZW50IjoicG9zdF9saW5rX3VybF9wcm9kb3R0byIsInNldHRpbmdzIjp7InBvc3RfaWQiOiIxMzQ2In19@\u00a0\u00bb _builder_version=\u00a0\u00bb4.14.9&Prime; _dynamic_attributes=\u00a0\u00bburl\u00a0\u00bb _module_preset=\u00a0\u00bbfe957858-38b0-45b7-a6a9-0f2846127584&Prime; global_colors_info=\u00a0\u00bb{}\u00a0\u00bb][\/et_pb_image][\/et_pb_column][et_pb_column type=\u00a0\u00bb1_3&Prime; _builder_version=\u00a0\u00bb4.14.7&Prime; _module_preset=\u00a0\u00bbdefault\u00a0\u00bb global_colors_info=\u00a0\u00bb{}\u00a0\u00bb][et_pb_image src=\u00a0\u00bbhttps:\/\/aiserimplants.com\/wp-content\/uploads\/2022\/02\/Aiser_Healing_Abutment_400x500.jpg\u00a0\u00bb alt=\u00a0\u00bbAiser Healing Abutment\u00a0\u00bb title_text=\u00a0\u00bbAiser Healing Abutment\u00a0\u00bb url=\u00a0\u00bb@ET-DC@eyJkeW5hbWljIjp0cnVlLCJjb250ZW50IjoicG9zdF9saW5rX3VybF9wcm9kb3R0byIsInNldHRpbmdzIjp7InBvc3RfaWQiOiIxMzUzIn19@\u00a0\u00bb _builder_version=\u00a0\u00bb4.14.9&Prime; _dynamic_attributes=\u00a0\u00bburl\u00a0\u00bb _module_preset=\u00a0\u00bbfe957858-38b0-45b7-a6a9-0f2846127584&Prime; global_colors_info=\u00a0\u00bb{}\u00a0\u00bb][\/et_pb_image][\/et_pb_column][\/et_pb_row][\/et_pb_section]\n\n","protected":false},"excerpt":{"rendered":"<p>Les composants du syst\u00e8me de liaison conom\u00e9trique AISER sont con\u00e7us pour assurer une performance d&rsquo;int\u00e9gration maximale avec le tissu muqueux&#8230;<\/p>\n","protected":false},"author":1,"featured_media":4047,"parent":4068,"menu_order":2,"comment_status":"closed","ping_status":"closed","template":"","meta":{"_acf_changed":false,"_et_pb_use_builder":"on","_et_pb_old_content":"","_et_gb_content_width":"","footnotes":""},"class_list":["post-4056","page","type-page","status-publish","has-post-thumbnail","hentry"],"acf":[],"yoast_head":"<!-- This site is optimized with the Yoast SEO Premium plugin v25.2 (Yoast SEO v27.4) - https:\/\/yoast.com\/product\/yoast-seo-premium-wordpress\/ -->\n<title>Aiser Conometric Link System - Aiser Implants<\/title>\n<meta name=\"description\" content=\"Les composants du syst\u00e8me de liaison conom\u00e9trique AISER sont con\u00e7us pour assurer une performance d&#039;int\u00e9gration maximale avec le tissu muqueux...\" \/>\n<meta name=\"robots\" content=\"index, follow, max-snippet:-1, max-image-preview:large, max-video-preview:-1\" \/>\n<link rel=\"canonical\" href=\"https:\/\/aiserimplants.com\/fr\/produits\/aiser-conometric-link-system\/\" \/>\n<meta property=\"og:locale\" content=\"fr_FR\" \/>\n<meta property=\"og:type\" content=\"article\" \/>\n<meta property=\"og:title\" content=\"Composants du syst\u00e8me de liaison conom\u00e9trique AISER\" \/>\n<meta property=\"og:description\" content=\"Les composants du syst\u00e8me de liaison conom\u00e9trique AISER sont con\u00e7us pour assurer une performance d&#039;int\u00e9gration maximale avec le tissu muqueux...\" \/>\n<meta property=\"og:url\" content=\"https:\/\/aiserimplants.com\/fr\/produits\/aiser-conometric-link-system\/\" \/>\n<meta property=\"og:site_name\" content=\"Aiser Implants\" \/>\n<meta property=\"article:modified_time\" content=\"2024-01-30T09:26:56+00:00\" \/>\n<meta property=\"og:image\" content=\"https:\/\/aiserimplants.com\/wp-content\/uploads\/2022\/02\/Aiser_Multi-Unit_Abutment-240x300.jpg\" \/>\n<meta name=\"twitter:card\" content=\"summary_large_image\" \/>\n<meta name=\"twitter:title\" content=\"Aiser Conometric Link System\" \/>\n<meta name=\"twitter:label1\" content=\"Dur\u00e9e de lecture estim\u00e9e\" \/>\n\t<meta name=\"twitter:data1\" content=\"3 minutes\" \/>\n<script type=\"application\/ld+json\" class=\"yoast-schema-graph\">{\"@context\":\"https:\\\/\\\/schema.org\",\"@graph\":[{\"@type\":\"WebPage\",\"@id\":\"https:\\\/\\\/aiserimplants.com\\\/fr\\\/produits\\\/aiser-conometric-link-system\\\/\",\"url\":\"https:\\\/\\\/aiserimplants.com\\\/fr\\\/produits\\\/aiser-conometric-link-system\\\/\",\"name\":\"Aiser Conometric Link System - Aiser Implants\",\"isPartOf\":{\"@id\":\"https:\\\/\\\/aiserimplants.com\\\/fr\\\/#website\"},\"primaryImageOfPage\":{\"@id\":\"https:\\\/\\\/aiserimplants.com\\\/fr\\\/produits\\\/aiser-conometric-link-system\\\/#primaryimage\"},\"image\":{\"@id\":\"https:\\\/\\\/aiserimplants.com\\\/fr\\\/produits\\\/aiser-conometric-link-system\\\/#primaryimage\"},\"thumbnailUrl\":\"https:\\\/\\\/aiserimplants.com\\\/wp-content\\\/uploads\\\/2022\\\/02\\\/Aiser_Multi-Unit_Abutment.jpg\",\"datePublished\":\"2022-04-19T09:50:08+00:00\",\"dateModified\":\"2024-01-30T09:26:56+00:00\",\"description\":\"Les composants du syst\u00e8me de liaison conom\u00e9trique AISER sont con\u00e7us pour assurer une performance d'int\u00e9gration maximale avec le tissu muqueux...\",\"breadcrumb\":{\"@id\":\"https:\\\/\\\/aiserimplants.com\\\/fr\\\/produits\\\/aiser-conometric-link-system\\\/#breadcrumb\"},\"inLanguage\":\"fr-FR\",\"potentialAction\":[{\"@type\":\"ReadAction\",\"target\":[\"https:\\\/\\\/aiserimplants.com\\\/fr\\\/produits\\\/aiser-conometric-link-system\\\/\"]}]},{\"@type\":\"ImageObject\",\"inLanguage\":\"fr-FR\",\"@id\":\"https:\\\/\\\/aiserimplants.com\\\/fr\\\/produits\\\/aiser-conometric-link-system\\\/#primaryimage\",\"url\":\"https:\\\/\\\/aiserimplants.com\\\/wp-content\\\/uploads\\\/2022\\\/02\\\/Aiser_Multi-Unit_Abutment.jpg\",\"contentUrl\":\"https:\\\/\\\/aiserimplants.com\\\/wp-content\\\/uploads\\\/2022\\\/02\\\/Aiser_Multi-Unit_Abutment.jpg\",\"width\":400,\"height\":500},{\"@type\":\"BreadcrumbList\",\"@id\":\"https:\\\/\\\/aiserimplants.com\\\/fr\\\/produits\\\/aiser-conometric-link-system\\\/#breadcrumb\",\"itemListElement\":[{\"@type\":\"ListItem\",\"position\":1,\"name\":\"Home\",\"item\":\"https:\\\/\\\/aiserimplants.com\\\/fr\\\/home\\\/\"},{\"@type\":\"ListItem\",\"position\":2,\"name\":\"Produits\",\"item\":\"https:\\\/\\\/aiserimplants.com\\\/fr\\\/produits\\\/\"},{\"@type\":\"ListItem\",\"position\":3,\"name\":\"Aiser Conometric Link System\"}]},{\"@type\":\"WebSite\",\"@id\":\"https:\\\/\\\/aiserimplants.com\\\/fr\\\/#website\",\"url\":\"https:\\\/\\\/aiserimplants.com\\\/fr\\\/\",\"name\":\"Aiser Implants\",\"description\":\"Swiss Quality at its Peak\",\"publisher\":{\"@id\":\"https:\\\/\\\/aiserimplants.com\\\/fr\\\/#organization\"},\"potentialAction\":[{\"@type\":\"SearchAction\",\"target\":{\"@type\":\"EntryPoint\",\"urlTemplate\":\"https:\\\/\\\/aiserimplants.com\\\/fr\\\/?s={search_term_string}\"},\"query-input\":{\"@type\":\"PropertyValueSpecification\",\"valueRequired\":true,\"valueName\":\"search_term_string\"}}],\"inLanguage\":\"fr-FR\"},{\"@type\":[\"Organization\",\"Place\"],\"@id\":\"https:\\\/\\\/aiserimplants.com\\\/fr\\\/#organization\",\"name\":\"Aiser\",\"url\":\"https:\\\/\\\/aiserimplants.com\\\/fr\\\/\",\"logo\":{\"@id\":\"https:\\\/\\\/aiserimplants.com\\\/fr\\\/produits\\\/aiser-conometric-link-system\\\/#local-main-organization-logo\"},\"image\":{\"@id\":\"https:\\\/\\\/aiserimplants.com\\\/fr\\\/produits\\\/aiser-conometric-link-system\\\/#local-main-organization-logo\"},\"telephone\":[],\"openingHoursSpecification\":[{\"@type\":\"OpeningHoursSpecification\",\"dayOfWeek\":[\"Monday\",\"Tuesday\",\"Wednesday\",\"Thursday\",\"Friday\",\"Saturday\",\"Sunday\"],\"opens\":\"09:00\",\"closes\":\"17:00\"}]},{\"@type\":\"ImageObject\",\"inLanguage\":\"fr-FR\",\"@id\":\"https:\\\/\\\/aiserimplants.com\\\/fr\\\/produits\\\/aiser-conometric-link-system\\\/#local-main-organization-logo\",\"url\":\"https:\\\/\\\/aiserimplants.com\\\/wp-content\\\/uploads\\\/2022\\\/02\\\/AISER_logo.jpg\",\"contentUrl\":\"https:\\\/\\\/aiserimplants.com\\\/wp-content\\\/uploads\\\/2022\\\/02\\\/AISER_logo.jpg\",\"width\":1806,\"height\":1082,\"caption\":\"Aiser\"}]}<\/script>\n<!-- \/ Yoast SEO Premium plugin. -->","yoast_head_json":{"title":"Aiser Conometric Link System - Aiser Implants","description":"Les composants du syst\u00e8me de liaison conom\u00e9trique AISER sont con\u00e7us pour assurer une performance d'int\u00e9gration maximale avec le tissu muqueux...","robots":{"index":"index","follow":"follow","max-snippet":"max-snippet:-1","max-image-preview":"max-image-preview:large","max-video-preview":"max-video-preview:-1"},"canonical":"https:\/\/aiserimplants.com\/fr\/produits\/aiser-conometric-link-system\/","og_locale":"fr_FR","og_type":"article","og_title":"Composants du syst\u00e8me de liaison conom\u00e9trique AISER","og_description":"Les composants du syst\u00e8me de liaison conom\u00e9trique AISER sont con\u00e7us pour assurer une performance d'int\u00e9gration maximale avec le tissu muqueux...","og_url":"https:\/\/aiserimplants.com\/fr\/produits\/aiser-conometric-link-system\/","og_site_name":"Aiser Implants","article_modified_time":"2024-01-30T09:26:56+00:00","og_image":[{"url":"https:\/\/aiserimplants.com\/wp-content\/uploads\/2022\/02\/Aiser_Multi-Unit_Abutment-240x300.jpg","type":"","width":"","height":""}],"twitter_card":"summary_large_image","twitter_title":"Aiser Conometric Link System","twitter_misc":{"Dur\u00e9e de lecture estim\u00e9e":"3 minutes"},"schema":{"@context":"https:\/\/schema.org","@graph":[{"@type":"WebPage","@id":"https:\/\/aiserimplants.com\/fr\/produits\/aiser-conometric-link-system\/","url":"https:\/\/aiserimplants.com\/fr\/produits\/aiser-conometric-link-system\/","name":"Aiser Conometric Link System - Aiser Implants","isPartOf":{"@id":"https:\/\/aiserimplants.com\/fr\/#website"},"primaryImageOfPage":{"@id":"https:\/\/aiserimplants.com\/fr\/produits\/aiser-conometric-link-system\/#primaryimage"},"image":{"@id":"https:\/\/aiserimplants.com\/fr\/produits\/aiser-conometric-link-system\/#primaryimage"},"thumbnailUrl":"https:\/\/aiserimplants.com\/wp-content\/uploads\/2022\/02\/Aiser_Multi-Unit_Abutment.jpg","datePublished":"2022-04-19T09:50:08+00:00","dateModified":"2024-01-30T09:26:56+00:00","description":"Les composants du syst\u00e8me de liaison conom\u00e9trique AISER sont con\u00e7us pour assurer une performance d'int\u00e9gration maximale avec le tissu muqueux...","breadcrumb":{"@id":"https:\/\/aiserimplants.com\/fr\/produits\/aiser-conometric-link-system\/#breadcrumb"},"inLanguage":"fr-FR","potentialAction":[{"@type":"ReadAction","target":["https:\/\/aiserimplants.com\/fr\/produits\/aiser-conometric-link-system\/"]}]},{"@type":"ImageObject","inLanguage":"fr-FR","@id":"https:\/\/aiserimplants.com\/fr\/produits\/aiser-conometric-link-system\/#primaryimage","url":"https:\/\/aiserimplants.com\/wp-content\/uploads\/2022\/02\/Aiser_Multi-Unit_Abutment.jpg","contentUrl":"https:\/\/aiserimplants.com\/wp-content\/uploads\/2022\/02\/Aiser_Multi-Unit_Abutment.jpg","width":400,"height":500},{"@type":"BreadcrumbList","@id":"https:\/\/aiserimplants.com\/fr\/produits\/aiser-conometric-link-system\/#breadcrumb","itemListElement":[{"@type":"ListItem","position":1,"name":"Home","item":"https:\/\/aiserimplants.com\/fr\/home\/"},{"@type":"ListItem","position":2,"name":"Produits","item":"https:\/\/aiserimplants.com\/fr\/produits\/"},{"@type":"ListItem","position":3,"name":"Aiser Conometric Link System"}]},{"@type":"WebSite","@id":"https:\/\/aiserimplants.com\/fr\/#website","url":"https:\/\/aiserimplants.com\/fr\/","name":"Aiser Implants","description":"Swiss Quality at its Peak","publisher":{"@id":"https:\/\/aiserimplants.com\/fr\/#organization"},"potentialAction":[{"@type":"SearchAction","target":{"@type":"EntryPoint","urlTemplate":"https:\/\/aiserimplants.com\/fr\/?s={search_term_string}"},"query-input":{"@type":"PropertyValueSpecification","valueRequired":true,"valueName":"search_term_string"}}],"inLanguage":"fr-FR"},{"@type":["Organization","Place"],"@id":"https:\/\/aiserimplants.com\/fr\/#organization","name":"Aiser","url":"https:\/\/aiserimplants.com\/fr\/","logo":{"@id":"https:\/\/aiserimplants.com\/fr\/produits\/aiser-conometric-link-system\/#local-main-organization-logo"},"image":{"@id":"https:\/\/aiserimplants.com\/fr\/produits\/aiser-conometric-link-system\/#local-main-organization-logo"},"telephone":[],"openingHoursSpecification":[{"@type":"OpeningHoursSpecification","dayOfWeek":["Monday","Tuesday","Wednesday","Thursday","Friday","Saturday","Sunday"],"opens":"09:00","closes":"17:00"}]},{"@type":"ImageObject","inLanguage":"fr-FR","@id":"https:\/\/aiserimplants.com\/fr\/produits\/aiser-conometric-link-system\/#local-main-organization-logo","url":"https:\/\/aiserimplants.com\/wp-content\/uploads\/2022\/02\/AISER_logo.jpg","contentUrl":"https:\/\/aiserimplants.com\/wp-content\/uploads\/2022\/02\/AISER_logo.jpg","width":1806,"height":1082,"caption":"Aiser"}]}},"_links":{"self":[{"href":"https:\/\/aiserimplants.com\/fr\/wp-json\/wp\/v2\/pages\/4056","targetHints":{"allow":["GET"]}}],"collection":[{"href":"https:\/\/aiserimplants.com\/fr\/wp-json\/wp\/v2\/pages"}],"about":[{"href":"https:\/\/aiserimplants.com\/fr\/wp-json\/wp\/v2\/types\/page"}],"author":[{"embeddable":true,"href":"https:\/\/aiserimplants.com\/fr\/wp-json\/wp\/v2\/users\/1"}],"replies":[{"embeddable":true,"href":"https:\/\/aiserimplants.com\/fr\/wp-json\/wp\/v2\/comments?post=4056"}],"version-history":[{"count":3,"href":"https:\/\/aiserimplants.com\/fr\/wp-json\/wp\/v2\/pages\/4056\/revisions"}],"predecessor-version":[{"id":5688,"href":"https:\/\/aiserimplants.com\/fr\/wp-json\/wp\/v2\/pages\/4056\/revisions\/5688"}],"up":[{"embeddable":true,"href":"https:\/\/aiserimplants.com\/fr\/wp-json\/wp\/v2\/pages\/4068"}],"wp:featuredmedia":[{"embeddable":true,"href":"https:\/\/aiserimplants.com\/fr\/wp-json\/wp\/v2\/media\/4047"}],"wp:attachment":[{"href":"https:\/\/aiserimplants.com\/fr\/wp-json\/wp\/v2\/media?parent=4056"}],"curies":[{"name":"wp","href":"https:\/\/api.w.org\/{rel}","templated":true}]}}