{"id":4062,"date":"2022-04-19T12:19:59","date_gmt":"2022-04-19T10:19:59","guid":{"rendered":"https:\/\/aiserimplants.com\/garantie-a-vie\/"},"modified":"2022-04-28T16:03:19","modified_gmt":"2022-04-28T14:03:19","slug":"garantie-a-vie","status":"publish","type":"page","link":"https:\/\/aiserimplants.com\/fr\/garantie-a-vie\/","title":{"rendered":"Garantie \u00e0 vie"},"content":{"rendered":"<p>[et_pb_section fb_built=\u00a0\u00bb1&Prime; fullwidth=\u00a0\u00bbon\u00a0\u00bb _builder_version=\u00a0\u00bb4.14.7&Prime; _module_preset=\u00a0\u00bbdefault\u00a0\u00bb background_color=\u00a0\u00bb#000000&Prime; global_colors_info=\u00a0\u00bb{}\u00a0\u00bb][et_pb_fullwidth_header title=\u00a0\u00bbUnique Traceability Document\u00a0\u00bb subhead=\u00a0\u00bbLa tra\u00e7abilit\u00e9 de la chaine de production jusqu&rsquo;au client final\u00a0\u00bb _builder_version=\u00a0\u00bb4.14.7&Prime; _module_preset=\u00a0\u00bb5d2311d1-d0df-49c3-8a3a-d366a118df72&Prime; background_enable_color=\u00a0\u00bboff\u00a0\u00bb background_image=\u00a0\u00bbhttps:\/\/aiserimplants.com\/wp-content\/uploads\/2022\/02\/travel-landscape-01.jpg\u00a0\u00bb global_colors_info=\u00a0\u00bb{}\u00a0\u00bb][\/et_pb_fullwidth_header][\/et_pb_section][et_pb_section fb_built=\u00a0\u00bb1&Prime; _builder_version=\u00a0\u00bb4.14.9&Prime; _module_preset=\u00a0\u00bbdefault\u00a0\u00bb background_color=\u00a0\u00bb#000000&Prime; custom_padding=\u00a0\u00bb0px||0px|||\u00a0\u00bb global_colors_info=\u00a0\u00bb{}\u00a0\u00bb][\/et_pb_section][et_pb_section fb_built=\u00a0\u00bb1&Prime; _builder_version=\u00a0\u00bb4.14.7&Prime; _module_preset=\u00a0\u00bbfa16af20-4da1-42b8-87c8-dab7c09ce721&Prime; global_colors_info=\u00a0\u00bb{}\u00a0\u00bb][et_pb_row _builder_version=\u00a0\u00bb4.14.7&Prime; _module_preset=\u00a0\u00bbdefault\u00a0\u00bb global_colors_info=\u00a0\u00bb{}\u00a0\u00bb][et_pb_column type=\u00a0\u00bb4_4&Prime; _builder_version=\u00a0\u00bb4.14.7&Prime; _module_preset=\u00a0\u00bbdefault\u00a0\u00bb global_colors_info=\u00a0\u00bb{}\u00a0\u00bb][et_pb_text _builder_version=\u00a0\u00bb4.14.9&Prime; _module_preset=\u00a0\u00bbac6eaaff-bd72-4c1b-8d86-322f7edf5272&Prime; background_layout=\u00a0\u00bbdark\u00a0\u00bb global_colors_info=\u00a0\u00bb{}\u00a0\u00bb]<\/p>\n<h3>Tous les produits AISER sont <span style=\"color: #0c71c3;\"><strong>garantis \u00e0 vie contre tout d\u00e9faut de fabrication<\/strong><\/span>.<\/h3>\n<p>&nbsp;<\/p>\n<p style=\"text-align: center;\">Gr\u00e2ce \u00e0 l&rsquo;UTD (Unique Traceability Document), <strong>nous contr\u00f4lons le produit tout au long de sa transformation<\/strong> et distribution, jusqu&rsquo;au client final.<\/p>\n<p><strong><\/strong><\/p>\n<p style=\"text-align: center;\"><strong>Les contr\u00f4les qualit\u00e9 que nous effectuons sur nos produits sont parmi les plus rigoureux du secteur<\/strong>, allant des v\u00e9rifications dimensionnelles \u00e0 l&rsquo;aide d&rsquo;\u00e9quipements laser aux analyses chimiques et topographiques avec technologie MEB\/EDS.<\/p>\n<p><span style=\"font-weight: 400;\"><\/span><\/p>\n<p style=\"text-align: center;\"><span style=\"font-weight: 400;\">Une tra\u00e7abilit\u00e9 compl\u00e8te et des contr\u00f4les qualit\u00e9 syst\u00e9matiques permettent \u00e0 <strong>AISER de garantir \u00e0 vie<\/strong> tous ses produits.<\/span><\/p>\n<p>[\/et_pb_text][\/et_pb_column][\/et_pb_row][\/et_pb_section][et_pb_section fb_built=\u00a0\u00bb1&Prime; _builder_version=\u00a0\u00bb4.14.9&Prime; _module_preset=\u00a0\u00bbdefault\u00a0\u00bb background_color=\u00a0\u00bb#000000&Prime; global_colors_info=\u00a0\u00bb{}\u00a0\u00bb][\/et_pb_section]<\/p>\n","protected":false},"excerpt":{"rendered":"<p>Tous les produits AISER sont garantis \u00e0 vie contre tout d\u00e9faut de fabrication. &nbsp; Gr\u00e2ce \u00e0 l&rsquo;UTD (Unique Traceability Document), nous contr\u00f4lons le produit tout au long de sa transformation et distribution, jusqu&rsquo;au client final. Les contr\u00f4les qualit\u00e9 que nous effectuons sur nos produits sont parmi les plus rigoureux du secteur, allant des v\u00e9rifications dimensionnelles [&hellip;]<\/p>\n","protected":false},"author":2,"featured_media":0,"parent":0,"menu_order":0,"comment_status":"closed","ping_status":"closed","template":"","meta":{"_acf_changed":false,"_et_pb_use_builder":"on","_et_pb_old_content":"","_et_gb_content_width":"","footnotes":""},"class_list":["post-4062","page","type-page","status-publish","hentry"],"acf":[],"yoast_head":"<!-- This site is optimized with the Yoast SEO Premium plugin v25.2 (Yoast SEO v27.1) - https:\/\/yoast.com\/product\/yoast-seo-premium-wordpress\/ -->\n<title>Garantie \u00e0 vie - Aiser Implants<\/title>\n<meta name=\"robots\" content=\"index, follow, max-snippet:-1, max-image-preview:large, max-video-preview:-1\" \/>\n<link rel=\"canonical\" href=\"https:\/\/aiserimplants.com\/fr\/garantie-a-vie\/\" \/>\n<meta property=\"og:locale\" content=\"fr_FR\" \/>\n<meta property=\"og:type\" content=\"article\" \/>\n<meta property=\"og:title\" content=\"Garantie \u00e0 vie\" \/>\n<meta property=\"og:description\" content=\"Tous les produits AISER sont garantis \u00e0 vie contre tout d\u00e9faut de fabrication. &nbsp; Gr\u00e2ce \u00e0 l&#039;UTD (Unique Traceability Document), nous contr\u00f4lons le produit tout au long de sa transformation et distribution, jusqu&#039;au client final. Les contr\u00f4les qualit\u00e9 que nous effectuons sur nos produits sont parmi les plus rigoureux du secteur, allant des v\u00e9rifications dimensionnelles [&hellip;]\" \/>\n<meta property=\"og:url\" content=\"https:\/\/aiserimplants.com\/fr\/garantie-a-vie\/\" \/>\n<meta property=\"og:site_name\" content=\"Aiser Implants\" \/>\n<meta property=\"article:modified_time\" content=\"2022-04-28T14:03:19+00:00\" \/>\n<meta name=\"twitter:card\" content=\"summary_large_image\" \/>\n<meta name=\"twitter:label1\" content=\"Dur\u00e9e de lecture estim\u00e9e\" \/>\n\t<meta name=\"twitter:data1\" content=\"1 minute\" \/>\n<script type=\"application\/ld+json\" class=\"yoast-schema-graph\">{\"@context\":\"https:\/\/schema.org\",\"@graph\":[{\"@type\":\"WebPage\",\"@id\":\"https:\/\/aiserimplants.com\/fr\/garantie-a-vie\/\",\"url\":\"https:\/\/aiserimplants.com\/fr\/garantie-a-vie\/\",\"name\":\"Garantie \u00e0 vie - Aiser Implants\",\"isPartOf\":{\"@id\":\"https:\/\/aiserimplants.com\/fr\/#website\"},\"datePublished\":\"2022-04-19T10:19:59+00:00\",\"dateModified\":\"2022-04-28T14:03:19+00:00\",\"breadcrumb\":{\"@id\":\"https:\/\/aiserimplants.com\/fr\/garantie-a-vie\/#breadcrumb\"},\"inLanguage\":\"fr-FR\",\"potentialAction\":[{\"@type\":\"ReadAction\",\"target\":[\"https:\/\/aiserimplants.com\/fr\/garantie-a-vie\/\"]}]},{\"@type\":\"BreadcrumbList\",\"@id\":\"https:\/\/aiserimplants.com\/fr\/garantie-a-vie\/#breadcrumb\",\"itemListElement\":[{\"@type\":\"ListItem\",\"position\":1,\"name\":\"Home\",\"item\":\"https:\/\/aiserimplants.com\/fr\/home\/\"},{\"@type\":\"ListItem\",\"position\":2,\"name\":\"Garantie \u00e0 vie\"}]},{\"@type\":\"WebSite\",\"@id\":\"https:\/\/aiserimplants.com\/fr\/#website\",\"url\":\"https:\/\/aiserimplants.com\/fr\/\",\"name\":\"Aiser Implants\",\"description\":\"Swiss Quality at its Peak\",\"publisher\":{\"@id\":\"https:\/\/aiserimplants.com\/fr\/#organization\"},\"potentialAction\":[{\"@type\":\"SearchAction\",\"target\":{\"@type\":\"EntryPoint\",\"urlTemplate\":\"https:\/\/aiserimplants.com\/fr\/?s={search_term_string}\"},\"query-input\":{\"@type\":\"PropertyValueSpecification\",\"valueRequired\":true,\"valueName\":\"search_term_string\"}}],\"inLanguage\":\"fr-FR\"},{\"@type\":[\"Organization\",\"Place\"],\"@id\":\"https:\/\/aiserimplants.com\/fr\/#organization\",\"name\":\"Aiser\",\"url\":\"https:\/\/aiserimplants.com\/fr\/\",\"logo\":{\"@id\":\"https:\/\/aiserimplants.com\/fr\/garantie-a-vie\/#local-main-organization-logo\"},\"image\":{\"@id\":\"https:\/\/aiserimplants.com\/fr\/garantie-a-vie\/#local-main-organization-logo\"},\"telephone\":[],\"openingHoursSpecification\":[{\"@type\":\"OpeningHoursSpecification\",\"dayOfWeek\":[\"Monday\",\"Tuesday\",\"Wednesday\",\"Thursday\",\"Friday\",\"Saturday\",\"Sunday\"],\"opens\":\"09:00\",\"closes\":\"17:00\"}]},{\"@type\":\"ImageObject\",\"inLanguage\":\"fr-FR\",\"@id\":\"https:\/\/aiserimplants.com\/fr\/garantie-a-vie\/#local-main-organization-logo\",\"url\":\"https:\/\/aiserimplants.com\/wp-content\/uploads\/2022\/02\/AISER_logo.jpg\",\"contentUrl\":\"https:\/\/aiserimplants.com\/wp-content\/uploads\/2022\/02\/AISER_logo.jpg\",\"width\":1806,\"height\":1082,\"caption\":\"Aiser\"}]}<\/script>\n<!-- \/ Yoast SEO Premium plugin. -->","yoast_head_json":{"title":"Garantie \u00e0 vie - Aiser Implants","robots":{"index":"index","follow":"follow","max-snippet":"max-snippet:-1","max-image-preview":"max-image-preview:large","max-video-preview":"max-video-preview:-1"},"canonical":"https:\/\/aiserimplants.com\/fr\/garantie-a-vie\/","og_locale":"fr_FR","og_type":"article","og_title":"Garantie \u00e0 vie","og_description":"Tous les produits AISER sont garantis \u00e0 vie contre tout d\u00e9faut de fabrication. &nbsp; Gr\u00e2ce \u00e0 l'UTD (Unique Traceability Document), nous contr\u00f4lons le produit tout au long de sa transformation et distribution, jusqu'au client final. Les contr\u00f4les qualit\u00e9 que nous effectuons sur nos produits sont parmi les plus rigoureux du secteur, allant des v\u00e9rifications dimensionnelles [&hellip;]","og_url":"https:\/\/aiserimplants.com\/fr\/garantie-a-vie\/","og_site_name":"Aiser Implants","article_modified_time":"2022-04-28T14:03:19+00:00","twitter_card":"summary_large_image","twitter_misc":{"Dur\u00e9e de lecture estim\u00e9e":"1 minute"},"schema":{"@context":"https:\/\/schema.org","@graph":[{"@type":"WebPage","@id":"https:\/\/aiserimplants.com\/fr\/garantie-a-vie\/","url":"https:\/\/aiserimplants.com\/fr\/garantie-a-vie\/","name":"Garantie \u00e0 vie - Aiser Implants","isPartOf":{"@id":"https:\/\/aiserimplants.com\/fr\/#website"},"datePublished":"2022-04-19T10:19:59+00:00","dateModified":"2022-04-28T14:03:19+00:00","breadcrumb":{"@id":"https:\/\/aiserimplants.com\/fr\/garantie-a-vie\/#breadcrumb"},"inLanguage":"fr-FR","potentialAction":[{"@type":"ReadAction","target":["https:\/\/aiserimplants.com\/fr\/garantie-a-vie\/"]}]},{"@type":"BreadcrumbList","@id":"https:\/\/aiserimplants.com\/fr\/garantie-a-vie\/#breadcrumb","itemListElement":[{"@type":"ListItem","position":1,"name":"Home","item":"https:\/\/aiserimplants.com\/fr\/home\/"},{"@type":"ListItem","position":2,"name":"Garantie \u00e0 vie"}]},{"@type":"WebSite","@id":"https:\/\/aiserimplants.com\/fr\/#website","url":"https:\/\/aiserimplants.com\/fr\/","name":"Aiser Implants","description":"Swiss Quality at its Peak","publisher":{"@id":"https:\/\/aiserimplants.com\/fr\/#organization"},"potentialAction":[{"@type":"SearchAction","target":{"@type":"EntryPoint","urlTemplate":"https:\/\/aiserimplants.com\/fr\/?s={search_term_string}"},"query-input":{"@type":"PropertyValueSpecification","valueRequired":true,"valueName":"search_term_string"}}],"inLanguage":"fr-FR"},{"@type":["Organization","Place"],"@id":"https:\/\/aiserimplants.com\/fr\/#organization","name":"Aiser","url":"https:\/\/aiserimplants.com\/fr\/","logo":{"@id":"https:\/\/aiserimplants.com\/fr\/garantie-a-vie\/#local-main-organization-logo"},"image":{"@id":"https:\/\/aiserimplants.com\/fr\/garantie-a-vie\/#local-main-organization-logo"},"telephone":[],"openingHoursSpecification":[{"@type":"OpeningHoursSpecification","dayOfWeek":["Monday","Tuesday","Wednesday","Thursday","Friday","Saturday","Sunday"],"opens":"09:00","closes":"17:00"}]},{"@type":"ImageObject","inLanguage":"fr-FR","@id":"https:\/\/aiserimplants.com\/fr\/garantie-a-vie\/#local-main-organization-logo","url":"https:\/\/aiserimplants.com\/wp-content\/uploads\/2022\/02\/AISER_logo.jpg","contentUrl":"https:\/\/aiserimplants.com\/wp-content\/uploads\/2022\/02\/AISER_logo.jpg","width":1806,"height":1082,"caption":"Aiser"}]}},"_links":{"self":[{"href":"https:\/\/aiserimplants.com\/fr\/wp-json\/wp\/v2\/pages\/4062","targetHints":{"allow":["GET"]}}],"collection":[{"href":"https:\/\/aiserimplants.com\/fr\/wp-json\/wp\/v2\/pages"}],"about":[{"href":"https:\/\/aiserimplants.com\/fr\/wp-json\/wp\/v2\/types\/page"}],"author":[{"embeddable":true,"href":"https:\/\/aiserimplants.com\/fr\/wp-json\/wp\/v2\/users\/2"}],"replies":[{"embeddable":true,"href":"https:\/\/aiserimplants.com\/fr\/wp-json\/wp\/v2\/comments?post=4062"}],"version-history":[{"count":5,"href":"https:\/\/aiserimplants.com\/fr\/wp-json\/wp\/v2\/pages\/4062\/revisions"}],"predecessor-version":[{"id":4262,"href":"https:\/\/aiserimplants.com\/fr\/wp-json\/wp\/v2\/pages\/4062\/revisions\/4262"}],"wp:attachment":[{"href":"https:\/\/aiserimplants.com\/fr\/wp-json\/wp\/v2\/media?parent=4062"}],"curies":[{"name":"wp","href":"https:\/\/api.w.org\/{rel}","templated":true}]}}