{"id":4065,"date":"2022-04-19T12:24:23","date_gmt":"2022-04-19T10:24:23","guid":{"rendered":"https:\/\/aiserimplants.com\/qui-sommes-nous\/"},"modified":"2025-05-09T12:39:03","modified_gmt":"2025-05-09T10:39:03","slug":"qui-sommes-nous","status":"publish","type":"page","link":"https:\/\/aiserimplants.com\/fr\/qui-sommes-nous\/","title":{"rendered":"Qui Sommes-Nous?"},"content":{"rendered":"<p>[et_pb_section fb_built=\u00a0\u00bb1&Prime; fullwidth=\u00a0\u00bbon\u00a0\u00bb _builder_version=\u00a0\u00bb4.16&Prime; _module_preset=\u00a0\u00bbef34d6c4-cc44-4fd0-97cf-95aad6d6fb8a\u00a0\u00bb global_colors_info=\u00a0\u00bb{}\u00a0\u00bb][et_pb_fullwidth_header title=\u00a0\u00bbQui sommes-nous?\u00a0\u00bb _builder_version=\u00a0\u00bb4.16&Prime; _module_preset=\u00a0\u00bb5d2311d1-d0df-49c3-8a3a-d366a118df72&Prime; background_enable_color=\u00a0\u00bboff\u00a0\u00bb background_image=\u00a0\u00bbhttps:\/\/aiserimplants.com\/wp-content\/uploads\/2022\/03\/21.png\u00a0\u00bb global_colors_info=\u00a0\u00bb{}\u00a0\u00bb][\/et_pb_fullwidth_header][\/et_pb_section][et_pb_section fb_built=\u00a0\u00bb1&Prime; admin_label=\u00a0\u00bbSezione Sedi\u00a0\u00bb _builder_version=\u00a0\u00bb4.16&Prime; _module_preset=\u00a0\u00bbfa16af20-4da1-42b8-87c8-dab7c09ce721&Prime; custom_padding=\u00a0\u00bb0px||||false|false\u00a0\u00bb global_colors_info=\u00a0\u00bb{}\u00a0\u00bb][et_pb_row _builder_version=\u00a0\u00bb4.16&Prime; _module_preset=\u00a0\u00bbdefault\u00a0\u00bb global_colors_info=\u00a0\u00bb{}\u00a0\u00bb][et_pb_column type=\u00a0\u00bb4_4&Prime; _builder_version=\u00a0\u00bb4.16&Prime; _module_preset=\u00a0\u00bbdefault\u00a0\u00bb global_colors_info=\u00a0\u00bb{}\u00a0\u00bb][et_pb_text _builder_version=\u00a0\u00bb4.23.4&Prime; _module_preset=\u00a0\u00bbdefault\u00a0\u00bb text_font=\u00a0\u00bbMontserrat||||||||\u00a0\u00bb header_2_font=\u00a0\u00bbMontserrat|500|||||||\u00a0\u00bb header_3_font=\u00a0\u00bbMontserrat||||||||\u00a0\u00bb header_3_font_size=\u00a0\u00bb25px\u00a0\u00bb text_orientation=\u00a0\u00bbcenter\u00a0\u00bb custom_padding=\u00a0\u00bb||9px|||\u00a0\u00bb global_colors_info=\u00a0\u00bb{}\u00a0\u00bb]<\/p>\n<h2>AISER est la <strong>marque suisse d&rsquo;implantologie dentaire<\/strong>, o\u00f9 pass\u00e9 et avenir se rencontrent.<\/h2>\n<p>[\/et_pb_text][et_pb_image src=\u00a0\u00bbhttps:\/\/aiserimplants.com\/wp-content\/uploads\/2024\/01\/Aiser-Team-scaled.jpg\u00a0\u00bb title_text=\u00a0\u00bbAiser Team\u00a0\u00bb _builder_version=\u00a0\u00bb4.27.4&Prime; _module_preset=\u00a0\u00bbdefault\u00a0\u00bb hover_enabled=\u00a0\u00bb0&Prime; global_colors_info=\u00a0\u00bb{}\u00a0\u00bb sticky_enabled=\u00a0\u00bb0&Prime;][\/et_pb_image][et_pb_text _builder_version=\u00a0\u00bb4.23.4&Prime; _module_preset=\u00a0\u00bbdefault\u00a0\u00bb text_font=\u00a0\u00bbMontserrat||||||||\u00a0\u00bb header_2_font=\u00a0\u00bbMontserrat|500|||||||\u00a0\u00bb header_3_font=\u00a0\u00bbMontserrat||||||||\u00a0\u00bb header_3_font_size=\u00a0\u00bb25px\u00a0\u00bb text_orientation=\u00a0\u00bbcenter\u00a0\u00bb custom_margin=\u00a0\u00bb46px||||false|false\u00a0\u00bb global_colors_info=\u00a0\u00bb{}\u00a0\u00bb]<\/p>\n<p>Le <strong>pass\u00e9<\/strong> car <strong>AISER<\/strong> a une excellente exp\u00e9rience clinique depuis <strong>2009<\/strong> : nous sommes sur le terrain, nous savons quels sont <strong>les besoins<\/strong> des professionnels.<\/p>\n<p>Notre <strong>objectif<\/strong> est de faciliter la vie des professionnels.<\/p>\n<p><strong>Avenir<\/strong> parce qu&rsquo;<strong>AISER<\/strong> est une passion pour l&rsquo;<strong>innovation<\/strong> : c&rsquo;est ce qui a guid\u00e9 nos recherches dans le d\u00e9veloppement de notre <strong>Syst\u00e8me Implantaire<\/strong> et du traitement de surface <strong>Bionsyn-D<\/strong>.<\/p>\n<p>Notre <strong>objectif<\/strong> est d&rsquo;offrir <strong>le meilleur<\/strong> aux professionnels et aux patients.<\/p>\n<p>[\/et_pb_text][et_pb_text _builder_version=\u00a0\u00bb4.23.4&Prime; _module_preset=\u00a0\u00bbdefault\u00a0\u00bb text_font=\u00a0\u00bbMontserrat||||||||\u00a0\u00bb header_2_font=\u00a0\u00bbMontserrat|500|||||||\u00a0\u00bb header_3_font=\u00a0\u00bbMontserrat||||||||\u00a0\u00bb header_3_font_size=\u00a0\u00bb25px\u00a0\u00bb text_orientation=\u00a0\u00bbcenter\u00a0\u00bb custom_margin=\u00a0\u00bb30px||-74px||false|false\u00a0\u00bb global_colors_info=\u00a0\u00bb{}\u00a0\u00bb][\/et_pb_text][\/et_pb_column][\/et_pb_row][\/et_pb_section][et_pb_section fb_built=\u00a0\u00bb1&Prime; _builder_version=\u00a0\u00bb4.23.4&Prime; _module_preset=\u00a0\u00bbdefault\u00a0\u00bb background_color=\u00a0\u00bb#000000&Prime; custom_margin=\u00a0\u00bb-84px|||||\u00a0\u00bb custom_padding=\u00a0\u00bb||0px|||\u00a0\u00bb global_colors_info=\u00a0\u00bb{}\u00a0\u00bb][et_pb_row _builder_version=\u00a0\u00bb4.16&Prime; _module_preset=\u00a0\u00bbdefault\u00a0\u00bb custom_padding=\u00a0\u00bb43px||10px|||\u00a0\u00bb global_colors_info=\u00a0\u00bb{}\u00a0\u00bb][et_pb_column type=\u00a0\u00bb4_4&Prime; _builder_version=\u00a0\u00bb4.16&Prime; _module_preset=\u00a0\u00bbdefault\u00a0\u00bb global_colors_info=\u00a0\u00bb{}\u00a0\u00bb][et_pb_text _builder_version=\u00a0\u00bb4.16&Prime; _module_preset=\u00a0\u00bbdefault\u00a0\u00bb text_font=\u00a0\u00bbMontserrat||||||||\u00a0\u00bb text_font_size=\u00a0\u00bb14px\u00a0\u00bb text_line_height=\u00a0\u00bb1em\u00a0\u00bb global_colors_info=\u00a0\u00bb{}\u00a0\u00bb]<\/p>\n<p style=\"text-align: center;\">Swiss quality at its Peak<\/p>\n<p>[\/et_pb_text][\/et_pb_column][\/et_pb_row][\/et_pb_section]<\/p>\n","protected":false},"excerpt":{"rendered":"<p>AISER est la marque suisse d&rsquo;implantologie dentaire, o\u00f9 pass\u00e9 et avenir se rencontrent.Le pass\u00e9 car AISER a une excellente exp\u00e9rience clinique depuis 2009 : nous sommes sur le terrain, nous savons quels sont les besoins des professionnels. Notre objectif est de faciliter la vie des professionnels. Avenir parce qu&rsquo;AISER est une passion pour l&rsquo;innovation : [&hellip;]<\/p>\n","protected":false},"author":2,"featured_media":4029,"parent":0,"menu_order":0,"comment_status":"closed","ping_status":"closed","template":"","meta":{"_acf_changed":false,"_et_pb_use_builder":"on","_et_pb_old_content":"","_et_gb_content_width":"","footnotes":""},"class_list":["post-4065","page","type-page","status-publish","has-post-thumbnail","hentry"],"acf":[],"yoast_head":"<!-- This site is optimized with the Yoast SEO Premium plugin v25.2 (Yoast SEO v27.1) - https:\/\/yoast.com\/product\/yoast-seo-premium-wordpress\/ -->\n<title>Qui Sommes-Nous? - Aiser Implants<\/title>\n<meta name=\"description\" content=\"Aiser est la marque suisse pour l&#039;excellence des implants dentaires. Exp\u00e9rience clinique depuis 1999. Traitement exclusif Biosyn-D. Vous d\u00e9couvrez...\" \/>\n<meta name=\"robots\" content=\"index, follow, max-snippet:-1, max-image-preview:large, max-video-preview:-1\" \/>\n<link rel=\"canonical\" href=\"https:\/\/aiserimplants.com\/fr\/qui-sommes-nous\/\" \/>\n<meta property=\"og:locale\" content=\"fr_FR\" \/>\n<meta property=\"og:type\" content=\"article\" \/>\n<meta property=\"og:title\" content=\"Aiser | Excellence pour les implants dentaires\" \/>\n<meta property=\"og:description\" content=\"Aiser est la marque suisse pour l&#039;excellence des implants dentaires. Exp\u00e9rience clinique depuis 1999. Traitement exclusif Biosyn-D. Vous d\u00e9couvrez...\" \/>\n<meta property=\"og:url\" content=\"https:\/\/aiserimplants.com\/fr\/qui-sommes-nous\/\" \/>\n<meta property=\"og:site_name\" content=\"Aiser Implants\" \/>\n<meta property=\"article:modified_time\" content=\"2025-05-09T10:39:03+00:00\" \/>\n<meta property=\"og:image\" content=\"https:\/\/aiserimplants.com\/wp-content\/uploads\/2022\/04\/Aiser-Swiss-1024x478.png\" \/>\n<meta name=\"twitter:card\" content=\"summary_large_image\" \/>\n<meta name=\"twitter:title\" content=\"Qui Sommes-Nous?\" \/>\n<meta name=\"twitter:label1\" content=\"Dur\u00e9e de lecture estim\u00e9e\" \/>\n\t<meta name=\"twitter:data1\" content=\"2 minutes\" \/>\n<script type=\"application\/ld+json\" class=\"yoast-schema-graph\">{\"@context\":\"https:\/\/schema.org\",\"@graph\":[{\"@type\":\"WebPage\",\"@id\":\"https:\/\/aiserimplants.com\/fr\/qui-sommes-nous\/\",\"url\":\"https:\/\/aiserimplants.com\/fr\/qui-sommes-nous\/\",\"name\":\"Qui Sommes-Nous? - Aiser Implants\",\"isPartOf\":{\"@id\":\"https:\/\/aiserimplants.com\/fr\/#website\"},\"primaryImageOfPage\":{\"@id\":\"https:\/\/aiserimplants.com\/fr\/qui-sommes-nous\/#primaryimage\"},\"image\":{\"@id\":\"https:\/\/aiserimplants.com\/fr\/qui-sommes-nous\/#primaryimage\"},\"thumbnailUrl\":\"https:\/\/aiserimplants.com\/wp-content\/uploads\/2022\/04\/Aiser-Swiss.png\",\"datePublished\":\"2022-04-19T10:24:23+00:00\",\"dateModified\":\"2025-05-09T10:39:03+00:00\",\"description\":\"Aiser est la marque suisse pour l'excellence des implants dentaires. Exp\u00e9rience clinique depuis 1999. Traitement exclusif Biosyn-D. Vous d\u00e9couvrez...\",\"breadcrumb\":{\"@id\":\"https:\/\/aiserimplants.com\/fr\/qui-sommes-nous\/#breadcrumb\"},\"inLanguage\":\"fr-FR\",\"potentialAction\":[{\"@type\":\"ReadAction\",\"target\":[\"https:\/\/aiserimplants.com\/fr\/qui-sommes-nous\/\"]}]},{\"@type\":\"ImageObject\",\"inLanguage\":\"fr-FR\",\"@id\":\"https:\/\/aiserimplants.com\/fr\/qui-sommes-nous\/#primaryimage\",\"url\":\"https:\/\/aiserimplants.com\/wp-content\/uploads\/2022\/04\/Aiser-Swiss.png\",\"contentUrl\":\"https:\/\/aiserimplants.com\/wp-content\/uploads\/2022\/04\/Aiser-Swiss.png\",\"width\":1500,\"height\":700},{\"@type\":\"BreadcrumbList\",\"@id\":\"https:\/\/aiserimplants.com\/fr\/qui-sommes-nous\/#breadcrumb\",\"itemListElement\":[{\"@type\":\"ListItem\",\"position\":1,\"name\":\"Home\",\"item\":\"https:\/\/aiserimplants.com\/fr\/home\/\"},{\"@type\":\"ListItem\",\"position\":2,\"name\":\"Qui Sommes-Nous?\"}]},{\"@type\":\"WebSite\",\"@id\":\"https:\/\/aiserimplants.com\/fr\/#website\",\"url\":\"https:\/\/aiserimplants.com\/fr\/\",\"name\":\"Aiser Implants\",\"description\":\"Swiss Quality at its Peak\",\"publisher\":{\"@id\":\"https:\/\/aiserimplants.com\/fr\/#organization\"},\"potentialAction\":[{\"@type\":\"SearchAction\",\"target\":{\"@type\":\"EntryPoint\",\"urlTemplate\":\"https:\/\/aiserimplants.com\/fr\/?s={search_term_string}\"},\"query-input\":{\"@type\":\"PropertyValueSpecification\",\"valueRequired\":true,\"valueName\":\"search_term_string\"}}],\"inLanguage\":\"fr-FR\"},{\"@type\":[\"Organization\",\"Place\"],\"@id\":\"https:\/\/aiserimplants.com\/fr\/#organization\",\"name\":\"Aiser\",\"url\":\"https:\/\/aiserimplants.com\/fr\/\",\"logo\":{\"@id\":\"https:\/\/aiserimplants.com\/fr\/qui-sommes-nous\/#local-main-organization-logo\"},\"image\":{\"@id\":\"https:\/\/aiserimplants.com\/fr\/qui-sommes-nous\/#local-main-organization-logo\"},\"telephone\":[],\"openingHoursSpecification\":[{\"@type\":\"OpeningHoursSpecification\",\"dayOfWeek\":[\"Monday\",\"Tuesday\",\"Wednesday\",\"Thursday\",\"Friday\",\"Saturday\",\"Sunday\"],\"opens\":\"09:00\",\"closes\":\"17:00\"}]},{\"@type\":\"ImageObject\",\"inLanguage\":\"fr-FR\",\"@id\":\"https:\/\/aiserimplants.com\/fr\/qui-sommes-nous\/#local-main-organization-logo\",\"url\":\"https:\/\/aiserimplants.com\/wp-content\/uploads\/2022\/02\/AISER_logo.jpg\",\"contentUrl\":\"https:\/\/aiserimplants.com\/wp-content\/uploads\/2022\/02\/AISER_logo.jpg\",\"width\":1806,\"height\":1082,\"caption\":\"Aiser\"}]}<\/script>\n<!-- \/ Yoast SEO Premium plugin. -->","yoast_head_json":{"title":"Qui Sommes-Nous? - Aiser Implants","description":"Aiser est la marque suisse pour l'excellence des implants dentaires. Exp\u00e9rience clinique depuis 1999. Traitement exclusif Biosyn-D. Vous d\u00e9couvrez...","robots":{"index":"index","follow":"follow","max-snippet":"max-snippet:-1","max-image-preview":"max-image-preview:large","max-video-preview":"max-video-preview:-1"},"canonical":"https:\/\/aiserimplants.com\/fr\/qui-sommes-nous\/","og_locale":"fr_FR","og_type":"article","og_title":"Aiser | Excellence pour les implants dentaires","og_description":"Aiser est la marque suisse pour l'excellence des implants dentaires. Exp\u00e9rience clinique depuis 1999. Traitement exclusif Biosyn-D. Vous d\u00e9couvrez...","og_url":"https:\/\/aiserimplants.com\/fr\/qui-sommes-nous\/","og_site_name":"Aiser Implants","article_modified_time":"2025-05-09T10:39:03+00:00","og_image":[{"url":"https:\/\/aiserimplants.com\/wp-content\/uploads\/2022\/04\/Aiser-Swiss-1024x478.png","type":"","width":"","height":""}],"twitter_card":"summary_large_image","twitter_title":"Qui Sommes-Nous?","twitter_misc":{"Dur\u00e9e de lecture estim\u00e9e":"2 minutes"},"schema":{"@context":"https:\/\/schema.org","@graph":[{"@type":"WebPage","@id":"https:\/\/aiserimplants.com\/fr\/qui-sommes-nous\/","url":"https:\/\/aiserimplants.com\/fr\/qui-sommes-nous\/","name":"Qui Sommes-Nous? - Aiser Implants","isPartOf":{"@id":"https:\/\/aiserimplants.com\/fr\/#website"},"primaryImageOfPage":{"@id":"https:\/\/aiserimplants.com\/fr\/qui-sommes-nous\/#primaryimage"},"image":{"@id":"https:\/\/aiserimplants.com\/fr\/qui-sommes-nous\/#primaryimage"},"thumbnailUrl":"https:\/\/aiserimplants.com\/wp-content\/uploads\/2022\/04\/Aiser-Swiss.png","datePublished":"2022-04-19T10:24:23+00:00","dateModified":"2025-05-09T10:39:03+00:00","description":"Aiser est la marque suisse pour l'excellence des implants dentaires. Exp\u00e9rience clinique depuis 1999. Traitement exclusif Biosyn-D. Vous d\u00e9couvrez...","breadcrumb":{"@id":"https:\/\/aiserimplants.com\/fr\/qui-sommes-nous\/#breadcrumb"},"inLanguage":"fr-FR","potentialAction":[{"@type":"ReadAction","target":["https:\/\/aiserimplants.com\/fr\/qui-sommes-nous\/"]}]},{"@type":"ImageObject","inLanguage":"fr-FR","@id":"https:\/\/aiserimplants.com\/fr\/qui-sommes-nous\/#primaryimage","url":"https:\/\/aiserimplants.com\/wp-content\/uploads\/2022\/04\/Aiser-Swiss.png","contentUrl":"https:\/\/aiserimplants.com\/wp-content\/uploads\/2022\/04\/Aiser-Swiss.png","width":1500,"height":700},{"@type":"BreadcrumbList","@id":"https:\/\/aiserimplants.com\/fr\/qui-sommes-nous\/#breadcrumb","itemListElement":[{"@type":"ListItem","position":1,"name":"Home","item":"https:\/\/aiserimplants.com\/fr\/home\/"},{"@type":"ListItem","position":2,"name":"Qui Sommes-Nous?"}]},{"@type":"WebSite","@id":"https:\/\/aiserimplants.com\/fr\/#website","url":"https:\/\/aiserimplants.com\/fr\/","name":"Aiser Implants","description":"Swiss Quality at its Peak","publisher":{"@id":"https:\/\/aiserimplants.com\/fr\/#organization"},"potentialAction":[{"@type":"SearchAction","target":{"@type":"EntryPoint","urlTemplate":"https:\/\/aiserimplants.com\/fr\/?s={search_term_string}"},"query-input":{"@type":"PropertyValueSpecification","valueRequired":true,"valueName":"search_term_string"}}],"inLanguage":"fr-FR"},{"@type":["Organization","Place"],"@id":"https:\/\/aiserimplants.com\/fr\/#organization","name":"Aiser","url":"https:\/\/aiserimplants.com\/fr\/","logo":{"@id":"https:\/\/aiserimplants.com\/fr\/qui-sommes-nous\/#local-main-organization-logo"},"image":{"@id":"https:\/\/aiserimplants.com\/fr\/qui-sommes-nous\/#local-main-organization-logo"},"telephone":[],"openingHoursSpecification":[{"@type":"OpeningHoursSpecification","dayOfWeek":["Monday","Tuesday","Wednesday","Thursday","Friday","Saturday","Sunday"],"opens":"09:00","closes":"17:00"}]},{"@type":"ImageObject","inLanguage":"fr-FR","@id":"https:\/\/aiserimplants.com\/fr\/qui-sommes-nous\/#local-main-organization-logo","url":"https:\/\/aiserimplants.com\/wp-content\/uploads\/2022\/02\/AISER_logo.jpg","contentUrl":"https:\/\/aiserimplants.com\/wp-content\/uploads\/2022\/02\/AISER_logo.jpg","width":1806,"height":1082,"caption":"Aiser"}]}},"_links":{"self":[{"href":"https:\/\/aiserimplants.com\/fr\/wp-json\/wp\/v2\/pages\/4065","targetHints":{"allow":["GET"]}}],"collection":[{"href":"https:\/\/aiserimplants.com\/fr\/wp-json\/wp\/v2\/pages"}],"about":[{"href":"https:\/\/aiserimplants.com\/fr\/wp-json\/wp\/v2\/types\/page"}],"author":[{"embeddable":true,"href":"https:\/\/aiserimplants.com\/fr\/wp-json\/wp\/v2\/users\/2"}],"replies":[{"embeddable":true,"href":"https:\/\/aiserimplants.com\/fr\/wp-json\/wp\/v2\/comments?post=4065"}],"version-history":[{"count":18,"href":"https:\/\/aiserimplants.com\/fr\/wp-json\/wp\/v2\/pages\/4065\/revisions"}],"predecessor-version":[{"id":7049,"href":"https:\/\/aiserimplants.com\/fr\/wp-json\/wp\/v2\/pages\/4065\/revisions\/7049"}],"wp:featuredmedia":[{"embeddable":true,"href":"https:\/\/aiserimplants.com\/fr\/wp-json\/wp\/v2\/media\/4029"}],"wp:attachment":[{"href":"https:\/\/aiserimplants.com\/fr\/wp-json\/wp\/v2\/media?parent=4065"}],"curies":[{"name":"wp","href":"https:\/\/api.w.org\/{rel}","templated":true}]}}