{"id":4068,"date":"2022-04-19T12:25:50","date_gmt":"2022-04-19T10:25:50","guid":{"rendered":"https:\/\/aiserimplants.com\/produits\/"},"modified":"2022-12-30T09:49:51","modified_gmt":"2022-12-30T08:49:51","slug":"produits","status":"publish","type":"page","link":"https:\/\/aiserimplants.com\/fr\/produits\/","title":{"rendered":"Produits"},"content":{"rendered":"\n[et_pb_section fb_built=\u00a0\u00bb1&Prime; fullwidth=\u00a0\u00bbon\u00a0\u00bb _builder_version=\u00a0\u00bb4.14.7&Prime; _module_preset=\u00a0\u00bbdefault\u00a0\u00bb background_color=\u00a0\u00bb#000000&Prime; global_colors_info=\u00a0\u00bb{}\u00a0\u00bb][et_pb_fullwidth_header title=\u00a0\u00bbProduits\u00a0\u00bb subhead=\u00a0\u00bbTous les produits AISER sont garantis \u00e0 vie contre tout d\u00e9faut de fabrication.\u00a0\u00bb _builder_version=\u00a0\u00bb4.14.7&Prime; _module_preset=\u00a0\u00bb5d2311d1-d0df-49c3-8a3a-d366a118df72&Prime; background_image=\u00a0\u00bbhttps:\/\/aiserimplants.com\/wp-content\/uploads\/2022\/03\/7.png\u00a0\u00bb global_colors_info=\u00a0\u00bb{}\u00a0\u00bb][\/et_pb_fullwidth_header][\/et_pb_section][et_pb_section fb_built=\u00a0\u00bb1&Prime; _builder_version=\u00a0\u00bb4.14.7&Prime; _module_preset=\u00a0\u00bbfa16af20-4da1-42b8-87c8-dab7c09ce721&Prime; global_colors_info=\u00a0\u00bb{}\u00a0\u00bb][et_pb_row _builder_version=\u00a0\u00bb4.14.2&Prime; _module_preset=\u00a0\u00bbdefault\u00a0\u00bb global_colors_info=\u00a0\u00bb{}\u00a0\u00bb][et_pb_column type=\u00a0\u00bb4_4&Prime; _builder_version=\u00a0\u00bb4.14.2&Prime; _module_preset=\u00a0\u00bbdefault\u00a0\u00bb global_colors_info=\u00a0\u00bb{}\u00a0\u00bb][et_pb_text _builder_version=\u00a0\u00bb4.14.4&Prime; _module_preset=\u00a0\u00bbdefault\u00a0\u00bb global_colors_info=\u00a0\u00bb{}\u00a0\u00bb]<p>Gr\u00e2ce \u00e0 l&rsquo;<strong>UTD<\/strong> (<em>Unique Traceability Document<\/em>), nous contr\u00f4lons le produit tout au long de sa transformation et distribution, jusqu&rsquo;au client final.<\/p>\n<p>Les contr\u00f4les Qualit\u00e9 que nous effectuons sur nos produits sont parmi les plus rigoureux du secteur, allant des v\u00e9rifications dimensionnelles \u00e0 l&rsquo;aide d&rsquo;\u00e9quipements laser aux analyses chimiques et topographiques avec technologie <strong>SEM\/EDS<\/strong>.<\/p>\n<p>La tra\u00e7abilit\u00e9 compl\u00e8te et les contr\u00f4les qualit\u00e9 syst\u00e9matiques sont les deux facteurs cl\u00e9s qui permettent \u00e0 <strong>AISER<\/strong> de garantir <strong>\u00e0 vie<\/strong> tous ses produits.<\/p>[\/et_pb_text][\/et_pb_column][\/et_pb_row][et_pb_row column_structure=\u00a0\u00bb1_3,1_3,1_3&Prime; _builder_version=\u00a0\u00bb4.14.2&Prime; _module_preset=\u00a0\u00bbdefault\u00a0\u00bb global_colors_info=\u00a0\u00bb{}\u00a0\u00bb][et_pb_column type=\u00a0\u00bb1_3&Prime; _builder_version=\u00a0\u00bb4.14.2&Prime; _module_preset=\u00a0\u00bbdefault\u00a0\u00bb global_colors_info=\u00a0\u00bb{}\u00a0\u00bb][et_pb_blurb title=\u00a0\u00bb Implant System\u00a0\u00bb url=\u00a0\u00bb@ET-DC@eyJkeW5hbWljIjp0cnVlLCJjb250ZW50IjoicG9zdF9saW5rX3VybF9wYWdlIiwic2V0dGluZ3MiOnsicG9zdF9pZCI6IjEyMTIifX0=@\u00a0\u00bb image=\u00a0\u00bbhttps:\/\/aiserimplants.com\/wp-content\/uploads\/2021\/12\/Aiser-Implant-System-2.jpg\u00a0\u00bb _builder_version=\u00a0\u00bb4.14.7&Prime; _dynamic_attributes=\u00a0\u00bburl,link_option_url\u00a0\u00bb _module_preset=\u00a0\u00bb9320ff63-0a49-4de8-b696-909db438f59f\u00a0\u00bb header_font=\u00a0\u00bbMontserrat||||||||\u00a0\u00bb background_color=\u00a0\u00bbRGBA(255,255,255,0)\u00a0\u00bb link_option_url=\u00a0\u00bb@ET-DC@eyJkeW5hbWljIjp0cnVlLCJjb250ZW50IjoicG9zdF9saW5rX3VybF9wYWdlIiwic2V0dGluZ3MiOnsicG9zdF9pZCI6IjEyMTIifX0=@\u00a0\u00bb global_colors_info=\u00a0\u00bb{}\u00a0\u00bb][\/et_pb_blurb][\/et_pb_column][et_pb_column type=\u00a0\u00bb1_3&Prime; _builder_version=\u00a0\u00bb4.14.2&Prime; _module_preset=\u00a0\u00bbdefault\u00a0\u00bb global_colors_info=\u00a0\u00bb{}\u00a0\u00bb][et_pb_blurb title=\u00a0\u00bbConometric Link System\u00a0\u00bb image=\u00a0\u00bbhttps:\/\/aiserimplants.com\/wp-content\/uploads\/2021\/12\/Aiser-Conometric-Link-System.jpg\u00a0\u00bb _builder_version=\u00a0\u00bb4.14.7&Prime; _dynamic_attributes=\u00a0\u00bblink_option_url\u00a0\u00bb _module_preset=\u00a0\u00bb9320ff63-0a49-4de8-b696-909db438f59f\u00a0\u00bb header_font=\u00a0\u00bbMontserrat||||||||\u00a0\u00bb background_layout=\u00a0\u00bbdark\u00a0\u00bb link_option_url=\u00a0\u00bb@ET-DC@eyJkeW5hbWljIjp0cnVlLCJjb250ZW50IjoicG9zdF9saW5rX3VybF9wYWdlIiwic2V0dGluZ3MiOnsicG9zdF9pZCI6IjEzMTcifX0=@\u00a0\u00bb global_colors_info=\u00a0\u00bb{}\u00a0\u00bb][\/et_pb_blurb][\/et_pb_column][et_pb_column type=\u00a0\u00bb1_3&Prime; _builder_version=\u00a0\u00bb4.14.2&Prime; _module_preset=\u00a0\u00bbdefault\u00a0\u00bb global_colors_info=\u00a0\u00bb{}\u00a0\u00bb][et_pb_blurb title=\u00a0\u00bb Impression Materials\u00a0\u00bb image=\u00a0\u00bbhttps:\/\/aiserimplants.com\/wp-content\/uploads\/2021\/12\/Aiser-Impression-Materials.jpg\u00a0\u00bb _builder_version=\u00a0\u00bb4.14.7&Prime; _dynamic_attributes=\u00a0\u00bblink_option_url\u00a0\u00bb _module_preset=\u00a0\u00bb9320ff63-0a49-4de8-b696-909db438f59f\u00a0\u00bb header_font=\u00a0\u00bbMontserrat||||||||\u00a0\u00bb background_layout=\u00a0\u00bbdark\u00a0\u00bb link_option_url=\u00a0\u00bb@ET-DC@eyJkeW5hbWljIjp0cnVlLCJjb250ZW50IjoicG9zdF9saW5rX3VybF9wYWdlIiwic2V0dGluZ3MiOnsicG9zdF9pZCI6IjE3ODUifX0=@\u00a0\u00bb global_colors_info=\u00a0\u00bb{}\u00a0\u00bb][\/et_pb_blurb][\/et_pb_column][\/et_pb_row][et_pb_row _builder_version=\u00a0\u00bb4.14.9&Prime; _module_preset=\u00a0\u00bbdefault\u00a0\u00bb hover_enabled=\u00a0\u00bb0&Prime; global_colors_info=\u00a0\u00bb{}\u00a0\u00bb custom_margin=\u00a0\u00bb50px||||false|false\u00a0\u00bb sticky_enabled=\u00a0\u00bb0&Prime;][et_pb_column type=\u00a0\u00bb4_4&Prime; _builder_version=\u00a0\u00bb4.14.2&Prime; _module_preset=\u00a0\u00bbdefault\u00a0\u00bb global_colors_info=\u00a0\u00bb{}\u00a0\u00bb][et_pb_blurb title=\u00a0\u00bbSurgical Kit\u00a0\u00bb image=\u00a0\u00bbhttps:\/\/aiserimplants.com\/wp-content\/uploads\/2022\/03\/Aiser_Surgical_Kit_1300x400.jpg\u00a0\u00bb alt=\u00a0\u00bbAiser Surgical Kit\u00a0\u00bb _builder_version=\u00a0\u00bb4.14.9&Prime; _dynamic_attributes=\u00a0\u00bblink_option_url\u00a0\u00bb _module_preset=\u00a0\u00bb9320ff63-0a49-4de8-b696-909db438f59f\u00a0\u00bb header_font=\u00a0\u00bbMontserrat||||||||\u00a0\u00bb background_layout=\u00a0\u00bbdark\u00a0\u00bb link_option_url=\u00a0\u00bb@ET-DC@eyJkeW5hbWljIjp0cnVlLCJjb250ZW50IjoicG9zdF9saW5rX3VybF9wcm9kb3R0byIsInNldHRpbmdzIjp7InBvc3RfaWQiOiIyMDU1In19@\u00a0\u00bb global_colors_info=\u00a0\u00bb{}\u00a0\u00bb][\/et_pb_blurb][\/et_pb_column][\/et_pb_row][\/et_pb_section]\n","protected":false},"excerpt":{"rendered":"<p>Les implants dentaires Aiser sont trac\u00e9s tout au long de la cha\u00eene d&rsquo;approvisionnement, \u00e0 chaque \u00e9tape de traitement et de d\u00e9placement, jusqu&rsquo;au client final. Vous d\u00e9couvrez&#8230;<\/p>\n","protected":false},"author":1,"featured_media":3956,"parent":0,"menu_order":0,"comment_status":"closed","ping_status":"closed","template":"","meta":{"_acf_changed":false,"_et_pb_use_builder":"on","_et_pb_old_content":"","_et_gb_content_width":"","footnotes":""},"class_list":["post-4068","page","type-page","status-publish","has-post-thumbnail","hentry"],"acf":[],"yoast_head":"<!-- This site is optimized with the Yoast SEO Premium plugin v25.2 (Yoast SEO v27.1) - https:\/\/yoast.com\/product\/yoast-seo-premium-wordpress\/ -->\n<title>Produits - Aiser Implants<\/title>\n<meta name=\"description\" content=\"Les implants dentaires Aiser sont trac\u00e9s tout au long de la cha\u00eene d&#039;approvisionnement, \u00e0 chaque \u00e9tape de traitement et de d\u00e9placement, jusqu&#039;au client final. Vous d\u00e9couvrez...\" \/>\n<meta name=\"robots\" content=\"index, follow, max-snippet:-1, max-image-preview:large, max-video-preview:-1\" \/>\n<link rel=\"canonical\" href=\"https:\/\/aiserimplants.com\/fr\/produits\/\" \/>\n<meta property=\"og:locale\" content=\"fr_FR\" \/>\n<meta property=\"og:type\" content=\"article\" \/>\n<meta property=\"og:title\" content=\"Produits\" \/>\n<meta property=\"og:description\" content=\"Les implants dentaires Aiser sont trac\u00e9s tout au long de la cha\u00eene d&#039;approvisionnement, \u00e0 chaque \u00e9tape de traitement et de d\u00e9placement, jusqu&#039;au client final. Vous d\u00e9couvrez...\" \/>\n<meta property=\"og:url\" content=\"https:\/\/aiserimplants.com\/fr\/produits\/\" \/>\n<meta property=\"og:site_name\" content=\"Aiser Implants\" \/>\n<meta property=\"article:modified_time\" content=\"2022-12-30T08:49:51+00:00\" \/>\n<meta property=\"og:image\" content=\"https:\/\/aiserimplants.com\/wp-content\/uploads\/2021\/12\/4.png\" \/>\n\t<meta property=\"og:image:width\" content=\"900\" \/>\n\t<meta property=\"og:image:height\" content=\"1000\" \/>\n\t<meta property=\"og:image:type\" content=\"image\/png\" \/>\n<meta name=\"twitter:card\" content=\"summary_large_image\" \/>\n<meta name=\"twitter:label1\" content=\"Dur\u00e9e de lecture estim\u00e9e\" \/>\n\t<meta name=\"twitter:data1\" content=\"3 minutes\" \/>\n<script type=\"application\/ld+json\" class=\"yoast-schema-graph\">{\"@context\":\"https:\/\/schema.org\",\"@graph\":[{\"@type\":\"WebPage\",\"@id\":\"https:\/\/aiserimplants.com\/fr\/produits\/\",\"url\":\"https:\/\/aiserimplants.com\/fr\/produits\/\",\"name\":\"Produits - Aiser Implants\",\"isPartOf\":{\"@id\":\"https:\/\/aiserimplants.com\/fr\/#website\"},\"primaryImageOfPage\":{\"@id\":\"https:\/\/aiserimplants.com\/fr\/produits\/#primaryimage\"},\"image\":{\"@id\":\"https:\/\/aiserimplants.com\/fr\/produits\/#primaryimage\"},\"thumbnailUrl\":\"https:\/\/aiserimplants.com\/wp-content\/uploads\/2021\/12\/4.png\",\"datePublished\":\"2022-04-19T10:25:50+00:00\",\"dateModified\":\"2022-12-30T08:49:51+00:00\",\"description\":\"Les implants dentaires Aiser sont trac\u00e9s tout au long de la cha\u00eene d'approvisionnement, \u00e0 chaque \u00e9tape de traitement et de d\u00e9placement, jusqu'au client final. Vous d\u00e9couvrez...\",\"breadcrumb\":{\"@id\":\"https:\/\/aiserimplants.com\/fr\/produits\/#breadcrumb\"},\"inLanguage\":\"fr-FR\",\"potentialAction\":[{\"@type\":\"ReadAction\",\"target\":[\"https:\/\/aiserimplants.com\/fr\/produits\/\"]}]},{\"@type\":\"ImageObject\",\"inLanguage\":\"fr-FR\",\"@id\":\"https:\/\/aiserimplants.com\/fr\/produits\/#primaryimage\",\"url\":\"https:\/\/aiserimplants.com\/wp-content\/uploads\/2021\/12\/4.png\",\"contentUrl\":\"https:\/\/aiserimplants.com\/wp-content\/uploads\/2021\/12\/4.png\",\"width\":900,\"height\":1000},{\"@type\":\"BreadcrumbList\",\"@id\":\"https:\/\/aiserimplants.com\/fr\/produits\/#breadcrumb\",\"itemListElement\":[{\"@type\":\"ListItem\",\"position\":1,\"name\":\"Home\",\"item\":\"https:\/\/aiserimplants.com\/fr\/home\/\"},{\"@type\":\"ListItem\",\"position\":2,\"name\":\"Produits\"}]},{\"@type\":\"WebSite\",\"@id\":\"https:\/\/aiserimplants.com\/fr\/#website\",\"url\":\"https:\/\/aiserimplants.com\/fr\/\",\"name\":\"Aiser Implants\",\"description\":\"Swiss Quality at its Peak\",\"publisher\":{\"@id\":\"https:\/\/aiserimplants.com\/fr\/#organization\"},\"potentialAction\":[{\"@type\":\"SearchAction\",\"target\":{\"@type\":\"EntryPoint\",\"urlTemplate\":\"https:\/\/aiserimplants.com\/fr\/?s={search_term_string}\"},\"query-input\":{\"@type\":\"PropertyValueSpecification\",\"valueRequired\":true,\"valueName\":\"search_term_string\"}}],\"inLanguage\":\"fr-FR\"},{\"@type\":[\"Organization\",\"Place\"],\"@id\":\"https:\/\/aiserimplants.com\/fr\/#organization\",\"name\":\"Aiser\",\"url\":\"https:\/\/aiserimplants.com\/fr\/\",\"logo\":{\"@id\":\"https:\/\/aiserimplants.com\/fr\/produits\/#local-main-organization-logo\"},\"image\":{\"@id\":\"https:\/\/aiserimplants.com\/fr\/produits\/#local-main-organization-logo\"},\"telephone\":[],\"openingHoursSpecification\":[{\"@type\":\"OpeningHoursSpecification\",\"dayOfWeek\":[\"Monday\",\"Tuesday\",\"Wednesday\",\"Thursday\",\"Friday\",\"Saturday\",\"Sunday\"],\"opens\":\"09:00\",\"closes\":\"17:00\"}]},{\"@type\":\"ImageObject\",\"inLanguage\":\"fr-FR\",\"@id\":\"https:\/\/aiserimplants.com\/fr\/produits\/#local-main-organization-logo\",\"url\":\"https:\/\/aiserimplants.com\/wp-content\/uploads\/2022\/02\/AISER_logo.jpg\",\"contentUrl\":\"https:\/\/aiserimplants.com\/wp-content\/uploads\/2022\/02\/AISER_logo.jpg\",\"width\":1806,\"height\":1082,\"caption\":\"Aiser\"}]}<\/script>\n<!-- \/ Yoast SEO Premium plugin. -->","yoast_head_json":{"title":"Produits - Aiser Implants","description":"Les implants dentaires Aiser sont trac\u00e9s tout au long de la cha\u00eene d'approvisionnement, \u00e0 chaque \u00e9tape de traitement et de d\u00e9placement, jusqu'au client final. Vous d\u00e9couvrez...","robots":{"index":"index","follow":"follow","max-snippet":"max-snippet:-1","max-image-preview":"max-image-preview:large","max-video-preview":"max-video-preview:-1"},"canonical":"https:\/\/aiserimplants.com\/fr\/produits\/","og_locale":"fr_FR","og_type":"article","og_title":"Produits","og_description":"Les implants dentaires Aiser sont trac\u00e9s tout au long de la cha\u00eene d'approvisionnement, \u00e0 chaque \u00e9tape de traitement et de d\u00e9placement, jusqu'au client final. Vous d\u00e9couvrez...","og_url":"https:\/\/aiserimplants.com\/fr\/produits\/","og_site_name":"Aiser Implants","article_modified_time":"2022-12-30T08:49:51+00:00","og_image":[{"width":900,"height":1000,"url":"https:\/\/aiserimplants.com\/wp-content\/uploads\/2021\/12\/4.png","type":"image\/png"}],"twitter_card":"summary_large_image","twitter_misc":{"Dur\u00e9e de lecture estim\u00e9e":"3 minutes"},"schema":{"@context":"https:\/\/schema.org","@graph":[{"@type":"WebPage","@id":"https:\/\/aiserimplants.com\/fr\/produits\/","url":"https:\/\/aiserimplants.com\/fr\/produits\/","name":"Produits - Aiser Implants","isPartOf":{"@id":"https:\/\/aiserimplants.com\/fr\/#website"},"primaryImageOfPage":{"@id":"https:\/\/aiserimplants.com\/fr\/produits\/#primaryimage"},"image":{"@id":"https:\/\/aiserimplants.com\/fr\/produits\/#primaryimage"},"thumbnailUrl":"https:\/\/aiserimplants.com\/wp-content\/uploads\/2021\/12\/4.png","datePublished":"2022-04-19T10:25:50+00:00","dateModified":"2022-12-30T08:49:51+00:00","description":"Les implants dentaires Aiser sont trac\u00e9s tout au long de la cha\u00eene d'approvisionnement, \u00e0 chaque \u00e9tape de traitement et de d\u00e9placement, jusqu'au client final. Vous d\u00e9couvrez...","breadcrumb":{"@id":"https:\/\/aiserimplants.com\/fr\/produits\/#breadcrumb"},"inLanguage":"fr-FR","potentialAction":[{"@type":"ReadAction","target":["https:\/\/aiserimplants.com\/fr\/produits\/"]}]},{"@type":"ImageObject","inLanguage":"fr-FR","@id":"https:\/\/aiserimplants.com\/fr\/produits\/#primaryimage","url":"https:\/\/aiserimplants.com\/wp-content\/uploads\/2021\/12\/4.png","contentUrl":"https:\/\/aiserimplants.com\/wp-content\/uploads\/2021\/12\/4.png","width":900,"height":1000},{"@type":"BreadcrumbList","@id":"https:\/\/aiserimplants.com\/fr\/produits\/#breadcrumb","itemListElement":[{"@type":"ListItem","position":1,"name":"Home","item":"https:\/\/aiserimplants.com\/fr\/home\/"},{"@type":"ListItem","position":2,"name":"Produits"}]},{"@type":"WebSite","@id":"https:\/\/aiserimplants.com\/fr\/#website","url":"https:\/\/aiserimplants.com\/fr\/","name":"Aiser Implants","description":"Swiss Quality at its Peak","publisher":{"@id":"https:\/\/aiserimplants.com\/fr\/#organization"},"potentialAction":[{"@type":"SearchAction","target":{"@type":"EntryPoint","urlTemplate":"https:\/\/aiserimplants.com\/fr\/?s={search_term_string}"},"query-input":{"@type":"PropertyValueSpecification","valueRequired":true,"valueName":"search_term_string"}}],"inLanguage":"fr-FR"},{"@type":["Organization","Place"],"@id":"https:\/\/aiserimplants.com\/fr\/#organization","name":"Aiser","url":"https:\/\/aiserimplants.com\/fr\/","logo":{"@id":"https:\/\/aiserimplants.com\/fr\/produits\/#local-main-organization-logo"},"image":{"@id":"https:\/\/aiserimplants.com\/fr\/produits\/#local-main-organization-logo"},"telephone":[],"openingHoursSpecification":[{"@type":"OpeningHoursSpecification","dayOfWeek":["Monday","Tuesday","Wednesday","Thursday","Friday","Saturday","Sunday"],"opens":"09:00","closes":"17:00"}]},{"@type":"ImageObject","inLanguage":"fr-FR","@id":"https:\/\/aiserimplants.com\/fr\/produits\/#local-main-organization-logo","url":"https:\/\/aiserimplants.com\/wp-content\/uploads\/2022\/02\/AISER_logo.jpg","contentUrl":"https:\/\/aiserimplants.com\/wp-content\/uploads\/2022\/02\/AISER_logo.jpg","width":1806,"height":1082,"caption":"Aiser"}]}},"_links":{"self":[{"href":"https:\/\/aiserimplants.com\/fr\/wp-json\/wp\/v2\/pages\/4068","targetHints":{"allow":["GET"]}}],"collection":[{"href":"https:\/\/aiserimplants.com\/fr\/wp-json\/wp\/v2\/pages"}],"about":[{"href":"https:\/\/aiserimplants.com\/fr\/wp-json\/wp\/v2\/types\/page"}],"author":[{"embeddable":true,"href":"https:\/\/aiserimplants.com\/fr\/wp-json\/wp\/v2\/users\/1"}],"replies":[{"embeddable":true,"href":"https:\/\/aiserimplants.com\/fr\/wp-json\/wp\/v2\/comments?post=4068"}],"version-history":[{"count":4,"href":"https:\/\/aiserimplants.com\/fr\/wp-json\/wp\/v2\/pages\/4068\/revisions"}],"predecessor-version":[{"id":5276,"href":"https:\/\/aiserimplants.com\/fr\/wp-json\/wp\/v2\/pages\/4068\/revisions\/5276"}],"wp:featuredmedia":[{"embeddable":true,"href":"https:\/\/aiserimplants.com\/fr\/wp-json\/wp\/v2\/media\/3956"}],"wp:attachment":[{"href":"https:\/\/aiserimplants.com\/fr\/wp-json\/wp\/v2\/media?parent=4068"}],"curies":[{"name":"wp","href":"https:\/\/api.w.org\/{rel}","templated":true}]}}