{"id":4080,"date":"2022-04-19T12:35:19","date_gmt":"2022-04-19T10:35:19","guid":{"rendered":"https:\/\/aiserimplants.com\/sieges\/"},"modified":"2026-04-03T19:56:24","modified_gmt":"2026-04-03T17:56:24","slug":"sieges","status":"publish","type":"page","link":"https:\/\/aiserimplants.com\/fr\/sieges\/","title":{"rendered":"Si\u00e8ges"},"content":{"rendered":"<p>[et_pb_section fb_built=\u00a0\u00bb1&Prime; fullwidth=\u00a0\u00bbon\u00a0\u00bb _builder_version=\u00a0\u00bb4.16&Prime; _module_preset=\u00a0\u00bb_initial\u00a0\u00bb background_color=\u00a0\u00bb#000000&Prime; global_colors_info=\u00a0\u00bb{}\u00a0\u00bb][et_pb_fullwidth_header title=\u00a0\u00bbNos Si\u00e8ges\u00a0\u00bb _builder_version=\u00a0\u00bb4.16&Prime; _module_preset=\u00a0\u00bb5d2311d1-d0df-49c3-8a3a-d366a118df72&Prime; background_image=\u00a0\u00bbhttps:\/\/aiserimplants.com\/wp-content\/uploads\/2022\/04\/Bandiere-Onu.png\u00a0\u00bb global_colors_info=\u00a0\u00bb{}\u00a0\u00bb][\/et_pb_fullwidth_header][\/et_pb_section][et_pb_section fb_built=\u00a0\u00bb1&Prime; admin_label=\u00a0\u00bbSezione Sedi\u00a0\u00bb _builder_version=\u00a0\u00bb4.16&Prime; _module_preset=\u00a0\u00bbfa16af20-4da1-42b8-87c8-dab7c09ce721&Prime; custom_padding=\u00a0\u00bb50px||||false|false\u00a0\u00bb global_colors_info=\u00a0\u00bb{}\u00a0\u00bb][et_pb_row _builder_version=\u00a0\u00bb4.27.4&Prime; _module_preset=\u00a0\u00bbdefault\u00a0\u00bb global_colors_info=\u00a0\u00bb{}\u00a0\u00bb][et_pb_column type=\u00a0\u00bb4_4&Prime; _builder_version=\u00a0\u00bb4.27.4&Prime; _module_preset=\u00a0\u00bbdefault\u00a0\u00bb global_colors_info=\u00a0\u00bb{}\u00a0\u00bb][et_pb_blurb title=\u00a0\u00bbGen\u00e8ve &#8211; Suisse\u00a0\u00bb image=\u00a0\u00bbhttps:\/\/aiserimplants.com\/wp-content\/uploads\/2025\/05\/Geneva_Switzerland_450x300.jpg\u00a0\u00bb alt=\u00a0\u00bbGen\u00e8ve &#8211; Suisse\u00a0\u00bb admin_label=\u00a0\u00bbBlur Ginevra\u00a0\u00bb _builder_version=\u00a0\u00bb4.27.4&Prime; _module_preset=\u00a0\u00bbb04b1a2f-7b18-45ce-a267-13fb41f7ba31&Prime; global_colors_info=\u00a0\u00bb{}\u00a0\u00bb]<\/p>\n<p>Rue des Bains, 35<br \/>CH-1205 Gen\u00e8ve, Suisse<br \/><a target=\"_blank\" href=\"mailto:geneve@aiserimplants.com\" rel=\"noopener\">geneve@aiserimplants.com<\/a><br \/><a href=\"tel:+41225564737\">+41 (0) 22 556 47 37<\/a><\/p>\n<p>[\/et_pb_blurb][\/et_pb_column][\/et_pb_row][et_pb_row _builder_version=\u00a0\u00bb4.27.4&Prime; _module_preset=\u00a0\u00bbdefault\u00a0\u00bb custom_css_main_element=\u00a0\u00bbdisplay: flex;\u00a0\u00bb global_colors_info=\u00a0\u00bb{}\u00a0\u00bb][et_pb_column type=\u00a0\u00bb4_4&Prime; _builder_version=\u00a0\u00bb4.27.4&Prime; _module_preset=\u00a0\u00bbdefault\u00a0\u00bb custom_css_main_element=\u00a0\u00bbdisplay: flex;||flex-wrap: wrap;\u00a0\u00bb global_colors_info=\u00a0\u00bb{}\u00a0\u00bb][et_pb_blurb title=\u00a0\u00bbAmman &#8211; Jordanie\u00a0\u00bb image=\u00a0\u00bbhttps:\/\/aiserimplants.com\/wp-content\/uploads\/2025\/05\/Amman_Jordan_450x300.jpg\u00a0\u00bb alt=\u00a0\u00bbNew York &#8211; \u00c9tats-Unis\u00a0\u00bb admin_label=\u00a0\u00bbAmman &#8211; Giordania\u00a0\u00bb _builder_version=\u00a0\u00bb4.27.4&Prime; _module_preset=\u00a0\u00bbb04b1a2f-7b18-45ce-a267-13fb41f7ba31&Prime; global_colors_info=\u00a0\u00bb{}\u00a0\u00bb]<a target=\"_blank\" href=\"mailto:amman@aiserimplants.com\" rel=\"noopener\">amman@aiserimplants.com<\/a><br \/>\n<a href=\"tel:00962777686970\">+962 7 7768 6970<\/a>[\/et_pb_blurb][et_pb_blurb title=\u00a0\u00bbBagdad &#8211; Irak\u00a0\u00bb image=\u00a0\u00bbhttps:\/\/aiserimplants.com\/wp-content\/uploads\/2025\/10\/Baghdad_Iraq_450x300.jpg\u00a0\u00bb alt=\u00a0\u00bbNew York &#8211; \u00c9tats-Unis\u00a0\u00bb admin_label=\u00a0\u00bbBaghdad &#8211; Iraq\u00a0\u00bb _builder_version=\u00a0\u00bb4.27.4&Prime; _module_preset=\u00a0\u00bbb04b1a2f-7b18-45ce-a267-13fb41f7ba31&Prime; global_colors_info=\u00a0\u00bb{}\u00a0\u00bb]<\/p>\n<p>Bab AlMathem<br \/><a target=\"_blank\" href=\"mailto:bagdad@aiserimplants.com\" rel=\"noopener\">bagdad@aiserimplants.com<\/a><\/p>\n<p>[\/et_pb_blurb][et_pb_blurb title=\u00a0\u00bbBeyrouth &#8211; Liban\u00a0\u00bb image=\u00a0\u00bbhttps:\/\/aiserimplants.com\/wp-content\/uploads\/2025\/05\/Beirut_Lebanon_450x300.jpg\u00a0\u00bb alt=\u00a0\u00bbNew York &#8211; \u00c9tats-Unis\u00a0\u00bb admin_label=\u00a0\u00bbBeirut &#8211; Libano\u00a0\u00bb _builder_version=\u00a0\u00bb4.27.4&Prime; _module_preset=\u00a0\u00bbb04b1a2f-7b18-45ce-a267-13fb41f7ba31&Prime; global_colors_info=\u00a0\u00bb{}\u00a0\u00bb]<a target=\"_blank\" href=\"mailto:beirut@aiserimplants.com\" rel=\"noopener\">beirut@aiserimplants.com<\/a>[\/et_pb_blurb][et_pb_blurb title=\u00a0\u00bbLe Caire &#8211; \u00c9gypte\u00a0\u00bb image=\u00a0\u00bbhttps:\/\/aiserimplants.com\/wp-content\/uploads\/2025\/05\/Cairo_Egypt_450x300.jpg\u00a0\u00bb alt=\u00a0\u00bbNew York &#8211; \u00c9tats-Unis\u00a0\u00bb admin_label=\u00a0\u00bbIl Cairo &#8211; Egitto\u00a0\u00bb _builder_version=\u00a0\u00bb4.27.4&Prime; _module_preset=\u00a0\u00bbb04b1a2f-7b18-45ce-a267-13fb41f7ba31&Prime; global_colors_info=\u00a0\u00bb{}\u00a0\u00bb]<a target=\"_blank\" href=\"mailto:cairo@aiserimplants.com\" rel=\"noopener\">cairo@aiserimplants.com<\/a>[\/et_pb_blurb][et_pb_blurb title=\u00a0\u00bbChiasso &#8211; Suisse\u00a0\u00bb image=\u00a0\u00bbhttps:\/\/aiserimplants.com\/wp-content\/uploads\/2025\/05\/Chiasso_Switzerland_450x300.jpg\u00a0\u00bb alt=\u00a0\u00bbNew York &#8211; \u00c9tats-Unis\u00a0\u00bb admin_label=\u00a0\u00bbChiasso &#8211; Svizzera\u00a0\u00bb _builder_version=\u00a0\u00bb4.27.4&Prime; _module_preset=\u00a0\u00bbb04b1a2f-7b18-45ce-a267-13fb41f7ba31&Prime; global_colors_info=\u00a0\u00bb{}\u00a0\u00bb]<\/p>\n<p>Via degli Albrici, 3<br \/>6830, Chiasso, Suisse<br \/><a target=\"_blank\" href=\"mailto:chiasso@aiserimplants.com\" rel=\"noopener\">chiasso@aiserimplants.com<\/a><\/p>\n<p>[\/et_pb_blurb][et_pb_blurb title=\u00a0\u00bbDamas &#8211; Syrie\u00a0\u00bb image=\u00a0\u00bbhttps:\/\/aiserimplants.com\/wp-content\/uploads\/2025\/05\/Damascus_Syria_450x300.jpg\u00a0\u00bb alt=\u00a0\u00bbNew York &#8211; \u00c9tats-Unis\u00a0\u00bb admin_label=\u00a0\u00bbDamasco &#8211; Siria\u00a0\u00bb _builder_version=\u00a0\u00bb4.27.4&Prime; _module_preset=\u00a0\u00bbb04b1a2f-7b18-45ce-a267-13fb41f7ba31&Prime; global_colors_info=\u00a0\u00bb{}\u00a0\u00bb]<a target=\"_blank\" href=\"mailto:damascus@aiserimplants.com\" rel=\"noopener\">damascus@aiserimplants.com<\/a>[\/et_pb_blurb][et_pb_blurb title=\u00a0\u00bbDuba\u00ef &#8211; Emirats Arabes Unis\u00a0\u00bb image=\u00a0\u00bbhttps:\/\/aiserimplants.com\/wp-content\/uploads\/2025\/05\/Dubai_United-Arab-Emirates_450x300.jpg\u00a0\u00bb alt=\u00a0\u00bbGen\u00e8ve &#8211; Suisse\u00a0\u00bb admin_label=\u00a0\u00bbDubai &#8211; Emirati Arabi Uniti\u00a0\u00bb _builder_version=\u00a0\u00bb4.27.4&Prime; _module_preset=\u00a0\u00bbb04b1a2f-7b18-45ce-a267-13fb41f7ba31&Prime; global_colors_info=\u00a0\u00bb{}\u00a0\u00bb]23\u00b0 Piano, Damac Smart Heights<br \/>Barsha Heights, Duba\u00ef, \u00c9mirats arabes unis<br \/><a target=\"_blank\" href=\"mailto:dubai@aiserimplants.com\" rel=\"noopener\">dubai@aiserimplants.com<\/a>[\/et_pb_blurb][et_pb_blurb title=\u00a0\u00bbIstanbul &#8211; Turquie\u00a0\u00bb image=\u00a0\u00bbhttps:\/\/aiserimplants.com\/wp-content\/uploads\/2025\/05\/Istanbul_Turkiye_450x300.jpg\u00a0\u00bb alt=\u00a0\u00bbGen\u00e8ve &#8211; Suisse\u00a0\u00bb admin_label=\u00a0\u00bbIstanbul &#8211; Turchia\u00a0\u00bb _builder_version=\u00a0\u00bb4.27.4&Prime; _module_preset=\u00a0\u00bbb04b1a2f-7b18-45ce-a267-13fb41f7ba31&Prime; global_colors_info=\u00a0\u00bb{}\u00a0\u00bb]<\/p>\n<p>Mahmutbey Mah. 2445 Sk. No:59<br \/>Ba\u011fc\u0131lar &#8211; Istanbul, Turquie  <br \/><a target=\"_blank\" href=\"mailto:istanbul@aiserimplants.com\" rel=\"noopener\">istanbul@aiserimplants.com<\/a><br \/><a href=\"tel:00905334692202\">+90 533 469 22 02<\/a><\/p>\n<p>[\/et_pb_blurb][et_pb_blurb title=\u00a0\u00bbKaboul &#8211; Afghanistan\u00a0\u00bb image=\u00a0\u00bbhttps:\/\/aiserimplants.com\/wp-content\/uploads\/2025\/05\/Kabul_Afghanistan_450x300.jpg\u00a0\u00bb alt=\u00a0\u00bbGen\u00e8ve &#8211; Suisse\u00a0\u00bb admin_label=\u00a0\u00bbKabul &#8211; Afghanistan\u00a0\u00bb _builder_version=\u00a0\u00bb4.27.4&Prime; _module_preset=\u00a0\u00bbb04b1a2f-7b18-45ce-a267-13fb41f7ba31&Prime; global_colors_info=\u00a0\u00bb{}\u00a0\u00bb]<\/p>\n<p><a target=\"_blank\" href=\"mailto:kabul@aiserimplants.com\" rel=\"noopener\">kabul@aiserimplants.com<\/a><\/p>\n<p>[\/et_pb_blurb][et_pb_blurb title=\u00a0\u00bbMilan &#8211; Italie\u00a0\u00bb image=\u00a0\u00bbhttps:\/\/aiserimplants.com\/wp-content\/uploads\/2025\/05\/Milan_Italy_450x300.jpg\u00a0\u00bb alt=\u00a0\u00bbGen\u00e8ve &#8211; Suisse\u00a0\u00bb admin_label=\u00a0\u00bbMilano &#8211; Italia\u00a0\u00bb _builder_version=\u00a0\u00bb4.27.4&Prime; _module_preset=\u00a0\u00bbb04b1a2f-7b18-45ce-a267-13fb41f7ba31&Prime; global_colors_info=\u00a0\u00bb{}\u00a0\u00bb]<\/p>\n<p>Via Raffaello Sanzio, 19<\/p>\n<p><a target=\"_blank\" href=\"mailto:milan@aiserimplants.com\" rel=\"noopener\">milan@aiserimplants.com<\/a><\/p>\n<p>[\/et_pb_blurb][et_pb_blurb title=\u00a0\u00bbNew York &#8211; \u00c9tats-Unis\u00a0\u00bb image=\u00a0\u00bbhttps:\/\/aiserimplants.com\/wp-content\/uploads\/2025\/05\/New-York_USA_450x300.jpg\u00a0\u00bb alt=\u00a0\u00bbNew York &#8211; \u00c9tats-Unis\u00a0\u00bb admin_label=\u00a0\u00bbNew York &#8211; USA\u00a0\u00bb _builder_version=\u00a0\u00bb4.27.4&Prime; _module_preset=\u00a0\u00bbb04b1a2f-7b18-45ce-a267-13fb41f7ba31&Prime; global_colors_info=\u00a0\u00bb{}\u00a0\u00bb]626 RexCorp Plaza, 6th Floor<br \/>\nUniondale, NY 11556, USA<br \/>\n<a target=\"_blank\" href=\"mailto:newyork@aiserimplants.com\" rel=\"noopener\">newyork@aiserimplants.com<\/a>[\/et_pb_blurb][et_pb_blurb title=\u00a0\u00bbNicosie &#8211; Chypre\u00a0\u00bb image=\u00a0\u00bbhttps:\/\/aiserimplants.com\/wp-content\/uploads\/2025\/05\/Nicosia_Cyprus_450x300.jpg\u00a0\u00bb alt=\u00a0\u00bbNew York &#8211; \u00c9tats-Unis\u00a0\u00bb admin_label=\u00a0\u00bbNicosia &#8211; Cipro\u00a0\u00bb _builder_version=\u00a0\u00bb4.27.4&Prime; _module_preset=\u00a0\u00bbb04b1a2f-7b18-45ce-a267-13fb41f7ba31&Prime; global_colors_info=\u00a0\u00bb{}\u00a0\u00bb]<a target=\"_blank\" href=\"mailto:nicosia@aiserimplants.com\" rel=\"noopener\">nicosia@aiserimplants.com<\/a>[\/et_pb_blurb][et_pb_blurb title=\u00a0\u00bbOradea &#8211; Romania\u00a0\u00bb image=\u00a0\u00bbhttps:\/\/aiserimplants.com\/wp-content\/uploads\/2025\/05\/Oradea_Romania_450x300-2.jpg\u00a0\u00bb alt=\u00a0\u00bbNew York &#8211; \u00c9tats-Unis\u00a0\u00bb admin_label=\u00a0\u00bbOradea &#8211; Romania\u00a0\u00bb _builder_version=\u00a0\u00bb4.27.4&Prime; _module_preset=\u00a0\u00bbb04b1a2f-7b18-45ce-a267-13fb41f7ba31&Prime; global_colors_info=\u00a0\u00bb{}\u00a0\u00bb]<a target=\"_blank\" href=\"mailto:oradea@aiserimplants.com\" rel=\"noopener\">oradea@aiserimplants.com<\/a>[\/et_pb_blurb][et_pb_blurb title=\u00a0\u00bbRio de Janeiro &#8211; Br\u00e9sil\u00a0\u00bb image=\u00a0\u00bbhttps:\/\/aiserimplants.com\/wp-content\/uploads\/2025\/05\/Rio-de-Janeiro_Brazil_450x300.jpg\u00a0\u00bb alt=\u00a0\u00bbNew York &#8211; \u00c9tats-Unis\u00a0\u00bb admin_label=\u00a0\u00bbRio de Janeiro &#8211; Brasile\u00a0\u00bb _builder_version=\u00a0\u00bb4.27.4&Prime; _module_preset=\u00a0\u00bbb04b1a2f-7b18-45ce-a267-13fb41f7ba31&Prime; global_colors_info=\u00a0\u00bb{}\u00a0\u00bb]Rio de Janeiro &#8211; RJ, 20021-290, Br\u00e9sil<br \/>\n<a target=\"_blank\" href=\"mailto:riodejaneiro@aiserimplants.com\" rel=\"noopener\">riodejaneiro@aiserimplants.com<\/a>[\/et_pb_blurb][et_pb_blurb title=\u00a0\u00bbRiyad &#8211; Arabie Saoudite\u00a0\u00bb image=\u00a0\u00bbhttps:\/\/aiserimplants.com\/wp-content\/uploads\/2025\/05\/Riyadh_Saudi-Arabia_450x300.jpg\u00a0\u00bb alt=\u00a0\u00bbNew York &#8211; \u00c9tats-Unis\u00a0\u00bb admin_label=\u00a0\u00bbRiad &#8211; Arabia Saudita\u00a0\u00bb _builder_version=\u00a0\u00bb4.27.4&Prime; _module_preset=\u00a0\u00bbb04b1a2f-7b18-45ce-a267-13fb41f7ba31&Prime; global_colors_info=\u00a0\u00bb{}\u00a0\u00bb]<a target=\"_blank\" href=\"mailto:riyadh@aiserimplants.com\" rel=\"noopener\">riyadh@aiserimplants.com<\/a><br \/>\n<a href=\"tel:00966547531459\">+966 547 531 459<\/a>[\/et_pb_blurb][et_pb_blurb title=\u00a0\u00bbShangai &#8211; Chine\u00a0\u00bb image=\u00a0\u00bbhttps:\/\/aiserimplants.com\/wp-content\/uploads\/2025\/05\/Shanghai_China_450x300.jpg\u00a0\u00bb alt=\u00a0\u00bbNew York &#8211; \u00c9tats-Unis\u00a0\u00bb admin_label=\u00a0\u00bbShanghai &#8211; Cina\u00a0\u00bb _builder_version=\u00a0\u00bb4.27.4&Prime; _module_preset=\u00a0\u00bbb04b1a2f-7b18-45ce-a267-13fb41f7ba31&Prime; global_colors_info=\u00a0\u00bb{}\u00a0\u00bb]26\/F, Hong Kong Plaza<br \/>283 Middle Huai Hai Road, Luwan District<br \/>200021, Shanghai PRC<br \/><a target=\"_blank\" href=\"mailto:shangai@aiserimplants.com\" rel=\"noopener\">shangai@aiserimplants.com<\/a>[\/et_pb_blurb][et_pb_blurb title=\u00a0\u00bbTirana &#8211; Albanie\u00a0\u00bb image=\u00a0\u00bbhttps:\/\/aiserimplants.com\/wp-content\/uploads\/2025\/05\/Tirana_Albania_450x300-2.jpg\u00a0\u00bb alt=\u00a0\u00bbNew York &#8211; \u00c9tats-Unis\u00a0\u00bb admin_label=\u00a0\u00bbTirana &#8211; Albania\u00a0\u00bb _builder_version=\u00a0\u00bb4.27.4&Prime; _module_preset=\u00a0\u00bbb04b1a2f-7b18-45ce-a267-13fb41f7ba31&Prime; global_colors_info=\u00a0\u00bb{}\u00a0\u00bb]<a target=\"_blank\" href=\"mailto:tirana@aiserimplants.com\" rel=\"noopener\">tirana@aiserimplants.com<\/a>[\/et_pb_blurb][et_pb_blurb title=\u00a0\u00bbTokyo &#8211; Japon\u00a0\u00bb image=\u00a0\u00bbhttps:\/\/aiserimplants.com\/wp-content\/uploads\/2025\/05\/Tokyo_Japan_450x300.jpg\u00a0\u00bb alt=\u00a0\u00bbNew York &#8211; \u00c9tats-Unis\u00a0\u00bb admin_label=\u00a0\u00bbTokyo &#8211; Giappone\u00a0\u00bb _builder_version=\u00a0\u00bb4.27.4&Prime; _module_preset=\u00a0\u00bbb04b1a2f-7b18-45ce-a267-13fb41f7ba31&Prime; global_colors_info=\u00a0\u00bb{}\u00a0\u00bb]Shinjuku Park Tower North Tower 30th floor.<br \/>Nishishinjuku, Shinjuku-ku, Tokyo, Japon 163-1030<br \/>\u3012163-1030 \u6771\u4eac\u90fd\u65b0\u5bbf\u533a\u897f\u65b0\u5bbf 3-7-1<br \/>\u65b0\u5bbf\u30d1\u30fc\u30af\u30bf\u30ef\u30fc\uff2e\u68df30\u968e<br \/><a target=\"_blank\" href=\"mailto:tokyo@aiserimplants.com\" rel=\"noopener\">tokyo@aiserimplants.com<\/a>[\/et_pb_blurb][\/et_pb_column][\/et_pb_row][\/et_pb_section]<\/p>\n","protected":false},"excerpt":{"rendered":"<p>Nos emplacements. Gen\u00e8ve, Suisse Rue du Rh\u00f4ne, 14VH-1204. Duba\u00ef &#8211; Milan &#8211; New York &#8211; Rio de Janeiro &#8211; Shanghai &#8211; Tokyo&#8230;  <\/p>\n","protected":false},"author":1,"featured_media":4026,"parent":0,"menu_order":0,"comment_status":"closed","ping_status":"closed","template":"","meta":{"_acf_changed":false,"_et_pb_use_builder":"on","_et_pb_old_content":"","_et_gb_content_width":"","footnotes":""},"class_list":["post-4080","page","type-page","status-publish","has-post-thumbnail","hentry"],"acf":[],"yoast_head":"<!-- This site is optimized with the Yoast SEO Premium plugin v25.2 (Yoast SEO v27.1) - https:\/\/yoast.com\/product\/yoast-seo-premium-wordpress\/ -->\n<title>Si\u00e8ges - Aiser Implants<\/title>\n<meta name=\"description\" content=\"Nos emplacements. Gen\u00e8ve, Suisse Rue du Rh\u00f4ne, 14VH-1204. Duba\u00ef - Milan - New York - Rio de Janeiro - Shanghai - Tokyo...\" \/>\n<meta name=\"robots\" content=\"index, follow, max-snippet:-1, max-image-preview:large, max-video-preview:-1\" \/>\n<link rel=\"canonical\" href=\"https:\/\/aiserimplants.com\/fr\/sieges\/\" \/>\n<meta property=\"og:locale\" content=\"fr_FR\" \/>\n<meta property=\"og:type\" content=\"article\" \/>\n<meta property=\"og:title\" content=\"Nos implantations Aiser\" \/>\n<meta property=\"og:description\" content=\"Nos emplacements. Gen\u00e8ve, Suisse Rue du Rh\u00f4ne, 14VH-1204. Duba\u00ef - Milan - New York - Rio de Janeiro - Shanghai - Tokyo...\" \/>\n<meta property=\"og:url\" content=\"https:\/\/aiserimplants.com\/fr\/sieges\/\" \/>\n<meta property=\"og:site_name\" content=\"Aiser Implants\" \/>\n<meta property=\"article:modified_time\" content=\"2026-04-03T17:56:24+00:00\" \/>\n<meta property=\"og:image\" content=\"https:\/\/aiserimplants.com\/wp-content\/uploads\/2022\/04\/Bandiere-Onu-1024x478.png\" \/>\n<meta name=\"twitter:card\" content=\"summary_large_image\" \/>\n<meta name=\"twitter:title\" content=\"Si\u00e8ges\" \/>\n<meta name=\"twitter:label1\" content=\"Dur\u00e9e de lecture estim\u00e9e\" \/>\n\t<meta name=\"twitter:data1\" content=\"6 minutes\" \/>\n<script type=\"application\/ld+json\" class=\"yoast-schema-graph\">{\"@context\":\"https:\/\/schema.org\",\"@graph\":[{\"@type\":\"WebPage\",\"@id\":\"https:\/\/aiserimplants.com\/fr\/sieges\/\",\"url\":\"https:\/\/aiserimplants.com\/fr\/sieges\/\",\"name\":\"Si\u00e8ges - Aiser Implants\",\"isPartOf\":{\"@id\":\"https:\/\/aiserimplants.com\/fr\/#website\"},\"primaryImageOfPage\":{\"@id\":\"https:\/\/aiserimplants.com\/fr\/sieges\/#primaryimage\"},\"image\":{\"@id\":\"https:\/\/aiserimplants.com\/fr\/sieges\/#primaryimage\"},\"thumbnailUrl\":\"https:\/\/aiserimplants.com\/wp-content\/uploads\/2022\/04\/Bandiere-Onu.png\",\"datePublished\":\"2022-04-19T10:35:19+00:00\",\"dateModified\":\"2026-04-03T17:56:24+00:00\",\"description\":\"Nos emplacements. Gen\u00e8ve, Suisse Rue du Rh\u00f4ne, 14VH-1204. Duba\u00ef - Milan - New York - Rio de Janeiro - Shanghai - Tokyo...\",\"breadcrumb\":{\"@id\":\"https:\/\/aiserimplants.com\/fr\/sieges\/#breadcrumb\"},\"inLanguage\":\"fr-FR\",\"potentialAction\":[{\"@type\":\"ReadAction\",\"target\":[\"https:\/\/aiserimplants.com\/fr\/sieges\/\"]}]},{\"@type\":\"ImageObject\",\"inLanguage\":\"fr-FR\",\"@id\":\"https:\/\/aiserimplants.com\/fr\/sieges\/#primaryimage\",\"url\":\"https:\/\/aiserimplants.com\/wp-content\/uploads\/2022\/04\/Bandiere-Onu.png\",\"contentUrl\":\"https:\/\/aiserimplants.com\/wp-content\/uploads\/2022\/04\/Bandiere-Onu.png\",\"width\":1500,\"height\":700},{\"@type\":\"BreadcrumbList\",\"@id\":\"https:\/\/aiserimplants.com\/fr\/sieges\/#breadcrumb\",\"itemListElement\":[{\"@type\":\"ListItem\",\"position\":1,\"name\":\"Home\",\"item\":\"https:\/\/aiserimplants.com\/fr\/home\/\"},{\"@type\":\"ListItem\",\"position\":2,\"name\":\"Si\u00e8ges\"}]},{\"@type\":\"WebSite\",\"@id\":\"https:\/\/aiserimplants.com\/fr\/#website\",\"url\":\"https:\/\/aiserimplants.com\/fr\/\",\"name\":\"Aiser Implants\",\"description\":\"Swiss Quality at its Peak\",\"publisher\":{\"@id\":\"https:\/\/aiserimplants.com\/fr\/#organization\"},\"potentialAction\":[{\"@type\":\"SearchAction\",\"target\":{\"@type\":\"EntryPoint\",\"urlTemplate\":\"https:\/\/aiserimplants.com\/fr\/?s={search_term_string}\"},\"query-input\":{\"@type\":\"PropertyValueSpecification\",\"valueRequired\":true,\"valueName\":\"search_term_string\"}}],\"inLanguage\":\"fr-FR\"},{\"@type\":[\"Organization\",\"Place\"],\"@id\":\"https:\/\/aiserimplants.com\/fr\/#organization\",\"name\":\"Aiser\",\"url\":\"https:\/\/aiserimplants.com\/fr\/\",\"logo\":{\"@id\":\"https:\/\/aiserimplants.com\/fr\/sieges\/#local-main-organization-logo\"},\"image\":{\"@id\":\"https:\/\/aiserimplants.com\/fr\/sieges\/#local-main-organization-logo\"},\"telephone\":[],\"openingHoursSpecification\":[{\"@type\":\"OpeningHoursSpecification\",\"dayOfWeek\":[\"Monday\",\"Tuesday\",\"Wednesday\",\"Thursday\",\"Friday\",\"Saturday\",\"Sunday\"],\"opens\":\"09:00\",\"closes\":\"17:00\"}]},{\"@type\":\"ImageObject\",\"inLanguage\":\"fr-FR\",\"@id\":\"https:\/\/aiserimplants.com\/fr\/sieges\/#local-main-organization-logo\",\"url\":\"https:\/\/aiserimplants.com\/wp-content\/uploads\/2022\/02\/AISER_logo.jpg\",\"contentUrl\":\"https:\/\/aiserimplants.com\/wp-content\/uploads\/2022\/02\/AISER_logo.jpg\",\"width\":1806,\"height\":1082,\"caption\":\"Aiser\"}]}<\/script>\n<!-- \/ Yoast SEO Premium plugin. -->","yoast_head_json":{"title":"Si\u00e8ges - Aiser Implants","description":"Nos emplacements. Gen\u00e8ve, Suisse Rue du Rh\u00f4ne, 14VH-1204. Duba\u00ef - Milan - New York - Rio de Janeiro - Shanghai - Tokyo...","robots":{"index":"index","follow":"follow","max-snippet":"max-snippet:-1","max-image-preview":"max-image-preview:large","max-video-preview":"max-video-preview:-1"},"canonical":"https:\/\/aiserimplants.com\/fr\/sieges\/","og_locale":"fr_FR","og_type":"article","og_title":"Nos implantations Aiser","og_description":"Nos emplacements. Gen\u00e8ve, Suisse Rue du Rh\u00f4ne, 14VH-1204. Duba\u00ef - Milan - New York - Rio de Janeiro - Shanghai - Tokyo...","og_url":"https:\/\/aiserimplants.com\/fr\/sieges\/","og_site_name":"Aiser Implants","article_modified_time":"2026-04-03T17:56:24+00:00","og_image":[{"url":"https:\/\/aiserimplants.com\/wp-content\/uploads\/2022\/04\/Bandiere-Onu-1024x478.png","type":"","width":"","height":""}],"twitter_card":"summary_large_image","twitter_title":"Si\u00e8ges","twitter_misc":{"Dur\u00e9e de lecture estim\u00e9e":"6 minutes"},"schema":{"@context":"https:\/\/schema.org","@graph":[{"@type":"WebPage","@id":"https:\/\/aiserimplants.com\/fr\/sieges\/","url":"https:\/\/aiserimplants.com\/fr\/sieges\/","name":"Si\u00e8ges - Aiser Implants","isPartOf":{"@id":"https:\/\/aiserimplants.com\/fr\/#website"},"primaryImageOfPage":{"@id":"https:\/\/aiserimplants.com\/fr\/sieges\/#primaryimage"},"image":{"@id":"https:\/\/aiserimplants.com\/fr\/sieges\/#primaryimage"},"thumbnailUrl":"https:\/\/aiserimplants.com\/wp-content\/uploads\/2022\/04\/Bandiere-Onu.png","datePublished":"2022-04-19T10:35:19+00:00","dateModified":"2026-04-03T17:56:24+00:00","description":"Nos emplacements. Gen\u00e8ve, Suisse Rue du Rh\u00f4ne, 14VH-1204. Duba\u00ef - Milan - New York - Rio de Janeiro - Shanghai - Tokyo...","breadcrumb":{"@id":"https:\/\/aiserimplants.com\/fr\/sieges\/#breadcrumb"},"inLanguage":"fr-FR","potentialAction":[{"@type":"ReadAction","target":["https:\/\/aiserimplants.com\/fr\/sieges\/"]}]},{"@type":"ImageObject","inLanguage":"fr-FR","@id":"https:\/\/aiserimplants.com\/fr\/sieges\/#primaryimage","url":"https:\/\/aiserimplants.com\/wp-content\/uploads\/2022\/04\/Bandiere-Onu.png","contentUrl":"https:\/\/aiserimplants.com\/wp-content\/uploads\/2022\/04\/Bandiere-Onu.png","width":1500,"height":700},{"@type":"BreadcrumbList","@id":"https:\/\/aiserimplants.com\/fr\/sieges\/#breadcrumb","itemListElement":[{"@type":"ListItem","position":1,"name":"Home","item":"https:\/\/aiserimplants.com\/fr\/home\/"},{"@type":"ListItem","position":2,"name":"Si\u00e8ges"}]},{"@type":"WebSite","@id":"https:\/\/aiserimplants.com\/fr\/#website","url":"https:\/\/aiserimplants.com\/fr\/","name":"Aiser Implants","description":"Swiss Quality at its Peak","publisher":{"@id":"https:\/\/aiserimplants.com\/fr\/#organization"},"potentialAction":[{"@type":"SearchAction","target":{"@type":"EntryPoint","urlTemplate":"https:\/\/aiserimplants.com\/fr\/?s={search_term_string}"},"query-input":{"@type":"PropertyValueSpecification","valueRequired":true,"valueName":"search_term_string"}}],"inLanguage":"fr-FR"},{"@type":["Organization","Place"],"@id":"https:\/\/aiserimplants.com\/fr\/#organization","name":"Aiser","url":"https:\/\/aiserimplants.com\/fr\/","logo":{"@id":"https:\/\/aiserimplants.com\/fr\/sieges\/#local-main-organization-logo"},"image":{"@id":"https:\/\/aiserimplants.com\/fr\/sieges\/#local-main-organization-logo"},"telephone":[],"openingHoursSpecification":[{"@type":"OpeningHoursSpecification","dayOfWeek":["Monday","Tuesday","Wednesday","Thursday","Friday","Saturday","Sunday"],"opens":"09:00","closes":"17:00"}]},{"@type":"ImageObject","inLanguage":"fr-FR","@id":"https:\/\/aiserimplants.com\/fr\/sieges\/#local-main-organization-logo","url":"https:\/\/aiserimplants.com\/wp-content\/uploads\/2022\/02\/AISER_logo.jpg","contentUrl":"https:\/\/aiserimplants.com\/wp-content\/uploads\/2022\/02\/AISER_logo.jpg","width":1806,"height":1082,"caption":"Aiser"}]}},"_links":{"self":[{"href":"https:\/\/aiserimplants.com\/fr\/wp-json\/wp\/v2\/pages\/4080","targetHints":{"allow":["GET"]}}],"collection":[{"href":"https:\/\/aiserimplants.com\/fr\/wp-json\/wp\/v2\/pages"}],"about":[{"href":"https:\/\/aiserimplants.com\/fr\/wp-json\/wp\/v2\/types\/page"}],"author":[{"embeddable":true,"href":"https:\/\/aiserimplants.com\/fr\/wp-json\/wp\/v2\/users\/1"}],"replies":[{"embeddable":true,"href":"https:\/\/aiserimplants.com\/fr\/wp-json\/wp\/v2\/comments?post=4080"}],"version-history":[{"count":50,"href":"https:\/\/aiserimplants.com\/fr\/wp-json\/wp\/v2\/pages\/4080\/revisions"}],"predecessor-version":[{"id":7620,"href":"https:\/\/aiserimplants.com\/fr\/wp-json\/wp\/v2\/pages\/4080\/revisions\/7620"}],"wp:featuredmedia":[{"embeddable":true,"href":"https:\/\/aiserimplants.com\/fr\/wp-json\/wp\/v2\/media\/4026"}],"wp:attachment":[{"href":"https:\/\/aiserimplants.com\/fr\/wp-json\/wp\/v2\/media?parent=4080"}],"curies":[{"name":"wp","href":"https:\/\/api.w.org\/{rel}","templated":true}]}}