{"id":4088,"date":"2022-04-19T12:39:50","date_gmt":"2022-04-19T10:39:50","guid":{"rendered":"https:\/\/aiserimplants.com\/club-membership\/"},"modified":"2024-01-30T10:23:44","modified_gmt":"2024-01-30T09:23:44","slug":"club-membership","status":"publish","type":"page","link":"https:\/\/aiserimplants.com\/fr\/club-membership\/","title":{"rendered":"Club Membership"},"content":{"rendered":"\n[et_pb_section fb_built=\u00a0\u00bb1&Prime; fullwidth=\u00a0\u00bbon\u00a0\u00bb _builder_version=\u00a0\u00bb4.14.7&Prime; _module_preset=\u00a0\u00bbdefault\u00a0\u00bb background_color=\u00a0\u00bb#000000&Prime; global_colors_info=\u00a0\u00bb{}\u00a0\u00bb][et_pb_fullwidth_header title=\u00a0\u00bbClub Membership AISER\u00a0\u00bb subhead=\u00a0\u00bbAu service de la vie\u00a0\u00bb _builder_version=\u00a0\u00bb4.14.7&Prime; _module_preset=\u00a0\u00bb5d2311d1-d0df-49c3-8a3a-d366a118df72&Prime; subhead_font_size=\u00a0\u00bb2.3em\u00a0\u00bb background_image=\u00a0\u00bbhttps:\/\/aiserimplants.com\/wp-content\/uploads\/2022\/03\/2-2.png\u00a0\u00bb global_colors_info=\u00a0\u00bb{}\u00a0\u00bb][\/et_pb_fullwidth_header][\/et_pb_section][et_pb_section fb_built=\u00a0\u00bb1&Prime; _builder_version=\u00a0\u00bb4.14.7&Prime; _module_preset=\u00a0\u00bbfa16af20-4da1-42b8-87c8-dab7c09ce721&Prime; global_colors_info=\u00a0\u00bb{}\u00a0\u00bb][et_pb_row _builder_version=\u00a0\u00bb4.14.7&Prime; _module_preset=\u00a0\u00bbdefault\u00a0\u00bb global_colors_info=\u00a0\u00bb{}\u00a0\u00bb][et_pb_column type=\u00a0\u00bb4_4&Prime; _builder_version=\u00a0\u00bb4.14.7&Prime; _module_preset=\u00a0\u00bbdefault\u00a0\u00bb global_colors_info=\u00a0\u00bb{}\u00a0\u00bb][et_pb_text _builder_version=\u00a0\u00bb4.14.7&Prime; _module_preset=\u00a0\u00bbac6eaaff-bd72-4c1b-8d86-322f7edf5272&Prime; background_layout=\u00a0\u00bbdark\u00a0\u00bb custom_padding=\u00a0\u00bb0px|||||\u00a0\u00bb hover_enabled=\u00a0\u00bb0&Prime; global_colors_info=\u00a0\u00bb{}\u00a0\u00bb text_orientation=\u00a0\u00bbcenter\u00a0\u00bb sticky_enabled=\u00a0\u00bb0&Prime;]Le Club Membership AISER souhaite vous offir l\u2019opportunit\u00e9 de toujours <strong>vivre ce que vous aimez<\/strong>.\n\nEn adh\u00e9rant, vous avez la <strong>libert\u00e9 de choisir<\/strong> quand et comment utiliser vos avantages.\n\nPour en savoir plus, contactez-nous au <strong><a href=\"tel:+410228191709\">+41 (0) 22 819 1709<\/a><\/strong> ou \u00e9crivez \u00e0 <strong><a href=\"geneve@aiserimplants.com\">geneve@aiserimplants.com<\/a><\/strong>.[\/et_pb_text][\/et_pb_column][\/et_pb_row][\/et_pb_section][et_pb_section fb_built=\u00a0\u00bb1&Prime; _builder_version=\u00a0\u00bb4.14.7&Prime; _module_preset=\u00a0\u00bbfa16af20-4da1-42b8-87c8-dab7c09ce721&Prime; global_colors_info=\u00a0\u00bb{}\u00a0\u00bb][\/et_pb_section]\n","protected":false},"excerpt":{"rendered":"<p>Avec les implants dentaires Aiser, vous pouvez d\u00e9couvrir ce que vous aimez. Obtenez la libert\u00e9 de choisir comment et quand vous utilisez vos avantages. Vous d\u00e9couvrez&#8230;<\/p>\n","protected":false},"author":2,"featured_media":3763,"parent":0,"menu_order":0,"comment_status":"closed","ping_status":"closed","template":"","meta":{"_acf_changed":false,"_et_pb_use_builder":"on","_et_pb_old_content":"","_et_gb_content_width":"","footnotes":""},"class_list":["post-4088","page","type-page","status-publish","has-post-thumbnail","hentry"],"acf":[],"yoast_head":"<!-- This site is optimized with the Yoast SEO Premium plugin v25.2 (Yoast SEO v27.1) - https:\/\/yoast.com\/product\/yoast-seo-premium-wordpress\/ -->\n<title>Club Membership - Aiser Implants<\/title>\n<meta name=\"description\" content=\"Avec les implants dentaires Aiser, vous pouvez d\u00e9couvrir ce que vous aimez. Obtenez la libert\u00e9 de choisir comment et quand vous utilisez vos avantages. Vous d\u00e9couvrez...\" \/>\n<meta name=\"robots\" content=\"index, follow, max-snippet:-1, max-image-preview:large, max-video-preview:-1\" \/>\n<link rel=\"canonical\" href=\"https:\/\/aiserimplants.com\/fr\/club-membership\/\" \/>\n<meta property=\"og:locale\" content=\"fr_FR\" \/>\n<meta property=\"og:type\" content=\"article\" \/>\n<meta property=\"og:title\" content=\"Implants dentaires Aiser\" \/>\n<meta property=\"og:description\" content=\"Avec les implants dentaires Aiser, vous pouvez d\u00e9couvrir ce que vous aimez. Obtenez la libert\u00e9 de choisir comment et quand vous utilisez vos avantages. Vous d\u00e9couvrez...\" \/>\n<meta property=\"og:url\" content=\"https:\/\/aiserimplants.com\/fr\/club-membership\/\" \/>\n<meta property=\"og:site_name\" content=\"Aiser Implants\" \/>\n<meta property=\"article:modified_time\" content=\"2024-01-30T09:23:44+00:00\" \/>\n<meta property=\"og:image\" content=\"https:\/\/aiserimplants.com\/wp-content\/uploads\/2022\/02\/AISER_logo-1024x613.jpg\" \/>\n<meta name=\"twitter:card\" content=\"summary_large_image\" \/>\n<meta name=\"twitter:title\" content=\"Club Membership\" \/>\n<meta name=\"twitter:label1\" content=\"Dur\u00e9e de lecture estim\u00e9e\" \/>\n\t<meta name=\"twitter:data1\" content=\"1 minute\" \/>\n<script type=\"application\/ld+json\" class=\"yoast-schema-graph\">{\"@context\":\"https:\/\/schema.org\",\"@graph\":[{\"@type\":\"WebPage\",\"@id\":\"https:\/\/aiserimplants.com\/fr\/club-membership\/\",\"url\":\"https:\/\/aiserimplants.com\/fr\/club-membership\/\",\"name\":\"Club Membership - Aiser Implants\",\"isPartOf\":{\"@id\":\"https:\/\/aiserimplants.com\/fr\/#website\"},\"primaryImageOfPage\":{\"@id\":\"https:\/\/aiserimplants.com\/fr\/club-membership\/#primaryimage\"},\"image\":{\"@id\":\"https:\/\/aiserimplants.com\/fr\/club-membership\/#primaryimage\"},\"thumbnailUrl\":\"https:\/\/aiserimplants.com\/wp-content\/uploads\/2022\/02\/AISER_logo.jpg\",\"datePublished\":\"2022-04-19T10:39:50+00:00\",\"dateModified\":\"2024-01-30T09:23:44+00:00\",\"description\":\"Avec les implants dentaires Aiser, vous pouvez d\u00e9couvrir ce que vous aimez. Obtenez la libert\u00e9 de choisir comment et quand vous utilisez vos avantages. Vous d\u00e9couvrez...\",\"breadcrumb\":{\"@id\":\"https:\/\/aiserimplants.com\/fr\/club-membership\/#breadcrumb\"},\"inLanguage\":\"fr-FR\",\"potentialAction\":[{\"@type\":\"ReadAction\",\"target\":[\"https:\/\/aiserimplants.com\/fr\/club-membership\/\"]}]},{\"@type\":\"ImageObject\",\"inLanguage\":\"fr-FR\",\"@id\":\"https:\/\/aiserimplants.com\/fr\/club-membership\/#primaryimage\",\"url\":\"https:\/\/aiserimplants.com\/wp-content\/uploads\/2022\/02\/AISER_logo.jpg\",\"contentUrl\":\"https:\/\/aiserimplants.com\/wp-content\/uploads\/2022\/02\/AISER_logo.jpg\",\"width\":1806,\"height\":1082},{\"@type\":\"BreadcrumbList\",\"@id\":\"https:\/\/aiserimplants.com\/fr\/club-membership\/#breadcrumb\",\"itemListElement\":[{\"@type\":\"ListItem\",\"position\":1,\"name\":\"Home\",\"item\":\"https:\/\/aiserimplants.com\/fr\/home\/\"},{\"@type\":\"ListItem\",\"position\":2,\"name\":\"Club Membership\"}]},{\"@type\":\"WebSite\",\"@id\":\"https:\/\/aiserimplants.com\/fr\/#website\",\"url\":\"https:\/\/aiserimplants.com\/fr\/\",\"name\":\"Aiser Implants\",\"description\":\"Swiss Quality at its Peak\",\"publisher\":{\"@id\":\"https:\/\/aiserimplants.com\/fr\/#organization\"},\"potentialAction\":[{\"@type\":\"SearchAction\",\"target\":{\"@type\":\"EntryPoint\",\"urlTemplate\":\"https:\/\/aiserimplants.com\/fr\/?s={search_term_string}\"},\"query-input\":{\"@type\":\"PropertyValueSpecification\",\"valueRequired\":true,\"valueName\":\"search_term_string\"}}],\"inLanguage\":\"fr-FR\"},{\"@type\":[\"Organization\",\"Place\"],\"@id\":\"https:\/\/aiserimplants.com\/fr\/#organization\",\"name\":\"Aiser\",\"url\":\"https:\/\/aiserimplants.com\/fr\/\",\"logo\":{\"@id\":\"https:\/\/aiserimplants.com\/fr\/club-membership\/#local-main-organization-logo\"},\"image\":{\"@id\":\"https:\/\/aiserimplants.com\/fr\/club-membership\/#local-main-organization-logo\"},\"telephone\":[],\"openingHoursSpecification\":[{\"@type\":\"OpeningHoursSpecification\",\"dayOfWeek\":[\"Monday\",\"Tuesday\",\"Wednesday\",\"Thursday\",\"Friday\",\"Saturday\",\"Sunday\"],\"opens\":\"09:00\",\"closes\":\"17:00\"}]},{\"@type\":\"ImageObject\",\"inLanguage\":\"fr-FR\",\"@id\":\"https:\/\/aiserimplants.com\/fr\/club-membership\/#local-main-organization-logo\",\"url\":\"https:\/\/aiserimplants.com\/wp-content\/uploads\/2022\/02\/AISER_logo.jpg\",\"contentUrl\":\"https:\/\/aiserimplants.com\/wp-content\/uploads\/2022\/02\/AISER_logo.jpg\",\"width\":1806,\"height\":1082,\"caption\":\"Aiser\"}]}<\/script>\n<!-- \/ Yoast SEO Premium plugin. -->","yoast_head_json":{"title":"Club Membership - Aiser Implants","description":"Avec les implants dentaires Aiser, vous pouvez d\u00e9couvrir ce que vous aimez. Obtenez la libert\u00e9 de choisir comment et quand vous utilisez vos avantages. Vous d\u00e9couvrez...","robots":{"index":"index","follow":"follow","max-snippet":"max-snippet:-1","max-image-preview":"max-image-preview:large","max-video-preview":"max-video-preview:-1"},"canonical":"https:\/\/aiserimplants.com\/fr\/club-membership\/","og_locale":"fr_FR","og_type":"article","og_title":"Implants dentaires Aiser","og_description":"Avec les implants dentaires Aiser, vous pouvez d\u00e9couvrir ce que vous aimez. Obtenez la libert\u00e9 de choisir comment et quand vous utilisez vos avantages. Vous d\u00e9couvrez...","og_url":"https:\/\/aiserimplants.com\/fr\/club-membership\/","og_site_name":"Aiser Implants","article_modified_time":"2024-01-30T09:23:44+00:00","og_image":[{"url":"https:\/\/aiserimplants.com\/wp-content\/uploads\/2022\/02\/AISER_logo-1024x613.jpg","type":"","width":"","height":""}],"twitter_card":"summary_large_image","twitter_title":"Club Membership","twitter_misc":{"Dur\u00e9e de lecture estim\u00e9e":"1 minute"},"schema":{"@context":"https:\/\/schema.org","@graph":[{"@type":"WebPage","@id":"https:\/\/aiserimplants.com\/fr\/club-membership\/","url":"https:\/\/aiserimplants.com\/fr\/club-membership\/","name":"Club Membership - Aiser Implants","isPartOf":{"@id":"https:\/\/aiserimplants.com\/fr\/#website"},"primaryImageOfPage":{"@id":"https:\/\/aiserimplants.com\/fr\/club-membership\/#primaryimage"},"image":{"@id":"https:\/\/aiserimplants.com\/fr\/club-membership\/#primaryimage"},"thumbnailUrl":"https:\/\/aiserimplants.com\/wp-content\/uploads\/2022\/02\/AISER_logo.jpg","datePublished":"2022-04-19T10:39:50+00:00","dateModified":"2024-01-30T09:23:44+00:00","description":"Avec les implants dentaires Aiser, vous pouvez d\u00e9couvrir ce que vous aimez. Obtenez la libert\u00e9 de choisir comment et quand vous utilisez vos avantages. Vous d\u00e9couvrez...","breadcrumb":{"@id":"https:\/\/aiserimplants.com\/fr\/club-membership\/#breadcrumb"},"inLanguage":"fr-FR","potentialAction":[{"@type":"ReadAction","target":["https:\/\/aiserimplants.com\/fr\/club-membership\/"]}]},{"@type":"ImageObject","inLanguage":"fr-FR","@id":"https:\/\/aiserimplants.com\/fr\/club-membership\/#primaryimage","url":"https:\/\/aiserimplants.com\/wp-content\/uploads\/2022\/02\/AISER_logo.jpg","contentUrl":"https:\/\/aiserimplants.com\/wp-content\/uploads\/2022\/02\/AISER_logo.jpg","width":1806,"height":1082},{"@type":"BreadcrumbList","@id":"https:\/\/aiserimplants.com\/fr\/club-membership\/#breadcrumb","itemListElement":[{"@type":"ListItem","position":1,"name":"Home","item":"https:\/\/aiserimplants.com\/fr\/home\/"},{"@type":"ListItem","position":2,"name":"Club Membership"}]},{"@type":"WebSite","@id":"https:\/\/aiserimplants.com\/fr\/#website","url":"https:\/\/aiserimplants.com\/fr\/","name":"Aiser Implants","description":"Swiss Quality at its Peak","publisher":{"@id":"https:\/\/aiserimplants.com\/fr\/#organization"},"potentialAction":[{"@type":"SearchAction","target":{"@type":"EntryPoint","urlTemplate":"https:\/\/aiserimplants.com\/fr\/?s={search_term_string}"},"query-input":{"@type":"PropertyValueSpecification","valueRequired":true,"valueName":"search_term_string"}}],"inLanguage":"fr-FR"},{"@type":["Organization","Place"],"@id":"https:\/\/aiserimplants.com\/fr\/#organization","name":"Aiser","url":"https:\/\/aiserimplants.com\/fr\/","logo":{"@id":"https:\/\/aiserimplants.com\/fr\/club-membership\/#local-main-organization-logo"},"image":{"@id":"https:\/\/aiserimplants.com\/fr\/club-membership\/#local-main-organization-logo"},"telephone":[],"openingHoursSpecification":[{"@type":"OpeningHoursSpecification","dayOfWeek":["Monday","Tuesday","Wednesday","Thursday","Friday","Saturday","Sunday"],"opens":"09:00","closes":"17:00"}]},{"@type":"ImageObject","inLanguage":"fr-FR","@id":"https:\/\/aiserimplants.com\/fr\/club-membership\/#local-main-organization-logo","url":"https:\/\/aiserimplants.com\/wp-content\/uploads\/2022\/02\/AISER_logo.jpg","contentUrl":"https:\/\/aiserimplants.com\/wp-content\/uploads\/2022\/02\/AISER_logo.jpg","width":1806,"height":1082,"caption":"Aiser"}]}},"_links":{"self":[{"href":"https:\/\/aiserimplants.com\/fr\/wp-json\/wp\/v2\/pages\/4088","targetHints":{"allow":["GET"]}}],"collection":[{"href":"https:\/\/aiserimplants.com\/fr\/wp-json\/wp\/v2\/pages"}],"about":[{"href":"https:\/\/aiserimplants.com\/fr\/wp-json\/wp\/v2\/types\/page"}],"author":[{"embeddable":true,"href":"https:\/\/aiserimplants.com\/fr\/wp-json\/wp\/v2\/users\/2"}],"replies":[{"embeddable":true,"href":"https:\/\/aiserimplants.com\/fr\/wp-json\/wp\/v2\/comments?post=4088"}],"version-history":[{"count":4,"href":"https:\/\/aiserimplants.com\/fr\/wp-json\/wp\/v2\/pages\/4088\/revisions"}],"predecessor-version":[{"id":5273,"href":"https:\/\/aiserimplants.com\/fr\/wp-json\/wp\/v2\/pages\/4088\/revisions\/5273"}],"wp:featuredmedia":[{"embeddable":true,"href":"https:\/\/aiserimplants.com\/fr\/wp-json\/wp\/v2\/media\/3763"}],"wp:attachment":[{"href":"https:\/\/aiserimplants.com\/fr\/wp-json\/wp\/v2\/media?parent=4088"}],"curies":[{"name":"wp","href":"https:\/\/api.w.org\/{rel}","templated":true}]}}