{"id":1212,"date":"2022-02-15T16:34:03","date_gmt":"2022-02-15T15:34:03","guid":{"rendered":"https:\/\/aiserimplants.com\/?page_id=1212"},"modified":"2022-06-22T12:42:32","modified_gmt":"2022-06-22T10:42:32","slug":"aiser-implant-system","status":"publish","type":"page","link":"https:\/\/aiserimplants.com\/it\/prodotti\/aiser-implant-system\/","title":{"rendered":"Aiser Implant System"},"content":{"rendered":"\n\n[et_pb_section fb_built=&#8221;1&#8243; fullwidth=&#8221;on&#8221; _builder_version=&#8221;4.14.7&#8243; _module_preset=&#8221;default&#8221; background_color=&#8221;#000000&#8243; global_colors_info=&#8221;{}&#8221;][et_pb_fullwidth_header title=&#8221;AISER Implant System&#8221; subhead=&#8221;Resistenza e Prestazioni di Bioattivit\u00e0 Sorprendenti&#8221; header_fullscreen=&#8221;off&#8221; _builder_version=&#8221;4.14.9&#8243; _module_preset=&#8221;5d2311d1-d0df-49c3-8a3a-d366a118df72&#8243; background_image=&#8221;https:\/\/aiserimplants.com\/wp-content\/uploads\/2022\/04\/Aiser-Swiss.png&#8221; parallax=&#8221;off&#8221; global_colors_info=&#8221;{}&#8221;][\/et_pb_fullwidth_header][\/et_pb_section][et_pb_section fb_built=&#8221;1&#8243; _builder_version=&#8221;4.14.7&#8243; _module_preset=&#8221;fa16af20-4da1-42b8-87c8-dab7c09ce721&#8243; global_colors_info=&#8221;{}&#8221;][et_pb_row _builder_version=&#8221;4.14.7&#8243; _module_preset=&#8221;default&#8221; global_colors_info=&#8221;{}&#8221;][et_pb_column type=&#8221;4_4&#8243; _builder_version=&#8221;4.14.7&#8243; _module_preset=&#8221;default&#8221; global_colors_info=&#8221;{}&#8221;][et_pb_text _builder_version=&#8221;4.14.9&#8243; _module_preset=&#8221;ac6eaaff-bd72-4c1b-8d86-322f7edf5272&#8243; text_font=&#8221;Montserrat||||||||&#8221; text_font_size=&#8221;17px&#8221; background_layout=&#8221;dark&#8221; animation_style=&#8221;fade&#8221; hover_enabled=&#8221;0&#8243; global_colors_info=&#8221;{}&#8221; sticky_enabled=&#8221;0&#8243;]<h2><em>Gli impianti AISER Implant System sono progettati per non accettare compromessi<\/em><\/h2>\n<p>Titanio Top Class per la massima <strong>affidabilit\u00e0 meccanica<\/strong>.<\/p>\n<p>Trattamento etching ossidativo AISER Biosyn-D, per <strong>strabilianti prestazioni di bioattivit\u00e0<\/strong>.<\/p>\n<p>Affidabilit\u00e0 ed Innovazione, per<strong> dare al professionista solo il meglio.<\/strong><\/p>\n<p>Le linee implantari che compongono AISER Implant System sono realizzate <strong>per dare risposta ad ogni necessit\u00e0 clinica<\/strong>, con impianti versatili ed affidabili.<\/p>\n<p>Gli impianti sono disponibili nelle linee <strong>AISER Tytan<\/strong>, <strong>AISER Themys<\/strong>, <strong>AISER Ceos<\/strong>.<\/p>[\/et_pb_text][\/et_pb_column][\/et_pb_row][et_pb_row column_structure=&#8221;1_3,1_3,1_3&#8243; _builder_version=&#8221;4.14.7&#8243; _module_preset=&#8221;default&#8221; global_colors_info=&#8221;{}&#8221;][et_pb_column type=&#8221;1_3&#8243; _builder_version=&#8221;4.14.7&#8243; _module_preset=&#8221;default&#8221; global_colors_info=&#8221;{}&#8221;][et_pb_image src=&#8221;https:\/\/aiserimplants.com\/wp-content\/uploads\/2021\/12\/Aiser_Tytan_300x600.jpg&#8221; alt=&#8221;Aiser Tytan&#8221; title_text=&#8221;Aiser Tytan&#8221; url=&#8221;@ET-DC@eyJkeW5hbWljIjp0cnVlLCJjb250ZW50IjoicG9zdF9saW5rX3VybF9wcm9kb3R0byIsInNldHRpbmdzIjp7InBvc3RfaWQiOiI1MDMifX0=@&#8221; admin_label=&#8221;Tytan&#8221; _builder_version=&#8221;4.14.9&#8243; _dynamic_attributes=&#8221;url&#8221; _module_preset=&#8221;fe957858-38b0-45b7-a6a9-0f2846127584&#8243; global_colors_info=&#8221;{}&#8221;][\/et_pb_image][\/et_pb_column][et_pb_column type=&#8221;1_3&#8243; _builder_version=&#8221;4.14.7&#8243; _module_preset=&#8221;default&#8221; global_colors_info=&#8221;{}&#8221;][et_pb_image src=&#8221;https:\/\/aiserimplants.com\/wp-content\/uploads\/2021\/12\/Aiser_Themys_400x600.jpg&#8221; alt=&#8221;Aiser Themys&#8221; title_text=&#8221;Aiser Themys&#8221; url=&#8221;@ET-DC@eyJkeW5hbWljIjp0cnVlLCJjb250ZW50IjoicG9zdF9saW5rX3VybF9wcm9kb3R0byIsInNldHRpbmdzIjp7InBvc3RfaWQiOiI1NTQifX0=@&#8221; admin_label=&#8221;Themys&#8221; _builder_version=&#8221;4.14.9&#8243; _dynamic_attributes=&#8221;url&#8221; _module_preset=&#8221;fe957858-38b0-45b7-a6a9-0f2846127584&#8243; global_colors_info=&#8221;{}&#8221;][\/et_pb_image][\/et_pb_column][et_pb_column type=&#8221;1_3&#8243; _builder_version=&#8221;4.14.7&#8243; _module_preset=&#8221;default&#8221; global_colors_info=&#8221;{}&#8221;][et_pb_image src=&#8221;https:\/\/aiserimplants.com\/wp-content\/uploads\/2022\/04\/Aiser_Ceos_400x600.jpg&#8221; alt=&#8221;Aiser Ceos&#8221; title_text=&#8221;Aiser Ceos&#8221; url=&#8221;@ET-DC@eyJkeW5hbWljIjp0cnVlLCJjb250ZW50IjoicG9zdF9saW5rX3VybF9wcm9kb3R0byIsInNldHRpbmdzIjp7InBvc3RfaWQiOiI1NTUifX0=@&#8221; admin_label=&#8221;Ceos&#8221; _builder_version=&#8221;4.14.9&#8243; _dynamic_attributes=&#8221;url&#8221; _module_preset=&#8221;fe957858-38b0-45b7-a6a9-0f2846127584&#8243; global_colors_info=&#8221;{}&#8221;][\/et_pb_image][\/et_pb_column][\/et_pb_row][\/et_pb_section]\n\n","protected":false},"excerpt":{"rendered":"<p>Gli impianti AISER Implant System sono progettati per non accettare compromessi Titanio Top Class per la massima affidabilit\u00e0 meccanica. Trattamento etching ossidativo AISER Biosyn-D, per strabilianti prestazioni di bioattivit\u00e0. Affidabilit\u00e0 ed Innovazione, per dare al professionista solo il meglio. Le linee implantari che compongono AISER Implant System sono realizzate per dare risposta ad ogni necessit\u00e0 [&hellip;]<\/p>\n","protected":false},"author":1,"featured_media":0,"parent":254,"menu_order":1,"comment_status":"closed","ping_status":"closed","template":"","meta":{"_acf_changed":false,"_et_pb_use_builder":"on","_et_pb_old_content":"","_et_gb_content_width":"","footnotes":""},"class_list":["post-1212","page","type-page","status-publish","hentry"],"acf":[],"yoast_head":"<!-- This site is optimized with the Yoast SEO Premium plugin v25.2 (Yoast SEO v27.1) - https:\/\/yoast.com\/product\/yoast-seo-premium-wordpress\/ -->\n<title>Aiser Implant System - Aiser Implants<\/title>\n<meta name=\"description\" content=\"Gli Impianti Dentali della linea Aiser Implant System sono progettati per non accettare compromessi. Resistenza e Prestazioni Sorprendenti...\" \/>\n<meta name=\"robots\" content=\"index, follow, max-snippet:-1, max-image-preview:large, max-video-preview:-1\" \/>\n<link rel=\"canonical\" href=\"https:\/\/aiserimplants.com\/it\/prodotti\/aiser-implant-system\/\" \/>\n<meta property=\"og:locale\" content=\"it_IT\" \/>\n<meta property=\"og:type\" content=\"article\" \/>\n<meta property=\"og:title\" content=\"Impianti Dentali della linea Aiser Implant System\" \/>\n<meta property=\"og:description\" content=\"Gli Impianti Dentali della linea Aiser Implant System sono progettati per non accettare compromessi. Resistenza e Prestazioni Sorprendenti...\" \/>\n<meta property=\"og:url\" content=\"https:\/\/aiserimplants.com\/it\/prodotti\/aiser-implant-system\/\" \/>\n<meta property=\"og:site_name\" content=\"Aiser Implants\" \/>\n<meta property=\"article:modified_time\" content=\"2022-06-22T10:42:32+00:00\" \/>\n<meta property=\"og:image\" content=\"https:\/\/aiserimplants.com\/wp-content\/uploads\/2022\/02\/AISER_logo.jpg\" \/>\n\t<meta property=\"og:image:width\" content=\"1806\" \/>\n\t<meta property=\"og:image:height\" content=\"1082\" \/>\n\t<meta property=\"og:image:type\" content=\"image\/jpeg\" \/>\n<meta name=\"twitter:card\" content=\"summary_large_image\" \/>\n<meta name=\"twitter:title\" content=\"Aiser Implant System\" \/>\n<meta name=\"twitter:label1\" content=\"Tempo di lettura stimato\" \/>\n\t<meta name=\"twitter:data1\" content=\"1 minuto\" \/>\n<script type=\"application\/ld+json\" class=\"yoast-schema-graph\">{\"@context\":\"https:\/\/schema.org\",\"@graph\":[{\"@type\":\"WebPage\",\"@id\":\"https:\/\/aiserimplants.com\/it\/prodotti\/aiser-implant-system\/\",\"url\":\"https:\/\/aiserimplants.com\/it\/prodotti\/aiser-implant-system\/\",\"name\":\"Aiser Implant System - Aiser Implants\",\"isPartOf\":{\"@id\":\"https:\/\/aiserimplants.com\/it\/#website\"},\"datePublished\":\"2022-02-15T15:34:03+00:00\",\"dateModified\":\"2022-06-22T10:42:32+00:00\",\"description\":\"Gli Impianti Dentali della linea Aiser Implant System sono progettati per non accettare compromessi. Resistenza e Prestazioni Sorprendenti...\",\"breadcrumb\":{\"@id\":\"https:\/\/aiserimplants.com\/it\/prodotti\/aiser-implant-system\/#breadcrumb\"},\"inLanguage\":\"it-IT\",\"potentialAction\":[{\"@type\":\"ReadAction\",\"target\":[\"https:\/\/aiserimplants.com\/it\/prodotti\/aiser-implant-system\/\"]}]},{\"@type\":\"BreadcrumbList\",\"@id\":\"https:\/\/aiserimplants.com\/it\/prodotti\/aiser-implant-system\/#breadcrumb\",\"itemListElement\":[{\"@type\":\"ListItem\",\"position\":1,\"name\":\"Home\",\"item\":\"https:\/\/aiserimplants.com\/it\/\"},{\"@type\":\"ListItem\",\"position\":2,\"name\":\"Prodotti\",\"item\":\"https:\/\/aiserimplants.com\/it\/prodotti\/\"},{\"@type\":\"ListItem\",\"position\":3,\"name\":\"Aiser Implant System\"}]},{\"@type\":\"WebSite\",\"@id\":\"https:\/\/aiserimplants.com\/it\/#website\",\"url\":\"https:\/\/aiserimplants.com\/it\/\",\"name\":\"Aiser Implants\",\"description\":\"Swiss Quality at its Peak\",\"publisher\":{\"@id\":\"https:\/\/aiserimplants.com\/it\/#organization\"},\"potentialAction\":[{\"@type\":\"SearchAction\",\"target\":{\"@type\":\"EntryPoint\",\"urlTemplate\":\"https:\/\/aiserimplants.com\/it\/?s={search_term_string}\"},\"query-input\":{\"@type\":\"PropertyValueSpecification\",\"valueRequired\":true,\"valueName\":\"search_term_string\"}}],\"inLanguage\":\"it-IT\"},{\"@type\":[\"Organization\",\"Place\"],\"@id\":\"https:\/\/aiserimplants.com\/it\/#organization\",\"name\":\"Aiser\",\"url\":\"https:\/\/aiserimplants.com\/it\/\",\"logo\":{\"@id\":\"https:\/\/aiserimplants.com\/it\/prodotti\/aiser-implant-system\/#local-main-organization-logo\"},\"image\":{\"@id\":\"https:\/\/aiserimplants.com\/it\/prodotti\/aiser-implant-system\/#local-main-organization-logo\"},\"telephone\":[],\"openingHoursSpecification\":[{\"@type\":\"OpeningHoursSpecification\",\"dayOfWeek\":[\"Monday\",\"Tuesday\",\"Wednesday\",\"Thursday\",\"Friday\",\"Saturday\",\"Sunday\"],\"opens\":\"09:00\",\"closes\":\"17:00\"}]},{\"@type\":\"ImageObject\",\"inLanguage\":\"it-IT\",\"@id\":\"https:\/\/aiserimplants.com\/it\/prodotti\/aiser-implant-system\/#local-main-organization-logo\",\"url\":\"https:\/\/aiserimplants.com\/wp-content\/uploads\/2022\/02\/AISER_logo.jpg\",\"contentUrl\":\"https:\/\/aiserimplants.com\/wp-content\/uploads\/2022\/02\/AISER_logo.jpg\",\"width\":1806,\"height\":1082,\"caption\":\"Aiser\"}]}<\/script>\n<!-- \/ Yoast SEO Premium plugin. -->","yoast_head_json":{"title":"Aiser Implant System - Aiser Implants","description":"Gli Impianti Dentali della linea Aiser Implant System sono progettati per non accettare compromessi. Resistenza e Prestazioni Sorprendenti...","robots":{"index":"index","follow":"follow","max-snippet":"max-snippet:-1","max-image-preview":"max-image-preview:large","max-video-preview":"max-video-preview:-1"},"canonical":"https:\/\/aiserimplants.com\/it\/prodotti\/aiser-implant-system\/","og_locale":"it_IT","og_type":"article","og_title":"Impianti Dentali della linea Aiser Implant System","og_description":"Gli Impianti Dentali della linea Aiser Implant System sono progettati per non accettare compromessi. Resistenza e Prestazioni Sorprendenti...","og_url":"https:\/\/aiserimplants.com\/it\/prodotti\/aiser-implant-system\/","og_site_name":"Aiser Implants","article_modified_time":"2022-06-22T10:42:32+00:00","og_image":[{"width":1806,"height":1082,"url":"https:\/\/aiserimplants.com\/wp-content\/uploads\/2022\/02\/AISER_logo.jpg","type":"image\/jpeg"}],"twitter_card":"summary_large_image","twitter_title":"Aiser Implant System","twitter_misc":{"Tempo di lettura stimato":"1 minuto"},"schema":{"@context":"https:\/\/schema.org","@graph":[{"@type":"WebPage","@id":"https:\/\/aiserimplants.com\/it\/prodotti\/aiser-implant-system\/","url":"https:\/\/aiserimplants.com\/it\/prodotti\/aiser-implant-system\/","name":"Aiser Implant System - Aiser Implants","isPartOf":{"@id":"https:\/\/aiserimplants.com\/it\/#website"},"datePublished":"2022-02-15T15:34:03+00:00","dateModified":"2022-06-22T10:42:32+00:00","description":"Gli Impianti Dentali della linea Aiser Implant System sono progettati per non accettare compromessi. Resistenza e Prestazioni Sorprendenti...","breadcrumb":{"@id":"https:\/\/aiserimplants.com\/it\/prodotti\/aiser-implant-system\/#breadcrumb"},"inLanguage":"it-IT","potentialAction":[{"@type":"ReadAction","target":["https:\/\/aiserimplants.com\/it\/prodotti\/aiser-implant-system\/"]}]},{"@type":"BreadcrumbList","@id":"https:\/\/aiserimplants.com\/it\/prodotti\/aiser-implant-system\/#breadcrumb","itemListElement":[{"@type":"ListItem","position":1,"name":"Home","item":"https:\/\/aiserimplants.com\/it\/"},{"@type":"ListItem","position":2,"name":"Prodotti","item":"https:\/\/aiserimplants.com\/it\/prodotti\/"},{"@type":"ListItem","position":3,"name":"Aiser Implant System"}]},{"@type":"WebSite","@id":"https:\/\/aiserimplants.com\/it\/#website","url":"https:\/\/aiserimplants.com\/it\/","name":"Aiser Implants","description":"Swiss Quality at its Peak","publisher":{"@id":"https:\/\/aiserimplants.com\/it\/#organization"},"potentialAction":[{"@type":"SearchAction","target":{"@type":"EntryPoint","urlTemplate":"https:\/\/aiserimplants.com\/it\/?s={search_term_string}"},"query-input":{"@type":"PropertyValueSpecification","valueRequired":true,"valueName":"search_term_string"}}],"inLanguage":"it-IT"},{"@type":["Organization","Place"],"@id":"https:\/\/aiserimplants.com\/it\/#organization","name":"Aiser","url":"https:\/\/aiserimplants.com\/it\/","logo":{"@id":"https:\/\/aiserimplants.com\/it\/prodotti\/aiser-implant-system\/#local-main-organization-logo"},"image":{"@id":"https:\/\/aiserimplants.com\/it\/prodotti\/aiser-implant-system\/#local-main-organization-logo"},"telephone":[],"openingHoursSpecification":[{"@type":"OpeningHoursSpecification","dayOfWeek":["Monday","Tuesday","Wednesday","Thursday","Friday","Saturday","Sunday"],"opens":"09:00","closes":"17:00"}]},{"@type":"ImageObject","inLanguage":"it-IT","@id":"https:\/\/aiserimplants.com\/it\/prodotti\/aiser-implant-system\/#local-main-organization-logo","url":"https:\/\/aiserimplants.com\/wp-content\/uploads\/2022\/02\/AISER_logo.jpg","contentUrl":"https:\/\/aiserimplants.com\/wp-content\/uploads\/2022\/02\/AISER_logo.jpg","width":1806,"height":1082,"caption":"Aiser"}]}},"_links":{"self":[{"href":"https:\/\/aiserimplants.com\/it\/wp-json\/wp\/v2\/pages\/1212","targetHints":{"allow":["GET"]}}],"collection":[{"href":"https:\/\/aiserimplants.com\/it\/wp-json\/wp\/v2\/pages"}],"about":[{"href":"https:\/\/aiserimplants.com\/it\/wp-json\/wp\/v2\/types\/page"}],"author":[{"embeddable":true,"href":"https:\/\/aiserimplants.com\/it\/wp-json\/wp\/v2\/users\/1"}],"replies":[{"embeddable":true,"href":"https:\/\/aiserimplants.com\/it\/wp-json\/wp\/v2\/comments?post=1212"}],"version-history":[{"count":37,"href":"https:\/\/aiserimplants.com\/it\/wp-json\/wp\/v2\/pages\/1212\/revisions"}],"predecessor-version":[{"id":3473,"href":"https:\/\/aiserimplants.com\/it\/wp-json\/wp\/v2\/pages\/1212\/revisions\/3473"}],"up":[{"embeddable":true,"href":"https:\/\/aiserimplants.com\/it\/wp-json\/wp\/v2\/pages\/254"}],"wp:attachment":[{"href":"https:\/\/aiserimplants.com\/it\/wp-json\/wp\/v2\/media?parent=1212"}],"curies":[{"name":"wp","href":"https:\/\/api.w.org\/{rel}","templated":true}]}}