{"id":1738,"date":"2022-03-04T11:21:27","date_gmt":"2022-03-04T10:21:27","guid":{"rendered":"https:\/\/aiserimplants.com\/?page_id=1738"},"modified":"2024-01-09T12:46:32","modified_gmt":"2024-01-09T11:46:32","slug":"qualita-svizzera","status":"publish","type":"page","link":"https:\/\/aiserimplants.com\/it\/qualita-svizzera\/","title":{"rendered":"Qualit\u00e0 Svizzera"},"content":{"rendered":"<p>[et_pb_section fb_built=&#8221;1&#8243; fullwidth=&#8221;on&#8221; admin_label=&#8221;Hero Section&#8221; _builder_version=&#8221;4.16&#8243; background_color=&#8221;#000000&#8243; parallax=&#8221;on&#8221; custom_padding=&#8221;0px|0px|0px|0px&#8221; global_colors_info=&#8221;{}&#8221;][et_pb_fullwidth_header title=&#8221;Qualit\u00e0 Svizzera&#8221; subhead=&#8221;Ogni Impianto Dentale AISER, la relativa componentistica e gli Strumenti Chirurgici sono prodotti in accordo a Rigorosi Standard Qualitativi&#8221; admin_label=&#8221;Hero&#8221; _builder_version=&#8221;4.16&#8243; _module_preset=&#8221;5d2311d1-d0df-49c3-8a3a-d366a118df72&#8243; background_enable_color=&#8221;off&#8221; background_image=&#8221;https:\/\/aiserimplants.com\/wp-content\/uploads\/2022\/02\/travel-landscape-17.jpg&#8221; button_one_text_color_hover=&#8221;#ffffff&#8221; button_one_border_color_hover=&#8221;#ffffff&#8221; button_one_border_radius_hover=&#8221;0px&#8221; button_one_letter_spacing_hover=&#8221;4px&#8221; button_one_bg_color_hover=&#8221;rgba(0,0,0,0)&#8221; global_colors_info=&#8221;{}&#8221; button_one_text_size__hover_enabled=&#8221;off&#8221; button_two_text_size__hover_enabled=&#8221;off&#8221; button_one_text_color__hover_enabled=&#8221;on&#8221; button_one_text_color__hover=&#8221;#ffffff&#8221; button_two_text_color__hover_enabled=&#8221;off&#8221; button_one_border_width__hover_enabled=&#8221;off&#8221; button_two_border_width__hover_enabled=&#8221;off&#8221; button_one_border_color__hover_enabled=&#8221;on&#8221; button_one_border_color__hover=&#8221;#ffffff&#8221; button_two_border_color__hover_enabled=&#8221;off&#8221; button_one_border_radius__hover_enabled=&#8221;on&#8221; button_one_border_radius__hover=&#8221;0px&#8221; button_two_border_radius__hover_enabled=&#8221;off&#8221; button_one_letter_spacing__hover_enabled=&#8221;on&#8221; button_one_letter_spacing__hover=&#8221;4px&#8221; button_two_letter_spacing__hover_enabled=&#8221;off&#8221; button_one_bg_color__hover_enabled=&#8221;on&#8221; button_one_bg_color__hover=&#8221;rgba(0,0,0,0)&#8221; button_two_bg_color__hover_enabled=&#8221;off&#8221;][\/et_pb_fullwidth_header][\/et_pb_section][et_pb_section fb_built=&#8221;1&#8243; _builder_version=&#8221;4.21.0&#8243; _module_preset=&#8221;default&#8221; background_color=&#8221;#000000&#8243; global_colors_info=&#8221;{}&#8221;][et_pb_row _builder_version=&#8221;4.17.3&#8243; _module_preset=&#8221;default&#8221; locked=&#8221;off&#8221; global_colors_info=&#8221;{}&#8221; column_structure=&#8221;3_4,1_4&#8243;][et_pb_column type=&#8221;3_4&#8243; _builder_version=&#8221;4.17.3&#8243; _module_preset=&#8221;default&#8221; global_colors_info=&#8221;{}&#8221;][et_pb_text _builder_version=&#8221;4.21.0&#8243; _module_preset=&#8221;default&#8221; text_line_height=&#8221;1.8em&#8221; text_orientation=&#8221;center&#8221; custom_padding=&#8221;|100px||100px|false|true&#8221; custom_padding_tablet=&#8221;|100px||100px|false|true&#8221; custom_padding_phone=&#8221;|0px||0px|false|true&#8221; custom_padding_last_edited=&#8221;on|phone&#8221; global_colors_info=&#8221;{}&#8221;]<\/p>\n<p>Scarica lo studio realizzato in collaborazione con la Facolt\u00e0 di scienze dell&#8217;<strong>Universit\u00e0 di Helsinki Matemaattis-Luonnontieteellinen Tiedekunta<\/strong>.<\/p>\n<p>[\/et_pb_text][et_pb_button button_url=&#8221;https:\/\/aiserimplants.com\/wp-content\/uploads\/2023\/07\/Report-on-SEM-investigation-endosseous-implants-surface-analysis.pdf&#8221; button_text=&#8221;Scarica Ora!&#8221; button_alignment=&#8221;center&#8221; _builder_version=&#8221;4.23.4&#8243; _module_preset=&#8221;d6309e21-bdc4-44a4-869e-39a631350022&#8243; hover_enabled=&#8221;0&#8243; global_colors_info=&#8221;{}&#8221; url_new_window=&#8221;on&#8221; sticky_enabled=&#8221;0&#8243;][\/et_pb_button][\/et_pb_column][et_pb_column type=&#8221;1_4&#8243; _builder_version=&#8221;4.17.3&#8243; _module_preset=&#8221;default&#8221; global_colors_info=&#8221;{}&#8221;][et_pb_image _builder_version=&#8221;4.23.4&#8243; _module_preset=&#8221;default&#8221; title_text=&#8221;Printable document (Report on SEM investigation &#8211; Helsinki)&#8221; src=&#8221;https:\/\/aiserimplants.com\/wp-content\/uploads\/2023\/07\/Printable-document-Report-on-SEM-investigation-Helsinki.png&#8221; hover_enabled=&#8221;0&#8243; sticky_enabled=&#8221;0&#8243; url=&#8221;https:\/\/aiserimplants.com\/wp-content\/uploads\/2023\/07\/Report-on-SEM-investigation-endosseous-implants-surface-analysis.pdf&#8221; url_new_window=&#8221;on&#8221;][\/et_pb_image][\/et_pb_column][\/et_pb_row][\/et_pb_section][et_pb_section fb_built=&#8221;1&#8243; _builder_version=&#8221;4.16&#8243; background_color=&#8221;#000000&#8243; custom_padding=&#8221;110px||0px|||&#8221; global_colors_info=&#8221;{}&#8221;][et_pb_row column_structure=&#8221;1_2,1_2&#8243; _builder_version=&#8221;4.16&#8243; global_colors_info=&#8221;{}&#8221;][et_pb_column type=&#8221;1_2&#8243; _builder_version=&#8221;4.16&#8243; custom_padding=&#8221;|||&#8221; global_colors_info=&#8221;{}&#8221; custom_padding__hover=&#8221;|||&#8221;][et_pb_text admin_label=&#8221;Discover Beatuty Sub Title&#8221; _builder_version=&#8221;4.16&#8243; _module_preset=&#8221;_initial&#8221; text_font=&#8221;||||||||&#8221; text_text_color=&#8221;#FFFFFF&#8221; text_font_size=&#8221;24px&#8221; text_line_height=&#8221;1.4em&#8221; animation_style=&#8221;slide&#8221; animation_direction=&#8221;top&#8221; animation_intensity_slide=&#8221;10%&#8221; global_colors_info=&#8221;{}&#8221;]<\/p>\n<p>Durezza, flessibilit\u00e0 e biocompatibilit\u00e0 sono le caratteristiche principali che ricerchiamo nei nostri materiali.<\/p>\n<p>[\/et_pb_text][et_pb_divider color=&#8221;#ed4441&#8243; divider_position=&#8221;center&#8221; divider_weight=&#8221;3px&#8221; disabled_on=&#8221;off|off|off&#8221; _builder_version=&#8221;4.16&#8243; max_width=&#8221;150px&#8221; height=&#8221;false&#8221; animation_style=&#8221;slide&#8221; animation_direction=&#8221;top&#8221; animation_delay=&#8221;100ms&#8221; animation_intensity_slide=&#8221;10%&#8221; global_colors_info=&#8221;{}&#8221;][\/et_pb_divider][et_pb_text admin_label=&#8221;Discover Beatuty Text&#8221; _builder_version=&#8221;4.16&#8243; _module_preset=&#8221;ac6eaaff-bd72-4c1b-8d86-322f7edf5272&#8243; text_font=&#8221;||||||||&#8221; text_font_size=&#8221;18px&#8221; text_line_height=&#8221;1.9em&#8221; custom_padding=&#8221;30px|0px|0px|||&#8221; animation_style=&#8221;slide&#8221; animation_direction=&#8221;top&#8221; animation_delay=&#8221;200ms&#8221; animation_intensity_slide=&#8221;10%&#8221; global_colors_info=&#8221;{}&#8221;]<\/p>\n<p>Selezioniamo solo le migliori leghe di titanio ed acciaio da fornitori world-class.<\/p>\n<p>Tutti i materiali sono certificati secondo normative Svizzere ed internazionali riguardanti la produzione di dispositivi biomedicali.<\/p>\n<p>La Tornitura avviene nei nostri stabilimenti in Svizzera ed in Italia.<\/p>\n<p>Gli stabilimenti sono dotati dei macchinari pi\u00f9 avanzati, come i moderni torni con fantina mobile e 12 assi, in grado di tornire in un unico passaggio anche le geometrie pi\u00f9 complesse, garantendo massima precisione su ogni pezzo.<\/p>\n<p>Abbiamo sviluppato innovative tecnologie di pulizia dei nostri device, altamente efficienti ed eco-friendly.<\/p>\n<p>[\/et_pb_text][\/et_pb_column][et_pb_column type=&#8221;1_2&#8243; _builder_version=&#8221;4.16&#8243; custom_padding=&#8221;|||&#8221; global_colors_info=&#8221;{}&#8221; custom_padding__hover=&#8221;|||&#8221;][et_pb_image src=&#8221;https:\/\/aiserimplants.com\/wp-content\/uploads\/2022\/03\/Aiser-Citizen.png&#8221; title_text=&#8221;Aiser Citizen&#8221; _builder_version=&#8221;4.16&#8243; _module_preset=&#8221;default&#8221; custom_padding=&#8221;0px|||||&#8221; global_colors_info=&#8221;{}&#8221;][\/et_pb_image][et_pb_text _builder_version=&#8221;4.16&#8243; _module_preset=&#8221;ac6eaaff-bd72-4c1b-8d86-322f7edf5272&#8243; text_font=&#8221;||||||||&#8221; text_font_size=&#8221;18px&#8221; text_line_height=&#8221;2em&#8221; global_colors_info=&#8221;{}&#8221;]<\/p>\n<p>I nostri device vengono trattati con bagni in solventi a pressione e temperatura controllate, che consentono l\u2019eliminazione pressoch\u00e9 completa degli inquinanti di superficie.<\/p>\n<p>Il processo \u00e8 certificato da autorit\u00e0 indipendenti e il nostro reparto Ricerca e Sviluppo esegue, su ogni lotto, rigorosi controlli qualit\u00e0 tramite EDS (Energy Dispersive Spectroscopy X-ray Analysis) e SEM imaging.<\/p>\n<p>[\/et_pb_text][\/et_pb_column][\/et_pb_row][\/et_pb_section][et_pb_section fb_built=&#8221;1&#8243; admin_label=&#8221;Look Inside Section&#8221; _builder_version=&#8221;4.17.3&#8243; background_image=&#8221;https:\/\/aiserimplants.com\/wp-content\/uploads\/2022\/03\/Progetto-senza-titolo.png&#8221; parallax=&#8221;on&#8221; custom_margin=&#8221;||100px||false|false&#8221; custom_padding=&#8221;0px||0px|&#8221; global_colors_info=&#8221;{}&#8221;][et_pb_row column_structure=&#8221;1_2,1_2&#8243; use_custom_gutter=&#8221;on&#8221; gutter_width=&#8221;1&#8243; make_equal=&#8221;on&#8221; module_class=&#8221; et_pb_row_fullwidth&#8221; _builder_version=&#8221;4.16&#8243; width=&#8221;100%&#8221; width_tablet=&#8221;100%&#8221; width_phone=&#8221;100%&#8221; max_width_tablet=&#8221;100%&#8221; max_width_phone=&#8221;100%&#8221; max_width_last_edited=&#8221;on|desktop&#8221; custom_padding=&#8221;0px||0px|&#8221; make_fullwidth=&#8221;on&#8221; global_colors_info=&#8221;{}&#8221;][et_pb_column type=&#8221;1_2&#8243; _builder_version=&#8221;4.16&#8243; parallax=&#8221;on&#8221; custom_padding=&#8221;|||&#8221; global_colors_info=&#8221;{}&#8221; custom_padding__hover=&#8221;|||&#8221;][et_pb_image align_tablet=&#8221;center&#8221; align_phone=&#8221;center&#8221; align_last_edited=&#8221;on|desktop&#8221; _builder_version=&#8221;4.16&#8243; animation_style=&#8221;slide&#8221; animation_direction=&#8221;left&#8221; animation_duration=&#8221;500ms&#8221; animation_intensity_slide=&#8221;10%&#8221; global_colors_info=&#8221;{}&#8221;][\/et_pb_image][\/et_pb_column][et_pb_column type=&#8221;1_2&#8243; _builder_version=&#8221;4.16&#8243; use_background_color_gradient=&#8221;on&#8221; background_color_gradient_stops=&#8221;#ffffff 0%|rgba(255,255,255,0.85) 50%&#8221; background_color_gradient_start=&#8221;#ffffff&#8221; background_color_gradient_end=&#8221;rgba(255,255,255,0.85)&#8221; background_color_gradient_end_position=&#8221;50%&#8221; custom_padding=&#8221;8%|6%|6%|6%&#8221; global_colors_info=&#8221;{}&#8221; custom_padding__hover=&#8221;|||&#8221;][et_pb_text admin_label=&#8221;Look Inside Title&#8221; _builder_version=&#8221;4.16&#8243; text_font=&#8221;||||&#8221; text_text_color=&#8221;#1a1a1a&#8221; header_font=&#8221;|700||on|||||&#8221; header_text_align=&#8221;left&#8221; header_text_color=&#8221;#000000&#8243; header_font_size=&#8221;60px&#8221; header_line_height=&#8221;1.3em&#8221; max_width=&#8221;450px&#8221; custom_margin=&#8221;|||&#8221; custom_padding=&#8221;|||&#8221; animation_style=&#8221;slide&#8221; animation_direction=&#8221;top&#8221; animation_intensity_slide=&#8221;10%&#8221; locked=&#8221;off&#8221; global_colors_info=&#8221;{}&#8221;]<\/p>\n<h1>controllo qualit\u00e0<\/h1>\n<p>[\/et_pb_text][et_pb_divider color=&#8221;#ed4441&#8243; divider_position=&#8221;center&#8221; divider_weight=&#8221;3px&#8221; disabled_on=&#8221;off|off|off&#8221; _builder_version=&#8221;4.16&#8243; max_width=&#8221;150px&#8221; height=&#8221;false&#8221; custom_margin=&#8221;30px|||&#8221; animation_style=&#8221;slide&#8221; animation_direction=&#8221;top&#8221; animation_delay=&#8221;100ms&#8221; animation_intensity_slide=&#8221;10%&#8221; locked=&#8221;off&#8221; global_colors_info=&#8221;{}&#8221;][\/et_pb_divider][et_pb_text admin_label=&#8221;Look Inside Sub Title&#8221; _builder_version=&#8221;4.16&#8243; text_font=&#8221;||||||||&#8221; text_text_color=&#8221;#1a1a1a&#8221; text_font_size=&#8221;24px&#8221; text_line_height=&#8221;1.4em&#8221; max_width=&#8221;450px&#8221; custom_padding=&#8221;30px|||&#8221; animation_style=&#8221;slide&#8221; animation_direction=&#8221;top&#8221; animation_delay=&#8221;200ms&#8221; animation_intensity_slide=&#8221;10%&#8221; locked=&#8221;off&#8221; global_colors_info=&#8221;{}&#8221;]<\/p>\n<p><strong>Controlli ottici e meccanici<\/strong> delle dimensioni dei pezzi e delle caratteristiche d\u2019accoppiamento.<\/p>\n<p>[\/et_pb_text][et_pb_text admin_label=&#8221;Look Inside Sub Title&#8221; _builder_version=&#8221;4.16&#8243; text_font=&#8221;||||||||&#8221; text_text_color=&#8221;#1a1a1a&#8221; text_font_size=&#8221;24px&#8221; text_line_height=&#8221;1.4em&#8221; max_width=&#8221;450px&#8221; custom_padding=&#8221;30px|||&#8221; animation_style=&#8221;slide&#8221; animation_direction=&#8221;top&#8221; animation_delay=&#8221;200ms&#8221; animation_intensity_slide=&#8221;10%&#8221; locked=&#8221;off&#8221; global_colors_info=&#8221;{}&#8221;]<\/p>\n<p><strong>Spettroscopie EDS e SEM imaging<\/strong> in camera bianca per il controllo delle caratteristiche topografiche e chimiche delle superfici.<\/p>\n<p>[\/et_pb_text][et_pb_text admin_label=&#8221;Look Inside Sub Title&#8221; _builder_version=&#8221;4.16&#8243; text_font=&#8221;||||||||&#8221; text_text_color=&#8221;#1a1a1a&#8221; text_font_size=&#8221;24px&#8221; text_line_height=&#8221;1.4em&#8221; max_width=&#8221;450px&#8221; custom_padding=&#8221;30px|||&#8221; animation_style=&#8221;slide&#8221; animation_direction=&#8221;top&#8221; animation_delay=&#8221;200ms&#8221; animation_intensity_slide=&#8221;10%&#8221; locked=&#8221;off&#8221; global_colors_info=&#8221;{}&#8221;]<\/p>\n<p><strong>Random sampling su ogni lotto di produzione<\/strong>.<\/p>\n<p>[\/et_pb_text][et_pb_text admin_label=&#8221;Look Inside Sub Title&#8221; _builder_version=&#8221;4.16&#8243; text_font=&#8221;||||||||&#8221; text_text_color=&#8221;#1a1a1a&#8221; text_font_size=&#8221;24px&#8221; text_line_height=&#8221;1.4em&#8221; max_width=&#8221;450px&#8221; custom_padding=&#8221;30px|||&#8221; animation_style=&#8221;slide&#8221; animation_direction=&#8221;top&#8221; animation_delay=&#8221;200ms&#8221; animation_intensity_slide=&#8221;10%&#8221; locked=&#8221;off&#8221; global_colors_info=&#8221;{}&#8221;]<\/p>\n<p><strong>UTD Unique traceability document<\/strong>: il documento che traccia tutti gli step di Produzione e Controllo Qualit\u00e0.<\/p>\n<p>[\/et_pb_text][et_pb_text admin_label=&#8221;Look Inside Sub Title&#8221; _builder_version=&#8221;4.16&#8243; text_font=&#8221;||||||||&#8221; text_text_color=&#8221;#1a1a1a&#8221; text_font_size=&#8221;24px&#8221; text_line_height=&#8221;1.4em&#8221; max_width=&#8221;450px&#8221; custom_padding=&#8221;30px|||&#8221; animation_style=&#8221;slide&#8221; animation_direction=&#8221;top&#8221; animation_delay=&#8221;200ms&#8221; animation_intensity_slide=&#8221;10%&#8221; locked=&#8221;off&#8221; global_colors_info=&#8221;{}&#8221;]<\/p>\n<p>Ogni impianto<strong> AISER \u00e8 garantito a vita.<\/strong><\/p>\n<p>[\/et_pb_text][\/et_pb_column][\/et_pb_row][\/et_pb_section]<\/p>\n","protected":false},"excerpt":{"rendered":"<p>Ogni Impianto Dentale AISER, la relativa componentistica e gli Strumenti Chirurgici sono prodotti in accordo a Rigorosi Standard Qualitativi..<\/p>\n","protected":false},"author":2,"featured_media":4911,"parent":0,"menu_order":0,"comment_status":"closed","ping_status":"closed","template":"","meta":{"_acf_changed":false,"_et_pb_use_builder":"on","_et_pb_old_content":"","_et_gb_content_width":"","footnotes":""},"class_list":["post-1738","page","type-page","status-publish","has-post-thumbnail","hentry"],"acf":[],"yoast_head":"<!-- This site is optimized with the Yoast SEO Premium plugin v25.2 (Yoast SEO v27.4) - https:\/\/yoast.com\/product\/yoast-seo-premium-wordpress\/ -->\n<title>Qualit\u00e0 Svizzera - Aiser Implants<\/title>\n<meta name=\"description\" content=\"Ogni Impianto Dentale AISER, la relativa componentistica e gli Strumenti Chirurgici sono prodotti in accordo a Rigorosi Standard Qualitativi..\" \/>\n<meta name=\"robots\" content=\"index, follow, max-snippet:-1, max-image-preview:large, max-video-preview:-1\" \/>\n<link rel=\"canonical\" href=\"https:\/\/aiserimplants.com\/it\/qualita-svizzera\/\" \/>\n<meta property=\"og:locale\" content=\"it_IT\" \/>\n<meta property=\"og:type\" content=\"article\" \/>\n<meta property=\"og:title\" content=\"Qualit\u00e0 Svizzera\" \/>\n<meta property=\"og:description\" content=\"Ogni Impianto Dentale AISER, la relativa componentistica e gli Strumenti Chirurgici sono prodotti in accordo a Rigorosi Standard Qualitativi..\" \/>\n<meta property=\"og:url\" content=\"https:\/\/aiserimplants.com\/it\/qualita-svizzera\/\" \/>\n<meta property=\"og:site_name\" content=\"Aiser Implants\" \/>\n<meta property=\"article:modified_time\" content=\"2024-01-09T11:46:32+00:00\" \/>\n<meta property=\"og:image\" content=\"https:\/\/aiserimplants.com\/wp-content\/uploads\/2022\/05\/Montagne-svizzere_1.jpg\" \/>\n\t<meta property=\"og:image:width\" content=\"1922\" \/>\n\t<meta property=\"og:image:height\" content=\"1338\" \/>\n\t<meta property=\"og:image:type\" content=\"image\/jpeg\" \/>\n<meta name=\"twitter:card\" content=\"summary_large_image\" \/>\n<meta name=\"twitter:label1\" content=\"Tempo di lettura stimato\" \/>\n\t<meta name=\"twitter:data1\" content=\"3 minuti\" \/>\n<script type=\"application\/ld+json\" class=\"yoast-schema-graph\">{\"@context\":\"https:\\\/\\\/schema.org\",\"@graph\":[{\"@type\":\"WebPage\",\"@id\":\"https:\\\/\\\/aiserimplants.com\\\/it\\\/qualita-svizzera\\\/\",\"url\":\"https:\\\/\\\/aiserimplants.com\\\/it\\\/qualita-svizzera\\\/\",\"name\":\"Qualit\u00e0 Svizzera - Aiser Implants\",\"isPartOf\":{\"@id\":\"https:\\\/\\\/aiserimplants.com\\\/it\\\/#website\"},\"primaryImageOfPage\":{\"@id\":\"https:\\\/\\\/aiserimplants.com\\\/it\\\/qualita-svizzera\\\/#primaryimage\"},\"image\":{\"@id\":\"https:\\\/\\\/aiserimplants.com\\\/it\\\/qualita-svizzera\\\/#primaryimage\"},\"thumbnailUrl\":\"https:\\\/\\\/aiserimplants.com\\\/wp-content\\\/uploads\\\/2022\\\/05\\\/Montagne-svizzere_1.jpg\",\"datePublished\":\"2022-03-04T10:21:27+00:00\",\"dateModified\":\"2024-01-09T11:46:32+00:00\",\"description\":\"Ogni Impianto Dentale AISER, la relativa componentistica e gli Strumenti Chirurgici sono prodotti in accordo a Rigorosi Standard Qualitativi..\",\"breadcrumb\":{\"@id\":\"https:\\\/\\\/aiserimplants.com\\\/it\\\/qualita-svizzera\\\/#breadcrumb\"},\"inLanguage\":\"it-IT\",\"potentialAction\":[{\"@type\":\"ReadAction\",\"target\":[\"https:\\\/\\\/aiserimplants.com\\\/it\\\/qualita-svizzera\\\/\"]}]},{\"@type\":\"ImageObject\",\"inLanguage\":\"it-IT\",\"@id\":\"https:\\\/\\\/aiserimplants.com\\\/it\\\/qualita-svizzera\\\/#primaryimage\",\"url\":\"https:\\\/\\\/aiserimplants.com\\\/wp-content\\\/uploads\\\/2022\\\/05\\\/Montagne-svizzere_1.jpg\",\"contentUrl\":\"https:\\\/\\\/aiserimplants.com\\\/wp-content\\\/uploads\\\/2022\\\/05\\\/Montagne-svizzere_1.jpg\",\"width\":1922,\"height\":1338},{\"@type\":\"BreadcrumbList\",\"@id\":\"https:\\\/\\\/aiserimplants.com\\\/it\\\/qualita-svizzera\\\/#breadcrumb\",\"itemListElement\":[{\"@type\":\"ListItem\",\"position\":1,\"name\":\"Home\",\"item\":\"https:\\\/\\\/aiserimplants.com\\\/it\\\/\"},{\"@type\":\"ListItem\",\"position\":2,\"name\":\"Qualit\u00e0 Svizzera\"}]},{\"@type\":\"WebSite\",\"@id\":\"https:\\\/\\\/aiserimplants.com\\\/it\\\/#website\",\"url\":\"https:\\\/\\\/aiserimplants.com\\\/it\\\/\",\"name\":\"Aiser Implants\",\"description\":\"Swiss Quality at its Peak\",\"publisher\":{\"@id\":\"https:\\\/\\\/aiserimplants.com\\\/it\\\/#organization\"},\"potentialAction\":[{\"@type\":\"SearchAction\",\"target\":{\"@type\":\"EntryPoint\",\"urlTemplate\":\"https:\\\/\\\/aiserimplants.com\\\/it\\\/?s={search_term_string}\"},\"query-input\":{\"@type\":\"PropertyValueSpecification\",\"valueRequired\":true,\"valueName\":\"search_term_string\"}}],\"inLanguage\":\"it-IT\"},{\"@type\":[\"Organization\",\"Place\"],\"@id\":\"https:\\\/\\\/aiserimplants.com\\\/it\\\/#organization\",\"name\":\"Aiser\",\"url\":\"https:\\\/\\\/aiserimplants.com\\\/it\\\/\",\"logo\":{\"@id\":\"https:\\\/\\\/aiserimplants.com\\\/it\\\/qualita-svizzera\\\/#local-main-organization-logo\"},\"image\":{\"@id\":\"https:\\\/\\\/aiserimplants.com\\\/it\\\/qualita-svizzera\\\/#local-main-organization-logo\"},\"telephone\":[],\"openingHoursSpecification\":[{\"@type\":\"OpeningHoursSpecification\",\"dayOfWeek\":[\"Monday\",\"Tuesday\",\"Wednesday\",\"Thursday\",\"Friday\",\"Saturday\",\"Sunday\"],\"opens\":\"09:00\",\"closes\":\"17:00\"}]},{\"@type\":\"ImageObject\",\"inLanguage\":\"it-IT\",\"@id\":\"https:\\\/\\\/aiserimplants.com\\\/it\\\/qualita-svizzera\\\/#local-main-organization-logo\",\"url\":\"https:\\\/\\\/aiserimplants.com\\\/wp-content\\\/uploads\\\/2022\\\/02\\\/AISER_logo.jpg\",\"contentUrl\":\"https:\\\/\\\/aiserimplants.com\\\/wp-content\\\/uploads\\\/2022\\\/02\\\/AISER_logo.jpg\",\"width\":1806,\"height\":1082,\"caption\":\"Aiser\"}]}<\/script>\n<!-- \/ Yoast SEO Premium plugin. -->","yoast_head_json":{"title":"Qualit\u00e0 Svizzera - Aiser Implants","description":"Ogni Impianto Dentale AISER, la relativa componentistica e gli Strumenti Chirurgici sono prodotti in accordo a Rigorosi Standard Qualitativi..","robots":{"index":"index","follow":"follow","max-snippet":"max-snippet:-1","max-image-preview":"max-image-preview:large","max-video-preview":"max-video-preview:-1"},"canonical":"https:\/\/aiserimplants.com\/it\/qualita-svizzera\/","og_locale":"it_IT","og_type":"article","og_title":"Qualit\u00e0 Svizzera","og_description":"Ogni Impianto Dentale AISER, la relativa componentistica e gli Strumenti Chirurgici sono prodotti in accordo a Rigorosi Standard Qualitativi..","og_url":"https:\/\/aiserimplants.com\/it\/qualita-svizzera\/","og_site_name":"Aiser Implants","article_modified_time":"2024-01-09T11:46:32+00:00","og_image":[{"width":1922,"height":1338,"url":"https:\/\/aiserimplants.com\/wp-content\/uploads\/2022\/05\/Montagne-svizzere_1.jpg","type":"image\/jpeg"}],"twitter_card":"summary_large_image","twitter_misc":{"Tempo di lettura stimato":"3 minuti"},"schema":{"@context":"https:\/\/schema.org","@graph":[{"@type":"WebPage","@id":"https:\/\/aiserimplants.com\/it\/qualita-svizzera\/","url":"https:\/\/aiserimplants.com\/it\/qualita-svizzera\/","name":"Qualit\u00e0 Svizzera - Aiser Implants","isPartOf":{"@id":"https:\/\/aiserimplants.com\/it\/#website"},"primaryImageOfPage":{"@id":"https:\/\/aiserimplants.com\/it\/qualita-svizzera\/#primaryimage"},"image":{"@id":"https:\/\/aiserimplants.com\/it\/qualita-svizzera\/#primaryimage"},"thumbnailUrl":"https:\/\/aiserimplants.com\/wp-content\/uploads\/2022\/05\/Montagne-svizzere_1.jpg","datePublished":"2022-03-04T10:21:27+00:00","dateModified":"2024-01-09T11:46:32+00:00","description":"Ogni Impianto Dentale AISER, la relativa componentistica e gli Strumenti Chirurgici sono prodotti in accordo a Rigorosi Standard Qualitativi..","breadcrumb":{"@id":"https:\/\/aiserimplants.com\/it\/qualita-svizzera\/#breadcrumb"},"inLanguage":"it-IT","potentialAction":[{"@type":"ReadAction","target":["https:\/\/aiserimplants.com\/it\/qualita-svizzera\/"]}]},{"@type":"ImageObject","inLanguage":"it-IT","@id":"https:\/\/aiserimplants.com\/it\/qualita-svizzera\/#primaryimage","url":"https:\/\/aiserimplants.com\/wp-content\/uploads\/2022\/05\/Montagne-svizzere_1.jpg","contentUrl":"https:\/\/aiserimplants.com\/wp-content\/uploads\/2022\/05\/Montagne-svizzere_1.jpg","width":1922,"height":1338},{"@type":"BreadcrumbList","@id":"https:\/\/aiserimplants.com\/it\/qualita-svizzera\/#breadcrumb","itemListElement":[{"@type":"ListItem","position":1,"name":"Home","item":"https:\/\/aiserimplants.com\/it\/"},{"@type":"ListItem","position":2,"name":"Qualit\u00e0 Svizzera"}]},{"@type":"WebSite","@id":"https:\/\/aiserimplants.com\/it\/#website","url":"https:\/\/aiserimplants.com\/it\/","name":"Aiser Implants","description":"Swiss Quality at its Peak","publisher":{"@id":"https:\/\/aiserimplants.com\/it\/#organization"},"potentialAction":[{"@type":"SearchAction","target":{"@type":"EntryPoint","urlTemplate":"https:\/\/aiserimplants.com\/it\/?s={search_term_string}"},"query-input":{"@type":"PropertyValueSpecification","valueRequired":true,"valueName":"search_term_string"}}],"inLanguage":"it-IT"},{"@type":["Organization","Place"],"@id":"https:\/\/aiserimplants.com\/it\/#organization","name":"Aiser","url":"https:\/\/aiserimplants.com\/it\/","logo":{"@id":"https:\/\/aiserimplants.com\/it\/qualita-svizzera\/#local-main-organization-logo"},"image":{"@id":"https:\/\/aiserimplants.com\/it\/qualita-svizzera\/#local-main-organization-logo"},"telephone":[],"openingHoursSpecification":[{"@type":"OpeningHoursSpecification","dayOfWeek":["Monday","Tuesday","Wednesday","Thursday","Friday","Saturday","Sunday"],"opens":"09:00","closes":"17:00"}]},{"@type":"ImageObject","inLanguage":"it-IT","@id":"https:\/\/aiserimplants.com\/it\/qualita-svizzera\/#local-main-organization-logo","url":"https:\/\/aiserimplants.com\/wp-content\/uploads\/2022\/02\/AISER_logo.jpg","contentUrl":"https:\/\/aiserimplants.com\/wp-content\/uploads\/2022\/02\/AISER_logo.jpg","width":1806,"height":1082,"caption":"Aiser"}]}},"_links":{"self":[{"href":"https:\/\/aiserimplants.com\/it\/wp-json\/wp\/v2\/pages\/1738","targetHints":{"allow":["GET"]}}],"collection":[{"href":"https:\/\/aiserimplants.com\/it\/wp-json\/wp\/v2\/pages"}],"about":[{"href":"https:\/\/aiserimplants.com\/it\/wp-json\/wp\/v2\/types\/page"}],"author":[{"embeddable":true,"href":"https:\/\/aiserimplants.com\/it\/wp-json\/wp\/v2\/users\/2"}],"replies":[{"embeddable":true,"href":"https:\/\/aiserimplants.com\/it\/wp-json\/wp\/v2\/comments?post=1738"}],"version-history":[{"count":30,"href":"https:\/\/aiserimplants.com\/it\/wp-json\/wp\/v2\/pages\/1738\/revisions"}],"predecessor-version":[{"id":5556,"href":"https:\/\/aiserimplants.com\/it\/wp-json\/wp\/v2\/pages\/1738\/revisions\/5556"}],"wp:featuredmedia":[{"embeddable":true,"href":"https:\/\/aiserimplants.com\/it\/wp-json\/wp\/v2\/media\/4911"}],"wp:attachment":[{"href":"https:\/\/aiserimplants.com\/it\/wp-json\/wp\/v2\/media?parent=1738"}],"curies":[{"name":"wp","href":"https:\/\/api.w.org\/{rel}","templated":true}]}}