{"id":1918,"date":"2022-03-04T13:04:46","date_gmt":"2022-03-04T12:04:46","guid":{"rendered":"https:\/\/aiserimplants.com\/?page_id=1918"},"modified":"2025-05-09T12:35:07","modified_gmt":"2025-05-09T10:35:07","slug":"chi-siamo","status":"publish","type":"page","link":"https:\/\/aiserimplants.com\/it\/chi-siamo\/","title":{"rendered":"Chi Siamo"},"content":{"rendered":"<p>[et_pb_section fb_built=&#8221;1&#8243; fullwidth=&#8221;on&#8221; _builder_version=&#8221;4.16&#8243; _module_preset=&#8221;ef34d6c4-cc44-4fd0-97cf-95aad6d6fb8a&#8221; global_colors_info=&#8221;{}&#8221;][et_pb_fullwidth_header title=&#8221;Chi siamo&#8221; _builder_version=&#8221;4.16&#8243; _module_preset=&#8221;5d2311d1-d0df-49c3-8a3a-d366a118df72&#8243; background_enable_color=&#8221;off&#8221; background_image=&#8221;https:\/\/aiserimplants.com\/wp-content\/uploads\/2022\/03\/21.png&#8221; global_colors_info=&#8221;{}&#8221;][\/et_pb_fullwidth_header][\/et_pb_section][et_pb_section fb_built=&#8221;1&#8243; admin_label=&#8221;Sezione Sedi&#8221; _builder_version=&#8221;4.16&#8243; _module_preset=&#8221;fa16af20-4da1-42b8-87c8-dab7c09ce721&#8243; custom_padding=&#8221;0px||||false|false&#8221; global_colors_info=&#8221;{}&#8221;][et_pb_row _builder_version=&#8221;4.16&#8243; _module_preset=&#8221;default&#8221; global_colors_info=&#8221;{}&#8221;][et_pb_column type=&#8221;4_4&#8243; _builder_version=&#8221;4.16&#8243; _module_preset=&#8221;default&#8221; global_colors_info=&#8221;{}&#8221;][et_pb_text _builder_version=&#8221;4.23.4&#8243; _module_preset=&#8221;default&#8221; text_font=&#8221;Montserrat||||||||&#8221; header_2_font=&#8221;Montserrat|500|||||||&#8221; header_3_font=&#8221;Montserrat||||||||&#8221; header_3_font_size=&#8221;25px&#8221; text_orientation=&#8221;center&#8221; custom_padding=&#8221;||9px|||&#8221; global_colors_info=&#8221;{}&#8221;]<\/p>\n<h2>AISER \u00e8 <strong>il marchio Svizzero dell\u2019Implantologia dentale,<\/strong> dove passato e futuro si incontrano.<\/h2>\n<p>[\/et_pb_text][et_pb_image src=&#8221;https:\/\/aiserimplants.com\/wp-content\/uploads\/2024\/01\/Aiser-Team-scaled.jpg&#8221; title_text=&#8221;Aiser Team&#8221; _builder_version=&#8221;4.27.4&#8243; _module_preset=&#8221;default&#8221; hover_enabled=&#8221;0&#8243; global_colors_info=&#8221;{}&#8221; sticky_enabled=&#8221;0&#8243;][\/et_pb_image][et_pb_text _builder_version=&#8221;4.23.4&#8243; _module_preset=&#8221;default&#8221; text_font=&#8221;Montserrat||||||||&#8221; header_2_font=&#8221;Montserrat|500|||||||&#8221; header_3_font=&#8221;Montserrat||||||||&#8221; header_3_font_size=&#8221;25px&#8221; text_orientation=&#8221;center&#8221; custom_margin=&#8221;46px||||false|false&#8221; global_colors_info=&#8221;{}&#8221;]<\/p>\n<p><strong>Passato<\/strong> perch\u00e9 <strong>AISER<\/strong> vanta un&#8217;ottima esperienza clinica dal <strong>2009<\/strong>: siamo sul campo, conosciamo quali sono <strong>le esigenze<\/strong> dei professionisti.<\/p>\n<p>Il nostro <strong>obiettivo<\/strong> \u00e8 rendere la vita dei professionisti pi\u00f9 facile.<\/p>\n<p><strong>Futuro<\/strong> perch\u00e9 <strong>AISER<\/strong> \u00e8 passione per l&#8217;<strong>innovazione<\/strong>: \u00e8 questo che ha guidato la nostra ricerca nello sviluppo del nostro <strong>Sistema Implantare<\/strong> e del trattamento di superficie <strong>Bionsyn-D<\/strong>.<\/p>\n<p>Il nostro <strong>obiettivo<\/strong> \u00e8 offrire\u00a0<strong>il meglio<\/strong> sia ai professionisti che ai pazienti.<\/p>\n<p>[\/et_pb_text][et_pb_text _builder_version=&#8221;4.23.4&#8243; _module_preset=&#8221;default&#8221; text_font=&#8221;Montserrat||||||||&#8221; header_2_font=&#8221;Montserrat|500|||||||&#8221; header_3_font=&#8221;Montserrat||||||||&#8221; header_3_font_size=&#8221;25px&#8221; text_orientation=&#8221;center&#8221; custom_margin=&#8221;30px||-74px||false|false&#8221; global_colors_info=&#8221;{}&#8221;][\/et_pb_text][\/et_pb_column][\/et_pb_row][\/et_pb_section][et_pb_section fb_built=&#8221;1&#8243; _builder_version=&#8221;4.23.4&#8243; _module_preset=&#8221;default&#8221; background_color=&#8221;#000000&#8243; custom_margin=&#8221;-84px|||||&#8221; custom_padding=&#8221;||0px|||&#8221; global_colors_info=&#8221;{}&#8221;][et_pb_row _builder_version=&#8221;4.16&#8243; _module_preset=&#8221;default&#8221; custom_padding=&#8221;43px||10px|||&#8221; global_colors_info=&#8221;{}&#8221;][et_pb_column type=&#8221;4_4&#8243; _builder_version=&#8221;4.16&#8243; _module_preset=&#8221;default&#8221; global_colors_info=&#8221;{}&#8221;][et_pb_text _builder_version=&#8221;4.16&#8243; _module_preset=&#8221;default&#8221; text_font=&#8221;Montserrat||||||||&#8221; text_font_size=&#8221;14px&#8221; text_line_height=&#8221;1em&#8221; global_colors_info=&#8221;{}&#8221;]<\/p>\n<p style=\"text-align: center;\">Swiss quality at its Peak<\/p>\n<p>[\/et_pb_text][\/et_pb_column][\/et_pb_row][\/et_pb_section]<\/p>\n","protected":false},"excerpt":{"rendered":"<p>AISER \u00e8 il marchio Svizzero dell\u2019Implantologia dentale, dove passato e futuro si incontrano.Passato perch\u00e9 AISER vanta un&#8217;ottima esperienza clinica dal 2009: siamo sul campo, conosciamo quali sono le esigenze dei professionisti. Il nostro obiettivo \u00e8 rendere la vita dei professionisti pi\u00f9 facile. Futuro perch\u00e9 AISER \u00e8 passione per l&#8217;innovazione: \u00e8 questo che ha guidato la [&hellip;]<\/p>\n","protected":false},"author":2,"featured_media":3196,"parent":0,"menu_order":0,"comment_status":"closed","ping_status":"closed","template":"","meta":{"_acf_changed":false,"_et_pb_use_builder":"on","_et_pb_old_content":"","_et_gb_content_width":"","footnotes":""},"class_list":["post-1918","page","type-page","status-publish","has-post-thumbnail","hentry"],"acf":[],"yoast_head":"<!-- This site is optimized with the Yoast SEO Premium plugin v25.2 (Yoast SEO v27.1) - https:\/\/yoast.com\/product\/yoast-seo-premium-wordpress\/ -->\n<title>Chi Siamo - Aiser Implants<\/title>\n<meta name=\"description\" content=\"Aiser \u00e8 il marchio svizzero per l&#039;eccellenza degli Impianti Dentali. Esperienza clinica dal 1999. Esclusivo trattamento Biosyn-D. Scopri...\" \/>\n<meta name=\"robots\" content=\"index, follow, max-snippet:-1, max-image-preview:large, max-video-preview:-1\" \/>\n<link rel=\"canonical\" href=\"https:\/\/aiserimplants.com\/it\/chi-siamo\/\" \/>\n<meta property=\"og:locale\" content=\"it_IT\" \/>\n<meta property=\"og:type\" content=\"article\" \/>\n<meta property=\"og:title\" content=\"Aiser | Eccellenza per gli Impianti Dentali\" \/>\n<meta property=\"og:description\" content=\"Aiser \u00e8 il marchio svizzero per l&#039;eccellenza degli Impianti Dentali. Esperienza clinica dal 1999. Esclusivo trattamento Biosyn-D. Scopri...\" \/>\n<meta property=\"og:url\" content=\"https:\/\/aiserimplants.com\/it\/chi-siamo\/\" \/>\n<meta property=\"og:site_name\" content=\"Aiser Implants\" \/>\n<meta property=\"article:modified_time\" content=\"2025-05-09T10:35:07+00:00\" \/>\n<meta property=\"og:image\" content=\"https:\/\/aiserimplants.com\/wp-content\/uploads\/2022\/04\/Aiser-Swiss.png\" \/>\n\t<meta property=\"og:image:width\" content=\"1500\" \/>\n\t<meta property=\"og:image:height\" content=\"700\" \/>\n\t<meta property=\"og:image:type\" content=\"image\/png\" \/>\n<meta name=\"twitter:card\" content=\"summary_large_image\" \/>\n<meta name=\"twitter:title\" content=\"Chi Siamo\" \/>\n<meta name=\"twitter:label1\" content=\"Tempo di lettura stimato\" \/>\n\t<meta name=\"twitter:data1\" content=\"2 minuti\" \/>\n<script type=\"application\/ld+json\" class=\"yoast-schema-graph\">{\"@context\":\"https:\/\/schema.org\",\"@graph\":[{\"@type\":\"WebPage\",\"@id\":\"https:\/\/aiserimplants.com\/it\/chi-siamo\/\",\"url\":\"https:\/\/aiserimplants.com\/it\/chi-siamo\/\",\"name\":\"Chi Siamo - Aiser Implants\",\"isPartOf\":{\"@id\":\"https:\/\/aiserimplants.com\/it\/#website\"},\"primaryImageOfPage\":{\"@id\":\"https:\/\/aiserimplants.com\/it\/chi-siamo\/#primaryimage\"},\"image\":{\"@id\":\"https:\/\/aiserimplants.com\/it\/chi-siamo\/#primaryimage\"},\"thumbnailUrl\":\"https:\/\/aiserimplants.com\/wp-content\/uploads\/2022\/04\/Aiser-Swiss.png\",\"datePublished\":\"2022-03-04T12:04:46+00:00\",\"dateModified\":\"2025-05-09T10:35:07+00:00\",\"description\":\"Aiser \u00e8 il marchio svizzero per l'eccellenza degli Impianti Dentali. Esperienza clinica dal 1999. Esclusivo trattamento Biosyn-D. Scopri...\",\"breadcrumb\":{\"@id\":\"https:\/\/aiserimplants.com\/it\/chi-siamo\/#breadcrumb\"},\"inLanguage\":\"it-IT\",\"potentialAction\":[{\"@type\":\"ReadAction\",\"target\":[\"https:\/\/aiserimplants.com\/it\/chi-siamo\/\"]}]},{\"@type\":\"ImageObject\",\"inLanguage\":\"it-IT\",\"@id\":\"https:\/\/aiserimplants.com\/it\/chi-siamo\/#primaryimage\",\"url\":\"https:\/\/aiserimplants.com\/wp-content\/uploads\/2022\/04\/Aiser-Swiss.png\",\"contentUrl\":\"https:\/\/aiserimplants.com\/wp-content\/uploads\/2022\/04\/Aiser-Swiss.png\",\"width\":1500,\"height\":700},{\"@type\":\"BreadcrumbList\",\"@id\":\"https:\/\/aiserimplants.com\/it\/chi-siamo\/#breadcrumb\",\"itemListElement\":[{\"@type\":\"ListItem\",\"position\":1,\"name\":\"Home\",\"item\":\"https:\/\/aiserimplants.com\/it\/\"},{\"@type\":\"ListItem\",\"position\":2,\"name\":\"Chi Siamo\"}]},{\"@type\":\"WebSite\",\"@id\":\"https:\/\/aiserimplants.com\/it\/#website\",\"url\":\"https:\/\/aiserimplants.com\/it\/\",\"name\":\"Aiser Implants\",\"description\":\"Swiss Quality at its Peak\",\"publisher\":{\"@id\":\"https:\/\/aiserimplants.com\/it\/#organization\"},\"potentialAction\":[{\"@type\":\"SearchAction\",\"target\":{\"@type\":\"EntryPoint\",\"urlTemplate\":\"https:\/\/aiserimplants.com\/it\/?s={search_term_string}\"},\"query-input\":{\"@type\":\"PropertyValueSpecification\",\"valueRequired\":true,\"valueName\":\"search_term_string\"}}],\"inLanguage\":\"it-IT\"},{\"@type\":[\"Organization\",\"Place\"],\"@id\":\"https:\/\/aiserimplants.com\/it\/#organization\",\"name\":\"Aiser\",\"url\":\"https:\/\/aiserimplants.com\/it\/\",\"logo\":{\"@id\":\"https:\/\/aiserimplants.com\/it\/chi-siamo\/#local-main-organization-logo\"},\"image\":{\"@id\":\"https:\/\/aiserimplants.com\/it\/chi-siamo\/#local-main-organization-logo\"},\"telephone\":[],\"openingHoursSpecification\":[{\"@type\":\"OpeningHoursSpecification\",\"dayOfWeek\":[\"Monday\",\"Tuesday\",\"Wednesday\",\"Thursday\",\"Friday\",\"Saturday\",\"Sunday\"],\"opens\":\"09:00\",\"closes\":\"17:00\"}]},{\"@type\":\"ImageObject\",\"inLanguage\":\"it-IT\",\"@id\":\"https:\/\/aiserimplants.com\/it\/chi-siamo\/#local-main-organization-logo\",\"url\":\"https:\/\/aiserimplants.com\/wp-content\/uploads\/2022\/02\/AISER_logo.jpg\",\"contentUrl\":\"https:\/\/aiserimplants.com\/wp-content\/uploads\/2022\/02\/AISER_logo.jpg\",\"width\":1806,\"height\":1082,\"caption\":\"Aiser\"}]}<\/script>\n<!-- \/ Yoast SEO Premium plugin. -->","yoast_head_json":{"title":"Chi Siamo - Aiser Implants","description":"Aiser \u00e8 il marchio svizzero per l'eccellenza degli Impianti Dentali. Esperienza clinica dal 1999. Esclusivo trattamento Biosyn-D. Scopri...","robots":{"index":"index","follow":"follow","max-snippet":"max-snippet:-1","max-image-preview":"max-image-preview:large","max-video-preview":"max-video-preview:-1"},"canonical":"https:\/\/aiserimplants.com\/it\/chi-siamo\/","og_locale":"it_IT","og_type":"article","og_title":"Aiser | Eccellenza per gli Impianti Dentali","og_description":"Aiser \u00e8 il marchio svizzero per l'eccellenza degli Impianti Dentali. Esperienza clinica dal 1999. Esclusivo trattamento Biosyn-D. Scopri...","og_url":"https:\/\/aiserimplants.com\/it\/chi-siamo\/","og_site_name":"Aiser Implants","article_modified_time":"2025-05-09T10:35:07+00:00","og_image":[{"width":1500,"height":700,"url":"https:\/\/aiserimplants.com\/wp-content\/uploads\/2022\/04\/Aiser-Swiss.png","type":"image\/png"}],"twitter_card":"summary_large_image","twitter_title":"Chi Siamo","twitter_misc":{"Tempo di lettura stimato":"2 minuti"},"schema":{"@context":"https:\/\/schema.org","@graph":[{"@type":"WebPage","@id":"https:\/\/aiserimplants.com\/it\/chi-siamo\/","url":"https:\/\/aiserimplants.com\/it\/chi-siamo\/","name":"Chi Siamo - Aiser Implants","isPartOf":{"@id":"https:\/\/aiserimplants.com\/it\/#website"},"primaryImageOfPage":{"@id":"https:\/\/aiserimplants.com\/it\/chi-siamo\/#primaryimage"},"image":{"@id":"https:\/\/aiserimplants.com\/it\/chi-siamo\/#primaryimage"},"thumbnailUrl":"https:\/\/aiserimplants.com\/wp-content\/uploads\/2022\/04\/Aiser-Swiss.png","datePublished":"2022-03-04T12:04:46+00:00","dateModified":"2025-05-09T10:35:07+00:00","description":"Aiser \u00e8 il marchio svizzero per l'eccellenza degli Impianti Dentali. Esperienza clinica dal 1999. Esclusivo trattamento Biosyn-D. Scopri...","breadcrumb":{"@id":"https:\/\/aiserimplants.com\/it\/chi-siamo\/#breadcrumb"},"inLanguage":"it-IT","potentialAction":[{"@type":"ReadAction","target":["https:\/\/aiserimplants.com\/it\/chi-siamo\/"]}]},{"@type":"ImageObject","inLanguage":"it-IT","@id":"https:\/\/aiserimplants.com\/it\/chi-siamo\/#primaryimage","url":"https:\/\/aiserimplants.com\/wp-content\/uploads\/2022\/04\/Aiser-Swiss.png","contentUrl":"https:\/\/aiserimplants.com\/wp-content\/uploads\/2022\/04\/Aiser-Swiss.png","width":1500,"height":700},{"@type":"BreadcrumbList","@id":"https:\/\/aiserimplants.com\/it\/chi-siamo\/#breadcrumb","itemListElement":[{"@type":"ListItem","position":1,"name":"Home","item":"https:\/\/aiserimplants.com\/it\/"},{"@type":"ListItem","position":2,"name":"Chi Siamo"}]},{"@type":"WebSite","@id":"https:\/\/aiserimplants.com\/it\/#website","url":"https:\/\/aiserimplants.com\/it\/","name":"Aiser Implants","description":"Swiss Quality at its Peak","publisher":{"@id":"https:\/\/aiserimplants.com\/it\/#organization"},"potentialAction":[{"@type":"SearchAction","target":{"@type":"EntryPoint","urlTemplate":"https:\/\/aiserimplants.com\/it\/?s={search_term_string}"},"query-input":{"@type":"PropertyValueSpecification","valueRequired":true,"valueName":"search_term_string"}}],"inLanguage":"it-IT"},{"@type":["Organization","Place"],"@id":"https:\/\/aiserimplants.com\/it\/#organization","name":"Aiser","url":"https:\/\/aiserimplants.com\/it\/","logo":{"@id":"https:\/\/aiserimplants.com\/it\/chi-siamo\/#local-main-organization-logo"},"image":{"@id":"https:\/\/aiserimplants.com\/it\/chi-siamo\/#local-main-organization-logo"},"telephone":[],"openingHoursSpecification":[{"@type":"OpeningHoursSpecification","dayOfWeek":["Monday","Tuesday","Wednesday","Thursday","Friday","Saturday","Sunday"],"opens":"09:00","closes":"17:00"}]},{"@type":"ImageObject","inLanguage":"it-IT","@id":"https:\/\/aiserimplants.com\/it\/chi-siamo\/#local-main-organization-logo","url":"https:\/\/aiserimplants.com\/wp-content\/uploads\/2022\/02\/AISER_logo.jpg","contentUrl":"https:\/\/aiserimplants.com\/wp-content\/uploads\/2022\/02\/AISER_logo.jpg","width":1806,"height":1082,"caption":"Aiser"}]}},"_links":{"self":[{"href":"https:\/\/aiserimplants.com\/it\/wp-json\/wp\/v2\/pages\/1918","targetHints":{"allow":["GET"]}}],"collection":[{"href":"https:\/\/aiserimplants.com\/it\/wp-json\/wp\/v2\/pages"}],"about":[{"href":"https:\/\/aiserimplants.com\/it\/wp-json\/wp\/v2\/types\/page"}],"author":[{"embeddable":true,"href":"https:\/\/aiserimplants.com\/it\/wp-json\/wp\/v2\/users\/2"}],"replies":[{"embeddable":true,"href":"https:\/\/aiserimplants.com\/it\/wp-json\/wp\/v2\/comments?post=1918"}],"version-history":[{"count":28,"href":"https:\/\/aiserimplants.com\/it\/wp-json\/wp\/v2\/pages\/1918\/revisions"}],"predecessor-version":[{"id":7044,"href":"https:\/\/aiserimplants.com\/it\/wp-json\/wp\/v2\/pages\/1918\/revisions\/7044"}],"wp:featuredmedia":[{"embeddable":true,"href":"https:\/\/aiserimplants.com\/it\/wp-json\/wp\/v2\/media\/3196"}],"wp:attachment":[{"href":"https:\/\/aiserimplants.com\/it\/wp-json\/wp\/v2\/media?parent=1918"}],"curies":[{"name":"wp","href":"https:\/\/api.w.org\/{rel}","templated":true}]}}