{"id":5732,"date":"2024-02-02T15:45:52","date_gmt":"2024-02-02T14:45:52","guid":{"rendered":"https:\/\/aiserimplants.com\/hakkimizda\/"},"modified":"2025-05-09T17:32:38","modified_gmt":"2025-05-09T15:32:38","slug":"hakkimizda","status":"publish","type":"page","link":"https:\/\/aiserimplants.com\/tr\/hakkimizda\/","title":{"rendered":"Hakk\u0131m\u0131zda"},"content":{"rendered":"<p>[et_pb_section fb_built=&#8221;1&#8243; fullwidth=&#8221;on&#8221; _builder_version=&#8221;4.16&#8243; _module_preset=&#8221;ef34d6c4-cc44-4fd0-97cf-95aad6d6fb8a&#8221; global_colors_info=&#8221;{}&#8221;][et_pb_fullwidth_header title=&#8221;Hakk\u0131m\u0131zda&#8221; _builder_version=&#8221;4.16&#8243; _module_preset=&#8221;5d2311d1-d0df-49c3-8a3a-d366a118df72&#8243; background_enable_color=&#8221;off&#8221; background_image=&#8221;https:\/\/aiserimplants.com\/wp-content\/uploads\/2022\/03\/21.png&#8221; global_colors_info=&#8221;{}&#8221;][\/et_pb_fullwidth_header][\/et_pb_section][et_pb_section fb_built=&#8221;1&#8243; admin_label=&#8221;Sezione Sedi&#8221; _builder_version=&#8221;4.16&#8243; _module_preset=&#8221;fa16af20-4da1-42b8-87c8-dab7c09ce721&#8243; custom_padding=&#8221;0px||||false|false&#8221; global_colors_info=&#8221;{}&#8221;][et_pb_row _builder_version=&#8221;4.16&#8243; _module_preset=&#8221;default&#8221; global_colors_info=&#8221;{}&#8221;][et_pb_column type=&#8221;4_4&#8243; _builder_version=&#8221;4.16&#8243; _module_preset=&#8221;default&#8221; global_colors_info=&#8221;{}&#8221;][et_pb_text _builder_version=&#8221;4.23.4&#8243; _module_preset=&#8221;default&#8221; text_font=&#8221;Montserrat||||||||&#8221; header_2_font=&#8221;Montserrat|500|||||||&#8221; header_3_font=&#8221;Montserrat||||||||&#8221; header_3_font_size=&#8221;25px&#8221; text_orientation=&#8221;center&#8221; custom_padding=&#8221;||9px|||&#8221; global_colors_info=&#8221;{}&#8221;]<\/p>\n<h2>AISER, ge\u00e7mi\u015fle gelece\u011fin bulu\u015ftu\u011fu, <strong>di\u015f implantolojisinin \u0130svi\u00e7re markas\u0131d\u0131r<\/strong>.<\/h2>\n<p>[\/et_pb_text][et_pb_image src=&#8221;https:\/\/aiserimplants.com\/wp-content\/uploads\/2024\/01\/Aiser-Team-scaled.jpg&#8221; title_text=&#8221;Aiser Ekibi&#8221; _builder_version=&#8221;4.27.4&#8243; _module_preset=&#8221;default&#8221; hover_enabled=&#8221;0&#8243; global_colors_info=&#8221;{}&#8221; sticky_enabled=&#8221;0&#8243;][\/et_pb_image][et_pb_text _builder_version=&#8221;4.23.4&#8243; _module_preset=&#8221;default&#8221; text_font=&#8221;Montserrat||||||||&#8221; header_2_font=&#8221;Montserrat|500|||||||&#8221; header_3_font=&#8221;Montserrat||||||||&#8221; header_3_font_size=&#8221;25px&#8221; text_orientation=&#8221;center&#8221; custom_margin=&#8221;46px||||false|false&#8221; global_colors_info=&#8221;{}&#8221;]<\/p>\n<p><strong>Ba\u015far\u0131l\u0131y\u0131z<\/strong> \u00e7\u00fcnk\u00fc <strong>AISER<\/strong> <strong>2009<\/strong>&#8216;dan beri m\u00fckemmel klinik deneyime sahip: biz sahaday\u0131z, profesyonellerin <strong>ihtiya\u00e7lar\u0131n\u0131n<\/strong> ne oldu\u011funu biliyoruz.<\/p>\n<p><strong>Amac\u0131m\u0131z<\/strong> profesyonellerin hayat\u0131n\u0131 kolayla\u015ft\u0131rmak.<\/p>\n<p><strong>Gelecek<\/strong>, \u00e7\u00fcnk\u00fc <strong>AISER<\/strong> <strong>yenili\u011fe<\/strong> tutkuyla ba\u011fl\u0131d\u0131r: <strong>\u0130mplant Sistemimizin<\/strong> ve <strong>Bionsyn-D<\/strong> y\u00fczey i\u015fleminin geli\u015ftirilmesinde ara\u015ft\u0131rmalar\u0131m\u0131za rehberlik eden \u015fey budur.<\/p>\n<p><strong>Amac\u0131m\u0131z<\/strong> hem profesyonellere hem de hastalara <strong>en iyiyi<\/strong> sunmakt\u0131r.<\/p>\n<p>[\/et_pb_text][et_pb_text _builder_version=&#8221;4.23.4&#8243; _module_preset=&#8221;default&#8221; text_font=&#8221;Montserrat||||||||&#8221; header_2_font=&#8221;Montserrat|500|||||||&#8221; header_3_font=&#8221;Montserrat||||||||&#8221; header_3_font_size=&#8221;25px&#8221; text_orientation=&#8221;center&#8221; custom_margin=&#8221;30px||-74px||false|false&#8221; global_colors_info=&#8221;{}&#8221;][\/et_pb_text][\/et_pb_column][\/et_pb_row][\/et_pb_section][et_pb_section fb_built=&#8221;1&#8243; _builder_version=&#8221;4.23.4&#8243; _module_preset=&#8221;default&#8221; background_color=&#8221;#000000&#8243; custom_margin=&#8221;-84px|||||&#8221; custom_padding=&#8221;||0px|||&#8221; global_colors_info=&#8221;{}&#8221;][et_pb_row _builder_version=&#8221;4.16&#8243; _module_preset=&#8221;default&#8221; custom_padding=&#8221;43px||10px|||&#8221; global_colors_info=&#8221;{}&#8221;][et_pb_column type=&#8221;4_4&#8243; _builder_version=&#8221;4.16&#8243; _module_preset=&#8221;default&#8221; global_colors_info=&#8221;{}&#8221;][et_pb_text _builder_version=&#8221;4.16&#8243; _module_preset=&#8221;default&#8221; text_font=&#8221;Montserrat||||||||&#8221; text_font_size=&#8221;14px&#8221; text_line_height=&#8221;1em&#8221; global_colors_info=&#8221;{}&#8221;]<\/p>\n<p style=\"text-align: center;\">Swiss quality at its Peak<\/p>\n<p>[\/et_pb_text][\/et_pb_column][\/et_pb_row][\/et_pb_section]<\/p>\n","protected":false},"excerpt":{"rendered":"<p>AISER, ge\u00e7mi\u015fle gelece\u011fin bulu\u015ftu\u011fu, di\u015f implantolojisinin \u0130svi\u00e7re markas\u0131d\u0131r.Ba\u015far\u0131l\u0131y\u0131z \u00e7\u00fcnk\u00fc AISER 2009&#8217;dan beri m\u00fckemmel klinik deneyime sahip: biz sahaday\u0131z, profesyonellerin ihtiya\u00e7lar\u0131n\u0131n ne oldu\u011funu biliyoruz. Amac\u0131m\u0131z profesyonellerin hayat\u0131n\u0131 kolayla\u015ft\u0131rmak. Gelecek, \u00e7\u00fcnk\u00fc AISER yenili\u011fe tutkuyla ba\u011fl\u0131d\u0131r: \u0130mplant Sistemimizin ve Bionsyn-D y\u00fczey i\u015fleminin geli\u015ftirilmesinde ara\u015ft\u0131rmalar\u0131m\u0131za rehberlik eden \u015fey budur. Amac\u0131m\u0131z hem profesyonellere hem de hastalara en iyiyi sunmakt\u0131r.Swiss quality [&hellip;]<\/p>\n","protected":false},"author":2,"featured_media":5733,"parent":0,"menu_order":0,"comment_status":"closed","ping_status":"closed","template":"","meta":{"_acf_changed":false,"_et_pb_use_builder":"on","_et_pb_old_content":"","_et_gb_content_width":"","footnotes":""},"class_list":["post-5732","page","type-page","status-publish","has-post-thumbnail","hentry"],"acf":[],"yoast_head":"<!-- This site is optimized with the Yoast SEO Premium plugin v25.2 (Yoast SEO v27.1) - https:\/\/yoast.com\/product\/yoast-seo-premium-wordpress\/ -->\n<title>Hakk\u0131m\u0131zda - Aiser Implants<\/title>\n<meta name=\"description\" content=\"Aiser, Di\u015f \u0130mplantlar\u0131 alan\u0131nda m\u00fckemmelli\u011fin \u0130svi\u00e7re markas\u0131d\u0131r. 1999&#039;dan beri klinik deneyim. \u00d6zel Biosyn-D tedavisi. Ke\u015ffet..\" \/>\n<meta name=\"robots\" content=\"index, follow, max-snippet:-1, max-image-preview:large, max-video-preview:-1\" \/>\n<link rel=\"canonical\" href=\"https:\/\/aiserimplants.com\/tr\/hakkimizda\/\" \/>\n<meta property=\"og:locale\" content=\"tr_TR\" \/>\n<meta property=\"og:type\" content=\"article\" \/>\n<meta property=\"og:title\" content=\"Aiser | Di\u015f \u0130mplantlar\u0131nda M\u00fckemmellik\" \/>\n<meta property=\"og:description\" content=\"Aiser, Di\u015f \u0130mplantlar\u0131 alan\u0131nda m\u00fckemmelli\u011fin \u0130svi\u00e7re markas\u0131d\u0131r. 1999&#039;dan beri klinik deneyim. \u00d6zel Biosyn-D tedavisi. Ke\u015ffet..\" \/>\n<meta property=\"og:url\" content=\"https:\/\/aiserimplants.com\/tr\/hakkimizda\/\" \/>\n<meta property=\"og:site_name\" content=\"Aiser Implants\" \/>\n<meta property=\"article:modified_time\" content=\"2025-05-09T15:32:38+00:00\" \/>\n<meta property=\"og:image\" content=\"https:\/\/aiserimplants.com\/wp-content\/uploads\/2022\/04\/Aiser-Swiss-1024x478.png\" \/>\n<meta name=\"twitter:card\" content=\"summary_large_image\" \/>\n<meta name=\"twitter:title\" content=\"Hakk\u0131m\u0131zda\" \/>\n<meta name=\"twitter:label1\" content=\"Tahmini okuma s\u00fcresi\" \/>\n\t<meta name=\"twitter:data1\" content=\"2 dakika\" \/>\n<script type=\"application\/ld+json\" class=\"yoast-schema-graph\">{\"@context\":\"https:\/\/schema.org\",\"@graph\":[{\"@type\":\"WebPage\",\"@id\":\"https:\/\/aiserimplants.com\/tr\/hakkimizda\/\",\"url\":\"https:\/\/aiserimplants.com\/tr\/hakkimizda\/\",\"name\":\"Hakk\u0131m\u0131zda - Aiser Implants\",\"isPartOf\":{\"@id\":\"https:\/\/aiserimplants.com\/tr\/#website\"},\"primaryImageOfPage\":{\"@id\":\"https:\/\/aiserimplants.com\/tr\/hakkimizda\/#primaryimage\"},\"image\":{\"@id\":\"https:\/\/aiserimplants.com\/tr\/hakkimizda\/#primaryimage\"},\"thumbnailUrl\":\"https:\/\/aiserimplants.com\/wp-content\/uploads\/2022\/04\/Aiser-Swiss.png\",\"datePublished\":\"2024-02-02T14:45:52+00:00\",\"dateModified\":\"2025-05-09T15:32:38+00:00\",\"description\":\"Aiser, Di\u015f \u0130mplantlar\u0131 alan\u0131nda m\u00fckemmelli\u011fin \u0130svi\u00e7re markas\u0131d\u0131r. 1999'dan beri klinik deneyim. \u00d6zel Biosyn-D tedavisi. Ke\u015ffet..\",\"breadcrumb\":{\"@id\":\"https:\/\/aiserimplants.com\/tr\/hakkimizda\/#breadcrumb\"},\"inLanguage\":\"tr\",\"potentialAction\":[{\"@type\":\"ReadAction\",\"target\":[\"https:\/\/aiserimplants.com\/tr\/hakkimizda\/\"]}]},{\"@type\":\"ImageObject\",\"inLanguage\":\"tr\",\"@id\":\"https:\/\/aiserimplants.com\/tr\/hakkimizda\/#primaryimage\",\"url\":\"https:\/\/aiserimplants.com\/wp-content\/uploads\/2022\/04\/Aiser-Swiss.png\",\"contentUrl\":\"https:\/\/aiserimplants.com\/wp-content\/uploads\/2022\/04\/Aiser-Swiss.png\",\"width\":1500,\"height\":700},{\"@type\":\"BreadcrumbList\",\"@id\":\"https:\/\/aiserimplants.com\/tr\/hakkimizda\/#breadcrumb\",\"itemListElement\":[{\"@type\":\"ListItem\",\"position\":1,\"name\":\"Home\",\"item\":\"https:\/\/aiserimplants.com\/tr\/anasayfa\/\"},{\"@type\":\"ListItem\",\"position\":2,\"name\":\"Hakk\u0131m\u0131zda\"}]},{\"@type\":\"WebSite\",\"@id\":\"https:\/\/aiserimplants.com\/tr\/#website\",\"url\":\"https:\/\/aiserimplants.com\/tr\/\",\"name\":\"Aiser Implants\",\"description\":\"Swiss Quality at its Peak\",\"publisher\":{\"@id\":\"https:\/\/aiserimplants.com\/tr\/#organization\"},\"potentialAction\":[{\"@type\":\"SearchAction\",\"target\":{\"@type\":\"EntryPoint\",\"urlTemplate\":\"https:\/\/aiserimplants.com\/tr\/?s={search_term_string}\"},\"query-input\":{\"@type\":\"PropertyValueSpecification\",\"valueRequired\":true,\"valueName\":\"search_term_string\"}}],\"inLanguage\":\"tr\"},{\"@type\":[\"Organization\",\"Place\"],\"@id\":\"https:\/\/aiserimplants.com\/tr\/#organization\",\"name\":\"Aiser\",\"url\":\"https:\/\/aiserimplants.com\/tr\/\",\"logo\":{\"@id\":\"https:\/\/aiserimplants.com\/tr\/hakkimizda\/#local-main-organization-logo\"},\"image\":{\"@id\":\"https:\/\/aiserimplants.com\/tr\/hakkimizda\/#local-main-organization-logo\"},\"telephone\":[],\"openingHoursSpecification\":[{\"@type\":\"OpeningHoursSpecification\",\"dayOfWeek\":[\"Monday\",\"Tuesday\",\"Wednesday\",\"Thursday\",\"Friday\",\"Saturday\",\"Sunday\"],\"opens\":\"09:00\",\"closes\":\"17:00\"}]},{\"@type\":\"ImageObject\",\"inLanguage\":\"tr\",\"@id\":\"https:\/\/aiserimplants.com\/tr\/hakkimizda\/#local-main-organization-logo\",\"url\":\"https:\/\/aiserimplants.com\/wp-content\/uploads\/2022\/02\/AISER_logo.jpg\",\"contentUrl\":\"https:\/\/aiserimplants.com\/wp-content\/uploads\/2022\/02\/AISER_logo.jpg\",\"width\":1806,\"height\":1082,\"caption\":\"Aiser\"}]}<\/script>\n<!-- \/ Yoast SEO Premium plugin. -->","yoast_head_json":{"title":"Hakk\u0131m\u0131zda - Aiser Implants","description":"Aiser, Di\u015f \u0130mplantlar\u0131 alan\u0131nda m\u00fckemmelli\u011fin \u0130svi\u00e7re markas\u0131d\u0131r. 1999'dan beri klinik deneyim. \u00d6zel Biosyn-D tedavisi. Ke\u015ffet..","robots":{"index":"index","follow":"follow","max-snippet":"max-snippet:-1","max-image-preview":"max-image-preview:large","max-video-preview":"max-video-preview:-1"},"canonical":"https:\/\/aiserimplants.com\/tr\/hakkimizda\/","og_locale":"tr_TR","og_type":"article","og_title":"Aiser | Di\u015f \u0130mplantlar\u0131nda M\u00fckemmellik","og_description":"Aiser, Di\u015f \u0130mplantlar\u0131 alan\u0131nda m\u00fckemmelli\u011fin \u0130svi\u00e7re markas\u0131d\u0131r. 1999'dan beri klinik deneyim. \u00d6zel Biosyn-D tedavisi. Ke\u015ffet..","og_url":"https:\/\/aiserimplants.com\/tr\/hakkimizda\/","og_site_name":"Aiser Implants","article_modified_time":"2025-05-09T15:32:38+00:00","og_image":[{"url":"https:\/\/aiserimplants.com\/wp-content\/uploads\/2022\/04\/Aiser-Swiss-1024x478.png","type":"","width":"","height":""}],"twitter_card":"summary_large_image","twitter_title":"Hakk\u0131m\u0131zda","twitter_misc":{"Tahmini okuma s\u00fcresi":"2 dakika"},"schema":{"@context":"https:\/\/schema.org","@graph":[{"@type":"WebPage","@id":"https:\/\/aiserimplants.com\/tr\/hakkimizda\/","url":"https:\/\/aiserimplants.com\/tr\/hakkimizda\/","name":"Hakk\u0131m\u0131zda - Aiser Implants","isPartOf":{"@id":"https:\/\/aiserimplants.com\/tr\/#website"},"primaryImageOfPage":{"@id":"https:\/\/aiserimplants.com\/tr\/hakkimizda\/#primaryimage"},"image":{"@id":"https:\/\/aiserimplants.com\/tr\/hakkimizda\/#primaryimage"},"thumbnailUrl":"https:\/\/aiserimplants.com\/wp-content\/uploads\/2022\/04\/Aiser-Swiss.png","datePublished":"2024-02-02T14:45:52+00:00","dateModified":"2025-05-09T15:32:38+00:00","description":"Aiser, Di\u015f \u0130mplantlar\u0131 alan\u0131nda m\u00fckemmelli\u011fin \u0130svi\u00e7re markas\u0131d\u0131r. 1999'dan beri klinik deneyim. \u00d6zel Biosyn-D tedavisi. Ke\u015ffet..","breadcrumb":{"@id":"https:\/\/aiserimplants.com\/tr\/hakkimizda\/#breadcrumb"},"inLanguage":"tr","potentialAction":[{"@type":"ReadAction","target":["https:\/\/aiserimplants.com\/tr\/hakkimizda\/"]}]},{"@type":"ImageObject","inLanguage":"tr","@id":"https:\/\/aiserimplants.com\/tr\/hakkimizda\/#primaryimage","url":"https:\/\/aiserimplants.com\/wp-content\/uploads\/2022\/04\/Aiser-Swiss.png","contentUrl":"https:\/\/aiserimplants.com\/wp-content\/uploads\/2022\/04\/Aiser-Swiss.png","width":1500,"height":700},{"@type":"BreadcrumbList","@id":"https:\/\/aiserimplants.com\/tr\/hakkimizda\/#breadcrumb","itemListElement":[{"@type":"ListItem","position":1,"name":"Home","item":"https:\/\/aiserimplants.com\/tr\/anasayfa\/"},{"@type":"ListItem","position":2,"name":"Hakk\u0131m\u0131zda"}]},{"@type":"WebSite","@id":"https:\/\/aiserimplants.com\/tr\/#website","url":"https:\/\/aiserimplants.com\/tr\/","name":"Aiser Implants","description":"Swiss Quality at its Peak","publisher":{"@id":"https:\/\/aiserimplants.com\/tr\/#organization"},"potentialAction":[{"@type":"SearchAction","target":{"@type":"EntryPoint","urlTemplate":"https:\/\/aiserimplants.com\/tr\/?s={search_term_string}"},"query-input":{"@type":"PropertyValueSpecification","valueRequired":true,"valueName":"search_term_string"}}],"inLanguage":"tr"},{"@type":["Organization","Place"],"@id":"https:\/\/aiserimplants.com\/tr\/#organization","name":"Aiser","url":"https:\/\/aiserimplants.com\/tr\/","logo":{"@id":"https:\/\/aiserimplants.com\/tr\/hakkimizda\/#local-main-organization-logo"},"image":{"@id":"https:\/\/aiserimplants.com\/tr\/hakkimizda\/#local-main-organization-logo"},"telephone":[],"openingHoursSpecification":[{"@type":"OpeningHoursSpecification","dayOfWeek":["Monday","Tuesday","Wednesday","Thursday","Friday","Saturday","Sunday"],"opens":"09:00","closes":"17:00"}]},{"@type":"ImageObject","inLanguage":"tr","@id":"https:\/\/aiserimplants.com\/tr\/hakkimizda\/#local-main-organization-logo","url":"https:\/\/aiserimplants.com\/wp-content\/uploads\/2022\/02\/AISER_logo.jpg","contentUrl":"https:\/\/aiserimplants.com\/wp-content\/uploads\/2022\/02\/AISER_logo.jpg","width":1806,"height":1082,"caption":"Aiser"}]}},"_links":{"self":[{"href":"https:\/\/aiserimplants.com\/tr\/wp-json\/wp\/v2\/pages\/5732","targetHints":{"allow":["GET"]}}],"collection":[{"href":"https:\/\/aiserimplants.com\/tr\/wp-json\/wp\/v2\/pages"}],"about":[{"href":"https:\/\/aiserimplants.com\/tr\/wp-json\/wp\/v2\/types\/page"}],"author":[{"embeddable":true,"href":"https:\/\/aiserimplants.com\/tr\/wp-json\/wp\/v2\/users\/2"}],"replies":[{"embeddable":true,"href":"https:\/\/aiserimplants.com\/tr\/wp-json\/wp\/v2\/comments?post=5732"}],"version-history":[{"count":7,"href":"https:\/\/aiserimplants.com\/tr\/wp-json\/wp\/v2\/pages\/5732\/revisions"}],"predecessor-version":[{"id":7106,"href":"https:\/\/aiserimplants.com\/tr\/wp-json\/wp\/v2\/pages\/5732\/revisions\/7106"}],"wp:featuredmedia":[{"embeddable":true,"href":"https:\/\/aiserimplants.com\/tr\/wp-json\/wp\/v2\/media\/5733"}],"wp:attachment":[{"href":"https:\/\/aiserimplants.com\/tr\/wp-json\/wp\/v2\/media?parent=5732"}],"curies":[{"name":"wp","href":"https:\/\/api.w.org\/{rel}","templated":true}]}}