{"id":5739,"date":"2024-02-02T16:05:05","date_gmt":"2024-02-02T15:05:05","guid":{"rendered":"https:\/\/aiserimplants.com\/biosyn-d-yuzey-modifikasyonu\/"},"modified":"2024-03-25T15:44:24","modified_gmt":"2024-03-25T14:44:24","slug":"biosyn-d-yuzey-modifikasyonu","status":"publish","type":"page","link":"https:\/\/aiserimplants.com\/tr\/biosyn-d-yuzey-modifikasyonu\/","title":{"rendered":"Biosyn-D Y\u00fczey modifikasyonu"},"content":{"rendered":"<p>[et_pb_section fb_built=&#8221;1&#8243; fullwidth=&#8221;on&#8221; admin_label=&#8221;Hero Section&#8221; _builder_version=&#8221;4.16&#8243; background_color=&#8221;#000000&#8243; parallax=&#8221;on&#8221; custom_padding=&#8221;0px|0px|0px|0px&#8221; global_colors_info=&#8221;{}&#8221;][et_pb_fullwidth_header title=&#8221;Biosyn-D Y\u00fczey modifikasyonu&#8221; subhead=&#8221;AISER&apos;in \u00f6zel titanyum y\u00fczey i\u015flemi&#8221; admin_label=&#8221;Hero&#8221; _builder_version=&#8221;4.16&#8243; _module_preset=&#8221;5d2311d1-d0df-49c3-8a3a-d366a118df72&#8243; title_font_size=&#8221;4em&#8221; background_enable_color=&#8221;off&#8221; background_image=&#8221;https:\/\/aiserimplants.com\/wp-content\/uploads\/2022\/02\/travel-landscape-17.jpg&#8221; button_one_icon=&#8221;&#x24;||divi||400&#8243; button_one_icon_color=&#8221;#ffffff&#8221; button_one_text_color_hover=&#8221;#ffffff&#8221; button_one_border_color_hover=&#8221;#ffffff&#8221; button_one_border_radius_hover=&#8221;0px&#8221; button_one_letter_spacing_hover=&#8221;4px&#8221; button_one_bg_color_hover=&#8221;rgba(0,0,0,0)&#8221; global_colors_info=&#8221;{}&#8221; button_one_text_size__hover_enabled=&#8221;off&#8221; button_two_text_size__hover_enabled=&#8221;off&#8221; button_one_text_color__hover_enabled=&#8221;on&#8221; button_one_text_color__hover=&#8221;#ffffff&#8221; button_two_text_color__hover_enabled=&#8221;off&#8221; button_one_border_width__hover_enabled=&#8221;off&#8221; button_two_border_width__hover_enabled=&#8221;off&#8221; button_one_border_color__hover_enabled=&#8221;on&#8221; button_one_border_color__hover=&#8221;#ffffff&#8221; button_two_border_color__hover_enabled=&#8221;off&#8221; button_one_border_radius__hover_enabled=&#8221;on&#8221; button_one_border_radius__hover=&#8221;0px&#8221; button_two_border_radius__hover_enabled=&#8221;off&#8221; button_one_letter_spacing__hover_enabled=&#8221;on&#8221; button_one_letter_spacing__hover=&#8221;4px&#8221; button_two_letter_spacing__hover_enabled=&#8221;off&#8221; button_one_bg_color__hover_enabled=&#8221;on&#8221; button_one_bg_color__hover=&#8221;rgba(0,0,0,0)&#8221; button_two_bg_color__hover_enabled=&#8221;off&#8221;][\/et_pb_fullwidth_header][\/et_pb_section][et_pb_section fb_built=&#8221;1&#8243; _builder_version=&#8221;4.17.3&#8243; background_color=&#8221;#000000&#8243; custom_padding=&#8221;50px||0px||false|false&#8221; global_colors_info=&#8221;{}&#8221;][et_pb_row column_structure=&#8221;3_4,1_4&#8243; _builder_version=&#8221;4.23.4&#8243; _module_preset=&#8221;default&#8221; hover_enabled=&#8221;0&#8243; global_colors_info=&#8221;{}&#8221; custom_margin=&#8221;||100px||false|false&#8221; sticky_enabled=&#8221;0&#8243;][et_pb_column type=&#8221;3_4&#8243; _builder_version=&#8221;4.17.3&#8243; _module_preset=&#8221;default&#8221; global_colors_info=&#8221;{}&#8221;][et_pb_text _builder_version=&#8221;4.17.3&#8243; _module_preset=&#8221;default&#8221; text_line_height=&#8221;1.8em&#8221; text_orientation=&#8221;center&#8221; custom_padding=&#8221;|100px||100px|false|true&#8221; custom_padding_tablet=&#8221;|100px||100px|false|true&#8221; custom_padding_phone=&#8221;|0px||0px|false|true&#8221; custom_padding_last_edited=&#8221;on|phone&#8221; global_colors_info=&#8221;{}&#8221;]\u0130svi\u00e7re, Cenevre \u00dcniversitesi Di\u015f Hekimli\u011fi Klinikleri Biyomateryal Grubu ile i\u015fbirli\u011fi i\u00e7inde ger\u00e7ekle\u015ftirilen \u00e7al\u0131\u015fmay\u0131 buradan indirebilirsiniz.[\/et_pb_text][et_pb_button button_url=&#8221;https:\/\/aiserimplants.com\/wp-content\/uploads\/2022\/06\/Surface-and-Biological-characterization-of-Aiser-Biosyn-D\u00ae.pdf&#8221; url_new_window=&#8221;on&#8221; button_text=&#8221;Buradan indiriniz&#8221; button_alignment=&#8221;center&#8221; _builder_version=&#8221;4.23.4&#8243; _module_preset=&#8221;d6309e21-bdc4-44a4-869e-39a631350022&#8243; global_colors_info=&#8221;{}&#8221;][\/et_pb_button][\/et_pb_column][et_pb_column type=&#8221;1_4&#8243; _builder_version=&#8221;4.17.3&#8243; _module_preset=&#8221;default&#8221; global_colors_info=&#8221;{}&#8221;][et_pb_image src=&#8221;https:\/\/aiserimplants.com\/wp-content\/uploads\/2023\/03\/Printable-document-template.png&#8221; title_text=&#8221;Yazd\u0131r\u0131labilir belge \u015fablonu&#8221; url=&#8221;https:\/\/aiserimplants.com\/wp-content\/uploads\/2022\/06\/Surface-and-Biological-characterization-of-Aiser-Biosyn-D\u00ae.pdf&#8221; url_new_window=&#8221;on&#8221; _builder_version=&#8221;4.23.4&#8243; _module_preset=&#8221;default&#8221; global_colors_info=&#8221;{}&#8221;][\/et_pb_image][\/et_pb_column][\/et_pb_row][et_pb_row _builder_version=&#8221;4.17.3&#8243; _module_preset=&#8221;default&#8221; global_colors_info=&#8221;{}&#8221;][et_pb_column type=&#8221;4_4&#8243; _builder_version=&#8221;4.17.3&#8243; _module_preset=&#8221;default&#8221; global_colors_info=&#8221;{}&#8221;][et_pb_text _builder_version=&#8221;4.17.3&#8243; _module_preset=&#8221;default&#8221; header_2_line_height=&#8221;2em&#8221; text_orientation=&#8221;center&#8221; global_colors_info=&#8221;{}&#8221;]AISER Biosyn-D y\u00fczeyi, implant y\u00fcklemeden \u00f6nce gereken iyile\u015fme s\u00fcresini azalt\u0131r.[\/et_pb_text][et_pb_text _builder_version=&#8221;4.17.3&#8243; _module_preset=&#8221;default&#8221; header_2_font=&#8221;|600|||||||&#8221; header_2_font_size=&#8221;1.3em&#8221; global_colors_info=&#8221;{}&#8221;]<\/p>\n<h2>7. g\u00fcnde: Titanyumdaki normal SLA y\u00fczeyine k\u0131yasla HOS h\u00fccrelerinde %64,5 art\u0131\u015f.<\/h2>\n<p>[\/et_pb_text][\/et_pb_column][\/et_pb_row][et_pb_row column_structure=&#8221;1_2,1_2&#8243; _builder_version=&#8221;4.16&#8243; global_colors_info=&#8221;{}&#8221;][et_pb_column type=&#8221;1_2&#8243; _builder_version=&#8221;4.16&#8243; custom_padding=&#8221;|||&#8221; global_colors_info=&#8221;{}&#8221; custom_padding__hover=&#8221;|||&#8221;][et_pb_text admin_label=&#8221;Discover Beatuty Sub Title&#8221; _builder_version=&#8221;4.16&#8243; text_font=&#8221;||||||||&#8221; text_font_size=&#8221;24px&#8221; text_line_height=&#8221;1.4em&#8221; animation_style=&#8221;slide&#8221; animation_direction=&#8221;top&#8221; animation_intensity_slide=&#8221;10%&#8221; global_colors_info=&#8221;{}&#8221;]<\/p>\n<p>Biosyn-D y\u00fczeyleri y\u00fcksek biyouyumlu, osteoind\u00fcktif ve osteokond\u00fcktiftir.<\/p>\n<p>[\/et_pb_text][et_pb_divider color=&#8221;#ed4441&#8243; divider_position=&#8221;center&#8221; divider_weight=&#8221;3px&#8221; disabled_on=&#8221;off|off|off&#8221; _builder_version=&#8221;4.16&#8243; max_width=&#8221;150px&#8221; height=&#8221;false&#8221; animation_style=&#8221;slide&#8221; animation_direction=&#8221;top&#8221; animation_delay=&#8221;100ms&#8221; animation_intensity_slide=&#8221;10%&#8221; global_colors_info=&#8221;{}&#8221;][\/et_pb_divider][et_pb_text admin_label=&#8221;Discover Beatuty Text&#8221; _builder_version=&#8221;4.16&#8243; text_font=&#8221;||||||||&#8221; text_font_size=&#8221;18px&#8221; text_line_height=&#8221;1.9em&#8221; custom_padding=&#8221;30px|0px|0px|||&#8221; animation_style=&#8221;slide&#8221; animation_direction=&#8221;top&#8221; animation_delay=&#8221;200ms&#8221; animation_intensity_slide=&#8221;10%&#8221; global_colors_info=&#8221;{}&#8221;]<\/p>\n<p>\u0130\u015flemimiz, \u015fa\u015f\u0131rt\u0131c\u0131 biyolojik ve mekanik \u00f6zelliklere sahip, kararl\u0131, oksitlenmi\u015f, hidrofilik, nano g\u00f6zenekli bir y\u00fczey sa\u011flar.<\/p>\n<p>Y\u00fczeyin y\u00fcksek p\u00fcr\u00fczl\u00fcl\u00fck profili ve implant\u0131n tasar\u0131m\u0131, <strong>optimum primer stabilite<\/strong> elde edilmesini sa\u011flar.<\/p>\n<p>Biyouyumluluk \u00f6zellikleri, h\u0131zl\u0131 ve <strong>y\u00fcksek dereceli ikincil stabilite ve osseointegrasyon<\/strong> elde edilmesini sa\u011flar.<\/p>\n<p>[\/et_pb_text][\/et_pb_column][et_pb_column type=&#8221;1_2&#8243; _builder_version=&#8221;4.16&#8243; custom_padding=&#8221;|||&#8221; global_colors_info=&#8221;{}&#8221; custom_padding__hover=&#8221;|||&#8221;][et_pb_image src=&#8221;https:\/\/aiserimplants.com\/wp-content\/uploads\/2022\/02\/dettaglio-microscopio.jpg&#8221; alt=&#8221;Biosyn-D mikroskop detay\u0131&#8221; title_text=&#8221;Biosyn-D mikroskop detay\u0131&#8221; _builder_version=&#8221;4.16&#8243; _module_preset=&#8221;default&#8221; global_colors_info=&#8221;{}&#8221;][\/et_pb_image][\/et_pb_column][\/et_pb_row][\/et_pb_section]<\/p>\n","protected":false},"excerpt":{"rendered":"<p>AISER implant y\u00fczeylerinin \u00f6zel yenilik\u00e7i Biosyn D tedavisi, implant\u0131n y\u00fcklenmesi i\u00e7in iyile\u015fme s\u00fcresini azalt\u0131r&#8230;<\/p>\n","protected":false},"author":2,"featured_media":5740,"parent":0,"menu_order":0,"comment_status":"closed","ping_status":"closed","template":"","meta":{"_acf_changed":false,"_et_pb_use_builder":"on","_et_pb_old_content":"","_et_gb_content_width":"","footnotes":""},"class_list":["post-5739","page","type-page","status-publish","has-post-thumbnail","hentry"],"acf":[],"yoast_head":"<!-- This site is optimized with the Yoast SEO Premium plugin v25.2 (Yoast SEO v27.4) - https:\/\/yoast.com\/product\/yoast-seo-premium-wordpress\/ -->\n<title>Biosyn-D Y\u00fczey modifikasyonu - Aiser Implants<\/title>\n<meta name=\"description\" content=\"AISER implant y\u00fczeylerinin \u00f6zel yenilik\u00e7i Biosyn D tedavisi, implant\u0131n y\u00fcklenmesi i\u00e7in iyile\u015fme s\u00fcresini azalt\u0131r...\" \/>\n<meta name=\"robots\" content=\"index, follow, max-snippet:-1, max-image-preview:large, max-video-preview:-1\" \/>\n<link rel=\"canonical\" href=\"https:\/\/aiserimplants.com\/tr\/biosyn-d-yuzey-modifikasyonu\/\" \/>\n<meta property=\"og:locale\" content=\"tr_TR\" \/>\n<meta property=\"og:type\" content=\"article\" \/>\n<meta property=\"og:title\" content=\"Biosyn D\" \/>\n<meta property=\"og:description\" content=\"AISER implant y\u00fczeylerinin \u00f6zel yenilik\u00e7i Biosyn D tedavisi, implant\u0131n y\u00fcklenmesi i\u00e7in iyile\u015fme s\u00fcresini azalt\u0131r...\" \/>\n<meta property=\"og:url\" content=\"https:\/\/aiserimplants.com\/tr\/biosyn-d-yuzey-modifikasyonu\/\" \/>\n<meta property=\"og:site_name\" content=\"Aiser Implants\" \/>\n<meta property=\"article:modified_time\" content=\"2024-03-25T14:44:24+00:00\" \/>\n<meta property=\"og:image\" content=\"https:\/\/aiserimplants.com\/wp-content\/uploads\/2019\/07\/4-300x300.png\" \/>\n<meta name=\"twitter:card\" content=\"summary_large_image\" \/>\n<meta name=\"twitter:title\" content=\"Biosyn-D Y\u00fczey modifikasyonu\" \/>\n<meta name=\"twitter:label1\" content=\"Tahmini okuma s\u00fcresi\" \/>\n\t<meta name=\"twitter:data1\" content=\"4 dakika\" \/>\n<script type=\"application\/ld+json\" class=\"yoast-schema-graph\">{\"@context\":\"https:\\\/\\\/schema.org\",\"@graph\":[{\"@type\":\"WebPage\",\"@id\":\"https:\\\/\\\/aiserimplants.com\\\/tr\\\/biosyn-d-yuzey-modifikasyonu\\\/\",\"url\":\"https:\\\/\\\/aiserimplants.com\\\/tr\\\/biosyn-d-yuzey-modifikasyonu\\\/\",\"name\":\"Biosyn-D Y\u00fczey modifikasyonu - Aiser Implants\",\"isPartOf\":{\"@id\":\"https:\\\/\\\/aiserimplants.com\\\/tr\\\/#website\"},\"primaryImageOfPage\":{\"@id\":\"https:\\\/\\\/aiserimplants.com\\\/tr\\\/biosyn-d-yuzey-modifikasyonu\\\/#primaryimage\"},\"image\":{\"@id\":\"https:\\\/\\\/aiserimplants.com\\\/tr\\\/biosyn-d-yuzey-modifikasyonu\\\/#primaryimage\"},\"thumbnailUrl\":\"https:\\\/\\\/aiserimplants.com\\\/wp-content\\\/uploads\\\/2019\\\/07\\\/4.png\",\"datePublished\":\"2024-02-02T15:05:05+00:00\",\"dateModified\":\"2024-03-25T14:44:24+00:00\",\"description\":\"AISER implant y\u00fczeylerinin \u00f6zel yenilik\u00e7i Biosyn D tedavisi, implant\u0131n y\u00fcklenmesi i\u00e7in iyile\u015fme s\u00fcresini azalt\u0131r...\",\"breadcrumb\":{\"@id\":\"https:\\\/\\\/aiserimplants.com\\\/tr\\\/biosyn-d-yuzey-modifikasyonu\\\/#breadcrumb\"},\"inLanguage\":\"tr\",\"potentialAction\":[{\"@type\":\"ReadAction\",\"target\":[\"https:\\\/\\\/aiserimplants.com\\\/tr\\\/biosyn-d-yuzey-modifikasyonu\\\/\"]}]},{\"@type\":\"ImageObject\",\"inLanguage\":\"tr\",\"@id\":\"https:\\\/\\\/aiserimplants.com\\\/tr\\\/biosyn-d-yuzey-modifikasyonu\\\/#primaryimage\",\"url\":\"https:\\\/\\\/aiserimplants.com\\\/wp-content\\\/uploads\\\/2019\\\/07\\\/4.png\",\"contentUrl\":\"https:\\\/\\\/aiserimplants.com\\\/wp-content\\\/uploads\\\/2019\\\/07\\\/4.png\",\"width\":500,\"height\":500},{\"@type\":\"BreadcrumbList\",\"@id\":\"https:\\\/\\\/aiserimplants.com\\\/tr\\\/biosyn-d-yuzey-modifikasyonu\\\/#breadcrumb\",\"itemListElement\":[{\"@type\":\"ListItem\",\"position\":1,\"name\":\"Home\",\"item\":\"https:\\\/\\\/aiserimplants.com\\\/tr\\\/anasayfa\\\/\"},{\"@type\":\"ListItem\",\"position\":2,\"name\":\"Biosyn-D Y\u00fczey modifikasyonu\"}]},{\"@type\":\"WebSite\",\"@id\":\"https:\\\/\\\/aiserimplants.com\\\/tr\\\/#website\",\"url\":\"https:\\\/\\\/aiserimplants.com\\\/tr\\\/\",\"name\":\"Aiser Implants\",\"description\":\"Swiss Quality at its Peak\",\"publisher\":{\"@id\":\"https:\\\/\\\/aiserimplants.com\\\/tr\\\/#organization\"},\"potentialAction\":[{\"@type\":\"SearchAction\",\"target\":{\"@type\":\"EntryPoint\",\"urlTemplate\":\"https:\\\/\\\/aiserimplants.com\\\/tr\\\/?s={search_term_string}\"},\"query-input\":{\"@type\":\"PropertyValueSpecification\",\"valueRequired\":true,\"valueName\":\"search_term_string\"}}],\"inLanguage\":\"tr\"},{\"@type\":[\"Organization\",\"Place\"],\"@id\":\"https:\\\/\\\/aiserimplants.com\\\/tr\\\/#organization\",\"name\":\"Aiser\",\"url\":\"https:\\\/\\\/aiserimplants.com\\\/tr\\\/\",\"logo\":{\"@id\":\"https:\\\/\\\/aiserimplants.com\\\/tr\\\/biosyn-d-yuzey-modifikasyonu\\\/#local-main-organization-logo\"},\"image\":{\"@id\":\"https:\\\/\\\/aiserimplants.com\\\/tr\\\/biosyn-d-yuzey-modifikasyonu\\\/#local-main-organization-logo\"},\"telephone\":[],\"openingHoursSpecification\":[{\"@type\":\"OpeningHoursSpecification\",\"dayOfWeek\":[\"Monday\",\"Tuesday\",\"Wednesday\",\"Thursday\",\"Friday\",\"Saturday\",\"Sunday\"],\"opens\":\"09:00\",\"closes\":\"17:00\"}]},{\"@type\":\"ImageObject\",\"inLanguage\":\"tr\",\"@id\":\"https:\\\/\\\/aiserimplants.com\\\/tr\\\/biosyn-d-yuzey-modifikasyonu\\\/#local-main-organization-logo\",\"url\":\"https:\\\/\\\/aiserimplants.com\\\/wp-content\\\/uploads\\\/2022\\\/02\\\/AISER_logo.jpg\",\"contentUrl\":\"https:\\\/\\\/aiserimplants.com\\\/wp-content\\\/uploads\\\/2022\\\/02\\\/AISER_logo.jpg\",\"width\":1806,\"height\":1082,\"caption\":\"Aiser\"}]}<\/script>\n<!-- \/ Yoast SEO Premium plugin. -->","yoast_head_json":{"title":"Biosyn-D Y\u00fczey modifikasyonu - Aiser Implants","description":"AISER implant y\u00fczeylerinin \u00f6zel yenilik\u00e7i Biosyn D tedavisi, implant\u0131n y\u00fcklenmesi i\u00e7in iyile\u015fme s\u00fcresini azalt\u0131r...","robots":{"index":"index","follow":"follow","max-snippet":"max-snippet:-1","max-image-preview":"max-image-preview:large","max-video-preview":"max-video-preview:-1"},"canonical":"https:\/\/aiserimplants.com\/tr\/biosyn-d-yuzey-modifikasyonu\/","og_locale":"tr_TR","og_type":"article","og_title":"Biosyn D","og_description":"AISER implant y\u00fczeylerinin \u00f6zel yenilik\u00e7i Biosyn D tedavisi, implant\u0131n y\u00fcklenmesi i\u00e7in iyile\u015fme s\u00fcresini azalt\u0131r...","og_url":"https:\/\/aiserimplants.com\/tr\/biosyn-d-yuzey-modifikasyonu\/","og_site_name":"Aiser Implants","article_modified_time":"2024-03-25T14:44:24+00:00","og_image":[{"url":"https:\/\/aiserimplants.com\/wp-content\/uploads\/2019\/07\/4-300x300.png","type":"","width":"","height":""}],"twitter_card":"summary_large_image","twitter_title":"Biosyn-D Y\u00fczey modifikasyonu","twitter_misc":{"Tahmini okuma s\u00fcresi":"4 dakika"},"schema":{"@context":"https:\/\/schema.org","@graph":[{"@type":"WebPage","@id":"https:\/\/aiserimplants.com\/tr\/biosyn-d-yuzey-modifikasyonu\/","url":"https:\/\/aiserimplants.com\/tr\/biosyn-d-yuzey-modifikasyonu\/","name":"Biosyn-D Y\u00fczey modifikasyonu - Aiser Implants","isPartOf":{"@id":"https:\/\/aiserimplants.com\/tr\/#website"},"primaryImageOfPage":{"@id":"https:\/\/aiserimplants.com\/tr\/biosyn-d-yuzey-modifikasyonu\/#primaryimage"},"image":{"@id":"https:\/\/aiserimplants.com\/tr\/biosyn-d-yuzey-modifikasyonu\/#primaryimage"},"thumbnailUrl":"https:\/\/aiserimplants.com\/wp-content\/uploads\/2019\/07\/4.png","datePublished":"2024-02-02T15:05:05+00:00","dateModified":"2024-03-25T14:44:24+00:00","description":"AISER implant y\u00fczeylerinin \u00f6zel yenilik\u00e7i Biosyn D tedavisi, implant\u0131n y\u00fcklenmesi i\u00e7in iyile\u015fme s\u00fcresini azalt\u0131r...","breadcrumb":{"@id":"https:\/\/aiserimplants.com\/tr\/biosyn-d-yuzey-modifikasyonu\/#breadcrumb"},"inLanguage":"tr","potentialAction":[{"@type":"ReadAction","target":["https:\/\/aiserimplants.com\/tr\/biosyn-d-yuzey-modifikasyonu\/"]}]},{"@type":"ImageObject","inLanguage":"tr","@id":"https:\/\/aiserimplants.com\/tr\/biosyn-d-yuzey-modifikasyonu\/#primaryimage","url":"https:\/\/aiserimplants.com\/wp-content\/uploads\/2019\/07\/4.png","contentUrl":"https:\/\/aiserimplants.com\/wp-content\/uploads\/2019\/07\/4.png","width":500,"height":500},{"@type":"BreadcrumbList","@id":"https:\/\/aiserimplants.com\/tr\/biosyn-d-yuzey-modifikasyonu\/#breadcrumb","itemListElement":[{"@type":"ListItem","position":1,"name":"Home","item":"https:\/\/aiserimplants.com\/tr\/anasayfa\/"},{"@type":"ListItem","position":2,"name":"Biosyn-D Y\u00fczey modifikasyonu"}]},{"@type":"WebSite","@id":"https:\/\/aiserimplants.com\/tr\/#website","url":"https:\/\/aiserimplants.com\/tr\/","name":"Aiser Implants","description":"Swiss Quality at its Peak","publisher":{"@id":"https:\/\/aiserimplants.com\/tr\/#organization"},"potentialAction":[{"@type":"SearchAction","target":{"@type":"EntryPoint","urlTemplate":"https:\/\/aiserimplants.com\/tr\/?s={search_term_string}"},"query-input":{"@type":"PropertyValueSpecification","valueRequired":true,"valueName":"search_term_string"}}],"inLanguage":"tr"},{"@type":["Organization","Place"],"@id":"https:\/\/aiserimplants.com\/tr\/#organization","name":"Aiser","url":"https:\/\/aiserimplants.com\/tr\/","logo":{"@id":"https:\/\/aiserimplants.com\/tr\/biosyn-d-yuzey-modifikasyonu\/#local-main-organization-logo"},"image":{"@id":"https:\/\/aiserimplants.com\/tr\/biosyn-d-yuzey-modifikasyonu\/#local-main-organization-logo"},"telephone":[],"openingHoursSpecification":[{"@type":"OpeningHoursSpecification","dayOfWeek":["Monday","Tuesday","Wednesday","Thursday","Friday","Saturday","Sunday"],"opens":"09:00","closes":"17:00"}]},{"@type":"ImageObject","inLanguage":"tr","@id":"https:\/\/aiserimplants.com\/tr\/biosyn-d-yuzey-modifikasyonu\/#local-main-organization-logo","url":"https:\/\/aiserimplants.com\/wp-content\/uploads\/2022\/02\/AISER_logo.jpg","contentUrl":"https:\/\/aiserimplants.com\/wp-content\/uploads\/2022\/02\/AISER_logo.jpg","width":1806,"height":1082,"caption":"Aiser"}]}},"_links":{"self":[{"href":"https:\/\/aiserimplants.com\/tr\/wp-json\/wp\/v2\/pages\/5739","targetHints":{"allow":["GET"]}}],"collection":[{"href":"https:\/\/aiserimplants.com\/tr\/wp-json\/wp\/v2\/pages"}],"about":[{"href":"https:\/\/aiserimplants.com\/tr\/wp-json\/wp\/v2\/types\/page"}],"author":[{"embeddable":true,"href":"https:\/\/aiserimplants.com\/tr\/wp-json\/wp\/v2\/users\/2"}],"replies":[{"embeddable":true,"href":"https:\/\/aiserimplants.com\/tr\/wp-json\/wp\/v2\/comments?post=5739"}],"version-history":[{"count":5,"href":"https:\/\/aiserimplants.com\/tr\/wp-json\/wp\/v2\/pages\/5739\/revisions"}],"predecessor-version":[{"id":6076,"href":"https:\/\/aiserimplants.com\/tr\/wp-json\/wp\/v2\/pages\/5739\/revisions\/6076"}],"wp:featuredmedia":[{"embeddable":true,"href":"https:\/\/aiserimplants.com\/tr\/wp-json\/wp\/v2\/media\/5740"}],"wp:attachment":[{"href":"https:\/\/aiserimplants.com\/tr\/wp-json\/wp\/v2\/media?parent=5739"}],"curies":[{"name":"wp","href":"https:\/\/api.w.org\/{rel}","templated":true}]}}