{"id":5748,"date":"2024-02-05T13:43:34","date_gmt":"2024-02-05T12:43:34","guid":{"rendered":"https:\/\/aiserimplants.com\/urunler\/"},"modified":"2024-02-05T13:43:35","modified_gmt":"2024-02-05T12:43:35","slug":"urunler","status":"publish","type":"page","link":"https:\/\/aiserimplants.com\/tr\/urunler\/","title":{"rendered":"\u00dcr\u00fcnler"},"content":{"rendered":"\n[et_pb_section fb_built=&#8221;1&#8243; fullwidth=&#8221;on&#8221; _builder_version=&#8221;4.14.7&#8243; _module_preset=&#8221;default&#8221; background_color=&#8221;#000000&#8243; global_colors_info=&#8221;{}&#8221;][et_pb_fullwidth_header title=&#8221;\u00dcr\u00fcnler&#8221; subhead=&#8221;T\u00fcm AISER \u00fcr\u00fcnleri, herhangi bir \u00fcretim hatas\u0131n\u0131 kar\u015f\u0131lamak i\u00e7in \u00f6m\u00fcr boyu garantilidir.&#8221; _builder_version=&#8221;4.14.7&#8243; _module_preset=&#8221;5d2311d1-d0df-49c3-8a3a-d366a118df72&#8243; background_image=&#8221;https:\/\/aiserimplants.com\/wp-content\/uploads\/2022\/03\/7.png&#8221; global_colors_info=&#8221;{}&#8221;][\/et_pb_fullwidth_header][\/et_pb_section][et_pb_section fb_built=&#8221;1&#8243; _builder_version=&#8221;4.14.7&#8243; _module_preset=&#8221;fa16af20-4da1-42b8-87c8-dab7c09ce721&#8243; global_colors_info=&#8221;{}&#8221;][et_pb_row _builder_version=&#8221;4.14.2&#8243; _module_preset=&#8221;default&#8221; global_colors_info=&#8221;{}&#8221;][et_pb_column type=&#8221;4_4&#8243; _builder_version=&#8221;4.14.2&#8243; _module_preset=&#8221;default&#8221; global_colors_info=&#8221;{}&#8221;][et_pb_text _builder_version=&#8221;4.14.4&#8243; _module_preset=&#8221;default&#8221; global_colors_info=&#8221;{}&#8221;]<p>\u00dcr\u00fcn Zincirini <strong>UTD<\/strong> (<em>\u00d6zg\u00fcn \u0130zlenebilirlik Belgesi<\/em>) arac\u0131l\u0131\u011f\u0131yla i\u015fleme ve ta\u015f\u0131ma ad\u0131mlar\u0131n\u0131n her birinde nihai m\u00fc\u015fteriye kadar izliyoruz.<\/p>\n<p>\u00dcr\u00fcnlerimizi tabi tuttu\u011fumuz kalite kontrolleri sekt\u00f6rdeki en s\u0131k\u0131 kontroller aras\u0131ndad\u0131r ve lazer ekipman\u0131 ile boyutsal kontrollerden <strong>SEM \/ EDS<\/strong> teknolojisi kullan\u0131larak yap\u0131lan kimyasal ve topografik analizlere kadar uzanmaktad\u0131r.<\/p>\n<p>Eksiksiz izlenebilirlik ve sistematik kalite kontrolleri, <strong>AISER<\/strong>&#8216;in t\u00fcm \u00fcr\u00fcnlerine <strong>\u00d6M\u00dcR BOYU<\/strong> garanti vermesinin nedenidir.<\/p>[\/et_pb_text][\/et_pb_column][\/et_pb_row][et_pb_row column_structure=&#8221;1_3,1_3,1_3&#8243; _builder_version=&#8221;4.14.2&#8243; _module_preset=&#8221;default&#8221; global_colors_info=&#8221;{}&#8221;][et_pb_column type=&#8221;1_3&#8243; _builder_version=&#8221;4.14.2&#8243; _module_preset=&#8221;default&#8221; global_colors_info=&#8221;{}&#8221;][et_pb_blurb title=&#8221; \u0130mplant Sistemi&#8221; url=&#8221;@ET-DC@eyJkeW5hbWljIjp0cnVlLCJjb250ZW50IjoicG9zdF9saW5rX3VybF9wYWdlIiwic2V0dGluZ3MiOnsicG9zdF9pZCI6IjEyMTIifX0=@&#8221; image=&#8221;https:\/\/aiserimplants.com\/wp-content\/uploads\/2021\/12\/Aiser-Implant-System-2.jpg&#8221; _builder_version=&#8221;4.14.7&#8243; _dynamic_attributes=&#8221;url,link_option_url&#8221; _module_preset=&#8221;9320ff63-0a49-4de8-b696-909db438f59f&#8221; header_font=&#8221;Montserrat||||||||&#8221; background_color=&#8221;RGBA(255,255,255,0)&#8221; link_option_url=&#8221;@ET-DC@eyJkeW5hbWljIjp0cnVlLCJjb250ZW50IjoicG9zdF9saW5rX3VybF9wYWdlIiwic2V0dGluZ3MiOnsicG9zdF9pZCI6IjEyMTIifX0=@&#8221; global_colors_info=&#8221;{}&#8221;][\/et_pb_blurb][\/et_pb_column][et_pb_column type=&#8221;1_3&#8243; _builder_version=&#8221;4.14.2&#8243; _module_preset=&#8221;default&#8221; global_colors_info=&#8221;{}&#8221;][et_pb_blurb title=&#8221;Konometrik Link Sistem&#8221; image=&#8221;https:\/\/aiserimplants.com\/wp-content\/uploads\/2021\/12\/Aiser-Conometric-Link-System.jpg&#8221; _builder_version=&#8221;4.14.7&#8243; _dynamic_attributes=&#8221;link_option_url&#8221; _module_preset=&#8221;9320ff63-0a49-4de8-b696-909db438f59f&#8221; header_font=&#8221;Montserrat||||||||&#8221; background_layout=&#8221;dark&#8221; link_option_url=&#8221;@ET-DC@eyJkeW5hbWljIjp0cnVlLCJjb250ZW50IjoicG9zdF9saW5rX3VybF9wYWdlIiwic2V0dGluZ3MiOnsicG9zdF9pZCI6IjEzMTcifX0=@&#8221; global_colors_info=&#8221;{}&#8221;][\/et_pb_blurb][\/et_pb_column][et_pb_column type=&#8221;1_3&#8243; _builder_version=&#8221;4.14.2&#8243; _module_preset=&#8221;default&#8221; global_colors_info=&#8221;{}&#8221;][et_pb_blurb title=&#8221; Bask\u0131 Malzemeleri&#8221; image=&#8221;https:\/\/aiserimplants.com\/wp-content\/uploads\/2021\/12\/Aiser-Impression-Materials.jpg&#8221; _builder_version=&#8221;4.14.7&#8243; _dynamic_attributes=&#8221;link_option_url&#8221; _module_preset=&#8221;9320ff63-0a49-4de8-b696-909db438f59f&#8221; header_font=&#8221;Montserrat||||||||&#8221; background_layout=&#8221;dark&#8221; link_option_url=&#8221;@ET-DC@eyJkeW5hbWljIjp0cnVlLCJjb250ZW50IjoicG9zdF9saW5rX3VybF9wYWdlIiwic2V0dGluZ3MiOnsicG9zdF9pZCI6IjE3ODUifX0=@&#8221; global_colors_info=&#8221;{}&#8221;][\/et_pb_blurb][\/et_pb_column][\/et_pb_row][et_pb_row _builder_version=&#8221;4.14.9&#8243; _module_preset=&#8221;default&#8221; hover_enabled=&#8221;0&#8243; global_colors_info=&#8221;{}&#8221; custom_margin=&#8221;50px||||false|false&#8221; sticky_enabled=&#8221;0&#8243;][et_pb_column type=&#8221;4_4&#8243; _builder_version=&#8221;4.14.2&#8243; _module_preset=&#8221;default&#8221; global_colors_info=&#8221;{}&#8221;][et_pb_blurb title=&#8221;Cerrahi Set&#8221; image=&#8221;https:\/\/aiserimplants.com\/wp-content\/uploads\/2022\/03\/Aiser_Surgical_Kit_1300x400.jpg&#8221; alt=&#8221;Aiser Cerrahi Set&#8221; _builder_version=&#8221;4.14.9&#8243; _dynamic_attributes=&#8221;link_option_url&#8221; _module_preset=&#8221;9320ff63-0a49-4de8-b696-909db438f59f&#8221; header_font=&#8221;Montserrat||||||||&#8221; background_layout=&#8221;dark&#8221; link_option_url=&#8221;@ET-DC@eyJkeW5hbWljIjp0cnVlLCJjb250ZW50IjoicG9zdF9saW5rX3VybF9wcm9kb3R0byIsInNldHRpbmdzIjp7InBvc3RfaWQiOiIyMDU1In19@&#8221; global_colors_info=&#8221;{}&#8221;][\/et_pb_blurb][\/et_pb_column][\/et_pb_row][\/et_pb_section]\n","protected":false},"excerpt":{"rendered":"<p>Aiser Dental \u0130mplantlar, tedarik zinciri boyunca, b\u00fct\u00fcn \u00fcretim ve ta\u015f\u0131ma ad\u0131m\u0131nda, nihai m\u00fc\u015fteriye kadar izlenir. Ke\u015ffetmek i\u00e7in&#8230;<\/p>\n","protected":false},"author":1,"featured_media":5749,"parent":0,"menu_order":0,"comment_status":"closed","ping_status":"closed","template":"","meta":{"_acf_changed":false,"_et_pb_use_builder":"on","_et_pb_old_content":"","_et_gb_content_width":"","footnotes":""},"class_list":["post-5748","page","type-page","status-publish","has-post-thumbnail","hentry"],"acf":[],"yoast_head":"<!-- This site is optimized with the Yoast SEO Premium plugin v25.2 (Yoast SEO v27.1) - https:\/\/yoast.com\/product\/yoast-seo-premium-wordpress\/ -->\n<title>\u00dcr\u00fcnler - Aiser Implants<\/title>\n<meta name=\"description\" content=\"Aiser Dental \u0130mplantlar, tedarik zinciri boyunca, b\u00fct\u00fcn \u00fcretim ve ta\u015f\u0131ma ad\u0131m\u0131nda, nihai m\u00fc\u015fteriye kadar izlenir. Ke\u015ffetmek i\u00e7in...\" \/>\n<meta name=\"robots\" content=\"index, follow, max-snippet:-1, max-image-preview:large, max-video-preview:-1\" \/>\n<link rel=\"canonical\" href=\"https:\/\/aiserimplants.com\/tr\/urunler\/\" \/>\n<meta property=\"og:locale\" content=\"tr_TR\" \/>\n<meta property=\"og:type\" content=\"article\" \/>\n<meta property=\"og:title\" content=\"\u00dcr\u00fcnler\" \/>\n<meta property=\"og:description\" content=\"Aiser Dental \u0130mplantlar, tedarik zinciri boyunca, b\u00fct\u00fcn \u00fcretim ve ta\u015f\u0131ma ad\u0131m\u0131nda, nihai m\u00fc\u015fteriye kadar izlenir. Ke\u015ffetmek i\u00e7in...\" \/>\n<meta property=\"og:url\" content=\"https:\/\/aiserimplants.com\/tr\/urunler\/\" \/>\n<meta property=\"og:site_name\" content=\"Aiser Implants\" \/>\n<meta property=\"article:modified_time\" content=\"2024-02-05T12:43:35+00:00\" \/>\n<meta property=\"og:image\" content=\"https:\/\/aiserimplants.com\/wp-content\/uploads\/2021\/12\/4.png\" \/>\n\t<meta property=\"og:image:width\" content=\"900\" \/>\n\t<meta property=\"og:image:height\" content=\"1000\" \/>\n\t<meta property=\"og:image:type\" content=\"image\/png\" \/>\n<meta name=\"twitter:card\" content=\"summary_large_image\" \/>\n<meta name=\"twitter:label1\" content=\"Tahmini okuma s\u00fcresi\" \/>\n\t<meta name=\"twitter:data1\" content=\"3 dakika\" \/>\n<script type=\"application\/ld+json\" class=\"yoast-schema-graph\">{\"@context\":\"https:\/\/schema.org\",\"@graph\":[{\"@type\":\"WebPage\",\"@id\":\"https:\/\/aiserimplants.com\/tr\/urunler\/\",\"url\":\"https:\/\/aiserimplants.com\/tr\/urunler\/\",\"name\":\"\u00dcr\u00fcnler - Aiser Implants\",\"isPartOf\":{\"@id\":\"https:\/\/aiserimplants.com\/tr\/#website\"},\"primaryImageOfPage\":{\"@id\":\"https:\/\/aiserimplants.com\/tr\/urunler\/#primaryimage\"},\"image\":{\"@id\":\"https:\/\/aiserimplants.com\/tr\/urunler\/#primaryimage\"},\"thumbnailUrl\":\"https:\/\/aiserimplants.com\/wp-content\/uploads\/2021\/12\/4.png\",\"datePublished\":\"2024-02-05T12:43:34+00:00\",\"dateModified\":\"2024-02-05T12:43:35+00:00\",\"description\":\"Aiser Dental \u0130mplantlar, tedarik zinciri boyunca, b\u00fct\u00fcn \u00fcretim ve ta\u015f\u0131ma ad\u0131m\u0131nda, nihai m\u00fc\u015fteriye kadar izlenir. Ke\u015ffetmek i\u00e7in...\",\"breadcrumb\":{\"@id\":\"https:\/\/aiserimplants.com\/tr\/urunler\/#breadcrumb\"},\"inLanguage\":\"tr\",\"potentialAction\":[{\"@type\":\"ReadAction\",\"target\":[\"https:\/\/aiserimplants.com\/tr\/urunler\/\"]}]},{\"@type\":\"ImageObject\",\"inLanguage\":\"tr\",\"@id\":\"https:\/\/aiserimplants.com\/tr\/urunler\/#primaryimage\",\"url\":\"https:\/\/aiserimplants.com\/wp-content\/uploads\/2021\/12\/4.png\",\"contentUrl\":\"https:\/\/aiserimplants.com\/wp-content\/uploads\/2021\/12\/4.png\",\"width\":900,\"height\":1000},{\"@type\":\"BreadcrumbList\",\"@id\":\"https:\/\/aiserimplants.com\/tr\/urunler\/#breadcrumb\",\"itemListElement\":[{\"@type\":\"ListItem\",\"position\":1,\"name\":\"Home\",\"item\":\"https:\/\/aiserimplants.com\/tr\/anasayfa\/\"},{\"@type\":\"ListItem\",\"position\":2,\"name\":\"\u00dcr\u00fcnler\"}]},{\"@type\":\"WebSite\",\"@id\":\"https:\/\/aiserimplants.com\/tr\/#website\",\"url\":\"https:\/\/aiserimplants.com\/tr\/\",\"name\":\"Aiser Implants\",\"description\":\"Swiss Quality at its Peak\",\"publisher\":{\"@id\":\"https:\/\/aiserimplants.com\/tr\/#organization\"},\"potentialAction\":[{\"@type\":\"SearchAction\",\"target\":{\"@type\":\"EntryPoint\",\"urlTemplate\":\"https:\/\/aiserimplants.com\/tr\/?s={search_term_string}\"},\"query-input\":{\"@type\":\"PropertyValueSpecification\",\"valueRequired\":true,\"valueName\":\"search_term_string\"}}],\"inLanguage\":\"tr\"},{\"@type\":[\"Organization\",\"Place\"],\"@id\":\"https:\/\/aiserimplants.com\/tr\/#organization\",\"name\":\"Aiser\",\"url\":\"https:\/\/aiserimplants.com\/tr\/\",\"logo\":{\"@id\":\"https:\/\/aiserimplants.com\/tr\/urunler\/#local-main-organization-logo\"},\"image\":{\"@id\":\"https:\/\/aiserimplants.com\/tr\/urunler\/#local-main-organization-logo\"},\"telephone\":[],\"openingHoursSpecification\":[{\"@type\":\"OpeningHoursSpecification\",\"dayOfWeek\":[\"Monday\",\"Tuesday\",\"Wednesday\",\"Thursday\",\"Friday\",\"Saturday\",\"Sunday\"],\"opens\":\"09:00\",\"closes\":\"17:00\"}]},{\"@type\":\"ImageObject\",\"inLanguage\":\"tr\",\"@id\":\"https:\/\/aiserimplants.com\/tr\/urunler\/#local-main-organization-logo\",\"url\":\"https:\/\/aiserimplants.com\/wp-content\/uploads\/2022\/02\/AISER_logo.jpg\",\"contentUrl\":\"https:\/\/aiserimplants.com\/wp-content\/uploads\/2022\/02\/AISER_logo.jpg\",\"width\":1806,\"height\":1082,\"caption\":\"Aiser\"}]}<\/script>\n<!-- \/ Yoast SEO Premium plugin. -->","yoast_head_json":{"title":"\u00dcr\u00fcnler - Aiser Implants","description":"Aiser Dental \u0130mplantlar, tedarik zinciri boyunca, b\u00fct\u00fcn \u00fcretim ve ta\u015f\u0131ma ad\u0131m\u0131nda, nihai m\u00fc\u015fteriye kadar izlenir. Ke\u015ffetmek i\u00e7in...","robots":{"index":"index","follow":"follow","max-snippet":"max-snippet:-1","max-image-preview":"max-image-preview:large","max-video-preview":"max-video-preview:-1"},"canonical":"https:\/\/aiserimplants.com\/tr\/urunler\/","og_locale":"tr_TR","og_type":"article","og_title":"\u00dcr\u00fcnler","og_description":"Aiser Dental \u0130mplantlar, tedarik zinciri boyunca, b\u00fct\u00fcn \u00fcretim ve ta\u015f\u0131ma ad\u0131m\u0131nda, nihai m\u00fc\u015fteriye kadar izlenir. Ke\u015ffetmek i\u00e7in...","og_url":"https:\/\/aiserimplants.com\/tr\/urunler\/","og_site_name":"Aiser Implants","article_modified_time":"2024-02-05T12:43:35+00:00","og_image":[{"width":900,"height":1000,"url":"https:\/\/aiserimplants.com\/wp-content\/uploads\/2021\/12\/4.png","type":"image\/png"}],"twitter_card":"summary_large_image","twitter_misc":{"Tahmini okuma s\u00fcresi":"3 dakika"},"schema":{"@context":"https:\/\/schema.org","@graph":[{"@type":"WebPage","@id":"https:\/\/aiserimplants.com\/tr\/urunler\/","url":"https:\/\/aiserimplants.com\/tr\/urunler\/","name":"\u00dcr\u00fcnler - Aiser Implants","isPartOf":{"@id":"https:\/\/aiserimplants.com\/tr\/#website"},"primaryImageOfPage":{"@id":"https:\/\/aiserimplants.com\/tr\/urunler\/#primaryimage"},"image":{"@id":"https:\/\/aiserimplants.com\/tr\/urunler\/#primaryimage"},"thumbnailUrl":"https:\/\/aiserimplants.com\/wp-content\/uploads\/2021\/12\/4.png","datePublished":"2024-02-05T12:43:34+00:00","dateModified":"2024-02-05T12:43:35+00:00","description":"Aiser Dental \u0130mplantlar, tedarik zinciri boyunca, b\u00fct\u00fcn \u00fcretim ve ta\u015f\u0131ma ad\u0131m\u0131nda, nihai m\u00fc\u015fteriye kadar izlenir. Ke\u015ffetmek i\u00e7in...","breadcrumb":{"@id":"https:\/\/aiserimplants.com\/tr\/urunler\/#breadcrumb"},"inLanguage":"tr","potentialAction":[{"@type":"ReadAction","target":["https:\/\/aiserimplants.com\/tr\/urunler\/"]}]},{"@type":"ImageObject","inLanguage":"tr","@id":"https:\/\/aiserimplants.com\/tr\/urunler\/#primaryimage","url":"https:\/\/aiserimplants.com\/wp-content\/uploads\/2021\/12\/4.png","contentUrl":"https:\/\/aiserimplants.com\/wp-content\/uploads\/2021\/12\/4.png","width":900,"height":1000},{"@type":"BreadcrumbList","@id":"https:\/\/aiserimplants.com\/tr\/urunler\/#breadcrumb","itemListElement":[{"@type":"ListItem","position":1,"name":"Home","item":"https:\/\/aiserimplants.com\/tr\/anasayfa\/"},{"@type":"ListItem","position":2,"name":"\u00dcr\u00fcnler"}]},{"@type":"WebSite","@id":"https:\/\/aiserimplants.com\/tr\/#website","url":"https:\/\/aiserimplants.com\/tr\/","name":"Aiser Implants","description":"Swiss Quality at its Peak","publisher":{"@id":"https:\/\/aiserimplants.com\/tr\/#organization"},"potentialAction":[{"@type":"SearchAction","target":{"@type":"EntryPoint","urlTemplate":"https:\/\/aiserimplants.com\/tr\/?s={search_term_string}"},"query-input":{"@type":"PropertyValueSpecification","valueRequired":true,"valueName":"search_term_string"}}],"inLanguage":"tr"},{"@type":["Organization","Place"],"@id":"https:\/\/aiserimplants.com\/tr\/#organization","name":"Aiser","url":"https:\/\/aiserimplants.com\/tr\/","logo":{"@id":"https:\/\/aiserimplants.com\/tr\/urunler\/#local-main-organization-logo"},"image":{"@id":"https:\/\/aiserimplants.com\/tr\/urunler\/#local-main-organization-logo"},"telephone":[],"openingHoursSpecification":[{"@type":"OpeningHoursSpecification","dayOfWeek":["Monday","Tuesday","Wednesday","Thursday","Friday","Saturday","Sunday"],"opens":"09:00","closes":"17:00"}]},{"@type":"ImageObject","inLanguage":"tr","@id":"https:\/\/aiserimplants.com\/tr\/urunler\/#local-main-organization-logo","url":"https:\/\/aiserimplants.com\/wp-content\/uploads\/2022\/02\/AISER_logo.jpg","contentUrl":"https:\/\/aiserimplants.com\/wp-content\/uploads\/2022\/02\/AISER_logo.jpg","width":1806,"height":1082,"caption":"Aiser"}]}},"_links":{"self":[{"href":"https:\/\/aiserimplants.com\/tr\/wp-json\/wp\/v2\/pages\/5748","targetHints":{"allow":["GET"]}}],"collection":[{"href":"https:\/\/aiserimplants.com\/tr\/wp-json\/wp\/v2\/pages"}],"about":[{"href":"https:\/\/aiserimplants.com\/tr\/wp-json\/wp\/v2\/types\/page"}],"author":[{"embeddable":true,"href":"https:\/\/aiserimplants.com\/tr\/wp-json\/wp\/v2\/users\/1"}],"replies":[{"embeddable":true,"href":"https:\/\/aiserimplants.com\/tr\/wp-json\/wp\/v2\/comments?post=5748"}],"version-history":[{"count":1,"href":"https:\/\/aiserimplants.com\/tr\/wp-json\/wp\/v2\/pages\/5748\/revisions"}],"predecessor-version":[{"id":5750,"href":"https:\/\/aiserimplants.com\/tr\/wp-json\/wp\/v2\/pages\/5748\/revisions\/5750"}],"wp:featuredmedia":[{"embeddable":true,"href":"https:\/\/aiserimplants.com\/tr\/wp-json\/wp\/v2\/media\/5749"}],"wp:attachment":[{"href":"https:\/\/aiserimplants.com\/tr\/wp-json\/wp\/v2\/media?parent=5748"}],"curies":[{"name":"wp","href":"https:\/\/api.w.org\/{rel}","templated":true}]}}