{"id":5772,"date":"2024-02-09T13:22:36","date_gmt":"2024-02-09T12:22:36","guid":{"rendered":"https:\/\/aiserimplants.com\/omur-boyu-garanti\/"},"modified":"2024-02-09T13:22:36","modified_gmt":"2024-02-09T12:22:36","slug":"omur-boyu-garanti","status":"publish","type":"page","link":"https:\/\/aiserimplants.com\/tr\/omur-boyu-garanti\/","title":{"rendered":"\u00d6m\u00fcr boyu garanti"},"content":{"rendered":"<p>[et_pb_section fb_built=&#8221;1&#8243; fullwidth=&#8221;on&#8221; _builder_version=&#8221;4.14.7&#8243; _module_preset=&#8221;default&#8221; background_color=&#8221;#000000&#8243; global_colors_info=&#8221;{}&#8221;][et_pb_fullwidth_header title=&#8221;\u00d6zg\u00fcn \u0130zlenebilirlik Belgesi&#8221; subhead=&#8221;Tedarik zincirinin nihai m\u00fc\u015fteriye kadar izlenmesi&#8221; _builder_version=&#8221;4.14.7&#8243; _module_preset=&#8221;5d2311d1-d0df-49c3-8a3a-d366a118df72&#8243; background_enable_color=&#8221;off&#8221; background_image=&#8221;https:\/\/aiserimplants.com\/wp-content\/uploads\/2022\/02\/travel-landscape-01.jpg&#8221; global_colors_info=&#8221;{}&#8221;][\/et_pb_fullwidth_header][\/et_pb_section][et_pb_section fb_built=&#8221;1&#8243; _builder_version=&#8221;4.14.9&#8243; _module_preset=&#8221;default&#8221; background_color=&#8221;#000000&#8243; custom_padding=&#8221;0px||0px|||&#8221; global_colors_info=&#8221;{}&#8221;][\/et_pb_section][et_pb_section fb_built=&#8221;1&#8243; _builder_version=&#8221;4.14.7&#8243; _module_preset=&#8221;fa16af20-4da1-42b8-87c8-dab7c09ce721&#8243; global_colors_info=&#8221;{}&#8221;][et_pb_row _builder_version=&#8221;4.14.7&#8243; _module_preset=&#8221;default&#8221; global_colors_info=&#8221;{}&#8221;][et_pb_column type=&#8221;4_4&#8243; _builder_version=&#8221;4.14.7&#8243; _module_preset=&#8221;default&#8221; global_colors_info=&#8221;{}&#8221;][et_pb_text _builder_version=&#8221;4.14.9&#8243; _module_preset=&#8221;ac6eaaff-bd72-4c1b-8d86-322f7edf5272&#8243; background_layout=&#8221;dark&#8221; global_colors_info=&#8221;{}&#8221;]<\/p>\n<h3>Her AISER \u00fcr\u00fcn\u00fc, <span style=\"color: #0c71c3;\"><strong>olas\u0131 \u00fcretim hatalar\u0131n\u0131 kar\u015f\u0131lamak i\u00e7in \u00f6m\u00fcr boyu garanti<\/strong><\/span>ye sahiptir.<\/h3>\n<p>&nbsp;<\/p>\n<p style=\"text-align: center;\">l&#8217;UTD (Benzersiz \u0130zlenebilirlik Belgesi) arac\u0131l\u0131\u011f\u0131yla <strong>her bir \u00fcr\u00fcn\u00fcn \u00fcretim zincirini her bir duraktan nihai m\u00fc\u015fteriye kadar takip ediyoruz<\/strong>.<\/p>\n<p><strong><\/strong><\/p>\n<p style=\"text-align: center;\"><strong>\u00dcr\u00fcnlerimiz sahadaki en s\u0131k\u0131 kalite kontrollerinden ge\u00e7mektedir<\/strong>; y\u00fczeyin topografisini ve kimyasal \u00f6zelliklerini de\u011ferlendirmek i\u00e7in lazer ekipman\u0131, EDSx spektroskopisi ve temiz odada SEM g\u00f6r\u00fcnt\u00fcleme ile boyut kontrol\u00fcn\u00fc kapsarlar.<\/p>\n<p><span style=\"font-weight: 400;\"><\/span><\/p>\n<p style=\"text-align: center;\"><span style=\"font-weight: 400;\">Tam izlenebilirlik ve sistematik kalite kontrolleri, <strong>AISER&#8217;in her \u00fcr\u00fcn\u00fcne \u00f6m\u00fcr boyu garanti<\/strong> vermesinin nedenidir.<\/span><\/p>\n<p>[\/et_pb_text][\/et_pb_column][\/et_pb_row][\/et_pb_section][et_pb_section fb_built=&#8221;1&#8243; _builder_version=&#8221;4.14.9&#8243; _module_preset=&#8221;default&#8221; background_color=&#8221;#000000&#8243; global_colors_info=&#8221;{}&#8221;][\/et_pb_section]<\/p>\n","protected":false},"excerpt":{"rendered":"<p>Her AISER \u00fcr\u00fcn\u00fc, olas\u0131 \u00fcretim hatalar\u0131n\u0131 kar\u015f\u0131lamak i\u00e7in \u00f6m\u00fcr boyu garantiye sahiptir. &nbsp; l&#8217;UTD (Benzersiz \u0130zlenebilirlik Belgesi) arac\u0131l\u0131\u011f\u0131yla her bir \u00fcr\u00fcn\u00fcn \u00fcretim zincirini her bir duraktan nihai m\u00fc\u015fteriye kadar takip ediyoruz. \u00dcr\u00fcnlerimiz sahadaki en s\u0131k\u0131 kalite kontrollerinden ge\u00e7mektedir; y\u00fczeyin topografisini ve kimyasal \u00f6zelliklerini de\u011ferlendirmek i\u00e7in lazer ekipman\u0131, EDSx spektroskopisi ve temiz odada SEM g\u00f6r\u00fcnt\u00fcleme ile [&hellip;]<\/p>\n","protected":false},"author":2,"featured_media":0,"parent":0,"menu_order":0,"comment_status":"closed","ping_status":"closed","template":"","meta":{"_acf_changed":false,"_et_pb_use_builder":"on","_et_pb_old_content":"","_et_gb_content_width":"","footnotes":""},"class_list":["post-5772","page","type-page","status-publish","hentry"],"acf":[],"yoast_head":"<!-- This site is optimized with the Yoast SEO Premium plugin v25.2 (Yoast SEO v27.1) - https:\/\/yoast.com\/product\/yoast-seo-premium-wordpress\/ -->\n<title>\u00d6m\u00fcr boyu garanti - Aiser Implants<\/title>\n<meta name=\"robots\" content=\"index, follow, max-snippet:-1, max-image-preview:large, max-video-preview:-1\" \/>\n<link rel=\"canonical\" href=\"https:\/\/aiserimplants.com\/tr\/omur-boyu-garanti\/\" \/>\n<meta property=\"og:locale\" content=\"tr_TR\" \/>\n<meta property=\"og:type\" content=\"article\" \/>\n<meta property=\"og:title\" content=\"\u00d6m\u00fcr boyu garanti\" \/>\n<meta property=\"og:description\" content=\"Her AISER \u00fcr\u00fcn\u00fc, olas\u0131 \u00fcretim hatalar\u0131n\u0131 kar\u015f\u0131lamak i\u00e7in \u00f6m\u00fcr boyu garantiye sahiptir. &nbsp; l&#039;UTD (Benzersiz \u0130zlenebilirlik Belgesi) arac\u0131l\u0131\u011f\u0131yla her bir \u00fcr\u00fcn\u00fcn \u00fcretim zincirini her bir duraktan nihai m\u00fc\u015fteriye kadar takip ediyoruz. \u00dcr\u00fcnlerimiz sahadaki en s\u0131k\u0131 kalite kontrollerinden ge\u00e7mektedir; y\u00fczeyin topografisini ve kimyasal \u00f6zelliklerini de\u011ferlendirmek i\u00e7in lazer ekipman\u0131, EDSx spektroskopisi ve temiz odada SEM g\u00f6r\u00fcnt\u00fcleme ile [&hellip;]\" \/>\n<meta property=\"og:url\" content=\"https:\/\/aiserimplants.com\/tr\/omur-boyu-garanti\/\" \/>\n<meta property=\"og:site_name\" content=\"Aiser Implants\" \/>\n<meta name=\"twitter:card\" content=\"summary_large_image\" \/>\n<meta name=\"twitter:label1\" content=\"Tahmini okuma s\u00fcresi\" \/>\n\t<meta name=\"twitter:data1\" content=\"1 dakika\" \/>\n<script type=\"application\/ld+json\" class=\"yoast-schema-graph\">{\"@context\":\"https:\/\/schema.org\",\"@graph\":[{\"@type\":\"WebPage\",\"@id\":\"https:\/\/aiserimplants.com\/tr\/omur-boyu-garanti\/\",\"url\":\"https:\/\/aiserimplants.com\/tr\/omur-boyu-garanti\/\",\"name\":\"\u00d6m\u00fcr boyu garanti - Aiser Implants\",\"isPartOf\":{\"@id\":\"https:\/\/aiserimplants.com\/tr\/#website\"},\"datePublished\":\"2024-02-09T12:22:36+00:00\",\"breadcrumb\":{\"@id\":\"https:\/\/aiserimplants.com\/tr\/omur-boyu-garanti\/#breadcrumb\"},\"inLanguage\":\"tr\",\"potentialAction\":[{\"@type\":\"ReadAction\",\"target\":[\"https:\/\/aiserimplants.com\/tr\/omur-boyu-garanti\/\"]}]},{\"@type\":\"BreadcrumbList\",\"@id\":\"https:\/\/aiserimplants.com\/tr\/omur-boyu-garanti\/#breadcrumb\",\"itemListElement\":[{\"@type\":\"ListItem\",\"position\":1,\"name\":\"Home\",\"item\":\"https:\/\/aiserimplants.com\/tr\/anasayfa\/\"},{\"@type\":\"ListItem\",\"position\":2,\"name\":\"\u00d6m\u00fcr boyu garanti\"}]},{\"@type\":\"WebSite\",\"@id\":\"https:\/\/aiserimplants.com\/tr\/#website\",\"url\":\"https:\/\/aiserimplants.com\/tr\/\",\"name\":\"Aiser Implants\",\"description\":\"Swiss Quality at its Peak\",\"publisher\":{\"@id\":\"https:\/\/aiserimplants.com\/tr\/#organization\"},\"potentialAction\":[{\"@type\":\"SearchAction\",\"target\":{\"@type\":\"EntryPoint\",\"urlTemplate\":\"https:\/\/aiserimplants.com\/tr\/?s={search_term_string}\"},\"query-input\":{\"@type\":\"PropertyValueSpecification\",\"valueRequired\":true,\"valueName\":\"search_term_string\"}}],\"inLanguage\":\"tr\"},{\"@type\":[\"Organization\",\"Place\"],\"@id\":\"https:\/\/aiserimplants.com\/tr\/#organization\",\"name\":\"Aiser\",\"url\":\"https:\/\/aiserimplants.com\/tr\/\",\"logo\":{\"@id\":\"https:\/\/aiserimplants.com\/tr\/omur-boyu-garanti\/#local-main-organization-logo\"},\"image\":{\"@id\":\"https:\/\/aiserimplants.com\/tr\/omur-boyu-garanti\/#local-main-organization-logo\"},\"telephone\":[],\"openingHoursSpecification\":[{\"@type\":\"OpeningHoursSpecification\",\"dayOfWeek\":[\"Monday\",\"Tuesday\",\"Wednesday\",\"Thursday\",\"Friday\",\"Saturday\",\"Sunday\"],\"opens\":\"09:00\",\"closes\":\"17:00\"}]},{\"@type\":\"ImageObject\",\"inLanguage\":\"tr\",\"@id\":\"https:\/\/aiserimplants.com\/tr\/omur-boyu-garanti\/#local-main-organization-logo\",\"url\":\"https:\/\/aiserimplants.com\/wp-content\/uploads\/2022\/02\/AISER_logo.jpg\",\"contentUrl\":\"https:\/\/aiserimplants.com\/wp-content\/uploads\/2022\/02\/AISER_logo.jpg\",\"width\":1806,\"height\":1082,\"caption\":\"Aiser\"}]}<\/script>\n<!-- \/ Yoast SEO Premium plugin. -->","yoast_head_json":{"title":"\u00d6m\u00fcr boyu garanti - Aiser Implants","robots":{"index":"index","follow":"follow","max-snippet":"max-snippet:-1","max-image-preview":"max-image-preview:large","max-video-preview":"max-video-preview:-1"},"canonical":"https:\/\/aiserimplants.com\/tr\/omur-boyu-garanti\/","og_locale":"tr_TR","og_type":"article","og_title":"\u00d6m\u00fcr boyu garanti","og_description":"Her AISER \u00fcr\u00fcn\u00fc, olas\u0131 \u00fcretim hatalar\u0131n\u0131 kar\u015f\u0131lamak i\u00e7in \u00f6m\u00fcr boyu garantiye sahiptir. &nbsp; l'UTD (Benzersiz \u0130zlenebilirlik Belgesi) arac\u0131l\u0131\u011f\u0131yla her bir \u00fcr\u00fcn\u00fcn \u00fcretim zincirini her bir duraktan nihai m\u00fc\u015fteriye kadar takip ediyoruz. \u00dcr\u00fcnlerimiz sahadaki en s\u0131k\u0131 kalite kontrollerinden ge\u00e7mektedir; y\u00fczeyin topografisini ve kimyasal \u00f6zelliklerini de\u011ferlendirmek i\u00e7in lazer ekipman\u0131, EDSx spektroskopisi ve temiz odada SEM g\u00f6r\u00fcnt\u00fcleme ile [&hellip;]","og_url":"https:\/\/aiserimplants.com\/tr\/omur-boyu-garanti\/","og_site_name":"Aiser Implants","twitter_card":"summary_large_image","twitter_misc":{"Tahmini okuma s\u00fcresi":"1 dakika"},"schema":{"@context":"https:\/\/schema.org","@graph":[{"@type":"WebPage","@id":"https:\/\/aiserimplants.com\/tr\/omur-boyu-garanti\/","url":"https:\/\/aiserimplants.com\/tr\/omur-boyu-garanti\/","name":"\u00d6m\u00fcr boyu garanti - Aiser Implants","isPartOf":{"@id":"https:\/\/aiserimplants.com\/tr\/#website"},"datePublished":"2024-02-09T12:22:36+00:00","breadcrumb":{"@id":"https:\/\/aiserimplants.com\/tr\/omur-boyu-garanti\/#breadcrumb"},"inLanguage":"tr","potentialAction":[{"@type":"ReadAction","target":["https:\/\/aiserimplants.com\/tr\/omur-boyu-garanti\/"]}]},{"@type":"BreadcrumbList","@id":"https:\/\/aiserimplants.com\/tr\/omur-boyu-garanti\/#breadcrumb","itemListElement":[{"@type":"ListItem","position":1,"name":"Home","item":"https:\/\/aiserimplants.com\/tr\/anasayfa\/"},{"@type":"ListItem","position":2,"name":"\u00d6m\u00fcr boyu garanti"}]},{"@type":"WebSite","@id":"https:\/\/aiserimplants.com\/tr\/#website","url":"https:\/\/aiserimplants.com\/tr\/","name":"Aiser Implants","description":"Swiss Quality at its Peak","publisher":{"@id":"https:\/\/aiserimplants.com\/tr\/#organization"},"potentialAction":[{"@type":"SearchAction","target":{"@type":"EntryPoint","urlTemplate":"https:\/\/aiserimplants.com\/tr\/?s={search_term_string}"},"query-input":{"@type":"PropertyValueSpecification","valueRequired":true,"valueName":"search_term_string"}}],"inLanguage":"tr"},{"@type":["Organization","Place"],"@id":"https:\/\/aiserimplants.com\/tr\/#organization","name":"Aiser","url":"https:\/\/aiserimplants.com\/tr\/","logo":{"@id":"https:\/\/aiserimplants.com\/tr\/omur-boyu-garanti\/#local-main-organization-logo"},"image":{"@id":"https:\/\/aiserimplants.com\/tr\/omur-boyu-garanti\/#local-main-organization-logo"},"telephone":[],"openingHoursSpecification":[{"@type":"OpeningHoursSpecification","dayOfWeek":["Monday","Tuesday","Wednesday","Thursday","Friday","Saturday","Sunday"],"opens":"09:00","closes":"17:00"}]},{"@type":"ImageObject","inLanguage":"tr","@id":"https:\/\/aiserimplants.com\/tr\/omur-boyu-garanti\/#local-main-organization-logo","url":"https:\/\/aiserimplants.com\/wp-content\/uploads\/2022\/02\/AISER_logo.jpg","contentUrl":"https:\/\/aiserimplants.com\/wp-content\/uploads\/2022\/02\/AISER_logo.jpg","width":1806,"height":1082,"caption":"Aiser"}]}},"_links":{"self":[{"href":"https:\/\/aiserimplants.com\/tr\/wp-json\/wp\/v2\/pages\/5772","targetHints":{"allow":["GET"]}}],"collection":[{"href":"https:\/\/aiserimplants.com\/tr\/wp-json\/wp\/v2\/pages"}],"about":[{"href":"https:\/\/aiserimplants.com\/tr\/wp-json\/wp\/v2\/types\/page"}],"author":[{"embeddable":true,"href":"https:\/\/aiserimplants.com\/tr\/wp-json\/wp\/v2\/users\/2"}],"replies":[{"embeddable":true,"href":"https:\/\/aiserimplants.com\/tr\/wp-json\/wp\/v2\/comments?post=5772"}],"version-history":[{"count":2,"href":"https:\/\/aiserimplants.com\/tr\/wp-json\/wp\/v2\/pages\/5772\/revisions"}],"predecessor-version":[{"id":5774,"href":"https:\/\/aiserimplants.com\/tr\/wp-json\/wp\/v2\/pages\/5772\/revisions\/5774"}],"wp:attachment":[{"href":"https:\/\/aiserimplants.com\/tr\/wp-json\/wp\/v2\/media?parent=5772"}],"curies":[{"name":"wp","href":"https:\/\/api.w.org\/{rel}","templated":true}]}}