{"id":5782,"date":"2024-02-12T14:35:01","date_gmt":"2024-02-12T13:35:01","guid":{"rendered":"https:\/\/aiserimplants.com\/urunler\/aiser-implant-sistemi\/"},"modified":"2024-02-12T14:35:02","modified_gmt":"2024-02-12T13:35:02","slug":"aiser-implant-sistemi","status":"publish","type":"page","link":"https:\/\/aiserimplants.com\/tr\/urunler\/aiser-implant-sistemi\/","title":{"rendered":"AISER \u0130mplant Sistemi"},"content":{"rendered":"\n\n[et_pb_section fb_built=&#8221;1&#8243; fullwidth=&#8221;on&#8221; _builder_version=&#8221;4.14.7&#8243; _module_preset=&#8221;default&#8221; background_color=&#8221;#000000&#8243; global_colors_info=&#8221;{}&#8221;][et_pb_fullwidth_header title=&#8221;AISER \u0130mplant Sistemi&#8221; subhead=&#8221;Diren\u00e7 ve \u015fa\u015f\u0131rt\u0131c\u0131 biyo-aktivite performans\u0131&#8221; header_fullscreen=&#8221;off&#8221; _builder_version=&#8221;4.14.9&#8243; _module_preset=&#8221;5d2311d1-d0df-49c3-8a3a-d366a118df72&#8243; background_image=&#8221;https:\/\/aiserimplants.com\/wp-content\/uploads\/2022\/04\/Aiser-Swiss.png&#8221; parallax=&#8221;off&#8221; global_colors_info=&#8221;{}&#8221;][\/et_pb_fullwidth_header][\/et_pb_section][et_pb_section fb_built=&#8221;1&#8243; _builder_version=&#8221;4.14.7&#8243; _module_preset=&#8221;fa16af20-4da1-42b8-87c8-dab7c09ce721&#8243; global_colors_info=&#8221;{}&#8221;][et_pb_row _builder_version=&#8221;4.14.7&#8243; _module_preset=&#8221;default&#8221; global_colors_info=&#8221;{}&#8221;][et_pb_column type=&#8221;4_4&#8243; _builder_version=&#8221;4.14.7&#8243; _module_preset=&#8221;default&#8221; global_colors_info=&#8221;{}&#8221;][et_pb_text _builder_version=&#8221;4.14.9&#8243; _module_preset=&#8221;ac6eaaff-bd72-4c1b-8d86-322f7edf5272&#8243; text_font=&#8221;Montserrat||||||||&#8221; text_font_size=&#8221;17px&#8221; background_layout=&#8221;dark&#8221; animation_style=&#8221;fade&#8221; hover_enabled=&#8221;0&#8243; global_colors_info=&#8221;{}&#8221; sticky_enabled=&#8221;0&#8243;]<h2><em>AISER \u0130mplant Sistemi \u00f6d\u00fcn vermemek i\u00e7in tasarlanm\u0131\u015ft\u0131r<\/em><\/h2>\n<p><strong>Mekanik g\u00fcvenilirlik<\/strong> i\u00e7in Y\u00fcksek S\u0131n\u0131f Titanyum.<\/p>\n<p><strong>\u015ea\u015f\u0131rt\u0131c\u0131 biyo-aktivite performans\u0131<\/strong> i\u00e7in AISER Biosyn-D plazma a\u015f\u0131nd\u0131rma i\u015flemi.<\/p>\n<p><strong>Profesyonellere yaln\u0131zca en iyisini sunmak i\u00e7in<\/strong> g\u00fcvenilirlik ve yenilik.<\/p>\n<p>AISER \u0130mplant Sistemi implant hatlar\u0131, \u00e7ok y\u00f6nl\u00fc ve g\u00fcvenilir bile\u015fenler sayesinde <strong>her t\u00fcrl\u00fc klinik ihtiyaca cevap verecek \u015fekilde<\/strong> tasarlanm\u0131\u015ft\u0131r.<\/p>\n<p>Mevcut \u00fcr\u00fcnler \u015funlard\u0131r: <strong>AISER Tytan<\/strong>, <strong>AISER Themys<\/strong>, <strong>AISER Ceos<\/strong>.<\/p>[\/et_pb_text][\/et_pb_column][\/et_pb_row][et_pb_row column_structure=&#8221;1_3,1_3,1_3&#8243; _builder_version=&#8221;4.14.7&#8243; _module_preset=&#8221;default&#8221; global_colors_info=&#8221;{}&#8221;][et_pb_column type=&#8221;1_3&#8243; _builder_version=&#8221;4.14.7&#8243; _module_preset=&#8221;default&#8221; global_colors_info=&#8221;{}&#8221;][et_pb_image src=&#8221;https:\/\/aiserimplants.com\/wp-content\/uploads\/2021\/12\/Aiser_Tytan_300x600.jpg&#8221; alt=&#8221;AISER Tytan&#8221; title_text=&#8221;AISER Tytan&#8221; url=&#8221;@ET-DC@eyJkeW5hbWljIjp0cnVlLCJjb250ZW50IjoicG9zdF9saW5rX3VybF9wcm9kb3R0byIsInNldHRpbmdzIjp7InBvc3RfaWQiOiI1MDMifX0=@&#8221; admin_label=&#8221;Tytan&#8221; _builder_version=&#8221;4.14.9&#8243; _dynamic_attributes=&#8221;url&#8221; _module_preset=&#8221;fe957858-38b0-45b7-a6a9-0f2846127584&#8243; global_colors_info=&#8221;{}&#8221;][\/et_pb_image][\/et_pb_column][et_pb_column type=&#8221;1_3&#8243; _builder_version=&#8221;4.14.7&#8243; _module_preset=&#8221;default&#8221; global_colors_info=&#8221;{}&#8221;][et_pb_image src=&#8221;https:\/\/aiserimplants.com\/wp-content\/uploads\/2021\/12\/Aiser_Themys_400x600.jpg&#8221; alt=&#8221;AISER Themys&#8221; title_text=&#8221;AISER Themys&#8221; url=&#8221;@ET-DC@eyJkeW5hbWljIjp0cnVlLCJjb250ZW50IjoicG9zdF9saW5rX3VybF9wcm9kb3R0byIsInNldHRpbmdzIjp7InBvc3RfaWQiOiI1NTQifX0=@&#8221; admin_label=&#8221;Themys&#8221; _builder_version=&#8221;4.14.9&#8243; _dynamic_attributes=&#8221;url&#8221; _module_preset=&#8221;fe957858-38b0-45b7-a6a9-0f2846127584&#8243; global_colors_info=&#8221;{}&#8221;][\/et_pb_image][\/et_pb_column][et_pb_column type=&#8221;1_3&#8243; _builder_version=&#8221;4.14.7&#8243; _module_preset=&#8221;default&#8221; global_colors_info=&#8221;{}&#8221;][et_pb_image src=&#8221;https:\/\/aiserimplants.com\/wp-content\/uploads\/2022\/04\/Aiser_Ceos_400x600.jpg&#8221; alt=&#8221;AISER Ceos&#8221; title_text=&#8221;AISER Ceos&#8221; url=&#8221;@ET-DC@eyJkeW5hbWljIjp0cnVlLCJjb250ZW50IjoicG9zdF9saW5rX3VybF9wcm9kb3R0byIsInNldHRpbmdzIjp7InBvc3RfaWQiOiI1NTUifX0=@&#8221; admin_label=&#8221;Ceos&#8221; _builder_version=&#8221;4.14.9&#8243; _dynamic_attributes=&#8221;url&#8221; _module_preset=&#8221;fe957858-38b0-45b7-a6a9-0f2846127584&#8243; global_colors_info=&#8221;{}&#8221;][\/et_pb_image][\/et_pb_column][\/et_pb_row][\/et_pb_section]\n\n","protected":false},"excerpt":{"rendered":"<p>AISER \u0130mplant Sistemi \u00f6d\u00fcn vermemek i\u00e7in tasarlanm\u0131\u015ft\u0131r Mekanik g\u00fcvenilirlik i\u00e7in Y\u00fcksek S\u0131n\u0131f Titanyum. \u015ea\u015f\u0131rt\u0131c\u0131 biyo-aktivite performans\u0131 i\u00e7in AISER Biosyn-D plazma a\u015f\u0131nd\u0131rma i\u015flemi. Profesyonellere yaln\u0131zca en iyisini sunmak i\u00e7in g\u00fcvenilirlik ve yenilik. AISER \u0130mplant Sistemi implant hatlar\u0131, \u00e7ok y\u00f6nl\u00fc ve g\u00fcvenilir bile\u015fenler sayesinde her t\u00fcrl\u00fc klinik ihtiyaca cevap verecek \u015fekilde tasarlanm\u0131\u015ft\u0131r. Mevcut \u00fcr\u00fcnler \u015funlard\u0131r: AISER Tytan, [&hellip;]<\/p>\n","protected":false},"author":1,"featured_media":0,"parent":5748,"menu_order":1,"comment_status":"closed","ping_status":"closed","template":"","meta":{"_acf_changed":false,"_et_pb_use_builder":"on","_et_pb_old_content":"","_et_gb_content_width":"","footnotes":""},"class_list":["post-5782","page","type-page","status-publish","hentry"],"acf":[],"yoast_head":"<!-- This site is optimized with the Yoast SEO Premium plugin v25.2 (Yoast SEO v27.1) - https:\/\/yoast.com\/product\/yoast-seo-premium-wordpress\/ -->\n<title>AISER \u0130mplant Sistemi - Aiser Implants<\/title>\n<meta name=\"description\" content=\"Aiser \u0130mplant Sistemi serisinin Dental \u0130mplantlar\u0131 \u00f6d\u00fcn vermeyi kabul etmeyecek \u015fekilde tasarlanm\u0131\u015ft\u0131r. Diren\u00e7 ve Muhte\u015fem Performans...\" \/>\n<meta name=\"robots\" content=\"index, follow, max-snippet:-1, max-image-preview:large, max-video-preview:-1\" \/>\n<link rel=\"canonical\" href=\"https:\/\/aiserimplants.com\/tr\/urunler\/aiser-implant-sistemi\/\" \/>\n<meta property=\"og:locale\" content=\"tr_TR\" \/>\n<meta property=\"og:type\" content=\"article\" \/>\n<meta property=\"og:title\" content=\"Aiser \u0130mplant Sistemi serisinden di\u015f implantlar\u0131\" \/>\n<meta property=\"og:description\" content=\"Aiser \u0130mplant Sistemi serisinin Dental \u0130mplantlar\u0131 \u00f6d\u00fcn vermeyi kabul etmeyecek \u015fekilde tasarlanm\u0131\u015ft\u0131r. Diren\u00e7 ve Muhte\u015fem Performans...\" \/>\n<meta property=\"og:url\" content=\"https:\/\/aiserimplants.com\/tr\/urunler\/aiser-implant-sistemi\/\" \/>\n<meta property=\"og:site_name\" content=\"Aiser Implants\" \/>\n<meta property=\"article:modified_time\" content=\"2024-02-12T13:35:02+00:00\" \/>\n<meta property=\"og:image\" content=\"https:\/\/aiserimplants.com\/wp-content\/uploads\/2022\/02\/AISER_logo-1024x613.jpg\" \/>\n<meta name=\"twitter:card\" content=\"summary_large_image\" \/>\n<meta name=\"twitter:title\" content=\"AISER \u0130mplant Sistemi\" \/>\n<meta name=\"twitter:label1\" content=\"Tahmini okuma s\u00fcresi\" \/>\n\t<meta name=\"twitter:data1\" content=\"3 dakika\" \/>\n<script type=\"application\/ld+json\" class=\"yoast-schema-graph\">{\"@context\":\"https:\/\/schema.org\",\"@graph\":[{\"@type\":\"WebPage\",\"@id\":\"https:\/\/aiserimplants.com\/tr\/urunler\/aiser-implant-sistemi\/\",\"url\":\"https:\/\/aiserimplants.com\/tr\/urunler\/aiser-implant-sistemi\/\",\"name\":\"AISER \u0130mplant Sistemi - Aiser Implants\",\"isPartOf\":{\"@id\":\"https:\/\/aiserimplants.com\/tr\/#website\"},\"datePublished\":\"2024-02-12T13:35:01+00:00\",\"dateModified\":\"2024-02-12T13:35:02+00:00\",\"description\":\"Aiser \u0130mplant Sistemi serisinin Dental \u0130mplantlar\u0131 \u00f6d\u00fcn vermeyi kabul etmeyecek \u015fekilde tasarlanm\u0131\u015ft\u0131r. Diren\u00e7 ve Muhte\u015fem Performans...\",\"breadcrumb\":{\"@id\":\"https:\/\/aiserimplants.com\/tr\/urunler\/aiser-implant-sistemi\/#breadcrumb\"},\"inLanguage\":\"tr\",\"potentialAction\":[{\"@type\":\"ReadAction\",\"target\":[\"https:\/\/aiserimplants.com\/tr\/urunler\/aiser-implant-sistemi\/\"]}]},{\"@type\":\"BreadcrumbList\",\"@id\":\"https:\/\/aiserimplants.com\/tr\/urunler\/aiser-implant-sistemi\/#breadcrumb\",\"itemListElement\":[{\"@type\":\"ListItem\",\"position\":1,\"name\":\"Home\",\"item\":\"https:\/\/aiserimplants.com\/tr\/anasayfa\/\"},{\"@type\":\"ListItem\",\"position\":2,\"name\":\"\u00dcr\u00fcnler\",\"item\":\"https:\/\/aiserimplants.com\/tr\/urunler\/\"},{\"@type\":\"ListItem\",\"position\":3,\"name\":\"AISER \u0130mplant Sistemi\"}]},{\"@type\":\"WebSite\",\"@id\":\"https:\/\/aiserimplants.com\/tr\/#website\",\"url\":\"https:\/\/aiserimplants.com\/tr\/\",\"name\":\"Aiser Implants\",\"description\":\"Swiss Quality at its Peak\",\"publisher\":{\"@id\":\"https:\/\/aiserimplants.com\/tr\/#organization\"},\"potentialAction\":[{\"@type\":\"SearchAction\",\"target\":{\"@type\":\"EntryPoint\",\"urlTemplate\":\"https:\/\/aiserimplants.com\/tr\/?s={search_term_string}\"},\"query-input\":{\"@type\":\"PropertyValueSpecification\",\"valueRequired\":true,\"valueName\":\"search_term_string\"}}],\"inLanguage\":\"tr\"},{\"@type\":[\"Organization\",\"Place\"],\"@id\":\"https:\/\/aiserimplants.com\/tr\/#organization\",\"name\":\"Aiser\",\"url\":\"https:\/\/aiserimplants.com\/tr\/\",\"logo\":{\"@id\":\"https:\/\/aiserimplants.com\/tr\/urunler\/aiser-implant-sistemi\/#local-main-organization-logo\"},\"image\":{\"@id\":\"https:\/\/aiserimplants.com\/tr\/urunler\/aiser-implant-sistemi\/#local-main-organization-logo\"},\"telephone\":[],\"openingHoursSpecification\":[{\"@type\":\"OpeningHoursSpecification\",\"dayOfWeek\":[\"Monday\",\"Tuesday\",\"Wednesday\",\"Thursday\",\"Friday\",\"Saturday\",\"Sunday\"],\"opens\":\"09:00\",\"closes\":\"17:00\"}]},{\"@type\":\"ImageObject\",\"inLanguage\":\"tr\",\"@id\":\"https:\/\/aiserimplants.com\/tr\/urunler\/aiser-implant-sistemi\/#local-main-organization-logo\",\"url\":\"https:\/\/aiserimplants.com\/wp-content\/uploads\/2022\/02\/AISER_logo.jpg\",\"contentUrl\":\"https:\/\/aiserimplants.com\/wp-content\/uploads\/2022\/02\/AISER_logo.jpg\",\"width\":1806,\"height\":1082,\"caption\":\"Aiser\"}]}<\/script>\n<!-- \/ Yoast SEO Premium plugin. -->","yoast_head_json":{"title":"AISER \u0130mplant Sistemi - Aiser Implants","description":"Aiser \u0130mplant Sistemi serisinin Dental \u0130mplantlar\u0131 \u00f6d\u00fcn vermeyi kabul etmeyecek \u015fekilde tasarlanm\u0131\u015ft\u0131r. Diren\u00e7 ve Muhte\u015fem Performans...","robots":{"index":"index","follow":"follow","max-snippet":"max-snippet:-1","max-image-preview":"max-image-preview:large","max-video-preview":"max-video-preview:-1"},"canonical":"https:\/\/aiserimplants.com\/tr\/urunler\/aiser-implant-sistemi\/","og_locale":"tr_TR","og_type":"article","og_title":"Aiser \u0130mplant Sistemi serisinden di\u015f implantlar\u0131","og_description":"Aiser \u0130mplant Sistemi serisinin Dental \u0130mplantlar\u0131 \u00f6d\u00fcn vermeyi kabul etmeyecek \u015fekilde tasarlanm\u0131\u015ft\u0131r. Diren\u00e7 ve Muhte\u015fem Performans...","og_url":"https:\/\/aiserimplants.com\/tr\/urunler\/aiser-implant-sistemi\/","og_site_name":"Aiser Implants","article_modified_time":"2024-02-12T13:35:02+00:00","og_image":[{"url":"https:\/\/aiserimplants.com\/wp-content\/uploads\/2022\/02\/AISER_logo-1024x613.jpg","type":"","width":"","height":""}],"twitter_card":"summary_large_image","twitter_title":"AISER \u0130mplant Sistemi","twitter_misc":{"Tahmini okuma s\u00fcresi":"3 dakika"},"schema":{"@context":"https:\/\/schema.org","@graph":[{"@type":"WebPage","@id":"https:\/\/aiserimplants.com\/tr\/urunler\/aiser-implant-sistemi\/","url":"https:\/\/aiserimplants.com\/tr\/urunler\/aiser-implant-sistemi\/","name":"AISER \u0130mplant Sistemi - Aiser Implants","isPartOf":{"@id":"https:\/\/aiserimplants.com\/tr\/#website"},"datePublished":"2024-02-12T13:35:01+00:00","dateModified":"2024-02-12T13:35:02+00:00","description":"Aiser \u0130mplant Sistemi serisinin Dental \u0130mplantlar\u0131 \u00f6d\u00fcn vermeyi kabul etmeyecek \u015fekilde tasarlanm\u0131\u015ft\u0131r. Diren\u00e7 ve Muhte\u015fem Performans...","breadcrumb":{"@id":"https:\/\/aiserimplants.com\/tr\/urunler\/aiser-implant-sistemi\/#breadcrumb"},"inLanguage":"tr","potentialAction":[{"@type":"ReadAction","target":["https:\/\/aiserimplants.com\/tr\/urunler\/aiser-implant-sistemi\/"]}]},{"@type":"BreadcrumbList","@id":"https:\/\/aiserimplants.com\/tr\/urunler\/aiser-implant-sistemi\/#breadcrumb","itemListElement":[{"@type":"ListItem","position":1,"name":"Home","item":"https:\/\/aiserimplants.com\/tr\/anasayfa\/"},{"@type":"ListItem","position":2,"name":"\u00dcr\u00fcnler","item":"https:\/\/aiserimplants.com\/tr\/urunler\/"},{"@type":"ListItem","position":3,"name":"AISER \u0130mplant Sistemi"}]},{"@type":"WebSite","@id":"https:\/\/aiserimplants.com\/tr\/#website","url":"https:\/\/aiserimplants.com\/tr\/","name":"Aiser Implants","description":"Swiss Quality at its Peak","publisher":{"@id":"https:\/\/aiserimplants.com\/tr\/#organization"},"potentialAction":[{"@type":"SearchAction","target":{"@type":"EntryPoint","urlTemplate":"https:\/\/aiserimplants.com\/tr\/?s={search_term_string}"},"query-input":{"@type":"PropertyValueSpecification","valueRequired":true,"valueName":"search_term_string"}}],"inLanguage":"tr"},{"@type":["Organization","Place"],"@id":"https:\/\/aiserimplants.com\/tr\/#organization","name":"Aiser","url":"https:\/\/aiserimplants.com\/tr\/","logo":{"@id":"https:\/\/aiserimplants.com\/tr\/urunler\/aiser-implant-sistemi\/#local-main-organization-logo"},"image":{"@id":"https:\/\/aiserimplants.com\/tr\/urunler\/aiser-implant-sistemi\/#local-main-organization-logo"},"telephone":[],"openingHoursSpecification":[{"@type":"OpeningHoursSpecification","dayOfWeek":["Monday","Tuesday","Wednesday","Thursday","Friday","Saturday","Sunday"],"opens":"09:00","closes":"17:00"}]},{"@type":"ImageObject","inLanguage":"tr","@id":"https:\/\/aiserimplants.com\/tr\/urunler\/aiser-implant-sistemi\/#local-main-organization-logo","url":"https:\/\/aiserimplants.com\/wp-content\/uploads\/2022\/02\/AISER_logo.jpg","contentUrl":"https:\/\/aiserimplants.com\/wp-content\/uploads\/2022\/02\/AISER_logo.jpg","width":1806,"height":1082,"caption":"Aiser"}]}},"_links":{"self":[{"href":"https:\/\/aiserimplants.com\/tr\/wp-json\/wp\/v2\/pages\/5782","targetHints":{"allow":["GET"]}}],"collection":[{"href":"https:\/\/aiserimplants.com\/tr\/wp-json\/wp\/v2\/pages"}],"about":[{"href":"https:\/\/aiserimplants.com\/tr\/wp-json\/wp\/v2\/types\/page"}],"author":[{"embeddable":true,"href":"https:\/\/aiserimplants.com\/tr\/wp-json\/wp\/v2\/users\/1"}],"replies":[{"embeddable":true,"href":"https:\/\/aiserimplants.com\/tr\/wp-json\/wp\/v2\/comments?post=5782"}],"version-history":[{"count":1,"href":"https:\/\/aiserimplants.com\/tr\/wp-json\/wp\/v2\/pages\/5782\/revisions"}],"predecessor-version":[{"id":5783,"href":"https:\/\/aiserimplants.com\/tr\/wp-json\/wp\/v2\/pages\/5782\/revisions\/5783"}],"up":[{"embeddable":true,"href":"https:\/\/aiserimplants.com\/tr\/wp-json\/wp\/v2\/pages\/5748"}],"wp:attachment":[{"href":"https:\/\/aiserimplants.com\/tr\/wp-json\/wp\/v2\/media?parent=5782"}],"curies":[{"name":"wp","href":"https:\/\/api.w.org\/{rel}","templated":true}]}}