{"id":5784,"date":"2024-02-12T14:49:10","date_gmt":"2024-02-12T13:49:10","guid":{"rendered":"https:\/\/aiserimplants.com\/urunler\/aiser-konometrik-baglanti-sistemi\/"},"modified":"2024-02-12T14:49:11","modified_gmt":"2024-02-12T13:49:11","slug":"aiser-konometrik-baglanti-sistemi","status":"publish","type":"page","link":"https:\/\/aiserimplants.com\/tr\/urunler\/aiser-konometrik-baglanti-sistemi\/","title":{"rendered":"Aiser Konometrik Ba\u011flant\u0131 Sistemi"},"content":{"rendered":"\n\n[et_pb_section fb_built=&#8221;1&#8243; fullwidth=&#8221;on&#8221; _builder_version=&#8221;4.14.7&#8243; _module_preset=&#8221;default&#8221; background_color=&#8221;#000000&#8243; global_colors_info=&#8221;{}&#8221;][et_pb_fullwidth_header title=&#8221;AISER Konometrik Ba\u011flant\u0131 Sistemi&#8221; subhead=&#8221;Konometrinin g\u00fcvenilirli\u011fi ve vidal\u0131 \u00e7\u00f6z\u00fcm\u00fcn basitli\u011fi&#8221; _builder_version=&#8221;4.14.9&#8243; _module_preset=&#8221;5d2311d1-d0df-49c3-8a3a-d366a118df72&#8243; background_image=&#8221;https:\/\/aiserimplants.com\/wp-content\/uploads\/2022\/04\/Aiser-Swiss.png&#8221; parallax=&#8221;off&#8221; background_size=&#8221;contain&#8221; global_colors_info=&#8221;{}&#8221;][\/et_pb_fullwidth_header][\/et_pb_section][et_pb_section fb_built=&#8221;1&#8243; _builder_version=&#8221;4.14.7&#8243; _module_preset=&#8221;fa16af20-4da1-42b8-87c8-dab7c09ce721&#8243; global_colors_info=&#8221;{}&#8221;][et_pb_row _builder_version=&#8221;4.14.7&#8243; _module_preset=&#8221;default&#8221; global_colors_info=&#8221;{}&#8221;][et_pb_column type=&#8221;4_4&#8243; _builder_version=&#8221;4.14.7&#8243; _module_preset=&#8221;default&#8221; global_colors_info=&#8221;{}&#8221;][et_pb_text _builder_version=&#8221;4.14.9&#8243; _module_preset=&#8221;ac6eaaff-bd72-4c1b-8d86-322f7edf5272&#8243; text_font=&#8221;Montserrat||||||||&#8221; background_layout=&#8221;dark&#8221; hover_enabled=&#8221;0&#8243; global_colors_info=&#8221;{}&#8221; sticky_enabled=&#8221;0&#8243;]AISER\u00ae Konometrik Ba\u011flant\u0131 Sistemi, iki kavram\u0131n birle\u015fimi g\u00f6z \u00f6n\u00fcnde bulundurularak tasarlanm\u0131\u015ft\u0131r:\n<ul>\n\t<li>Konik bir ba\u011flant\u0131n\u0131n <strong>g\u00fcvenilirli\u011fi<\/strong> ve g\u00fcnl\u00fck kullan\u0131m i\u00e7in do\u011fmu\u015f bir sistemin kullan\u0131m kolayl\u0131\u011f\u0131.<\/li>\n\t<li>ve g\u00fcnl\u00fck kullan\u0131m i\u00e7in do\u011fmu\u015f bir sistemin <strong>kullan\u0131m kolayl\u0131\u011f\u0131<\/strong>.<\/li>\n<\/ul>\n&nbsp;\n\nT\u00fcm bile\u015fenler en dayan\u0131kl\u0131 ve <strong>g\u00fcvenilir cerrahi titanyum ala\u015f\u0131m\u0131<\/strong>ndan yap\u0131lm\u0131\u015ft\u0131r.\n\n\u0130mplant-protez birle\u015fimi, \u00e7ift e\u015fle\u015ftirme sistemine sahip bir i\u00e7 alt\u0131gendir: <strong>vidal\u0131 ve konik<\/strong>.\n\nHer bile\u015fen <strong>en y\u00fcksek mukozal doku entegrasyonu<\/strong> i\u00e7in tasarlanm\u0131\u015ft\u0131r.[\/et_pb_text][\/et_pb_column][\/et_pb_row][\/et_pb_section][et_pb_section fb_built=&#8221;1&#8243; _builder_version=&#8221;4.14.9&#8243; _module_preset=&#8221;fa16af20-4da1-42b8-87c8-dab7c09ce721&#8243; hover_enabled=&#8221;0&#8243; global_colors_info=&#8221;{}&#8221; sticky_enabled=&#8221;0&#8243;][et_pb_row column_structure=&#8221;1_3,1_3,1_3&#8243; _builder_version=&#8221;4.14.9&#8243; _module_preset=&#8221;default&#8221; hover_enabled=&#8221;0&#8243; global_colors_info=&#8221;{}&#8221; sticky_enabled=&#8221;0&#8243;][et_pb_column type=&#8221;1_3&#8243; _builder_version=&#8221;4.14.7&#8243; _module_preset=&#8221;default&#8221; global_colors_info=&#8221;{}&#8221;][et_pb_image src=&#8221;https:\/\/aiserimplants.com\/wp-content\/uploads\/2022\/02\/Aiser_Multi-Unit_Abutment.jpg&#8221; alt=&#8221;Aiser Multi-Unit Abutment&#8221; title_text=&#8221;Aiser Multi-Unit Abutment&#8221; url=&#8221;@ET-DC@eyJkeW5hbWljIjp0cnVlLCJjb250ZW50IjoicG9zdF9saW5rX3VybF9wcm9kb3R0byIsInNldHRpbmdzIjp7InBvc3RfaWQiOiIxMzQ1In19@&#8221; _builder_version=&#8221;4.14.9&#8243; _dynamic_attributes=&#8221;url&#8221; _module_preset=&#8221;fe957858-38b0-45b7-a6a9-0f2846127584&#8243; global_colors_info=&#8221;{}&#8221;][\/et_pb_image][\/et_pb_column][et_pb_column type=&#8221;1_3&#8243; _builder_version=&#8221;4.14.7&#8243; _module_preset=&#8221;default&#8221; global_colors_info=&#8221;{}&#8221;][et_pb_image src=&#8221;https:\/\/aiserimplants.com\/wp-content\/uploads\/2022\/02\/Aiser_Esthetic_Abutment_400x600.jpg&#8221; alt=&#8221;Aiser Esthetic Abutment&#8221; title_text=&#8221;Aiser Esthetic Abutment&#8221; url=&#8221;@ET-DC@eyJkeW5hbWljIjp0cnVlLCJjb250ZW50IjoicG9zdF9saW5rX3VybF9wcm9kb3R0byIsInNldHRpbmdzIjp7InBvc3RfaWQiOiIxMzQ2In19@&#8221; _builder_version=&#8221;4.14.9&#8243; _dynamic_attributes=&#8221;url&#8221; _module_preset=&#8221;fe957858-38b0-45b7-a6a9-0f2846127584&#8243; global_colors_info=&#8221;{}&#8221;][\/et_pb_image][\/et_pb_column][et_pb_column type=&#8221;1_3&#8243; _builder_version=&#8221;4.14.7&#8243; _module_preset=&#8221;default&#8221; global_colors_info=&#8221;{}&#8221;][et_pb_image src=&#8221;https:\/\/aiserimplants.com\/wp-content\/uploads\/2022\/02\/Aiser_Healing_Abutment_400x500.jpg&#8221; alt=&#8221;Aiser Healing Abutment&#8221; title_text=&#8221;Aiser Healing Abutment&#8221; url=&#8221;@ET-DC@eyJkeW5hbWljIjp0cnVlLCJjb250ZW50IjoicG9zdF9saW5rX3VybF9wcm9kb3R0byIsInNldHRpbmdzIjp7InBvc3RfaWQiOiIxMzUzIn19@&#8221; _builder_version=&#8221;4.14.9&#8243; _dynamic_attributes=&#8221;url&#8221; _module_preset=&#8221;fe957858-38b0-45b7-a6a9-0f2846127584&#8243; global_colors_info=&#8221;{}&#8221;][\/et_pb_image][\/et_pb_column][\/et_pb_row][\/et_pb_section]\n\n","protected":false},"excerpt":{"rendered":"<p>AISER Konometrik Ba\u011flant\u0131 Sistemi bile\u015fenleri, mukoza dokusu ile maksimum entegrasyon performans\u0131 sa\u011flamak i\u00e7in tasarlanm\u0131\u015ft\u0131r&#8230;<\/p>\n","protected":false},"author":1,"featured_media":5785,"parent":5748,"menu_order":2,"comment_status":"closed","ping_status":"closed","template":"","meta":{"_acf_changed":false,"_et_pb_use_builder":"on","_et_pb_old_content":"","_et_gb_content_width":"","footnotes":""},"class_list":["post-5784","page","type-page","status-publish","has-post-thumbnail","hentry"],"acf":[],"yoast_head":"<!-- This site is optimized with the Yoast SEO Premium plugin v25.2 (Yoast SEO v27.4) - https:\/\/yoast.com\/product\/yoast-seo-premium-wordpress\/ -->\n<title>Aiser Konometrik Ba\u011flant\u0131 Sistemi - Aiser Implants<\/title>\n<meta name=\"description\" content=\"AISER Konometrik Ba\u011flant\u0131 Sistemi bile\u015fenleri, mukoza dokusu ile maksimum entegrasyon performans\u0131 sa\u011flamak i\u00e7in tasarlanm\u0131\u015ft\u0131r...\" \/>\n<meta name=\"robots\" content=\"index, follow, max-snippet:-1, max-image-preview:large, max-video-preview:-1\" \/>\n<link rel=\"canonical\" href=\"https:\/\/aiserimplants.com\/tr\/urunler\/aiser-konometrik-baglanti-sistemi\/\" \/>\n<meta property=\"og:locale\" content=\"tr_TR\" \/>\n<meta property=\"og:type\" content=\"article\" \/>\n<meta property=\"og:title\" content=\"AISER Konometrik Ba\u011flant\u0131 Sistemi bile\u015fenleri\" \/>\n<meta property=\"og:description\" content=\"AISER Konometrik Ba\u011flant\u0131 Sistemi bile\u015fenleri, mukoza dokusu ile maksimum entegrasyon performans\u0131 sa\u011flamak i\u00e7in tasarlanm\u0131\u015ft\u0131r...\" \/>\n<meta property=\"og:url\" content=\"https:\/\/aiserimplants.com\/tr\/urunler\/aiser-konometrik-baglanti-sistemi\/\" \/>\n<meta property=\"og:site_name\" content=\"Aiser Implants\" \/>\n<meta property=\"article:modified_time\" content=\"2024-02-12T13:49:11+00:00\" \/>\n<meta property=\"og:image\" content=\"https:\/\/aiserimplants.com\/wp-content\/uploads\/2022\/02\/Aiser_Multi-Unit_Abutment-240x300.jpg\" \/>\n<meta name=\"twitter:card\" content=\"summary_large_image\" \/>\n<meta name=\"twitter:title\" content=\"Aiser Konometrik Ba\u011flant\u0131 Sistemi\" \/>\n<meta name=\"twitter:label1\" content=\"Tahmini okuma s\u00fcresi\" \/>\n\t<meta name=\"twitter:data1\" content=\"3 dakika\" \/>\n<script type=\"application\/ld+json\" class=\"yoast-schema-graph\">{\"@context\":\"https:\\\/\\\/schema.org\",\"@graph\":[{\"@type\":\"WebPage\",\"@id\":\"https:\\\/\\\/aiserimplants.com\\\/tr\\\/urunler\\\/aiser-konometrik-baglanti-sistemi\\\/\",\"url\":\"https:\\\/\\\/aiserimplants.com\\\/tr\\\/urunler\\\/aiser-konometrik-baglanti-sistemi\\\/\",\"name\":\"Aiser Konometrik Ba\u011flant\u0131 Sistemi - Aiser Implants\",\"isPartOf\":{\"@id\":\"https:\\\/\\\/aiserimplants.com\\\/tr\\\/#website\"},\"primaryImageOfPage\":{\"@id\":\"https:\\\/\\\/aiserimplants.com\\\/tr\\\/urunler\\\/aiser-konometrik-baglanti-sistemi\\\/#primaryimage\"},\"image\":{\"@id\":\"https:\\\/\\\/aiserimplants.com\\\/tr\\\/urunler\\\/aiser-konometrik-baglanti-sistemi\\\/#primaryimage\"},\"thumbnailUrl\":\"https:\\\/\\\/aiserimplants.com\\\/wp-content\\\/uploads\\\/2022\\\/02\\\/Aiser_Multi-Unit_Abutment.jpg\",\"datePublished\":\"2024-02-12T13:49:10+00:00\",\"dateModified\":\"2024-02-12T13:49:11+00:00\",\"description\":\"AISER Konometrik Ba\u011flant\u0131 Sistemi bile\u015fenleri, mukoza dokusu ile maksimum entegrasyon performans\u0131 sa\u011flamak i\u00e7in tasarlanm\u0131\u015ft\u0131r...\",\"breadcrumb\":{\"@id\":\"https:\\\/\\\/aiserimplants.com\\\/tr\\\/urunler\\\/aiser-konometrik-baglanti-sistemi\\\/#breadcrumb\"},\"inLanguage\":\"tr\",\"potentialAction\":[{\"@type\":\"ReadAction\",\"target\":[\"https:\\\/\\\/aiserimplants.com\\\/tr\\\/urunler\\\/aiser-konometrik-baglanti-sistemi\\\/\"]}]},{\"@type\":\"ImageObject\",\"inLanguage\":\"tr\",\"@id\":\"https:\\\/\\\/aiserimplants.com\\\/tr\\\/urunler\\\/aiser-konometrik-baglanti-sistemi\\\/#primaryimage\",\"url\":\"https:\\\/\\\/aiserimplants.com\\\/wp-content\\\/uploads\\\/2022\\\/02\\\/Aiser_Multi-Unit_Abutment.jpg\",\"contentUrl\":\"https:\\\/\\\/aiserimplants.com\\\/wp-content\\\/uploads\\\/2022\\\/02\\\/Aiser_Multi-Unit_Abutment.jpg\",\"width\":400,\"height\":500},{\"@type\":\"BreadcrumbList\",\"@id\":\"https:\\\/\\\/aiserimplants.com\\\/tr\\\/urunler\\\/aiser-konometrik-baglanti-sistemi\\\/#breadcrumb\",\"itemListElement\":[{\"@type\":\"ListItem\",\"position\":1,\"name\":\"Home\",\"item\":\"https:\\\/\\\/aiserimplants.com\\\/tr\\\/anasayfa\\\/\"},{\"@type\":\"ListItem\",\"position\":2,\"name\":\"\u00dcr\u00fcnler\",\"item\":\"https:\\\/\\\/aiserimplants.com\\\/tr\\\/urunler\\\/\"},{\"@type\":\"ListItem\",\"position\":3,\"name\":\"Aiser Konometrik Ba\u011flant\u0131 Sistemi\"}]},{\"@type\":\"WebSite\",\"@id\":\"https:\\\/\\\/aiserimplants.com\\\/tr\\\/#website\",\"url\":\"https:\\\/\\\/aiserimplants.com\\\/tr\\\/\",\"name\":\"Aiser Implants\",\"description\":\"Swiss Quality at its Peak\",\"publisher\":{\"@id\":\"https:\\\/\\\/aiserimplants.com\\\/tr\\\/#organization\"},\"potentialAction\":[{\"@type\":\"SearchAction\",\"target\":{\"@type\":\"EntryPoint\",\"urlTemplate\":\"https:\\\/\\\/aiserimplants.com\\\/tr\\\/?s={search_term_string}\"},\"query-input\":{\"@type\":\"PropertyValueSpecification\",\"valueRequired\":true,\"valueName\":\"search_term_string\"}}],\"inLanguage\":\"tr\"},{\"@type\":[\"Organization\",\"Place\"],\"@id\":\"https:\\\/\\\/aiserimplants.com\\\/tr\\\/#organization\",\"name\":\"Aiser\",\"url\":\"https:\\\/\\\/aiserimplants.com\\\/tr\\\/\",\"logo\":{\"@id\":\"https:\\\/\\\/aiserimplants.com\\\/tr\\\/urunler\\\/aiser-konometrik-baglanti-sistemi\\\/#local-main-organization-logo\"},\"image\":{\"@id\":\"https:\\\/\\\/aiserimplants.com\\\/tr\\\/urunler\\\/aiser-konometrik-baglanti-sistemi\\\/#local-main-organization-logo\"},\"telephone\":[],\"openingHoursSpecification\":[{\"@type\":\"OpeningHoursSpecification\",\"dayOfWeek\":[\"Monday\",\"Tuesday\",\"Wednesday\",\"Thursday\",\"Friday\",\"Saturday\",\"Sunday\"],\"opens\":\"09:00\",\"closes\":\"17:00\"}]},{\"@type\":\"ImageObject\",\"inLanguage\":\"tr\",\"@id\":\"https:\\\/\\\/aiserimplants.com\\\/tr\\\/urunler\\\/aiser-konometrik-baglanti-sistemi\\\/#local-main-organization-logo\",\"url\":\"https:\\\/\\\/aiserimplants.com\\\/wp-content\\\/uploads\\\/2022\\\/02\\\/AISER_logo.jpg\",\"contentUrl\":\"https:\\\/\\\/aiserimplants.com\\\/wp-content\\\/uploads\\\/2022\\\/02\\\/AISER_logo.jpg\",\"width\":1806,\"height\":1082,\"caption\":\"Aiser\"}]}<\/script>\n<!-- \/ Yoast SEO Premium plugin. -->","yoast_head_json":{"title":"Aiser Konometrik Ba\u011flant\u0131 Sistemi - Aiser Implants","description":"AISER Konometrik Ba\u011flant\u0131 Sistemi bile\u015fenleri, mukoza dokusu ile maksimum entegrasyon performans\u0131 sa\u011flamak i\u00e7in tasarlanm\u0131\u015ft\u0131r...","robots":{"index":"index","follow":"follow","max-snippet":"max-snippet:-1","max-image-preview":"max-image-preview:large","max-video-preview":"max-video-preview:-1"},"canonical":"https:\/\/aiserimplants.com\/tr\/urunler\/aiser-konometrik-baglanti-sistemi\/","og_locale":"tr_TR","og_type":"article","og_title":"AISER Konometrik Ba\u011flant\u0131 Sistemi bile\u015fenleri","og_description":"AISER Konometrik Ba\u011flant\u0131 Sistemi bile\u015fenleri, mukoza dokusu ile maksimum entegrasyon performans\u0131 sa\u011flamak i\u00e7in tasarlanm\u0131\u015ft\u0131r...","og_url":"https:\/\/aiserimplants.com\/tr\/urunler\/aiser-konometrik-baglanti-sistemi\/","og_site_name":"Aiser Implants","article_modified_time":"2024-02-12T13:49:11+00:00","og_image":[{"url":"https:\/\/aiserimplants.com\/wp-content\/uploads\/2022\/02\/Aiser_Multi-Unit_Abutment-240x300.jpg","type":"","width":"","height":""}],"twitter_card":"summary_large_image","twitter_title":"Aiser Konometrik Ba\u011flant\u0131 Sistemi","twitter_misc":{"Tahmini okuma s\u00fcresi":"3 dakika"},"schema":{"@context":"https:\/\/schema.org","@graph":[{"@type":"WebPage","@id":"https:\/\/aiserimplants.com\/tr\/urunler\/aiser-konometrik-baglanti-sistemi\/","url":"https:\/\/aiserimplants.com\/tr\/urunler\/aiser-konometrik-baglanti-sistemi\/","name":"Aiser Konometrik Ba\u011flant\u0131 Sistemi - Aiser Implants","isPartOf":{"@id":"https:\/\/aiserimplants.com\/tr\/#website"},"primaryImageOfPage":{"@id":"https:\/\/aiserimplants.com\/tr\/urunler\/aiser-konometrik-baglanti-sistemi\/#primaryimage"},"image":{"@id":"https:\/\/aiserimplants.com\/tr\/urunler\/aiser-konometrik-baglanti-sistemi\/#primaryimage"},"thumbnailUrl":"https:\/\/aiserimplants.com\/wp-content\/uploads\/2022\/02\/Aiser_Multi-Unit_Abutment.jpg","datePublished":"2024-02-12T13:49:10+00:00","dateModified":"2024-02-12T13:49:11+00:00","description":"AISER Konometrik Ba\u011flant\u0131 Sistemi bile\u015fenleri, mukoza dokusu ile maksimum entegrasyon performans\u0131 sa\u011flamak i\u00e7in tasarlanm\u0131\u015ft\u0131r...","breadcrumb":{"@id":"https:\/\/aiserimplants.com\/tr\/urunler\/aiser-konometrik-baglanti-sistemi\/#breadcrumb"},"inLanguage":"tr","potentialAction":[{"@type":"ReadAction","target":["https:\/\/aiserimplants.com\/tr\/urunler\/aiser-konometrik-baglanti-sistemi\/"]}]},{"@type":"ImageObject","inLanguage":"tr","@id":"https:\/\/aiserimplants.com\/tr\/urunler\/aiser-konometrik-baglanti-sistemi\/#primaryimage","url":"https:\/\/aiserimplants.com\/wp-content\/uploads\/2022\/02\/Aiser_Multi-Unit_Abutment.jpg","contentUrl":"https:\/\/aiserimplants.com\/wp-content\/uploads\/2022\/02\/Aiser_Multi-Unit_Abutment.jpg","width":400,"height":500},{"@type":"BreadcrumbList","@id":"https:\/\/aiserimplants.com\/tr\/urunler\/aiser-konometrik-baglanti-sistemi\/#breadcrumb","itemListElement":[{"@type":"ListItem","position":1,"name":"Home","item":"https:\/\/aiserimplants.com\/tr\/anasayfa\/"},{"@type":"ListItem","position":2,"name":"\u00dcr\u00fcnler","item":"https:\/\/aiserimplants.com\/tr\/urunler\/"},{"@type":"ListItem","position":3,"name":"Aiser Konometrik Ba\u011flant\u0131 Sistemi"}]},{"@type":"WebSite","@id":"https:\/\/aiserimplants.com\/tr\/#website","url":"https:\/\/aiserimplants.com\/tr\/","name":"Aiser Implants","description":"Swiss Quality at its Peak","publisher":{"@id":"https:\/\/aiserimplants.com\/tr\/#organization"},"potentialAction":[{"@type":"SearchAction","target":{"@type":"EntryPoint","urlTemplate":"https:\/\/aiserimplants.com\/tr\/?s={search_term_string}"},"query-input":{"@type":"PropertyValueSpecification","valueRequired":true,"valueName":"search_term_string"}}],"inLanguage":"tr"},{"@type":["Organization","Place"],"@id":"https:\/\/aiserimplants.com\/tr\/#organization","name":"Aiser","url":"https:\/\/aiserimplants.com\/tr\/","logo":{"@id":"https:\/\/aiserimplants.com\/tr\/urunler\/aiser-konometrik-baglanti-sistemi\/#local-main-organization-logo"},"image":{"@id":"https:\/\/aiserimplants.com\/tr\/urunler\/aiser-konometrik-baglanti-sistemi\/#local-main-organization-logo"},"telephone":[],"openingHoursSpecification":[{"@type":"OpeningHoursSpecification","dayOfWeek":["Monday","Tuesday","Wednesday","Thursday","Friday","Saturday","Sunday"],"opens":"09:00","closes":"17:00"}]},{"@type":"ImageObject","inLanguage":"tr","@id":"https:\/\/aiserimplants.com\/tr\/urunler\/aiser-konometrik-baglanti-sistemi\/#local-main-organization-logo","url":"https:\/\/aiserimplants.com\/wp-content\/uploads\/2022\/02\/AISER_logo.jpg","contentUrl":"https:\/\/aiserimplants.com\/wp-content\/uploads\/2022\/02\/AISER_logo.jpg","width":1806,"height":1082,"caption":"Aiser"}]}},"_links":{"self":[{"href":"https:\/\/aiserimplants.com\/tr\/wp-json\/wp\/v2\/pages\/5784","targetHints":{"allow":["GET"]}}],"collection":[{"href":"https:\/\/aiserimplants.com\/tr\/wp-json\/wp\/v2\/pages"}],"about":[{"href":"https:\/\/aiserimplants.com\/tr\/wp-json\/wp\/v2\/types\/page"}],"author":[{"embeddable":true,"href":"https:\/\/aiserimplants.com\/tr\/wp-json\/wp\/v2\/users\/1"}],"replies":[{"embeddable":true,"href":"https:\/\/aiserimplants.com\/tr\/wp-json\/wp\/v2\/comments?post=5784"}],"version-history":[{"count":1,"href":"https:\/\/aiserimplants.com\/tr\/wp-json\/wp\/v2\/pages\/5784\/revisions"}],"predecessor-version":[{"id":5786,"href":"https:\/\/aiserimplants.com\/tr\/wp-json\/wp\/v2\/pages\/5784\/revisions\/5786"}],"up":[{"embeddable":true,"href":"https:\/\/aiserimplants.com\/tr\/wp-json\/wp\/v2\/pages\/5748"}],"wp:featuredmedia":[{"embeddable":true,"href":"https:\/\/aiserimplants.com\/tr\/wp-json\/wp\/v2\/media\/5785"}],"wp:attachment":[{"href":"https:\/\/aiserimplants.com\/tr\/wp-json\/wp\/v2\/media?parent=5784"}],"curies":[{"name":"wp","href":"https:\/\/api.w.org\/{rel}","templated":true}]}}