{"id":5797,"date":"2024-02-12T15:13:18","date_gmt":"2024-02-12T14:13:18","guid":{"rendered":"https:\/\/aiserimplants.com\/isvicre-kalitesi\/"},"modified":"2024-02-12T15:13:21","modified_gmt":"2024-02-12T14:13:21","slug":"isvicre-kalitesi","status":"publish","type":"page","link":"https:\/\/aiserimplants.com\/tr\/isvicre-kalitesi\/","title":{"rendered":"\u0130svi\u00e7re Kalitesi"},"content":{"rendered":"<p>[et_pb_section fb_built=&#8221;1&#8243; fullwidth=&#8221;on&#8221; admin_label=&#8221;Hero Section&#8221; _builder_version=&#8221;4.16&#8243; background_color=&#8221;#000000&#8243; parallax=&#8221;on&#8221; custom_padding=&#8221;0px|0px|0px|0px&#8221; global_colors_info=&#8221;{}&#8221;][et_pb_fullwidth_header title=&#8221;\u0130svi\u00e7re Kalitesi&#8221; subhead=&#8221;Her bir AISER dental implant\u0131, t\u00fcm bile\u015fenleri ve cerrahi aletleri s\u0131k\u0131 kalite protokollerine g\u00f6re \u00fcretilmektedir&#8221; admin_label=&#8221;Hero&#8221; _builder_version=&#8221;4.16&#8243; _module_preset=&#8221;5d2311d1-d0df-49c3-8a3a-d366a118df72&#8243; background_enable_color=&#8221;off&#8221; background_image=&#8221;https:\/\/aiserimplants.com\/wp-content\/uploads\/2022\/02\/travel-landscape-17.jpg&#8221; button_one_text_color_hover=&#8221;#ffffff&#8221; button_one_border_color_hover=&#8221;#ffffff&#8221; button_one_border_radius_hover=&#8221;0px&#8221; button_one_letter_spacing_hover=&#8221;4px&#8221; button_one_bg_color_hover=&#8221;rgba(0,0,0,0)&#8221; global_colors_info=&#8221;{}&#8221; button_one_text_size__hover_enabled=&#8221;off&#8221; button_two_text_size__hover_enabled=&#8221;off&#8221; button_one_text_color__hover_enabled=&#8221;on&#8221; button_one_text_color__hover=&#8221;#ffffff&#8221; button_two_text_color__hover_enabled=&#8221;off&#8221; button_one_border_width__hover_enabled=&#8221;off&#8221; button_two_border_width__hover_enabled=&#8221;off&#8221; button_one_border_color__hover_enabled=&#8221;on&#8221; button_one_border_color__hover=&#8221;#ffffff&#8221; button_two_border_color__hover_enabled=&#8221;off&#8221; button_one_border_radius__hover_enabled=&#8221;on&#8221; button_one_border_radius__hover=&#8221;0px&#8221; button_two_border_radius__hover_enabled=&#8221;off&#8221; button_one_letter_spacing__hover_enabled=&#8221;on&#8221; button_one_letter_spacing__hover=&#8221;4px&#8221; button_two_letter_spacing__hover_enabled=&#8221;off&#8221; button_one_bg_color__hover_enabled=&#8221;on&#8221; button_one_bg_color__hover=&#8221;rgba(0,0,0,0)&#8221; button_two_bg_color__hover_enabled=&#8221;off&#8221;][\/et_pb_fullwidth_header][\/et_pb_section][et_pb_section fb_built=&#8221;1&#8243; _builder_version=&#8221;4.21.0&#8243; _module_preset=&#8221;default&#8221; background_color=&#8221;#000000&#8243; global_colors_info=&#8221;{}&#8221;][et_pb_row _builder_version=&#8221;4.17.3&#8243; _module_preset=&#8221;default&#8221; locked=&#8221;off&#8221; global_colors_info=&#8221;{}&#8221; column_structure=&#8221;3_4,1_4&#8243;][et_pb_column type=&#8221;3_4&#8243; _builder_version=&#8221;4.17.3&#8243; _module_preset=&#8221;default&#8221; global_colors_info=&#8221;{}&#8221;][et_pb_text _builder_version=&#8221;4.21.0&#8243; _module_preset=&#8221;default&#8221; text_line_height=&#8221;1.8em&#8221; text_orientation=&#8221;center&#8221; custom_padding=&#8221;|100px||100px|false|true&#8221; custom_padding_tablet=&#8221;|100px||100px|false|true&#8221; custom_padding_phone=&#8221;|0px||0px|false|true&#8221; custom_padding_last_edited=&#8221;on|phone&#8221; global_colors_info=&#8221;{}&#8221;]<\/p>\n<p><strong>Helsinki \u00dcniversitesi Matemaattis-Luonnontieteellinen Tiedekunta Fen Fak\u00fcltesi<\/strong> ile i\u015fbirli\u011fi i\u00e7inde ger\u00e7ekle\u015ftirilen \u00e7al\u0131\u015fmay\u0131 indirin.<\/p>\n<p>[\/et_pb_text][et_pb_button button_url=&#8221;https:\/\/aiserimplants.com\/wp-content\/uploads\/2023\/07\/Report-on-SEM-investigation-endosseous-implants-surface-analysis.pdf&#8221; button_text=&#8221;Buradan indiriniz&#8221; button_alignment=&#8221;center&#8221; _builder_version=&#8221;4.23.4&#8243; _module_preset=&#8221;d6309e21-bdc4-44a4-869e-39a631350022&#8243; hover_enabled=&#8221;0&#8243; global_colors_info=&#8221;{}&#8221; url_new_window=&#8221;on&#8221; sticky_enabled=&#8221;0&#8243;][\/et_pb_button][\/et_pb_column][et_pb_column type=&#8221;1_4&#8243; _builder_version=&#8221;4.17.3&#8243; _module_preset=&#8221;default&#8221; global_colors_info=&#8221;{}&#8221;][et_pb_image _builder_version=&#8221;4.23.4&#8243; _module_preset=&#8221;default&#8221; title_text=&#8221;Yazd\u0131r\u0131labilir belge (SEM ara\u015ft\u0131rmas\u0131 raporu &#8211; Helsinki)&#8221; src=&#8221;https:\/\/aiserimplants.com\/wp-content\/uploads\/2023\/07\/Printable-document-Report-on-SEM-investigation-Helsinki.png&#8221; hover_enabled=&#8221;0&#8243; sticky_enabled=&#8221;0&#8243; url=&#8221;https:\/\/aiserimplants.com\/wp-content\/uploads\/2023\/07\/Report-on-SEM-investigation-endosseous-implants-surface-analysis.pdf&#8221; url_new_window=&#8221;on&#8221;][\/et_pb_image][\/et_pb_column][\/et_pb_row][\/et_pb_section][et_pb_section fb_built=&#8221;1&#8243; _builder_version=&#8221;4.16&#8243; background_color=&#8221;#000000&#8243; custom_padding=&#8221;110px||0px|||&#8221; global_colors_info=&#8221;{}&#8221;][et_pb_row column_structure=&#8221;1_2,1_2&#8243; _builder_version=&#8221;4.16&#8243; global_colors_info=&#8221;{}&#8221;][et_pb_column type=&#8221;1_2&#8243; _builder_version=&#8221;4.16&#8243; custom_padding=&#8221;|||&#8221; global_colors_info=&#8221;{}&#8221; custom_padding__hover=&#8221;|||&#8221;][et_pb_text admin_label=&#8221;Discover Beatuty Sub Title&#8221; _builder_version=&#8221;4.16&#8243; _module_preset=&#8221;_initial&#8221; text_font=&#8221;||||||||&#8221; text_text_color=&#8221;#FFFFFF&#8221; text_font_size=&#8221;24px&#8221; text_line_height=&#8221;1.4em&#8221; animation_style=&#8221;slide&#8221; animation_direction=&#8221;top&#8221; animation_intensity_slide=&#8221;10%&#8221; global_colors_info=&#8221;{}&#8221;]<\/p>\n<p>Sa\u011flaml\u0131k, esneklik ve biyouyumluluk, en iyiyi elde etmek i\u00e7in malzemelerimizde arad\u0131\u011f\u0131m\u0131z temel niteliklerdir.<\/p>\n<p>[\/et_pb_text][et_pb_divider color=&#8221;#ed4441&#8243; divider_position=&#8221;center&#8221; divider_weight=&#8221;3px&#8221; disabled_on=&#8221;off|off|off&#8221; _builder_version=&#8221;4.16&#8243; max_width=&#8221;150px&#8221; height=&#8221;false&#8221; animation_style=&#8221;slide&#8221; animation_direction=&#8221;top&#8221; animation_delay=&#8221;100ms&#8221; animation_intensity_slide=&#8221;10%&#8221; global_colors_info=&#8221;{}&#8221;][\/et_pb_divider][et_pb_text admin_label=&#8221;Discover Beatuty Text&#8221; _builder_version=&#8221;4.16&#8243; _module_preset=&#8221;ac6eaaff-bd72-4c1b-8d86-322f7edf5272&#8243; text_font=&#8221;||||||||&#8221; text_font_size=&#8221;18px&#8221; text_line_height=&#8221;1.9em&#8221; custom_padding=&#8221;30px|0px|0px|||&#8221; animation_style=&#8221;slide&#8221; animation_direction=&#8221;top&#8221; animation_delay=&#8221;200ms&#8221; animation_intensity_slide=&#8221;10%&#8221; global_colors_info=&#8221;{}&#8221;]<\/p>\n<p>D\u00fcnya standartlar\u0131ndaki tedarik\u00e7ilerden yaln\u0131zca en iyi titanyum ve \u00e7elik ala\u015f\u0131mlar\u0131n\u0131 se\u00e7iyoruz.<\/p>\n<p>T\u00fcm malzemeler, t\u0131bbi cihazlar\u0131n \u00fcretimini d\u00fczenleyen \u0130svi\u00e7re ve uluslararas\u0131 yasalarla tam uyum i\u00e7inde sertifikaland\u0131r\u0131lm\u0131\u015ft\u0131r.<\/p>\n<p>\u00d6\u011f\u00fctme i\u015flemi \u0130svi\u00e7re ve \u0130talya&#8217;da bulunan tesislerimizde ger\u00e7ekle\u015ftirilmektedir.<\/p>\n<p>Tesisler, karma\u015f\u0131k geometrileri bile tek ad\u0131mda frezeleyebilen ve her par\u00e7ada \u00fcst d\u00fczey hassasiyet sa\u011flayan en yeni 12 eksenli Kayar Ba\u015fl\u0131kl\u0131 Torna Tezgah\u0131m\u0131z gibi yaln\u0131zca en geli\u015fmi\u015f makinelerle donat\u0131lm\u0131\u015ft\u0131r.<\/p>\n<p>Cihazlar\u0131m\u0131z i\u00e7in y\u00fcksek verimli ve \u00e7evre dostu temizleme teknolojileri geli\u015ftirdik.<\/p>\n<p>[\/et_pb_text][\/et_pb_column][et_pb_column type=&#8221;1_2&#8243; _builder_version=&#8221;4.16&#8243; custom_padding=&#8221;|||&#8221; global_colors_info=&#8221;{}&#8221; custom_padding__hover=&#8221;|||&#8221;][et_pb_image src=&#8221;https:\/\/aiserimplants.com\/wp-content\/uploads\/2022\/03\/Aiser-Citizen.png&#8221; title_text=&#8221;Aiser Vatanda\u015f\u0131&#8221; _builder_version=&#8221;4.16&#8243; _module_preset=&#8221;default&#8221; custom_padding=&#8221;0px|||||&#8221; global_colors_info=&#8221;{}&#8221;][\/et_pb_image][et_pb_text _builder_version=&#8221;4.16&#8243; _module_preset=&#8221;ac6eaaff-bd72-4c1b-8d86-322f7edf5272&#8243; text_font=&#8221;||||||||&#8221; text_font_size=&#8221;18px&#8221; text_line_height=&#8221;2em&#8221; global_colors_info=&#8221;{}&#8221;]<\/p>\n<p>Titanyum ve \u00e7elik \u00fcr\u00fcnlerimizi y\u00fcksek bas\u0131n\u00e7l\u0131, y\u00fcksek s\u0131cakl\u0131kl\u0131 solvent banyolar\u0131 ile temizleyerek y\u00fczey kirleticilerinin a\u015f\u0131r\u0131 derecede azalt\u0131lmas\u0131n\u0131 sa\u011fl\u0131yoruz.<\/p>\n<p>S\u00fcre\u00e7 ba\u011f\u0131ms\u0131z otoriteler taraf\u0131ndan onaylanm\u0131\u015ft\u0131r ve Ara\u015ft\u0131rma ve Geli\u015ftirme b\u00f6l\u00fcm\u00fcm\u00fcz taraf\u0131ndan EDSx (Enerji Da\u011f\u0131l\u0131ml\u0131 Spektroskopi X-\u0131\u015f\u0131n\u0131 Analizi) ve SEM g\u00f6r\u00fcnt\u00fcleme analizi ile s\u00fcrekli kalite kontrol\u00fc yap\u0131lmaktad\u0131r.<\/p>\n<p>[\/et_pb_text][\/et_pb_column][\/et_pb_row][\/et_pb_section][et_pb_section fb_built=&#8221;1&#8243; admin_label=&#8221;Look Inside Section&#8221; _builder_version=&#8221;4.17.3&#8243; background_image=&#8221;https:\/\/aiserimplants.com\/wp-content\/uploads\/2022\/03\/Progetto-senza-titolo.png&#8221; parallax=&#8221;on&#8221; custom_margin=&#8221;||100px||false|false&#8221; custom_padding=&#8221;0px||0px|&#8221; global_colors_info=&#8221;{}&#8221;][et_pb_row column_structure=&#8221;1_2,1_2&#8243; use_custom_gutter=&#8221;on&#8221; gutter_width=&#8221;1&#8243; make_equal=&#8221;on&#8221; module_class=&#8221; et_pb_row_fullwidth&#8221; _builder_version=&#8221;4.16&#8243; width=&#8221;100%&#8221; width_tablet=&#8221;100%&#8221; width_phone=&#8221;100%&#8221; max_width_tablet=&#8221;100%&#8221; max_width_phone=&#8221;100%&#8221; max_width_last_edited=&#8221;on|desktop&#8221; custom_padding=&#8221;0px||0px|&#8221; make_fullwidth=&#8221;on&#8221; global_colors_info=&#8221;{}&#8221;][et_pb_column type=&#8221;1_2&#8243; _builder_version=&#8221;4.16&#8243; parallax=&#8221;on&#8221; custom_padding=&#8221;|||&#8221; global_colors_info=&#8221;{}&#8221; custom_padding__hover=&#8221;|||&#8221;][et_pb_image align_tablet=&#8221;center&#8221; align_phone=&#8221;center&#8221; align_last_edited=&#8221;on|desktop&#8221; _builder_version=&#8221;4.16&#8243; animation_style=&#8221;slide&#8221; animation_direction=&#8221;left&#8221; animation_duration=&#8221;500ms&#8221; animation_intensity_slide=&#8221;10%&#8221; global_colors_info=&#8221;{}&#8221;][\/et_pb_image][\/et_pb_column][et_pb_column type=&#8221;1_2&#8243; _builder_version=&#8221;4.16&#8243; use_background_color_gradient=&#8221;on&#8221; background_color_gradient_stops=&#8221;#ffffff 0%|rgba(255,255,255,0.85) 50%&#8221; background_color_gradient_start=&#8221;#ffffff&#8221; background_color_gradient_end=&#8221;rgba(255,255,255,0.85)&#8221; background_color_gradient_end_position=&#8221;50%&#8221; custom_padding=&#8221;8%|6%|6%|6%&#8221; global_colors_info=&#8221;{}&#8221; custom_padding__hover=&#8221;|||&#8221;][et_pb_text admin_label=&#8221;Look Inside Title&#8221; _builder_version=&#8221;4.16&#8243; text_font=&#8221;||||&#8221; text_text_color=&#8221;#1a1a1a&#8221; header_font=&#8221;|700||on|||||&#8221; header_text_align=&#8221;left&#8221; header_text_color=&#8221;#000000&#8243; header_font_size=&#8221;60px&#8221; header_line_height=&#8221;1.3em&#8221; max_width=&#8221;450px&#8221; custom_margin=&#8221;|||&#8221; custom_padding=&#8221;|||&#8221; animation_style=&#8221;slide&#8221; animation_direction=&#8221;top&#8221; animation_intensity_slide=&#8221;10%&#8221; locked=&#8221;off&#8221; global_colors_info=&#8221;{}&#8221;]<\/p>\n<h1>kalite kontrol\u00fc<\/h1>\n<p>[\/et_pb_text][et_pb_divider color=&#8221;#ed4441&#8243; divider_position=&#8221;center&#8221; divider_weight=&#8221;3px&#8221; disabled_on=&#8221;off|off|off&#8221; _builder_version=&#8221;4.16&#8243; max_width=&#8221;150px&#8221; height=&#8221;false&#8221; custom_margin=&#8221;30px|||&#8221; animation_style=&#8221;slide&#8221; animation_direction=&#8221;top&#8221; animation_delay=&#8221;100ms&#8221; animation_intensity_slide=&#8221;10%&#8221; locked=&#8221;off&#8221; global_colors_info=&#8221;{}&#8221;][\/et_pb_divider][et_pb_text admin_label=&#8221;Look Inside Sub Title&#8221; _builder_version=&#8221;4.16&#8243; text_font=&#8221;||||||||&#8221; text_text_color=&#8221;#1a1a1a&#8221; text_font_size=&#8221;24px&#8221; text_line_height=&#8221;1.4em&#8221; max_width=&#8221;450px&#8221; custom_padding=&#8221;30px|||&#8221; animation_style=&#8221;slide&#8221; animation_direction=&#8221;top&#8221; animation_delay=&#8221;200ms&#8221; animation_intensity_slide=&#8221;10%&#8221; locked=&#8221;off&#8221; global_colors_info=&#8221;{}&#8221;]<\/p>\n<p>Kalite kontrol\u00fc, par\u00e7a boyutlar\u0131n\u0131n ve ba\u011flant\u0131 \u00f6zelliklerinin <strong>optik ve mekanik kontrollerin<\/strong>i kapsar.<\/p>\n<p>[\/et_pb_text][et_pb_text admin_label=&#8221;Look Inside Sub Title&#8221; _builder_version=&#8221;4.16&#8243; text_font=&#8221;||||||||&#8221; text_text_color=&#8221;#1a1a1a&#8221; text_font_size=&#8221;24px&#8221; text_line_height=&#8221;1.4em&#8221; max_width=&#8221;450px&#8221; custom_padding=&#8221;30px|||&#8221; animation_style=&#8221;slide&#8221; animation_direction=&#8221;top&#8221; animation_delay=&#8221;200ms&#8221; animation_intensity_slide=&#8221;10%&#8221; locked=&#8221;off&#8221; global_colors_info=&#8221;{}&#8221;]<\/p>\n<p>Y\u00fczeyin topografisini ve kimyasal \u00f6zelliklerini de\u011ferlendirmek i\u00e7in temiz odada <strong>EDSx spektroskopisi ve SEM g\u00f6r\u00fcnt\u00fcleme<\/strong><\/p>\n<p>[\/et_pb_text][et_pb_text admin_label=&#8221;Look Inside Sub Title&#8221; _builder_version=&#8221;4.16&#8243; text_font=&#8221;||||||||&#8221; text_text_color=&#8221;#1a1a1a&#8221; text_font_size=&#8221;24px&#8221; text_line_height=&#8221;1.4em&#8221; max_width=&#8221;450px&#8221; custom_padding=&#8221;30px|||&#8221; animation_style=&#8221;slide&#8221; animation_direction=&#8221;top&#8221; animation_delay=&#8221;200ms&#8221; animation_intensity_slide=&#8221;10%&#8221; locked=&#8221;off&#8221; global_colors_info=&#8221;{}&#8221;]<\/p>\n<p><strong>Her \u00fcretim partisinde rastgele \u00f6rnekleme.<\/strong><\/p>\n<p>[\/et_pb_text][et_pb_text admin_label=&#8221;Look Inside Sub Title&#8221; _builder_version=&#8221;4.16&#8243; text_font=&#8221;||||||||&#8221; text_text_color=&#8221;#1a1a1a&#8221; text_font_size=&#8221;24px&#8221; text_line_height=&#8221;1.4em&#8221; max_width=&#8221;450px&#8221; custom_padding=&#8221;30px|||&#8221; animation_style=&#8221;slide&#8221; animation_direction=&#8221;top&#8221; animation_delay=&#8221;200ms&#8221; animation_intensity_slide=&#8221;10%&#8221; locked=&#8221;off&#8221; global_colors_info=&#8221;{}&#8221;]<\/p>\n<p><strong>UTD (Benzersiz izlenebilirlik belgesi)<\/strong>: Bu belge her bir \u00fcretim ve kalite kontrol ad\u0131m\u0131n\u0131n kayd\u0131n\u0131 tutar.<\/p>\n<p>[\/et_pb_text][et_pb_text admin_label=&#8221;Look Inside Sub Title&#8221; _builder_version=&#8221;4.16&#8243; text_font=&#8221;||||||||&#8221; text_text_color=&#8221;#1a1a1a&#8221; text_font_size=&#8221;24px&#8221; text_line_height=&#8221;1.4em&#8221; max_width=&#8221;450px&#8221; custom_padding=&#8221;30px|||&#8221; animation_style=&#8221;slide&#8221; animation_direction=&#8221;top&#8221; animation_delay=&#8221;200ms&#8221; animation_intensity_slide=&#8221;10%&#8221; locked=&#8221;off&#8221; global_colors_info=&#8221;{}&#8221;]<\/p>\n<p>Her <strong>AISER \u0130mplant\u0131 \u00f6m\u00fcr boyu garantilidir.<\/strong><\/p>\n<p>[\/et_pb_text][\/et_pb_column][\/et_pb_row][\/et_pb_section]<\/p>\n","protected":false},"excerpt":{"rendered":"<p>Her bir AISER Dental \u0130mplant, bile\u015fenleri ve Cerrahi Aletler Titiz Kalite Standartlar\u0131na uygun olarak \u00fcretilmektedir.<\/p>\n","protected":false},"author":2,"featured_media":5798,"parent":0,"menu_order":0,"comment_status":"closed","ping_status":"closed","template":"","meta":{"_acf_changed":false,"_et_pb_use_builder":"on","_et_pb_old_content":"","_et_gb_content_width":"","footnotes":""},"class_list":["post-5797","page","type-page","status-publish","has-post-thumbnail","hentry"],"acf":[],"yoast_head":"<!-- This site is optimized with the Yoast SEO Premium plugin v25.2 (Yoast SEO v27.4) - https:\/\/yoast.com\/product\/yoast-seo-premium-wordpress\/ -->\n<title>\u0130svi\u00e7re Kalitesi - Aiser Implants<\/title>\n<meta name=\"description\" content=\"Her bir AISER Dental \u0130mplant, bile\u015fenleri ve Cerrahi Aletler Titiz Kalite Standartlar\u0131na uygun olarak \u00fcretilmektedir.\" \/>\n<meta name=\"robots\" content=\"index, follow, max-snippet:-1, max-image-preview:large, max-video-preview:-1\" \/>\n<link rel=\"canonical\" href=\"https:\/\/aiserimplants.com\/tr\/isvicre-kalitesi\/\" \/>\n<meta property=\"og:locale\" content=\"tr_TR\" \/>\n<meta property=\"og:type\" content=\"article\" \/>\n<meta property=\"og:title\" content=\"\u0130svi\u00e7re Kalitesi\" \/>\n<meta property=\"og:description\" content=\"Her bir AISER Dental \u0130mplant, bile\u015fenleri ve Cerrahi Aletler Titiz Kalite Standartlar\u0131na uygun olarak \u00fcretilmektedir.\" \/>\n<meta property=\"og:url\" content=\"https:\/\/aiserimplants.com\/tr\/isvicre-kalitesi\/\" \/>\n<meta property=\"og:site_name\" content=\"Aiser Implants\" \/>\n<meta property=\"article:modified_time\" content=\"2024-02-12T14:13:21+00:00\" \/>\n<meta property=\"og:image\" content=\"https:\/\/aiserimplants.com\/wp-content\/uploads\/2022\/05\/Montagne-svizzere_1.jpg\" \/>\n\t<meta property=\"og:image:width\" content=\"1922\" \/>\n\t<meta property=\"og:image:height\" content=\"1338\" \/>\n\t<meta property=\"og:image:type\" content=\"image\/jpeg\" \/>\n<meta name=\"twitter:card\" content=\"summary_large_image\" \/>\n<meta name=\"twitter:label1\" content=\"Tahmini okuma s\u00fcresi\" \/>\n\t<meta name=\"twitter:data1\" content=\"8 dakika\" \/>\n<script type=\"application\/ld+json\" class=\"yoast-schema-graph\">{\"@context\":\"https:\\\/\\\/schema.org\",\"@graph\":[{\"@type\":\"WebPage\",\"@id\":\"https:\\\/\\\/aiserimplants.com\\\/tr\\\/isvicre-kalitesi\\\/\",\"url\":\"https:\\\/\\\/aiserimplants.com\\\/tr\\\/isvicre-kalitesi\\\/\",\"name\":\"\u0130svi\u00e7re Kalitesi - Aiser Implants\",\"isPartOf\":{\"@id\":\"https:\\\/\\\/aiserimplants.com\\\/tr\\\/#website\"},\"primaryImageOfPage\":{\"@id\":\"https:\\\/\\\/aiserimplants.com\\\/tr\\\/isvicre-kalitesi\\\/#primaryimage\"},\"image\":{\"@id\":\"https:\\\/\\\/aiserimplants.com\\\/tr\\\/isvicre-kalitesi\\\/#primaryimage\"},\"thumbnailUrl\":\"https:\\\/\\\/aiserimplants.com\\\/wp-content\\\/uploads\\\/2022\\\/05\\\/Montagne-svizzere_1.jpg\",\"datePublished\":\"2024-02-12T14:13:18+00:00\",\"dateModified\":\"2024-02-12T14:13:21+00:00\",\"description\":\"Her bir AISER Dental \u0130mplant, bile\u015fenleri ve Cerrahi Aletler Titiz Kalite Standartlar\u0131na uygun olarak \u00fcretilmektedir.\",\"breadcrumb\":{\"@id\":\"https:\\\/\\\/aiserimplants.com\\\/tr\\\/isvicre-kalitesi\\\/#breadcrumb\"},\"inLanguage\":\"tr\",\"potentialAction\":[{\"@type\":\"ReadAction\",\"target\":[\"https:\\\/\\\/aiserimplants.com\\\/tr\\\/isvicre-kalitesi\\\/\"]}]},{\"@type\":\"ImageObject\",\"inLanguage\":\"tr\",\"@id\":\"https:\\\/\\\/aiserimplants.com\\\/tr\\\/isvicre-kalitesi\\\/#primaryimage\",\"url\":\"https:\\\/\\\/aiserimplants.com\\\/wp-content\\\/uploads\\\/2022\\\/05\\\/Montagne-svizzere_1.jpg\",\"contentUrl\":\"https:\\\/\\\/aiserimplants.com\\\/wp-content\\\/uploads\\\/2022\\\/05\\\/Montagne-svizzere_1.jpg\",\"width\":1922,\"height\":1338},{\"@type\":\"BreadcrumbList\",\"@id\":\"https:\\\/\\\/aiserimplants.com\\\/tr\\\/isvicre-kalitesi\\\/#breadcrumb\",\"itemListElement\":[{\"@type\":\"ListItem\",\"position\":1,\"name\":\"Home\",\"item\":\"https:\\\/\\\/aiserimplants.com\\\/tr\\\/anasayfa\\\/\"},{\"@type\":\"ListItem\",\"position\":2,\"name\":\"\u0130svi\u00e7re Kalitesi\"}]},{\"@type\":\"WebSite\",\"@id\":\"https:\\\/\\\/aiserimplants.com\\\/tr\\\/#website\",\"url\":\"https:\\\/\\\/aiserimplants.com\\\/tr\\\/\",\"name\":\"Aiser Implants\",\"description\":\"Swiss Quality at its Peak\",\"publisher\":{\"@id\":\"https:\\\/\\\/aiserimplants.com\\\/tr\\\/#organization\"},\"potentialAction\":[{\"@type\":\"SearchAction\",\"target\":{\"@type\":\"EntryPoint\",\"urlTemplate\":\"https:\\\/\\\/aiserimplants.com\\\/tr\\\/?s={search_term_string}\"},\"query-input\":{\"@type\":\"PropertyValueSpecification\",\"valueRequired\":true,\"valueName\":\"search_term_string\"}}],\"inLanguage\":\"tr\"},{\"@type\":[\"Organization\",\"Place\"],\"@id\":\"https:\\\/\\\/aiserimplants.com\\\/tr\\\/#organization\",\"name\":\"Aiser\",\"url\":\"https:\\\/\\\/aiserimplants.com\\\/tr\\\/\",\"logo\":{\"@id\":\"https:\\\/\\\/aiserimplants.com\\\/tr\\\/isvicre-kalitesi\\\/#local-main-organization-logo\"},\"image\":{\"@id\":\"https:\\\/\\\/aiserimplants.com\\\/tr\\\/isvicre-kalitesi\\\/#local-main-organization-logo\"},\"telephone\":[],\"openingHoursSpecification\":[{\"@type\":\"OpeningHoursSpecification\",\"dayOfWeek\":[\"Monday\",\"Tuesday\",\"Wednesday\",\"Thursday\",\"Friday\",\"Saturday\",\"Sunday\"],\"opens\":\"09:00\",\"closes\":\"17:00\"}]},{\"@type\":\"ImageObject\",\"inLanguage\":\"tr\",\"@id\":\"https:\\\/\\\/aiserimplants.com\\\/tr\\\/isvicre-kalitesi\\\/#local-main-organization-logo\",\"url\":\"https:\\\/\\\/aiserimplants.com\\\/wp-content\\\/uploads\\\/2022\\\/02\\\/AISER_logo.jpg\",\"contentUrl\":\"https:\\\/\\\/aiserimplants.com\\\/wp-content\\\/uploads\\\/2022\\\/02\\\/AISER_logo.jpg\",\"width\":1806,\"height\":1082,\"caption\":\"Aiser\"}]}<\/script>\n<!-- \/ Yoast SEO Premium plugin. -->","yoast_head_json":{"title":"\u0130svi\u00e7re Kalitesi - Aiser Implants","description":"Her bir AISER Dental \u0130mplant, bile\u015fenleri ve Cerrahi Aletler Titiz Kalite Standartlar\u0131na uygun olarak \u00fcretilmektedir.","robots":{"index":"index","follow":"follow","max-snippet":"max-snippet:-1","max-image-preview":"max-image-preview:large","max-video-preview":"max-video-preview:-1"},"canonical":"https:\/\/aiserimplants.com\/tr\/isvicre-kalitesi\/","og_locale":"tr_TR","og_type":"article","og_title":"\u0130svi\u00e7re Kalitesi","og_description":"Her bir AISER Dental \u0130mplant, bile\u015fenleri ve Cerrahi Aletler Titiz Kalite Standartlar\u0131na uygun olarak \u00fcretilmektedir.","og_url":"https:\/\/aiserimplants.com\/tr\/isvicre-kalitesi\/","og_site_name":"Aiser Implants","article_modified_time":"2024-02-12T14:13:21+00:00","og_image":[{"width":1922,"height":1338,"url":"https:\/\/aiserimplants.com\/wp-content\/uploads\/2022\/05\/Montagne-svizzere_1.jpg","type":"image\/jpeg"}],"twitter_card":"summary_large_image","twitter_misc":{"Tahmini okuma s\u00fcresi":"8 dakika"},"schema":{"@context":"https:\/\/schema.org","@graph":[{"@type":"WebPage","@id":"https:\/\/aiserimplants.com\/tr\/isvicre-kalitesi\/","url":"https:\/\/aiserimplants.com\/tr\/isvicre-kalitesi\/","name":"\u0130svi\u00e7re Kalitesi - Aiser Implants","isPartOf":{"@id":"https:\/\/aiserimplants.com\/tr\/#website"},"primaryImageOfPage":{"@id":"https:\/\/aiserimplants.com\/tr\/isvicre-kalitesi\/#primaryimage"},"image":{"@id":"https:\/\/aiserimplants.com\/tr\/isvicre-kalitesi\/#primaryimage"},"thumbnailUrl":"https:\/\/aiserimplants.com\/wp-content\/uploads\/2022\/05\/Montagne-svizzere_1.jpg","datePublished":"2024-02-12T14:13:18+00:00","dateModified":"2024-02-12T14:13:21+00:00","description":"Her bir AISER Dental \u0130mplant, bile\u015fenleri ve Cerrahi Aletler Titiz Kalite Standartlar\u0131na uygun olarak \u00fcretilmektedir.","breadcrumb":{"@id":"https:\/\/aiserimplants.com\/tr\/isvicre-kalitesi\/#breadcrumb"},"inLanguage":"tr","potentialAction":[{"@type":"ReadAction","target":["https:\/\/aiserimplants.com\/tr\/isvicre-kalitesi\/"]}]},{"@type":"ImageObject","inLanguage":"tr","@id":"https:\/\/aiserimplants.com\/tr\/isvicre-kalitesi\/#primaryimage","url":"https:\/\/aiserimplants.com\/wp-content\/uploads\/2022\/05\/Montagne-svizzere_1.jpg","contentUrl":"https:\/\/aiserimplants.com\/wp-content\/uploads\/2022\/05\/Montagne-svizzere_1.jpg","width":1922,"height":1338},{"@type":"BreadcrumbList","@id":"https:\/\/aiserimplants.com\/tr\/isvicre-kalitesi\/#breadcrumb","itemListElement":[{"@type":"ListItem","position":1,"name":"Home","item":"https:\/\/aiserimplants.com\/tr\/anasayfa\/"},{"@type":"ListItem","position":2,"name":"\u0130svi\u00e7re Kalitesi"}]},{"@type":"WebSite","@id":"https:\/\/aiserimplants.com\/tr\/#website","url":"https:\/\/aiserimplants.com\/tr\/","name":"Aiser Implants","description":"Swiss Quality at its Peak","publisher":{"@id":"https:\/\/aiserimplants.com\/tr\/#organization"},"potentialAction":[{"@type":"SearchAction","target":{"@type":"EntryPoint","urlTemplate":"https:\/\/aiserimplants.com\/tr\/?s={search_term_string}"},"query-input":{"@type":"PropertyValueSpecification","valueRequired":true,"valueName":"search_term_string"}}],"inLanguage":"tr"},{"@type":["Organization","Place"],"@id":"https:\/\/aiserimplants.com\/tr\/#organization","name":"Aiser","url":"https:\/\/aiserimplants.com\/tr\/","logo":{"@id":"https:\/\/aiserimplants.com\/tr\/isvicre-kalitesi\/#local-main-organization-logo"},"image":{"@id":"https:\/\/aiserimplants.com\/tr\/isvicre-kalitesi\/#local-main-organization-logo"},"telephone":[],"openingHoursSpecification":[{"@type":"OpeningHoursSpecification","dayOfWeek":["Monday","Tuesday","Wednesday","Thursday","Friday","Saturday","Sunday"],"opens":"09:00","closes":"17:00"}]},{"@type":"ImageObject","inLanguage":"tr","@id":"https:\/\/aiserimplants.com\/tr\/isvicre-kalitesi\/#local-main-organization-logo","url":"https:\/\/aiserimplants.com\/wp-content\/uploads\/2022\/02\/AISER_logo.jpg","contentUrl":"https:\/\/aiserimplants.com\/wp-content\/uploads\/2022\/02\/AISER_logo.jpg","width":1806,"height":1082,"caption":"Aiser"}]}},"_links":{"self":[{"href":"https:\/\/aiserimplants.com\/tr\/wp-json\/wp\/v2\/pages\/5797","targetHints":{"allow":["GET"]}}],"collection":[{"href":"https:\/\/aiserimplants.com\/tr\/wp-json\/wp\/v2\/pages"}],"about":[{"href":"https:\/\/aiserimplants.com\/tr\/wp-json\/wp\/v2\/types\/page"}],"author":[{"embeddable":true,"href":"https:\/\/aiserimplants.com\/tr\/wp-json\/wp\/v2\/users\/2"}],"replies":[{"embeddable":true,"href":"https:\/\/aiserimplants.com\/tr\/wp-json\/wp\/v2\/comments?post=5797"}],"version-history":[{"count":2,"href":"https:\/\/aiserimplants.com\/tr\/wp-json\/wp\/v2\/pages\/5797\/revisions"}],"predecessor-version":[{"id":5800,"href":"https:\/\/aiserimplants.com\/tr\/wp-json\/wp\/v2\/pages\/5797\/revisions\/5800"}],"wp:featuredmedia":[{"embeddable":true,"href":"https:\/\/aiserimplants.com\/tr\/wp-json\/wp\/v2\/media\/5798"}],"wp:attachment":[{"href":"https:\/\/aiserimplants.com\/tr\/wp-json\/wp\/v2\/media?parent=5797"}],"curies":[{"name":"wp","href":"https:\/\/api.w.org\/{rel}","templated":true}]}}