{"id":7027,"date":"2025-04-16T17:31:36","date_gmt":"2025-04-16T15:31:36","guid":{"rendered":"https:\/\/aiserimplants.com\/protokol\/"},"modified":"2025-04-16T17:31:37","modified_gmt":"2025-04-16T15:31:37","slug":"protokol","status":"publish","type":"page","link":"https:\/\/aiserimplants.com\/tr\/protokol\/","title":{"rendered":"Protokol"},"content":{"rendered":"<p>[et_pb_section fb_built=&#8221;1&#8243; fullwidth=&#8221;on&#8221; _builder_version=&#8221;4.16&#8243; _module_preset=&#8221;default&#8221; background_color=&#8221;#000000&#8243; locked=&#8221;off&#8221; global_colors_info=&#8221;{}&#8221;][et_pb_fullwidth_header title=&#8221;Protokol&#8221; _builder_version=&#8221;4.24.3&#8243; _module_preset=&#8221;5d2311d1-d0df-49c3-8a3a-d366a118df72&#8243; background_image=&#8221;https:\/\/aiserimplants.com\/wp-content\/uploads\/2022\/03\/7.png&#8221; global_colors_info=&#8221;{}&#8221;][\/et_pb_fullwidth_header][\/et_pb_section][et_pb_section fb_built=&#8221;1&#8243; _builder_version=&#8221;4.17.4&#8243; _module_preset=&#8221;fa16af20-4da1-42b8-87c8-dab7c09ce721&#8243; locked=&#8221;off&#8221; global_colors_info=&#8221;{}&#8221;][et_pb_row column_structure=&#8221;1_2,1_2&#8243; _builder_version=&#8221;4.17.4&#8243; _module_preset=&#8221;default&#8221; global_colors_info=&#8221;{}&#8221;][et_pb_column type=&#8221;1_2&#8243; _builder_version=&#8221;4.17.4&#8243; _module_preset=&#8221;default&#8221; global_colors_info=&#8221;{}&#8221;][et_pb_text _builder_version=&#8221;4.24.3&#8243; _module_preset=&#8221;ac6eaaff-bd72-4c1b-8d86-322f7edf5272&#8243; text_orientation=&#8221;center&#8221; global_colors_info=&#8221;{}&#8221;]<\/p>\n<h2>Protokol AISER Implant System<\/h2>\n<p>[\/et_pb_text][et_pb_button button_url=&#8221;https:\/\/aiserimplants.com\/wp-content\/uploads\/2025\/04\/Aiser-Surgical-Protocol_2.pdf&#8221; url_new_window=&#8221;on&#8221; button_text=&#8221;PDF dosyas\u0131n\u0131 indirin&#8221; button_alignment=&#8221;center&#8221; _builder_version=&#8221;4.27.4&#8243; _module_preset=&#8221;default&#8221; custom_button=&#8221;on&#8221; button_text_color=&#8221;#0C71C3&#8243; button_font=&#8221;Montserrat||||||||&#8221; button_icon=&#8221;&#x22;||divi||400&#8243; custom_margin=&#8221;||80px|||&#8221; hover_enabled=&#8221;0&#8243; global_colors_info=&#8221;{}&#8221; sticky_enabled=&#8221;0&#8243;][\/et_pb_button][\/et_pb_column][et_pb_column type=&#8221;1_2&#8243; _builder_version=&#8221;4.17.4&#8243; _module_preset=&#8221;default&#8221; global_colors_info=&#8221;{}&#8221;][et_pb_text _builder_version=&#8221;4.27.4&#8243; _module_preset=&#8221;ac6eaaff-bd72-4c1b-8d86-322f7edf5272&#8243; text_orientation=&#8221;center&#8221; global_colors_info=&#8221;{}&#8221;]<\/p>\n<h2>Kullan\u0131m talimatlar\u0131<\/h2>\n<p>[\/et_pb_text][et_pb_button button_url=&#8221;https:\/\/aiserimplants.com\/wp-content\/uploads\/2025\/04\/Aiser-Instructions-for-use-IFU_2.pdf&#8221; url_new_window=&#8221;on&#8221; button_text=&#8221;PDF dosyas\u0131n\u0131 indirin&#8221; button_alignment=&#8221;center&#8221; _builder_version=&#8221;4.27.4&#8243; _module_preset=&#8221;default&#8221; custom_button=&#8221;on&#8221; button_text_color=&#8221;#0C71C3&#8243; button_font=&#8221;Montserrat||||||||&#8221; button_icon=&#8221;&#x22;||divi||400&#8243; custom_margin=&#8221;||80px|||&#8221; global_colors_info=&#8221;{}&#8221;][\/et_pb_button][\/et_pb_column][\/et_pb_row][et_pb_row _builder_version=&#8221;4.27.4&#8243; _module_preset=&#8221;default&#8221; global_colors_info=&#8221;{}&#8221;][et_pb_column type=&#8221;4_4&#8243; _builder_version=&#8221;4.27.4&#8243; _module_preset=&#8221;default&#8221; global_colors_info=&#8221;{}&#8221;][et_pb_text _builder_version=&#8221;4.24.3&#8243; _module_preset=&#8221;default&#8221; text_font=&#8221;Montserrat||||||||&#8221; text_orientation=&#8221;center&#8221; locked=&#8221;off&#8221; global_colors_info=&#8221;{}&#8221;]E-postan\u0131za eklenecek protokolleri ve protokolleri yeniden d\u00fczenlemek i\u00e7in.[\/et_pb_text][et_pb_code _builder_version=&#8221;4.17.4&#8243; _module_preset=&#8221;default&#8221; text_orientation=&#8221;center&#8221; width=&#8221;500px&#8221; module_alignment=&#8221;center&#8221; global_colors_info=&#8221;{}&#8221;]<script>(function() {\n\twindow.mc4wp = window.mc4wp || {\n\t\tlisteners: [],\n\t\tforms: {\n\t\t\ton: function(evt, cb) {\n\t\t\t\twindow.mc4wp.listeners.push(\n\t\t\t\t\t{\n\t\t\t\t\t\tevent   : evt,\n\t\t\t\t\t\tcallback: cb\n\t\t\t\t\t}\n\t\t\t\t);\n\t\t\t}\n\t\t}\n\t}\n})();\n<\/script><!-- Mailchimp for WordPress v4.11.1 - https:\/\/wordpress.org\/plugins\/mailchimp-for-wp\/ --><form id=\"mc4wp-form-1\" class=\"mc4wp-form mc4wp-form-3269\" method=\"post\" data-id=\"3269\" data-name=\"Download Catalogo\" ><div class=\"mc4wp-form-fields\"><p>\r\n  <input type=\"email\" name=\"EMAIL\" placeholder=\"Il tuo indirizzo email\" required \/>\r\n<\/p>\r\n\r\n<p>\r\n  <input name=\"AGREE_TO_TERMS\" type=\"checkbox\" value=\"1\" required=\"\"> <a href=\"https:\/\/aiserimplants.com\/it\/privacy-policy\/\" target=\"_blank\"><u>Ho letto e accetto i termini e le condizioni<\/u><\/a>\r\n<\/p>\r\n\r\n<p>\r\n  <input class=\"btn btn-primary\" type=\"submit\" value=\"Iscriviti\" \/>\r\n<\/p><\/div><label style=\"display: none !important;\">Leave this field empty if you're human: <input type=\"text\" name=\"_mc4wp_honeypot\" value=\"\" tabindex=\"-1\" autocomplete=\"off\" \/><\/label><input type=\"hidden\" name=\"_mc4wp_timestamp\" value=\"1775959833\" \/><input type=\"hidden\" name=\"_mc4wp_form_id\" value=\"3269\" \/><input type=\"hidden\" name=\"_mc4wp_form_element_id\" value=\"mc4wp-form-1\" \/><div class=\"mc4wp-response\"><\/div><\/form><!-- \/ Mailchimp for WordPress Plugin -->[\/et_pb_code][\/et_pb_column][\/et_pb_row][\/et_pb_section]<\/p>\n","protected":false},"excerpt":{"rendered":"<p>Protokol AISER Implant SystemKullan\u0131m talimatlar\u0131E-postan\u0131za eklenecek protokolleri ve protokolleri yeniden d\u00fczenlemek i\u00e7in.<script>(function() {\n\twindow.mc4wp = window.mc4wp || {\n\t\tlisteners: [],\n\t\tforms: {\n\t\t\ton: function(evt, cb) {\n\t\t\t\twindow.mc4wp.listeners.push(\n\t\t\t\t\t{\n\t\t\t\t\t\tevent   : evt,\n\t\t\t\t\t\tcallback: cb\n\t\t\t\t\t}\n\t\t\t\t);\n\t\t\t}\n\t\t}\n\t}\n})();\n<\/script><!-- Mailchimp for WordPress v4.11.1 - https:\/\/wordpress.org\/plugins\/mailchimp-for-wp\/ --><form id=\"mc4wp-form-2\" class=\"mc4wp-form mc4wp-form-3269\" method=\"post\" data-id=\"3269\" data-name=\"Download Catalogo\" ><div class=\"mc4wp-form-fields\"><p>\r\n  <input type=\"email\" name=\"EMAIL\" placeholder=\"Il tuo indirizzo email\" required \/>\r\n<\/p>\r\n\r\n<p>\r\n  <input name=\"AGREE_TO_TERMS\" type=\"checkbox\" value=\"1\" required=\"\"> <a href=\"https:\/\/aiserimplants.com\/it\/privacy-policy\/\" target=\"_blank\"><u>Ho letto e accetto i termini e le condizioni<\/u><\/a>\r\n<\/p>\r\n\r\n<p>\r\n  <input class=\"btn btn-primary\" type=\"submit\" value=\"Iscriviti\" \/>\r\n<\/p><\/div><label style=\"display: none !important;\">Leave this field empty if you're human: <input type=\"text\" name=\"_mc4wp_honeypot\" value=\"\" tabindex=\"-1\" autocomplete=\"off\" \/><\/label><input type=\"hidden\" name=\"_mc4wp_timestamp\" value=\"1775959833\" \/><input type=\"hidden\" name=\"_mc4wp_form_id\" value=\"3269\" \/><input type=\"hidden\" name=\"_mc4wp_form_element_id\" value=\"mc4wp-form-2\" \/><div class=\"mc4wp-response\"><\/div><\/form><!-- \/ Mailchimp for WordPress Plugin --><\/p>\n","protected":false},"author":1,"featured_media":0,"parent":0,"menu_order":0,"comment_status":"closed","ping_status":"closed","template":"","meta":{"_acf_changed":false,"_et_pb_use_builder":"on","_et_pb_old_content":"","_et_gb_content_width":"","footnotes":""},"class_list":["post-7027","page","type-page","status-publish","hentry"],"acf":[],"yoast_head":"<!-- This site is optimized with the Yoast SEO Premium plugin v25.2 (Yoast SEO v27.1) - https:\/\/yoast.com\/product\/yoast-seo-premium-wordpress\/ -->\n<title>Protokol - Aiser Implants<\/title>\n<meta name=\"robots\" content=\"index, follow, max-snippet:-1, max-image-preview:large, max-video-preview:-1\" \/>\n<link rel=\"canonical\" href=\"https:\/\/aiserimplants.com\/tr\/protokol\/\" \/>\n<meta property=\"og:locale\" content=\"tr_TR\" \/>\n<meta property=\"og:type\" content=\"article\" \/>\n<meta property=\"og:title\" content=\"Protokol\" \/>\n<meta property=\"og:description\" content=\"Protokol AISER Implant SystemKullan\u0131m talimatlar\u0131E-postan\u0131za eklenecek protokolleri ve protokolleri yeniden d\u00fczenlemek i\u00e7in.\" \/>\n<meta property=\"og:url\" content=\"https:\/\/aiserimplants.com\/tr\/protokol\/\" \/>\n<meta property=\"og:site_name\" content=\"Aiser Implants\" \/>\n<meta property=\"article:modified_time\" content=\"2025-04-16T15:31:37+00:00\" \/>\n<meta name=\"twitter:card\" content=\"summary_large_image\" \/>\n<meta name=\"twitter:label1\" content=\"Tahmini okuma s\u00fcresi\" \/>\n\t<meta name=\"twitter:data1\" content=\"2 dakika\" \/>\n<script type=\"application\/ld+json\" class=\"yoast-schema-graph\">{\"@context\":\"https:\/\/schema.org\",\"@graph\":[{\"@type\":\"WebPage\",\"@id\":\"https:\/\/aiserimplants.com\/tr\/protokol\/\",\"url\":\"https:\/\/aiserimplants.com\/tr\/protokol\/\",\"name\":\"Protokol - Aiser Implants\",\"isPartOf\":{\"@id\":\"https:\/\/aiserimplants.com\/tr\/#website\"},\"datePublished\":\"2025-04-16T15:31:36+00:00\",\"dateModified\":\"2025-04-16T15:31:37+00:00\",\"breadcrumb\":{\"@id\":\"https:\/\/aiserimplants.com\/tr\/protokol\/#breadcrumb\"},\"inLanguage\":\"tr\",\"potentialAction\":[{\"@type\":\"ReadAction\",\"target\":[\"https:\/\/aiserimplants.com\/tr\/protokol\/\"]}]},{\"@type\":\"BreadcrumbList\",\"@id\":\"https:\/\/aiserimplants.com\/tr\/protokol\/#breadcrumb\",\"itemListElement\":[{\"@type\":\"ListItem\",\"position\":1,\"name\":\"Home\",\"item\":\"https:\/\/aiserimplants.com\/tr\/anasayfa\/\"},{\"@type\":\"ListItem\",\"position\":2,\"name\":\"Protokol\"}]},{\"@type\":\"WebSite\",\"@id\":\"https:\/\/aiserimplants.com\/tr\/#website\",\"url\":\"https:\/\/aiserimplants.com\/tr\/\",\"name\":\"Aiser Implants\",\"description\":\"Swiss Quality at its Peak\",\"publisher\":{\"@id\":\"https:\/\/aiserimplants.com\/tr\/#organization\"},\"potentialAction\":[{\"@type\":\"SearchAction\",\"target\":{\"@type\":\"EntryPoint\",\"urlTemplate\":\"https:\/\/aiserimplants.com\/tr\/?s={search_term_string}\"},\"query-input\":{\"@type\":\"PropertyValueSpecification\",\"valueRequired\":true,\"valueName\":\"search_term_string\"}}],\"inLanguage\":\"tr\"},{\"@type\":[\"Organization\",\"Place\"],\"@id\":\"https:\/\/aiserimplants.com\/tr\/#organization\",\"name\":\"Aiser\",\"url\":\"https:\/\/aiserimplants.com\/tr\/\",\"logo\":{\"@id\":\"https:\/\/aiserimplants.com\/tr\/protokol\/#local-main-organization-logo\"},\"image\":{\"@id\":\"https:\/\/aiserimplants.com\/tr\/protokol\/#local-main-organization-logo\"},\"telephone\":[],\"openingHoursSpecification\":[{\"@type\":\"OpeningHoursSpecification\",\"dayOfWeek\":[\"Monday\",\"Tuesday\",\"Wednesday\",\"Thursday\",\"Friday\",\"Saturday\",\"Sunday\"],\"opens\":\"09:00\",\"closes\":\"17:00\"}]},{\"@type\":\"ImageObject\",\"inLanguage\":\"tr\",\"@id\":\"https:\/\/aiserimplants.com\/tr\/protokol\/#local-main-organization-logo\",\"url\":\"https:\/\/aiserimplants.com\/wp-content\/uploads\/2022\/02\/AISER_logo.jpg\",\"contentUrl\":\"https:\/\/aiserimplants.com\/wp-content\/uploads\/2022\/02\/AISER_logo.jpg\",\"width\":1806,\"height\":1082,\"caption\":\"Aiser\"}]}<\/script>\n<!-- \/ Yoast SEO Premium plugin. -->","yoast_head_json":{"title":"Protokol - Aiser Implants","robots":{"index":"index","follow":"follow","max-snippet":"max-snippet:-1","max-image-preview":"max-image-preview:large","max-video-preview":"max-video-preview:-1"},"canonical":"https:\/\/aiserimplants.com\/tr\/protokol\/","og_locale":"tr_TR","og_type":"article","og_title":"Protokol","og_description":"Protokol AISER Implant SystemKullan\u0131m talimatlar\u0131E-postan\u0131za eklenecek protokolleri ve protokolleri yeniden d\u00fczenlemek i\u00e7in.","og_url":"https:\/\/aiserimplants.com\/tr\/protokol\/","og_site_name":"Aiser Implants","article_modified_time":"2025-04-16T15:31:37+00:00","twitter_card":"summary_large_image","twitter_misc":{"Tahmini okuma s\u00fcresi":"2 dakika"},"schema":{"@context":"https:\/\/schema.org","@graph":[{"@type":"WebPage","@id":"https:\/\/aiserimplants.com\/tr\/protokol\/","url":"https:\/\/aiserimplants.com\/tr\/protokol\/","name":"Protokol - Aiser Implants","isPartOf":{"@id":"https:\/\/aiserimplants.com\/tr\/#website"},"datePublished":"2025-04-16T15:31:36+00:00","dateModified":"2025-04-16T15:31:37+00:00","breadcrumb":{"@id":"https:\/\/aiserimplants.com\/tr\/protokol\/#breadcrumb"},"inLanguage":"tr","potentialAction":[{"@type":"ReadAction","target":["https:\/\/aiserimplants.com\/tr\/protokol\/"]}]},{"@type":"BreadcrumbList","@id":"https:\/\/aiserimplants.com\/tr\/protokol\/#breadcrumb","itemListElement":[{"@type":"ListItem","position":1,"name":"Home","item":"https:\/\/aiserimplants.com\/tr\/anasayfa\/"},{"@type":"ListItem","position":2,"name":"Protokol"}]},{"@type":"WebSite","@id":"https:\/\/aiserimplants.com\/tr\/#website","url":"https:\/\/aiserimplants.com\/tr\/","name":"Aiser Implants","description":"Swiss Quality at its Peak","publisher":{"@id":"https:\/\/aiserimplants.com\/tr\/#organization"},"potentialAction":[{"@type":"SearchAction","target":{"@type":"EntryPoint","urlTemplate":"https:\/\/aiserimplants.com\/tr\/?s={search_term_string}"},"query-input":{"@type":"PropertyValueSpecification","valueRequired":true,"valueName":"search_term_string"}}],"inLanguage":"tr"},{"@type":["Organization","Place"],"@id":"https:\/\/aiserimplants.com\/tr\/#organization","name":"Aiser","url":"https:\/\/aiserimplants.com\/tr\/","logo":{"@id":"https:\/\/aiserimplants.com\/tr\/protokol\/#local-main-organization-logo"},"image":{"@id":"https:\/\/aiserimplants.com\/tr\/protokol\/#local-main-organization-logo"},"telephone":[],"openingHoursSpecification":[{"@type":"OpeningHoursSpecification","dayOfWeek":["Monday","Tuesday","Wednesday","Thursday","Friday","Saturday","Sunday"],"opens":"09:00","closes":"17:00"}]},{"@type":"ImageObject","inLanguage":"tr","@id":"https:\/\/aiserimplants.com\/tr\/protokol\/#local-main-organization-logo","url":"https:\/\/aiserimplants.com\/wp-content\/uploads\/2022\/02\/AISER_logo.jpg","contentUrl":"https:\/\/aiserimplants.com\/wp-content\/uploads\/2022\/02\/AISER_logo.jpg","width":1806,"height":1082,"caption":"Aiser"}]}},"_links":{"self":[{"href":"https:\/\/aiserimplants.com\/tr\/wp-json\/wp\/v2\/pages\/7027","targetHints":{"allow":["GET"]}}],"collection":[{"href":"https:\/\/aiserimplants.com\/tr\/wp-json\/wp\/v2\/pages"}],"about":[{"href":"https:\/\/aiserimplants.com\/tr\/wp-json\/wp\/v2\/types\/page"}],"author":[{"embeddable":true,"href":"https:\/\/aiserimplants.com\/tr\/wp-json\/wp\/v2\/users\/1"}],"replies":[{"embeddable":true,"href":"https:\/\/aiserimplants.com\/tr\/wp-json\/wp\/v2\/comments?post=7027"}],"version-history":[{"count":2,"href":"https:\/\/aiserimplants.com\/tr\/wp-json\/wp\/v2\/pages\/7027\/revisions"}],"predecessor-version":[{"id":7029,"href":"https:\/\/aiserimplants.com\/tr\/wp-json\/wp\/v2\/pages\/7027\/revisions\/7029"}],"wp:attachment":[{"href":"https:\/\/aiserimplants.com\/tr\/wp-json\/wp\/v2\/media?parent=7027"}],"curies":[{"name":"wp","href":"https:\/\/api.w.org\/{rel}","templated":true}]}}